{"id":22347,"date":"2024-03-01T16:51:26","date_gmt":"2024-03-01T15:51:26","guid":{"rendered":"https:\/\/u15jnbdpoq.preview.infomaniak.website\/produit\/40-weisse-einweg-cremetiegel-aus-kunststoff-mit-500-ml-deckeln\/"},"modified":"2026-04-30T02:14:32","modified_gmt":"2026-04-30T00:14:32","slug":"40-weisse-einweg-cremetiegel-aus-kunststoff-mit-500-ml-deckeln","status":"publish","type":"product","link":"https:\/\/www.csj-emballages.com\/de\/produit\/40-weisse-einweg-cremetiegel-aus-kunststoff-mit-500-ml-deckeln\/","title":{"rendered":"Sahnek\u00e4nnchen aus wei\u00dfem Kunststoff 500 ml mit Deckel pro 40"},"content":{"rendered":"<h2>Sahnek\u00e4nnchen<\/h2>\n<hr>\n<h3>Beschreibung von Sahnek\u00e4nnchen aus wei\u00dfem Kunststoff 500 ml mit Deckel pro 40 St\u00fcck<\/h3>\n<p><!--more--><\/p>\n<p data-start=\"264\" data-end=\"646\">Wenn man einen einfachen, aber wirklich effektiven Beh\u00e4lter sucht, erf\u00fcllt dieser <strong data-start=\"328\" data-end=\"371\">wei\u00dfe 500-ml-Sahnetopf mit Deckel<\/strong> eindeutig seinen Zweck. Sein Format ist ideal f\u00fcr <strong>Dessertcremes<\/strong>, <strong>hausgemachte So\u00dfen<\/strong> oder andere Zubereitungen. Er ist weder zu gro\u00df noch zu klein und l\u00e4sst sich problemlos an viele verschiedene Verwendungszwecke in der Gastronomie anpassen.  <\/p>\n<p data-start=\"648\" data-end=\"1009\">Zun\u00e4chst einmal erweckt sein <strong>fester Kunststoff<\/strong> Vertrauen. Der Topf liegt gut in der Hand, verformt sich nicht und sch\u00fctzt den Inhalt gut, auch beim Transport. Der <g id=\"gid_1\">Deckel<\/g> l\u00e4sst sich leicht aufsetzen und verschlie\u00dft zuverl\u00e4ssig, sodass weniger Fl\u00fcssigkeit ausl\u00e4uft und es keine b\u00f6sen \u00dcberraschungen in T\u00fcten gibt. Das Ergebnis: Sie servieren sauber und Ihre Kunden gehen beruhigt nach Hause.   <\/p>\n<p data-start=\"1011\" data-end=\"1314\">Zweitens sorgt die <strong>wei\u00dfe Farbe<\/strong> f\u00fcr ein sauberes und gepflegtes Erscheinungsbild. Sie hebt den Inhalt hervor, insbesondere bei sichtbaren Zubereitungen wie Desserts, So\u00dfen oder Cremes. Es ist auch eine gute Unterlage, wenn Sie ein Etikett oder einen Aufkleber mit Ihrem Logo oder dem Namen des Rezepts hinzuf\u00fcgen m\u00f6chten.  <\/p>\n<p data-start=\"1316\" data-end=\"1583\">Dar\u00fcber hinaus ist dieser <strong>Sahnekrug<\/strong> im Alltag sehr praktisch. Er l\u00e4sst sich leicht stapeln, was sowohl im Vorratsraum als auch in der K\u00fcche Platz spart. Und mit einem <strong data-start=\"1469\" data-end=\"1482\">40er-Set<\/strong> haben Sie einen komfortablen Vorrat, der perfekt f\u00fcr regelm\u00e4\u00dfiges Servieren ist, ohne Ihre R\u00e4ume zu \u00fcberlasten.  <\/p>\n<p data-start=\"1585\" data-end=\"1761\">Zusammenfassend l\u00e4sst sich sagen, dass dieser <strong>500-ml-Sahnekrug<\/strong> eine zuverl\u00e4ssige, saubere und vielseitige L\u00f6sung ist. Er vereinfacht das Servieren, sichert den Transport und wertet Ihre Zubereitungen auf, ohne zu \u00fcbertreiben. <\/p>\n<p data-start=\"1585\" data-end=\"1761\"><!--more--><\/p>\n<h4 data-start=\"1585\" data-end=\"1761\">Vorteile :<\/h4>\n<ul>\n<li data-start=\"1789\" data-end=\"1851\">Ideales Fassungsverm\u00f6gen von <strong>500 ml<\/strong> f\u00fcr viele Zubereitungen.<\/li>\n<li data-start=\"1854\" data-end=\"1886\">Steifer und widerstandsf\u00e4higer Kunststoff.<\/li>\n<li data-start=\"1889\" data-end=\"1940\">Gut sitzender Deckel f\u00fcr einen sicheren Transport.<\/li>\n<li data-start=\"1943\" data-end=\"1982\">Sauberes, professionelles <strong>wei\u00dfes Aussehen<\/strong> <\/li>\n<li data-start=\"1985\" data-end=\"2017\">Stapelbar und leicht zu lagern.<\/li>\n<li data-start=\"2020\" data-end=\"2046\">Praktische Packung mit <strong>40 St\u00fcck<\/strong>.<\/li>\n<\/ul>\n<p>&nbsp;<\/p>\n<p><!--more--><\/p>\n<h4>Weitere Informationen :<\/h4>\n<ul>\n<li><strong>Verpackung<\/strong>: Packung mit 40 St\u00fcck<\/li>\n<li><strong>Volumen<\/strong>: 500 ml<\/li>\n<li><strong>Farbe<\/strong>: Wei\u00df<\/li>\n<li><strong>Material<\/strong>: Polypropylen<\/li>\n<\/ul>\n<p>&nbsp;<\/p>\n<p><!--more--><\/p>\n<p>Dieser Cremetiegel ist auch in 250 ml erh\u00e4ltlich : <span style=\"color: #d12727;\"><a style=\"color: #d12727;\" href=\"https:\/\/www.csj-emballages.com\/es\/produit\/50-tarros-de-crema-de-plastico-desechables-blancos-con-tapa-de-250-ml\/\">PC250BP<\/a><\/span><\/p>\n<p>&nbsp;<\/p>\n<p><!--more--><\/p>\n<p><a href=\"https:\/\/www.csj-emballages.com\/de\/categorie-produit\/lebensmittelverpackungen\/restauration-de\/topfe-schalen-becherhalter\/cremetiegel\/\">Sehen Sie sich den Rest unseres Sortiments an Sahnek\u00e4nnchen an  <\/a><\/p>\n","protected":false},"excerpt":{"rendered":"<p>Sahnek\u00e4nnchen Beschreibung von Sahnek\u00e4nnchen aus wei\u00dfem Kunststoff 500 ml mit Deckel pro 40 St\u00fcck<\/p>\n","protected":false},"featured_media":203607,"template":"","meta":{"_acf_changed":false},"product_brand":[],"product_cat":[1134,3046],"product_tag":[],"class_list":{"0":"post-22347","1":"product","2":"type-product","3":"status-publish","4":"has-post-thumbnail","6":"product_cat-restauration-de","7":"product_cat-cremetiegel","9":"first","10":"instock","11":"taxable","12":"shipping-taxable","13":"purchasable","14":"product-type-simple"},"acf":[],"yoast_head":"<!-- This site is optimized with the Yoast SEO Premium plugin v26.6 (Yoast SEO v26.6) - https:\/\/yoast.com\/wordpress\/plugins\/seo\/ -->\n<title>Cremedose aus wei\u00dfem Kunststoff mit Deckel - 500 ml<\/title>\n<meta name=\"description\" content=\"Entdecken Sie unsere wei\u00dfen 500-ml-Sahnek\u00e4nnchen aus Kunststoff. Sie sind ideal f\u00fcr Sahne, K\u00e4se, Joghurt und vieles mehr.\" \/>\n<meta name=\"robots\" content=\"index, follow, max-snippet:-1, max-image-preview:large, max-video-preview:-1\" \/>\n<link rel=\"canonical\" href=\"https:\/\/www.csj-emballages.com\/de\/produit\/40-weisse-einweg-cremetiegel-aus-kunststoff-mit-500-ml-deckeln\/\" \/>\n<meta property=\"og:locale\" content=\"de_DE\" \/>\n<meta property=\"og:type\" content=\"article\" \/>\n<meta property=\"og:title\" content=\"Sahnek\u00e4nnchen aus wei\u00dfem Kunststoff 500 ml mit Deckel pro 40\" \/>\n<meta property=\"og:description\" content=\"Entdecken Sie unsere wei\u00dfen 500-ml-Sahnek\u00e4nnchen aus Kunststoff. Sie sind ideal f\u00fcr Sahne, K\u00e4se, Joghurt und vieles mehr.\" \/>\n<meta property=\"og:url\" content=\"https:\/\/www.csj-emballages.com\/de\/produit\/40-weisse-einweg-cremetiegel-aus-kunststoff-mit-500-ml-deckeln\/\" \/>\n<meta property=\"og:site_name\" content=\"CSJ Emballages\" \/>\n<meta property=\"article:publisher\" content=\"https:\/\/www.facebook.com\/csjemballages\" \/>\n<meta property=\"article:modified_time\" content=\"2026-04-30T00:14:32+00:00\" \/>\n<meta property=\"og:image\" content=\"https:\/\/www.csj-emballages.com\/wp-content\/uploads\/2024\/03\/POC-CREME-500.webp\" \/>\n\t<meta property=\"og:image:width\" content=\"800\" \/>\n\t<meta property=\"og:image:height\" content=\"800\" \/>\n\t<meta property=\"og:image:type\" content=\"image\/webp\" \/>\n<meta name=\"twitter:card\" content=\"summary_large_image\" \/>\n<meta name=\"twitter:label1\" content=\"Gesch\u00e4tzte Lesezeit\" \/>\n\t<meta name=\"twitter:data1\" content=\"2 Minuten\" \/>\n<script type=\"application\/ld+json\" class=\"yoast-schema-graph\">{\"@context\":\"https:\/\/schema.org\",\"@graph\":[{\"@type\":\"WebPage\",\"@id\":\"https:\/\/www.csj-emballages.com\/de\/produit\/40-weisse-einweg-cremetiegel-aus-kunststoff-mit-500-ml-deckeln\/\",\"url\":\"https:\/\/www.csj-emballages.com\/de\/produit\/40-weisse-einweg-cremetiegel-aus-kunststoff-mit-500-ml-deckeln\/\",\"name\":\"Cremedose aus wei\u00dfem Kunststoff mit Deckel - 500 ml\",\"isPartOf\":{\"@id\":\"https:\/\/www.csj-emballages.com\/de\/#website\"},\"primaryImageOfPage\":{\"@id\":\"https:\/\/www.csj-emballages.com\/de\/produit\/40-weisse-einweg-cremetiegel-aus-kunststoff-mit-500-ml-deckeln\/#primaryimage\"},\"image\":{\"@id\":\"https:\/\/www.csj-emballages.com\/de\/produit\/40-weisse-einweg-cremetiegel-aus-kunststoff-mit-500-ml-deckeln\/#primaryimage\"},\"thumbnailUrl\":\"https:\/\/www.csj-emballages.com\/wp-content\/uploads\/2024\/03\/POC-CREME-500.webp\",\"datePublished\":\"2024-03-01T15:51:26+00:00\",\"dateModified\":\"2026-04-30T00:14:32+00:00\",\"description\":\"Entdecken Sie unsere wei\u00dfen 500-ml-Sahnek\u00e4nnchen aus Kunststoff. Sie sind ideal f\u00fcr Sahne, K\u00e4se, Joghurt und vieles mehr.\",\"breadcrumb\":{\"@id\":\"https:\/\/www.csj-emballages.com\/de\/produit\/40-weisse-einweg-cremetiegel-aus-kunststoff-mit-500-ml-deckeln\/#breadcrumb\"},\"inLanguage\":\"de\",\"potentialAction\":[{\"@type\":\"ReadAction\",\"target\":[\"https:\/\/www.csj-emballages.com\/de\/produit\/40-weisse-einweg-cremetiegel-aus-kunststoff-mit-500-ml-deckeln\/\"]}]},{\"@type\":\"ImageObject\",\"inLanguage\":\"de\",\"@id\":\"https:\/\/www.csj-emballages.com\/de\/produit\/40-weisse-einweg-cremetiegel-aus-kunststoff-mit-500-ml-deckeln\/#primaryimage\",\"url\":\"https:\/\/www.csj-emballages.com\/wp-content\/uploads\/2024\/03\/POC-CREME-500.webp\",\"contentUrl\":\"https:\/\/www.csj-emballages.com\/wp-content\/uploads\/2024\/03\/POC-CREME-500.webp\",\"width\":800,\"height\":800,\"caption\":\"Pot \u00e0 cr\u00e8me\"},{\"@type\":\"BreadcrumbList\",\"@id\":\"https:\/\/www.csj-emballages.com\/de\/produit\/40-weisse-einweg-cremetiegel-aus-kunststoff-mit-500-ml-deckeln\/#breadcrumb\",\"itemListElement\":[{\"@type\":\"ListItem\",\"position\":1,\"name\":\"Accueil\",\"item\":\"https:\/\/www.csj-emballages.com\/de\/universum-lebensmittelverpackungen\/\"},{\"@type\":\"ListItem\",\"position\":2,\"name\":\"Shop\",\"item\":\"https:\/\/www.csj-emballages.com\/shop\/\"},{\"@type\":\"ListItem\",\"position\":3,\"name\":\"Sahnek\u00e4nnchen aus wei\u00dfem Kunststoff 500 ml mit Deckel pro 40\"}]},{\"@type\":\"WebSite\",\"@id\":\"https:\/\/www.csj-emballages.com\/de\/#website\",\"url\":\"https:\/\/www.csj-emballages.com\/de\/\",\"name\":\"CSJ Emballages\",\"description\":\"\",\"publisher\":{\"@id\":\"https:\/\/www.csj-emballages.com\/de\/#organization\"},\"potentialAction\":[{\"@type\":\"SearchAction\",\"target\":{\"@type\":\"EntryPoint\",\"urlTemplate\":\"https:\/\/www.csj-emballages.com\/de\/?s={search_term_string}\"},\"query-input\":{\"@type\":\"PropertyValueSpecification\",\"valueRequired\":true,\"valueName\":\"search_term_string\"}}],\"inLanguage\":\"de\"},{\"@type\":\"Organization\",\"@id\":\"https:\/\/www.csj-emballages.com\/de\/#Organization\/\",\"name\":\"CSJ Emballages\",\"url\":\"https:\/\/www.csj-emballages.com\/de\/\",\"logo\":{\"@type\":\"ImageObject\",\"inLanguage\":\"de\",\"@id\":\"https:\/\/www.csj-emballages.com\/de\/#\/schema\/logo\/image\/\",\"url\":\"https:\/\/www.csj-emballages.com\/wp-content\/uploads\/2023\/10\/logo_csj.webp\",\"contentUrl\":\"https:\/\/www.csj-emballages.com\/wp-content\/uploads\/2023\/10\/logo_csj.webp\",\"width\":250,\"height\":95,\"caption\":\"CSJ Emballages\"},\"image\":{\"@id\":\"https:\/\/www.csj-emballages.com\/de\/#\/schema\/logo\/image\/\"},\"sameAs\":[\"https:\/\/www.facebook.com\/csjemballages\"],\"address\":{\"@type\":\"PostalAddress\",\"streetAddress\":\"ZI La Lechere\",\"addressLocality\":\"Patornay\",\"postalCode\":\"39130\",\"addressCountry\":\"FR\"},\"contactPoint\":[{\"@type\":\"ContactPoint\",\"contactType\":\"Service client\",\"telephone\":\"0384254272\",\"email\":\"contact@csj-emballages.com\"}]}]}<\/script>\n<!-- \/ Yoast SEO Premium plugin. -->","yoast_head_json":{"title":"Cremedose aus wei\u00dfem Kunststoff mit Deckel - 500 ml","description":"Entdecken Sie unsere wei\u00dfen 500-ml-Sahnek\u00e4nnchen aus Kunststoff. Sie sind ideal f\u00fcr Sahne, K\u00e4se, Joghurt und vieles mehr.","robots":{"index":"index","follow":"follow","max-snippet":"max-snippet:-1","max-image-preview":"max-image-preview:large","max-video-preview":"max-video-preview:-1"},"canonical":"https:\/\/www.csj-emballages.com\/de\/produit\/40-weisse-einweg-cremetiegel-aus-kunststoff-mit-500-ml-deckeln\/","og_locale":"de_DE","og_type":"article","og_title":"Sahnek\u00e4nnchen aus wei\u00dfem Kunststoff 500 ml mit Deckel pro 40","og_description":"Entdecken Sie unsere wei\u00dfen 500-ml-Sahnek\u00e4nnchen aus Kunststoff. Sie sind ideal f\u00fcr Sahne, K\u00e4se, Joghurt und vieles mehr.","og_url":"https:\/\/www.csj-emballages.com\/de\/produit\/40-weisse-einweg-cremetiegel-aus-kunststoff-mit-500-ml-deckeln\/","og_site_name":"CSJ Emballages","article_publisher":"https:\/\/www.facebook.com\/csjemballages","article_modified_time":"2026-04-30T00:14:32+00:00","og_image":[{"width":800,"height":800,"url":"https:\/\/www.csj-emballages.com\/wp-content\/uploads\/2024\/03\/POC-CREME-500.webp","type":"image\/webp"}],"twitter_card":"summary_large_image","twitter_misc":{"Gesch\u00e4tzte Lesezeit":"2 Minuten"},"schema":{"@context":"https:\/\/schema.org","@graph":[{"@type":"WebPage","@id":"https:\/\/www.csj-emballages.com\/de\/produit\/40-weisse-einweg-cremetiegel-aus-kunststoff-mit-500-ml-deckeln\/","url":"https:\/\/www.csj-emballages.com\/de\/produit\/40-weisse-einweg-cremetiegel-aus-kunststoff-mit-500-ml-deckeln\/","name":"Cremedose aus wei\u00dfem Kunststoff mit Deckel - 500 ml","isPartOf":{"@id":"https:\/\/www.csj-emballages.com\/de\/#website"},"primaryImageOfPage":{"@id":"https:\/\/www.csj-emballages.com\/de\/produit\/40-weisse-einweg-cremetiegel-aus-kunststoff-mit-500-ml-deckeln\/#primaryimage"},"image":{"@id":"https:\/\/www.csj-emballages.com\/de\/produit\/40-weisse-einweg-cremetiegel-aus-kunststoff-mit-500-ml-deckeln\/#primaryimage"},"thumbnailUrl":"https:\/\/www.csj-emballages.com\/wp-content\/uploads\/2024\/03\/POC-CREME-500.webp","datePublished":"2024-03-01T15:51:26+00:00","dateModified":"2026-04-30T00:14:32+00:00","description":"Entdecken Sie unsere wei\u00dfen 500-ml-Sahnek\u00e4nnchen aus Kunststoff. Sie sind ideal f\u00fcr Sahne, K\u00e4se, Joghurt und vieles mehr.","breadcrumb":{"@id":"https:\/\/www.csj-emballages.com\/de\/produit\/40-weisse-einweg-cremetiegel-aus-kunststoff-mit-500-ml-deckeln\/#breadcrumb"},"inLanguage":"de","potentialAction":[{"@type":"ReadAction","target":["https:\/\/www.csj-emballages.com\/de\/produit\/40-weisse-einweg-cremetiegel-aus-kunststoff-mit-500-ml-deckeln\/"]}]},{"@type":"ImageObject","inLanguage":"de","@id":"https:\/\/www.csj-emballages.com\/de\/produit\/40-weisse-einweg-cremetiegel-aus-kunststoff-mit-500-ml-deckeln\/#primaryimage","url":"https:\/\/www.csj-emballages.com\/wp-content\/uploads\/2024\/03\/POC-CREME-500.webp","contentUrl":"https:\/\/www.csj-emballages.com\/wp-content\/uploads\/2024\/03\/POC-CREME-500.webp","width":800,"height":800,"caption":"Pot \u00e0 cr\u00e8me"},{"@type":"BreadcrumbList","@id":"https:\/\/www.csj-emballages.com\/de\/produit\/40-weisse-einweg-cremetiegel-aus-kunststoff-mit-500-ml-deckeln\/#breadcrumb","itemListElement":[{"@type":"ListItem","position":1,"name":"Accueil","item":"https:\/\/www.csj-emballages.com\/de\/universum-lebensmittelverpackungen\/"},{"@type":"ListItem","position":2,"name":"Shop","item":"https:\/\/www.csj-emballages.com\/shop\/"},{"@type":"ListItem","position":3,"name":"Sahnek\u00e4nnchen aus wei\u00dfem Kunststoff 500 ml mit Deckel pro 40"}]},{"@type":"WebSite","@id":"https:\/\/www.csj-emballages.com\/de\/#website","url":"https:\/\/www.csj-emballages.com\/de\/","name":"CSJ Emballages","description":"","publisher":{"@id":"https:\/\/www.csj-emballages.com\/de\/#organization"},"potentialAction":[{"@type":"SearchAction","target":{"@type":"EntryPoint","urlTemplate":"https:\/\/www.csj-emballages.com\/de\/?s={search_term_string}"},"query-input":{"@type":"PropertyValueSpecification","valueRequired":true,"valueName":"search_term_string"}}],"inLanguage":"de"},{"@type":"Organization","@id":"https:\/\/www.csj-emballages.com\/de\/#Organization\/","name":"CSJ Emballages","url":"https:\/\/www.csj-emballages.com\/de\/","logo":{"@type":"ImageObject","inLanguage":"de","@id":"https:\/\/www.csj-emballages.com\/de\/#\/schema\/logo\/image\/","url":"https:\/\/www.csj-emballages.com\/wp-content\/uploads\/2023\/10\/logo_csj.webp","contentUrl":"https:\/\/www.csj-emballages.com\/wp-content\/uploads\/2023\/10\/logo_csj.webp","width":250,"height":95,"caption":"CSJ Emballages"},"image":{"@id":"https:\/\/www.csj-emballages.com\/de\/#\/schema\/logo\/image\/"},"sameAs":["https:\/\/www.facebook.com\/csjemballages"],"address":{"@type":"PostalAddress","streetAddress":"ZI La Lechere","addressLocality":"Patornay","postalCode":"39130","addressCountry":"FR"},"contactPoint":[{"@type":"ContactPoint","contactType":"Service client","telephone":"0384254272","email":"contact@csj-emballages.com"}]}]}},"df_price":15.32,"df_sale_price":"","df_regular_price":15.32,"df_image_link":"https:\/\/www.csj-emballages.com\/wp-content\/uploads\/2024\/03\/POC-CREME-500-300x300.webp","tiered_pricing_type":"fixed","tiered_pricing_fixed_rules":[],"tiered_pricing_percentage_rules":[],"tiered_pricing_minimum":1,"tiered_pricing_roles_data":[],"_links":{"self":[{"href":"https:\/\/www.csj-emballages.com\/de\/wp-json\/wp\/v2\/product\/22347","targetHints":{"allow":["GET"]}}],"collection":[{"href":"https:\/\/www.csj-emballages.com\/de\/wp-json\/wp\/v2\/product"}],"about":[{"href":"https:\/\/www.csj-emballages.com\/de\/wp-json\/wp\/v2\/types\/product"}],"wp:featuredmedia":[{"embeddable":true,"href":"https:\/\/www.csj-emballages.com\/de\/wp-json\/wp\/v2\/media\/203607"}],"wp:attachment":[{"href":"https:\/\/www.csj-emballages.com\/de\/wp-json\/wp\/v2\/media?parent=22347"}],"wp:term":[{"taxonomy":"product_brand","embeddable":true,"href":"https:\/\/www.csj-emballages.com\/de\/wp-json\/wp\/v2\/product_brand?post=22347"},{"taxonomy":"product_cat","embeddable":true,"href":"https:\/\/www.csj-emballages.com\/de\/wp-json\/wp\/v2\/product_cat?post=22347"},{"taxonomy":"product_tag","embeddable":true,"href":"https:\/\/www.csj-emballages.com\/de\/wp-json\/wp\/v2\/product_tag?post=22347"}],"curies":[{"name":"wp","href":"https:\/\/api.w.org\/{rel}","templated":true}]}}