{"id":22333,"date":"2024-03-01T16:51:29","date_gmt":"2024-03-01T15:51:29","guid":{"rendered":"https:\/\/u15jnbdpoq.preview.infomaniak.website\/produit\/interkraft-stopfpapier-1m-x-400ml\/"},"modified":"2026-04-17T10:22:29","modified_gmt":"2026-04-17T08:22:29","slug":"interkraft-stopfpapier-1m-x-400ml","status":"publish","type":"product","link":"https:\/\/www.csj-emballages.com\/de\/produit\/interkraft-stopfpapier-1m-x-400ml\/","title":{"rendered":"Interkraft Stopfpapier 1m x 400ml"},"content":{"rendered":"<h2>F\u00fcllpapier<\/h2>\n<hr>\n<h3>Entdecken Sie unser Interkraft F\u00fcllpapier 1m x 400ml<\/h3>\n<p><!--more--><\/p>\n<p data-start=\"190\" data-end=\"531\">Wenn es darum geht, ein Paket unkompliziert zu sch\u00fctzen, ist das <strong data-start=\"257\" data-end=\"290\">Interkraft F\u00fcllpapier<\/strong> eine sichere Wahl. Entwickelt, um Produkte w\u00e4hrend des Transports zu <strong>polstern, auszuf\u00fcllen und zu sichern<\/strong>, begrenzt es effektiv St\u00f6\u00dfe und Bewegungen im Inneren der Kartons. Das Ergebnis: Ihre Sendungen erreichen ihr Ziel in deutlich besserem Zustand.  <\/p>\n<p data-start=\"533\" data-end=\"853\">Mit seinem <strong data-start=\"542\" data-end=\"569\">breiten Format von 1 Meter<\/strong> und seiner <strong data-start=\"576\" data-end=\"612\">L\u00e4nge von 400 laufenden Metern<\/strong> erm\u00f6glicht dieses <strong>Papier<\/strong> die Abwicklung gro\u00dfer Versandmengen, ohne mehrere Rollen verwenden zu m\u00fcssen. Es l\u00e4sst sich leicht von Hand rei\u00dfen, was die Paketvorbereitung beschleunigt und wertvolle Zeit spart, besonders wenn die Bestellungen Schlag auf Schlag kommen. <\/p>\n<p data-start=\"855\" data-end=\"1178\">Das <strong data-start=\"866\" data-end=\"880\"><span dir=\"auto\">Interkraft<\/span><\/strong>-Papier, das sowohl widerstandsf\u00e4hig als auch flexibel ist, passt sich der Form der Produkte an und sorgt f\u00fcr eine effektive Polsterung. Es eignet sich sowohl f\u00fcr zerbrechliche Gegenst\u00e4nde als auch f\u00fcr robustere Artikel und bietet einen einfachen, aber zuverl\u00e4ssigen Schutz. Zudem verleiht sein nat\u00fcrliches Aussehen Ihren Verpackungen ein gepflegtes und professionelles Bild.  <\/p>\n<p data-start=\"1180\" data-end=\"1421\">Dieses <strong>F\u00fcllpapier<\/strong> ist perfekt geeignet f\u00fcr <strong data-start=\"1230\" data-end=\"1308\">E-Commerce-H\u00e4ndler, Logistiklager, Handwerker und Versandunternehmen<\/strong>, die eine praktische L\u00f6sung zur Sicherung ihrer Pakete suchen und dabei ihre Organisation einfach halten m\u00f6chten.<\/p>\n<p data-start=\"1423\" data-end=\"1581\">Zusammenfassend ist das <strong>Interkraft F\u00fcllpapier<\/strong> ein unverzichtbares Hilfsmittel, um saubere, gut gepolsterte und effiziente Sendungen vorzubereiten, ohne Zeit- oder Materialverlust.<\/p>\n<p data-start=\"1423\" data-end=\"1581\">\n<p data-start=\"1423\" data-end=\"1581\"><!--more--><\/p>\n<h4 data-start=\"1423\" data-end=\"1581\">Vorteile :<\/h4>\n<ul>\n<li data-start=\"1609\" data-end=\"1659\">Ideal zum Polstern und Sch\u00fctzen von Paketen.<\/li>\n<li data-start=\"1662\" data-end=\"1685\">Breites Format <strong>1 Meter<\/strong>.<\/li>\n<li data-start=\"1688\" data-end=\"1730\">Gro\u00dfe L\u00e4nge von <strong>400 laufenden Metern<\/strong>.<\/li>\n<li data-start=\"1733\" data-end=\"1762\">Leicht von Hand rei\u00dfbar.<\/li>\n<li data-start=\"1765\" data-end=\"1787\">Widerstandsf\u00e4hig und flexibel.<\/li>\n<li data-start=\"1790\" data-end=\"1825\">F\u00fcr den professionellen Einsatz geeignet.<\/li>\n<\/ul>\n<p>&nbsp;<\/p>\n<p><!--more--><\/p>\n<h4>Weitere Informationen :<\/h4>\n<ul>\n<li><strong>Verpackung<\/strong>: 10-kg-Ries<\/li>\n<li><strong>Abmessungen<\/strong> : 1m x 400ml<\/li>\n<li><strong>Farbe<\/strong>: Braun<\/li>\n<li><strong>Material<\/strong>: Papier<\/li>\n<\/ul>\n<p>&nbsp;<\/p>\n<p><!--more--><\/p>\n<p>Hier finden Sie unser wei\u00dfes Zeitungspapier im 10kg-Ries: <span style=\"color: #d12727;\"><a style=\"color: #d12727;\" href=\"https:\/\/www.csj-emballages.com\/de\/produit\/zeitungspapier-weiss-40-x-60-cm-in-10-kg\/\">PAPJOUR<\/a><\/span><\/p>\n<p>&nbsp;<\/p>\n<p><!--more--><\/p>\n<p><a href=\"https:\/\/www.csj-emballages.com\/de\/categorie-produit\/industrielle-verpackungen\/papierstau\/\">Entdecken Sie unser weiteres Sortiment an Papierpolstern<\/a><\/p>\n","protected":false},"excerpt":{"rendered":"<p>F\u00fcllpapier Entdecken Sie unser Interkraft F\u00fcllpapier 1m x 400ml<\/p>\n","protected":false},"featured_media":263367,"template":"","meta":{"_acf_changed":false},"product_brand":[],"product_cat":[1137,2677,3038],"product_tag":[],"class_list":{"0":"post-22333","1":"product","2":"type-product","3":"status-publish","4":"has-post-thumbnail","6":"product_cat-lebensmittelverpackungen","7":"product_cat-kartons","8":"product_cat-papierstau","10":"first","11":"instock","12":"taxable","13":"shipping-taxable","14":"purchasable","15":"product-type-simple"},"acf":[],"yoast_head":"<!-- This site is optimized with the Yoast SEO Premium plugin v26.6 (Yoast SEO v26.6) - https:\/\/yoast.com\/wordpress\/plugins\/seo\/ -->\n<title>Interkraft Stopfpapier 1m x 400ml \/ csj-verpackungen<\/title>\n<meta name=\"description\" content=\"Kaufen Sie Stopfpapier, um Ihre Produkte zu sch\u00fctzen!!! Abmessung: 1 Meter x 400 ml !!! Entscheiden Sie sich f\u00fcr ein Qualit\u00e4tsprodukt zum Discountpreis.\" \/>\n<meta name=\"robots\" content=\"index, follow, max-snippet:-1, max-image-preview:large, max-video-preview:-1\" \/>\n<link rel=\"canonical\" href=\"https:\/\/www.csj-emballages.com\/de\/produit\/interkraft-stopfpapier-1m-x-400ml\/\" \/>\n<meta property=\"og:locale\" content=\"de_DE\" \/>\n<meta property=\"og:type\" content=\"article\" \/>\n<meta property=\"og:title\" content=\"Interkraft Stopfpapier 1m x 400ml\" \/>\n<meta property=\"og:description\" content=\"Kaufen Sie Stopfpapier, um Ihre Produkte zu sch\u00fctzen!!! Abmessung: 1 Meter x 400 ml !!! Entscheiden Sie sich f\u00fcr ein Qualit\u00e4tsprodukt zum Discountpreis.\" \/>\n<meta property=\"og:url\" content=\"https:\/\/www.csj-emballages.com\/de\/produit\/interkraft-stopfpapier-1m-x-400ml\/\" \/>\n<meta property=\"og:site_name\" content=\"CSJ Emballages\" \/>\n<meta property=\"article:publisher\" content=\"https:\/\/www.facebook.com\/csjemballages\" \/>\n<meta property=\"article:modified_time\" content=\"2026-04-17T08:22:29+00:00\" \/>\n<meta property=\"og:image\" content=\"https:\/\/www.csj-emballages.com\/wp-content\/uploads\/2024\/03\/Papier-de-bourrage-interkraft.webp\" \/>\n\t<meta property=\"og:image:width\" content=\"800\" \/>\n\t<meta property=\"og:image:height\" content=\"800\" \/>\n\t<meta property=\"og:image:type\" content=\"image\/webp\" \/>\n<meta name=\"twitter:card\" content=\"summary_large_image\" \/>\n<meta name=\"twitter:label1\" content=\"Gesch\u00e4tzte Lesezeit\" \/>\n\t<meta name=\"twitter:data1\" content=\"1\u00a0Minute\" \/>\n<script type=\"application\/ld+json\" class=\"yoast-schema-graph\">{\"@context\":\"https:\/\/schema.org\",\"@graph\":[{\"@type\":\"WebPage\",\"@id\":\"https:\/\/www.csj-emballages.com\/de\/produit\/interkraft-stopfpapier-1m-x-400ml\/\",\"url\":\"https:\/\/www.csj-emballages.com\/de\/produit\/interkraft-stopfpapier-1m-x-400ml\/\",\"name\":\"Interkraft Stopfpapier 1m x 400ml \/ csj-verpackungen\",\"isPartOf\":{\"@id\":\"https:\/\/www.csj-emballages.com\/de\/#website\"},\"primaryImageOfPage\":{\"@id\":\"https:\/\/www.csj-emballages.com\/de\/produit\/interkraft-stopfpapier-1m-x-400ml\/#primaryimage\"},\"image\":{\"@id\":\"https:\/\/www.csj-emballages.com\/de\/produit\/interkraft-stopfpapier-1m-x-400ml\/#primaryimage\"},\"thumbnailUrl\":\"https:\/\/www.csj-emballages.com\/wp-content\/uploads\/2024\/03\/Papier-de-bourrage-interkraft.webp\",\"datePublished\":\"2024-03-01T15:51:29+00:00\",\"dateModified\":\"2026-04-17T08:22:29+00:00\",\"description\":\"Kaufen Sie Stopfpapier, um Ihre Produkte zu sch\u00fctzen!!! Abmessung: 1 Meter x 400 ml !!! Entscheiden Sie sich f\u00fcr ein Qualit\u00e4tsprodukt zum Discountpreis.\",\"breadcrumb\":{\"@id\":\"https:\/\/www.csj-emballages.com\/de\/produit\/interkraft-stopfpapier-1m-x-400ml\/#breadcrumb\"},\"inLanguage\":\"de\",\"potentialAction\":[{\"@type\":\"ReadAction\",\"target\":[\"https:\/\/www.csj-emballages.com\/de\/produit\/interkraft-stopfpapier-1m-x-400ml\/\"]}]},{\"@type\":\"ImageObject\",\"inLanguage\":\"de\",\"@id\":\"https:\/\/www.csj-emballages.com\/de\/produit\/interkraft-stopfpapier-1m-x-400ml\/#primaryimage\",\"url\":\"https:\/\/www.csj-emballages.com\/wp-content\/uploads\/2024\/03\/Papier-de-bourrage-interkraft.webp\",\"contentUrl\":\"https:\/\/www.csj-emballages.com\/wp-content\/uploads\/2024\/03\/Papier-de-bourrage-interkraft.webp\",\"width\":800,\"height\":800,\"caption\":\"Papier de bourrage interkraft\"},{\"@type\":\"BreadcrumbList\",\"@id\":\"https:\/\/www.csj-emballages.com\/de\/produit\/interkraft-stopfpapier-1m-x-400ml\/#breadcrumb\",\"itemListElement\":[{\"@type\":\"ListItem\",\"position\":1,\"name\":\"Accueil\",\"item\":\"https:\/\/www.csj-emballages.com\/de\/universum-lebensmittelverpackungen\/\"},{\"@type\":\"ListItem\",\"position\":2,\"name\":\"Shop\",\"item\":\"https:\/\/www.csj-emballages.com\/shop\/\"},{\"@type\":\"ListItem\",\"position\":3,\"name\":\"Interkraft Stopfpapier 1m x 400ml\"}]},{\"@type\":\"WebSite\",\"@id\":\"https:\/\/www.csj-emballages.com\/de\/#website\",\"url\":\"https:\/\/www.csj-emballages.com\/de\/\",\"name\":\"CSJ Emballages\",\"description\":\"\",\"publisher\":{\"@id\":\"https:\/\/www.csj-emballages.com\/de\/#organization\"},\"potentialAction\":[{\"@type\":\"SearchAction\",\"target\":{\"@type\":\"EntryPoint\",\"urlTemplate\":\"https:\/\/www.csj-emballages.com\/de\/?s={search_term_string}\"},\"query-input\":{\"@type\":\"PropertyValueSpecification\",\"valueRequired\":true,\"valueName\":\"search_term_string\"}}],\"inLanguage\":\"de\"},{\"@type\":\"Organization\",\"@id\":\"https:\/\/www.csj-emballages.com\/de\/#Organization\/\",\"name\":\"CSJ Emballages\",\"url\":\"https:\/\/www.csj-emballages.com\/de\/\",\"logo\":{\"@type\":\"ImageObject\",\"inLanguage\":\"de\",\"@id\":\"https:\/\/www.csj-emballages.com\/de\/#\/schema\/logo\/image\/\",\"url\":\"https:\/\/www.csj-emballages.com\/wp-content\/uploads\/2023\/10\/logo_csj.webp\",\"contentUrl\":\"https:\/\/www.csj-emballages.com\/wp-content\/uploads\/2023\/10\/logo_csj.webp\",\"width\":250,\"height\":95,\"caption\":\"CSJ Emballages\"},\"image\":{\"@id\":\"https:\/\/www.csj-emballages.com\/de\/#\/schema\/logo\/image\/\"},\"sameAs\":[\"https:\/\/www.facebook.com\/csjemballages\"],\"address\":{\"@type\":\"PostalAddress\",\"streetAddress\":\"ZI La Lechere\",\"addressLocality\":\"Patornay\",\"postalCode\":\"39130\",\"addressCountry\":\"FR\"},\"contactPoint\":[{\"@type\":\"ContactPoint\",\"contactType\":\"Service client\",\"telephone\":\"0384254272\",\"email\":\"contact@csj-emballages.com\"}]}]}<\/script>\n<!-- \/ Yoast SEO Premium plugin. -->","yoast_head_json":{"title":"Interkraft Stopfpapier 1m x 400ml \/ csj-verpackungen","description":"Kaufen Sie Stopfpapier, um Ihre Produkte zu sch\u00fctzen!!! Abmessung: 1 Meter x 400 ml !!! Entscheiden Sie sich f\u00fcr ein Qualit\u00e4tsprodukt zum Discountpreis.","robots":{"index":"index","follow":"follow","max-snippet":"max-snippet:-1","max-image-preview":"max-image-preview:large","max-video-preview":"max-video-preview:-1"},"canonical":"https:\/\/www.csj-emballages.com\/de\/produit\/interkraft-stopfpapier-1m-x-400ml\/","og_locale":"de_DE","og_type":"article","og_title":"Interkraft Stopfpapier 1m x 400ml","og_description":"Kaufen Sie Stopfpapier, um Ihre Produkte zu sch\u00fctzen!!! Abmessung: 1 Meter x 400 ml !!! Entscheiden Sie sich f\u00fcr ein Qualit\u00e4tsprodukt zum Discountpreis.","og_url":"https:\/\/www.csj-emballages.com\/de\/produit\/interkraft-stopfpapier-1m-x-400ml\/","og_site_name":"CSJ Emballages","article_publisher":"https:\/\/www.facebook.com\/csjemballages","article_modified_time":"2026-04-17T08:22:29+00:00","og_image":[{"width":800,"height":800,"url":"https:\/\/www.csj-emballages.com\/wp-content\/uploads\/2024\/03\/Papier-de-bourrage-interkraft.webp","type":"image\/webp"}],"twitter_card":"summary_large_image","twitter_misc":{"Gesch\u00e4tzte Lesezeit":"1\u00a0Minute"},"schema":{"@context":"https:\/\/schema.org","@graph":[{"@type":"WebPage","@id":"https:\/\/www.csj-emballages.com\/de\/produit\/interkraft-stopfpapier-1m-x-400ml\/","url":"https:\/\/www.csj-emballages.com\/de\/produit\/interkraft-stopfpapier-1m-x-400ml\/","name":"Interkraft Stopfpapier 1m x 400ml \/ csj-verpackungen","isPartOf":{"@id":"https:\/\/www.csj-emballages.com\/de\/#website"},"primaryImageOfPage":{"@id":"https:\/\/www.csj-emballages.com\/de\/produit\/interkraft-stopfpapier-1m-x-400ml\/#primaryimage"},"image":{"@id":"https:\/\/www.csj-emballages.com\/de\/produit\/interkraft-stopfpapier-1m-x-400ml\/#primaryimage"},"thumbnailUrl":"https:\/\/www.csj-emballages.com\/wp-content\/uploads\/2024\/03\/Papier-de-bourrage-interkraft.webp","datePublished":"2024-03-01T15:51:29+00:00","dateModified":"2026-04-17T08:22:29+00:00","description":"Kaufen Sie Stopfpapier, um Ihre Produkte zu sch\u00fctzen!!! Abmessung: 1 Meter x 400 ml !!! Entscheiden Sie sich f\u00fcr ein Qualit\u00e4tsprodukt zum Discountpreis.","breadcrumb":{"@id":"https:\/\/www.csj-emballages.com\/de\/produit\/interkraft-stopfpapier-1m-x-400ml\/#breadcrumb"},"inLanguage":"de","potentialAction":[{"@type":"ReadAction","target":["https:\/\/www.csj-emballages.com\/de\/produit\/interkraft-stopfpapier-1m-x-400ml\/"]}]},{"@type":"ImageObject","inLanguage":"de","@id":"https:\/\/www.csj-emballages.com\/de\/produit\/interkraft-stopfpapier-1m-x-400ml\/#primaryimage","url":"https:\/\/www.csj-emballages.com\/wp-content\/uploads\/2024\/03\/Papier-de-bourrage-interkraft.webp","contentUrl":"https:\/\/www.csj-emballages.com\/wp-content\/uploads\/2024\/03\/Papier-de-bourrage-interkraft.webp","width":800,"height":800,"caption":"Papier de bourrage interkraft"},{"@type":"BreadcrumbList","@id":"https:\/\/www.csj-emballages.com\/de\/produit\/interkraft-stopfpapier-1m-x-400ml\/#breadcrumb","itemListElement":[{"@type":"ListItem","position":1,"name":"Accueil","item":"https:\/\/www.csj-emballages.com\/de\/universum-lebensmittelverpackungen\/"},{"@type":"ListItem","position":2,"name":"Shop","item":"https:\/\/www.csj-emballages.com\/shop\/"},{"@type":"ListItem","position":3,"name":"Interkraft Stopfpapier 1m x 400ml"}]},{"@type":"WebSite","@id":"https:\/\/www.csj-emballages.com\/de\/#website","url":"https:\/\/www.csj-emballages.com\/de\/","name":"CSJ Emballages","description":"","publisher":{"@id":"https:\/\/www.csj-emballages.com\/de\/#organization"},"potentialAction":[{"@type":"SearchAction","target":{"@type":"EntryPoint","urlTemplate":"https:\/\/www.csj-emballages.com\/de\/?s={search_term_string}"},"query-input":{"@type":"PropertyValueSpecification","valueRequired":true,"valueName":"search_term_string"}}],"inLanguage":"de"},{"@type":"Organization","@id":"https:\/\/www.csj-emballages.com\/de\/#Organization\/","name":"CSJ Emballages","url":"https:\/\/www.csj-emballages.com\/de\/","logo":{"@type":"ImageObject","inLanguage":"de","@id":"https:\/\/www.csj-emballages.com\/de\/#\/schema\/logo\/image\/","url":"https:\/\/www.csj-emballages.com\/wp-content\/uploads\/2023\/10\/logo_csj.webp","contentUrl":"https:\/\/www.csj-emballages.com\/wp-content\/uploads\/2023\/10\/logo_csj.webp","width":250,"height":95,"caption":"CSJ Emballages"},"image":{"@id":"https:\/\/www.csj-emballages.com\/de\/#\/schema\/logo\/image\/"},"sameAs":["https:\/\/www.facebook.com\/csjemballages"],"address":{"@type":"PostalAddress","streetAddress":"ZI La Lechere","addressLocality":"Patornay","postalCode":"39130","addressCountry":"FR"},"contactPoint":[{"@type":"ContactPoint","contactType":"Service client","telephone":"0384254272","email":"contact@csj-emballages.com"}]}]}},"df_price":97.42,"df_sale_price":"","df_regular_price":97.42,"df_image_link":"https:\/\/www.csj-emballages.com\/wp-content\/uploads\/2024\/03\/Papier-de-bourrage-interkraft-300x300.webp","tiered_pricing_type":"fixed","tiered_pricing_fixed_rules":[],"tiered_pricing_percentage_rules":[],"tiered_pricing_minimum":1,"tiered_pricing_roles_data":[],"_links":{"self":[{"href":"https:\/\/www.csj-emballages.com\/de\/wp-json\/wp\/v2\/product\/22333","targetHints":{"allow":["GET"]}}],"collection":[{"href":"https:\/\/www.csj-emballages.com\/de\/wp-json\/wp\/v2\/product"}],"about":[{"href":"https:\/\/www.csj-emballages.com\/de\/wp-json\/wp\/v2\/types\/product"}],"wp:featuredmedia":[{"embeddable":true,"href":"https:\/\/www.csj-emballages.com\/de\/wp-json\/wp\/v2\/media\/263367"}],"wp:attachment":[{"href":"https:\/\/www.csj-emballages.com\/de\/wp-json\/wp\/v2\/media?parent=22333"}],"wp:term":[{"taxonomy":"product_brand","embeddable":true,"href":"https:\/\/www.csj-emballages.com\/de\/wp-json\/wp\/v2\/product_brand?post=22333"},{"taxonomy":"product_cat","embeddable":true,"href":"https:\/\/www.csj-emballages.com\/de\/wp-json\/wp\/v2\/product_cat?post=22333"},{"taxonomy":"product_tag","embeddable":true,"href":"https:\/\/www.csj-emballages.com\/de\/wp-json\/wp\/v2\/product_tag?post=22333"}],"curies":[{"name":"wp","href":"https:\/\/api.w.org\/{rel}","templated":true}]}}