{"id":22297,"date":"2024-03-01T16:51:31","date_gmt":"2024-03-01T15:51:31","guid":{"rendered":"https:\/\/u15jnbdpoq.preview.infomaniak.website\/produit\/100-farbige-palmenspiesse-15-cm\/"},"modified":"2026-04-21T02:14:59","modified_gmt":"2026-04-21T00:14:59","slug":"100-farbige-palmenspiesse-15-cm","status":"publish","type":"product","link":"https:\/\/www.csj-emballages.com\/de\/produit\/100-farbige-palmenspiesse-15-cm\/","title":{"rendered":"Farbiger Palmenpicker 15 cm, 100 St\u00fcck"},"content":{"rendered":"<h2 class=\"p1\">Palmenspie\u00dfe<\/h2>\n<hr>\n<h3>Beschreibung von Palmenspie\u00df farbig 15 cm pro 100 St\u00fcck<\/h3>\n<p><!--more--><\/p>\n<p data-start=\"257\" data-end=\"548\">Der <strong>farbige Palmenpicker 15 cm<\/strong> ist das ideale Accessoire, um Ihren kulinarischen Pr\u00e4sentationen eine festliche und exotische Note zu verleihen. Perfekt f\u00fcr Cocktails, Buffets, Aperitifs oder Themenveranstaltungen, erm\u00f6glicht er originelles Dekorieren und Servieren, w\u00e4hrend er praktisch und funktional bleibt. <\/p>\n<p data-start=\"550\" data-end=\"913\">Hergestellt aus <strong>Holz<\/strong>, ist dieser <strong>Cocktailpicker<\/strong> sowohl leicht als auch widerstandsf\u00e4hig und sorgt f\u00fcr guten Halt in Speisen. Seine <strong>L\u00e4nge von 15 cm<\/strong> macht ihn perfekt geeignet f\u00fcr Aperitif-Spie\u00dfe, Fr\u00fcchte, H\u00e4ppchen, Mini-Desserts oder Cocktails. Das Dekor in <strong>Palmenform<\/strong>, in leuchtenden Farben gehalten, bringt eine fr\u00f6hliche und gesellige Note, die sofort ins Auge f\u00e4llt.  <\/p>\n<p data-start=\"915\" data-end=\"1246\">Sehr beliebt in Bars, Restaurants, bei Caterern und auf festlichen Partys, erm\u00f6glicht der <strong>Palmenpicker<\/strong> ein einfaches Identifizieren von Gl\u00e4sern oder H\u00e4ppchen und versch\u00f6nert gleichzeitig die Pr\u00e4sentation. Er ist ideal, um eine sommerliche, tropische oder spielerische Atmosph\u00e4re zu schaffen, sei es f\u00fcr eine professionelle Veranstaltung oder einen privaten Empfang. <\/p>\n<p data-start=\"1248\" data-end=\"1525\">Verpackt im <strong>100er-Pack<\/strong>, eignet sich der <strong>farbige Palmenpicker 15 cm<\/strong> perfekt f\u00fcr den einmaligen oder regelm\u00e4\u00dfigen Gebrauch. Praktisch, dekorativ und einfach zu verwenden, ist er ein kleines Detail, das bei der Gestaltung Ihrer Tische und Buffets den Unterschied macht. <\/p>\n<p>&nbsp;<\/p>\n<p><!--more--><\/p>\n<h4>Vorteile :<\/h4>\n<ul>\n<li data-start=\"1563\" data-end=\"1611\"><strong>Palmen-Dekor<\/strong> farbig f\u00fcr festliche Stimmung.<\/li>\n<li data-start=\"1614\" data-end=\"1669\"><strong>L\u00e4nge 15 cm<\/strong> ideal f\u00fcr Cocktails und H\u00e4ppchen.<\/li>\n<li data-start=\"1672\" data-end=\"1697\">Leichtes und widerstandsf\u00e4higes Holz.<\/li>\n<li data-start=\"1700\" data-end=\"1729\">Lebensmittelecht.<\/li>\n<li data-start=\"1732\" data-end=\"1779\">Perfekt f\u00fcr Buffets, Aperitifs und Events.<\/li>\n<li data-start=\"1782\" data-end=\"1824\">Verleiht eine exotische und originelle Note.<\/li>\n<li data-start=\"1863\" data-end=\"1904\">Praktische Verpackung mit <strong>100 Pickern<\/strong>.<\/li>\n<\/ul>\n<p>&nbsp;<\/p>\n<p><!--more--><\/p>\n<h4><span style=\"font-weight: bold;\"> Weitere Informationen:<\/span><\/h4>\n<ul>\n<li><strong>Verpackung<\/strong>: Packung mit 100 St\u00fcck<\/li>\n<li><strong>L\u00e4nge<\/strong>: 15 cm<\/li>\n<li><strong>Material<\/strong>: Holz \/ Kunststoff<\/li>\n<li><strong>Farbe<\/strong>: Pink \/ Rot \/ Gelb \/ Silber \/ Blau \/ Gr\u00fcn<\/li>\n<\/ul>\n<p>&nbsp;<\/p>\n<p><!--more--><\/p>\n<p>Dieses Produkt k\u00f6nnte Sie auch interessieren: <span style=\"color: #d12727;\"><a style=\"color: #d12727;\" href=\"https:\/\/www.csj-emballages.com\/pt-pt\/produit\/144-palitos-de-guarda-chuva-coloridos-9-cm\/\">Bunte Sonnenschirme<\/a><\/span><\/p>\n<p>&nbsp;<\/p>\n<p><!--more--><\/p>\n<p><a href=\"https:\/\/www.csj-emballages.com\/de\/categorie-produit\/lebensmittelverpackungen\/metzgerei-und-feinkostgeschaft\/nahrungsmittelspiese\/zierspiese\/\">Sehen Sie sich den Rest unseres Sortiments an Zierspie\u00dfen an  <\/a><\/p>\n","protected":false},"excerpt":{"rendered":"<p>Palmenspie\u00dfe Beschreibung von Palmenspie\u00df farbig 15 cm pro 100 St\u00fcck<\/p>\n","protected":false},"featured_media":225228,"template":"","meta":{"_acf_changed":false},"product_brand":[],"product_cat":[1137,1170,1279,3963,2915,1822,1830,1171,1794,2916,1487,1813,2917],"product_tag":[],"class_list":{"0":"post-22297","1":"product","2":"type-product","3":"status-publish","4":"has-post-thumbnail","6":"product_cat-lebensmittelverpackungen","7":"product_cat-metzgerei-und-feinkostgeschaft","8":"product_cat-schalen-topfe-glaser","9":"product_cat-nahrungsmittelspiese","10":"product_cat-zierspiese","11":"product_cat-aperitifpicknicks","12":"product_cat-aperitifspiese-aus-holz","13":"product_cat-backerei-und-konditorei","14":"product_cat-dekoratives-zubehor","15":"product_cat-zierspiese-de","16":"product_cat-boutique-und-geschaft","17":"product_cat-dekoratives-zubehor-de","18":"product_cat-zierspiese-de-2","20":"first","21":"instock","22":"taxable","23":"shipping-taxable","24":"purchasable","25":"product-type-simple"},"acf":[],"yoast_head":"<!-- This site is optimized with the Yoast SEO Premium plugin v26.6 (Yoast SEO v26.6) - https:\/\/yoast.com\/wordpress\/plugins\/seo\/ -->\n<title>Palmenspie\u00dfe Farbig 15 cm pro 100<\/title>\n<meta name=\"description\" content=\"Verleihen Sie Ihren Aperitifs Farbe mit diesen farbigen Palmenpickern 15 cm (100er-Pack). Ideal f\u00fcr Cocktails, H\u00e4ppchen und festliche Buffets\" \/>\n<meta name=\"robots\" content=\"index, follow, max-snippet:-1, max-image-preview:large, max-video-preview:-1\" \/>\n<link rel=\"canonical\" href=\"https:\/\/www.csj-emballages.com\/de\/produit\/100-farbige-palmenspiesse-15-cm\/\" \/>\n<meta property=\"og:locale\" content=\"de_DE\" \/>\n<meta property=\"og:type\" content=\"article\" \/>\n<meta property=\"og:title\" content=\"Farbiger Palmenpicker 15 cm, 100 St\u00fcck\" \/>\n<meta property=\"og:description\" content=\"Verleihen Sie Ihren Aperitifs Farbe mit diesen farbigen Palmenpickern 15 cm (100er-Pack). Ideal f\u00fcr Cocktails, H\u00e4ppchen und festliche Buffets\" \/>\n<meta property=\"og:url\" content=\"https:\/\/www.csj-emballages.com\/de\/produit\/100-farbige-palmenspiesse-15-cm\/\" \/>\n<meta property=\"og:site_name\" content=\"CSJ Emballages\" \/>\n<meta property=\"article:publisher\" content=\"https:\/\/www.facebook.com\/csjemballages\" \/>\n<meta property=\"article:modified_time\" content=\"2026-04-21T00:14:59+00:00\" \/>\n<meta property=\"og:image\" content=\"https:\/\/www.csj-emballages.com\/wp-content\/uploads\/2024\/03\/Palmier.webp\" \/>\n\t<meta property=\"og:image:width\" content=\"800\" \/>\n\t<meta property=\"og:image:height\" content=\"800\" \/>\n\t<meta property=\"og:image:type\" content=\"image\/webp\" \/>\n<meta name=\"twitter:card\" content=\"summary_large_image\" \/>\n<meta name=\"twitter:label1\" content=\"Gesch\u00e4tzte Lesezeit\" \/>\n\t<meta name=\"twitter:data1\" content=\"1\u00a0Minute\" \/>\n<script type=\"application\/ld+json\" class=\"yoast-schema-graph\">{\"@context\":\"https:\/\/schema.org\",\"@graph\":[{\"@type\":\"WebPage\",\"@id\":\"https:\/\/www.csj-emballages.com\/de\/produit\/100-farbige-palmenspiesse-15-cm\/\",\"url\":\"https:\/\/www.csj-emballages.com\/de\/produit\/100-farbige-palmenspiesse-15-cm\/\",\"name\":\"Palmenspie\u00dfe Farbig 15 cm pro 100\",\"isPartOf\":{\"@id\":\"https:\/\/www.csj-emballages.com\/de\/#website\"},\"primaryImageOfPage\":{\"@id\":\"https:\/\/www.csj-emballages.com\/de\/produit\/100-farbige-palmenspiesse-15-cm\/#primaryimage\"},\"image\":{\"@id\":\"https:\/\/www.csj-emballages.com\/de\/produit\/100-farbige-palmenspiesse-15-cm\/#primaryimage\"},\"thumbnailUrl\":\"https:\/\/www.csj-emballages.com\/wp-content\/uploads\/2024\/03\/Palmier.webp\",\"datePublished\":\"2024-03-01T15:51:31+00:00\",\"dateModified\":\"2026-04-21T00:14:59+00:00\",\"description\":\"Verleihen Sie Ihren Aperitifs Farbe mit diesen farbigen Palmenpickern 15 cm (100er-Pack). Ideal f\u00fcr Cocktails, H\u00e4ppchen und festliche Buffets\",\"breadcrumb\":{\"@id\":\"https:\/\/www.csj-emballages.com\/de\/produit\/100-farbige-palmenspiesse-15-cm\/#breadcrumb\"},\"inLanguage\":\"de\",\"potentialAction\":[{\"@type\":\"ReadAction\",\"target\":[\"https:\/\/www.csj-emballages.com\/de\/produit\/100-farbige-palmenspiesse-15-cm\/\"]}]},{\"@type\":\"ImageObject\",\"inLanguage\":\"de\",\"@id\":\"https:\/\/www.csj-emballages.com\/de\/produit\/100-farbige-palmenspiesse-15-cm\/#primaryimage\",\"url\":\"https:\/\/www.csj-emballages.com\/wp-content\/uploads\/2024\/03\/Palmier.webp\",\"contentUrl\":\"https:\/\/www.csj-emballages.com\/wp-content\/uploads\/2024\/03\/Palmier.webp\",\"width\":800,\"height\":800,\"caption\":\"Piques palmier\"},{\"@type\":\"BreadcrumbList\",\"@id\":\"https:\/\/www.csj-emballages.com\/de\/produit\/100-farbige-palmenspiesse-15-cm\/#breadcrumb\",\"itemListElement\":[{\"@type\":\"ListItem\",\"position\":1,\"name\":\"Accueil\",\"item\":\"https:\/\/www.csj-emballages.com\/de\/universum-lebensmittelverpackungen\/\"},{\"@type\":\"ListItem\",\"position\":2,\"name\":\"Shop\",\"item\":\"https:\/\/www.csj-emballages.com\/shop\/\"},{\"@type\":\"ListItem\",\"position\":3,\"name\":\"Farbiger Palmenpicker 15 cm, 100 St\u00fcck\"}]},{\"@type\":\"WebSite\",\"@id\":\"https:\/\/www.csj-emballages.com\/de\/#website\",\"url\":\"https:\/\/www.csj-emballages.com\/de\/\",\"name\":\"CSJ Emballages\",\"description\":\"\",\"publisher\":{\"@id\":\"https:\/\/www.csj-emballages.com\/de\/#organization\"},\"potentialAction\":[{\"@type\":\"SearchAction\",\"target\":{\"@type\":\"EntryPoint\",\"urlTemplate\":\"https:\/\/www.csj-emballages.com\/de\/?s={search_term_string}\"},\"query-input\":{\"@type\":\"PropertyValueSpecification\",\"valueRequired\":true,\"valueName\":\"search_term_string\"}}],\"inLanguage\":\"de\"},{\"@type\":\"Organization\",\"@id\":\"https:\/\/www.csj-emballages.com\/de\/#Organization\/\",\"name\":\"CSJ Emballages\",\"url\":\"https:\/\/www.csj-emballages.com\/de\/\",\"logo\":{\"@type\":\"ImageObject\",\"inLanguage\":\"de\",\"@id\":\"https:\/\/www.csj-emballages.com\/de\/#\/schema\/logo\/image\/\",\"url\":\"https:\/\/www.csj-emballages.com\/wp-content\/uploads\/2023\/10\/logo_csj.webp\",\"contentUrl\":\"https:\/\/www.csj-emballages.com\/wp-content\/uploads\/2023\/10\/logo_csj.webp\",\"width\":250,\"height\":95,\"caption\":\"CSJ Emballages\"},\"image\":{\"@id\":\"https:\/\/www.csj-emballages.com\/de\/#\/schema\/logo\/image\/\"},\"sameAs\":[\"https:\/\/www.facebook.com\/csjemballages\"],\"address\":{\"@type\":\"PostalAddress\",\"streetAddress\":\"ZI La Lechere\",\"addressLocality\":\"Patornay\",\"postalCode\":\"39130\",\"addressCountry\":\"FR\"},\"contactPoint\":[{\"@type\":\"ContactPoint\",\"contactType\":\"Service client\",\"telephone\":\"0384254272\",\"email\":\"contact@csj-emballages.com\"}]}]}<\/script>\n<!-- \/ Yoast SEO Premium plugin. -->","yoast_head_json":{"title":"Palmenspie\u00dfe Farbig 15 cm pro 100","description":"Verleihen Sie Ihren Aperitifs Farbe mit diesen farbigen Palmenpickern 15 cm (100er-Pack). Ideal f\u00fcr Cocktails, H\u00e4ppchen und festliche Buffets","robots":{"index":"index","follow":"follow","max-snippet":"max-snippet:-1","max-image-preview":"max-image-preview:large","max-video-preview":"max-video-preview:-1"},"canonical":"https:\/\/www.csj-emballages.com\/de\/produit\/100-farbige-palmenspiesse-15-cm\/","og_locale":"de_DE","og_type":"article","og_title":"Farbiger Palmenpicker 15 cm, 100 St\u00fcck","og_description":"Verleihen Sie Ihren Aperitifs Farbe mit diesen farbigen Palmenpickern 15 cm (100er-Pack). Ideal f\u00fcr Cocktails, H\u00e4ppchen und festliche Buffets","og_url":"https:\/\/www.csj-emballages.com\/de\/produit\/100-farbige-palmenspiesse-15-cm\/","og_site_name":"CSJ Emballages","article_publisher":"https:\/\/www.facebook.com\/csjemballages","article_modified_time":"2026-04-21T00:14:59+00:00","og_image":[{"width":800,"height":800,"url":"https:\/\/www.csj-emballages.com\/wp-content\/uploads\/2024\/03\/Palmier.webp","type":"image\/webp"}],"twitter_card":"summary_large_image","twitter_misc":{"Gesch\u00e4tzte Lesezeit":"1\u00a0Minute"},"schema":{"@context":"https:\/\/schema.org","@graph":[{"@type":"WebPage","@id":"https:\/\/www.csj-emballages.com\/de\/produit\/100-farbige-palmenspiesse-15-cm\/","url":"https:\/\/www.csj-emballages.com\/de\/produit\/100-farbige-palmenspiesse-15-cm\/","name":"Palmenspie\u00dfe Farbig 15 cm pro 100","isPartOf":{"@id":"https:\/\/www.csj-emballages.com\/de\/#website"},"primaryImageOfPage":{"@id":"https:\/\/www.csj-emballages.com\/de\/produit\/100-farbige-palmenspiesse-15-cm\/#primaryimage"},"image":{"@id":"https:\/\/www.csj-emballages.com\/de\/produit\/100-farbige-palmenspiesse-15-cm\/#primaryimage"},"thumbnailUrl":"https:\/\/www.csj-emballages.com\/wp-content\/uploads\/2024\/03\/Palmier.webp","datePublished":"2024-03-01T15:51:31+00:00","dateModified":"2026-04-21T00:14:59+00:00","description":"Verleihen Sie Ihren Aperitifs Farbe mit diesen farbigen Palmenpickern 15 cm (100er-Pack). Ideal f\u00fcr Cocktails, H\u00e4ppchen und festliche Buffets","breadcrumb":{"@id":"https:\/\/www.csj-emballages.com\/de\/produit\/100-farbige-palmenspiesse-15-cm\/#breadcrumb"},"inLanguage":"de","potentialAction":[{"@type":"ReadAction","target":["https:\/\/www.csj-emballages.com\/de\/produit\/100-farbige-palmenspiesse-15-cm\/"]}]},{"@type":"ImageObject","inLanguage":"de","@id":"https:\/\/www.csj-emballages.com\/de\/produit\/100-farbige-palmenspiesse-15-cm\/#primaryimage","url":"https:\/\/www.csj-emballages.com\/wp-content\/uploads\/2024\/03\/Palmier.webp","contentUrl":"https:\/\/www.csj-emballages.com\/wp-content\/uploads\/2024\/03\/Palmier.webp","width":800,"height":800,"caption":"Piques palmier"},{"@type":"BreadcrumbList","@id":"https:\/\/www.csj-emballages.com\/de\/produit\/100-farbige-palmenspiesse-15-cm\/#breadcrumb","itemListElement":[{"@type":"ListItem","position":1,"name":"Accueil","item":"https:\/\/www.csj-emballages.com\/de\/universum-lebensmittelverpackungen\/"},{"@type":"ListItem","position":2,"name":"Shop","item":"https:\/\/www.csj-emballages.com\/shop\/"},{"@type":"ListItem","position":3,"name":"Farbiger Palmenpicker 15 cm, 100 St\u00fcck"}]},{"@type":"WebSite","@id":"https:\/\/www.csj-emballages.com\/de\/#website","url":"https:\/\/www.csj-emballages.com\/de\/","name":"CSJ Emballages","description":"","publisher":{"@id":"https:\/\/www.csj-emballages.com\/de\/#organization"},"potentialAction":[{"@type":"SearchAction","target":{"@type":"EntryPoint","urlTemplate":"https:\/\/www.csj-emballages.com\/de\/?s={search_term_string}"},"query-input":{"@type":"PropertyValueSpecification","valueRequired":true,"valueName":"search_term_string"}}],"inLanguage":"de"},{"@type":"Organization","@id":"https:\/\/www.csj-emballages.com\/de\/#Organization\/","name":"CSJ Emballages","url":"https:\/\/www.csj-emballages.com\/de\/","logo":{"@type":"ImageObject","inLanguage":"de","@id":"https:\/\/www.csj-emballages.com\/de\/#\/schema\/logo\/image\/","url":"https:\/\/www.csj-emballages.com\/wp-content\/uploads\/2023\/10\/logo_csj.webp","contentUrl":"https:\/\/www.csj-emballages.com\/wp-content\/uploads\/2023\/10\/logo_csj.webp","width":250,"height":95,"caption":"CSJ Emballages"},"image":{"@id":"https:\/\/www.csj-emballages.com\/de\/#\/schema\/logo\/image\/"},"sameAs":["https:\/\/www.facebook.com\/csjemballages"],"address":{"@type":"PostalAddress","streetAddress":"ZI La Lechere","addressLocality":"Patornay","postalCode":"39130","addressCountry":"FR"},"contactPoint":[{"@type":"ContactPoint","contactType":"Service client","telephone":"0384254272","email":"contact@csj-emballages.com"}]}]}},"df_price":3.92,"df_sale_price":"","df_regular_price":3.92,"df_image_link":"https:\/\/www.csj-emballages.com\/wp-content\/uploads\/2024\/03\/Palmier-300x300.webp","tiered_pricing_type":"fixed","tiered_pricing_fixed_rules":[],"tiered_pricing_percentage_rules":[],"tiered_pricing_minimum":1,"tiered_pricing_roles_data":[],"_links":{"self":[{"href":"https:\/\/www.csj-emballages.com\/de\/wp-json\/wp\/v2\/product\/22297","targetHints":{"allow":["GET"]}}],"collection":[{"href":"https:\/\/www.csj-emballages.com\/de\/wp-json\/wp\/v2\/product"}],"about":[{"href":"https:\/\/www.csj-emballages.com\/de\/wp-json\/wp\/v2\/types\/product"}],"wp:featuredmedia":[{"embeddable":true,"href":"https:\/\/www.csj-emballages.com\/de\/wp-json\/wp\/v2\/media\/225228"}],"wp:attachment":[{"href":"https:\/\/www.csj-emballages.com\/de\/wp-json\/wp\/v2\/media?parent=22297"}],"wp:term":[{"taxonomy":"product_brand","embeddable":true,"href":"https:\/\/www.csj-emballages.com\/de\/wp-json\/wp\/v2\/product_brand?post=22297"},{"taxonomy":"product_cat","embeddable":true,"href":"https:\/\/www.csj-emballages.com\/de\/wp-json\/wp\/v2\/product_cat?post=22297"},{"taxonomy":"product_tag","embeddable":true,"href":"https:\/\/www.csj-emballages.com\/de\/wp-json\/wp\/v2\/product_tag?post=22297"}],"curies":[{"name":"wp","href":"https:\/\/api.w.org\/{rel}","templated":true}]}}