{"id":22296,"date":"2024-03-01T16:51:32","date_gmt":"2024-03-01T15:51:32","guid":{"rendered":"https:\/\/u15jnbdpoq.preview.infomaniak.website\/produit\/100-gerade-strohhalme-200-mm-papier-farbig-o-6-mm\/"},"modified":"2026-04-28T02:16:51","modified_gmt":"2026-04-28T00:16:51","slug":"100-gerade-strohhalme-200-mm-papier-farbig-o-6-mm","status":"publish","type":"product","link":"https:\/\/www.csj-emballages.com\/de\/produit\/100-gerade-strohhalme-200-mm-papier-farbig-o-6-mm\/","title":{"rendered":"Papierstrohhalm bunt gerade 200 mm \u00d8 6 mm pro 100"},"content":{"rendered":"<h2>Bunte Papierstrohhalme<\/h2>\n<hr>\n<h3>Entdecken Sie unseren farbigen Papierstrohhalm gerade 200 mm \u00d8 6 mm pro 100<\/h3>\n<p><!--more--><\/p>\n<p data-start=\"223\" data-end=\"747\">Verleihen Sie Ihren Getr\u00e4nken einen Hauch von Fr\u00f6hlichkeit mit diesen geraden, bunten Papierstrohhalmen, die ideal f\u00fcr alle kalten Getr\u00e4nke sind: S\u00e4fte, Limonaden, Cocktails, Smoothies, Eistee&#8230; Mit einer L\u00e4nge von 200 mm und einem Durchmesser von 6 mm eignen sie sich perfekt f\u00fcr Standardgl\u00e4ser und Becher zum Mitnehmen. Sie werden in Sets von 100 St\u00fcck verkauft und sind f\u00fcr den professionellen oder privaten Gebrauch gedacht: perfekt f\u00fcr <strong data-start=\"644\" data-end=\"696\">Bars, Catering, Food Trucks, festliche Veranstaltungen<\/strong> oder einfach nur f\u00fcr Ihren Empfang mit Freunden. <\/p>\n<p data-start=\"749\" data-end=\"1097\">Diese aus <strong data-start=\"763\" data-end=\"807\">hochwertigem Lebensmittelpapier<\/strong> hergestellten Strohhalme sind feuchtigkeitsbest\u00e4ndig und behalten ihre Steifheit w\u00e4hrend der gesamten Verkostung bei. Ihr farbenfrohes Design bringt sofort eine freundliche und dynamische Atmosph\u00e4re auf den Tisch und ist ein guter Ersatz f\u00fcr die mittlerweile verbotenen Plastikalternativen. <\/p>\n<p data-start=\"1099\" data-end=\"1408\">Als Gewerbetreibender zeigen Sie Ihren Kunden, dass Sie nicht nur auf <strong data-start=\"1187\" data-end=\"1198\">Details<\/strong> achten, sondern auch auf die<strong data-start=\"1215\" data-end=\"1232\">Umwelt<\/strong>: Diese Trinkhalme sind <strong data-start=\"1252\" data-end=\"1286\">biologisch abbaubar und kompostierbar<\/strong>. Eine einfache, kosteng\u00fcnstige und \u00e4sthetische L\u00f6sung, um die Vorschriften einzuhalten und gleichzeitig Ihr Markenimage aufzuwerten. <\/p>\n<p data-start=\"1410\" data-end=\"1583\">Sie sind gebrauchsfertig und lassen sich schnell verteilen, ohne Vorbereitung oder Zeitverlust. Sie k\u00f6nnen einzeln oder lose in alle Arten von Beh\u00e4ltern gef\u00fcllt werden. <\/p>\n<p data-start=\"1410\" data-end=\"1583\"><!--more--><\/p>\n<h4 data-start=\"1410\" data-end=\"1583\">Vorteile :<\/h4>\n<ul>\n<li>Bunt, verspielt und perfekt f\u00fcr alle Arten von Getr\u00e4nken.<\/li>\n<li>Sie sind feuchtigkeitsbest\u00e4ndig und halten mehrere Stunden.<\/li>\n<li>Qualit\u00e4tspapier, geschmacks- und geruchsneutral.<\/li>\n<li>100 % biologisch abbaubar und kompostierbar.<\/li>\n<li><strong>Standardformat<\/strong>: 200 mm lang, 6 mm Durchmesser.<\/li>\n<li>Entspricht den europ\u00e4ischen Lebensmittelstandards.<\/li>\n<\/ul>\n<p>&nbsp;<\/p>\n<p><!--more--><\/p>\n<h4>Weitere Informationen :<\/h4>\n<ul>\n<li><strong>Verpackung<\/strong>: Packung mit 100 St\u00fcck<\/li>\n<li><strong>Ma\u00dfe<\/strong>: 200 mm \u00d8 6 mm<\/li>\n<li><strong>Farbe<\/strong>: Blau \/ Rot \/ Gr\u00fcn \/ Gelb<\/li>\n<li><strong>Material<\/strong>: Papier<\/li>\n<\/ul>\n<p>&nbsp;<\/p>\n<p><!--more--><\/p>\n<p>Diese Strohhalme sind auch in der Farbe Kraft erh\u00e4ltlich: <span style=\"color: #d12727;\"><a style=\"color: #d12727;\" href=\"https:\/\/www.csj-emballages.com\/es\/produit\/100-pajitas-rectas-200-mm-papel-kraft-o-6-mm\/\">PAILP200X6KRA<\/a><\/span><\/p>\n<h2><\/h2>\n<p><!--more--><\/p>\n<p><a href=\"https:\/\/www.csj-emballages.com\/de\/categorie-produit\/lebensmittelverpackungen\/bio-sortiment\/besteck-strohhalme\/bio-strohhalme\/\">Sehen Sie sich hier den Rest unseres Sortiments an Papierstroh an<\/a><\/p>\n","protected":false},"excerpt":{"rendered":"<p>Bunte Papierstrohhalme Entdecken Sie unseren farbigen Papierstrohhalm gerade 200 mm \u00d8 6 mm pro 100<\/p>\n","protected":false},"featured_media":240081,"template":"","meta":{"_acf_changed":false},"product_brand":[],"product_cat":[1137,1134,3003,1146,3002],"product_tag":[],"class_list":{"0":"post-22296","1":"product","2":"type-product","3":"status-publish","4":"has-post-thumbnail","6":"product_cat-lebensmittelverpackungen","7":"product_cat-restauration-de","8":"product_cat-strohhalme","9":"product_cat-bio-sortiment","10":"product_cat-bio-strohhalme","12":"first","13":"instock","14":"taxable","15":"shipping-taxable","16":"purchasable","17":"product-type-simple"},"acf":[],"yoast_head":"<!-- This site is optimized with the Yoast SEO Premium plugin v26.6 (Yoast SEO v26.6) - https:\/\/yoast.com\/wordpress\/plugins\/seo\/ -->\n<title>Papierstrohhalme Farbig Gerade 200 mm \u00d8 6 mm pro 100<\/title>\n<meta name=\"description\" content=\"100 bunte, gerade Papierstrohhalme, 200 mm x 6 mm. Sie sind robust, kompostierbar und ideal f\u00fcr kalte Getr\u00e4nke, Berufst\u00e4tige oder Privatpersonen.\" \/>\n<meta name=\"robots\" content=\"index, follow, max-snippet:-1, max-image-preview:large, max-video-preview:-1\" \/>\n<link rel=\"canonical\" href=\"https:\/\/www.csj-emballages.com\/de\/produit\/100-gerade-strohhalme-200-mm-papier-farbig-o-6-mm\/\" \/>\n<meta property=\"og:locale\" content=\"de_DE\" \/>\n<meta property=\"og:type\" content=\"article\" \/>\n<meta property=\"og:title\" content=\"Papierstrohhalm bunt gerade 200 mm \u00d8 6 mm pro 100\" \/>\n<meta property=\"og:description\" content=\"100 bunte, gerade Papierstrohhalme, 200 mm x 6 mm. Sie sind robust, kompostierbar und ideal f\u00fcr kalte Getr\u00e4nke, Berufst\u00e4tige oder Privatpersonen.\" \/>\n<meta property=\"og:url\" content=\"https:\/\/www.csj-emballages.com\/de\/produit\/100-gerade-strohhalme-200-mm-papier-farbig-o-6-mm\/\" \/>\n<meta property=\"og:site_name\" content=\"CSJ Emballages\" \/>\n<meta property=\"article:publisher\" content=\"https:\/\/www.facebook.com\/csjemballages\" \/>\n<meta property=\"article:modified_time\" content=\"2026-04-28T00:16:51+00:00\" \/>\n<meta property=\"og:image\" content=\"https:\/\/www.csj-emballages.com\/wp-content\/uploads\/2024\/03\/GCANAPCL-800x800-Photoroom.png\" \/>\n\t<meta property=\"og:image:width\" content=\"800\" \/>\n\t<meta property=\"og:image:height\" content=\"800\" \/>\n\t<meta property=\"og:image:type\" content=\"image\/png\" \/>\n<meta name=\"twitter:card\" content=\"summary_large_image\" \/>\n<meta name=\"twitter:label1\" content=\"Gesch\u00e4tzte Lesezeit\" \/>\n\t<meta name=\"twitter:data1\" content=\"1\u00a0Minute\" \/>\n<script type=\"application\/ld+json\" class=\"yoast-schema-graph\">{\"@context\":\"https:\/\/schema.org\",\"@graph\":[{\"@type\":\"WebPage\",\"@id\":\"https:\/\/www.csj-emballages.com\/de\/produit\/100-gerade-strohhalme-200-mm-papier-farbig-o-6-mm\/\",\"url\":\"https:\/\/www.csj-emballages.com\/de\/produit\/100-gerade-strohhalme-200-mm-papier-farbig-o-6-mm\/\",\"name\":\"Papierstrohhalme Farbig Gerade 200 mm \u00d8 6 mm pro 100\",\"isPartOf\":{\"@id\":\"https:\/\/www.csj-emballages.com\/de\/#website\"},\"primaryImageOfPage\":{\"@id\":\"https:\/\/www.csj-emballages.com\/de\/produit\/100-gerade-strohhalme-200-mm-papier-farbig-o-6-mm\/#primaryimage\"},\"image\":{\"@id\":\"https:\/\/www.csj-emballages.com\/de\/produit\/100-gerade-strohhalme-200-mm-papier-farbig-o-6-mm\/#primaryimage\"},\"thumbnailUrl\":\"https:\/\/www.csj-emballages.com\/wp-content\/uploads\/2024\/03\/GCANAPCL-800x800-Photoroom.png\",\"datePublished\":\"2024-03-01T15:51:32+00:00\",\"dateModified\":\"2026-04-28T00:16:51+00:00\",\"description\":\"100 bunte, gerade Papierstrohhalme, 200 mm x 6 mm. Sie sind robust, kompostierbar und ideal f\u00fcr kalte Getr\u00e4nke, Berufst\u00e4tige oder Privatpersonen.\",\"breadcrumb\":{\"@id\":\"https:\/\/www.csj-emballages.com\/de\/produit\/100-gerade-strohhalme-200-mm-papier-farbig-o-6-mm\/#breadcrumb\"},\"inLanguage\":\"de\",\"potentialAction\":[{\"@type\":\"ReadAction\",\"target\":[\"https:\/\/www.csj-emballages.com\/de\/produit\/100-gerade-strohhalme-200-mm-papier-farbig-o-6-mm\/\"]}]},{\"@type\":\"ImageObject\",\"inLanguage\":\"de\",\"@id\":\"https:\/\/www.csj-emballages.com\/de\/produit\/100-gerade-strohhalme-200-mm-papier-farbig-o-6-mm\/#primaryimage\",\"url\":\"https:\/\/www.csj-emballages.com\/wp-content\/uploads\/2024\/03\/GCANAPCL-800x800-Photoroom.png\",\"contentUrl\":\"https:\/\/www.csj-emballages.com\/wp-content\/uploads\/2024\/03\/GCANAPCL-800x800-Photoroom.png\",\"width\":800,\"height\":800,\"caption\":\"Paille en papier color\u00e9e\"},{\"@type\":\"BreadcrumbList\",\"@id\":\"https:\/\/www.csj-emballages.com\/de\/produit\/100-gerade-strohhalme-200-mm-papier-farbig-o-6-mm\/#breadcrumb\",\"itemListElement\":[{\"@type\":\"ListItem\",\"position\":1,\"name\":\"Accueil\",\"item\":\"https:\/\/www.csj-emballages.com\/de\/universum-lebensmittelverpackungen\/\"},{\"@type\":\"ListItem\",\"position\":2,\"name\":\"Shop\",\"item\":\"https:\/\/www.csj-emballages.com\/shop\/\"},{\"@type\":\"ListItem\",\"position\":3,\"name\":\"Papierstrohhalm bunt gerade 200 mm \u00d8 6 mm pro 100\"}]},{\"@type\":\"WebSite\",\"@id\":\"https:\/\/www.csj-emballages.com\/de\/#website\",\"url\":\"https:\/\/www.csj-emballages.com\/de\/\",\"name\":\"CSJ Emballages\",\"description\":\"\",\"publisher\":{\"@id\":\"https:\/\/www.csj-emballages.com\/de\/#organization\"},\"potentialAction\":[{\"@type\":\"SearchAction\",\"target\":{\"@type\":\"EntryPoint\",\"urlTemplate\":\"https:\/\/www.csj-emballages.com\/de\/?s={search_term_string}\"},\"query-input\":{\"@type\":\"PropertyValueSpecification\",\"valueRequired\":true,\"valueName\":\"search_term_string\"}}],\"inLanguage\":\"de\"},{\"@type\":\"Organization\",\"@id\":\"https:\/\/www.csj-emballages.com\/de\/#Organization\/\",\"name\":\"CSJ Emballages\",\"url\":\"https:\/\/www.csj-emballages.com\/de\/\",\"logo\":{\"@type\":\"ImageObject\",\"inLanguage\":\"de\",\"@id\":\"https:\/\/www.csj-emballages.com\/de\/#\/schema\/logo\/image\/\",\"url\":\"https:\/\/www.csj-emballages.com\/wp-content\/uploads\/2023\/10\/logo_csj.webp\",\"contentUrl\":\"https:\/\/www.csj-emballages.com\/wp-content\/uploads\/2023\/10\/logo_csj.webp\",\"width\":250,\"height\":95,\"caption\":\"CSJ Emballages\"},\"image\":{\"@id\":\"https:\/\/www.csj-emballages.com\/de\/#\/schema\/logo\/image\/\"},\"sameAs\":[\"https:\/\/www.facebook.com\/csjemballages\"],\"address\":{\"@type\":\"PostalAddress\",\"streetAddress\":\"ZI La Lechere\",\"addressLocality\":\"Patornay\",\"postalCode\":\"39130\",\"addressCountry\":\"FR\"},\"contactPoint\":[{\"@type\":\"ContactPoint\",\"contactType\":\"Service client\",\"telephone\":\"0384254272\",\"email\":\"contact@csj-emballages.com\"}]}]}<\/script>\n<!-- \/ Yoast SEO Premium plugin. -->","yoast_head_json":{"title":"Papierstrohhalme Farbig Gerade 200 mm \u00d8 6 mm pro 100","description":"100 bunte, gerade Papierstrohhalme, 200 mm x 6 mm. Sie sind robust, kompostierbar und ideal f\u00fcr kalte Getr\u00e4nke, Berufst\u00e4tige oder Privatpersonen.","robots":{"index":"index","follow":"follow","max-snippet":"max-snippet:-1","max-image-preview":"max-image-preview:large","max-video-preview":"max-video-preview:-1"},"canonical":"https:\/\/www.csj-emballages.com\/de\/produit\/100-gerade-strohhalme-200-mm-papier-farbig-o-6-mm\/","og_locale":"de_DE","og_type":"article","og_title":"Papierstrohhalm bunt gerade 200 mm \u00d8 6 mm pro 100","og_description":"100 bunte, gerade Papierstrohhalme, 200 mm x 6 mm. Sie sind robust, kompostierbar und ideal f\u00fcr kalte Getr\u00e4nke, Berufst\u00e4tige oder Privatpersonen.","og_url":"https:\/\/www.csj-emballages.com\/de\/produit\/100-gerade-strohhalme-200-mm-papier-farbig-o-6-mm\/","og_site_name":"CSJ Emballages","article_publisher":"https:\/\/www.facebook.com\/csjemballages","article_modified_time":"2026-04-28T00:16:51+00:00","og_image":[{"width":800,"height":800,"url":"https:\/\/www.csj-emballages.com\/wp-content\/uploads\/2024\/03\/GCANAPCL-800x800-Photoroom.png","type":"image\/png"}],"twitter_card":"summary_large_image","twitter_misc":{"Gesch\u00e4tzte Lesezeit":"1\u00a0Minute"},"schema":{"@context":"https:\/\/schema.org","@graph":[{"@type":"WebPage","@id":"https:\/\/www.csj-emballages.com\/de\/produit\/100-gerade-strohhalme-200-mm-papier-farbig-o-6-mm\/","url":"https:\/\/www.csj-emballages.com\/de\/produit\/100-gerade-strohhalme-200-mm-papier-farbig-o-6-mm\/","name":"Papierstrohhalme Farbig Gerade 200 mm \u00d8 6 mm pro 100","isPartOf":{"@id":"https:\/\/www.csj-emballages.com\/de\/#website"},"primaryImageOfPage":{"@id":"https:\/\/www.csj-emballages.com\/de\/produit\/100-gerade-strohhalme-200-mm-papier-farbig-o-6-mm\/#primaryimage"},"image":{"@id":"https:\/\/www.csj-emballages.com\/de\/produit\/100-gerade-strohhalme-200-mm-papier-farbig-o-6-mm\/#primaryimage"},"thumbnailUrl":"https:\/\/www.csj-emballages.com\/wp-content\/uploads\/2024\/03\/GCANAPCL-800x800-Photoroom.png","datePublished":"2024-03-01T15:51:32+00:00","dateModified":"2026-04-28T00:16:51+00:00","description":"100 bunte, gerade Papierstrohhalme, 200 mm x 6 mm. Sie sind robust, kompostierbar und ideal f\u00fcr kalte Getr\u00e4nke, Berufst\u00e4tige oder Privatpersonen.","breadcrumb":{"@id":"https:\/\/www.csj-emballages.com\/de\/produit\/100-gerade-strohhalme-200-mm-papier-farbig-o-6-mm\/#breadcrumb"},"inLanguage":"de","potentialAction":[{"@type":"ReadAction","target":["https:\/\/www.csj-emballages.com\/de\/produit\/100-gerade-strohhalme-200-mm-papier-farbig-o-6-mm\/"]}]},{"@type":"ImageObject","inLanguage":"de","@id":"https:\/\/www.csj-emballages.com\/de\/produit\/100-gerade-strohhalme-200-mm-papier-farbig-o-6-mm\/#primaryimage","url":"https:\/\/www.csj-emballages.com\/wp-content\/uploads\/2024\/03\/GCANAPCL-800x800-Photoroom.png","contentUrl":"https:\/\/www.csj-emballages.com\/wp-content\/uploads\/2024\/03\/GCANAPCL-800x800-Photoroom.png","width":800,"height":800,"caption":"Paille en papier color\u00e9e"},{"@type":"BreadcrumbList","@id":"https:\/\/www.csj-emballages.com\/de\/produit\/100-gerade-strohhalme-200-mm-papier-farbig-o-6-mm\/#breadcrumb","itemListElement":[{"@type":"ListItem","position":1,"name":"Accueil","item":"https:\/\/www.csj-emballages.com\/de\/universum-lebensmittelverpackungen\/"},{"@type":"ListItem","position":2,"name":"Shop","item":"https:\/\/www.csj-emballages.com\/shop\/"},{"@type":"ListItem","position":3,"name":"Papierstrohhalm bunt gerade 200 mm \u00d8 6 mm pro 100"}]},{"@type":"WebSite","@id":"https:\/\/www.csj-emballages.com\/de\/#website","url":"https:\/\/www.csj-emballages.com\/de\/","name":"CSJ Emballages","description":"","publisher":{"@id":"https:\/\/www.csj-emballages.com\/de\/#organization"},"potentialAction":[{"@type":"SearchAction","target":{"@type":"EntryPoint","urlTemplate":"https:\/\/www.csj-emballages.com\/de\/?s={search_term_string}"},"query-input":{"@type":"PropertyValueSpecification","valueRequired":true,"valueName":"search_term_string"}}],"inLanguage":"de"},{"@type":"Organization","@id":"https:\/\/www.csj-emballages.com\/de\/#Organization\/","name":"CSJ Emballages","url":"https:\/\/www.csj-emballages.com\/de\/","logo":{"@type":"ImageObject","inLanguage":"de","@id":"https:\/\/www.csj-emballages.com\/de\/#\/schema\/logo\/image\/","url":"https:\/\/www.csj-emballages.com\/wp-content\/uploads\/2023\/10\/logo_csj.webp","contentUrl":"https:\/\/www.csj-emballages.com\/wp-content\/uploads\/2023\/10\/logo_csj.webp","width":250,"height":95,"caption":"CSJ Emballages"},"image":{"@id":"https:\/\/www.csj-emballages.com\/de\/#\/schema\/logo\/image\/"},"sameAs":["https:\/\/www.facebook.com\/csjemballages"],"address":{"@type":"PostalAddress","streetAddress":"ZI La Lechere","addressLocality":"Patornay","postalCode":"39130","addressCountry":"FR"},"contactPoint":[{"@type":"ContactPoint","contactType":"Service client","telephone":"0384254272","email":"contact@csj-emballages.com"}]}]}},"df_price":1.7,"df_sale_price":"","df_regular_price":1.7,"df_image_link":"https:\/\/www.csj-emballages.com\/wp-content\/uploads\/2024\/03\/GCANAPCL-800x800-Photoroom-300x300.png","tiered_pricing_type":"fixed","tiered_pricing_fixed_rules":[],"tiered_pricing_percentage_rules":[],"tiered_pricing_minimum":1,"tiered_pricing_roles_data":[],"_links":{"self":[{"href":"https:\/\/www.csj-emballages.com\/de\/wp-json\/wp\/v2\/product\/22296","targetHints":{"allow":["GET"]}}],"collection":[{"href":"https:\/\/www.csj-emballages.com\/de\/wp-json\/wp\/v2\/product"}],"about":[{"href":"https:\/\/www.csj-emballages.com\/de\/wp-json\/wp\/v2\/types\/product"}],"wp:featuredmedia":[{"embeddable":true,"href":"https:\/\/www.csj-emballages.com\/de\/wp-json\/wp\/v2\/media\/240081"}],"wp:attachment":[{"href":"https:\/\/www.csj-emballages.com\/de\/wp-json\/wp\/v2\/media?parent=22296"}],"wp:term":[{"taxonomy":"product_brand","embeddable":true,"href":"https:\/\/www.csj-emballages.com\/de\/wp-json\/wp\/v2\/product_brand?post=22296"},{"taxonomy":"product_cat","embeddable":true,"href":"https:\/\/www.csj-emballages.com\/de\/wp-json\/wp\/v2\/product_cat?post=22296"},{"taxonomy":"product_tag","embeddable":true,"href":"https:\/\/www.csj-emballages.com\/de\/wp-json\/wp\/v2\/product_tag?post=22296"}],"curies":[{"name":"wp","href":"https:\/\/api.w.org\/{rel}","templated":true}]}}