{"id":22293,"date":"2024-03-01T16:51:32","date_gmt":"2024-03-01T15:51:32","guid":{"rendered":"https:\/\/u15jnbdpoq.preview.infomaniak.website\/produit\/50-gerade-strohhalme-210-mm-kraftpapier-bubble-tea-o-12-mm\/"},"modified":"2026-04-18T02:15:34","modified_gmt":"2026-04-18T00:15:34","slug":"50-gerade-strohhalme-210-mm-kraftpapier-bubble-tea-o-12-mm","status":"publish","type":"product","link":"https:\/\/www.csj-emballages.com\/de\/produit\/50-gerade-strohhalme-210-mm-kraftpapier-bubble-tea-o-12-mm\/","title":{"rendered":"Strohhalm Bubble Tea Kraftpapier rechts 210 mm \u00d8 12 mm pro 50"},"content":{"rendered":"<h2>Strohhalm Bubble Tea<\/h2>\n<div style=\"box-sizing: inherit; font-family: Roboto, sans-serif;\">\n<div style=\"box-sizing: inherit; font-family: Roboto, sans-serif;\">\n<div style=\"box-sizing: inherit; font-family: Roboto, sans-serif;\">\n<div style=\"box-sizing: inherit; font-family: Roboto, sans-serif;\">\n<div style=\"box-sizing: inherit; font-family: Roboto, sans-serif;\">\n<div style=\"box-sizing: inherit; font-family: Roboto, sans-serif;\">\n<hr>\n<h3>Beschreibung von unserem Bubble Tea Strohhalm aus Kraftpapier gerade 210 mm \u00d8 12 mm pro 50<\/h3>\n<p><!--more--><\/p>\n<div class=\"flex-shrink-0 flex flex-col relative items-end\">\n<div class=\"pt-0.5 juice:pt-0\">\n<div class=\"gizmo-bot-avatar flex h-6 w-6 items-center justify-center overflow-hidden rounded-full juice:h-8 juice:w-8\">\n<div class=\"relative p-1 rounded-sm flex items-center justify-center bg-token-main-surface-primary text-token-text-primary h-8 w-8\">\n<p data-start=\"272\" data-end=\"694\"><strong>Bubble-Tea-Liebhaber<\/strong> wissen es: Ohne den passenden Strohhalm ist es unm\u00f6glich, dieses Gourmetgetr\u00e4nk in vollen Z\u00fcgen zu genie\u00dfen. Hier kommen unsere <strong data-start=\"411\" data-end=\"457\">geraden Bubble Tea-Strohhalme aus Kraftpapier mit einem Durchmesser von 12 mm<\/strong> ins Spiel. Diese Strohhalme mit ihrem <strong data-start=\"570\" data-end=\"588\">gro\u00dfen Durchmesser<\/strong> wurden speziell f\u00fcr <strong data-start=\"504\" data-end=\"525\">Tapiokaperlen<\/strong> und andere gro\u00dfz\u00fcgige Toppings entwickelt und erm\u00f6glichen es, die Perlen leicht und ohne Verstopfung aufzusaugen und dabei einen guten Trinkfluss zu genie\u00dfen.  <\/p>\n<p data-start=\"696\" data-end=\"1104\">Mit einer <strong data-start=\"702\" data-end=\"724\">L\u00e4nge von 210 mm<\/strong> sind sie mit den meisten <strong>Bechern <\/strong> kompatibel, die <strong>f\u00fcr Bubble Tea verwendet werden <\/strong>(<span style=\"color: #d12727;\"><a style=\"color: #d12727;\" href=\"https:\/\/www.csj-emballages.com\/es\/produit\/48-tarros-de-plastico-95o-rpet-termosellables-de-500-ml-para-te-de-burbujas\/\">GM500BUBBLE<\/a><\/span>), Smoothies, frische S\u00e4fte oder Milchshakes. Mit ihrer <strong data-start=\"843\" data-end=\"871\">auff\u00e4lligen Farbe<\/strong> verleihen sie Ihren Getr\u00e4nken einen Hauch von Spa\u00df, ideal f\u00fcr den professionellen Service oder eine gem\u00fctliche Atmosph\u00e4re mit Freunden. Sie sind aus <strong data-start=\"1004\" data-end=\"1023\">verst\u00e4rktem Papier<\/strong> hergestellt und vereinen Leistung, Benutzerkomfort und Umweltfreundlichkeit.  <\/p>\n<p data-start=\"1106\" data-end=\"1391\">Diese <strong>Papierstrohhalme<\/strong> sind <strong data-start=\"1123\" data-end=\"1155\">Einwegprodukte, aber biologisch abbaubar<\/strong>. Sie eignen sich perfekt f\u00fcr Gastronomiebetriebe, die sich f\u00fcr ein umweltbewusstes Handeln einsetzen. Sie werden im <strong data-start=\"1269\" data-end=\"1282\">Set von 50 St\u00fcck<\/strong> verkauft und sind sofort einsatzbereit f\u00fcr Ihre <strong>Bubble Tea<\/strong> Bars, Food Trucks, Caf\u00e9s oder f\u00fcr Ihre privaten Veranstaltungen. <\/p>\n<p data-start=\"1393\" data-end=\"1506\">Entscheiden Sie sich f\u00fcr ein Accessoire, das sowohl praktisch als auch \u00e4sthetisch ansprechend und langlebig ist, um Ihre Trendgetr\u00e4nke zu begleiten.<\/p>\n<\/div>\n<p>&nbsp;<\/p>\n<p data-start=\"1467\" data-end=\"1712\"><!--more--><\/p>\n<\/div>\n<\/div>\n<\/div>\n<h4>Die Vorteile :<\/h4>\n<ul>\n<li>Breiter Durchmesser (\u00d8 12 mm) perfekt f\u00fcr Tapiokaperlen.<\/li>\n<li><strong>Verst\u00e4rktes Papier<\/strong>: fest und biologisch abbaubar.<\/li>\n<li>Ideale L\u00e4nge (210 mm) f\u00fcr klassische Becher.<\/li>\n<li>F\u00e4rbe Kraft f\u00fcr einen nat\u00fcrlichen Service.<\/li>\n<li>Set mit 50 Strohhalmen, gebrauchsfertig<\/li>\n<\/ul>\n<p>.<\/p>\n<p>&nbsp;<\/p>\n<\/div>\n<\/div>\n<p><!--more--><\/p>\n<div style=\"box-sizing: inherit; font-family: Roboto, sans-serif;\">\n<div style=\"box-sizing: inherit; font-family: Roboto, sans-serif;\">\n<h4>Weitere Informationen :<\/h4>\n<ul>\n<li><strong>Verpackung<\/strong>: Packung mit 50 St\u00fcck<\/li>\n<li><b>H\u00f6he: <\/b>210 mm<\/li>\n<li><strong>Durchmesser<\/strong>: 12 mm<\/li>\n<li><strong>Materialien<\/strong>: Papier<\/li>\n<li><strong>Farbe: <\/strong>Kraft<\/li>\n<\/ul>\n<\/div>\n<\/div>\n<p>&nbsp;<\/p>\n<div style=\"box-sizing: inherit; font-family: Roboto, sans-serif;\">\n<div style=\"box-sizing: inherit; font-family: Roboto, sans-serif;\">\n<p><!--more--><\/p>\n<p><span style=\"color: #d12727;\"><span style=\"color: #000000;\">Finden Sie hier unseren bunten Bubble-Tea-Strohhalm.<\/span> <\/span>: <span style=\"color: #d12727;\"><a style=\"color: #d12727;\" href=\"https:\/\/www.csj-emballages.com\/es\/produit\/pajita-bubble-tea-de-colores-de-papel-recto-200-mm-o-12-mm-por-50\/\">PAILP200X12C<\/a><\/span><\/p>\n<p><!--more--><\/p>\n<p><a href=\"https:\/\/www.csj-emballages.com\/de\/categorie-produit\/lebensmittelverpackungen\/bio-sortiment\/besteck-strohhalme\/bio-strohhalme\/\">Sehen Sie sich hier den Rest unseres Sortiments an Papierstrohhalmen an<\/a><\/div>\n<\/div>\n<\/div>\n<\/div>\n<\/div>\n<\/div>\n","protected":false},"excerpt":{"rendered":"<p>Strohhalm Bubble Tea Beschreibung von unserem Bubble Tea Strohhalm aus Kraftpapier gerade 210 mm \u00d8 12 mm pro 50<\/p>\n","protected":false},"featured_media":240064,"template":"","meta":{"_acf_changed":false},"product_brand":[],"product_cat":[1137,1134,3003,1146,3002],"product_tag":[],"class_list":{"0":"post-22293","1":"product","2":"type-product","3":"status-publish","4":"has-post-thumbnail","6":"product_cat-lebensmittelverpackungen","7":"product_cat-restauration-de","8":"product_cat-strohhalme","9":"product_cat-bio-sortiment","10":"product_cat-bio-strohhalme","12":"first","13":"instock","14":"taxable","15":"shipping-taxable","16":"purchasable","17":"product-type-simple"},"acf":[],"yoast_head":"<!-- This site is optimized with the Yoast SEO Premium plugin v26.6 (Yoast SEO v26.6) - https:\/\/yoast.com\/wordpress\/plugins\/seo\/ -->\n<title>Strohhalm Bubble Tea aus Kraftpapier Gerade 210 mm \u00d8 12 mm pro 50<\/title>\n<meta name=\"description\" content=\"Bubble Tea-Strohhalm aus Kraftpapier 210 mm x 12 mm! Wir bieten Ihnen eine Packung mit 50 Bubble Tea-Strohhalmen zu einem g\u00fcnstigen DISCOUNT Preis.\" \/>\n<meta name=\"robots\" content=\"index, follow, max-snippet:-1, max-image-preview:large, max-video-preview:-1\" \/>\n<link rel=\"canonical\" href=\"https:\/\/www.csj-emballages.com\/de\/produit\/50-gerade-strohhalme-210-mm-kraftpapier-bubble-tea-o-12-mm\/\" \/>\n<meta property=\"og:locale\" content=\"de_DE\" \/>\n<meta property=\"og:type\" content=\"article\" \/>\n<meta property=\"og:title\" content=\"Strohhalm Bubble Tea Kraftpapier rechts 210 mm \u00d8 12 mm pro 50\" \/>\n<meta property=\"og:description\" content=\"Bubble Tea-Strohhalm aus Kraftpapier 210 mm x 12 mm! Wir bieten Ihnen eine Packung mit 50 Bubble Tea-Strohhalmen zu einem g\u00fcnstigen DISCOUNT Preis.\" \/>\n<meta property=\"og:url\" content=\"https:\/\/www.csj-emballages.com\/de\/produit\/50-gerade-strohhalme-210-mm-kraftpapier-bubble-tea-o-12-mm\/\" \/>\n<meta property=\"og:site_name\" content=\"CSJ Emballages\" \/>\n<meta property=\"article:publisher\" content=\"https:\/\/www.facebook.com\/csjemballages\" \/>\n<meta property=\"article:modified_time\" content=\"2026-04-18T00:15:34+00:00\" \/>\n<meta property=\"og:image\" content=\"https:\/\/www.csj-emballages.com\/wp-content\/uploads\/2024\/03\/PAILP210X12K.jpeg\" \/>\n\t<meta property=\"og:image:width\" content=\"800\" \/>\n\t<meta property=\"og:image:height\" content=\"800\" \/>\n\t<meta property=\"og:image:type\" content=\"image\/jpeg\" \/>\n<meta name=\"twitter:card\" content=\"summary_large_image\" \/>\n<meta name=\"twitter:label1\" content=\"Gesch\u00e4tzte Lesezeit\" \/>\n\t<meta name=\"twitter:data1\" content=\"2 Minuten\" \/>\n<script type=\"application\/ld+json\" class=\"yoast-schema-graph\">{\"@context\":\"https:\/\/schema.org\",\"@graph\":[{\"@type\":\"WebPage\",\"@id\":\"https:\/\/www.csj-emballages.com\/de\/produit\/50-gerade-strohhalme-210-mm-kraftpapier-bubble-tea-o-12-mm\/\",\"url\":\"https:\/\/www.csj-emballages.com\/de\/produit\/50-gerade-strohhalme-210-mm-kraftpapier-bubble-tea-o-12-mm\/\",\"name\":\"Strohhalm Bubble Tea aus Kraftpapier Gerade 210 mm \u00d8 12 mm pro 50\",\"isPartOf\":{\"@id\":\"https:\/\/www.csj-emballages.com\/de\/#website\"},\"primaryImageOfPage\":{\"@id\":\"https:\/\/www.csj-emballages.com\/de\/produit\/50-gerade-strohhalme-210-mm-kraftpapier-bubble-tea-o-12-mm\/#primaryimage\"},\"image\":{\"@id\":\"https:\/\/www.csj-emballages.com\/de\/produit\/50-gerade-strohhalme-210-mm-kraftpapier-bubble-tea-o-12-mm\/#primaryimage\"},\"thumbnailUrl\":\"https:\/\/www.csj-emballages.com\/wp-content\/uploads\/2024\/03\/PAILP210X12K.jpeg\",\"datePublished\":\"2024-03-01T15:51:32+00:00\",\"dateModified\":\"2026-04-18T00:15:34+00:00\",\"description\":\"Bubble Tea-Strohhalm aus Kraftpapier 210 mm x 12 mm! Wir bieten Ihnen eine Packung mit 50 Bubble Tea-Strohhalmen zu einem g\u00fcnstigen DISCOUNT Preis.\",\"breadcrumb\":{\"@id\":\"https:\/\/www.csj-emballages.com\/de\/produit\/50-gerade-strohhalme-210-mm-kraftpapier-bubble-tea-o-12-mm\/#breadcrumb\"},\"inLanguage\":\"de\",\"potentialAction\":[{\"@type\":\"ReadAction\",\"target\":[\"https:\/\/www.csj-emballages.com\/de\/produit\/50-gerade-strohhalme-210-mm-kraftpapier-bubble-tea-o-12-mm\/\"]}]},{\"@type\":\"ImageObject\",\"inLanguage\":\"de\",\"@id\":\"https:\/\/www.csj-emballages.com\/de\/produit\/50-gerade-strohhalme-210-mm-kraftpapier-bubble-tea-o-12-mm\/#primaryimage\",\"url\":\"https:\/\/www.csj-emballages.com\/wp-content\/uploads\/2024\/03\/PAILP210X12K.jpeg\",\"contentUrl\":\"https:\/\/www.csj-emballages.com\/wp-content\/uploads\/2024\/03\/PAILP210X12K.jpeg\",\"width\":800,\"height\":800,\"caption\":\"Paille Bubble Tea\"},{\"@type\":\"BreadcrumbList\",\"@id\":\"https:\/\/www.csj-emballages.com\/de\/produit\/50-gerade-strohhalme-210-mm-kraftpapier-bubble-tea-o-12-mm\/#breadcrumb\",\"itemListElement\":[{\"@type\":\"ListItem\",\"position\":1,\"name\":\"Accueil\",\"item\":\"https:\/\/www.csj-emballages.com\/de\/universum-lebensmittelverpackungen\/\"},{\"@type\":\"ListItem\",\"position\":2,\"name\":\"Shop\",\"item\":\"https:\/\/www.csj-emballages.com\/shop\/\"},{\"@type\":\"ListItem\",\"position\":3,\"name\":\"Strohhalm Bubble Tea Kraftpapier rechts 210 mm \u00d8 12 mm pro 50\"}]},{\"@type\":\"WebSite\",\"@id\":\"https:\/\/www.csj-emballages.com\/de\/#website\",\"url\":\"https:\/\/www.csj-emballages.com\/de\/\",\"name\":\"CSJ Emballages\",\"description\":\"\",\"publisher\":{\"@id\":\"https:\/\/www.csj-emballages.com\/de\/#organization\"},\"potentialAction\":[{\"@type\":\"SearchAction\",\"target\":{\"@type\":\"EntryPoint\",\"urlTemplate\":\"https:\/\/www.csj-emballages.com\/de\/?s={search_term_string}\"},\"query-input\":{\"@type\":\"PropertyValueSpecification\",\"valueRequired\":true,\"valueName\":\"search_term_string\"}}],\"inLanguage\":\"de\"},{\"@type\":\"Organization\",\"@id\":\"https:\/\/www.csj-emballages.com\/de\/#Organization\/\",\"name\":\"CSJ Emballages\",\"url\":\"https:\/\/www.csj-emballages.com\/de\/\",\"logo\":{\"@type\":\"ImageObject\",\"inLanguage\":\"de\",\"@id\":\"https:\/\/www.csj-emballages.com\/de\/#\/schema\/logo\/image\/\",\"url\":\"https:\/\/www.csj-emballages.com\/wp-content\/uploads\/2023\/10\/logo_csj.webp\",\"contentUrl\":\"https:\/\/www.csj-emballages.com\/wp-content\/uploads\/2023\/10\/logo_csj.webp\",\"width\":250,\"height\":95,\"caption\":\"CSJ Emballages\"},\"image\":{\"@id\":\"https:\/\/www.csj-emballages.com\/de\/#\/schema\/logo\/image\/\"},\"sameAs\":[\"https:\/\/www.facebook.com\/csjemballages\"],\"address\":{\"@type\":\"PostalAddress\",\"streetAddress\":\"ZI La Lechere\",\"addressLocality\":\"Patornay\",\"postalCode\":\"39130\",\"addressCountry\":\"FR\"},\"contactPoint\":[{\"@type\":\"ContactPoint\",\"contactType\":\"Service client\",\"telephone\":\"0384254272\",\"email\":\"contact@csj-emballages.com\"}]}]}<\/script>\n<!-- \/ Yoast SEO Premium plugin. -->","yoast_head_json":{"title":"Strohhalm Bubble Tea aus Kraftpapier Gerade 210 mm \u00d8 12 mm pro 50","description":"Bubble Tea-Strohhalm aus Kraftpapier 210 mm x 12 mm! Wir bieten Ihnen eine Packung mit 50 Bubble Tea-Strohhalmen zu einem g\u00fcnstigen DISCOUNT Preis.","robots":{"index":"index","follow":"follow","max-snippet":"max-snippet:-1","max-image-preview":"max-image-preview:large","max-video-preview":"max-video-preview:-1"},"canonical":"https:\/\/www.csj-emballages.com\/de\/produit\/50-gerade-strohhalme-210-mm-kraftpapier-bubble-tea-o-12-mm\/","og_locale":"de_DE","og_type":"article","og_title":"Strohhalm Bubble Tea Kraftpapier rechts 210 mm \u00d8 12 mm pro 50","og_description":"Bubble Tea-Strohhalm aus Kraftpapier 210 mm x 12 mm! Wir bieten Ihnen eine Packung mit 50 Bubble Tea-Strohhalmen zu einem g\u00fcnstigen DISCOUNT Preis.","og_url":"https:\/\/www.csj-emballages.com\/de\/produit\/50-gerade-strohhalme-210-mm-kraftpapier-bubble-tea-o-12-mm\/","og_site_name":"CSJ Emballages","article_publisher":"https:\/\/www.facebook.com\/csjemballages","article_modified_time":"2026-04-18T00:15:34+00:00","og_image":[{"width":800,"height":800,"url":"https:\/\/www.csj-emballages.com\/wp-content\/uploads\/2024\/03\/PAILP210X12K.jpeg","type":"image\/jpeg"}],"twitter_card":"summary_large_image","twitter_misc":{"Gesch\u00e4tzte Lesezeit":"2 Minuten"},"schema":{"@context":"https:\/\/schema.org","@graph":[{"@type":"WebPage","@id":"https:\/\/www.csj-emballages.com\/de\/produit\/50-gerade-strohhalme-210-mm-kraftpapier-bubble-tea-o-12-mm\/","url":"https:\/\/www.csj-emballages.com\/de\/produit\/50-gerade-strohhalme-210-mm-kraftpapier-bubble-tea-o-12-mm\/","name":"Strohhalm Bubble Tea aus Kraftpapier Gerade 210 mm \u00d8 12 mm pro 50","isPartOf":{"@id":"https:\/\/www.csj-emballages.com\/de\/#website"},"primaryImageOfPage":{"@id":"https:\/\/www.csj-emballages.com\/de\/produit\/50-gerade-strohhalme-210-mm-kraftpapier-bubble-tea-o-12-mm\/#primaryimage"},"image":{"@id":"https:\/\/www.csj-emballages.com\/de\/produit\/50-gerade-strohhalme-210-mm-kraftpapier-bubble-tea-o-12-mm\/#primaryimage"},"thumbnailUrl":"https:\/\/www.csj-emballages.com\/wp-content\/uploads\/2024\/03\/PAILP210X12K.jpeg","datePublished":"2024-03-01T15:51:32+00:00","dateModified":"2026-04-18T00:15:34+00:00","description":"Bubble Tea-Strohhalm aus Kraftpapier 210 mm x 12 mm! Wir bieten Ihnen eine Packung mit 50 Bubble Tea-Strohhalmen zu einem g\u00fcnstigen DISCOUNT Preis.","breadcrumb":{"@id":"https:\/\/www.csj-emballages.com\/de\/produit\/50-gerade-strohhalme-210-mm-kraftpapier-bubble-tea-o-12-mm\/#breadcrumb"},"inLanguage":"de","potentialAction":[{"@type":"ReadAction","target":["https:\/\/www.csj-emballages.com\/de\/produit\/50-gerade-strohhalme-210-mm-kraftpapier-bubble-tea-o-12-mm\/"]}]},{"@type":"ImageObject","inLanguage":"de","@id":"https:\/\/www.csj-emballages.com\/de\/produit\/50-gerade-strohhalme-210-mm-kraftpapier-bubble-tea-o-12-mm\/#primaryimage","url":"https:\/\/www.csj-emballages.com\/wp-content\/uploads\/2024\/03\/PAILP210X12K.jpeg","contentUrl":"https:\/\/www.csj-emballages.com\/wp-content\/uploads\/2024\/03\/PAILP210X12K.jpeg","width":800,"height":800,"caption":"Paille Bubble Tea"},{"@type":"BreadcrumbList","@id":"https:\/\/www.csj-emballages.com\/de\/produit\/50-gerade-strohhalme-210-mm-kraftpapier-bubble-tea-o-12-mm\/#breadcrumb","itemListElement":[{"@type":"ListItem","position":1,"name":"Accueil","item":"https:\/\/www.csj-emballages.com\/de\/universum-lebensmittelverpackungen\/"},{"@type":"ListItem","position":2,"name":"Shop","item":"https:\/\/www.csj-emballages.com\/shop\/"},{"@type":"ListItem","position":3,"name":"Strohhalm Bubble Tea Kraftpapier rechts 210 mm \u00d8 12 mm pro 50"}]},{"@type":"WebSite","@id":"https:\/\/www.csj-emballages.com\/de\/#website","url":"https:\/\/www.csj-emballages.com\/de\/","name":"CSJ Emballages","description":"","publisher":{"@id":"https:\/\/www.csj-emballages.com\/de\/#organization"},"potentialAction":[{"@type":"SearchAction","target":{"@type":"EntryPoint","urlTemplate":"https:\/\/www.csj-emballages.com\/de\/?s={search_term_string}"},"query-input":{"@type":"PropertyValueSpecification","valueRequired":true,"valueName":"search_term_string"}}],"inLanguage":"de"},{"@type":"Organization","@id":"https:\/\/www.csj-emballages.com\/de\/#Organization\/","name":"CSJ Emballages","url":"https:\/\/www.csj-emballages.com\/de\/","logo":{"@type":"ImageObject","inLanguage":"de","@id":"https:\/\/www.csj-emballages.com\/de\/#\/schema\/logo\/image\/","url":"https:\/\/www.csj-emballages.com\/wp-content\/uploads\/2023\/10\/logo_csj.webp","contentUrl":"https:\/\/www.csj-emballages.com\/wp-content\/uploads\/2023\/10\/logo_csj.webp","width":250,"height":95,"caption":"CSJ Emballages"},"image":{"@id":"https:\/\/www.csj-emballages.com\/de\/#\/schema\/logo\/image\/"},"sameAs":["https:\/\/www.facebook.com\/csjemballages"],"address":{"@type":"PostalAddress","streetAddress":"ZI La Lechere","addressLocality":"Patornay","postalCode":"39130","addressCountry":"FR"},"contactPoint":[{"@type":"ContactPoint","contactType":"Service client","telephone":"0384254272","email":"contact@csj-emballages.com"}]}]}},"df_price":2.74,"df_sale_price":"","df_regular_price":2.74,"df_image_link":"https:\/\/www.csj-emballages.com\/wp-content\/uploads\/2024\/03\/PAILP210X12K-300x300.jpeg","tiered_pricing_type":"fixed","tiered_pricing_fixed_rules":[],"tiered_pricing_percentage_rules":[],"tiered_pricing_minimum":1,"tiered_pricing_roles_data":[],"_links":{"self":[{"href":"https:\/\/www.csj-emballages.com\/de\/wp-json\/wp\/v2\/product\/22293","targetHints":{"allow":["GET"]}}],"collection":[{"href":"https:\/\/www.csj-emballages.com\/de\/wp-json\/wp\/v2\/product"}],"about":[{"href":"https:\/\/www.csj-emballages.com\/de\/wp-json\/wp\/v2\/types\/product"}],"wp:featuredmedia":[{"embeddable":true,"href":"https:\/\/www.csj-emballages.com\/de\/wp-json\/wp\/v2\/media\/240064"}],"wp:attachment":[{"href":"https:\/\/www.csj-emballages.com\/de\/wp-json\/wp\/v2\/media?parent=22293"}],"wp:term":[{"taxonomy":"product_brand","embeddable":true,"href":"https:\/\/www.csj-emballages.com\/de\/wp-json\/wp\/v2\/product_brand?post=22293"},{"taxonomy":"product_cat","embeddable":true,"href":"https:\/\/www.csj-emballages.com\/de\/wp-json\/wp\/v2\/product_cat?post=22293"},{"taxonomy":"product_tag","embeddable":true,"href":"https:\/\/www.csj-emballages.com\/de\/wp-json\/wp\/v2\/product_tag?post=22293"}],"curies":[{"name":"wp","href":"https:\/\/api.w.org\/{rel}","templated":true}]}}