{"id":22284,"date":"2024-03-01T16:51:33","date_gmt":"2024-03-01T15:51:33","guid":{"rendered":"https:\/\/u15jnbdpoq.preview.infomaniak.website\/produit\/100-gerade-strohhalme-200-mm-weisses-papier-einzeln-verpackt-o-6-mm\/"},"modified":"2026-05-05T02:17:01","modified_gmt":"2026-05-05T00:17:01","slug":"100-gerade-strohhalme-200-mm-weisses-papier-einzeln-verpackt-o-6-mm","status":"publish","type":"product","link":"https:\/\/www.csj-emballages.com\/de\/produit\/100-gerade-strohhalme-200-mm-weisses-papier-einzeln-verpackt-o-6-mm\/","title":{"rendered":"Strohhalm einzeln verpackt in Papier wei\u00df rechts 200 mm \u00d8 6 mm pro 100"},"content":{"rendered":"<h2>Einzeln verpackter Strohhalm<\/h2>\n<hr>\n<h3>Entdecken Sie unseren einzeln verpackten Strohhalm aus Papier wei\u00df gerade 200 mm \u00d8 6 mm pro 100<\/h3>\n<p><!--more--><\/p>\n<p data-start=\"133\" data-end=\"629\">Bieten Sie Ihren Kunden mit diesen <strong data-start=\"232\" data-end=\"270\">einzeln verpackten, geraden, wei\u00dfen Papierstrohhalmen<\/strong> eine hygienische, praktische und umweltfreundliche L\u00f6sung. Tats\u00e4chlich ist jeder Strohhalm <strong data-start=\"325\" data-end=\"343\">200 mm lang<\/strong> und hat einen <strong data-start=\"352\" data-end=\"372\">Durchmesser von 6 mm<\/strong>, perfekt geeignet f\u00fcr kalte Getr\u00e4nke, Limonaden, Fruchts\u00e4fte oder Cocktails. Die Einzelverpackung garantiert eine <strong data-start=\"496\" data-end=\"521\">einwandfreie Hygiene<\/strong> und ist ideal f\u00fcr die Verwendung in der Gastronomie, im Take-away, bei Veranstaltungen oder sogar zu Hause.  <\/p>\n<p data-start=\"631\" data-end=\"1102\">Diese <strong>wei\u00dfen Trinkhalme<\/strong> wurden f\u00fcr Fastfood-Restaurants, Caf\u00e9s, Saftbars und Catering-Unternehmen entwickelt und vereinen einfache Handhabung, gepflegte Pr\u00e4sentation und Gesundheitsvorsorge. Dank ihres Materials aus robustem <strong>wei\u00dfem Papier<\/strong> sind sie eine umweltfreundliche Alternative zu Plastikstrohhalmen. Sie sind so konzipiert, dass sie bei Kontakt mit Fl\u00fcssigkeit nicht schnell weich werden und so von Anfang bis Ende f\u00fcr ein angenehmes Trinkerlebnis sorgen.  <\/p>\n<p data-start=\"1104\" data-end=\"1351\">Da jeder Strohhalm <strong data-start=\"1124\" data-end=\"1162\">in seiner Papierverpackung gesch\u00fctzt<\/strong> ist, bieten Sie Ihren Kunden au\u00dferdem eine <strong data-start=\"1207\" data-end=\"1235\">sichere und wertige<\/strong> L\u00f6sung, die besonders in Umgebungen gesch\u00e4tzt wird, in denen Hygiene eine wichtige Rolle spielt (Selbstbedienungsrestaurants, Krankenh\u00e4user, Hotels usw.).<\/p>\n<p data-start=\"1353\" data-end=\"1514\">Diese <strong data-start=\"1353\" data-end=\"1389\">praktischen, schlichten und umweltfreundlich gestalteten<\/strong> <strong>Trinkhalme sind einzeln verpackt<\/strong> und eignen sich auch f\u00fcr Privatpersonen, die sich einfache, elegante und umweltfreundliche Produkte w\u00fcnschen.<\/p>\n<p data-start=\"1353\" data-end=\"1514\">\n<p data-start=\"1353\" data-end=\"1514\"><!--more--><\/p>\n<h4>Vorteile :<\/h4>\n<ul>\n<li>Hygienisch sicher durch Einzelverpackung.<\/li>\n<li>Ideale L\u00e4nge f\u00fcr Standardbecher (200 mm).<\/li>\n<li>Vielseitiger Durchmesser (\u00d8 6 mm) f\u00fcr verschiedene Getr\u00e4nke.<\/li>\n<li>Robustes wei\u00dfes Papier, weicht nicht zu schnell auf.<\/li>\n<li>Umweltfreundliches und plastikfreies Produkt.<\/li>\n<li>Geeignet f\u00fcr Berufst\u00e4tige und Privatpersonen.<\/li>\n<\/ul>\n<h3><\/h3>\n<p><!--more--><\/p>\n<h4>Weitere Informationen :<\/h4>\n<ul>\n<li><strong>Verpackung<\/strong>: Packung mit 100 St\u00fcck<\/li>\n<li><strong>Durchmesser<\/strong>: 6 mm<\/li>\n<li><strong>L\u00e4nge<\/strong>: 200 mm<\/li>\n<li><strong>Farbe<\/strong>: Wei\u00df<\/li>\n<li><strong>Material<\/strong>: Papier<\/li>\n<\/ul>\n<p>&nbsp;<\/p>\n<p><!--more--><\/p>\n<p><a href=\"https:\/\/www.csj-emballages.com\/de\/categorie-produit\/lebensmittelverpackungen\/bio-sortiment\/besteck-strohhalme\/bio-strohhalme\/\">Sehen Sie sich hier den Rest unseres Sortiments an Papierstroh an<\/a><\/p>\n","protected":false},"excerpt":{"rendered":"<p>Einzeln verpackter Strohhalm Entdecken Sie unseren einzeln verpackten Strohhalm aus Papier wei\u00df gerade 200 mm \u00d8 6 mm pro 100<\/p>\n","protected":false},"featured_media":240076,"template":"","meta":{"_acf_changed":false},"product_brand":[],"product_cat":[1137,1134,3003,1146,3002,1265],"product_tag":[],"class_list":{"0":"post-22284","1":"product","2":"type-product","3":"status-publish","4":"has-post-thumbnail","6":"product_cat-lebensmittelverpackungen","7":"product_cat-restauration-de","8":"product_cat-strohhalme","9":"product_cat-bio-sortiment","10":"product_cat-bio-strohhalme","11":"product_cat-lagerbestande-promotion","13":"first","14":"instock","15":"sale","16":"taxable","17":"shipping-taxable","18":"purchasable","19":"product-type-simple"},"acf":[],"yoast_head":"<!-- This site is optimized with the Yoast SEO Premium plugin v26.6 (Yoast SEO v26.6) - https:\/\/yoast.com\/wordpress\/plugins\/seo\/ -->\n<title>Strohhalm Einzeln verpackt - Papier Wei\u00df 200 mm \u00d8 6 mm<\/title>\n<meta name=\"description\" content=\"Wei\u00dfer, gerader Papierstrohhalm, einzeln verpackt - 200 mm \u00d8 6 mm, Packung zu 100. Ideal f\u00fcr Profis und Privatpersonen, hygienisch und umweltfreundlich.\" \/>\n<meta name=\"robots\" content=\"index, follow, max-snippet:-1, max-image-preview:large, max-video-preview:-1\" \/>\n<link rel=\"canonical\" href=\"https:\/\/www.csj-emballages.com\/de\/produit\/100-gerade-strohhalme-200-mm-weisses-papier-einzeln-verpackt-o-6-mm\/\" \/>\n<meta property=\"og:locale\" content=\"de_DE\" \/>\n<meta property=\"og:type\" content=\"article\" \/>\n<meta property=\"og:title\" content=\"Strohhalm einzeln verpackt in Papier wei\u00df rechts 200 mm \u00d8 6 mm pro 100\" \/>\n<meta property=\"og:description\" content=\"Wei\u00dfer, gerader Papierstrohhalm, einzeln verpackt - 200 mm \u00d8 6 mm, Packung zu 100. Ideal f\u00fcr Profis und Privatpersonen, hygienisch und umweltfreundlich.\" \/>\n<meta property=\"og:url\" content=\"https:\/\/www.csj-emballages.com\/de\/produit\/100-gerade-strohhalme-200-mm-weisses-papier-einzeln-verpackt-o-6-mm\/\" \/>\n<meta property=\"og:site_name\" content=\"CSJ Emballages\" \/>\n<meta property=\"article:publisher\" content=\"https:\/\/www.facebook.com\/csjemballages\" \/>\n<meta property=\"article:modified_time\" content=\"2026-05-05T00:17:01+00:00\" \/>\n<meta property=\"og:image\" content=\"https:\/\/www.csj-emballages.com\/wp-content\/uploads\/2024\/03\/PAILP200X6BLIND.webp\" \/>\n\t<meta property=\"og:image:width\" content=\"800\" \/>\n\t<meta property=\"og:image:height\" content=\"800\" \/>\n\t<meta property=\"og:image:type\" content=\"image\/webp\" \/>\n<meta name=\"twitter:card\" content=\"summary_large_image\" \/>\n<meta name=\"twitter:label1\" content=\"Gesch\u00e4tzte Lesezeit\" \/>\n\t<meta name=\"twitter:data1\" content=\"1\u00a0Minute\" \/>\n<script type=\"application\/ld+json\" class=\"yoast-schema-graph\">{\"@context\":\"https:\/\/schema.org\",\"@graph\":[{\"@type\":\"WebPage\",\"@id\":\"https:\/\/www.csj-emballages.com\/de\/produit\/100-gerade-strohhalme-200-mm-weisses-papier-einzeln-verpackt-o-6-mm\/\",\"url\":\"https:\/\/www.csj-emballages.com\/de\/produit\/100-gerade-strohhalme-200-mm-weisses-papier-einzeln-verpackt-o-6-mm\/\",\"name\":\"Strohhalm Einzeln verpackt - Papier Wei\u00df 200 mm \u00d8 6 mm\",\"isPartOf\":{\"@id\":\"https:\/\/www.csj-emballages.com\/de\/#website\"},\"primaryImageOfPage\":{\"@id\":\"https:\/\/www.csj-emballages.com\/de\/produit\/100-gerade-strohhalme-200-mm-weisses-papier-einzeln-verpackt-o-6-mm\/#primaryimage\"},\"image\":{\"@id\":\"https:\/\/www.csj-emballages.com\/de\/produit\/100-gerade-strohhalme-200-mm-weisses-papier-einzeln-verpackt-o-6-mm\/#primaryimage\"},\"thumbnailUrl\":\"https:\/\/www.csj-emballages.com\/wp-content\/uploads\/2024\/03\/PAILP200X6BLIND.webp\",\"datePublished\":\"2024-03-01T15:51:33+00:00\",\"dateModified\":\"2026-05-05T00:17:01+00:00\",\"description\":\"Wei\u00dfer, gerader Papierstrohhalm, einzeln verpackt - 200 mm \u00d8 6 mm, Packung zu 100. Ideal f\u00fcr Profis und Privatpersonen, hygienisch und umweltfreundlich.\",\"breadcrumb\":{\"@id\":\"https:\/\/www.csj-emballages.com\/de\/produit\/100-gerade-strohhalme-200-mm-weisses-papier-einzeln-verpackt-o-6-mm\/#breadcrumb\"},\"inLanguage\":\"de\",\"potentialAction\":[{\"@type\":\"ReadAction\",\"target\":[\"https:\/\/www.csj-emballages.com\/de\/produit\/100-gerade-strohhalme-200-mm-weisses-papier-einzeln-verpackt-o-6-mm\/\"]}]},{\"@type\":\"ImageObject\",\"inLanguage\":\"de\",\"@id\":\"https:\/\/www.csj-emballages.com\/de\/produit\/100-gerade-strohhalme-200-mm-weisses-papier-einzeln-verpackt-o-6-mm\/#primaryimage\",\"url\":\"https:\/\/www.csj-emballages.com\/wp-content\/uploads\/2024\/03\/PAILP200X6BLIND.webp\",\"contentUrl\":\"https:\/\/www.csj-emballages.com\/wp-content\/uploads\/2024\/03\/PAILP200X6BLIND.webp\",\"width\":800,\"height\":800,\"caption\":\"Paille emball\u00e9e individuellement\"},{\"@type\":\"BreadcrumbList\",\"@id\":\"https:\/\/www.csj-emballages.com\/de\/produit\/100-gerade-strohhalme-200-mm-weisses-papier-einzeln-verpackt-o-6-mm\/#breadcrumb\",\"itemListElement\":[{\"@type\":\"ListItem\",\"position\":1,\"name\":\"Accueil\",\"item\":\"https:\/\/www.csj-emballages.com\/de\/universum-lebensmittelverpackungen\/\"},{\"@type\":\"ListItem\",\"position\":2,\"name\":\"Shop\",\"item\":\"https:\/\/www.csj-emballages.com\/shop\/\"},{\"@type\":\"ListItem\",\"position\":3,\"name\":\"Strohhalm einzeln verpackt in Papier wei\u00df rechts 200 mm \u00d8 6 mm pro 100\"}]},{\"@type\":\"WebSite\",\"@id\":\"https:\/\/www.csj-emballages.com\/de\/#website\",\"url\":\"https:\/\/www.csj-emballages.com\/de\/\",\"name\":\"CSJ Emballages\",\"description\":\"\",\"publisher\":{\"@id\":\"https:\/\/www.csj-emballages.com\/de\/#organization\"},\"potentialAction\":[{\"@type\":\"SearchAction\",\"target\":{\"@type\":\"EntryPoint\",\"urlTemplate\":\"https:\/\/www.csj-emballages.com\/de\/?s={search_term_string}\"},\"query-input\":{\"@type\":\"PropertyValueSpecification\",\"valueRequired\":true,\"valueName\":\"search_term_string\"}}],\"inLanguage\":\"de\"},{\"@type\":\"Organization\",\"@id\":\"https:\/\/www.csj-emballages.com\/de\/#Organization\/\",\"name\":\"CSJ Emballages\",\"url\":\"https:\/\/www.csj-emballages.com\/de\/\",\"logo\":{\"@type\":\"ImageObject\",\"inLanguage\":\"de\",\"@id\":\"https:\/\/www.csj-emballages.com\/de\/#\/schema\/logo\/image\/\",\"url\":\"https:\/\/www.csj-emballages.com\/wp-content\/uploads\/2023\/10\/logo_csj.webp\",\"contentUrl\":\"https:\/\/www.csj-emballages.com\/wp-content\/uploads\/2023\/10\/logo_csj.webp\",\"width\":250,\"height\":95,\"caption\":\"CSJ Emballages\"},\"image\":{\"@id\":\"https:\/\/www.csj-emballages.com\/de\/#\/schema\/logo\/image\/\"},\"sameAs\":[\"https:\/\/www.facebook.com\/csjemballages\"],\"address\":{\"@type\":\"PostalAddress\",\"streetAddress\":\"ZI La Lechere\",\"addressLocality\":\"Patornay\",\"postalCode\":\"39130\",\"addressCountry\":\"FR\"},\"contactPoint\":[{\"@type\":\"ContactPoint\",\"contactType\":\"Service client\",\"telephone\":\"0384254272\",\"email\":\"contact@csj-emballages.com\"}]}]}<\/script>\n<!-- \/ Yoast SEO Premium plugin. -->","yoast_head_json":{"title":"Strohhalm Einzeln verpackt - Papier Wei\u00df 200 mm \u00d8 6 mm","description":"Wei\u00dfer, gerader Papierstrohhalm, einzeln verpackt - 200 mm \u00d8 6 mm, Packung zu 100. Ideal f\u00fcr Profis und Privatpersonen, hygienisch und umweltfreundlich.","robots":{"index":"index","follow":"follow","max-snippet":"max-snippet:-1","max-image-preview":"max-image-preview:large","max-video-preview":"max-video-preview:-1"},"canonical":"https:\/\/www.csj-emballages.com\/de\/produit\/100-gerade-strohhalme-200-mm-weisses-papier-einzeln-verpackt-o-6-mm\/","og_locale":"de_DE","og_type":"article","og_title":"Strohhalm einzeln verpackt in Papier wei\u00df rechts 200 mm \u00d8 6 mm pro 100","og_description":"Wei\u00dfer, gerader Papierstrohhalm, einzeln verpackt - 200 mm \u00d8 6 mm, Packung zu 100. Ideal f\u00fcr Profis und Privatpersonen, hygienisch und umweltfreundlich.","og_url":"https:\/\/www.csj-emballages.com\/de\/produit\/100-gerade-strohhalme-200-mm-weisses-papier-einzeln-verpackt-o-6-mm\/","og_site_name":"CSJ Emballages","article_publisher":"https:\/\/www.facebook.com\/csjemballages","article_modified_time":"2026-05-05T00:17:01+00:00","og_image":[{"width":800,"height":800,"url":"https:\/\/www.csj-emballages.com\/wp-content\/uploads\/2024\/03\/PAILP200X6BLIND.webp","type":"image\/webp"}],"twitter_card":"summary_large_image","twitter_misc":{"Gesch\u00e4tzte Lesezeit":"1\u00a0Minute"},"schema":{"@context":"https:\/\/schema.org","@graph":[{"@type":"WebPage","@id":"https:\/\/www.csj-emballages.com\/de\/produit\/100-gerade-strohhalme-200-mm-weisses-papier-einzeln-verpackt-o-6-mm\/","url":"https:\/\/www.csj-emballages.com\/de\/produit\/100-gerade-strohhalme-200-mm-weisses-papier-einzeln-verpackt-o-6-mm\/","name":"Strohhalm Einzeln verpackt - Papier Wei\u00df 200 mm \u00d8 6 mm","isPartOf":{"@id":"https:\/\/www.csj-emballages.com\/de\/#website"},"primaryImageOfPage":{"@id":"https:\/\/www.csj-emballages.com\/de\/produit\/100-gerade-strohhalme-200-mm-weisses-papier-einzeln-verpackt-o-6-mm\/#primaryimage"},"image":{"@id":"https:\/\/www.csj-emballages.com\/de\/produit\/100-gerade-strohhalme-200-mm-weisses-papier-einzeln-verpackt-o-6-mm\/#primaryimage"},"thumbnailUrl":"https:\/\/www.csj-emballages.com\/wp-content\/uploads\/2024\/03\/PAILP200X6BLIND.webp","datePublished":"2024-03-01T15:51:33+00:00","dateModified":"2026-05-05T00:17:01+00:00","description":"Wei\u00dfer, gerader Papierstrohhalm, einzeln verpackt - 200 mm \u00d8 6 mm, Packung zu 100. Ideal f\u00fcr Profis und Privatpersonen, hygienisch und umweltfreundlich.","breadcrumb":{"@id":"https:\/\/www.csj-emballages.com\/de\/produit\/100-gerade-strohhalme-200-mm-weisses-papier-einzeln-verpackt-o-6-mm\/#breadcrumb"},"inLanguage":"de","potentialAction":[{"@type":"ReadAction","target":["https:\/\/www.csj-emballages.com\/de\/produit\/100-gerade-strohhalme-200-mm-weisses-papier-einzeln-verpackt-o-6-mm\/"]}]},{"@type":"ImageObject","inLanguage":"de","@id":"https:\/\/www.csj-emballages.com\/de\/produit\/100-gerade-strohhalme-200-mm-weisses-papier-einzeln-verpackt-o-6-mm\/#primaryimage","url":"https:\/\/www.csj-emballages.com\/wp-content\/uploads\/2024\/03\/PAILP200X6BLIND.webp","contentUrl":"https:\/\/www.csj-emballages.com\/wp-content\/uploads\/2024\/03\/PAILP200X6BLIND.webp","width":800,"height":800,"caption":"Paille emball\u00e9e individuellement"},{"@type":"BreadcrumbList","@id":"https:\/\/www.csj-emballages.com\/de\/produit\/100-gerade-strohhalme-200-mm-weisses-papier-einzeln-verpackt-o-6-mm\/#breadcrumb","itemListElement":[{"@type":"ListItem","position":1,"name":"Accueil","item":"https:\/\/www.csj-emballages.com\/de\/universum-lebensmittelverpackungen\/"},{"@type":"ListItem","position":2,"name":"Shop","item":"https:\/\/www.csj-emballages.com\/shop\/"},{"@type":"ListItem","position":3,"name":"Strohhalm einzeln verpackt in Papier wei\u00df rechts 200 mm \u00d8 6 mm pro 100"}]},{"@type":"WebSite","@id":"https:\/\/www.csj-emballages.com\/de\/#website","url":"https:\/\/www.csj-emballages.com\/de\/","name":"CSJ Emballages","description":"","publisher":{"@id":"https:\/\/www.csj-emballages.com\/de\/#organization"},"potentialAction":[{"@type":"SearchAction","target":{"@type":"EntryPoint","urlTemplate":"https:\/\/www.csj-emballages.com\/de\/?s={search_term_string}"},"query-input":{"@type":"PropertyValueSpecification","valueRequired":true,"valueName":"search_term_string"}}],"inLanguage":"de"},{"@type":"Organization","@id":"https:\/\/www.csj-emballages.com\/de\/#Organization\/","name":"CSJ Emballages","url":"https:\/\/www.csj-emballages.com\/de\/","logo":{"@type":"ImageObject","inLanguage":"de","@id":"https:\/\/www.csj-emballages.com\/de\/#\/schema\/logo\/image\/","url":"https:\/\/www.csj-emballages.com\/wp-content\/uploads\/2023\/10\/logo_csj.webp","contentUrl":"https:\/\/www.csj-emballages.com\/wp-content\/uploads\/2023\/10\/logo_csj.webp","width":250,"height":95,"caption":"CSJ Emballages"},"image":{"@id":"https:\/\/www.csj-emballages.com\/de\/#\/schema\/logo\/image\/"},"sameAs":["https:\/\/www.facebook.com\/csjemballages"],"address":{"@type":"PostalAddress","streetAddress":"ZI La Lechere","addressLocality":"Patornay","postalCode":"39130","addressCountry":"FR"},"contactPoint":[{"@type":"ContactPoint","contactType":"Service client","telephone":"0384254272","email":"contact@csj-emballages.com"}]}]}},"df_price":1.56,"df_sale_price":1.56,"df_regular_price":3.12,"df_image_link":"https:\/\/www.csj-emballages.com\/wp-content\/uploads\/2024\/03\/PAILP200X6BLIND-300x300.webp","tiered_pricing_type":"fixed","tiered_pricing_fixed_rules":[],"tiered_pricing_percentage_rules":[],"tiered_pricing_minimum":1,"tiered_pricing_roles_data":[],"_links":{"self":[{"href":"https:\/\/www.csj-emballages.com\/de\/wp-json\/wp\/v2\/product\/22284","targetHints":{"allow":["GET"]}}],"collection":[{"href":"https:\/\/www.csj-emballages.com\/de\/wp-json\/wp\/v2\/product"}],"about":[{"href":"https:\/\/www.csj-emballages.com\/de\/wp-json\/wp\/v2\/types\/product"}],"wp:featuredmedia":[{"embeddable":true,"href":"https:\/\/www.csj-emballages.com\/de\/wp-json\/wp\/v2\/media\/240076"}],"wp:attachment":[{"href":"https:\/\/www.csj-emballages.com\/de\/wp-json\/wp\/v2\/media?parent=22284"}],"wp:term":[{"taxonomy":"product_brand","embeddable":true,"href":"https:\/\/www.csj-emballages.com\/de\/wp-json\/wp\/v2\/product_brand?post=22284"},{"taxonomy":"product_cat","embeddable":true,"href":"https:\/\/www.csj-emballages.com\/de\/wp-json\/wp\/v2\/product_cat?post=22284"},{"taxonomy":"product_tag","embeddable":true,"href":"https:\/\/www.csj-emballages.com\/de\/wp-json\/wp\/v2\/product_tag?post=22284"}],"curies":[{"name":"wp","href":"https:\/\/api.w.org\/{rel}","templated":true}]}}