{"id":22282,"date":"2024-03-01T16:51:32","date_gmt":"2024-03-01T15:51:32","guid":{"rendered":"https:\/\/u15jnbdpoq.preview.infomaniak.website\/produit\/100-strohhalme-gerade-loeffel-200-mm-papier-farbig-o-8-mm\/"},"modified":"2026-04-28T18:00:39","modified_gmt":"2026-04-28T16:00:39","slug":"100-strohhalme-gerade-loeffel-200-mm-papier-farbig-o-8-mm","status":"publish","type":"product","link":"https:\/\/www.csj-emballages.com\/de\/produit\/100-strohhalme-gerade-loeffel-200-mm-papier-farbig-o-8-mm\/","title":{"rendered":"Papierstrohhalm L\u00f6ffel schwarz \/ wei\u00df gerade 200 mm \u00d8 8 mm pro 100"},"content":{"rendered":"<h2>Stroh<\/h2>\n<hr>\n<h3>Beschreibung von unserem Papierstrohhalm L\u00f6ffel schwarz \/ wei\u00df gerade 200 mm \u00d8 8 mm pro 100<\/h3>\n<p><!--more--><\/p>\n<p>Entdecken Sie unseren unglaublichen l\u00f6ffelartigen Papierstrohhalm in der Gr\u00f6\u00dfe 200 mm x 8 mm, der jedem Getr\u00e4nk einen Hauch von Spa\u00df verleihen soll. Er besteht aus farbigem Papier und ist umweltfreundlich, biologisch abbaubar und somit perfekt f\u00fcr die Umwelt. Ihr Durchmesser von 8 mm ist ideal f\u00fcr den Genuss von Smoothies, Milchshakes, Granita und anderen dickfl\u00fcssigen Getr\u00e4nken. Dank ihres cleveren Designs vereinen diese Trinkhalme einen L\u00f6ffel und einen Strohhalm in einem praktischen Produkt. Bieten Sie Ihren G\u00e4sten mit diesen multifunktionalen Strohhalmen ein einzigartiges Geschmackserlebnis. Sie sind stabil und widerstandsf\u00e4hig und zerfallen selbst in den dicksten Getr\u00e4nken nicht. Sie eignen sich perfekt f\u00fcr Caf\u00e9s, Restaurants, Bars und nat\u00fcrlich auch f\u00fcr zu Hause. Sie sind einfach zu benutzen und wegwerfbar und somit praktisch f\u00fcr jede Gelegenheit.       <\/p>\n<p>&nbsp;<\/p>\n<p><!--more--><\/p>\n<p>Ihr innovatives Design wird sowohl von Kindern als auch von Erwachsenen gesch\u00e4tzt.<\/p>\n<p>&nbsp;<\/p>\n<p><!--more--><\/p>\n<p><strong>Ihre Vorteile :<\/strong><\/p>\n<ul>\n<li><strong>Multifunktional: <\/strong>Eine geniale Kombination aus Strohhalm und L\u00f6ffel, ideal f\u00fcr dickfl\u00fcssige Getr\u00e4nke wie Smoothies und Milchshakes.<\/li>\n<li><strong>Ideal f\u00fcr den professionellen und privaten<\/strong> Gebrauch: Perfekt f\u00fcr Caf\u00e9s, Restaurants, Bars und auch f\u00fcr den Hausgebrauch bei Partys oder Familienessen.<\/li>\n<li><strong>Umweltfreundlich und biologisch abbaubar<\/strong>: Hergestellt aus Papier sind sie umweltfreundlich und tragen zur Reduzierung von Plastikm\u00fcll bei.<\/li>\n<li><strong>Praktisch und wegwerfbar<\/strong>: Sie sind einfach zu verwenden und bieten eine praktische L\u00f6sung f\u00fcr alle Ihre Getr\u00e4nke, ohne dass Sie sich um die Reinigung k\u00fcmmern m\u00fcssen.<\/li>\n<\/ul>\n<p>&nbsp;<\/p>\n<p><!--more--><\/p>\n<p><a href=\"\/?product_cat=pailles\">Sehen Sie sich den Rest unseres Sortiments an biologisch abbaubaren Strohhalmen an<\/a><\/p>\n","protected":false},"excerpt":{"rendered":"<p>Stroh Beschreibung von unserem Papierstrohhalm L\u00f6ffel schwarz \/ wei\u00df gerade 200 mm \u00d8 8 mm pro 100<\/p>\n","protected":false},"featured_media":32433,"template":"","meta":{"_acf_changed":false},"product_brand":[],"product_cat":[1137,1134,3003,1146,3002],"product_tag":[],"class_list":{"0":"post-22282","1":"product","2":"type-product","3":"status-publish","4":"has-post-thumbnail","6":"product_cat-lebensmittelverpackungen","7":"product_cat-restauration-de","8":"product_cat-strohhalme","9":"product_cat-bio-sortiment","10":"product_cat-bio-strohhalme","12":"first","13":"instock","14":"taxable","15":"shipping-taxable","16":"purchasable","17":"product-type-simple"},"acf":[],"yoast_head":"<!-- This site is optimized with the Yoast SEO Premium plugin v26.6 (Yoast SEO v26.6) - https:\/\/yoast.com\/wordpress\/plugins\/seo\/ -->\n<title>Papierstrohhalm L\u00f6ffel farbig - 200mm x 8 mm<\/title>\n<meta name=\"description\" content=\"Entdecken Sie unseren Papierstrohhalm gerade L\u00f6ffel 200mm x 8 mm: umweltfreundlich, multifunktional, widerstandsf\u00e4hig und perfekt f\u00fcr alle Ihre Getr\u00e4nke.\" \/>\n<meta name=\"robots\" content=\"index, follow, max-snippet:-1, max-image-preview:large, max-video-preview:-1\" \/>\n<link rel=\"canonical\" href=\"https:\/\/www.csj-emballages.com\/de\/produit\/100-strohhalme-gerade-loeffel-200-mm-papier-farbig-o-8-mm\/\" \/>\n<meta property=\"og:locale\" content=\"de_DE\" \/>\n<meta property=\"og:type\" content=\"article\" \/>\n<meta property=\"og:title\" content=\"Papierstrohhalm L\u00f6ffel farbig - 200mm x 8 mm\" \/>\n<meta property=\"og:description\" content=\"Entdecken Sie unseren Papierstrohhalm gerade L\u00f6ffel 200mm x 8 mm: umweltfreundlich, multifunktional, widerstandsf\u00e4hig und perfekt f\u00fcr alle Ihre Getr\u00e4nke.\" \/>\n<meta property=\"og:url\" content=\"https:\/\/www.csj-emballages.com\/de\/produit\/100-strohhalme-gerade-loeffel-200-mm-papier-farbig-o-8-mm\/\" \/>\n<meta property=\"og:site_name\" content=\"CSJ Emballages\" \/>\n<meta property=\"article:publisher\" content=\"https:\/\/www.facebook.com\/csjemballages\" \/>\n<meta property=\"article:modified_time\" content=\"2026-04-28T16:00:39+00:00\" \/>\n<meta property=\"og:image\" content=\"https:\/\/www.csj-emballages.com\/wp-content\/uploads\/2024\/03\/001010794-1-scaled-e1721638323186.webp\" \/>\n\t<meta property=\"og:image:width\" content=\"2560\" \/>\n\t<meta property=\"og:image:height\" content=\"1707\" \/>\n\t<meta property=\"og:image:type\" content=\"image\/jpeg\" \/>\n<meta name=\"twitter:card\" content=\"summary_large_image\" \/>\n<meta name=\"twitter:title\" content=\"Papierstrohhalm L\u00f6ffel farbig - 200mm x 8 mm\" \/>\n<meta name=\"twitter:description\" content=\"Entdecken Sie unseren Papierstrohhalm gerade L\u00f6ffel 200mm x 8 mm: umweltfreundlich, multifunktional, widerstandsf\u00e4hig und perfekt f\u00fcr alle Ihre Getr\u00e4nke.\" \/>\n<meta name=\"twitter:label1\" content=\"Gesch\u00e4tzte Lesezeit\" \/>\n\t<meta name=\"twitter:data1\" content=\"1\u00a0Minute\" \/>\n<script type=\"application\/ld+json\" class=\"yoast-schema-graph\">{\"@context\":\"https:\/\/schema.org\",\"@graph\":[{\"@type\":\"WebPage\",\"@id\":\"https:\/\/www.csj-emballages.com\/de\/produit\/100-strohhalme-gerade-loeffel-200-mm-papier-farbig-o-8-mm\/\",\"url\":\"https:\/\/www.csj-emballages.com\/de\/produit\/100-strohhalme-gerade-loeffel-200-mm-papier-farbig-o-8-mm\/\",\"name\":\"Papierstrohhalm L\u00f6ffel farbig - 200mm x 8 mm\",\"isPartOf\":{\"@id\":\"https:\/\/www.csj-emballages.com\/de\/#website\"},\"primaryImageOfPage\":{\"@id\":\"https:\/\/www.csj-emballages.com\/de\/produit\/100-strohhalme-gerade-loeffel-200-mm-papier-farbig-o-8-mm\/#primaryimage\"},\"image\":{\"@id\":\"https:\/\/www.csj-emballages.com\/de\/produit\/100-strohhalme-gerade-loeffel-200-mm-papier-farbig-o-8-mm\/#primaryimage\"},\"thumbnailUrl\":\"https:\/\/www.csj-emballages.com\/wp-content\/uploads\/2024\/03\/001010794-1-scaled-e1721638323186.webp\",\"datePublished\":\"2024-03-01T15:51:32+00:00\",\"dateModified\":\"2026-04-28T16:00:39+00:00\",\"description\":\"Entdecken Sie unseren Papierstrohhalm gerade L\u00f6ffel 200mm x 8 mm: umweltfreundlich, multifunktional, widerstandsf\u00e4hig und perfekt f\u00fcr alle Ihre Getr\u00e4nke.\",\"breadcrumb\":{\"@id\":\"https:\/\/www.csj-emballages.com\/de\/produit\/100-strohhalme-gerade-loeffel-200-mm-papier-farbig-o-8-mm\/#breadcrumb\"},\"inLanguage\":\"de\",\"potentialAction\":[{\"@type\":\"ReadAction\",\"target\":[\"https:\/\/www.csj-emballages.com\/de\/produit\/100-strohhalme-gerade-loeffel-200-mm-papier-farbig-o-8-mm\/\"]}]},{\"@type\":\"ImageObject\",\"inLanguage\":\"de\",\"@id\":\"https:\/\/www.csj-emballages.com\/de\/produit\/100-strohhalme-gerade-loeffel-200-mm-papier-farbig-o-8-mm\/#primaryimage\",\"url\":\"https:\/\/www.csj-emballages.com\/wp-content\/uploads\/2024\/03\/001010794-1-scaled-e1721638323186.webp\",\"contentUrl\":\"https:\/\/www.csj-emballages.com\/wp-content\/uploads\/2024\/03\/001010794-1-scaled-e1721638323186.webp\",\"width\":2560,\"height\":1707,\"caption\":\"Pailles droites cuill\u00e8res 200mm\"},{\"@type\":\"BreadcrumbList\",\"@id\":\"https:\/\/www.csj-emballages.com\/de\/produit\/100-strohhalme-gerade-loeffel-200-mm-papier-farbig-o-8-mm\/#breadcrumb\",\"itemListElement\":[{\"@type\":\"ListItem\",\"position\":1,\"name\":\"Accueil\",\"item\":\"https:\/\/www.csj-emballages.com\/de\/universum-lebensmittelverpackungen\/\"},{\"@type\":\"ListItem\",\"position\":2,\"name\":\"Shop\",\"item\":\"https:\/\/www.csj-emballages.com\/shop\/\"},{\"@type\":\"ListItem\",\"position\":3,\"name\":\"Papierstrohhalm L\u00f6ffel schwarz \/ wei\u00df gerade 200 mm \u00d8 8 mm pro 100\"}]},{\"@type\":\"WebSite\",\"@id\":\"https:\/\/www.csj-emballages.com\/de\/#website\",\"url\":\"https:\/\/www.csj-emballages.com\/de\/\",\"name\":\"CSJ Emballages\",\"description\":\"\",\"publisher\":{\"@id\":\"https:\/\/www.csj-emballages.com\/de\/#organization\"},\"potentialAction\":[{\"@type\":\"SearchAction\",\"target\":{\"@type\":\"EntryPoint\",\"urlTemplate\":\"https:\/\/www.csj-emballages.com\/de\/?s={search_term_string}\"},\"query-input\":{\"@type\":\"PropertyValueSpecification\",\"valueRequired\":true,\"valueName\":\"search_term_string\"}}],\"inLanguage\":\"de\"},{\"@type\":\"Organization\",\"@id\":\"https:\/\/www.csj-emballages.com\/de\/#Organization\/\",\"name\":\"CSJ Emballages\",\"url\":\"https:\/\/www.csj-emballages.com\/de\/\",\"logo\":{\"@type\":\"ImageObject\",\"inLanguage\":\"de\",\"@id\":\"https:\/\/www.csj-emballages.com\/de\/#\/schema\/logo\/image\/\",\"url\":\"https:\/\/www.csj-emballages.com\/wp-content\/uploads\/2023\/10\/logo_csj.webp\",\"contentUrl\":\"https:\/\/www.csj-emballages.com\/wp-content\/uploads\/2023\/10\/logo_csj.webp\",\"width\":250,\"height\":95,\"caption\":\"CSJ Emballages\"},\"image\":{\"@id\":\"https:\/\/www.csj-emballages.com\/de\/#\/schema\/logo\/image\/\"},\"sameAs\":[\"https:\/\/www.facebook.com\/csjemballages\"],\"address\":{\"@type\":\"PostalAddress\",\"streetAddress\":\"ZI La Lechere\",\"addressLocality\":\"Patornay\",\"postalCode\":\"39130\",\"addressCountry\":\"FR\"},\"contactPoint\":[{\"@type\":\"ContactPoint\",\"contactType\":\"Service client\",\"telephone\":\"0384254272\",\"email\":\"contact@csj-emballages.com\"}]}]}<\/script>\n<!-- \/ Yoast SEO Premium plugin. -->","yoast_head_json":{"title":"Papierstrohhalm L\u00f6ffel farbig - 200mm x 8 mm","description":"Entdecken Sie unseren Papierstrohhalm gerade L\u00f6ffel 200mm x 8 mm: umweltfreundlich, multifunktional, widerstandsf\u00e4hig und perfekt f\u00fcr alle Ihre Getr\u00e4nke.","robots":{"index":"index","follow":"follow","max-snippet":"max-snippet:-1","max-image-preview":"max-image-preview:large","max-video-preview":"max-video-preview:-1"},"canonical":"https:\/\/www.csj-emballages.com\/de\/produit\/100-strohhalme-gerade-loeffel-200-mm-papier-farbig-o-8-mm\/","og_locale":"de_DE","og_type":"article","og_title":"Papierstrohhalm L\u00f6ffel farbig - 200mm x 8 mm","og_description":"Entdecken Sie unseren Papierstrohhalm gerade L\u00f6ffel 200mm x 8 mm: umweltfreundlich, multifunktional, widerstandsf\u00e4hig und perfekt f\u00fcr alle Ihre Getr\u00e4nke.","og_url":"https:\/\/www.csj-emballages.com\/de\/produit\/100-strohhalme-gerade-loeffel-200-mm-papier-farbig-o-8-mm\/","og_site_name":"CSJ Emballages","article_publisher":"https:\/\/www.facebook.com\/csjemballages","article_modified_time":"2026-04-28T16:00:39+00:00","og_image":[{"width":2560,"height":1707,"url":"https:\/\/www.csj-emballages.com\/wp-content\/uploads\/2024\/03\/001010794-1-scaled-e1721638323186.webp","type":"image\/jpeg"}],"twitter_card":"summary_large_image","twitter_title":"Papierstrohhalm L\u00f6ffel farbig - 200mm x 8 mm","twitter_description":"Entdecken Sie unseren Papierstrohhalm gerade L\u00f6ffel 200mm x 8 mm: umweltfreundlich, multifunktional, widerstandsf\u00e4hig und perfekt f\u00fcr alle Ihre Getr\u00e4nke.","twitter_misc":{"Gesch\u00e4tzte Lesezeit":"1\u00a0Minute"},"schema":{"@context":"https:\/\/schema.org","@graph":[{"@type":"WebPage","@id":"https:\/\/www.csj-emballages.com\/de\/produit\/100-strohhalme-gerade-loeffel-200-mm-papier-farbig-o-8-mm\/","url":"https:\/\/www.csj-emballages.com\/de\/produit\/100-strohhalme-gerade-loeffel-200-mm-papier-farbig-o-8-mm\/","name":"Papierstrohhalm L\u00f6ffel farbig - 200mm x 8 mm","isPartOf":{"@id":"https:\/\/www.csj-emballages.com\/de\/#website"},"primaryImageOfPage":{"@id":"https:\/\/www.csj-emballages.com\/de\/produit\/100-strohhalme-gerade-loeffel-200-mm-papier-farbig-o-8-mm\/#primaryimage"},"image":{"@id":"https:\/\/www.csj-emballages.com\/de\/produit\/100-strohhalme-gerade-loeffel-200-mm-papier-farbig-o-8-mm\/#primaryimage"},"thumbnailUrl":"https:\/\/www.csj-emballages.com\/wp-content\/uploads\/2024\/03\/001010794-1-scaled-e1721638323186.webp","datePublished":"2024-03-01T15:51:32+00:00","dateModified":"2026-04-28T16:00:39+00:00","description":"Entdecken Sie unseren Papierstrohhalm gerade L\u00f6ffel 200mm x 8 mm: umweltfreundlich, multifunktional, widerstandsf\u00e4hig und perfekt f\u00fcr alle Ihre Getr\u00e4nke.","breadcrumb":{"@id":"https:\/\/www.csj-emballages.com\/de\/produit\/100-strohhalme-gerade-loeffel-200-mm-papier-farbig-o-8-mm\/#breadcrumb"},"inLanguage":"de","potentialAction":[{"@type":"ReadAction","target":["https:\/\/www.csj-emballages.com\/de\/produit\/100-strohhalme-gerade-loeffel-200-mm-papier-farbig-o-8-mm\/"]}]},{"@type":"ImageObject","inLanguage":"de","@id":"https:\/\/www.csj-emballages.com\/de\/produit\/100-strohhalme-gerade-loeffel-200-mm-papier-farbig-o-8-mm\/#primaryimage","url":"https:\/\/www.csj-emballages.com\/wp-content\/uploads\/2024\/03\/001010794-1-scaled-e1721638323186.webp","contentUrl":"https:\/\/www.csj-emballages.com\/wp-content\/uploads\/2024\/03\/001010794-1-scaled-e1721638323186.webp","width":2560,"height":1707,"caption":"Pailles droites cuill\u00e8res 200mm"},{"@type":"BreadcrumbList","@id":"https:\/\/www.csj-emballages.com\/de\/produit\/100-strohhalme-gerade-loeffel-200-mm-papier-farbig-o-8-mm\/#breadcrumb","itemListElement":[{"@type":"ListItem","position":1,"name":"Accueil","item":"https:\/\/www.csj-emballages.com\/de\/universum-lebensmittelverpackungen\/"},{"@type":"ListItem","position":2,"name":"Shop","item":"https:\/\/www.csj-emballages.com\/shop\/"},{"@type":"ListItem","position":3,"name":"Papierstrohhalm L\u00f6ffel schwarz \/ wei\u00df gerade 200 mm \u00d8 8 mm pro 100"}]},{"@type":"WebSite","@id":"https:\/\/www.csj-emballages.com\/de\/#website","url":"https:\/\/www.csj-emballages.com\/de\/","name":"CSJ Emballages","description":"","publisher":{"@id":"https:\/\/www.csj-emballages.com\/de\/#organization"},"potentialAction":[{"@type":"SearchAction","target":{"@type":"EntryPoint","urlTemplate":"https:\/\/www.csj-emballages.com\/de\/?s={search_term_string}"},"query-input":{"@type":"PropertyValueSpecification","valueRequired":true,"valueName":"search_term_string"}}],"inLanguage":"de"},{"@type":"Organization","@id":"https:\/\/www.csj-emballages.com\/de\/#Organization\/","name":"CSJ Emballages","url":"https:\/\/www.csj-emballages.com\/de\/","logo":{"@type":"ImageObject","inLanguage":"de","@id":"https:\/\/www.csj-emballages.com\/de\/#\/schema\/logo\/image\/","url":"https:\/\/www.csj-emballages.com\/wp-content\/uploads\/2023\/10\/logo_csj.webp","contentUrl":"https:\/\/www.csj-emballages.com\/wp-content\/uploads\/2023\/10\/logo_csj.webp","width":250,"height":95,"caption":"CSJ Emballages"},"image":{"@id":"https:\/\/www.csj-emballages.com\/de\/#\/schema\/logo\/image\/"},"sameAs":["https:\/\/www.facebook.com\/csjemballages"],"address":{"@type":"PostalAddress","streetAddress":"ZI La Lechere","addressLocality":"Patornay","postalCode":"39130","addressCountry":"FR"},"contactPoint":[{"@type":"ContactPoint","contactType":"Service client","telephone":"0384254272","email":"contact@csj-emballages.com"}]}]}},"df_price":2.02,"df_sale_price":"","df_regular_price":2.02,"df_image_link":"https:\/\/www.csj-emballages.com\/wp-content\/uploads\/2024\/03\/001010794-1-300x200.webp","tiered_pricing_type":"fixed","tiered_pricing_fixed_rules":[],"tiered_pricing_percentage_rules":[],"tiered_pricing_minimum":1,"tiered_pricing_roles_data":[],"_links":{"self":[{"href":"https:\/\/www.csj-emballages.com\/de\/wp-json\/wp\/v2\/product\/22282","targetHints":{"allow":["GET"]}}],"collection":[{"href":"https:\/\/www.csj-emballages.com\/de\/wp-json\/wp\/v2\/product"}],"about":[{"href":"https:\/\/www.csj-emballages.com\/de\/wp-json\/wp\/v2\/types\/product"}],"wp:featuredmedia":[{"embeddable":true,"href":"https:\/\/www.csj-emballages.com\/de\/wp-json\/wp\/v2\/media\/32433"}],"wp:attachment":[{"href":"https:\/\/www.csj-emballages.com\/de\/wp-json\/wp\/v2\/media?parent=22282"}],"wp:term":[{"taxonomy":"product_brand","embeddable":true,"href":"https:\/\/www.csj-emballages.com\/de\/wp-json\/wp\/v2\/product_brand?post=22282"},{"taxonomy":"product_cat","embeddable":true,"href":"https:\/\/www.csj-emballages.com\/de\/wp-json\/wp\/v2\/product_cat?post=22282"},{"taxonomy":"product_tag","embeddable":true,"href":"https:\/\/www.csj-emballages.com\/de\/wp-json\/wp\/v2\/product_tag?post=22282"}],"curies":[{"name":"wp","href":"https:\/\/api.w.org\/{rel}","templated":true}]}}