{"id":22266,"date":"2024-03-01T16:51:33","date_gmt":"2024-03-01T15:51:33","guid":{"rendered":"https:\/\/u15jnbdpoq.preview.infomaniak.website\/produit\/100-gerade-strohhalme-200-mm-kraftpapier-o-6-mm\/"},"modified":"2026-04-30T10:01:24","modified_gmt":"2026-04-30T08:01:24","slug":"100-gerade-strohhalme-200-mm-kraftpapier-o-6-mm","status":"publish","type":"product","link":"https:\/\/www.csj-emballages.com\/de\/produit\/100-gerade-strohhalme-200-mm-kraftpapier-o-6-mm\/","title":{"rendered":"Strohhalm aus Kraftpapier gerade 200 mm \u00d8 6 mm pro 100"},"content":{"rendered":"<h2>Papierstrohhalm<\/h2>\n<hr>\n<h3>Beschreibung von unserem Strohhalm aus Kraftpapier gerade 200 mm \u00d8 6 mm pro 100<\/h3>\n<p><!--more--><\/p>\n<p data-start=\"113\" data-end=\"387\">Unsere umweltfreundlichen, praktischen und eleganten <strong data-start=\"154\" data-end=\"211\">geraden Trinkhalme aus Kraftpapier 200 mm \u00d8 6 mm pro 100 St\u00fcck<\/strong> wurden entwickelt, um sowohl den Bed\u00fcrfnissen der professionellen Gastronomie als auch denen von Privatpersonen gerecht zu werden, die Praktizit\u00e4t und Umweltfreundlichkeit miteinander verbinden m\u00f6chten.<\/p>\n<p data-start=\"389\" data-end=\"923\">Sie bestehen aus robustem, lebensmittelechtem <strong>Kraftpapier<\/strong>, sind sehr widerstandsf\u00e4hig und weichen nicht so schnell auf, wenn sie mit Fl\u00fcssigkeiten in Ber\u00fchrung kommen, wie es bei einigen billigen Alternativen der Fall ist. Mit einem <strong>Durchmesser von 6 mm<\/strong> sind sie die ideale Wahl f\u00fcr alle Arten von Getr\u00e4nken: Limonaden, Fruchts\u00e4fte, Cocktails, leichte Smoothies oder auch kalte Getr\u00e4nke. Mit einer <strong data-start=\"793\" data-end=\"823\">Standardl\u00e4nge von 20 cm<\/strong> passen sie perfekt in die meisten Gl\u00e4ser und Becher, die im t\u00e4glichen Gebrauch verwendet werden.  <\/p>\n<p data-start=\"925\" data-end=\"1301\">Diese <strong>Papierstrohhalme<\/strong> verleihen Ihren Pr\u00e4sentationen eine <strong data-start=\"951\" data-end=\"986\">nat\u00fcrliche und authentische Note<\/strong>, die besonders in Bars, Restaurants, auf Veranstaltungen, in Foodtrucks oder auch zu Hause bei Empf\u00e4ngen gesch\u00e4tzt wird. Ihr schlichtes Design aus Kraftpapier passt sowohl zu einem modernen als auch zu einem rustikalen Ambiente und bekr\u00e4ftigt gleichzeitig ein klares Bekenntnis zu einem verantwortungsvolleren Konsum. <\/p>\n<p data-start=\"1303\" data-end=\"1608\">Mit diesem Set aus <strong>100 Strohhalmen<\/strong> verf\u00fcgen Sie \u00fcber eine praktische Verpackung, die sich ideal f\u00fcr den professionellen Service eignet. Sie sind leicht zu lagern, im Nu in der Hand und garantieren einen hohen Benutzerkomfort unter Einhaltung der Lebensmittelhygienevorschriften. <\/p>\n<p data-start=\"1610\" data-end=\"1830\">Nehmen Sie unsere <strong>Trinkhalme aus Kraftpapier<\/strong> an und bieten Sie Ihren Kunden oder G\u00e4sten eine <strong data-start=\"1688\" data-end=\"1714\">umweltfreundliche Alternative<\/strong> zu <strong>Plastikstrohhalmen<\/strong>.<\/p>\n<p data-start=\"1610\" data-end=\"1830\">\n<p data-start=\"1610\" data-end=\"1830\"><!--more--><\/p>\n<h4>Vorteile :<\/h4>\n<ul>\n<li>Umweltfreundlich und plastikfrei.<\/li>\n<li>Widerstandsf\u00e4hig und f\u00fcr kalte Getr\u00e4nke geeignet.<\/li>\n<li>Standardgr\u00f6\u00dfe (200 mm) praktisch f\u00fcr die meisten Gl\u00e4ser.<\/li>\n<li>Durchmesser von 6 mm ideal f\u00fcr S\u00e4fte, Limonaden und Cocktails.<\/li>\n<li>Sparset mit 100 Strohhalmen f\u00fcr Privatpersonen und Profis.<\/li>\n<li>Nat\u00fcrliches, \u00e4sthetisches und trendiges Kraft-Design.<\/li>\n<\/ul>\n<p>&nbsp;<\/p>\n<p><!--more--><\/p>\n<h4>Weitere Informationen :<\/h4>\n<ul>\n<li><strong>Verpackung<\/strong>: Packung mit 100 St\u00fcck<\/li>\n<li><strong>Ma\u00dfe<\/strong>: 200 \u00d8 6 mm<\/li>\n<li><strong>Material<\/strong>: Papier<\/li>\n<li><strong>Farbe<\/strong>: Kraft<\/li>\n<\/ul>\n<p>&nbsp;<\/p>\n<p><!--more--><\/p>\n<p>Diese Strohhalme sind auch in folgenden Farben erh\u00e4ltlich: <span style=\"color: #d12727;\"><a style=\"color: #d12727;\" href=\"https:\/\/www.csj-emballages.com\/de\/produit\/100-gerade-strohhalme-200-mm-papier-farbig-o-6-mm\/\">PAILP200X6C<\/a><\/span><\/p>\n<h2><\/h2>\n<p><!--more--><\/p>\n<p><a href=\"https:\/\/www.csj-emballages.com\/de\/categorie-produit\/lebensmittelverpackungen\/bio-sortiment\/besteck-strohhalme\/bio-strohhalme\/\">Sehen Sie sich hier den Rest unseres Sortiments an Papierstroh an<\/a><\/p>\n","protected":false},"excerpt":{"rendered":"<p>Papierstrohhalm Beschreibung von unserem Strohhalm aus Kraftpapier gerade 200 mm \u00d8 6 mm pro 100<\/p>\n","protected":false},"featured_media":240832,"template":"","meta":{"_acf_changed":false},"product_brand":[],"product_cat":[1137,1134,3003,1146,3002],"product_tag":[],"class_list":{"0":"post-22266","1":"product","2":"type-product","3":"status-publish","4":"has-post-thumbnail","6":"product_cat-lebensmittelverpackungen","7":"product_cat-restauration-de","8":"product_cat-strohhalme","9":"product_cat-bio-sortiment","10":"product_cat-bio-strohhalme","12":"first","13":"instock","14":"taxable","15":"shipping-taxable","16":"purchasable","17":"product-type-simple"},"acf":[],"yoast_head":"<!-- This site is optimized with the Yoast SEO Premium plugin v26.6 (Yoast SEO v26.6) - https:\/\/yoast.com\/wordpress\/plugins\/seo\/ -->\n<title>Kraftpapierstrohhalme Gerade 200 mm \u00d8 6 mm pro 100<\/title>\n<meta name=\"description\" content=\"Entdecken Sie unseren geraden Papierstrohhalm 200mm aus Papier \u00d86mm. Entscheiden Sie sich f\u00fcr eine nachhaltige und umweltfreundliche Alternative!\" \/>\n<meta name=\"robots\" content=\"index, follow, max-snippet:-1, max-image-preview:large, max-video-preview:-1\" \/>\n<link rel=\"canonical\" href=\"https:\/\/www.csj-emballages.com\/de\/produit\/100-gerade-strohhalme-200-mm-kraftpapier-o-6-mm\/\" \/>\n<meta property=\"og:locale\" content=\"de_DE\" \/>\n<meta property=\"og:type\" content=\"article\" \/>\n<meta property=\"og:title\" content=\"Strohhalm aus Kraftpapier gerade 200 mm \u00d8 6 mm pro 100\" \/>\n<meta property=\"og:description\" content=\"Entdecken Sie unseren geraden Papierstrohhalm 200mm aus Papier \u00d86mm. Entscheiden Sie sich f\u00fcr eine nachhaltige und umweltfreundliche Alternative!\" \/>\n<meta property=\"og:url\" content=\"https:\/\/www.csj-emballages.com\/de\/produit\/100-gerade-strohhalme-200-mm-kraftpapier-o-6-mm\/\" \/>\n<meta property=\"og:site_name\" content=\"CSJ Emballages\" \/>\n<meta property=\"article:publisher\" content=\"https:\/\/www.facebook.com\/csjemballages\" \/>\n<meta property=\"article:modified_time\" content=\"2026-04-30T08:01:24+00:00\" \/>\n<meta property=\"og:image\" content=\"https:\/\/www.csj-emballages.com\/wp-content\/uploads\/2024\/03\/PAILP200X6KRA-1.webp\" \/>\n\t<meta property=\"og:image:width\" content=\"800\" \/>\n\t<meta property=\"og:image:height\" content=\"800\" \/>\n\t<meta property=\"og:image:type\" content=\"image\/webp\" \/>\n<meta name=\"twitter:card\" content=\"summary_large_image\" \/>\n<meta name=\"twitter:label1\" content=\"Gesch\u00e4tzte Lesezeit\" \/>\n\t<meta name=\"twitter:data1\" content=\"2 Minuten\" \/>\n<script type=\"application\/ld+json\" class=\"yoast-schema-graph\">{\"@context\":\"https:\/\/schema.org\",\"@graph\":[{\"@type\":\"WebPage\",\"@id\":\"https:\/\/www.csj-emballages.com\/de\/produit\/100-gerade-strohhalme-200-mm-kraftpapier-o-6-mm\/\",\"url\":\"https:\/\/www.csj-emballages.com\/de\/produit\/100-gerade-strohhalme-200-mm-kraftpapier-o-6-mm\/\",\"name\":\"Kraftpapierstrohhalme Gerade 200 mm \u00d8 6 mm pro 100\",\"isPartOf\":{\"@id\":\"https:\/\/www.csj-emballages.com\/de\/#website\"},\"primaryImageOfPage\":{\"@id\":\"https:\/\/www.csj-emballages.com\/de\/produit\/100-gerade-strohhalme-200-mm-kraftpapier-o-6-mm\/#primaryimage\"},\"image\":{\"@id\":\"https:\/\/www.csj-emballages.com\/de\/produit\/100-gerade-strohhalme-200-mm-kraftpapier-o-6-mm\/#primaryimage\"},\"thumbnailUrl\":\"https:\/\/www.csj-emballages.com\/wp-content\/uploads\/2024\/03\/PAILP200X6KRA-1.webp\",\"datePublished\":\"2024-03-01T15:51:33+00:00\",\"dateModified\":\"2026-04-30T08:01:24+00:00\",\"description\":\"Entdecken Sie unseren geraden Papierstrohhalm 200mm aus Papier \u00d86mm. Entscheiden Sie sich f\u00fcr eine nachhaltige und umweltfreundliche Alternative!\",\"breadcrumb\":{\"@id\":\"https:\/\/www.csj-emballages.com\/de\/produit\/100-gerade-strohhalme-200-mm-kraftpapier-o-6-mm\/#breadcrumb\"},\"inLanguage\":\"de\",\"potentialAction\":[{\"@type\":\"ReadAction\",\"target\":[\"https:\/\/www.csj-emballages.com\/de\/produit\/100-gerade-strohhalme-200-mm-kraftpapier-o-6-mm\/\"]}]},{\"@type\":\"ImageObject\",\"inLanguage\":\"de\",\"@id\":\"https:\/\/www.csj-emballages.com\/de\/produit\/100-gerade-strohhalme-200-mm-kraftpapier-o-6-mm\/#primaryimage\",\"url\":\"https:\/\/www.csj-emballages.com\/wp-content\/uploads\/2024\/03\/PAILP200X6KRA-1.webp\",\"contentUrl\":\"https:\/\/www.csj-emballages.com\/wp-content\/uploads\/2024\/03\/PAILP200X6KRA-1.webp\",\"width\":800,\"height\":800,\"caption\":\"Paille en papier\"},{\"@type\":\"BreadcrumbList\",\"@id\":\"https:\/\/www.csj-emballages.com\/de\/produit\/100-gerade-strohhalme-200-mm-kraftpapier-o-6-mm\/#breadcrumb\",\"itemListElement\":[{\"@type\":\"ListItem\",\"position\":1,\"name\":\"Accueil\",\"item\":\"https:\/\/www.csj-emballages.com\/de\/universum-lebensmittelverpackungen\/\"},{\"@type\":\"ListItem\",\"position\":2,\"name\":\"Shop\",\"item\":\"https:\/\/www.csj-emballages.com\/shop\/\"},{\"@type\":\"ListItem\",\"position\":3,\"name\":\"Strohhalm aus Kraftpapier gerade 200 mm \u00d8 6 mm pro 100\"}]},{\"@type\":\"WebSite\",\"@id\":\"https:\/\/www.csj-emballages.com\/de\/#website\",\"url\":\"https:\/\/www.csj-emballages.com\/de\/\",\"name\":\"CSJ Emballages\",\"description\":\"\",\"publisher\":{\"@id\":\"https:\/\/www.csj-emballages.com\/de\/#organization\"},\"potentialAction\":[{\"@type\":\"SearchAction\",\"target\":{\"@type\":\"EntryPoint\",\"urlTemplate\":\"https:\/\/www.csj-emballages.com\/de\/?s={search_term_string}\"},\"query-input\":{\"@type\":\"PropertyValueSpecification\",\"valueRequired\":true,\"valueName\":\"search_term_string\"}}],\"inLanguage\":\"de\"},{\"@type\":\"Organization\",\"@id\":\"https:\/\/www.csj-emballages.com\/de\/#Organization\/\",\"name\":\"CSJ Emballages\",\"url\":\"https:\/\/www.csj-emballages.com\/de\/\",\"logo\":{\"@type\":\"ImageObject\",\"inLanguage\":\"de\",\"@id\":\"https:\/\/www.csj-emballages.com\/de\/#\/schema\/logo\/image\/\",\"url\":\"https:\/\/www.csj-emballages.com\/wp-content\/uploads\/2023\/10\/logo_csj.webp\",\"contentUrl\":\"https:\/\/www.csj-emballages.com\/wp-content\/uploads\/2023\/10\/logo_csj.webp\",\"width\":250,\"height\":95,\"caption\":\"CSJ Emballages\"},\"image\":{\"@id\":\"https:\/\/www.csj-emballages.com\/de\/#\/schema\/logo\/image\/\"},\"sameAs\":[\"https:\/\/www.facebook.com\/csjemballages\"],\"address\":{\"@type\":\"PostalAddress\",\"streetAddress\":\"ZI La Lechere\",\"addressLocality\":\"Patornay\",\"postalCode\":\"39130\",\"addressCountry\":\"FR\"},\"contactPoint\":[{\"@type\":\"ContactPoint\",\"contactType\":\"Service client\",\"telephone\":\"0384254272\",\"email\":\"contact@csj-emballages.com\"}]}]}<\/script>\n<!-- \/ Yoast SEO Premium plugin. -->","yoast_head_json":{"title":"Kraftpapierstrohhalme Gerade 200 mm \u00d8 6 mm pro 100","description":"Entdecken Sie unseren geraden Papierstrohhalm 200mm aus Papier \u00d86mm. Entscheiden Sie sich f\u00fcr eine nachhaltige und umweltfreundliche Alternative!","robots":{"index":"index","follow":"follow","max-snippet":"max-snippet:-1","max-image-preview":"max-image-preview:large","max-video-preview":"max-video-preview:-1"},"canonical":"https:\/\/www.csj-emballages.com\/de\/produit\/100-gerade-strohhalme-200-mm-kraftpapier-o-6-mm\/","og_locale":"de_DE","og_type":"article","og_title":"Strohhalm aus Kraftpapier gerade 200 mm \u00d8 6 mm pro 100","og_description":"Entdecken Sie unseren geraden Papierstrohhalm 200mm aus Papier \u00d86mm. Entscheiden Sie sich f\u00fcr eine nachhaltige und umweltfreundliche Alternative!","og_url":"https:\/\/www.csj-emballages.com\/de\/produit\/100-gerade-strohhalme-200-mm-kraftpapier-o-6-mm\/","og_site_name":"CSJ Emballages","article_publisher":"https:\/\/www.facebook.com\/csjemballages","article_modified_time":"2026-04-30T08:01:24+00:00","og_image":[{"width":800,"height":800,"url":"https:\/\/www.csj-emballages.com\/wp-content\/uploads\/2024\/03\/PAILP200X6KRA-1.webp","type":"image\/webp"}],"twitter_card":"summary_large_image","twitter_misc":{"Gesch\u00e4tzte Lesezeit":"2 Minuten"},"schema":{"@context":"https:\/\/schema.org","@graph":[{"@type":"WebPage","@id":"https:\/\/www.csj-emballages.com\/de\/produit\/100-gerade-strohhalme-200-mm-kraftpapier-o-6-mm\/","url":"https:\/\/www.csj-emballages.com\/de\/produit\/100-gerade-strohhalme-200-mm-kraftpapier-o-6-mm\/","name":"Kraftpapierstrohhalme Gerade 200 mm \u00d8 6 mm pro 100","isPartOf":{"@id":"https:\/\/www.csj-emballages.com\/de\/#website"},"primaryImageOfPage":{"@id":"https:\/\/www.csj-emballages.com\/de\/produit\/100-gerade-strohhalme-200-mm-kraftpapier-o-6-mm\/#primaryimage"},"image":{"@id":"https:\/\/www.csj-emballages.com\/de\/produit\/100-gerade-strohhalme-200-mm-kraftpapier-o-6-mm\/#primaryimage"},"thumbnailUrl":"https:\/\/www.csj-emballages.com\/wp-content\/uploads\/2024\/03\/PAILP200X6KRA-1.webp","datePublished":"2024-03-01T15:51:33+00:00","dateModified":"2026-04-30T08:01:24+00:00","description":"Entdecken Sie unseren geraden Papierstrohhalm 200mm aus Papier \u00d86mm. Entscheiden Sie sich f\u00fcr eine nachhaltige und umweltfreundliche Alternative!","breadcrumb":{"@id":"https:\/\/www.csj-emballages.com\/de\/produit\/100-gerade-strohhalme-200-mm-kraftpapier-o-6-mm\/#breadcrumb"},"inLanguage":"de","potentialAction":[{"@type":"ReadAction","target":["https:\/\/www.csj-emballages.com\/de\/produit\/100-gerade-strohhalme-200-mm-kraftpapier-o-6-mm\/"]}]},{"@type":"ImageObject","inLanguage":"de","@id":"https:\/\/www.csj-emballages.com\/de\/produit\/100-gerade-strohhalme-200-mm-kraftpapier-o-6-mm\/#primaryimage","url":"https:\/\/www.csj-emballages.com\/wp-content\/uploads\/2024\/03\/PAILP200X6KRA-1.webp","contentUrl":"https:\/\/www.csj-emballages.com\/wp-content\/uploads\/2024\/03\/PAILP200X6KRA-1.webp","width":800,"height":800,"caption":"Paille en papier"},{"@type":"BreadcrumbList","@id":"https:\/\/www.csj-emballages.com\/de\/produit\/100-gerade-strohhalme-200-mm-kraftpapier-o-6-mm\/#breadcrumb","itemListElement":[{"@type":"ListItem","position":1,"name":"Accueil","item":"https:\/\/www.csj-emballages.com\/de\/universum-lebensmittelverpackungen\/"},{"@type":"ListItem","position":2,"name":"Shop","item":"https:\/\/www.csj-emballages.com\/shop\/"},{"@type":"ListItem","position":3,"name":"Strohhalm aus Kraftpapier gerade 200 mm \u00d8 6 mm pro 100"}]},{"@type":"WebSite","@id":"https:\/\/www.csj-emballages.com\/de\/#website","url":"https:\/\/www.csj-emballages.com\/de\/","name":"CSJ Emballages","description":"","publisher":{"@id":"https:\/\/www.csj-emballages.com\/de\/#organization"},"potentialAction":[{"@type":"SearchAction","target":{"@type":"EntryPoint","urlTemplate":"https:\/\/www.csj-emballages.com\/de\/?s={search_term_string}"},"query-input":{"@type":"PropertyValueSpecification","valueRequired":true,"valueName":"search_term_string"}}],"inLanguage":"de"},{"@type":"Organization","@id":"https:\/\/www.csj-emballages.com\/de\/#Organization\/","name":"CSJ Emballages","url":"https:\/\/www.csj-emballages.com\/de\/","logo":{"@type":"ImageObject","inLanguage":"de","@id":"https:\/\/www.csj-emballages.com\/de\/#\/schema\/logo\/image\/","url":"https:\/\/www.csj-emballages.com\/wp-content\/uploads\/2023\/10\/logo_csj.webp","contentUrl":"https:\/\/www.csj-emballages.com\/wp-content\/uploads\/2023\/10\/logo_csj.webp","width":250,"height":95,"caption":"CSJ Emballages"},"image":{"@id":"https:\/\/www.csj-emballages.com\/de\/#\/schema\/logo\/image\/"},"sameAs":["https:\/\/www.facebook.com\/csjemballages"],"address":{"@type":"PostalAddress","streetAddress":"ZI La Lechere","addressLocality":"Patornay","postalCode":"39130","addressCountry":"FR"},"contactPoint":[{"@type":"ContactPoint","contactType":"Service client","telephone":"0384254272","email":"contact@csj-emballages.com"}]}]}},"df_price":1.14,"df_sale_price":"","df_regular_price":1.14,"df_image_link":"https:\/\/www.csj-emballages.com\/wp-content\/uploads\/2024\/03\/PAILP200X6KRA-1-300x300.webp","tiered_pricing_type":"fixed","tiered_pricing_fixed_rules":[],"tiered_pricing_percentage_rules":[],"tiered_pricing_minimum":1,"tiered_pricing_roles_data":[],"_links":{"self":[{"href":"https:\/\/www.csj-emballages.com\/de\/wp-json\/wp\/v2\/product\/22266","targetHints":{"allow":["GET"]}}],"collection":[{"href":"https:\/\/www.csj-emballages.com\/de\/wp-json\/wp\/v2\/product"}],"about":[{"href":"https:\/\/www.csj-emballages.com\/de\/wp-json\/wp\/v2\/types\/product"}],"wp:featuredmedia":[{"embeddable":true,"href":"https:\/\/www.csj-emballages.com\/de\/wp-json\/wp\/v2\/media\/240832"}],"wp:attachment":[{"href":"https:\/\/www.csj-emballages.com\/de\/wp-json\/wp\/v2\/media?parent=22266"}],"wp:term":[{"taxonomy":"product_brand","embeddable":true,"href":"https:\/\/www.csj-emballages.com\/de\/wp-json\/wp\/v2\/product_brand?post=22266"},{"taxonomy":"product_cat","embeddable":true,"href":"https:\/\/www.csj-emballages.com\/de\/wp-json\/wp\/v2\/product_cat?post=22266"},{"taxonomy":"product_tag","embeddable":true,"href":"https:\/\/www.csj-emballages.com\/de\/wp-json\/wp\/v2\/product_tag?post=22266"}],"curies":[{"name":"wp","href":"https:\/\/api.w.org\/{rel}","templated":true}]}}