{"id":22256,"date":"2024-03-01T16:51:33","date_gmt":"2024-03-01T15:51:33","guid":{"rendered":"https:\/\/u15jnbdpoq.preview.infomaniak.website\/produit\/100-gerade-strohhalme-200-mm-schwarzes-papier-o-6-mm\/"},"modified":"2026-04-28T02:16:52","modified_gmt":"2026-04-28T00:16:52","slug":"100-gerade-strohhalme-200-mm-schwarzes-papier-o-6-mm","status":"publish","type":"product","link":"https:\/\/www.csj-emballages.com\/de\/produit\/100-gerade-strohhalme-200-mm-schwarzes-papier-o-6-mm\/","title":{"rendered":"Schwarzer Papierstrohhalm gerade 200 mm \u00d8 6 mm pro 100"},"content":{"rendered":"<h2>Schwarzer Strohhalm<\/h2>\n<hr>\n<h3>Entdecken Sie unseren schwarzen Strohhalm aus Papier gerade 200 mm \u00d8 6 mm pro 100<\/h3>\n<p><!--more--><\/p>\n<p data-start=\"261\" data-end=\"745\">Schlicht, elegant und vor allem <strong data-start=\"289\" data-end=\"308\">umweltfreundlich<\/strong>: Dieser <strong>schwarze Papierstrohhalm<\/strong> ist die perfekte Alternative zu <strong>Einweg-Plastikstrohhalmen<\/strong>. Mit einer <strong data-start=\"416\" data-end=\"438\">L\u00e4nge von 200 mm<\/strong> und einem <strong data-start=\"445\" data-end=\"465\">Durchmesser von 6 mm<\/strong> ist er ideal f\u00fcr eine Vielzahl von Getr\u00e4nken: Cocktails, Limonaden, S\u00e4fte, leichte Smoothies&#8230; Er ist gerade, steif und so konzipiert, dass er w\u00e4hrend der gesamten Verkostung feuchtigkeitsbest\u00e4ndig ist und nicht wie einige billige Strohhalme schon in den ersten Minuten weich wird. <\/p>\n<p data-start=\"747\" data-end=\"1008\">Sie richtet sich sowohl an <strong data-start=\"777\" data-end=\"814\">professionelle Gastronomen<\/strong> &#8211; Caf\u00e9s, Bars, Caterer, Fast-Food-Restaurants &#8211; als auch an <strong data-start=\"861\" data-end=\"877\">Privatpersonen<\/strong>, die ihren G\u00e4sten bei einer privaten Veranstaltung, einem Picknick oder einer Geburtstagsfeier eine verantwortungsvolle Alternative bieten m\u00f6chten.<\/p>\n<p data-start=\"1010\" data-end=\"1269\">Das <strong data-start=\"1014\" data-end=\"1033\">mattschwarze Design<\/strong> verleiht Ihren Getr\u00e4nken einen modernen und raffinierten Touch und erf\u00fcllt gleichzeitig die Umweltstandards. Hergestellt aus lebensmittelechtem <strong>Papier<\/strong> ist sie <strong data-start=\"1211\" data-end=\"1228\">biologisch abbaubar<\/strong> und <strong data-start=\"1232\" data-end=\"1247\">umweltfreundlich<\/strong>. <\/p>\n<p data-start=\"1271\" data-end=\"1467\">Dieser <strong>zu 100 St\u00fcck verpackte<\/strong> <strong>Papierstrohhalm<\/strong> ist praktisch zu lagern und ideal f\u00fcr den regelm\u00e4\u00dfigen Gebrauch. Eine einfache, wirtschaftliche und verantwortungsbewusste L\u00f6sung, um Ihre Getr\u00e4nke im Alltag oder im Dienst zu begleiten. <\/p>\n<p><!--more--><\/p>\n<h4>Vorteile :<\/h4>\n<ul>\n<li>100 % biologisch abbaubar und plastikfrei.<\/li>\n<li>Ist mehrere Stunden lang feuchtigkeitsbest\u00e4ndig.<\/li>\n<li>Ideale L\u00e4nge f\u00fcr hohe Gl\u00e4ser (200 mm).<\/li>\n<li>Schlichte und elegante schwarze Farbe.<\/li>\n<li>Perfekt f\u00fcr kalte Getr\u00e4nke, Cocktails und Limonaden.<\/li>\n<\/ul>\n<p>&nbsp;<\/p>\n<p><!--more--><\/p>\n<h4>Weitere Informationen :<\/h4>\n<ul>\n<li><strong>Verpackung<\/strong>: Packung mit 100 St\u00fcck<\/li>\n<li><strong>Ma\u00dfe<\/strong>: 200 mm \u00d8 6 mm<\/li>\n<li><strong>Farbe<\/strong>: Schwarz<\/li>\n<li><strong>Material<\/strong>: Papier<\/li>\n<\/ul>\n<h2><\/h2>\n<p><!--more--><\/p>\n<p>Hier finden Sie alle verf\u00fcgbaren Gr\u00f6\u00dfen der schwarzen Trinkhalme : <span style=\"color: #d12727;\"><a style=\"color: #d12727;\" href=\"https:\/\/www.csj-emballages.com\/de\/produit\/100-gerade-strohhalme-cocktails-120-mm-schwarzes-papier-o-6-mm\/\">120 mm x \u00d8 6 mm<\/a><\/span> \/ <span style=\"color: #d12727;\"><a style=\"color: #d12727;\" href=\"https:\/\/www.csj-emballages.com\/de\/produit\/16-gerade-schwarze-papierstrohhalme-20-cm\/\">200 mm x \u00d8 8 mm<\/a><\/span><\/p>\n<p>&nbsp;<\/p>\n<p><!--more--><\/p>\n<p><a href=\"https:\/\/www.csj-emballages.com\/de\/categorie-produit\/lebensmittelverpackungen\/bio-sortiment\/besteck-strohhalme\/bio-strohhalme\/\">Sehen Sie sich den Rest unseres Sortiments an Papierstrohhalmen an<\/a><\/p>\n","protected":false},"excerpt":{"rendered":"<p>Schwarzer Strohhalm Entdecken Sie unseren schwarzen Strohhalm aus Papier gerade 200 mm \u00d8 6 mm pro 100<\/p>\n","protected":false},"featured_media":8403,"template":"","meta":{"_acf_changed":false},"product_brand":[],"product_cat":[1137,1134,3003,1146,3002],"product_tag":[],"class_list":{"0":"post-22256","1":"product","2":"type-product","3":"status-publish","4":"has-post-thumbnail","6":"product_cat-lebensmittelverpackungen","7":"product_cat-restauration-de","8":"product_cat-strohhalme","9":"product_cat-bio-sortiment","10":"product_cat-bio-strohhalme","12":"first","13":"instock","14":"taxable","15":"shipping-taxable","16":"purchasable","17":"product-type-simple"},"acf":[],"yoast_head":"<!-- This site is optimized with the Yoast SEO Premium plugin v26.6 (Yoast SEO v26.6) - https:\/\/yoast.com\/wordpress\/plugins\/seo\/ -->\n<title>Schwarzer Papierstrohhalm Gerade 200 mm \u00d8 6 mm pro 100<\/title>\n<meta name=\"description\" content=\"Entdecken Sie unseren schwarzen, geraden Papierstrohhalm 200 mm aus Papier \u00d8 6 mm. Entscheiden Sie sich f\u00fcr eine nachhaltige und umweltfreundliche Alternative!\" \/>\n<meta name=\"robots\" content=\"index, follow, max-snippet:-1, max-image-preview:large, max-video-preview:-1\" \/>\n<link rel=\"canonical\" href=\"https:\/\/www.csj-emballages.com\/de\/produit\/100-gerade-strohhalme-200-mm-schwarzes-papier-o-6-mm\/\" \/>\n<meta property=\"og:locale\" content=\"de_DE\" \/>\n<meta property=\"og:type\" content=\"article\" \/>\n<meta property=\"og:title\" content=\"Schwarzer Papierstrohhalm gerade 200 mm \u00d8 6 mm pro 100\" \/>\n<meta property=\"og:description\" content=\"Entdecken Sie unseren schwarzen, geraden Papierstrohhalm 200 mm aus Papier \u00d8 6 mm. Entscheiden Sie sich f\u00fcr eine nachhaltige und umweltfreundliche Alternative!\" \/>\n<meta property=\"og:url\" content=\"https:\/\/www.csj-emballages.com\/de\/produit\/100-gerade-strohhalme-200-mm-schwarzes-papier-o-6-mm\/\" \/>\n<meta property=\"og:site_name\" content=\"CSJ Emballages\" \/>\n<meta property=\"article:publisher\" content=\"https:\/\/www.facebook.com\/csjemballages\" \/>\n<meta property=\"article:modified_time\" content=\"2026-04-28T00:16:52+00:00\" \/>\n<meta property=\"og:image\" content=\"https:\/\/www.csj-emballages.com\/wp-content\/uploads\/2024\/03\/paille-papier-noir-cocoktail-noir-grossiste-csj-emballages-zoom-jpg.webp\" \/>\n\t<meta property=\"og:image:width\" content=\"800\" \/>\n\t<meta property=\"og:image:height\" content=\"800\" \/>\n\t<meta property=\"og:image:type\" content=\"image\/jpeg\" \/>\n<meta name=\"twitter:card\" content=\"summary_large_image\" \/>\n<meta name=\"twitter:label1\" content=\"Gesch\u00e4tzte Lesezeit\" \/>\n\t<meta name=\"twitter:data1\" content=\"1\u00a0Minute\" \/>\n<script type=\"application\/ld+json\" class=\"yoast-schema-graph\">{\"@context\":\"https:\/\/schema.org\",\"@graph\":[{\"@type\":\"WebPage\",\"@id\":\"https:\/\/www.csj-emballages.com\/de\/produit\/100-gerade-strohhalme-200-mm-schwarzes-papier-o-6-mm\/\",\"url\":\"https:\/\/www.csj-emballages.com\/de\/produit\/100-gerade-strohhalme-200-mm-schwarzes-papier-o-6-mm\/\",\"name\":\"Schwarzer Papierstrohhalm Gerade 200 mm \u00d8 6 mm pro 100\",\"isPartOf\":{\"@id\":\"https:\/\/www.csj-emballages.com\/de\/#website\"},\"primaryImageOfPage\":{\"@id\":\"https:\/\/www.csj-emballages.com\/de\/produit\/100-gerade-strohhalme-200-mm-schwarzes-papier-o-6-mm\/#primaryimage\"},\"image\":{\"@id\":\"https:\/\/www.csj-emballages.com\/de\/produit\/100-gerade-strohhalme-200-mm-schwarzes-papier-o-6-mm\/#primaryimage\"},\"thumbnailUrl\":\"https:\/\/www.csj-emballages.com\/wp-content\/uploads\/2024\/03\/paille-papier-noir-cocoktail-noir-grossiste-csj-emballages-zoom-jpg.webp\",\"datePublished\":\"2024-03-01T15:51:33+00:00\",\"dateModified\":\"2026-04-28T00:16:52+00:00\",\"description\":\"Entdecken Sie unseren schwarzen, geraden Papierstrohhalm 200 mm aus Papier \u00d8 6 mm. Entscheiden Sie sich f\u00fcr eine nachhaltige und umweltfreundliche Alternative!\",\"breadcrumb\":{\"@id\":\"https:\/\/www.csj-emballages.com\/de\/produit\/100-gerade-strohhalme-200-mm-schwarzes-papier-o-6-mm\/#breadcrumb\"},\"inLanguage\":\"de\",\"potentialAction\":[{\"@type\":\"ReadAction\",\"target\":[\"https:\/\/www.csj-emballages.com\/de\/produit\/100-gerade-strohhalme-200-mm-schwarzes-papier-o-6-mm\/\"]}]},{\"@type\":\"ImageObject\",\"inLanguage\":\"de\",\"@id\":\"https:\/\/www.csj-emballages.com\/de\/produit\/100-gerade-strohhalme-200-mm-schwarzes-papier-o-6-mm\/#primaryimage\",\"url\":\"https:\/\/www.csj-emballages.com\/wp-content\/uploads\/2024\/03\/paille-papier-noir-cocoktail-noir-grossiste-csj-emballages-zoom-jpg.webp\",\"contentUrl\":\"https:\/\/www.csj-emballages.com\/wp-content\/uploads\/2024\/03\/paille-papier-noir-cocoktail-noir-grossiste-csj-emballages-zoom-jpg.webp\",\"width\":800,\"height\":800,\"caption\":\"Paille\"},{\"@type\":\"BreadcrumbList\",\"@id\":\"https:\/\/www.csj-emballages.com\/de\/produit\/100-gerade-strohhalme-200-mm-schwarzes-papier-o-6-mm\/#breadcrumb\",\"itemListElement\":[{\"@type\":\"ListItem\",\"position\":1,\"name\":\"Accueil\",\"item\":\"https:\/\/www.csj-emballages.com\/de\/universum-lebensmittelverpackungen\/\"},{\"@type\":\"ListItem\",\"position\":2,\"name\":\"Shop\",\"item\":\"https:\/\/www.csj-emballages.com\/shop\/\"},{\"@type\":\"ListItem\",\"position\":3,\"name\":\"Schwarzer Papierstrohhalm gerade 200 mm \u00d8 6 mm pro 100\"}]},{\"@type\":\"WebSite\",\"@id\":\"https:\/\/www.csj-emballages.com\/de\/#website\",\"url\":\"https:\/\/www.csj-emballages.com\/de\/\",\"name\":\"CSJ Emballages\",\"description\":\"\",\"publisher\":{\"@id\":\"https:\/\/www.csj-emballages.com\/de\/#organization\"},\"potentialAction\":[{\"@type\":\"SearchAction\",\"target\":{\"@type\":\"EntryPoint\",\"urlTemplate\":\"https:\/\/www.csj-emballages.com\/de\/?s={search_term_string}\"},\"query-input\":{\"@type\":\"PropertyValueSpecification\",\"valueRequired\":true,\"valueName\":\"search_term_string\"}}],\"inLanguage\":\"de\"},{\"@type\":\"Organization\",\"@id\":\"https:\/\/www.csj-emballages.com\/de\/#Organization\/\",\"name\":\"CSJ Emballages\",\"url\":\"https:\/\/www.csj-emballages.com\/de\/\",\"logo\":{\"@type\":\"ImageObject\",\"inLanguage\":\"de\",\"@id\":\"https:\/\/www.csj-emballages.com\/de\/#\/schema\/logo\/image\/\",\"url\":\"https:\/\/www.csj-emballages.com\/wp-content\/uploads\/2023\/10\/logo_csj.webp\",\"contentUrl\":\"https:\/\/www.csj-emballages.com\/wp-content\/uploads\/2023\/10\/logo_csj.webp\",\"width\":250,\"height\":95,\"caption\":\"CSJ Emballages\"},\"image\":{\"@id\":\"https:\/\/www.csj-emballages.com\/de\/#\/schema\/logo\/image\/\"},\"sameAs\":[\"https:\/\/www.facebook.com\/csjemballages\"],\"address\":{\"@type\":\"PostalAddress\",\"streetAddress\":\"ZI La Lechere\",\"addressLocality\":\"Patornay\",\"postalCode\":\"39130\",\"addressCountry\":\"FR\"},\"contactPoint\":[{\"@type\":\"ContactPoint\",\"contactType\":\"Service client\",\"telephone\":\"0384254272\",\"email\":\"contact@csj-emballages.com\"}]}]}<\/script>\n<!-- \/ Yoast SEO Premium plugin. -->","yoast_head_json":{"title":"Schwarzer Papierstrohhalm Gerade 200 mm \u00d8 6 mm pro 100","description":"Entdecken Sie unseren schwarzen, geraden Papierstrohhalm 200 mm aus Papier \u00d8 6 mm. Entscheiden Sie sich f\u00fcr eine nachhaltige und umweltfreundliche Alternative!","robots":{"index":"index","follow":"follow","max-snippet":"max-snippet:-1","max-image-preview":"max-image-preview:large","max-video-preview":"max-video-preview:-1"},"canonical":"https:\/\/www.csj-emballages.com\/de\/produit\/100-gerade-strohhalme-200-mm-schwarzes-papier-o-6-mm\/","og_locale":"de_DE","og_type":"article","og_title":"Schwarzer Papierstrohhalm gerade 200 mm \u00d8 6 mm pro 100","og_description":"Entdecken Sie unseren schwarzen, geraden Papierstrohhalm 200 mm aus Papier \u00d8 6 mm. Entscheiden Sie sich f\u00fcr eine nachhaltige und umweltfreundliche Alternative!","og_url":"https:\/\/www.csj-emballages.com\/de\/produit\/100-gerade-strohhalme-200-mm-schwarzes-papier-o-6-mm\/","og_site_name":"CSJ Emballages","article_publisher":"https:\/\/www.facebook.com\/csjemballages","article_modified_time":"2026-04-28T00:16:52+00:00","og_image":[{"width":800,"height":800,"url":"https:\/\/www.csj-emballages.com\/wp-content\/uploads\/2024\/03\/paille-papier-noir-cocoktail-noir-grossiste-csj-emballages-zoom-jpg.webp","type":"image\/jpeg"}],"twitter_card":"summary_large_image","twitter_misc":{"Gesch\u00e4tzte Lesezeit":"1\u00a0Minute"},"schema":{"@context":"https:\/\/schema.org","@graph":[{"@type":"WebPage","@id":"https:\/\/www.csj-emballages.com\/de\/produit\/100-gerade-strohhalme-200-mm-schwarzes-papier-o-6-mm\/","url":"https:\/\/www.csj-emballages.com\/de\/produit\/100-gerade-strohhalme-200-mm-schwarzes-papier-o-6-mm\/","name":"Schwarzer Papierstrohhalm Gerade 200 mm \u00d8 6 mm pro 100","isPartOf":{"@id":"https:\/\/www.csj-emballages.com\/de\/#website"},"primaryImageOfPage":{"@id":"https:\/\/www.csj-emballages.com\/de\/produit\/100-gerade-strohhalme-200-mm-schwarzes-papier-o-6-mm\/#primaryimage"},"image":{"@id":"https:\/\/www.csj-emballages.com\/de\/produit\/100-gerade-strohhalme-200-mm-schwarzes-papier-o-6-mm\/#primaryimage"},"thumbnailUrl":"https:\/\/www.csj-emballages.com\/wp-content\/uploads\/2024\/03\/paille-papier-noir-cocoktail-noir-grossiste-csj-emballages-zoom-jpg.webp","datePublished":"2024-03-01T15:51:33+00:00","dateModified":"2026-04-28T00:16:52+00:00","description":"Entdecken Sie unseren schwarzen, geraden Papierstrohhalm 200 mm aus Papier \u00d8 6 mm. Entscheiden Sie sich f\u00fcr eine nachhaltige und umweltfreundliche Alternative!","breadcrumb":{"@id":"https:\/\/www.csj-emballages.com\/de\/produit\/100-gerade-strohhalme-200-mm-schwarzes-papier-o-6-mm\/#breadcrumb"},"inLanguage":"de","potentialAction":[{"@type":"ReadAction","target":["https:\/\/www.csj-emballages.com\/de\/produit\/100-gerade-strohhalme-200-mm-schwarzes-papier-o-6-mm\/"]}]},{"@type":"ImageObject","inLanguage":"de","@id":"https:\/\/www.csj-emballages.com\/de\/produit\/100-gerade-strohhalme-200-mm-schwarzes-papier-o-6-mm\/#primaryimage","url":"https:\/\/www.csj-emballages.com\/wp-content\/uploads\/2024\/03\/paille-papier-noir-cocoktail-noir-grossiste-csj-emballages-zoom-jpg.webp","contentUrl":"https:\/\/www.csj-emballages.com\/wp-content\/uploads\/2024\/03\/paille-papier-noir-cocoktail-noir-grossiste-csj-emballages-zoom-jpg.webp","width":800,"height":800,"caption":"Paille"},{"@type":"BreadcrumbList","@id":"https:\/\/www.csj-emballages.com\/de\/produit\/100-gerade-strohhalme-200-mm-schwarzes-papier-o-6-mm\/#breadcrumb","itemListElement":[{"@type":"ListItem","position":1,"name":"Accueil","item":"https:\/\/www.csj-emballages.com\/de\/universum-lebensmittelverpackungen\/"},{"@type":"ListItem","position":2,"name":"Shop","item":"https:\/\/www.csj-emballages.com\/shop\/"},{"@type":"ListItem","position":3,"name":"Schwarzer Papierstrohhalm gerade 200 mm \u00d8 6 mm pro 100"}]},{"@type":"WebSite","@id":"https:\/\/www.csj-emballages.com\/de\/#website","url":"https:\/\/www.csj-emballages.com\/de\/","name":"CSJ Emballages","description":"","publisher":{"@id":"https:\/\/www.csj-emballages.com\/de\/#organization"},"potentialAction":[{"@type":"SearchAction","target":{"@type":"EntryPoint","urlTemplate":"https:\/\/www.csj-emballages.com\/de\/?s={search_term_string}"},"query-input":{"@type":"PropertyValueSpecification","valueRequired":true,"valueName":"search_term_string"}}],"inLanguage":"de"},{"@type":"Organization","@id":"https:\/\/www.csj-emballages.com\/de\/#Organization\/","name":"CSJ Emballages","url":"https:\/\/www.csj-emballages.com\/de\/","logo":{"@type":"ImageObject","inLanguage":"de","@id":"https:\/\/www.csj-emballages.com\/de\/#\/schema\/logo\/image\/","url":"https:\/\/www.csj-emballages.com\/wp-content\/uploads\/2023\/10\/logo_csj.webp","contentUrl":"https:\/\/www.csj-emballages.com\/wp-content\/uploads\/2023\/10\/logo_csj.webp","width":250,"height":95,"caption":"CSJ Emballages"},"image":{"@id":"https:\/\/www.csj-emballages.com\/de\/#\/schema\/logo\/image\/"},"sameAs":["https:\/\/www.facebook.com\/csjemballages"],"address":{"@type":"PostalAddress","streetAddress":"ZI La Lechere","addressLocality":"Patornay","postalCode":"39130","addressCountry":"FR"},"contactPoint":[{"@type":"ContactPoint","contactType":"Service client","telephone":"0384254272","email":"contact@csj-emballages.com"}]}]}},"df_price":1.14,"df_sale_price":"","df_regular_price":1.14,"df_image_link":"https:\/\/www.csj-emballages.com\/wp-content\/uploads\/2024\/03\/paille-papier-noir-cocoktail-noir-grossiste-csj-emballages-zoom-300x300.webp","tiered_pricing_type":"fixed","tiered_pricing_fixed_rules":[],"tiered_pricing_percentage_rules":[],"tiered_pricing_minimum":1,"tiered_pricing_roles_data":[],"_links":{"self":[{"href":"https:\/\/www.csj-emballages.com\/de\/wp-json\/wp\/v2\/product\/22256","targetHints":{"allow":["GET"]}}],"collection":[{"href":"https:\/\/www.csj-emballages.com\/de\/wp-json\/wp\/v2\/product"}],"about":[{"href":"https:\/\/www.csj-emballages.com\/de\/wp-json\/wp\/v2\/types\/product"}],"wp:featuredmedia":[{"embeddable":true,"href":"https:\/\/www.csj-emballages.com\/de\/wp-json\/wp\/v2\/media\/8403"}],"wp:attachment":[{"href":"https:\/\/www.csj-emballages.com\/de\/wp-json\/wp\/v2\/media?parent=22256"}],"wp:term":[{"taxonomy":"product_brand","embeddable":true,"href":"https:\/\/www.csj-emballages.com\/de\/wp-json\/wp\/v2\/product_brand?post=22256"},{"taxonomy":"product_cat","embeddable":true,"href":"https:\/\/www.csj-emballages.com\/de\/wp-json\/wp\/v2\/product_cat?post=22256"},{"taxonomy":"product_tag","embeddable":true,"href":"https:\/\/www.csj-emballages.com\/de\/wp-json\/wp\/v2\/product_tag?post=22256"}],"curies":[{"name":"wp","href":"https:\/\/api.w.org\/{rel}","templated":true}]}}