{"id":22254,"date":"2024-03-01T16:51:35","date_gmt":"2024-03-01T15:51:35","guid":{"rendered":"https:\/\/u15jnbdpoq.preview.infomaniak.website\/produit\/400-ovale-scharnierdeckel-frischhaltedosen-rpet-375-ml\/"},"modified":"2026-04-15T02:15:01","modified_gmt":"2026-04-15T00:15:01","slug":"400-ovale-scharnierdeckel-frischhaltedosen-rpet-375-ml","status":"publish","type":"product","link":"https:\/\/www.csj-emballages.com\/de\/produit\/400-ovale-scharnierdeckel-frischhaltedosen-rpet-375-ml\/","title":{"rendered":"Ovale Lebensmittelschale mit Scharnierdeckel 375 ml pro 400"},"content":{"rendered":"<h2>Lebensmittelschale<\/h2>\n<hr>\n<h3><span style=\"color: #000000;\">Beschreibung von unserem Ovale Lebensmittelschale mit Scharnierdeckel 375 ml pro 400<\/span><\/h3>\n<p><!--more--><\/p>\n<p>Unsere <strong>ovale Lebensmittelschale<\/strong> mit <strong>Scharnierdeckel<\/strong> ist ideal f\u00fcr die Aufbewahrung und den Transport Ihrer Speisen. Mit einem Fassungsverm\u00f6gen von <strong>375 ml<\/strong> erm\u00f6glicht sie die sichere Aufbewahrung von Einzelportionen und gew\u00e4hrleistet gleichzeitig einen optimalen Schutz der Lebensmittel. Der <strong>Kunststoffdeckel<\/strong> mit <strong>Scharnier<\/strong> ist absolut dicht und h\u00e4lt Ihre Gerichte l\u00e4nger frisch, w\u00e4hrend er gleichzeitig verhindert, dass etwas ausl\u00e4uft oder versch\u00fcttet wird. Die aus<b> PET<\/b> hergestellte <strong>Kunststoffschale<\/strong> ist leicht, robust und stapelbar und bietet somit eine praktische und kosteng\u00fcnstige L\u00f6sung f\u00fcr Ihren Lagerbedarf. Ihr Design erm\u00f6glicht einen einfachen Transport und gew\u00e4hrleistet gleichzeitig die Sicherheit Ihrer Produkte. Dar\u00fcber hinaus verleiht ihre ovale Form Ihren Pr\u00e4sentationen eine \u00e4sthetische Note.     <\/p>\n<p>&nbsp;<\/p>\n<p><!--more--><\/p>\n<h4><strong>Vielseitig f\u00fcr verschiedene Zwecke<\/strong><\/h4>\n<p>Ob Caterer, Restaurantbesitzer oder Take-away-Verk\u00e4ufer: Diese <strong>Kunststoffschale mit Deckel<\/strong> ist ideal f\u00fcr die Aufbewahrung von kalten Speisen, Salaten, Desserts oder anderen Zubereitungen. Sie gew\u00e4hrleistet eine hervorragende Sichtbarkeit Ihrer Produkte und erleichtert gleichzeitig die Identifizierung dank ihres transparenten und schlichten Designs. <\/p>\n<p>Diese <strong>Lebensmittelschale<\/strong> ist in Packungen zu <strong>400 St\u00fcck<\/strong> erh\u00e4ltlich. Sie ist eine nachhaltige, kosteng\u00fcnstige L\u00f6sung f\u00fcr die Lebensmittelbranche und bietet sowohl Qualit\u00e4t als auch Effizienz f\u00fcr Ihren t\u00e4glichen Bedarf an Aufbewahrung und Transport.<\/p>\n<p>&nbsp;<\/p>\n<div style=\"text-align: left;\">\n<div style=\"text-align: left;\">\n<div style=\"text-align: left;\">\n<div style=\"text-align: left;\">\n<p><!--more--><\/p>\n<h4>Weitere Informationen :<\/h4>\n<div style=\"text-align: left;\">\n<ul>\n<li><strong>Verwendungstemperatur<\/strong>: -\u00b020C\/+60\u00b0C<\/li>\n<li><strong>Innenma\u00dfe: <\/strong>118 x 87 x 40 (L x B x H in mm)<\/li>\n<li><strong>Au\u00dfenma\u00dfe<\/strong>: 145 x 115 x 50 ( L x B x H in mm)<\/li>\n<li><strong>Verpackung<\/strong>: Packung mit 400 St\u00fcck<\/li>\n<li><strong>Inhalt<\/strong>: 375 ml<\/li>\n<li><strong>Material<\/strong>: PET<\/li>\n<\/ul>\n<p>&nbsp;<\/p>\n<\/div>\n<\/div>\n<\/div>\n<\/div>\n<\/div>\n<p>&nbsp;<\/p>\n<p><!--more--><\/p>\n<p>Produkt in verschiedenen Gr\u00f6\u00dfen erh\u00e4ltlich : <span style=\"color: #d12727;\"><a style=\"color: #d12727;\" href=\"https:\/\/www.csj-emballages.com\/produit\/50-boites-ovales-fraicheurs-a-couvercle-charniere-rpet-150-ml\/\">150 ml<\/a><\/span> \/ <span style=\"color: #d12727;\"><a style=\"color: #d12727;\" href=\"https:\/\/www.csj-emballages.com\/pt-pt\/produit\/600-latas-ovais-frescas-com-tampa-articulada-rpet-250-ml\/\">250 ml<\/a><\/span> \/ <span style=\"color: #d12727;\"><a style=\"color: #d12727;\" href=\"https:\/\/www.csj-emballages.com\/produit\/50-boites-ovales-fraicheurs-a-couvercle-charniere-rpet-500-ml\/\">500 ml<\/a><\/span><\/p>\n<p>&nbsp;<\/p>\n<p><!--more--><\/p>\n<p><a href=\"\/?product_cat=barquettes-fraicheurs\"><span style=\"font-style: italic; text-decoration: underline;\">Entdecken Sie den Rest der Frische-Schalen<\/span><\/a><\/p>\n","protected":false},"excerpt":{"rendered":"<p>Lebensmittelschale Beschreibung von unserem Ovale Lebensmittelschale mit Scharnierdeckel 375 ml pro 400<\/p>\n","protected":false},"featured_media":219535,"template":"","meta":{"_acf_changed":false},"product_brand":[],"product_cat":[1137,1170,1513,2846],"product_tag":[],"class_list":{"0":"post-22254","1":"product","2":"type-product","3":"status-publish","4":"has-post-thumbnail","6":"product_cat-lebensmittelverpackungen","7":"product_cat-metzgerei-und-feinkostgeschaft","8":"product_cat-schalen-dosen-glaser-fur-lebensmittel","9":"product_cat-frische-schalen","11":"first","12":"instock","13":"taxable","14":"shipping-taxable","15":"purchasable","16":"product-type-simple"},"acf":[],"yoast_head":"<!-- This site is optimized with the Yoast SEO Premium plugin v26.6 (Yoast SEO v26.6) - https:\/\/yoast.com\/wordpress\/plugins\/seo\/ -->\n<title>Lebensmittelschale mit Scharnierdeckel - 375 ml<\/title>\n<meta name=\"description\" content=\"Entdecken Sie unsere 375-ml-Lebensmittelschale aus Kunststoff mit Scharnierdeckel, die sich ideal f\u00fcr die Aufbewahrung und den sicheren Transport von frischen Gerichten eignet.\" \/>\n<meta name=\"robots\" content=\"index, follow, max-snippet:-1, max-image-preview:large, max-video-preview:-1\" \/>\n<link rel=\"canonical\" href=\"https:\/\/www.csj-emballages.com\/de\/produit\/400-ovale-scharnierdeckel-frischhaltedosen-rpet-375-ml\/\" \/>\n<meta property=\"og:locale\" content=\"de_DE\" \/>\n<meta property=\"og:type\" content=\"article\" \/>\n<meta property=\"og:title\" content=\"Ovale Lebensmittelschale mit Scharnierdeckel 375 ml pro 400\" \/>\n<meta property=\"og:description\" content=\"Entdecken Sie unsere 375-ml-Lebensmittelschale aus Kunststoff mit Scharnierdeckel, die sich ideal f\u00fcr die Aufbewahrung und den sicheren Transport von frischen Gerichten eignet.\" \/>\n<meta property=\"og:url\" content=\"https:\/\/www.csj-emballages.com\/de\/produit\/400-ovale-scharnierdeckel-frischhaltedosen-rpet-375-ml\/\" \/>\n<meta property=\"og:site_name\" content=\"CSJ Emballages\" \/>\n<meta property=\"article:publisher\" content=\"https:\/\/www.facebook.com\/csjemballages\" \/>\n<meta property=\"article:modified_time\" content=\"2026-04-15T00:15:01+00:00\" \/>\n<meta property=\"og:image\" content=\"https:\/\/www.csj-emballages.com\/wp-content\/uploads\/2024\/03\/OV375.webp\" \/>\n\t<meta property=\"og:image:width\" content=\"800\" \/>\n\t<meta property=\"og:image:height\" content=\"800\" \/>\n\t<meta property=\"og:image:type\" content=\"image\/webp\" \/>\n<meta name=\"twitter:card\" content=\"summary_large_image\" \/>\n<meta name=\"twitter:label1\" content=\"Gesch\u00e4tzte Lesezeit\" \/>\n\t<meta name=\"twitter:data1\" content=\"1\u00a0Minute\" \/>\n<script type=\"application\/ld+json\" class=\"yoast-schema-graph\">{\"@context\":\"https:\/\/schema.org\",\"@graph\":[{\"@type\":\"WebPage\",\"@id\":\"https:\/\/www.csj-emballages.com\/de\/produit\/400-ovale-scharnierdeckel-frischhaltedosen-rpet-375-ml\/\",\"url\":\"https:\/\/www.csj-emballages.com\/de\/produit\/400-ovale-scharnierdeckel-frischhaltedosen-rpet-375-ml\/\",\"name\":\"Lebensmittelschale mit Scharnierdeckel - 375 ml\",\"isPartOf\":{\"@id\":\"https:\/\/www.csj-emballages.com\/de\/#website\"},\"primaryImageOfPage\":{\"@id\":\"https:\/\/www.csj-emballages.com\/de\/produit\/400-ovale-scharnierdeckel-frischhaltedosen-rpet-375-ml\/#primaryimage\"},\"image\":{\"@id\":\"https:\/\/www.csj-emballages.com\/de\/produit\/400-ovale-scharnierdeckel-frischhaltedosen-rpet-375-ml\/#primaryimage\"},\"thumbnailUrl\":\"https:\/\/www.csj-emballages.com\/wp-content\/uploads\/2024\/03\/OV375.webp\",\"datePublished\":\"2024-03-01T15:51:35+00:00\",\"dateModified\":\"2026-04-15T00:15:01+00:00\",\"description\":\"Entdecken Sie unsere 375-ml-Lebensmittelschale aus Kunststoff mit Scharnierdeckel, die sich ideal f\u00fcr die Aufbewahrung und den sicheren Transport von frischen Gerichten eignet.\",\"breadcrumb\":{\"@id\":\"https:\/\/www.csj-emballages.com\/de\/produit\/400-ovale-scharnierdeckel-frischhaltedosen-rpet-375-ml\/#breadcrumb\"},\"inLanguage\":\"de\",\"potentialAction\":[{\"@type\":\"ReadAction\",\"target\":[\"https:\/\/www.csj-emballages.com\/de\/produit\/400-ovale-scharnierdeckel-frischhaltedosen-rpet-375-ml\/\"]}]},{\"@type\":\"ImageObject\",\"inLanguage\":\"de\",\"@id\":\"https:\/\/www.csj-emballages.com\/de\/produit\/400-ovale-scharnierdeckel-frischhaltedosen-rpet-375-ml\/#primaryimage\",\"url\":\"https:\/\/www.csj-emballages.com\/wp-content\/uploads\/2024\/03\/OV375.webp\",\"contentUrl\":\"https:\/\/www.csj-emballages.com\/wp-content\/uploads\/2024\/03\/OV375.webp\",\"width\":800,\"height\":800,\"caption\":\"Barquette alimentaire\"},{\"@type\":\"BreadcrumbList\",\"@id\":\"https:\/\/www.csj-emballages.com\/de\/produit\/400-ovale-scharnierdeckel-frischhaltedosen-rpet-375-ml\/#breadcrumb\",\"itemListElement\":[{\"@type\":\"ListItem\",\"position\":1,\"name\":\"Accueil\",\"item\":\"https:\/\/www.csj-emballages.com\/de\/universum-lebensmittelverpackungen\/\"},{\"@type\":\"ListItem\",\"position\":2,\"name\":\"Shop\",\"item\":\"https:\/\/www.csj-emballages.com\/shop\/\"},{\"@type\":\"ListItem\",\"position\":3,\"name\":\"Ovale Lebensmittelschale mit Scharnierdeckel 375 ml pro 400\"}]},{\"@type\":\"WebSite\",\"@id\":\"https:\/\/www.csj-emballages.com\/de\/#website\",\"url\":\"https:\/\/www.csj-emballages.com\/de\/\",\"name\":\"CSJ Emballages\",\"description\":\"\",\"publisher\":{\"@id\":\"https:\/\/www.csj-emballages.com\/de\/#organization\"},\"potentialAction\":[{\"@type\":\"SearchAction\",\"target\":{\"@type\":\"EntryPoint\",\"urlTemplate\":\"https:\/\/www.csj-emballages.com\/de\/?s={search_term_string}\"},\"query-input\":{\"@type\":\"PropertyValueSpecification\",\"valueRequired\":true,\"valueName\":\"search_term_string\"}}],\"inLanguage\":\"de\"},{\"@type\":\"Organization\",\"@id\":\"https:\/\/www.csj-emballages.com\/de\/#Organization\/\",\"name\":\"CSJ Emballages\",\"url\":\"https:\/\/www.csj-emballages.com\/de\/\",\"logo\":{\"@type\":\"ImageObject\",\"inLanguage\":\"de\",\"@id\":\"https:\/\/www.csj-emballages.com\/de\/#\/schema\/logo\/image\/\",\"url\":\"https:\/\/www.csj-emballages.com\/wp-content\/uploads\/2023\/10\/logo_csj.webp\",\"contentUrl\":\"https:\/\/www.csj-emballages.com\/wp-content\/uploads\/2023\/10\/logo_csj.webp\",\"width\":250,\"height\":95,\"caption\":\"CSJ Emballages\"},\"image\":{\"@id\":\"https:\/\/www.csj-emballages.com\/de\/#\/schema\/logo\/image\/\"},\"sameAs\":[\"https:\/\/www.facebook.com\/csjemballages\"],\"address\":{\"@type\":\"PostalAddress\",\"streetAddress\":\"ZI La Lechere\",\"addressLocality\":\"Patornay\",\"postalCode\":\"39130\",\"addressCountry\":\"FR\"},\"contactPoint\":[{\"@type\":\"ContactPoint\",\"contactType\":\"Service client\",\"telephone\":\"0384254272\",\"email\":\"contact@csj-emballages.com\"}]}]}<\/script>\n<!-- \/ Yoast SEO Premium plugin. -->","yoast_head_json":{"title":"Lebensmittelschale mit Scharnierdeckel - 375 ml","description":"Entdecken Sie unsere 375-ml-Lebensmittelschale aus Kunststoff mit Scharnierdeckel, die sich ideal f\u00fcr die Aufbewahrung und den sicheren Transport von frischen Gerichten eignet.","robots":{"index":"index","follow":"follow","max-snippet":"max-snippet:-1","max-image-preview":"max-image-preview:large","max-video-preview":"max-video-preview:-1"},"canonical":"https:\/\/www.csj-emballages.com\/de\/produit\/400-ovale-scharnierdeckel-frischhaltedosen-rpet-375-ml\/","og_locale":"de_DE","og_type":"article","og_title":"Ovale Lebensmittelschale mit Scharnierdeckel 375 ml pro 400","og_description":"Entdecken Sie unsere 375-ml-Lebensmittelschale aus Kunststoff mit Scharnierdeckel, die sich ideal f\u00fcr die Aufbewahrung und den sicheren Transport von frischen Gerichten eignet.","og_url":"https:\/\/www.csj-emballages.com\/de\/produit\/400-ovale-scharnierdeckel-frischhaltedosen-rpet-375-ml\/","og_site_name":"CSJ Emballages","article_publisher":"https:\/\/www.facebook.com\/csjemballages","article_modified_time":"2026-04-15T00:15:01+00:00","og_image":[{"width":800,"height":800,"url":"https:\/\/www.csj-emballages.com\/wp-content\/uploads\/2024\/03\/OV375.webp","type":"image\/webp"}],"twitter_card":"summary_large_image","twitter_misc":{"Gesch\u00e4tzte Lesezeit":"1\u00a0Minute"},"schema":{"@context":"https:\/\/schema.org","@graph":[{"@type":"WebPage","@id":"https:\/\/www.csj-emballages.com\/de\/produit\/400-ovale-scharnierdeckel-frischhaltedosen-rpet-375-ml\/","url":"https:\/\/www.csj-emballages.com\/de\/produit\/400-ovale-scharnierdeckel-frischhaltedosen-rpet-375-ml\/","name":"Lebensmittelschale mit Scharnierdeckel - 375 ml","isPartOf":{"@id":"https:\/\/www.csj-emballages.com\/de\/#website"},"primaryImageOfPage":{"@id":"https:\/\/www.csj-emballages.com\/de\/produit\/400-ovale-scharnierdeckel-frischhaltedosen-rpet-375-ml\/#primaryimage"},"image":{"@id":"https:\/\/www.csj-emballages.com\/de\/produit\/400-ovale-scharnierdeckel-frischhaltedosen-rpet-375-ml\/#primaryimage"},"thumbnailUrl":"https:\/\/www.csj-emballages.com\/wp-content\/uploads\/2024\/03\/OV375.webp","datePublished":"2024-03-01T15:51:35+00:00","dateModified":"2026-04-15T00:15:01+00:00","description":"Entdecken Sie unsere 375-ml-Lebensmittelschale aus Kunststoff mit Scharnierdeckel, die sich ideal f\u00fcr die Aufbewahrung und den sicheren Transport von frischen Gerichten eignet.","breadcrumb":{"@id":"https:\/\/www.csj-emballages.com\/de\/produit\/400-ovale-scharnierdeckel-frischhaltedosen-rpet-375-ml\/#breadcrumb"},"inLanguage":"de","potentialAction":[{"@type":"ReadAction","target":["https:\/\/www.csj-emballages.com\/de\/produit\/400-ovale-scharnierdeckel-frischhaltedosen-rpet-375-ml\/"]}]},{"@type":"ImageObject","inLanguage":"de","@id":"https:\/\/www.csj-emballages.com\/de\/produit\/400-ovale-scharnierdeckel-frischhaltedosen-rpet-375-ml\/#primaryimage","url":"https:\/\/www.csj-emballages.com\/wp-content\/uploads\/2024\/03\/OV375.webp","contentUrl":"https:\/\/www.csj-emballages.com\/wp-content\/uploads\/2024\/03\/OV375.webp","width":800,"height":800,"caption":"Barquette alimentaire"},{"@type":"BreadcrumbList","@id":"https:\/\/www.csj-emballages.com\/de\/produit\/400-ovale-scharnierdeckel-frischhaltedosen-rpet-375-ml\/#breadcrumb","itemListElement":[{"@type":"ListItem","position":1,"name":"Accueil","item":"https:\/\/www.csj-emballages.com\/de\/universum-lebensmittelverpackungen\/"},{"@type":"ListItem","position":2,"name":"Shop","item":"https:\/\/www.csj-emballages.com\/shop\/"},{"@type":"ListItem","position":3,"name":"Ovale Lebensmittelschale mit Scharnierdeckel 375 ml pro 400"}]},{"@type":"WebSite","@id":"https:\/\/www.csj-emballages.com\/de\/#website","url":"https:\/\/www.csj-emballages.com\/de\/","name":"CSJ Emballages","description":"","publisher":{"@id":"https:\/\/www.csj-emballages.com\/de\/#organization"},"potentialAction":[{"@type":"SearchAction","target":{"@type":"EntryPoint","urlTemplate":"https:\/\/www.csj-emballages.com\/de\/?s={search_term_string}"},"query-input":{"@type":"PropertyValueSpecification","valueRequired":true,"valueName":"search_term_string"}}],"inLanguage":"de"},{"@type":"Organization","@id":"https:\/\/www.csj-emballages.com\/de\/#Organization\/","name":"CSJ Emballages","url":"https:\/\/www.csj-emballages.com\/de\/","logo":{"@type":"ImageObject","inLanguage":"de","@id":"https:\/\/www.csj-emballages.com\/de\/#\/schema\/logo\/image\/","url":"https:\/\/www.csj-emballages.com\/wp-content\/uploads\/2023\/10\/logo_csj.webp","contentUrl":"https:\/\/www.csj-emballages.com\/wp-content\/uploads\/2023\/10\/logo_csj.webp","width":250,"height":95,"caption":"CSJ Emballages"},"image":{"@id":"https:\/\/www.csj-emballages.com\/de\/#\/schema\/logo\/image\/"},"sameAs":["https:\/\/www.facebook.com\/csjemballages"],"address":{"@type":"PostalAddress","streetAddress":"ZI La Lechere","addressLocality":"Patornay","postalCode":"39130","addressCountry":"FR"},"contactPoint":[{"@type":"ContactPoint","contactType":"Service client","telephone":"0384254272","email":"contact@csj-emballages.com"}]}]}},"df_price":43.06,"df_sale_price":"","df_regular_price":43.06,"df_image_link":"https:\/\/www.csj-emballages.com\/wp-content\/uploads\/2024\/03\/OV375-300x300.webp","tiered_pricing_type":"fixed","tiered_pricing_fixed_rules":[],"tiered_pricing_percentage_rules":[],"tiered_pricing_minimum":1,"tiered_pricing_roles_data":[],"_links":{"self":[{"href":"https:\/\/www.csj-emballages.com\/de\/wp-json\/wp\/v2\/product\/22254","targetHints":{"allow":["GET"]}}],"collection":[{"href":"https:\/\/www.csj-emballages.com\/de\/wp-json\/wp\/v2\/product"}],"about":[{"href":"https:\/\/www.csj-emballages.com\/de\/wp-json\/wp\/v2\/types\/product"}],"wp:featuredmedia":[{"embeddable":true,"href":"https:\/\/www.csj-emballages.com\/de\/wp-json\/wp\/v2\/media\/219535"}],"wp:attachment":[{"href":"https:\/\/www.csj-emballages.com\/de\/wp-json\/wp\/v2\/media?parent=22254"}],"wp:term":[{"taxonomy":"product_brand","embeddable":true,"href":"https:\/\/www.csj-emballages.com\/de\/wp-json\/wp\/v2\/product_brand?post=22254"},{"taxonomy":"product_cat","embeddable":true,"href":"https:\/\/www.csj-emballages.com\/de\/wp-json\/wp\/v2\/product_cat?post=22254"},{"taxonomy":"product_tag","embeddable":true,"href":"https:\/\/www.csj-emballages.com\/de\/wp-json\/wp\/v2\/product_tag?post=22254"}],"curies":[{"name":"wp","href":"https:\/\/api.w.org\/{rel}","templated":true}]}}