{"id":22249,"date":"2024-03-01T16:51:34","date_gmt":"2024-03-01T15:51:34","guid":{"rendered":"https:\/\/u15jnbdpoq.preview.infomaniak.website\/produit\/100-gerade-strohhalme-cocktails-120-mm-schwarzes-papier-o-6-mm\/"},"modified":"2026-05-05T02:16:58","modified_gmt":"2026-05-05T00:16:58","slug":"100-gerade-strohhalme-cocktails-120-mm-schwarzes-papier-o-6-mm","status":"publish","type":"product","link":"https:\/\/www.csj-emballages.com\/de\/produit\/100-gerade-strohhalme-cocktails-120-mm-schwarzes-papier-o-6-mm\/","title":{"rendered":"Cocktailstrohhalm aus Papier schwarz 120 mm \u00d8 6 mm pro 100"},"content":{"rendered":"<h2>Cocktailstrohhalm<\/h2>\n<hr>\n<h3>Entdecken Sie unseren schwarzen Cocktailstrohhalm aus Papier 120 mm \u00d8 6 mm pro 100 St\u00fcck<\/h3>\n<p><!--more--><\/p>\n<p data-start=\"264\" data-end=\"572\">Diese <strong>schwarzen Cocktailstrohhalme aus Papier mit einer L\u00e4nge von 120 mm und einem Durchmesser von 6 mm<\/strong> sind die ideale L\u00f6sung f\u00fcr alle Ihre Veranstaltungen, Saaldienste oder festlichen Momente mit Freunden. Sie sind f\u00fcr den professionellen oder h\u00e4uslichen Gebrauch gedacht und bieten eine sch\u00f6ne, umweltfreundliche und elegante Alternative zu Plastikstrohhalmen. <\/p>\n<p data-start=\"574\" data-end=\"905\">Das <strong>kurze Format eignet sich perfekt f\u00fcr Cocktailgl\u00e4ser<\/strong>, Getr\u00e4nke in <strong>Gl\u00e4sern<\/strong>, Fruchts\u00e4fte oder Eiskaffee. Die <strong>Strohhalme<\/strong> werden aus hochwertigem Papier hergestellt und sind so konzipiert, dass sie w\u00e4hrend der gesamten Verkostung halten und nicht zu schnell weich werden, wenn sie mit Fl\u00fcssigkeiten in Ber\u00fchrung kommen. <\/p>\n<p data-start=\"907\" data-end=\"1170\">Mit ihrem <strong>tiefen, matten Schwarz<\/strong> verleihen sie all Ihren Pr\u00e4sentationen einen schlichten, schicken Touch, egal ob in einer Cocktailbar, einem Restaurant, auf einem Empfang oder zu Hause. Ihr minimalistisches Design passt zu jedem Stil, von klassisch bis modern. <\/p>\n<p data-start=\"1172\" data-end=\"1391\">In <strong>100er-Beuteln<\/strong> verpackt, sind sie praktisch zu lagern und zu verteilen. Ob Caterer, Restaurantbesitzer oder Privatperson, Sie werden die Qualit\u00e4t, die praktische Handhabung und die geringere Umweltbelastung zu sch\u00e4tzen wissen. <\/p>\n<p data-start=\"1393\" data-end=\"1486\">Entscheiden Sie sich f\u00fcr ein einfaches, n\u00fctzliches und verantwortungsbewussteres Zubeh\u00f6r f\u00fcr Ihre Kaltgetr\u00e4nke!<\/p>\n<p>&nbsp;<\/p>\n<p><!--more--><\/p>\n<h4>Vorteile :<\/h4>\n<ul>\n<li>Aus festem Papier hergestellt, weichen nicht schnell auf.<\/li>\n<li>Ideales Format f\u00fcr Cocktails und Getr\u00e4nke in kleinen Gl\u00e4sern.<\/li>\n<li>Elegante und professionelle schwarze Farbe.<\/li>\n<li>Umweltfreundliche Alternative zu Plastikstrohhalmen.<\/li>\n<li>Wird in Sparpacks zu 100 St\u00fcck verkauft.<\/li>\n<li>Geeignet f\u00fcr professionelle Gastronomen und Privatpersonen.<\/li>\n<\/ul>\n<p>&nbsp;<\/p>\n<p><!--more--><\/p>\n<h4>Weitere Informationen :<\/h4>\n<ul>\n<li><strong>Verpackung<\/strong>: Packung mit 100 St\u00fcck<\/li>\n<li><strong>Ma\u00dfe<\/strong>: 120 mm \u00d8 6 mm<\/li>\n<li><strong>Farbe<\/strong>: Schwarz<\/li>\n<li><strong>Material<\/strong>: Papier<\/li>\n<\/ul>\n<h2><\/h2>\n<p><!--more--><\/p>\n<p>Hier finden Sie alle verf\u00fcgbaren Gr\u00f6\u00dfen der schwarzen Trinkhalme : <span style=\"color: #d12727;\"><a style=\"color: #d12727;\" href=\"https:\/\/www.csj-emballages.com\/es\/produit\/16-pajitas-de-papel-negras-rectas-de-20-cm\/\">200 mm x \u00d8 8 mm<\/a><\/span> \/ <span style=\"color: #d12727;\"><a style=\"color: #d12727;\" href=\"https:\/\/www.csj-emballages.com\/es\/produit\/100-pajitas-rectas-200-mm-papel-negro-o-6-mm\/\">200 mm x \u00d8 6 mm<\/a><\/span><\/p>\n<p>&nbsp;<\/p>\n<p><!--more--><\/p>\n<p><a href=\"https:\/\/www.csj-emballages.com\/de\/categorie-produit\/lebensmittelverpackungen\/bio-sortiment\/besteck-strohhalme\/bio-strohhalme\/\">Sehen Sie sich den Rest unseres Sortiments an Papierstrohhalmen an<\/a><\/p>\n","protected":false},"excerpt":{"rendered":"<p>Cocktailstrohhalm Entdecken Sie unseren schwarzen Cocktailstrohhalm aus Papier 120 mm \u00d8 6 mm pro 100 St\u00fcck<\/p>\n","protected":false},"featured_media":238089,"template":"","meta":{"_acf_changed":false},"product_brand":[],"product_cat":[1137,1134,3003,1146,3002],"product_tag":[],"class_list":{"0":"post-22249","1":"product","2":"type-product","3":"status-publish","4":"has-post-thumbnail","6":"product_cat-lebensmittelverpackungen","7":"product_cat-restauration-de","8":"product_cat-strohhalme","9":"product_cat-bio-sortiment","10":"product_cat-bio-strohhalme","12":"first","13":"instock","14":"taxable","15":"shipping-taxable","16":"purchasable","17":"product-type-simple"},"acf":[],"yoast_head":"<!-- This site is optimized with the Yoast SEO Premium plugin v26.6 (Yoast SEO v26.6) - https:\/\/yoast.com\/wordpress\/plugins\/seo\/ -->\n<title>Cocktail-Strohhalm aus Papier - 12 cm x 6 mm<\/title>\n<meta name=\"description\" content=\"Entdecken Sie unseren Cocktailstrohhalm aus schwarzem Papier 12 cm aus Papier \u00d86mm. Entscheiden Sie sich f\u00fcr eine nachhaltige und umweltfreundliche Alternative!\" \/>\n<meta name=\"robots\" content=\"index, follow, max-snippet:-1, max-image-preview:large, max-video-preview:-1\" \/>\n<link rel=\"canonical\" href=\"https:\/\/www.csj-emballages.com\/de\/produit\/100-gerade-strohhalme-cocktails-120-mm-schwarzes-papier-o-6-mm\/\" \/>\n<meta property=\"og:locale\" content=\"de_DE\" \/>\n<meta property=\"og:type\" content=\"article\" \/>\n<meta property=\"og:title\" content=\"Cocktailstrohhalm aus Papier schwarz 120 mm \u00d8 6 mm pro 100\" \/>\n<meta property=\"og:description\" content=\"Entdecken Sie unseren Cocktailstrohhalm aus schwarzem Papier 12 cm aus Papier \u00d86mm. Entscheiden Sie sich f\u00fcr eine nachhaltige und umweltfreundliche Alternative!\" \/>\n<meta property=\"og:url\" content=\"https:\/\/www.csj-emballages.com\/de\/produit\/100-gerade-strohhalme-cocktails-120-mm-schwarzes-papier-o-6-mm\/\" \/>\n<meta property=\"og:site_name\" content=\"CSJ Emballages\" \/>\n<meta property=\"article:publisher\" content=\"https:\/\/www.facebook.com\/csjemballages\" \/>\n<meta property=\"article:modified_time\" content=\"2026-05-05T00:16:58+00:00\" \/>\n<meta property=\"og:image\" content=\"https:\/\/www.csj-emballages.com\/wp-content\/uploads\/2024\/03\/PAILP120x6NR.webp\" \/>\n\t<meta property=\"og:image:width\" content=\"800\" \/>\n\t<meta property=\"og:image:height\" content=\"800\" \/>\n\t<meta property=\"og:image:type\" content=\"image\/webp\" \/>\n<meta name=\"twitter:card\" content=\"summary_large_image\" \/>\n<meta name=\"twitter:label1\" content=\"Gesch\u00e4tzte Lesezeit\" \/>\n\t<meta name=\"twitter:data1\" content=\"1\u00a0Minute\" \/>\n<script type=\"application\/ld+json\" class=\"yoast-schema-graph\">{\"@context\":\"https:\/\/schema.org\",\"@graph\":[{\"@type\":\"WebPage\",\"@id\":\"https:\/\/www.csj-emballages.com\/de\/produit\/100-gerade-strohhalme-cocktails-120-mm-schwarzes-papier-o-6-mm\/\",\"url\":\"https:\/\/www.csj-emballages.com\/de\/produit\/100-gerade-strohhalme-cocktails-120-mm-schwarzes-papier-o-6-mm\/\",\"name\":\"Cocktail-Strohhalm aus Papier - 12 cm x 6 mm\",\"isPartOf\":{\"@id\":\"https:\/\/www.csj-emballages.com\/de\/#website\"},\"primaryImageOfPage\":{\"@id\":\"https:\/\/www.csj-emballages.com\/de\/produit\/100-gerade-strohhalme-cocktails-120-mm-schwarzes-papier-o-6-mm\/#primaryimage\"},\"image\":{\"@id\":\"https:\/\/www.csj-emballages.com\/de\/produit\/100-gerade-strohhalme-cocktails-120-mm-schwarzes-papier-o-6-mm\/#primaryimage\"},\"thumbnailUrl\":\"https:\/\/www.csj-emballages.com\/wp-content\/uploads\/2024\/03\/PAILP120x6NR.webp\",\"datePublished\":\"2024-03-01T15:51:34+00:00\",\"dateModified\":\"2026-05-05T00:16:58+00:00\",\"description\":\"Entdecken Sie unseren Cocktailstrohhalm aus schwarzem Papier 12 cm aus Papier \u00d86mm. Entscheiden Sie sich f\u00fcr eine nachhaltige und umweltfreundliche Alternative!\",\"breadcrumb\":{\"@id\":\"https:\/\/www.csj-emballages.com\/de\/produit\/100-gerade-strohhalme-cocktails-120-mm-schwarzes-papier-o-6-mm\/#breadcrumb\"},\"inLanguage\":\"de\",\"potentialAction\":[{\"@type\":\"ReadAction\",\"target\":[\"https:\/\/www.csj-emballages.com\/de\/produit\/100-gerade-strohhalme-cocktails-120-mm-schwarzes-papier-o-6-mm\/\"]}]},{\"@type\":\"ImageObject\",\"inLanguage\":\"de\",\"@id\":\"https:\/\/www.csj-emballages.com\/de\/produit\/100-gerade-strohhalme-cocktails-120-mm-schwarzes-papier-o-6-mm\/#primaryimage\",\"url\":\"https:\/\/www.csj-emballages.com\/wp-content\/uploads\/2024\/03\/PAILP120x6NR.webp\",\"contentUrl\":\"https:\/\/www.csj-emballages.com\/wp-content\/uploads\/2024\/03\/PAILP120x6NR.webp\",\"width\":800,\"height\":800,\"caption\":\"Paille cocktail\"},{\"@type\":\"BreadcrumbList\",\"@id\":\"https:\/\/www.csj-emballages.com\/de\/produit\/100-gerade-strohhalme-cocktails-120-mm-schwarzes-papier-o-6-mm\/#breadcrumb\",\"itemListElement\":[{\"@type\":\"ListItem\",\"position\":1,\"name\":\"Accueil\",\"item\":\"https:\/\/www.csj-emballages.com\/de\/universum-lebensmittelverpackungen\/\"},{\"@type\":\"ListItem\",\"position\":2,\"name\":\"Shop\",\"item\":\"https:\/\/www.csj-emballages.com\/shop\/\"},{\"@type\":\"ListItem\",\"position\":3,\"name\":\"Cocktailstrohhalm aus Papier schwarz 120 mm \u00d8 6 mm pro 100\"}]},{\"@type\":\"WebSite\",\"@id\":\"https:\/\/www.csj-emballages.com\/de\/#website\",\"url\":\"https:\/\/www.csj-emballages.com\/de\/\",\"name\":\"CSJ Emballages\",\"description\":\"\",\"publisher\":{\"@id\":\"https:\/\/www.csj-emballages.com\/de\/#organization\"},\"potentialAction\":[{\"@type\":\"SearchAction\",\"target\":{\"@type\":\"EntryPoint\",\"urlTemplate\":\"https:\/\/www.csj-emballages.com\/de\/?s={search_term_string}\"},\"query-input\":{\"@type\":\"PropertyValueSpecification\",\"valueRequired\":true,\"valueName\":\"search_term_string\"}}],\"inLanguage\":\"de\"},{\"@type\":\"Organization\",\"@id\":\"https:\/\/www.csj-emballages.com\/de\/#Organization\/\",\"name\":\"CSJ Emballages\",\"url\":\"https:\/\/www.csj-emballages.com\/de\/\",\"logo\":{\"@type\":\"ImageObject\",\"inLanguage\":\"de\",\"@id\":\"https:\/\/www.csj-emballages.com\/de\/#\/schema\/logo\/image\/\",\"url\":\"https:\/\/www.csj-emballages.com\/wp-content\/uploads\/2023\/10\/logo_csj.webp\",\"contentUrl\":\"https:\/\/www.csj-emballages.com\/wp-content\/uploads\/2023\/10\/logo_csj.webp\",\"width\":250,\"height\":95,\"caption\":\"CSJ Emballages\"},\"image\":{\"@id\":\"https:\/\/www.csj-emballages.com\/de\/#\/schema\/logo\/image\/\"},\"sameAs\":[\"https:\/\/www.facebook.com\/csjemballages\"],\"address\":{\"@type\":\"PostalAddress\",\"streetAddress\":\"ZI La Lechere\",\"addressLocality\":\"Patornay\",\"postalCode\":\"39130\",\"addressCountry\":\"FR\"},\"contactPoint\":[{\"@type\":\"ContactPoint\",\"contactType\":\"Service client\",\"telephone\":\"0384254272\",\"email\":\"contact@csj-emballages.com\"}]}]}<\/script>\n<!-- \/ Yoast SEO Premium plugin. -->","yoast_head_json":{"title":"Cocktail-Strohhalm aus Papier - 12 cm x 6 mm","description":"Entdecken Sie unseren Cocktailstrohhalm aus schwarzem Papier 12 cm aus Papier \u00d86mm. Entscheiden Sie sich f\u00fcr eine nachhaltige und umweltfreundliche Alternative!","robots":{"index":"index","follow":"follow","max-snippet":"max-snippet:-1","max-image-preview":"max-image-preview:large","max-video-preview":"max-video-preview:-1"},"canonical":"https:\/\/www.csj-emballages.com\/de\/produit\/100-gerade-strohhalme-cocktails-120-mm-schwarzes-papier-o-6-mm\/","og_locale":"de_DE","og_type":"article","og_title":"Cocktailstrohhalm aus Papier schwarz 120 mm \u00d8 6 mm pro 100","og_description":"Entdecken Sie unseren Cocktailstrohhalm aus schwarzem Papier 12 cm aus Papier \u00d86mm. Entscheiden Sie sich f\u00fcr eine nachhaltige und umweltfreundliche Alternative!","og_url":"https:\/\/www.csj-emballages.com\/de\/produit\/100-gerade-strohhalme-cocktails-120-mm-schwarzes-papier-o-6-mm\/","og_site_name":"CSJ Emballages","article_publisher":"https:\/\/www.facebook.com\/csjemballages","article_modified_time":"2026-05-05T00:16:58+00:00","og_image":[{"width":800,"height":800,"url":"https:\/\/www.csj-emballages.com\/wp-content\/uploads\/2024\/03\/PAILP120x6NR.webp","type":"image\/webp"}],"twitter_card":"summary_large_image","twitter_misc":{"Gesch\u00e4tzte Lesezeit":"1\u00a0Minute"},"schema":{"@context":"https:\/\/schema.org","@graph":[{"@type":"WebPage","@id":"https:\/\/www.csj-emballages.com\/de\/produit\/100-gerade-strohhalme-cocktails-120-mm-schwarzes-papier-o-6-mm\/","url":"https:\/\/www.csj-emballages.com\/de\/produit\/100-gerade-strohhalme-cocktails-120-mm-schwarzes-papier-o-6-mm\/","name":"Cocktail-Strohhalm aus Papier - 12 cm x 6 mm","isPartOf":{"@id":"https:\/\/www.csj-emballages.com\/de\/#website"},"primaryImageOfPage":{"@id":"https:\/\/www.csj-emballages.com\/de\/produit\/100-gerade-strohhalme-cocktails-120-mm-schwarzes-papier-o-6-mm\/#primaryimage"},"image":{"@id":"https:\/\/www.csj-emballages.com\/de\/produit\/100-gerade-strohhalme-cocktails-120-mm-schwarzes-papier-o-6-mm\/#primaryimage"},"thumbnailUrl":"https:\/\/www.csj-emballages.com\/wp-content\/uploads\/2024\/03\/PAILP120x6NR.webp","datePublished":"2024-03-01T15:51:34+00:00","dateModified":"2026-05-05T00:16:58+00:00","description":"Entdecken Sie unseren Cocktailstrohhalm aus schwarzem Papier 12 cm aus Papier \u00d86mm. Entscheiden Sie sich f\u00fcr eine nachhaltige und umweltfreundliche Alternative!","breadcrumb":{"@id":"https:\/\/www.csj-emballages.com\/de\/produit\/100-gerade-strohhalme-cocktails-120-mm-schwarzes-papier-o-6-mm\/#breadcrumb"},"inLanguage":"de","potentialAction":[{"@type":"ReadAction","target":["https:\/\/www.csj-emballages.com\/de\/produit\/100-gerade-strohhalme-cocktails-120-mm-schwarzes-papier-o-6-mm\/"]}]},{"@type":"ImageObject","inLanguage":"de","@id":"https:\/\/www.csj-emballages.com\/de\/produit\/100-gerade-strohhalme-cocktails-120-mm-schwarzes-papier-o-6-mm\/#primaryimage","url":"https:\/\/www.csj-emballages.com\/wp-content\/uploads\/2024\/03\/PAILP120x6NR.webp","contentUrl":"https:\/\/www.csj-emballages.com\/wp-content\/uploads\/2024\/03\/PAILP120x6NR.webp","width":800,"height":800,"caption":"Paille cocktail"},{"@type":"BreadcrumbList","@id":"https:\/\/www.csj-emballages.com\/de\/produit\/100-gerade-strohhalme-cocktails-120-mm-schwarzes-papier-o-6-mm\/#breadcrumb","itemListElement":[{"@type":"ListItem","position":1,"name":"Accueil","item":"https:\/\/www.csj-emballages.com\/de\/universum-lebensmittelverpackungen\/"},{"@type":"ListItem","position":2,"name":"Shop","item":"https:\/\/www.csj-emballages.com\/shop\/"},{"@type":"ListItem","position":3,"name":"Cocktailstrohhalm aus Papier schwarz 120 mm \u00d8 6 mm pro 100"}]},{"@type":"WebSite","@id":"https:\/\/www.csj-emballages.com\/de\/#website","url":"https:\/\/www.csj-emballages.com\/de\/","name":"CSJ Emballages","description":"","publisher":{"@id":"https:\/\/www.csj-emballages.com\/de\/#organization"},"potentialAction":[{"@type":"SearchAction","target":{"@type":"EntryPoint","urlTemplate":"https:\/\/www.csj-emballages.com\/de\/?s={search_term_string}"},"query-input":{"@type":"PropertyValueSpecification","valueRequired":true,"valueName":"search_term_string"}}],"inLanguage":"de"},{"@type":"Organization","@id":"https:\/\/www.csj-emballages.com\/de\/#Organization\/","name":"CSJ Emballages","url":"https:\/\/www.csj-emballages.com\/de\/","logo":{"@type":"ImageObject","inLanguage":"de","@id":"https:\/\/www.csj-emballages.com\/de\/#\/schema\/logo\/image\/","url":"https:\/\/www.csj-emballages.com\/wp-content\/uploads\/2023\/10\/logo_csj.webp","contentUrl":"https:\/\/www.csj-emballages.com\/wp-content\/uploads\/2023\/10\/logo_csj.webp","width":250,"height":95,"caption":"CSJ Emballages"},"image":{"@id":"https:\/\/www.csj-emballages.com\/de\/#\/schema\/logo\/image\/"},"sameAs":["https:\/\/www.facebook.com\/csjemballages"],"address":{"@type":"PostalAddress","streetAddress":"ZI La Lechere","addressLocality":"Patornay","postalCode":"39130","addressCountry":"FR"},"contactPoint":[{"@type":"ContactPoint","contactType":"Service client","telephone":"0384254272","email":"contact@csj-emballages.com"}]}]}},"df_price":1.27,"df_sale_price":"","df_regular_price":1.27,"df_image_link":"https:\/\/www.csj-emballages.com\/wp-content\/uploads\/2024\/03\/PAILP120x6NR-300x300.webp","tiered_pricing_type":"fixed","tiered_pricing_fixed_rules":[],"tiered_pricing_percentage_rules":[],"tiered_pricing_minimum":1,"tiered_pricing_roles_data":[],"_links":{"self":[{"href":"https:\/\/www.csj-emballages.com\/de\/wp-json\/wp\/v2\/product\/22249","targetHints":{"allow":["GET"]}}],"collection":[{"href":"https:\/\/www.csj-emballages.com\/de\/wp-json\/wp\/v2\/product"}],"about":[{"href":"https:\/\/www.csj-emballages.com\/de\/wp-json\/wp\/v2\/types\/product"}],"wp:featuredmedia":[{"embeddable":true,"href":"https:\/\/www.csj-emballages.com\/de\/wp-json\/wp\/v2\/media\/238089"}],"wp:attachment":[{"href":"https:\/\/www.csj-emballages.com\/de\/wp-json\/wp\/v2\/media?parent=22249"}],"wp:term":[{"taxonomy":"product_brand","embeddable":true,"href":"https:\/\/www.csj-emballages.com\/de\/wp-json\/wp\/v2\/product_brand?post=22249"},{"taxonomy":"product_cat","embeddable":true,"href":"https:\/\/www.csj-emballages.com\/de\/wp-json\/wp\/v2\/product_cat?post=22249"},{"taxonomy":"product_tag","embeddable":true,"href":"https:\/\/www.csj-emballages.com\/de\/wp-json\/wp\/v2\/product_tag?post=22249"}],"curies":[{"name":"wp","href":"https:\/\/api.w.org\/{rel}","templated":true}]}}