{"id":22193,"date":"2024-03-01T16:51:36","date_gmt":"2024-03-01T15:51:36","guid":{"rendered":"https:\/\/u15jnbdpoq.preview.infomaniak.website\/produit\/50-flache-deckel-fuer-gastronomen-aus-aluminium-pg6800-pg8850-pg11450\/"},"modified":"2026-03-31T02:15:32","modified_gmt":"2026-03-31T00:15:32","slug":"50-flache-deckel-fuer-gastronomen-aus-aluminium-pg6800-pg8850-pg11450","status":"publish","type":"product","link":"https:\/\/www.csj-emballages.com\/de\/produit\/50-flache-deckel-fuer-gastronomen-aus-aluminium-pg6800-pg8850-pg11450\/","title":{"rendered":"Deckel f\u00fcr Gastronomenschale aus Aluminium PG6800 \/ PG8850 \/ PG11450 pro 50 St\u00fcck"},"content":{"rendered":"<h2>Deckel Gastronomieschale<\/h2>\n<hr>\n<h3>Beschreibung von unserem Sch\u00fcsseldeckel Gastronom Aluminium pro 50<\/h3>\n<p><!--more--><\/p>\n<p data-start=\"31\" data-end=\"327\">Dieser <strong data-start=\"34\" data-end=\"65\">flache Deckel aus Aluminium<\/strong> ist ein unverzichtbares Zubeh\u00f6r, mit dem Sie Ihre <strong>Gourmetgerichte<\/strong> ganz einfach abdecken k\u00f6nnen. Er wurde f\u00fcr <strong data-start=\"168\" data-end=\"213\">Gastronomen, Caterer oder \u00f6ffentliche Einrichtungen<\/strong> entwickelt und bietet einen wirksamen Schutz f\u00fcr Ihre <strong>Gerichte<\/strong>, sei es bei der Lagerung, beim Transport oder bei der Pr\u00e4sentation. <\/p>\n<p data-start=\"329\" data-end=\"637\">Hergestellt aus <strong data-start=\"341\" data-end=\"364\">Aluminium<\/strong>, hilft er dabei, <strong data-start=\"376\" data-end=\"404\">die Temperatur<\/strong> der Lebensmittel zu <strong data-start=\"376\" data-end=\"404\">halten<\/strong> und verhindert, dass etwas ausl\u00e4uft. Sein <strong>flaches<\/strong> Format erm\u00f6glicht au\u00dferdem eine <strong data-start=\"471\" data-end=\"491\">einfache Aufbewahrung<\/strong> in der K\u00fcche oder im K\u00fchlraum, ohne viel Platz zu beanspruchen. <\/p>\n<p><!--more--><\/p>\n<h4>Vorteile :<\/h4>\n<ul>\n<li data-start=\"1063\" data-end=\"1163\">Sch\u00fctzt vor Kontamination und h\u00e4lt die Temperatur<\/li>\n<li data-start=\"1164\" data-end=\"1241\">Robust und f\u00fcr intensiven Gebrauch geeignet<\/li>\n<li data-start=\"1164\" data-end=\"1241\">Flaches Format f\u00fcr optimierte Lagerung<\/li>\n<li data-start=\"1328\" data-end=\"1424\">Ideal f\u00fcr Gastronomie-Profis und Caterer<\/li>\n<li data-start=\"1425\" data-end=\"1500\">Sch\u00fctzt vor Staub und Schmutz.<\/li>\n<\/ul>\n<p>&nbsp;<\/p>\n<p><!--more--><\/p>\n<h4>Weitere Informationen :<\/h4>\n<ul>\n<li><strong>Verpackung<\/strong>: Packung mit 50 St\u00fcck<\/li>\n<li><strong>Abmessungen<\/strong>: 325 x 265 x 18 ( L x B x H in mm )<\/li>\n<li><strong>Material<\/strong>: Aluminium<\/li>\n<li><strong>Gebrauchstemperatur<\/strong>: -40\u00b0C \/ +350\u00b0C<\/li>\n<\/ul>\n<p>&nbsp;<\/p>\n<p><!--more--><\/p>\n<p>Dieses Produkt ist mit mehreren Gourmetgerichten kompatibel :<span style=\"color: #d12727;\"> <a style=\"color: #d12727;\" href=\"https:\/\/www.csj-emballages.com\/es\/produit\/50-platos-desechables-de-aluminio-6500ml\/\">PG6800<\/a> <span style=\"color: #000000;\">\/<\/span> <a style=\"color: #d12727;\" href=\"https:\/\/www.csj-emballages.com\/es\/produit\/50-platos-desechables-de-aluminio-8850ml\/\">PG8850<\/a> <span style=\"color: #000000;\">\/<\/span> <a style=\"color: #d12727;\" href=\"https:\/\/www.csj-emballages.com\/es\/produit\/50-platos-de-aluminio-desechables-11450ml\/\">PG11450<\/a> <\/span> <\/p>\n<p>&nbsp;<\/p>\n<p><!--more--><\/p>\n<p><a href=\"https:\/\/www.csj-emballages.com\/de\/categorie-produit\/lebensmittelverpackungen\/metzgerei-und-feinkostgeschaft\/schalen-dosen-und-glaser\/aluminiumschalen-schalen-formen-tabletts-becher-auflaufformen-tortenschalen\/gourmetgerichte\/\">Sehen Sie sich den Rest unseres Angebots an Aluminium-Gourmetgerichten an<\/a><\/p>\n","protected":false},"excerpt":{"rendered":"<p>Deckel Gastronomieschale Beschreibung von unserem Sch\u00fcsseldeckel Gastronom Aluminium pro 50<\/p>\n","protected":false},"featured_media":228968,"template":"","meta":{"_acf_changed":false},"product_brand":[],"product_cat":[1170,1997,2923],"product_tag":[],"class_list":{"0":"post-22193","1":"product","2":"type-product","3":"status-publish","4":"has-post-thumbnail","6":"product_cat-metzgerei-und-feinkostgeschaft","7":"product_cat-aluminiumschalen-schalen-formen-tabletts-becher-auflaufformen-tortenschalen","8":"product_cat-gourmetgerichte","10":"first","11":"instock","12":"taxable","13":"shipping-taxable","14":"purchasable","15":"product-type-simple"},"acf":[],"yoast_head":"<!-- This site is optimized with the Yoast SEO Premium plugin v26.6 (Yoast SEO v26.6) - https:\/\/yoast.com\/wordpress\/plugins\/seo\/ -->\n<title>Deckel Sch\u00fcssel Gastronome Aluminium pro 50<\/title>\n<meta name=\"description\" content=\"Gastronomischer Sch\u00fcsseldeckel aus Aluminium pro 50 St\u00fcck, ideal zum sicheren Schutz, Aufbewahren und Transportieren von Speisen.\" \/>\n<meta name=\"robots\" content=\"index, follow, max-snippet:-1, max-image-preview:large, max-video-preview:-1\" \/>\n<link rel=\"canonical\" href=\"https:\/\/www.csj-emballages.com\/de\/produit\/50-flache-deckel-fuer-gastronomen-aus-aluminium-pg6800-pg8850-pg11450\/\" \/>\n<meta property=\"og:locale\" content=\"de_DE\" \/>\n<meta property=\"og:type\" content=\"article\" \/>\n<meta property=\"og:title\" content=\"Deckel f\u00fcr Gastronomenschale aus Aluminium PG6800 \/ PG8850 \/ PG11450 pro 50 St\u00fcck\" \/>\n<meta property=\"og:description\" content=\"Gastronomischer Sch\u00fcsseldeckel aus Aluminium pro 50 St\u00fcck, ideal zum sicheren Schutz, Aufbewahren und Transportieren von Speisen.\" \/>\n<meta property=\"og:url\" content=\"https:\/\/www.csj-emballages.com\/de\/produit\/50-flache-deckel-fuer-gastronomen-aus-aluminium-pg6800-pg8850-pg11450\/\" \/>\n<meta property=\"og:site_name\" content=\"CSJ Emballages\" \/>\n<meta property=\"article:publisher\" content=\"https:\/\/www.facebook.com\/csjemballages\" \/>\n<meta property=\"article:modified_time\" content=\"2026-03-31T00:15:32+00:00\" \/>\n<meta property=\"og:image\" content=\"https:\/\/www.csj-emballages.com\/wp-content\/uploads\/2024\/03\/OP-1_1-PG-1.webp\" \/>\n\t<meta property=\"og:image:width\" content=\"800\" \/>\n\t<meta property=\"og:image:height\" content=\"800\" \/>\n\t<meta property=\"og:image:type\" content=\"image\/webp\" \/>\n<meta name=\"twitter:card\" content=\"summary_large_image\" \/>\n<meta name=\"twitter:label1\" content=\"Gesch\u00e4tzte Lesezeit\" \/>\n\t<meta name=\"twitter:data1\" content=\"1\u00a0Minute\" \/>\n<script type=\"application\/ld+json\" class=\"yoast-schema-graph\">{\"@context\":\"https:\/\/schema.org\",\"@graph\":[{\"@type\":\"WebPage\",\"@id\":\"https:\/\/www.csj-emballages.com\/de\/produit\/50-flache-deckel-fuer-gastronomen-aus-aluminium-pg6800-pg8850-pg11450\/\",\"url\":\"https:\/\/www.csj-emballages.com\/de\/produit\/50-flache-deckel-fuer-gastronomen-aus-aluminium-pg6800-pg8850-pg11450\/\",\"name\":\"Deckel Sch\u00fcssel Gastronome Aluminium pro 50\",\"isPartOf\":{\"@id\":\"https:\/\/www.csj-emballages.com\/de\/#website\"},\"primaryImageOfPage\":{\"@id\":\"https:\/\/www.csj-emballages.com\/de\/produit\/50-flache-deckel-fuer-gastronomen-aus-aluminium-pg6800-pg8850-pg11450\/#primaryimage\"},\"image\":{\"@id\":\"https:\/\/www.csj-emballages.com\/de\/produit\/50-flache-deckel-fuer-gastronomen-aus-aluminium-pg6800-pg8850-pg11450\/#primaryimage\"},\"thumbnailUrl\":\"https:\/\/www.csj-emballages.com\/wp-content\/uploads\/2024\/03\/OP-1_1-PG-1.webp\",\"datePublished\":\"2024-03-01T15:51:36+00:00\",\"dateModified\":\"2026-03-31T00:15:32+00:00\",\"description\":\"Gastronomischer Sch\u00fcsseldeckel aus Aluminium pro 50 St\u00fcck, ideal zum sicheren Schutz, Aufbewahren und Transportieren von Speisen.\",\"breadcrumb\":{\"@id\":\"https:\/\/www.csj-emballages.com\/de\/produit\/50-flache-deckel-fuer-gastronomen-aus-aluminium-pg6800-pg8850-pg11450\/#breadcrumb\"},\"inLanguage\":\"de\",\"potentialAction\":[{\"@type\":\"ReadAction\",\"target\":[\"https:\/\/www.csj-emballages.com\/de\/produit\/50-flache-deckel-fuer-gastronomen-aus-aluminium-pg6800-pg8850-pg11450\/\"]}]},{\"@type\":\"ImageObject\",\"inLanguage\":\"de\",\"@id\":\"https:\/\/www.csj-emballages.com\/de\/produit\/50-flache-deckel-fuer-gastronomen-aus-aluminium-pg6800-pg8850-pg11450\/#primaryimage\",\"url\":\"https:\/\/www.csj-emballages.com\/wp-content\/uploads\/2024\/03\/OP-1_1-PG-1.webp\",\"contentUrl\":\"https:\/\/www.csj-emballages.com\/wp-content\/uploads\/2024\/03\/OP-1_1-PG-1.webp\",\"width\":800,\"height\":800,\"caption\":\"Couvercle plat gastronome\"},{\"@type\":\"BreadcrumbList\",\"@id\":\"https:\/\/www.csj-emballages.com\/de\/produit\/50-flache-deckel-fuer-gastronomen-aus-aluminium-pg6800-pg8850-pg11450\/#breadcrumb\",\"itemListElement\":[{\"@type\":\"ListItem\",\"position\":1,\"name\":\"Accueil\",\"item\":\"https:\/\/www.csj-emballages.com\/de\/universum-lebensmittelverpackungen\/\"},{\"@type\":\"ListItem\",\"position\":2,\"name\":\"Shop\",\"item\":\"https:\/\/www.csj-emballages.com\/shop\/\"},{\"@type\":\"ListItem\",\"position\":3,\"name\":\"Deckel f\u00fcr Gastronomenschale aus Aluminium PG6800 \/ PG8850 \/ PG11450 pro 50 St\u00fcck\"}]},{\"@type\":\"WebSite\",\"@id\":\"https:\/\/www.csj-emballages.com\/de\/#website\",\"url\":\"https:\/\/www.csj-emballages.com\/de\/\",\"name\":\"CSJ Emballages\",\"description\":\"\",\"publisher\":{\"@id\":\"https:\/\/www.csj-emballages.com\/de\/#organization\"},\"potentialAction\":[{\"@type\":\"SearchAction\",\"target\":{\"@type\":\"EntryPoint\",\"urlTemplate\":\"https:\/\/www.csj-emballages.com\/de\/?s={search_term_string}\"},\"query-input\":{\"@type\":\"PropertyValueSpecification\",\"valueRequired\":true,\"valueName\":\"search_term_string\"}}],\"inLanguage\":\"de\"},{\"@type\":\"Organization\",\"@id\":\"https:\/\/www.csj-emballages.com\/de\/#Organization\/\",\"name\":\"CSJ Emballages\",\"url\":\"https:\/\/www.csj-emballages.com\/de\/\",\"logo\":{\"@type\":\"ImageObject\",\"inLanguage\":\"de\",\"@id\":\"https:\/\/www.csj-emballages.com\/de\/#\/schema\/logo\/image\/\",\"url\":\"https:\/\/www.csj-emballages.com\/wp-content\/uploads\/2023\/10\/logo_csj.webp\",\"contentUrl\":\"https:\/\/www.csj-emballages.com\/wp-content\/uploads\/2023\/10\/logo_csj.webp\",\"width\":250,\"height\":95,\"caption\":\"CSJ Emballages\"},\"image\":{\"@id\":\"https:\/\/www.csj-emballages.com\/de\/#\/schema\/logo\/image\/\"},\"sameAs\":[\"https:\/\/www.facebook.com\/csjemballages\"],\"address\":{\"@type\":\"PostalAddress\",\"streetAddress\":\"ZI La Lechere\",\"addressLocality\":\"Patornay\",\"postalCode\":\"39130\",\"addressCountry\":\"FR\"},\"contactPoint\":[{\"@type\":\"ContactPoint\",\"contactType\":\"Service client\",\"telephone\":\"0384254272\",\"email\":\"contact@csj-emballages.com\"}]}]}<\/script>\n<!-- \/ Yoast SEO Premium plugin. -->","yoast_head_json":{"title":"Deckel Sch\u00fcssel Gastronome Aluminium pro 50","description":"Gastronomischer Sch\u00fcsseldeckel aus Aluminium pro 50 St\u00fcck, ideal zum sicheren Schutz, Aufbewahren und Transportieren von Speisen.","robots":{"index":"index","follow":"follow","max-snippet":"max-snippet:-1","max-image-preview":"max-image-preview:large","max-video-preview":"max-video-preview:-1"},"canonical":"https:\/\/www.csj-emballages.com\/de\/produit\/50-flache-deckel-fuer-gastronomen-aus-aluminium-pg6800-pg8850-pg11450\/","og_locale":"de_DE","og_type":"article","og_title":"Deckel f\u00fcr Gastronomenschale aus Aluminium PG6800 \/ PG8850 \/ PG11450 pro 50 St\u00fcck","og_description":"Gastronomischer Sch\u00fcsseldeckel aus Aluminium pro 50 St\u00fcck, ideal zum sicheren Schutz, Aufbewahren und Transportieren von Speisen.","og_url":"https:\/\/www.csj-emballages.com\/de\/produit\/50-flache-deckel-fuer-gastronomen-aus-aluminium-pg6800-pg8850-pg11450\/","og_site_name":"CSJ Emballages","article_publisher":"https:\/\/www.facebook.com\/csjemballages","article_modified_time":"2026-03-31T00:15:32+00:00","og_image":[{"width":800,"height":800,"url":"https:\/\/www.csj-emballages.com\/wp-content\/uploads\/2024\/03\/OP-1_1-PG-1.webp","type":"image\/webp"}],"twitter_card":"summary_large_image","twitter_misc":{"Gesch\u00e4tzte Lesezeit":"1\u00a0Minute"},"schema":{"@context":"https:\/\/schema.org","@graph":[{"@type":"WebPage","@id":"https:\/\/www.csj-emballages.com\/de\/produit\/50-flache-deckel-fuer-gastronomen-aus-aluminium-pg6800-pg8850-pg11450\/","url":"https:\/\/www.csj-emballages.com\/de\/produit\/50-flache-deckel-fuer-gastronomen-aus-aluminium-pg6800-pg8850-pg11450\/","name":"Deckel Sch\u00fcssel Gastronome Aluminium pro 50","isPartOf":{"@id":"https:\/\/www.csj-emballages.com\/de\/#website"},"primaryImageOfPage":{"@id":"https:\/\/www.csj-emballages.com\/de\/produit\/50-flache-deckel-fuer-gastronomen-aus-aluminium-pg6800-pg8850-pg11450\/#primaryimage"},"image":{"@id":"https:\/\/www.csj-emballages.com\/de\/produit\/50-flache-deckel-fuer-gastronomen-aus-aluminium-pg6800-pg8850-pg11450\/#primaryimage"},"thumbnailUrl":"https:\/\/www.csj-emballages.com\/wp-content\/uploads\/2024\/03\/OP-1_1-PG-1.webp","datePublished":"2024-03-01T15:51:36+00:00","dateModified":"2026-03-31T00:15:32+00:00","description":"Gastronomischer Sch\u00fcsseldeckel aus Aluminium pro 50 St\u00fcck, ideal zum sicheren Schutz, Aufbewahren und Transportieren von Speisen.","breadcrumb":{"@id":"https:\/\/www.csj-emballages.com\/de\/produit\/50-flache-deckel-fuer-gastronomen-aus-aluminium-pg6800-pg8850-pg11450\/#breadcrumb"},"inLanguage":"de","potentialAction":[{"@type":"ReadAction","target":["https:\/\/www.csj-emballages.com\/de\/produit\/50-flache-deckel-fuer-gastronomen-aus-aluminium-pg6800-pg8850-pg11450\/"]}]},{"@type":"ImageObject","inLanguage":"de","@id":"https:\/\/www.csj-emballages.com\/de\/produit\/50-flache-deckel-fuer-gastronomen-aus-aluminium-pg6800-pg8850-pg11450\/#primaryimage","url":"https:\/\/www.csj-emballages.com\/wp-content\/uploads\/2024\/03\/OP-1_1-PG-1.webp","contentUrl":"https:\/\/www.csj-emballages.com\/wp-content\/uploads\/2024\/03\/OP-1_1-PG-1.webp","width":800,"height":800,"caption":"Couvercle plat gastronome"},{"@type":"BreadcrumbList","@id":"https:\/\/www.csj-emballages.com\/de\/produit\/50-flache-deckel-fuer-gastronomen-aus-aluminium-pg6800-pg8850-pg11450\/#breadcrumb","itemListElement":[{"@type":"ListItem","position":1,"name":"Accueil","item":"https:\/\/www.csj-emballages.com\/de\/universum-lebensmittelverpackungen\/"},{"@type":"ListItem","position":2,"name":"Shop","item":"https:\/\/www.csj-emballages.com\/shop\/"},{"@type":"ListItem","position":3,"name":"Deckel f\u00fcr Gastronomenschale aus Aluminium PG6800 \/ PG8850 \/ PG11450 pro 50 St\u00fcck"}]},{"@type":"WebSite","@id":"https:\/\/www.csj-emballages.com\/de\/#website","url":"https:\/\/www.csj-emballages.com\/de\/","name":"CSJ Emballages","description":"","publisher":{"@id":"https:\/\/www.csj-emballages.com\/de\/#organization"},"potentialAction":[{"@type":"SearchAction","target":{"@type":"EntryPoint","urlTemplate":"https:\/\/www.csj-emballages.com\/de\/?s={search_term_string}"},"query-input":{"@type":"PropertyValueSpecification","valueRequired":true,"valueName":"search_term_string"}}],"inLanguage":"de"},{"@type":"Organization","@id":"https:\/\/www.csj-emballages.com\/de\/#Organization\/","name":"CSJ Emballages","url":"https:\/\/www.csj-emballages.com\/de\/","logo":{"@type":"ImageObject","inLanguage":"de","@id":"https:\/\/www.csj-emballages.com\/de\/#\/schema\/logo\/image\/","url":"https:\/\/www.csj-emballages.com\/wp-content\/uploads\/2023\/10\/logo_csj.webp","contentUrl":"https:\/\/www.csj-emballages.com\/wp-content\/uploads\/2023\/10\/logo_csj.webp","width":250,"height":95,"caption":"CSJ Emballages"},"image":{"@id":"https:\/\/www.csj-emballages.com\/de\/#\/schema\/logo\/image\/"},"sameAs":["https:\/\/www.facebook.com\/csjemballages"],"address":{"@type":"PostalAddress","streetAddress":"ZI La Lechere","addressLocality":"Patornay","postalCode":"39130","addressCountry":"FR"},"contactPoint":[{"@type":"ContactPoint","contactType":"Service client","telephone":"0384254272","email":"contact@csj-emballages.com"}]}]}},"df_price":58.08,"df_sale_price":"","df_regular_price":58.08,"df_image_link":"https:\/\/www.csj-emballages.com\/wp-content\/uploads\/2024\/03\/OP-1_1-PG-1-300x300.webp","tiered_pricing_type":"fixed","tiered_pricing_fixed_rules":[],"tiered_pricing_percentage_rules":[],"tiered_pricing_minimum":1,"tiered_pricing_roles_data":[],"_links":{"self":[{"href":"https:\/\/www.csj-emballages.com\/de\/wp-json\/wp\/v2\/product\/22193","targetHints":{"allow":["GET"]}}],"collection":[{"href":"https:\/\/www.csj-emballages.com\/de\/wp-json\/wp\/v2\/product"}],"about":[{"href":"https:\/\/www.csj-emballages.com\/de\/wp-json\/wp\/v2\/types\/product"}],"wp:featuredmedia":[{"embeddable":true,"href":"https:\/\/www.csj-emballages.com\/de\/wp-json\/wp\/v2\/media\/228968"}],"wp:attachment":[{"href":"https:\/\/www.csj-emballages.com\/de\/wp-json\/wp\/v2\/media?parent=22193"}],"wp:term":[{"taxonomy":"product_brand","embeddable":true,"href":"https:\/\/www.csj-emballages.com\/de\/wp-json\/wp\/v2\/product_brand?post=22193"},{"taxonomy":"product_cat","embeddable":true,"href":"https:\/\/www.csj-emballages.com\/de\/wp-json\/wp\/v2\/product_cat?post=22193"},{"taxonomy":"product_tag","embeddable":true,"href":"https:\/\/www.csj-emballages.com\/de\/wp-json\/wp\/v2\/product_tag?post=22193"}],"curies":[{"name":"wp","href":"https:\/\/api.w.org\/{rel}","templated":true}]}}