{"id":22182,"date":"2024-03-01T16:51:37","date_gmt":"2024-03-01T15:51:37","guid":{"rendered":"https:\/\/u15jnbdpoq.preview.infomaniak.website\/produit\/tischtuchrolle-damastpapier-schokoladenbraun-118-x-25-m\/"},"modified":"2026-04-03T02:17:54","modified_gmt":"2026-04-03T00:17:54","slug":"tischtuchrolle-damastpapier-schokoladenbraun-118-x-25-m","status":"publish","type":"product","link":"https:\/\/www.csj-emballages.com\/de\/produit\/tischtuchrolle-damastpapier-schokoladenbraun-118-x-25-m\/","title":{"rendered":"Papiertischdecke Damast Schokolade in Rollen 1,20 x 25 m"},"content":{"rendered":"<h2>Papiertischdecke<\/h2>\n<hr>\n<h3>Beschreibung unserer Papiertischdecke Damast Schoko von der Rolle 1,20 x 25 m<\/h3>\n<p><!--more--><\/p>\n<p>Die <strong>Papiertischdecke<\/strong> <strong>Damast Schokolade auf der Rolle 1,20 x 25 m<\/strong> ist die ideale L\u00f6sung f\u00fcr alle, die sowohl praktisch als auch \u00e4sthetisch sein wollen. Diese <strong>Tischdecke aus Damast<\/strong> wurde entwickelt, um Ihren Tischen ein elegantes und gepflegtes Aussehen zu verleihen, und kombiniert eine f\u00fcr das Auge angenehme Textur mit einer gro\u00dfen Benutzerfreundlichkeit. Sie ist besonders beliebt bei Empf\u00e4ngen, Familienessen oder verschiedenen Veranstaltungen. Au\u00dferdem l\u00e4sst sie sich dank ihres Rollenformats problemlos an Tische unterschiedlicher Gr\u00f6\u00dfe anpassen.   <\/p>\n<p>Die <strong>braune Tischdecke<\/strong> ist eine zeitlose Wahl, die perfekt mit vielen verschiedenen Arten von Dekorationen harmoniert. Ihr schlichtes und elegantes Design hebt die Speisen hervor und bietet gleichzeitig einen gepflegten Rahmen f\u00fcr das Essen. Sie kann sowohl f\u00fcr informelle Mahlzeiten als auch f\u00fcr anspruchsvollere Veranstaltungen verwendet werden. Sie ist leicht zuzuschneiden und erm\u00f6glicht es, je nach Tischgr\u00f6\u00dfe eine perfekte Decke zu erstellen. Sie ist ein einfaches Produkt, das die Zubereitung Ihrer Mahlzeiten erleichtert und gleichzeitig einen Hauch von Klasse verleiht.    <\/p>\n<p>&nbsp;<\/p>\n<p><!--more--><\/p>\n<h4><strong>Eine praktische L\u00f6sung f\u00fcr alle Arten von Veranstaltungen<\/strong><\/h4>\n<p>Einer der gr\u00f6\u00dften Vorteile dieser <strong>Papiertischdecke<\/strong> ist ihre einfache Handhabung. Sie ist n\u00e4mlich sofort einsatzbereit, wenn Sie sie ausrollen, was Ihnen bei der Vorbereitung Ihrer Veranstaltungen viel Zeit spart. Einmal aufgelegt, verleiht die <strong>Damasttischdecke<\/strong> dem Tisch sofort ein raffiniertes Aussehen und ist dabei sehr pflegeleicht. Am Ende der Veranstaltung wird sie einfach weggeworfen. Dadurch entf\u00e4llt die Reinigung, was ein gro\u00dfer Vorteil f\u00fcr alle ist, die die Organisation ihrer Mahlzeiten vereinfachen m\u00f6chten.    <\/p>\n<p>Seine <strong>Damaststruktur<\/strong> f\u00fcgt auch eine angenehme visuelle Dimension hinzu. Die <strong>braune Tischdecke<\/strong> hat ein subtiles Muster, das ein leichtes Relief und einen Hauch von Eleganz verleiht. Im Gegensatz zu gew\u00f6hnlichen Tischdecken zeichnet sie sich durch ihr raffiniertes Aussehen aus, bleibt aber dennoch funktional. Dieses Produkt eignet sich sowohl f\u00fcr ein Abendessen zu Hause als auch f\u00fcr gr\u00f6\u00dfere Empf\u00e4nge wie Hochzeiten, Geburtstage oder Firmenfeiern.   <\/p>\n<p>Au\u00dferdem k\u00f6nnen Sie mit der <strong>25-Meter-Rolle<\/strong> eine gro\u00dfe Fl\u00e4che abdecken. So k\u00f6nnen Sie sie f\u00fcr mehrere Veranstaltungen oder einen gro\u00dfen Tisch verwenden. Das Rollenformat sorgt au\u00dferdem f\u00fcr eine praktische Aufbewahrung und vermeidet Verschwendung. Sie k\u00f6nnen f\u00fcr jede Veranstaltung die ben\u00f6tigte Menge abschneiden, was es wirtschaftlich macht.   <\/p>\n<p>&nbsp;<\/p>\n<p><!--more--><\/p>\n<h4><strong>Eine Tischdecke, die einfach zu benutzen und zu pflegen ist<\/strong><\/h4>\n<p>Die Verwendung dieser <strong>Papiertischdecke<\/strong> ist sehr einfach. Sie erfordert keine besonderen Vorbereitungen. Sie wird einfach ausgerollt und auf den Tisch gelegt. Dank ihrer angenehmen Textur und ihrer gro\u00dfz\u00fcgigen Abmessungen deckt sie die Tischfl\u00e4che m\u00fchelos und ohne gro\u00dfen Aufwand ab. Was die Pflege betrifft, so gibt es nichts Einfacheres. Anders als bei Stofftischdecken ist es nicht n\u00f6tig, diese <strong>braune Tischdecke<\/strong> zu waschen. Wenn die Veranstaltung vorbei ist, k\u00f6nnen Sie sie einfach wegwerfen. So sparen Sie Zeit und vermeiden den Stress, der mit der Reinigung herk\u00f6mmlicher Tischdecken verbunden ist. Dieses Produkt ist eine ideale Option f\u00fcr alle, die eine praktische und gleichzeitig elegante L\u00f6sung suchen.        <\/p>\n<p>Zusammenfassend l\u00e4sst sich sagen, dass die <strong>Papiertischdecke<\/strong> <strong>Damast Schokolade von der Rolle 1,20 x 25 m<\/strong> eine einfache, praktische und kosteng\u00fcnstige L\u00f6sung ist, um Ihre Tische bei Veranstaltungen zu decken. Sie vereint \u00c4sthetik und Benutzerfreundlichkeit und hat den Vorteil, dass sie nach der Veranstaltung nicht mehr gepflegt werden muss. <\/p>\n<p>&nbsp;<\/p>\n<p><!--more--><\/p>\n<p><strong>Seine Vorteile :<\/strong><\/p>\n<ul>\n<li><strong>Praktisch<\/strong>: Sie l\u00e4sst sich leicht ausrollen und aufstellen und passt sich jeder Tischgr\u00f6\u00dfe an.<\/li>\n<li><strong>Zeitersparnis<\/strong>: Kein Waschen oder B\u00fcgeln n\u00f6tig, wenn die Veranstaltung vorbei ist, werfen Sie sie einfach weg.<\/li>\n<li><strong>Sparsam<\/strong>: Dank des Rollenformats von 25 Metern kann die ben\u00f6tigte Menge ohne Verschwendung verwendet werden.<\/li>\n<li><strong>Schlichte und elegante \u00c4sthetik<\/strong>: Das Damastdesign sorgt f\u00fcr einen raffinierten Touch.<\/li>\n<\/ul>\n<p>&nbsp;<\/p>\n<p><!--more--><\/p>\n<h4>Weitere Informationen :<\/h4>\n<ul>\n<li><strong>Verpackung<\/strong>: Einzeln<\/li>\n<li><strong>Ma\u00dfe<\/strong>: 1,20 x 25 m (B x L)<\/li>\n<li><strong>Farbe<\/strong>: Schokolade<\/li>\n<li><strong>Material<\/strong>: Papier<\/li>\n<li><strong>Kategorie<\/strong>: Damass\u00e9<\/li>\n<li><strong>Verwendung<\/strong>: Einweg<\/li>\n<\/ul>\n<p>&nbsp;<\/p>\n<p><!--more--><\/p>\n<p><span style=\"color: #d12727;\"><span style=\"color: #000000;\">Produkt in verschiedenen Farben erh\u00e4ltlich: <a style=\"color: #d12727;\" href=\"https:\/\/www.csj-emballages.com\/es\/produit\/rollo-de-mantel-de-papel-damasco-blanco-120-x-25-m\/\">Wei\u00df<\/a> \/ <a style=\"color: #d12727;\" href=\"https:\/\/www.csj-emballages.com\/es\/produit\/mantel-de-papel-damasco-rosa-pastel-en-rollo-120-x-25-m\/\">Pastellrosa<\/a> \/ <a style=\"color: #d12727;\" href=\"https:\/\/www.csj-emballages.com\/es\/produit\/mantel-de-papel-damasco-negro-en-rollo-120-x-25-m\/\">Schwarz<\/a> \/ <a style=\"color: #d12727;\" href=\"https:\/\/www.csj-emballages.com\/es\/produit\/mantel-de-papel-damasco-rojo-en-rollo-120-x-25-m\/\">Rot<\/a> \/ <a style=\"color: #d12727;\" href=\"https:\/\/www.csj-emballages.com\/es\/produit\/mantel-de-papel-damasco-azul-pastel-en-rollo-120-x-25-m\/\">Pastellblau<\/a> \/ <a style=\"color: #d12727;\" href=\"https:\/\/www.csj-emballages.com\/es\/produit\/mantel-de-papel-damasco-gris-en-rollo-120-x-25-m\/\">Grau<\/a> \/ <a style=\"color: #d12727;\" href=\"https:\/\/www.csj-emballages.com\/es\/produit\/mantel-de-papel-damasco-burdeos-en-rollo-120-x-25-m\/\">Bordeaux<\/a> \/ <a style=\"color: #d12727;\" href=\"https:\/\/www.csj-emballages.com\/es\/produit\/mantel-de-papel-damasco-marfil-en-rollo-120-x-25-m\/\">Elfenbein<\/a> \/ <a style=\"color: #d12727;\" href=\"https:\/\/www.csj-emballages.com\/es\/produit\/mantel-de-papel-damasco-verde-abeto-en-rollo-120-x-25-m\/\">Tannengr\u00fcn<\/a> \/ <a style=\"color: #d12727;\" href=\"https:\/\/www.csj-emballages.com\/es\/produit\/mantel-de-papel-damasco-papel-verde-anis-en-rollo-120-x-25-m\/\">Anisgr\u00fcn<\/a><\/span><\/span><\/p>\n<p>&nbsp;<\/p>\n<p><!--more--><\/p>\n<p><a href=\"https:\/\/www.csj-emballages.com\/de\/categorie-produit\/lebensmittelverpackungen\/restauration-de\/servietten-tischsets-tischdecken\/grundwasser\/damaszener-tischdecken\/\">Sehen Sie sich den Rest unseres Damasttischdecken-Sortiments an<\/a><\/p>\n","protected":false},"excerpt":{"rendered":"<p>Papiertischdecke Beschreibung unserer Papiertischdecke Damast Schoko von der Rolle 1,20 x 25 m<\/p>\n","protected":false},"featured_media":200454,"template":"","meta":{"_acf_changed":false},"product_brand":[],"product_cat":[1137,1134,1135,2905,2924],"product_tag":[],"class_list":{"0":"post-22182","1":"product","2":"type-product","3":"status-publish","4":"has-post-thumbnail","6":"product_cat-lebensmittelverpackungen","7":"product_cat-restauration-de","8":"product_cat-servietten-tischsets-tischdecken","9":"product_cat-grundwasser","10":"product_cat-damaszener-tischdecken","11":"product_shipping_class-verboten-in-staffeln","13":"first","14":"instock","15":"taxable","16":"shipping-taxable","17":"purchasable","18":"product-type-simple"},"acf":[],"yoast_head":"<!-- This site is optimized with the Yoast SEO Premium plugin v26.6 (Yoast SEO v26.6) - https:\/\/yoast.com\/wordpress\/plugins\/seo\/ -->\n<title>Papiertischdecke Damast Chocolat - 1.18 x 25 m<\/title>\n<meta name=\"description\" content=\"Papiertischdecke mit Schokoladendamast auf einer Rolle mit den Ma\u00dfen 1,20 x 25 m. Sie ist praktisch, elegant und einfach f\u00fcr Ihre Veranstaltungen zu verwenden.\" \/>\n<meta name=\"robots\" content=\"index, follow, max-snippet:-1, max-image-preview:large, max-video-preview:-1\" \/>\n<link rel=\"canonical\" href=\"https:\/\/www.csj-emballages.com\/de\/produit\/tischtuchrolle-damastpapier-schokoladenbraun-118-x-25-m\/\" \/>\n<meta property=\"og:locale\" content=\"de_DE\" \/>\n<meta property=\"og:type\" content=\"article\" \/>\n<meta property=\"og:title\" content=\"Papiertischdecke Damast Schokolade in Rollen 1,20 x 25 m\" \/>\n<meta property=\"og:description\" content=\"Papiertischdecke mit Schokoladendamast auf einer Rolle mit den Ma\u00dfen 1,20 x 25 m. Sie ist praktisch, elegant und einfach f\u00fcr Ihre Veranstaltungen zu verwenden.\" \/>\n<meta property=\"og:url\" content=\"https:\/\/www.csj-emballages.com\/de\/produit\/tischtuchrolle-damastpapier-schokoladenbraun-118-x-25-m\/\" \/>\n<meta property=\"og:site_name\" content=\"CSJ Emballages\" \/>\n<meta property=\"article:publisher\" content=\"https:\/\/www.facebook.com\/csjemballages\" \/>\n<meta property=\"article:modified_time\" content=\"2026-04-03T00:17:54+00:00\" \/>\n<meta property=\"og:image\" content=\"https:\/\/www.csj-emballages.com\/wp-content\/uploads\/2024\/03\/Nappe-damassee-chocolat.webp\" \/>\n\t<meta property=\"og:image:width\" content=\"800\" \/>\n\t<meta property=\"og:image:height\" content=\"800\" \/>\n\t<meta property=\"og:image:type\" content=\"image\/webp\" \/>\n<meta name=\"twitter:card\" content=\"summary_large_image\" \/>\n<meta name=\"twitter:label1\" content=\"Gesch\u00e4tzte Lesezeit\" \/>\n\t<meta name=\"twitter:data1\" content=\"3 Minuten\" \/>\n<script type=\"application\/ld+json\" class=\"yoast-schema-graph\">{\"@context\":\"https:\/\/schema.org\",\"@graph\":[{\"@type\":\"WebPage\",\"@id\":\"https:\/\/www.csj-emballages.com\/de\/produit\/tischtuchrolle-damastpapier-schokoladenbraun-118-x-25-m\/\",\"url\":\"https:\/\/www.csj-emballages.com\/de\/produit\/tischtuchrolle-damastpapier-schokoladenbraun-118-x-25-m\/\",\"name\":\"Papiertischdecke Damast Chocolat - 1.18 x 25 m\",\"isPartOf\":{\"@id\":\"https:\/\/www.csj-emballages.com\/de\/#website\"},\"primaryImageOfPage\":{\"@id\":\"https:\/\/www.csj-emballages.com\/de\/produit\/tischtuchrolle-damastpapier-schokoladenbraun-118-x-25-m\/#primaryimage\"},\"image\":{\"@id\":\"https:\/\/www.csj-emballages.com\/de\/produit\/tischtuchrolle-damastpapier-schokoladenbraun-118-x-25-m\/#primaryimage\"},\"thumbnailUrl\":\"https:\/\/www.csj-emballages.com\/wp-content\/uploads\/2024\/03\/Nappe-damassee-chocolat.webp\",\"datePublished\":\"2024-03-01T15:51:37+00:00\",\"dateModified\":\"2026-04-03T00:17:54+00:00\",\"description\":\"Papiertischdecke mit Schokoladendamast auf einer Rolle mit den Ma\u00dfen 1,20 x 25 m. Sie ist praktisch, elegant und einfach f\u00fcr Ihre Veranstaltungen zu verwenden.\",\"breadcrumb\":{\"@id\":\"https:\/\/www.csj-emballages.com\/de\/produit\/tischtuchrolle-damastpapier-schokoladenbraun-118-x-25-m\/#breadcrumb\"},\"inLanguage\":\"de\",\"potentialAction\":[{\"@type\":\"ReadAction\",\"target\":[\"https:\/\/www.csj-emballages.com\/de\/produit\/tischtuchrolle-damastpapier-schokoladenbraun-118-x-25-m\/\"]}]},{\"@type\":\"ImageObject\",\"inLanguage\":\"de\",\"@id\":\"https:\/\/www.csj-emballages.com\/de\/produit\/tischtuchrolle-damastpapier-schokoladenbraun-118-x-25-m\/#primaryimage\",\"url\":\"https:\/\/www.csj-emballages.com\/wp-content\/uploads\/2024\/03\/Nappe-damassee-chocolat.webp\",\"contentUrl\":\"https:\/\/www.csj-emballages.com\/wp-content\/uploads\/2024\/03\/Nappe-damassee-chocolat.webp\",\"width\":800,\"height\":800,\"caption\":\"Nappe papier\"},{\"@type\":\"BreadcrumbList\",\"@id\":\"https:\/\/www.csj-emballages.com\/de\/produit\/tischtuchrolle-damastpapier-schokoladenbraun-118-x-25-m\/#breadcrumb\",\"itemListElement\":[{\"@type\":\"ListItem\",\"position\":1,\"name\":\"Accueil\",\"item\":\"https:\/\/www.csj-emballages.com\/de\/universum-lebensmittelverpackungen\/\"},{\"@type\":\"ListItem\",\"position\":2,\"name\":\"Shop\",\"item\":\"https:\/\/www.csj-emballages.com\/shop\/\"},{\"@type\":\"ListItem\",\"position\":3,\"name\":\"Papiertischdecke Damast Schokolade in Rollen 1,20 x 25 m\"}]},{\"@type\":\"WebSite\",\"@id\":\"https:\/\/www.csj-emballages.com\/de\/#website\",\"url\":\"https:\/\/www.csj-emballages.com\/de\/\",\"name\":\"CSJ Emballages\",\"description\":\"\",\"publisher\":{\"@id\":\"https:\/\/www.csj-emballages.com\/de\/#organization\"},\"potentialAction\":[{\"@type\":\"SearchAction\",\"target\":{\"@type\":\"EntryPoint\",\"urlTemplate\":\"https:\/\/www.csj-emballages.com\/de\/?s={search_term_string}\"},\"query-input\":{\"@type\":\"PropertyValueSpecification\",\"valueRequired\":true,\"valueName\":\"search_term_string\"}}],\"inLanguage\":\"de\"},{\"@type\":\"Organization\",\"@id\":\"https:\/\/www.csj-emballages.com\/de\/#Organization\/\",\"name\":\"CSJ Emballages\",\"url\":\"https:\/\/www.csj-emballages.com\/de\/\",\"logo\":{\"@type\":\"ImageObject\",\"inLanguage\":\"de\",\"@id\":\"https:\/\/www.csj-emballages.com\/de\/#\/schema\/logo\/image\/\",\"url\":\"https:\/\/www.csj-emballages.com\/wp-content\/uploads\/2023\/10\/logo_csj.webp\",\"contentUrl\":\"https:\/\/www.csj-emballages.com\/wp-content\/uploads\/2023\/10\/logo_csj.webp\",\"width\":250,\"height\":95,\"caption\":\"CSJ Emballages\"},\"image\":{\"@id\":\"https:\/\/www.csj-emballages.com\/de\/#\/schema\/logo\/image\/\"},\"sameAs\":[\"https:\/\/www.facebook.com\/csjemballages\"],\"address\":{\"@type\":\"PostalAddress\",\"streetAddress\":\"ZI La Lechere\",\"addressLocality\":\"Patornay\",\"postalCode\":\"39130\",\"addressCountry\":\"FR\"},\"contactPoint\":[{\"@type\":\"ContactPoint\",\"contactType\":\"Service client\",\"telephone\":\"0384254272\",\"email\":\"contact@csj-emballages.com\"}]}]}<\/script>\n<!-- \/ Yoast SEO Premium plugin. -->","yoast_head_json":{"title":"Papiertischdecke Damast Chocolat - 1.18 x 25 m","description":"Papiertischdecke mit Schokoladendamast auf einer Rolle mit den Ma\u00dfen 1,20 x 25 m. Sie ist praktisch, elegant und einfach f\u00fcr Ihre Veranstaltungen zu verwenden.","robots":{"index":"index","follow":"follow","max-snippet":"max-snippet:-1","max-image-preview":"max-image-preview:large","max-video-preview":"max-video-preview:-1"},"canonical":"https:\/\/www.csj-emballages.com\/de\/produit\/tischtuchrolle-damastpapier-schokoladenbraun-118-x-25-m\/","og_locale":"de_DE","og_type":"article","og_title":"Papiertischdecke Damast Schokolade in Rollen 1,20 x 25 m","og_description":"Papiertischdecke mit Schokoladendamast auf einer Rolle mit den Ma\u00dfen 1,20 x 25 m. Sie ist praktisch, elegant und einfach f\u00fcr Ihre Veranstaltungen zu verwenden.","og_url":"https:\/\/www.csj-emballages.com\/de\/produit\/tischtuchrolle-damastpapier-schokoladenbraun-118-x-25-m\/","og_site_name":"CSJ Emballages","article_publisher":"https:\/\/www.facebook.com\/csjemballages","article_modified_time":"2026-04-03T00:17:54+00:00","og_image":[{"width":800,"height":800,"url":"https:\/\/www.csj-emballages.com\/wp-content\/uploads\/2024\/03\/Nappe-damassee-chocolat.webp","type":"image\/webp"}],"twitter_card":"summary_large_image","twitter_misc":{"Gesch\u00e4tzte Lesezeit":"3 Minuten"},"schema":{"@context":"https:\/\/schema.org","@graph":[{"@type":"WebPage","@id":"https:\/\/www.csj-emballages.com\/de\/produit\/tischtuchrolle-damastpapier-schokoladenbraun-118-x-25-m\/","url":"https:\/\/www.csj-emballages.com\/de\/produit\/tischtuchrolle-damastpapier-schokoladenbraun-118-x-25-m\/","name":"Papiertischdecke Damast Chocolat - 1.18 x 25 m","isPartOf":{"@id":"https:\/\/www.csj-emballages.com\/de\/#website"},"primaryImageOfPage":{"@id":"https:\/\/www.csj-emballages.com\/de\/produit\/tischtuchrolle-damastpapier-schokoladenbraun-118-x-25-m\/#primaryimage"},"image":{"@id":"https:\/\/www.csj-emballages.com\/de\/produit\/tischtuchrolle-damastpapier-schokoladenbraun-118-x-25-m\/#primaryimage"},"thumbnailUrl":"https:\/\/www.csj-emballages.com\/wp-content\/uploads\/2024\/03\/Nappe-damassee-chocolat.webp","datePublished":"2024-03-01T15:51:37+00:00","dateModified":"2026-04-03T00:17:54+00:00","description":"Papiertischdecke mit Schokoladendamast auf einer Rolle mit den Ma\u00dfen 1,20 x 25 m. Sie ist praktisch, elegant und einfach f\u00fcr Ihre Veranstaltungen zu verwenden.","breadcrumb":{"@id":"https:\/\/www.csj-emballages.com\/de\/produit\/tischtuchrolle-damastpapier-schokoladenbraun-118-x-25-m\/#breadcrumb"},"inLanguage":"de","potentialAction":[{"@type":"ReadAction","target":["https:\/\/www.csj-emballages.com\/de\/produit\/tischtuchrolle-damastpapier-schokoladenbraun-118-x-25-m\/"]}]},{"@type":"ImageObject","inLanguage":"de","@id":"https:\/\/www.csj-emballages.com\/de\/produit\/tischtuchrolle-damastpapier-schokoladenbraun-118-x-25-m\/#primaryimage","url":"https:\/\/www.csj-emballages.com\/wp-content\/uploads\/2024\/03\/Nappe-damassee-chocolat.webp","contentUrl":"https:\/\/www.csj-emballages.com\/wp-content\/uploads\/2024\/03\/Nappe-damassee-chocolat.webp","width":800,"height":800,"caption":"Nappe papier"},{"@type":"BreadcrumbList","@id":"https:\/\/www.csj-emballages.com\/de\/produit\/tischtuchrolle-damastpapier-schokoladenbraun-118-x-25-m\/#breadcrumb","itemListElement":[{"@type":"ListItem","position":1,"name":"Accueil","item":"https:\/\/www.csj-emballages.com\/de\/universum-lebensmittelverpackungen\/"},{"@type":"ListItem","position":2,"name":"Shop","item":"https:\/\/www.csj-emballages.com\/shop\/"},{"@type":"ListItem","position":3,"name":"Papiertischdecke Damast Schokolade in Rollen 1,20 x 25 m"}]},{"@type":"WebSite","@id":"https:\/\/www.csj-emballages.com\/de\/#website","url":"https:\/\/www.csj-emballages.com\/de\/","name":"CSJ Emballages","description":"","publisher":{"@id":"https:\/\/www.csj-emballages.com\/de\/#organization"},"potentialAction":[{"@type":"SearchAction","target":{"@type":"EntryPoint","urlTemplate":"https:\/\/www.csj-emballages.com\/de\/?s={search_term_string}"},"query-input":{"@type":"PropertyValueSpecification","valueRequired":true,"valueName":"search_term_string"}}],"inLanguage":"de"},{"@type":"Organization","@id":"https:\/\/www.csj-emballages.com\/de\/#Organization\/","name":"CSJ Emballages","url":"https:\/\/www.csj-emballages.com\/de\/","logo":{"@type":"ImageObject","inLanguage":"de","@id":"https:\/\/www.csj-emballages.com\/de\/#\/schema\/logo\/image\/","url":"https:\/\/www.csj-emballages.com\/wp-content\/uploads\/2023\/10\/logo_csj.webp","contentUrl":"https:\/\/www.csj-emballages.com\/wp-content\/uploads\/2023\/10\/logo_csj.webp","width":250,"height":95,"caption":"CSJ Emballages"},"image":{"@id":"https:\/\/www.csj-emballages.com\/de\/#\/schema\/logo\/image\/"},"sameAs":["https:\/\/www.facebook.com\/csjemballages"],"address":{"@type":"PostalAddress","streetAddress":"ZI La Lechere","addressLocality":"Patornay","postalCode":"39130","addressCountry":"FR"},"contactPoint":[{"@type":"ContactPoint","contactType":"Service client","telephone":"0384254272","email":"contact@csj-emballages.com"}]}]}},"df_price":12.1,"df_sale_price":"","df_regular_price":12.1,"df_image_link":"https:\/\/www.csj-emballages.com\/wp-content\/uploads\/2024\/03\/Nappe-damassee-chocolat-300x300.webp","tiered_pricing_type":"fixed","tiered_pricing_fixed_rules":[],"tiered_pricing_percentage_rules":[],"tiered_pricing_minimum":1,"tiered_pricing_roles_data":[],"_links":{"self":[{"href":"https:\/\/www.csj-emballages.com\/de\/wp-json\/wp\/v2\/product\/22182","targetHints":{"allow":["GET"]}}],"collection":[{"href":"https:\/\/www.csj-emballages.com\/de\/wp-json\/wp\/v2\/product"}],"about":[{"href":"https:\/\/www.csj-emballages.com\/de\/wp-json\/wp\/v2\/types\/product"}],"wp:featuredmedia":[{"embeddable":true,"href":"https:\/\/www.csj-emballages.com\/de\/wp-json\/wp\/v2\/media\/200454"}],"wp:attachment":[{"href":"https:\/\/www.csj-emballages.com\/de\/wp-json\/wp\/v2\/media?parent=22182"}],"wp:term":[{"taxonomy":"product_brand","embeddable":true,"href":"https:\/\/www.csj-emballages.com\/de\/wp-json\/wp\/v2\/product_brand?post=22182"},{"taxonomy":"product_cat","embeddable":true,"href":"https:\/\/www.csj-emballages.com\/de\/wp-json\/wp\/v2\/product_cat?post=22182"},{"taxonomy":"product_tag","embeddable":true,"href":"https:\/\/www.csj-emballages.com\/de\/wp-json\/wp\/v2\/product_tag?post=22182"}],"curies":[{"name":"wp","href":"https:\/\/api.w.org\/{rel}","templated":true}]}}