{"id":22166,"date":"2024-03-01T16:51:37","date_gmt":"2024-03-01T15:51:37","guid":{"rendered":"https:\/\/u15jnbdpoq.preview.infomaniak.website\/produit\/150-ovale-aspikformen-70-ml\/"},"modified":"2026-05-14T02:15:24","modified_gmt":"2026-05-14T00:15:24","slug":"150-ovale-aspikformen-70-ml","status":"publish","type":"product","link":"https:\/\/www.csj-emballages.com\/de\/produit\/150-ovale-aspikformen-70-ml\/","title":{"rendered":"Aspikform oval 70 ml pro 150"},"content":{"rendered":"<h2>Aspikform<\/h2>\n<hr>\n<h3>Beschreibung unserer Aspikform oval 70 ml pro 150 St\u00fcck<\/h3>\n<p><!--more--><\/p>\n<div class=\"flex max-w-full flex-col flex-grow\">\n<div class=\"min-h-8 text-message flex w-full flex-col items-end gap-2 whitespace-normal break-words text-start [.text-message+&amp;]:mt-5\" dir=\"auto\" data-message-author-role=\"assistant\" data-message-id=\"266ca6f3-5e07-4948-bd20-80ac5e6da4a5\" data-message-model-slug=\"gpt-4o\">\n<div class=\"flex w-full flex-col gap-1 empty:hidden first:pt-[3px]\">\n<div class=\"markdown prose w-full break-words dark:prose-invert dark\">\n<p data-start=\"232\" data-end=\"556\">Die <strong>ovale 70-ml-Aspikform<\/strong> ist speziell f\u00fcr die Zubereitung und elegante Pr\u00e4sentation individueller kalter Speisen konzipiert. Ihre <strong>ovale Form<\/strong> verleiht eine <strong>raffinierte und traditionelle<\/strong> Note, perfekt geeignet f\u00fcr <strong>Aspiks, Caterer-Vorspeisen, S\u00fclzen oder Zubereitungen mit Fleisch, Fisch oder Gem\u00fcse<\/strong>. <\/p>\n<p data-start=\"558\" data-end=\"915\">Gefertigt aus <strong>robustem Kunststoff<\/strong> in Lebensmittelqualit\u00e4t, garantiert diese <strong>Form<\/strong> hervorragende Stabilit\u00e4t beim Bef\u00fcllen, K\u00fchlen und Entformen. Dank ihrer <strong>Transparenz<\/strong> werden die Zutaten und Schichten der Zubereitung optimal zur Geltung gebracht, was ein <strong>gepflegtes und professionelles Erscheinungsbild<\/strong> bietet \u2013 ideal f\u00fcr K\u00fchlvitrinen, Buffets oder Event-Pr\u00e4sentationen. <\/p>\n<p data-start=\"917\" data-end=\"1300\">Mit einem <strong>Fassungsverm\u00f6gen von 70 ml<\/strong> ist diese Form perfekt f\u00fcr individuelle Portionen geeignet und erm\u00f6glicht eine pr\u00e4zise und gleichm\u00e4\u00dfige Dosierung. Sie eignet sich sowohl f\u00fcr die handwerkliche Produktion als auch f\u00fcr den intensiven Einsatz im professionellen Umfeld. Ihr Design erleichtert ein sauberes Entformen, ohne die Form des <strong>Aspiks<\/strong> zu beeintr\u00e4chtigen.  <\/p>\n<p data-start=\"1302\" data-end=\"1640\">Sehr gesch\u00e4tzt von Caterern, Metzgern, Gastronomen und Lebensmittelhandwerkern, erm\u00f6glicht die <strong>ovale 70-ml-Aspikform<\/strong> Zeitersparnis in der Produktion bei gleichbleibend hoher Qualit\u00e4t. Im <strong>150er-Pack<\/strong> verpackt, stellt sie eine praktische und wirtschaftliche L\u00f6sung dar. <\/p>\n<p data-start=\"1302\" data-end=\"1640\">\n<\/div>\n<\/div>\n<\/div>\n<\/div>\n<p><!--more--><\/p>\n<h4>Vorteile :<\/h4>\n<ul>\n<li>Der glatte Kunststoff erm\u00f6glicht ein m\u00fcheloses Entnehmen der Zubereitungen und garantiert eine makellose Pr\u00e4sentation.<\/li>\n<li>Jede Form bietet identische Abmessungen, perfekt f\u00fcr eine professionelle und harmonische Pr\u00e4sentation.<\/li>\n<li>H\u00e4lt kalten oder temperierten Zubereitungen stand, ohne sich zu verformen.<\/li>\n<li>Packung mit 150 St\u00fcck, ideal f\u00fcr Gro\u00dfproduktionen oder Veranstaltungen, spart Zeit und erm\u00f6glicht effizientes Management.<\/li>\n<li>Aspik oder andere Zubereitungen bleiben dank der Robustheit der Formen intakt.<\/li>\n<\/ul>\n<p>&nbsp;<\/p>\n<p><!--more--><\/p>\n<h4>Weitere Informationen :<\/h4>\n<ul>\n<li><strong>Verpackung<\/strong>: Packung mit 150 St\u00fcck<\/li>\n<li><strong>Abmessungen<\/strong>: 80 x 60 x 35 ( L x B x H in mm)<\/li>\n<li><strong>Material<\/strong>: Polyethylen-Terephthalat (PET)<\/li>\n<li><strong>Nutzung<\/strong>: Kalt<\/li>\n<li><strong>Format<\/strong>: Oval \/ Glatt<\/li>\n<li><strong>Betriebstemperatur<\/strong>: -40\u00b0C\/+70\u00b0C<\/li>\n<\/ul>\n<p>&nbsp;<\/p>\n<p><!--more--><\/p>\n<p>Das Produkt ist in verschiedenen Formaten erh\u00e4ltlich: <span style=\"color: #d12727;\"><a style=\"color: #d12727;\" href=\"https:\/\/www.csj-emballages.com\/es\/produit\/100-moldes-de-plastico-para-agujas-de-gelatina\/\">Aiguilette<\/a><\/span> \/ <span style=\"color: #d12727;\"><a style=\"color: #d12727;\" href=\"https:\/\/www.csj-emballages.com\/es\/produit\/250-moldes-de-aspic-medallon-70-ml\/\">Medaillon<\/a><\/span> \/ <span style=\"color: #d12727;\"><a style=\"color: #d12727;\" href=\"https:\/\/www.csj-emballages.com\/produit\/250-moules-plastiques-cornet-a-jambon-en-gelee\/\">Cornet<\/a><\/span><\/p>\n<p>&nbsp;<\/p>\n<p><!--more--><\/p>\n<p><a href=\"https:\/\/www.csj-emballages.com\/de\/categorie-produit\/lebensmittelverpackungen\/metzgerei-und-feinkostgeschaft\/schalen-dosen-und-glaser\/schalen-dosen-glaser-fur-lebensmittel\/aspikformen\/\">Sehen Sie sich den Rest unseres Sortiments an Aspikformen an.<\/a><\/p>\n","protected":false},"excerpt":{"rendered":"<p>Aspikform Beschreibung unserer Aspikform oval 70 ml pro 150 St\u00fcck<\/p>\n","protected":false},"featured_media":220900,"template":"","meta":{"_acf_changed":false},"product_brand":[],"product_cat":[1137,1170,1513,2857],"product_tag":[],"class_list":{"0":"post-22166","1":"product","2":"type-product","3":"status-publish","4":"has-post-thumbnail","6":"product_cat-lebensmittelverpackungen","7":"product_cat-metzgerei-und-feinkostgeschaft","8":"product_cat-schalen-dosen-glaser-fur-lebensmittel","9":"product_cat-aspikformen","11":"first","12":"instock","13":"taxable","14":"shipping-taxable","15":"purchasable","16":"product-type-simple"},"acf":[],"yoast_head":"<!-- This site is optimized with the Yoast SEO Premium plugin v26.6 (Yoast SEO v26.6) - https:\/\/yoast.com\/wordpress\/plugins\/seo\/ -->\n<title>Aspikform Oval Kunststoff pro 150<\/title>\n<meta name=\"description\" content=\"Ovale Aspikform aus Kunststoff, 150 St\u00fcck \u2013 Ideal f\u00fcr Caterer und Privatpersonen. Gleichm\u00e4\u00dfige Portionen, leichtes Entformen, hygienisch und praktisch.\" \/>\n<meta name=\"robots\" content=\"index, follow, max-snippet:-1, max-image-preview:large, max-video-preview:-1\" \/>\n<link rel=\"canonical\" href=\"https:\/\/www.csj-emballages.com\/de\/produit\/150-ovale-aspikformen-70-ml\/\" \/>\n<meta property=\"og:locale\" content=\"de_DE\" \/>\n<meta property=\"og:type\" content=\"article\" \/>\n<meta property=\"og:title\" content=\"Aspikform oval 70 ml pro 150\" \/>\n<meta property=\"og:description\" content=\"Ovale Aspikform aus Kunststoff, 150 St\u00fcck \u2013 Ideal f\u00fcr Caterer und Privatpersonen. Gleichm\u00e4\u00dfige Portionen, leichtes Entformen, hygienisch und praktisch.\" \/>\n<meta property=\"og:url\" content=\"https:\/\/www.csj-emballages.com\/de\/produit\/150-ovale-aspikformen-70-ml\/\" \/>\n<meta property=\"og:site_name\" content=\"CSJ Emballages\" \/>\n<meta property=\"article:publisher\" content=\"https:\/\/www.facebook.com\/csjemballages\" \/>\n<meta property=\"article:modified_time\" content=\"2026-05-14T00:15:24+00:00\" \/>\n<meta property=\"og:image\" content=\"https:\/\/www.csj-emballages.com\/wp-content\/uploads\/2024\/03\/Moule-aspic-oval-2.webp\" \/>\n\t<meta property=\"og:image:width\" content=\"800\" \/>\n\t<meta property=\"og:image:height\" content=\"800\" \/>\n\t<meta property=\"og:image:type\" content=\"image\/webp\" \/>\n<meta name=\"twitter:card\" content=\"summary_large_image\" \/>\n<meta name=\"twitter:label1\" content=\"Gesch\u00e4tzte Lesezeit\" \/>\n\t<meta name=\"twitter:data1\" content=\"2 Minuten\" \/>\n<script type=\"application\/ld+json\" class=\"yoast-schema-graph\">{\"@context\":\"https:\/\/schema.org\",\"@graph\":[{\"@type\":\"WebPage\",\"@id\":\"https:\/\/www.csj-emballages.com\/de\/produit\/150-ovale-aspikformen-70-ml\/\",\"url\":\"https:\/\/www.csj-emballages.com\/de\/produit\/150-ovale-aspikformen-70-ml\/\",\"name\":\"Aspikform Oval Kunststoff pro 150\",\"isPartOf\":{\"@id\":\"https:\/\/www.csj-emballages.com\/de\/#website\"},\"primaryImageOfPage\":{\"@id\":\"https:\/\/www.csj-emballages.com\/de\/produit\/150-ovale-aspikformen-70-ml\/#primaryimage\"},\"image\":{\"@id\":\"https:\/\/www.csj-emballages.com\/de\/produit\/150-ovale-aspikformen-70-ml\/#primaryimage\"},\"thumbnailUrl\":\"https:\/\/www.csj-emballages.com\/wp-content\/uploads\/2024\/03\/Moule-aspic-oval-2.webp\",\"datePublished\":\"2024-03-01T15:51:37+00:00\",\"dateModified\":\"2026-05-14T00:15:24+00:00\",\"description\":\"Ovale Aspikform aus Kunststoff, 150 St\u00fcck \u2013 Ideal f\u00fcr Caterer und Privatpersonen. Gleichm\u00e4\u00dfige Portionen, leichtes Entformen, hygienisch und praktisch.\",\"breadcrumb\":{\"@id\":\"https:\/\/www.csj-emballages.com\/de\/produit\/150-ovale-aspikformen-70-ml\/#breadcrumb\"},\"inLanguage\":\"de\",\"potentialAction\":[{\"@type\":\"ReadAction\",\"target\":[\"https:\/\/www.csj-emballages.com\/de\/produit\/150-ovale-aspikformen-70-ml\/\"]}]},{\"@type\":\"ImageObject\",\"inLanguage\":\"de\",\"@id\":\"https:\/\/www.csj-emballages.com\/de\/produit\/150-ovale-aspikformen-70-ml\/#primaryimage\",\"url\":\"https:\/\/www.csj-emballages.com\/wp-content\/uploads\/2024\/03\/Moule-aspic-oval-2.webp\",\"contentUrl\":\"https:\/\/www.csj-emballages.com\/wp-content\/uploads\/2024\/03\/Moule-aspic-oval-2.webp\",\"width\":800,\"height\":800,\"caption\":\"Moule \u00e0 aspic\"},{\"@type\":\"BreadcrumbList\",\"@id\":\"https:\/\/www.csj-emballages.com\/de\/produit\/150-ovale-aspikformen-70-ml\/#breadcrumb\",\"itemListElement\":[{\"@type\":\"ListItem\",\"position\":1,\"name\":\"Accueil\",\"item\":\"https:\/\/www.csj-emballages.com\/de\/universum-lebensmittelverpackungen\/\"},{\"@type\":\"ListItem\",\"position\":2,\"name\":\"Shop\",\"item\":\"https:\/\/www.csj-emballages.com\/shop\/\"},{\"@type\":\"ListItem\",\"position\":3,\"name\":\"Aspikform oval 70 ml pro 150\"}]},{\"@type\":\"WebSite\",\"@id\":\"https:\/\/www.csj-emballages.com\/de\/#website\",\"url\":\"https:\/\/www.csj-emballages.com\/de\/\",\"name\":\"CSJ Emballages\",\"description\":\"\",\"publisher\":{\"@id\":\"https:\/\/www.csj-emballages.com\/de\/#organization\"},\"potentialAction\":[{\"@type\":\"SearchAction\",\"target\":{\"@type\":\"EntryPoint\",\"urlTemplate\":\"https:\/\/www.csj-emballages.com\/de\/?s={search_term_string}\"},\"query-input\":{\"@type\":\"PropertyValueSpecification\",\"valueRequired\":true,\"valueName\":\"search_term_string\"}}],\"inLanguage\":\"de\"},{\"@type\":\"Organization\",\"@id\":\"https:\/\/www.csj-emballages.com\/de\/#Organization\/\",\"name\":\"CSJ Emballages\",\"url\":\"https:\/\/www.csj-emballages.com\/de\/\",\"logo\":{\"@type\":\"ImageObject\",\"inLanguage\":\"de\",\"@id\":\"https:\/\/www.csj-emballages.com\/de\/#\/schema\/logo\/image\/\",\"url\":\"https:\/\/www.csj-emballages.com\/wp-content\/uploads\/2023\/10\/logo_csj.webp\",\"contentUrl\":\"https:\/\/www.csj-emballages.com\/wp-content\/uploads\/2023\/10\/logo_csj.webp\",\"width\":250,\"height\":95,\"caption\":\"CSJ Emballages\"},\"image\":{\"@id\":\"https:\/\/www.csj-emballages.com\/de\/#\/schema\/logo\/image\/\"},\"sameAs\":[\"https:\/\/www.facebook.com\/csjemballages\"],\"address\":{\"@type\":\"PostalAddress\",\"streetAddress\":\"ZI La Lechere\",\"addressLocality\":\"Patornay\",\"postalCode\":\"39130\",\"addressCountry\":\"FR\"},\"contactPoint\":[{\"@type\":\"ContactPoint\",\"contactType\":\"Service client\",\"telephone\":\"0384254272\",\"email\":\"contact@csj-emballages.com\"}]}]}<\/script>\n<!-- \/ Yoast SEO Premium plugin. -->","yoast_head_json":{"title":"Aspikform Oval Kunststoff pro 150","description":"Ovale Aspikform aus Kunststoff, 150 St\u00fcck \u2013 Ideal f\u00fcr Caterer und Privatpersonen. Gleichm\u00e4\u00dfige Portionen, leichtes Entformen, hygienisch und praktisch.","robots":{"index":"index","follow":"follow","max-snippet":"max-snippet:-1","max-image-preview":"max-image-preview:large","max-video-preview":"max-video-preview:-1"},"canonical":"https:\/\/www.csj-emballages.com\/de\/produit\/150-ovale-aspikformen-70-ml\/","og_locale":"de_DE","og_type":"article","og_title":"Aspikform oval 70 ml pro 150","og_description":"Ovale Aspikform aus Kunststoff, 150 St\u00fcck \u2013 Ideal f\u00fcr Caterer und Privatpersonen. Gleichm\u00e4\u00dfige Portionen, leichtes Entformen, hygienisch und praktisch.","og_url":"https:\/\/www.csj-emballages.com\/de\/produit\/150-ovale-aspikformen-70-ml\/","og_site_name":"CSJ Emballages","article_publisher":"https:\/\/www.facebook.com\/csjemballages","article_modified_time":"2026-05-14T00:15:24+00:00","og_image":[{"width":800,"height":800,"url":"https:\/\/www.csj-emballages.com\/wp-content\/uploads\/2024\/03\/Moule-aspic-oval-2.webp","type":"image\/webp"}],"twitter_card":"summary_large_image","twitter_misc":{"Gesch\u00e4tzte Lesezeit":"2 Minuten"},"schema":{"@context":"https:\/\/schema.org","@graph":[{"@type":"WebPage","@id":"https:\/\/www.csj-emballages.com\/de\/produit\/150-ovale-aspikformen-70-ml\/","url":"https:\/\/www.csj-emballages.com\/de\/produit\/150-ovale-aspikformen-70-ml\/","name":"Aspikform Oval Kunststoff pro 150","isPartOf":{"@id":"https:\/\/www.csj-emballages.com\/de\/#website"},"primaryImageOfPage":{"@id":"https:\/\/www.csj-emballages.com\/de\/produit\/150-ovale-aspikformen-70-ml\/#primaryimage"},"image":{"@id":"https:\/\/www.csj-emballages.com\/de\/produit\/150-ovale-aspikformen-70-ml\/#primaryimage"},"thumbnailUrl":"https:\/\/www.csj-emballages.com\/wp-content\/uploads\/2024\/03\/Moule-aspic-oval-2.webp","datePublished":"2024-03-01T15:51:37+00:00","dateModified":"2026-05-14T00:15:24+00:00","description":"Ovale Aspikform aus Kunststoff, 150 St\u00fcck \u2013 Ideal f\u00fcr Caterer und Privatpersonen. Gleichm\u00e4\u00dfige Portionen, leichtes Entformen, hygienisch und praktisch.","breadcrumb":{"@id":"https:\/\/www.csj-emballages.com\/de\/produit\/150-ovale-aspikformen-70-ml\/#breadcrumb"},"inLanguage":"de","potentialAction":[{"@type":"ReadAction","target":["https:\/\/www.csj-emballages.com\/de\/produit\/150-ovale-aspikformen-70-ml\/"]}]},{"@type":"ImageObject","inLanguage":"de","@id":"https:\/\/www.csj-emballages.com\/de\/produit\/150-ovale-aspikformen-70-ml\/#primaryimage","url":"https:\/\/www.csj-emballages.com\/wp-content\/uploads\/2024\/03\/Moule-aspic-oval-2.webp","contentUrl":"https:\/\/www.csj-emballages.com\/wp-content\/uploads\/2024\/03\/Moule-aspic-oval-2.webp","width":800,"height":800,"caption":"Moule \u00e0 aspic"},{"@type":"BreadcrumbList","@id":"https:\/\/www.csj-emballages.com\/de\/produit\/150-ovale-aspikformen-70-ml\/#breadcrumb","itemListElement":[{"@type":"ListItem","position":1,"name":"Accueil","item":"https:\/\/www.csj-emballages.com\/de\/universum-lebensmittelverpackungen\/"},{"@type":"ListItem","position":2,"name":"Shop","item":"https:\/\/www.csj-emballages.com\/shop\/"},{"@type":"ListItem","position":3,"name":"Aspikform oval 70 ml pro 150"}]},{"@type":"WebSite","@id":"https:\/\/www.csj-emballages.com\/de\/#website","url":"https:\/\/www.csj-emballages.com\/de\/","name":"CSJ Emballages","description":"","publisher":{"@id":"https:\/\/www.csj-emballages.com\/de\/#organization"},"potentialAction":[{"@type":"SearchAction","target":{"@type":"EntryPoint","urlTemplate":"https:\/\/www.csj-emballages.com\/de\/?s={search_term_string}"},"query-input":{"@type":"PropertyValueSpecification","valueRequired":true,"valueName":"search_term_string"}}],"inLanguage":"de"},{"@type":"Organization","@id":"https:\/\/www.csj-emballages.com\/de\/#Organization\/","name":"CSJ Emballages","url":"https:\/\/www.csj-emballages.com\/de\/","logo":{"@type":"ImageObject","inLanguage":"de","@id":"https:\/\/www.csj-emballages.com\/de\/#\/schema\/logo\/image\/","url":"https:\/\/www.csj-emballages.com\/wp-content\/uploads\/2023\/10\/logo_csj.webp","contentUrl":"https:\/\/www.csj-emballages.com\/wp-content\/uploads\/2023\/10\/logo_csj.webp","width":250,"height":95,"caption":"CSJ Emballages"},"image":{"@id":"https:\/\/www.csj-emballages.com\/de\/#\/schema\/logo\/image\/"},"sameAs":["https:\/\/www.facebook.com\/csjemballages"],"address":{"@type":"PostalAddress","streetAddress":"ZI La Lechere","addressLocality":"Patornay","postalCode":"39130","addressCountry":"FR"},"contactPoint":[{"@type":"ContactPoint","contactType":"Service client","telephone":"0384254272","email":"contact@csj-emballages.com"}]}]}},"df_price":10.42,"df_sale_price":"","df_regular_price":10.42,"df_image_link":"https:\/\/www.csj-emballages.com\/wp-content\/uploads\/2024\/03\/Moule-aspic-oval-2-300x300.webp","tiered_pricing_type":"fixed","tiered_pricing_fixed_rules":[],"tiered_pricing_percentage_rules":[],"tiered_pricing_minimum":1,"tiered_pricing_roles_data":[],"_links":{"self":[{"href":"https:\/\/www.csj-emballages.com\/de\/wp-json\/wp\/v2\/product\/22166","targetHints":{"allow":["GET"]}}],"collection":[{"href":"https:\/\/www.csj-emballages.com\/de\/wp-json\/wp\/v2\/product"}],"about":[{"href":"https:\/\/www.csj-emballages.com\/de\/wp-json\/wp\/v2\/types\/product"}],"wp:featuredmedia":[{"embeddable":true,"href":"https:\/\/www.csj-emballages.com\/de\/wp-json\/wp\/v2\/media\/220900"}],"wp:attachment":[{"href":"https:\/\/www.csj-emballages.com\/de\/wp-json\/wp\/v2\/media?parent=22166"}],"wp:term":[{"taxonomy":"product_brand","embeddable":true,"href":"https:\/\/www.csj-emballages.com\/de\/wp-json\/wp\/v2\/product_brand?post=22166"},{"taxonomy":"product_cat","embeddable":true,"href":"https:\/\/www.csj-emballages.com\/de\/wp-json\/wp\/v2\/product_cat?post=22166"},{"taxonomy":"product_tag","embeddable":true,"href":"https:\/\/www.csj-emballages.com\/de\/wp-json\/wp\/v2\/product_tag?post=22166"}],"curies":[{"name":"wp","href":"https:\/\/api.w.org\/{rel}","templated":true}]}}