{"id":22163,"date":"2024-03-01T16:51:37","date_gmt":"2024-03-01T15:51:37","guid":{"rendered":"https:\/\/u15jnbdpoq.preview.infomaniak.website\/produit\/144-farbige-sonnenschirmspiesse-9-cm\/"},"modified":"2026-04-24T02:14:55","modified_gmt":"2026-04-24T00:14:55","slug":"144-farbige-sonnenschirmspiesse-9-cm","status":"publish","type":"product","link":"https:\/\/www.csj-emballages.com\/de\/produit\/144-farbige-sonnenschirmspiesse-9-cm\/","title":{"rendered":"Farbige Cocktail-Schirmchen 9 cm, 144 St\u00fcck"},"content":{"rendered":"<h2 class=\"p1\">Sonnenschirmspie\u00dfe<\/h2>\n<hr>\n<h3>Beschreibung von Pik Sonnenschirm farbig 9 cm pro 144<\/h3>\n<p><!--more--><\/p>\n<p>Verleihen Sie Ihren Getr\u00e4nken und Zubereitungen einen festlichen und exotischen Touch mit diesen <strong data-start=\"108\" data-end=\"145\">9 cm gro\u00dfen, farbenfrohen Schirmchenspie\u00dfen<\/strong>! Sie sind ideal, um Cocktails, Desserts und Buffets zu verfeinern, und verleihen ihnen eine originelle und verspielte dekorative Note. Sie sind aus <strong>Holz<\/strong> gefertigt und mit einem <strong>bunten Papierschirm<\/strong> versehen. Sie sind einfach zu verwenden und perfekt f\u00fcr Veranstaltungen, sei es in einer Bar, beim Catering oder bei einer Party zu Hause. <\/p>\n<p>&nbsp;<\/p>\n<p><!--more--><\/p>\n<h4>Vorteile :<\/h4>\n<ul>\n<li data-start=\"455\" data-end=\"535\">Ideal f\u00fcr Cocktails, Desserts und Aperitifs.<\/li>\n<li data-start=\"536\" data-end=\"618\">Praktisches 9 cm Format f\u00fcr einfache Handhabung.<\/li>\n<li data-start=\"619\" data-end=\"695\">Diese Sonnenschirm-Spie\u00dfe sind in verschiedenen Farben f\u00fcr eine ansprechende Pr\u00e4sentation erh\u00e4ltlich.<\/li>\n<li data-start=\"696\" data-end=\"811\">Perfekt f\u00fcr Bars, Restaurants, Caterer und private Feiern.<\/li>\n<\/ul>\n<p>&nbsp;<\/p>\n<p><!--more--><\/p>\n<h4><span style=\"font-weight: bold;\"> Weitere Informationen:<\/span><\/h4>\n<ul>\n<li><strong>Verpackung<\/strong>: Packung mit 144<\/li>\n<li><strong>L\u00e4nge<\/strong>: 9 cm<\/li>\n<li><strong>Material<\/strong>: Holz \/ Kunststoff<\/li>\n<li><strong>Farbe<\/strong>: Blau \/ Orange \/ Rot \/ Gelb \/ Gr\u00fcn<\/li>\n<\/ul>\n<p>&nbsp;<\/p>\n<p><!--more--><\/p>\n<p>Dieses Produkt k\u00f6nnte Sie auch interessieren: <span style=\"color: #d12727;\"><a style=\"color: #d12727;\" href=\"https:\/\/www.csj-emballages.com\/de\/produit\/100-farbige-palmenspiesse-15-cm\/\">Bunte Palmenspie\u00dfe<\/a><\/span><\/p>\n<p>&nbsp;<\/p>\n<p><!--more--><\/p>\n<p><a href=\"https:\/\/www.csj-emballages.com\/de\/categorie-produit\/lebensmittelverpackungen\/metzgerei-und-feinkostgeschaft\/nahrungsmittelspiese\/zierspiese\/\">Sehen Sie sich den Rest unseres Sortiments an Zierspie\u00dfen an  <\/a><\/p>\n","protected":false},"excerpt":{"rendered":"<p>Sonnenschirmspie\u00dfe Beschreibung von Pik Sonnenschirm farbig 9 cm pro 144<\/p>\n","protected":false},"featured_media":225234,"template":"","meta":{"_acf_changed":false},"product_brand":[],"product_cat":[1137,1170,1279,2915,1822,1830,1171,1794,2916,1487,1813,2917],"product_tag":[],"class_list":{"0":"post-22163","1":"product","2":"type-product","3":"status-publish","4":"has-post-thumbnail","6":"product_cat-lebensmittelverpackungen","7":"product_cat-metzgerei-und-feinkostgeschaft","8":"product_cat-schalen-topfe-glaser","9":"product_cat-zierspiese","10":"product_cat-aperitifpicknicks","11":"product_cat-aperitifspiese-aus-holz","12":"product_cat-backerei-und-konditorei","13":"product_cat-dekoratives-zubehor","14":"product_cat-zierspiese-de","15":"product_cat-boutique-und-geschaft","16":"product_cat-dekoratives-zubehor-de","17":"product_cat-zierspiese-de-2","19":"first","20":"instock","21":"taxable","22":"shipping-taxable","23":"purchasable","24":"product-type-simple"},"acf":[],"yoast_head":"<!-- This site is optimized with the Yoast SEO Premium plugin v26.6 (Yoast SEO v26.6) - https:\/\/yoast.com\/wordpress\/plugins\/seo\/ -->\n<title>Bunte Sonnenschirmspie\u00dfe 9 cm pro 144<\/title>\n<meta name=\"description\" content=\"Verleihen Sie Ihren Cocktails und Desserts mit diesen farbigen 9 cm Cocktail-Schirmchen eine festliche Note! Ideal f\u00fcr Bars, Caterer und Privatpersonen.\" \/>\n<meta name=\"robots\" content=\"index, follow, max-snippet:-1, max-image-preview:large, max-video-preview:-1\" \/>\n<link rel=\"canonical\" href=\"https:\/\/www.csj-emballages.com\/de\/produit\/144-farbige-sonnenschirmspiesse-9-cm\/\" \/>\n<meta property=\"og:locale\" content=\"de_DE\" \/>\n<meta property=\"og:type\" content=\"article\" \/>\n<meta property=\"og:title\" content=\"Farbige Cocktail-Schirmchen 9 cm, 144 St\u00fcck\" \/>\n<meta property=\"og:description\" content=\"Verleihen Sie Ihren Cocktails und Desserts mit diesen farbigen 9 cm Cocktail-Schirmchen eine festliche Note! Ideal f\u00fcr Bars, Caterer und Privatpersonen.\" \/>\n<meta property=\"og:url\" content=\"https:\/\/www.csj-emballages.com\/de\/produit\/144-farbige-sonnenschirmspiesse-9-cm\/\" \/>\n<meta property=\"og:site_name\" content=\"CSJ Emballages\" \/>\n<meta property=\"article:publisher\" content=\"https:\/\/www.facebook.com\/csjemballages\" \/>\n<meta property=\"article:modified_time\" content=\"2026-04-24T00:14:55+00:00\" \/>\n<meta property=\"og:image\" content=\"https:\/\/www.csj-emballages.com\/wp-content\/uploads\/2024\/03\/Ombrelle.webp\" \/>\n\t<meta property=\"og:image:width\" content=\"800\" \/>\n\t<meta property=\"og:image:height\" content=\"800\" \/>\n\t<meta property=\"og:image:type\" content=\"image\/webp\" \/>\n<meta name=\"twitter:card\" content=\"summary_large_image\" \/>\n<meta name=\"twitter:label1\" content=\"Gesch\u00e4tzte Lesezeit\" \/>\n\t<meta name=\"twitter:data1\" content=\"1\u00a0Minute\" \/>\n<script type=\"application\/ld+json\" class=\"yoast-schema-graph\">{\"@context\":\"https:\/\/schema.org\",\"@graph\":[{\"@type\":\"WebPage\",\"@id\":\"https:\/\/www.csj-emballages.com\/de\/produit\/144-farbige-sonnenschirmspiesse-9-cm\/\",\"url\":\"https:\/\/www.csj-emballages.com\/de\/produit\/144-farbige-sonnenschirmspiesse-9-cm\/\",\"name\":\"Bunte Sonnenschirmspie\u00dfe 9 cm pro 144\",\"isPartOf\":{\"@id\":\"https:\/\/www.csj-emballages.com\/de\/#website\"},\"primaryImageOfPage\":{\"@id\":\"https:\/\/www.csj-emballages.com\/de\/produit\/144-farbige-sonnenschirmspiesse-9-cm\/#primaryimage\"},\"image\":{\"@id\":\"https:\/\/www.csj-emballages.com\/de\/produit\/144-farbige-sonnenschirmspiesse-9-cm\/#primaryimage\"},\"thumbnailUrl\":\"https:\/\/www.csj-emballages.com\/wp-content\/uploads\/2024\/03\/Ombrelle.webp\",\"datePublished\":\"2024-03-01T15:51:37+00:00\",\"dateModified\":\"2026-04-24T00:14:55+00:00\",\"description\":\"Verleihen Sie Ihren Cocktails und Desserts mit diesen farbigen 9 cm Cocktail-Schirmchen eine festliche Note! Ideal f\u00fcr Bars, Caterer und Privatpersonen.\",\"breadcrumb\":{\"@id\":\"https:\/\/www.csj-emballages.com\/de\/produit\/144-farbige-sonnenschirmspiesse-9-cm\/#breadcrumb\"},\"inLanguage\":\"de\",\"potentialAction\":[{\"@type\":\"ReadAction\",\"target\":[\"https:\/\/www.csj-emballages.com\/de\/produit\/144-farbige-sonnenschirmspiesse-9-cm\/\"]}]},{\"@type\":\"ImageObject\",\"inLanguage\":\"de\",\"@id\":\"https:\/\/www.csj-emballages.com\/de\/produit\/144-farbige-sonnenschirmspiesse-9-cm\/#primaryimage\",\"url\":\"https:\/\/www.csj-emballages.com\/wp-content\/uploads\/2024\/03\/Ombrelle.webp\",\"contentUrl\":\"https:\/\/www.csj-emballages.com\/wp-content\/uploads\/2024\/03\/Ombrelle.webp\",\"width\":800,\"height\":800,\"caption\":\"piques ombrelles\"},{\"@type\":\"BreadcrumbList\",\"@id\":\"https:\/\/www.csj-emballages.com\/de\/produit\/144-farbige-sonnenschirmspiesse-9-cm\/#breadcrumb\",\"itemListElement\":[{\"@type\":\"ListItem\",\"position\":1,\"name\":\"Accueil\",\"item\":\"https:\/\/www.csj-emballages.com\/de\/universum-lebensmittelverpackungen\/\"},{\"@type\":\"ListItem\",\"position\":2,\"name\":\"Shop\",\"item\":\"https:\/\/www.csj-emballages.com\/shop\/\"},{\"@type\":\"ListItem\",\"position\":3,\"name\":\"Farbige Cocktail-Schirmchen 9 cm, 144 St\u00fcck\"}]},{\"@type\":\"WebSite\",\"@id\":\"https:\/\/www.csj-emballages.com\/de\/#website\",\"url\":\"https:\/\/www.csj-emballages.com\/de\/\",\"name\":\"CSJ Emballages\",\"description\":\"\",\"publisher\":{\"@id\":\"https:\/\/www.csj-emballages.com\/de\/#organization\"},\"potentialAction\":[{\"@type\":\"SearchAction\",\"target\":{\"@type\":\"EntryPoint\",\"urlTemplate\":\"https:\/\/www.csj-emballages.com\/de\/?s={search_term_string}\"},\"query-input\":{\"@type\":\"PropertyValueSpecification\",\"valueRequired\":true,\"valueName\":\"search_term_string\"}}],\"inLanguage\":\"de\"},{\"@type\":\"Organization\",\"@id\":\"https:\/\/www.csj-emballages.com\/de\/#Organization\/\",\"name\":\"CSJ Emballages\",\"url\":\"https:\/\/www.csj-emballages.com\/de\/\",\"logo\":{\"@type\":\"ImageObject\",\"inLanguage\":\"de\",\"@id\":\"https:\/\/www.csj-emballages.com\/de\/#\/schema\/logo\/image\/\",\"url\":\"https:\/\/www.csj-emballages.com\/wp-content\/uploads\/2023\/10\/logo_csj.webp\",\"contentUrl\":\"https:\/\/www.csj-emballages.com\/wp-content\/uploads\/2023\/10\/logo_csj.webp\",\"width\":250,\"height\":95,\"caption\":\"CSJ Emballages\"},\"image\":{\"@id\":\"https:\/\/www.csj-emballages.com\/de\/#\/schema\/logo\/image\/\"},\"sameAs\":[\"https:\/\/www.facebook.com\/csjemballages\"],\"address\":{\"@type\":\"PostalAddress\",\"streetAddress\":\"ZI La Lechere\",\"addressLocality\":\"Patornay\",\"postalCode\":\"39130\",\"addressCountry\":\"FR\"},\"contactPoint\":[{\"@type\":\"ContactPoint\",\"contactType\":\"Service client\",\"telephone\":\"0384254272\",\"email\":\"contact@csj-emballages.com\"}]}]}<\/script>\n<!-- \/ Yoast SEO Premium plugin. -->","yoast_head_json":{"title":"Bunte Sonnenschirmspie\u00dfe 9 cm pro 144","description":"Verleihen Sie Ihren Cocktails und Desserts mit diesen farbigen 9 cm Cocktail-Schirmchen eine festliche Note! Ideal f\u00fcr Bars, Caterer und Privatpersonen.","robots":{"index":"index","follow":"follow","max-snippet":"max-snippet:-1","max-image-preview":"max-image-preview:large","max-video-preview":"max-video-preview:-1"},"canonical":"https:\/\/www.csj-emballages.com\/de\/produit\/144-farbige-sonnenschirmspiesse-9-cm\/","og_locale":"de_DE","og_type":"article","og_title":"Farbige Cocktail-Schirmchen 9 cm, 144 St\u00fcck","og_description":"Verleihen Sie Ihren Cocktails und Desserts mit diesen farbigen 9 cm Cocktail-Schirmchen eine festliche Note! Ideal f\u00fcr Bars, Caterer und Privatpersonen.","og_url":"https:\/\/www.csj-emballages.com\/de\/produit\/144-farbige-sonnenschirmspiesse-9-cm\/","og_site_name":"CSJ Emballages","article_publisher":"https:\/\/www.facebook.com\/csjemballages","article_modified_time":"2026-04-24T00:14:55+00:00","og_image":[{"width":800,"height":800,"url":"https:\/\/www.csj-emballages.com\/wp-content\/uploads\/2024\/03\/Ombrelle.webp","type":"image\/webp"}],"twitter_card":"summary_large_image","twitter_misc":{"Gesch\u00e4tzte Lesezeit":"1\u00a0Minute"},"schema":{"@context":"https:\/\/schema.org","@graph":[{"@type":"WebPage","@id":"https:\/\/www.csj-emballages.com\/de\/produit\/144-farbige-sonnenschirmspiesse-9-cm\/","url":"https:\/\/www.csj-emballages.com\/de\/produit\/144-farbige-sonnenschirmspiesse-9-cm\/","name":"Bunte Sonnenschirmspie\u00dfe 9 cm pro 144","isPartOf":{"@id":"https:\/\/www.csj-emballages.com\/de\/#website"},"primaryImageOfPage":{"@id":"https:\/\/www.csj-emballages.com\/de\/produit\/144-farbige-sonnenschirmspiesse-9-cm\/#primaryimage"},"image":{"@id":"https:\/\/www.csj-emballages.com\/de\/produit\/144-farbige-sonnenschirmspiesse-9-cm\/#primaryimage"},"thumbnailUrl":"https:\/\/www.csj-emballages.com\/wp-content\/uploads\/2024\/03\/Ombrelle.webp","datePublished":"2024-03-01T15:51:37+00:00","dateModified":"2026-04-24T00:14:55+00:00","description":"Verleihen Sie Ihren Cocktails und Desserts mit diesen farbigen 9 cm Cocktail-Schirmchen eine festliche Note! Ideal f\u00fcr Bars, Caterer und Privatpersonen.","breadcrumb":{"@id":"https:\/\/www.csj-emballages.com\/de\/produit\/144-farbige-sonnenschirmspiesse-9-cm\/#breadcrumb"},"inLanguage":"de","potentialAction":[{"@type":"ReadAction","target":["https:\/\/www.csj-emballages.com\/de\/produit\/144-farbige-sonnenschirmspiesse-9-cm\/"]}]},{"@type":"ImageObject","inLanguage":"de","@id":"https:\/\/www.csj-emballages.com\/de\/produit\/144-farbige-sonnenschirmspiesse-9-cm\/#primaryimage","url":"https:\/\/www.csj-emballages.com\/wp-content\/uploads\/2024\/03\/Ombrelle.webp","contentUrl":"https:\/\/www.csj-emballages.com\/wp-content\/uploads\/2024\/03\/Ombrelle.webp","width":800,"height":800,"caption":"piques ombrelles"},{"@type":"BreadcrumbList","@id":"https:\/\/www.csj-emballages.com\/de\/produit\/144-farbige-sonnenschirmspiesse-9-cm\/#breadcrumb","itemListElement":[{"@type":"ListItem","position":1,"name":"Accueil","item":"https:\/\/www.csj-emballages.com\/de\/universum-lebensmittelverpackungen\/"},{"@type":"ListItem","position":2,"name":"Shop","item":"https:\/\/www.csj-emballages.com\/shop\/"},{"@type":"ListItem","position":3,"name":"Farbige Cocktail-Schirmchen 9 cm, 144 St\u00fcck"}]},{"@type":"WebSite","@id":"https:\/\/www.csj-emballages.com\/de\/#website","url":"https:\/\/www.csj-emballages.com\/de\/","name":"CSJ Emballages","description":"","publisher":{"@id":"https:\/\/www.csj-emballages.com\/de\/#organization"},"potentialAction":[{"@type":"SearchAction","target":{"@type":"EntryPoint","urlTemplate":"https:\/\/www.csj-emballages.com\/de\/?s={search_term_string}"},"query-input":{"@type":"PropertyValueSpecification","valueRequired":true,"valueName":"search_term_string"}}],"inLanguage":"de"},{"@type":"Organization","@id":"https:\/\/www.csj-emballages.com\/de\/#Organization\/","name":"CSJ Emballages","url":"https:\/\/www.csj-emballages.com\/de\/","logo":{"@type":"ImageObject","inLanguage":"de","@id":"https:\/\/www.csj-emballages.com\/de\/#\/schema\/logo\/image\/","url":"https:\/\/www.csj-emballages.com\/wp-content\/uploads\/2023\/10\/logo_csj.webp","contentUrl":"https:\/\/www.csj-emballages.com\/wp-content\/uploads\/2023\/10\/logo_csj.webp","width":250,"height":95,"caption":"CSJ Emballages"},"image":{"@id":"https:\/\/www.csj-emballages.com\/de\/#\/schema\/logo\/image\/"},"sameAs":["https:\/\/www.facebook.com\/csjemballages"],"address":{"@type":"PostalAddress","streetAddress":"ZI La Lechere","addressLocality":"Patornay","postalCode":"39130","addressCountry":"FR"},"contactPoint":[{"@type":"ContactPoint","contactType":"Service client","telephone":"0384254272","email":"contact@csj-emballages.com"}]}]}},"df_price":5.35,"df_sale_price":"","df_regular_price":5.35,"df_image_link":"https:\/\/www.csj-emballages.com\/wp-content\/uploads\/2024\/03\/Ombrelle-300x300.webp","tiered_pricing_type":"fixed","tiered_pricing_fixed_rules":[],"tiered_pricing_percentage_rules":[],"tiered_pricing_minimum":1,"tiered_pricing_roles_data":[],"_links":{"self":[{"href":"https:\/\/www.csj-emballages.com\/de\/wp-json\/wp\/v2\/product\/22163","targetHints":{"allow":["GET"]}}],"collection":[{"href":"https:\/\/www.csj-emballages.com\/de\/wp-json\/wp\/v2\/product"}],"about":[{"href":"https:\/\/www.csj-emballages.com\/de\/wp-json\/wp\/v2\/types\/product"}],"wp:featuredmedia":[{"embeddable":true,"href":"https:\/\/www.csj-emballages.com\/de\/wp-json\/wp\/v2\/media\/225234"}],"wp:attachment":[{"href":"https:\/\/www.csj-emballages.com\/de\/wp-json\/wp\/v2\/media?parent=22163"}],"wp:term":[{"taxonomy":"product_brand","embeddable":true,"href":"https:\/\/www.csj-emballages.com\/de\/wp-json\/wp\/v2\/product_brand?post=22163"},{"taxonomy":"product_cat","embeddable":true,"href":"https:\/\/www.csj-emballages.com\/de\/wp-json\/wp\/v2\/product_cat?post=22163"},{"taxonomy":"product_tag","embeddable":true,"href":"https:\/\/www.csj-emballages.com\/de\/wp-json\/wp\/v2\/product_tag?post=22163"}],"curies":[{"name":"wp","href":"https:\/\/api.w.org\/{rel}","templated":true}]}}