{"id":22093,"date":"2024-03-01T16:51:43","date_gmt":"2024-03-01T15:51:43","guid":{"rendered":"https:\/\/u15jnbdpoq.preview.infomaniak.website\/produit\/100-weisse-taschentuecher-in-einer-2-lagigen-eco-label-box\/"},"modified":"2026-04-24T02:14:50","modified_gmt":"2026-04-24T00:14:50","slug":"100-weisse-taschentuecher-in-einer-2-lagigen-eco-label-box","status":"publish","type":"product","link":"https:\/\/www.csj-emballages.com\/de\/produit\/100-weisse-taschentuecher-in-einer-2-lagigen-eco-label-box\/","title":{"rendered":"Wei\u00dfe 2-lagige Ecolabel-Taschentuchbox, 100 St\u00fcck"},"content":{"rendered":"<h2>Taschentuchbox<\/h2>\n<hr>\n<h3>Beschreibung unserer wei\u00dfen 2-lagigen Ecolabel-Taschentuchbox mit 100 St\u00fcck<\/h3>\n<p><!--more--><\/p>\n<div class=\"flex max-w-full flex-col flex-grow\">\n<div class=\"min-h-8 text-message flex w-full flex-col items-end gap-2 whitespace-normal break-words text-start [.text-message+&amp;]:mt-5\" dir=\"auto\" data-message-author-role=\"assistant\" data-message-id=\"266ca6f3-5e07-4948-bd20-80ac5e6da4a5\" data-message-model-slug=\"gpt-4o\">\n<div class=\"flex w-full flex-col gap-1 empty:hidden first:pt-[3px]\">\n<div class=\"markdown prose w-full break-words dark:prose-invert dark\">\n<p data-start=\"274\" data-end=\"642\">Die <strong data-start=\"277\" data-end=\"312\">Wepa Prestige Kosmetiktuchbox<\/strong> vereint Komfort, Praktikabilit\u00e4t und erstklassige Qualit\u00e4t, wobei sie diskret und elegant bleibt. Mit ihren <strong data-start=\"413\" data-end=\"423\">2 Lagen<\/strong> bieten diese <strong>Kosmetikt\u00fccher<\/strong> eine <strong>angenehme Weichheit auf der Haut<\/strong> und gew\u00e4hrleisten gleichzeitig eine gute Rei\u00dffestigkeit. Sie eignen sich perfekt f\u00fcr Umgebungen, in denen Komfort ebenso wichtig ist wie Hygiene.  <\/p>\n<p data-start=\"644\" data-end=\"997\">Die <strong>Box<\/strong> mit ihrem eleganten Design f\u00fcgt sich nahtlos in alle R\u00e4ume ein: <strong>B\u00fcros, Sanit\u00e4rbereiche, Hotelzimmer, \u00f6ffentliche Einrichtungen oder Gesundheitseinrichtungen<\/strong>. Ihr <strong data-start=\"820\" data-end=\"861\">Spendersystem an Vorder- und R\u00fcckseite<\/strong> erm\u00f6glicht einen einfachen Zugriff auf die T\u00fccher, unabh\u00e4ngig von der Position der Box. Ein einfaches, aber sehr praktisches Detail f\u00fcr den Alltag.  <\/p>\n<p data-start=\"999\" data-end=\"1312\">Ein weiteres cleveres Detail: der in die <strong>Box<\/strong> integrierte <strong data-start=\"1022\" data-end=\"1044\">transparente Schlitz<\/strong>. Er erm\u00f6glicht eine schnelle Sichtpr\u00fcfung des F\u00fcllstands und eine vorausschauende Nachbestellung, ohne die Box \u00f6ffnen oder auf das letzte Tuch warten zu m\u00fcssen. Dies erleichtert die Verwaltung von Verbrauchsmaterialien, insbesondere an stark frequentierten Orten.  <\/p>\n<p data-start=\"1314\" data-end=\"1531\"><strong data-start=\"1324\" data-end=\"1336\">Ecolabel<\/strong>-zertifiziert, erf\u00fcllen diese <strong>T\u00fccher<\/strong> auch einen verantwortungsvolleren Ansatz, ohne Kompromisse bei der Qualit\u00e4t einzugehen. Sie eignen sich f\u00fcr den h\u00e4ufigen Gebrauch und erf\u00fcllen anerkannte Umweltkriterien. <\/p>\n<p data-start=\"1533\" data-end=\"1802\">Verkauft <strong data-start=\"1540\" data-end=\"1568\">im 100er-Pack<\/strong>, bieten sie eine praktische, zuverl\u00e4ssige und komfortable L\u00f6sung f\u00fcr den t\u00e4glichen Gebrauch. Zusammenfassend kombiniert diese Kosmetiktuchbox Eleganz, Funktionalit\u00e4t und Weichheit, um den Anforderungen von Profis und Privatpersonen gerecht zu werden. <\/p>\n<p data-start=\"1533\" data-end=\"1802\">\n<\/div>\n<\/div>\n<\/div>\n<\/div>\n<p><!--more--><\/p>\n<h4>Vorteile :<\/h4>\n<ul>\n<li data-start=\"1830\" data-end=\"1869\"><strong>2-lagige T\u00fccher<\/strong>, weich und rei\u00dffest.<\/li>\n<li data-start=\"1872\" data-end=\"1910\">Erstklassige Qualit\u00e4t <strong>Wepa Prestige<\/strong>.<\/li>\n<li data-start=\"1913\" data-end=\"1965\">Spendersystem an Vorder- und R\u00fcckseite der Box.<\/li>\n<li data-start=\"1968\" data-end=\"2017\">Transparentes Sichtfenster zur F\u00fcllstandskontrolle.<\/li>\n<li data-start=\"2020\" data-end=\"2045\"><strong>Ecolabel-Zertifizierung<\/strong>.<\/li>\n<li data-start=\"2048\" data-end=\"2086\">Diskretes und professionelles wei\u00dfes Design.<\/li>\n<\/ul>\n<p>&nbsp;<\/p>\n<p><!--more--><\/p>\n<h4>Weitere Informationen :<\/h4>\n<ul>\n<li><strong>Anzahl Taschent\u00fccher<\/strong>: 100<\/li>\n<li><strong>Material<\/strong>: Reine Zellulose<\/li>\n<li><strong>Abmessungen<\/strong>: 21,0 x 20,5<\/li>\n<li><strong>Lagen<\/strong>: 2<\/li>\n<li><strong>Typ<\/strong>: Gepr\u00e4gt<\/li>\n<li><strong>Ecolabel<\/strong>: Ja<\/li>\n<li><strong>Farbe<\/strong>: Wei\u00df<\/li>\n<\/ul>\n<p>&nbsp;<\/p>\n<p><!--more--><\/p>\n<p><a href=\"https:\/\/www.csj-emballages.com\/de\/categorie-produit\/hygiene-und-pflege\/wischtucher\/toilettenpapier\/\">Entdecken Sie den Rest unseres Sortiments an Hygienepapieren<\/a><\/p>\n","protected":false},"excerpt":{"rendered":"<p>Taschentuchbox Beschreibung unserer wei\u00dfen 2-lagigen Ecolabel-Taschentuchbox mit 100 St\u00fcck<\/p>\n","protected":false},"featured_media":263192,"template":"","meta":{"_acf_changed":false},"product_brand":[],"product_cat":[1218,1377,1380],"product_tag":[],"class_list":{"0":"post-22093","1":"product","2":"type-product","3":"status-publish","4":"has-post-thumbnail","6":"product_cat-hygiene-und-pflege","7":"product_cat-wischtucher","8":"product_cat-toilettenpapier","10":"first","11":"instock","12":"taxable","13":"shipping-taxable","14":"purchasable","15":"product-type-simple"},"acf":[],"yoast_head":"<!-- This site is optimized with the Yoast SEO Premium plugin v26.6 (Yoast SEO v26.6) - https:\/\/yoast.com\/wordpress\/plugins\/seo\/ -->\n<title>Wei\u00dfe 2-lagige Ecolabel-Taschentuchbox, 100 St\u00fcck<\/title>\n<meta name=\"description\" content=\"Entdecken Sie unsere 2-lagige Ecolabel-Taschentuchbox mit 100 St\u00fcck. Weich, widerstandsf\u00e4hig und umweltfreundlich \u2013 perfekte Taschent\u00fccher f\u00fcr den t\u00e4glichen Gebrauch.\" \/>\n<meta name=\"robots\" content=\"index, follow, max-snippet:-1, max-image-preview:large, max-video-preview:-1\" \/>\n<link rel=\"canonical\" href=\"https:\/\/www.csj-emballages.com\/de\/produit\/100-weisse-taschentuecher-in-einer-2-lagigen-eco-label-box\/\" \/>\n<meta property=\"og:locale\" content=\"de_DE\" \/>\n<meta property=\"og:type\" content=\"article\" \/>\n<meta property=\"og:title\" content=\"Wei\u00dfe 2-lagige Ecolabel-Taschentuchbox, 100 St\u00fcck\" \/>\n<meta property=\"og:description\" content=\"Entdecken Sie unsere 2-lagige Ecolabel-Taschentuchbox mit 100 St\u00fcck. Weich, widerstandsf\u00e4hig und umweltfreundlich \u2013 perfekte Taschent\u00fccher f\u00fcr den t\u00e4glichen Gebrauch.\" \/>\n<meta property=\"og:url\" content=\"https:\/\/www.csj-emballages.com\/de\/produit\/100-weisse-taschentuecher-in-einer-2-lagigen-eco-label-box\/\" \/>\n<meta property=\"og:site_name\" content=\"CSJ Emballages\" \/>\n<meta property=\"article:publisher\" content=\"https:\/\/www.facebook.com\/csjemballages\" \/>\n<meta property=\"article:modified_time\" content=\"2026-04-24T00:14:50+00:00\" \/>\n<meta property=\"og:image\" content=\"https:\/\/www.csj-emballages.com\/wp-content\/uploads\/2024\/03\/Boite-a-mouchoir.webp\" \/>\n\t<meta property=\"og:image:width\" content=\"800\" \/>\n\t<meta property=\"og:image:height\" content=\"800\" \/>\n\t<meta property=\"og:image:type\" content=\"image\/webp\" \/>\n<meta name=\"twitter:card\" content=\"summary_large_image\" \/>\n<meta name=\"twitter:label1\" content=\"Gesch\u00e4tzte Lesezeit\" \/>\n\t<meta name=\"twitter:data1\" content=\"2 Minuten\" \/>\n<script type=\"application\/ld+json\" class=\"yoast-schema-graph\">{\"@context\":\"https:\/\/schema.org\",\"@graph\":[{\"@type\":\"WebPage\",\"@id\":\"https:\/\/www.csj-emballages.com\/de\/produit\/100-weisse-taschentuecher-in-einer-2-lagigen-eco-label-box\/\",\"url\":\"https:\/\/www.csj-emballages.com\/de\/produit\/100-weisse-taschentuecher-in-einer-2-lagigen-eco-label-box\/\",\"name\":\"Wei\u00dfe 2-lagige Ecolabel-Taschentuchbox, 100 St\u00fcck\",\"isPartOf\":{\"@id\":\"https:\/\/www.csj-emballages.com\/de\/#website\"},\"primaryImageOfPage\":{\"@id\":\"https:\/\/www.csj-emballages.com\/de\/produit\/100-weisse-taschentuecher-in-einer-2-lagigen-eco-label-box\/#primaryimage\"},\"image\":{\"@id\":\"https:\/\/www.csj-emballages.com\/de\/produit\/100-weisse-taschentuecher-in-einer-2-lagigen-eco-label-box\/#primaryimage\"},\"thumbnailUrl\":\"https:\/\/www.csj-emballages.com\/wp-content\/uploads\/2024\/03\/Boite-a-mouchoir.webp\",\"datePublished\":\"2024-03-01T15:51:43+00:00\",\"dateModified\":\"2026-04-24T00:14:50+00:00\",\"description\":\"Entdecken Sie unsere 2-lagige Ecolabel-Taschentuchbox mit 100 St\u00fcck. Weich, widerstandsf\u00e4hig und umweltfreundlich \u2013 perfekte Taschent\u00fccher f\u00fcr den t\u00e4glichen Gebrauch.\",\"breadcrumb\":{\"@id\":\"https:\/\/www.csj-emballages.com\/de\/produit\/100-weisse-taschentuecher-in-einer-2-lagigen-eco-label-box\/#breadcrumb\"},\"inLanguage\":\"de\",\"potentialAction\":[{\"@type\":\"ReadAction\",\"target\":[\"https:\/\/www.csj-emballages.com\/de\/produit\/100-weisse-taschentuecher-in-einer-2-lagigen-eco-label-box\/\"]}]},{\"@type\":\"ImageObject\",\"inLanguage\":\"de\",\"@id\":\"https:\/\/www.csj-emballages.com\/de\/produit\/100-weisse-taschentuecher-in-einer-2-lagigen-eco-label-box\/#primaryimage\",\"url\":\"https:\/\/www.csj-emballages.com\/wp-content\/uploads\/2024\/03\/Boite-a-mouchoir.webp\",\"contentUrl\":\"https:\/\/www.csj-emballages.com\/wp-content\/uploads\/2024\/03\/Boite-a-mouchoir.webp\",\"width\":800,\"height\":800,\"caption\":\"Boite \u00e0 mouchoir\"},{\"@type\":\"BreadcrumbList\",\"@id\":\"https:\/\/www.csj-emballages.com\/de\/produit\/100-weisse-taschentuecher-in-einer-2-lagigen-eco-label-box\/#breadcrumb\",\"itemListElement\":[{\"@type\":\"ListItem\",\"position\":1,\"name\":\"Accueil\",\"item\":\"https:\/\/www.csj-emballages.com\/de\/universum-lebensmittelverpackungen\/\"},{\"@type\":\"ListItem\",\"position\":2,\"name\":\"Shop\",\"item\":\"https:\/\/www.csj-emballages.com\/shop\/\"},{\"@type\":\"ListItem\",\"position\":3,\"name\":\"Wei\u00dfe 2-lagige Ecolabel-Taschentuchbox, 100 St\u00fcck\"}]},{\"@type\":\"WebSite\",\"@id\":\"https:\/\/www.csj-emballages.com\/de\/#website\",\"url\":\"https:\/\/www.csj-emballages.com\/de\/\",\"name\":\"CSJ Emballages\",\"description\":\"\",\"publisher\":{\"@id\":\"https:\/\/www.csj-emballages.com\/de\/#organization\"},\"potentialAction\":[{\"@type\":\"SearchAction\",\"target\":{\"@type\":\"EntryPoint\",\"urlTemplate\":\"https:\/\/www.csj-emballages.com\/de\/?s={search_term_string}\"},\"query-input\":{\"@type\":\"PropertyValueSpecification\",\"valueRequired\":true,\"valueName\":\"search_term_string\"}}],\"inLanguage\":\"de\"},{\"@type\":\"Organization\",\"@id\":\"https:\/\/www.csj-emballages.com\/de\/#Organization\/\",\"name\":\"CSJ Emballages\",\"url\":\"https:\/\/www.csj-emballages.com\/de\/\",\"logo\":{\"@type\":\"ImageObject\",\"inLanguage\":\"de\",\"@id\":\"https:\/\/www.csj-emballages.com\/de\/#\/schema\/logo\/image\/\",\"url\":\"https:\/\/www.csj-emballages.com\/wp-content\/uploads\/2023\/10\/logo_csj.webp\",\"contentUrl\":\"https:\/\/www.csj-emballages.com\/wp-content\/uploads\/2023\/10\/logo_csj.webp\",\"width\":250,\"height\":95,\"caption\":\"CSJ Emballages\"},\"image\":{\"@id\":\"https:\/\/www.csj-emballages.com\/de\/#\/schema\/logo\/image\/\"},\"sameAs\":[\"https:\/\/www.facebook.com\/csjemballages\"],\"address\":{\"@type\":\"PostalAddress\",\"streetAddress\":\"ZI La Lechere\",\"addressLocality\":\"Patornay\",\"postalCode\":\"39130\",\"addressCountry\":\"FR\"},\"contactPoint\":[{\"@type\":\"ContactPoint\",\"contactType\":\"Service client\",\"telephone\":\"0384254272\",\"email\":\"contact@csj-emballages.com\"}]}]}<\/script>\n<!-- \/ Yoast SEO Premium plugin. -->","yoast_head_json":{"title":"Wei\u00dfe 2-lagige Ecolabel-Taschentuchbox, 100 St\u00fcck","description":"Entdecken Sie unsere 2-lagige Ecolabel-Taschentuchbox mit 100 St\u00fcck. Weich, widerstandsf\u00e4hig und umweltfreundlich \u2013 perfekte Taschent\u00fccher f\u00fcr den t\u00e4glichen Gebrauch.","robots":{"index":"index","follow":"follow","max-snippet":"max-snippet:-1","max-image-preview":"max-image-preview:large","max-video-preview":"max-video-preview:-1"},"canonical":"https:\/\/www.csj-emballages.com\/de\/produit\/100-weisse-taschentuecher-in-einer-2-lagigen-eco-label-box\/","og_locale":"de_DE","og_type":"article","og_title":"Wei\u00dfe 2-lagige Ecolabel-Taschentuchbox, 100 St\u00fcck","og_description":"Entdecken Sie unsere 2-lagige Ecolabel-Taschentuchbox mit 100 St\u00fcck. Weich, widerstandsf\u00e4hig und umweltfreundlich \u2013 perfekte Taschent\u00fccher f\u00fcr den t\u00e4glichen Gebrauch.","og_url":"https:\/\/www.csj-emballages.com\/de\/produit\/100-weisse-taschentuecher-in-einer-2-lagigen-eco-label-box\/","og_site_name":"CSJ Emballages","article_publisher":"https:\/\/www.facebook.com\/csjemballages","article_modified_time":"2026-04-24T00:14:50+00:00","og_image":[{"width":800,"height":800,"url":"https:\/\/www.csj-emballages.com\/wp-content\/uploads\/2024\/03\/Boite-a-mouchoir.webp","type":"image\/webp"}],"twitter_card":"summary_large_image","twitter_misc":{"Gesch\u00e4tzte Lesezeit":"2 Minuten"},"schema":{"@context":"https:\/\/schema.org","@graph":[{"@type":"WebPage","@id":"https:\/\/www.csj-emballages.com\/de\/produit\/100-weisse-taschentuecher-in-einer-2-lagigen-eco-label-box\/","url":"https:\/\/www.csj-emballages.com\/de\/produit\/100-weisse-taschentuecher-in-einer-2-lagigen-eco-label-box\/","name":"Wei\u00dfe 2-lagige Ecolabel-Taschentuchbox, 100 St\u00fcck","isPartOf":{"@id":"https:\/\/www.csj-emballages.com\/de\/#website"},"primaryImageOfPage":{"@id":"https:\/\/www.csj-emballages.com\/de\/produit\/100-weisse-taschentuecher-in-einer-2-lagigen-eco-label-box\/#primaryimage"},"image":{"@id":"https:\/\/www.csj-emballages.com\/de\/produit\/100-weisse-taschentuecher-in-einer-2-lagigen-eco-label-box\/#primaryimage"},"thumbnailUrl":"https:\/\/www.csj-emballages.com\/wp-content\/uploads\/2024\/03\/Boite-a-mouchoir.webp","datePublished":"2024-03-01T15:51:43+00:00","dateModified":"2026-04-24T00:14:50+00:00","description":"Entdecken Sie unsere 2-lagige Ecolabel-Taschentuchbox mit 100 St\u00fcck. Weich, widerstandsf\u00e4hig und umweltfreundlich \u2013 perfekte Taschent\u00fccher f\u00fcr den t\u00e4glichen Gebrauch.","breadcrumb":{"@id":"https:\/\/www.csj-emballages.com\/de\/produit\/100-weisse-taschentuecher-in-einer-2-lagigen-eco-label-box\/#breadcrumb"},"inLanguage":"de","potentialAction":[{"@type":"ReadAction","target":["https:\/\/www.csj-emballages.com\/de\/produit\/100-weisse-taschentuecher-in-einer-2-lagigen-eco-label-box\/"]}]},{"@type":"ImageObject","inLanguage":"de","@id":"https:\/\/www.csj-emballages.com\/de\/produit\/100-weisse-taschentuecher-in-einer-2-lagigen-eco-label-box\/#primaryimage","url":"https:\/\/www.csj-emballages.com\/wp-content\/uploads\/2024\/03\/Boite-a-mouchoir.webp","contentUrl":"https:\/\/www.csj-emballages.com\/wp-content\/uploads\/2024\/03\/Boite-a-mouchoir.webp","width":800,"height":800,"caption":"Boite \u00e0 mouchoir"},{"@type":"BreadcrumbList","@id":"https:\/\/www.csj-emballages.com\/de\/produit\/100-weisse-taschentuecher-in-einer-2-lagigen-eco-label-box\/#breadcrumb","itemListElement":[{"@type":"ListItem","position":1,"name":"Accueil","item":"https:\/\/www.csj-emballages.com\/de\/universum-lebensmittelverpackungen\/"},{"@type":"ListItem","position":2,"name":"Shop","item":"https:\/\/www.csj-emballages.com\/shop\/"},{"@type":"ListItem","position":3,"name":"Wei\u00dfe 2-lagige Ecolabel-Taschentuchbox, 100 St\u00fcck"}]},{"@type":"WebSite","@id":"https:\/\/www.csj-emballages.com\/de\/#website","url":"https:\/\/www.csj-emballages.com\/de\/","name":"CSJ Emballages","description":"","publisher":{"@id":"https:\/\/www.csj-emballages.com\/de\/#organization"},"potentialAction":[{"@type":"SearchAction","target":{"@type":"EntryPoint","urlTemplate":"https:\/\/www.csj-emballages.com\/de\/?s={search_term_string}"},"query-input":{"@type":"PropertyValueSpecification","valueRequired":true,"valueName":"search_term_string"}}],"inLanguage":"de"},{"@type":"Organization","@id":"https:\/\/www.csj-emballages.com\/de\/#Organization\/","name":"CSJ Emballages","url":"https:\/\/www.csj-emballages.com\/de\/","logo":{"@type":"ImageObject","inLanguage":"de","@id":"https:\/\/www.csj-emballages.com\/de\/#\/schema\/logo\/image\/","url":"https:\/\/www.csj-emballages.com\/wp-content\/uploads\/2023\/10\/logo_csj.webp","contentUrl":"https:\/\/www.csj-emballages.com\/wp-content\/uploads\/2023\/10\/logo_csj.webp","width":250,"height":95,"caption":"CSJ Emballages"},"image":{"@id":"https:\/\/www.csj-emballages.com\/de\/#\/schema\/logo\/image\/"},"sameAs":["https:\/\/www.facebook.com\/csjemballages"],"address":{"@type":"PostalAddress","streetAddress":"ZI La Lechere","addressLocality":"Patornay","postalCode":"39130","addressCountry":"FR"},"contactPoint":[{"@type":"ContactPoint","contactType":"Service client","telephone":"0384254272","email":"contact@csj-emballages.com"}]}]}},"df_price":1.19,"df_sale_price":"","df_regular_price":1.19,"df_image_link":"https:\/\/www.csj-emballages.com\/wp-content\/uploads\/2024\/03\/Boite-a-mouchoir-300x300.webp","tiered_pricing_type":"fixed","tiered_pricing_fixed_rules":[],"tiered_pricing_percentage_rules":[],"tiered_pricing_minimum":1,"tiered_pricing_roles_data":[],"_links":{"self":[{"href":"https:\/\/www.csj-emballages.com\/de\/wp-json\/wp\/v2\/product\/22093","targetHints":{"allow":["GET"]}}],"collection":[{"href":"https:\/\/www.csj-emballages.com\/de\/wp-json\/wp\/v2\/product"}],"about":[{"href":"https:\/\/www.csj-emballages.com\/de\/wp-json\/wp\/v2\/types\/product"}],"wp:featuredmedia":[{"embeddable":true,"href":"https:\/\/www.csj-emballages.com\/de\/wp-json\/wp\/v2\/media\/263192"}],"wp:attachment":[{"href":"https:\/\/www.csj-emballages.com\/de\/wp-json\/wp\/v2\/media?parent=22093"}],"wp:term":[{"taxonomy":"product_brand","embeddable":true,"href":"https:\/\/www.csj-emballages.com\/de\/wp-json\/wp\/v2\/product_brand?post=22093"},{"taxonomy":"product_cat","embeddable":true,"href":"https:\/\/www.csj-emballages.com\/de\/wp-json\/wp\/v2\/product_cat?post=22093"},{"taxonomy":"product_tag","embeddable":true,"href":"https:\/\/www.csj-emballages.com\/de\/wp-json\/wp\/v2\/product_tag?post=22093"}],"curies":[{"name":"wp","href":"https:\/\/api.w.org\/{rel}","templated":true}]}}