{"id":22084,"date":"2024-03-01T16:51:41","date_gmt":"2024-03-01T15:51:41","guid":{"rendered":"https:\/\/u15jnbdpoq.preview.infomaniak.website\/produit\/4-rollen-geschenkpapier-070-x-2-m\/"},"modified":"2026-03-12T16:30:00","modified_gmt":"2026-03-12T15:30:00","slug":"4-rollen-geschenkpapier-070-x-2-m","status":"publish","type":"product","link":"https:\/\/www.csj-emballages.com\/de\/produit\/4-rollen-geschenkpapier-070-x-2-m\/","title":{"rendered":"Rolle Geschenkpapier 0.70 x 2 m pro 4"},"content":{"rendered":"<div style=\"font-family: Roboto, sans-serif;\">\n<div style=\"font-family: Roboto, sans-serif;\">\n<div style=\"box-sizing: inherit; font-family: Roboto, sans-serif;\">\n<div style=\"box-sizing: inherit; font-family: Roboto, sans-serif;\">\n<div style=\"box-sizing: inherit; font-family: Roboto, sans-serif;\">\n<div style=\"box-sizing: inherit; font-family: Roboto, sans-serif;\">\n<div style=\"box-sizing: inherit; font-family: Roboto, sans-serif;\">\n<div style=\"box-sizing: inherit; font-family: Roboto, sans-serif;\">\n<div style=\"box-sizing: inherit; font-family: Roboto, sans-serif;\">\n<div style=\"box-sizing: inherit; font-family: Roboto, sans-serif;\">\n<div style=\"box-sizing: inherit; font-family: Roboto, sans-serif;\">\n<div style=\"box-sizing: inherit; font-family: Roboto, sans-serif;\">\n<div style=\"box-sizing: inherit; font-family: Roboto, sans-serif;\">\n<div style=\"box-sizing: inherit; font-family: Roboto, sans-serif;\">\n<div style=\"box-sizing: inherit; font-family: Roboto, sans-serif;\">\n<div class=\"flex flex-grow flex-col max-w-full\">\n<div class=\"min-h-[20px] text-message flex flex-col items-start whitespace-pre-wrap break-words [.text-message+&amp;]:mt-5 juice:w-full juice:items-end overflow-x-auto gap-2\" dir=\"auto\" data-message-author-role=\"assistant\" data-message-id=\"2034782e-88f9-44ef-b4dc-07dd7bf0115f\">\n<div class=\"flex w-full flex-col gap-1 juice:empty:hidden juice:first:pt-[3px]\">\n<div class=\"markdown prose w-full break-words dark:prose-invert light\">\n<div style=\"box-sizing: inherit; font-family: Roboto, sans-serif;\">\n<div style=\"box-sizing: inherit; font-family: Roboto, sans-serif;\">\n<div style=\"box-sizing: inherit; font-family: Roboto, sans-serif;\">\n<div style=\"box-sizing: inherit; font-family: Roboto, sans-serif;\">\n<div style=\"box-sizing: inherit; font-family: Roboto, sans-serif;\">\n<div style=\"box-sizing: inherit; font-family: Roboto, sans-serif;\">\n<h2 class=\"p1\">Rolle Geschenkpapier<\/h2>\n<div style=\"box-sizing: inherit; font-family: Roboto, sans-serif;\">\n<div style=\"box-sizing: inherit; font-family: Roboto, sans-serif;\">\n<div style=\"box-sizing: inherit; font-family: Roboto, sans-serif;\">\n<div style=\"text-align: center;\">\n<div style=\"box-sizing: inherit; font-family: Roboto, sans-serif;\">\n<div style=\"box-sizing: inherit; font-family: Roboto, sans-serif;\">\n<div style=\"box-sizing: inherit; font-family: Roboto, sans-serif;\">\n<div style=\"box-sizing: inherit; font-family: Roboto, sans-serif;\">\n<div style=\"box-sizing: inherit; font-family: Roboto, sans-serif;\">\n<div style=\"box-sizing: inherit; font-family: Roboto, sans-serif; text-align: left;\">\n<hr>\n<h3 style=\"text-align: left;\">Beschreibung unserer Geschenkpapierrolle 0.70 x 2 m pro 4 St\u00fcck<\/h3>\n<h3 style=\"text-align: left;\"><!--more--><\/h3>\n<\/div>\n<\/div>\n<\/div>\n<\/div>\n<\/div>\n<\/div>\n<\/div>\n<\/div>\n<\/div>\n<\/div>\n<\/div>\n<\/div>\n<\/div>\n<\/div>\n<\/div>\n<\/div>\n<\/div>\n<\/div>\n<\/div>\n<\/div>\n<\/div>\n<\/div>\n<\/div>\n<\/div>\n<\/div>\n<\/div>\n<\/div>\n<\/div>\n<\/div>\n<\/div>\n<\/div>\n<\/div>\n<\/div>\n<div style=\"box-sizing: inherit; font-family: Roboto, sans-serif;\">\n<div style=\"box-sizing: inherit; font-family: Roboto, sans-serif;\">\n<div style=\"box-sizing: inherit; font-family: Roboto, sans-serif;\">\n<div style=\"box-sizing: inherit; font-family: Roboto, sans-serif;\">\n<div style=\"box-sizing: inherit; font-family: Roboto, sans-serif;\">\n<div style=\"box-sizing: inherit; font-family: Roboto, sans-serif;\">\n<div style=\"box-sizing: inherit; font-family: Roboto, sans-serif;\">\n<div style=\"box-sizing: inherit; font-family: Roboto, sans-serif;\">\n<div style=\"box-sizing: inherit; font-family: Roboto, sans-serif;\">\n<div style=\"box-sizing: inherit; font-family: Roboto, sans-serif;\">\n<div style=\"box-sizing: inherit; font-family: Roboto, sans-serif;\">\n<div style=\"box-sizing: inherit; font-family: Roboto, sans-serif;\">\n<div style=\"box-sizing: inherit; font-family: Roboto, sans-serif;\">\n<div class=\"flex flex-grow flex-col max-w-full\">\n<div class=\"min-h-[20px] text-message flex flex-col items-start whitespace-pre-wrap break-words [.text-message+&amp;]:mt-5 juice:w-full juice:items-end overflow-x-auto gap-2\" dir=\"auto\" data-message-author-role=\"assistant\" data-message-id=\"2034782e-88f9-44ef-b4dc-07dd7bf0115f\">\n<div class=\"flex w-full flex-col gap-1 juice:empty:hidden juice:first:pt-[3px]\">\n<div class=\"markdown prose w-full break-words dark:prose-invert light\">\n<div style=\"box-sizing: inherit; font-family: Roboto, sans-serif;\">\n<div style=\"box-sizing: inherit; font-family: Roboto, sans-serif;\">\n<div style=\"box-sizing: inherit; font-family: Roboto, sans-serif;\">\n<div style=\"box-sizing: inherit; font-family: Roboto, sans-serif;\">\n<div style=\"box-sizing: inherit; font-family: Roboto, sans-serif;\">\n<div style=\"box-sizing: inherit; font-family: Roboto, sans-serif;\">\n<p data-start=\"0\" data-end=\"519\">Verleihen Sie Ihren Geschenkverpackungen einen Hauch von<strong data-start=\"52\" data-end=\"64\">Eleganz<\/strong> und <strong data-start=\"71\" data-end=\"86\">Raffinesse<\/strong> mit diesen <strong data-start=\"120\" data-end=\"159\">goldenen und schwarzen Geschenkpapierrollen<\/strong>. Perfekt f\u00fcr jeden Anlass, sei es ein <strong data-start=\"217\" data-end=\"233\">Geburtstag<\/strong>, eine <strong data-start=\"239\" data-end=\"262\">Weihnachtsfeier<\/strong> oder ein <strong data-start=\"269\" data-end=\"296\">Firmenevent <\/strong>, besticht dieses <strong>Geschenkpapier<\/strong> durch seinen schicken und zeitlosen Stil. Durch die <strong data-start=\"376\" data-end=\"400\" data-is-only-node=\"\">kontrastreichen Farbkombinationen<\/strong> kommt das<strong data-start=\"404\" data-end=\"422\">schimmernde Gold<\/strong> auf dem <strong data-start=\"440\" data-end=\"456\">tiefen Schwarz<\/strong> besonders gut zur Geltung und schafft so ein hochwertiges Erscheinungsbild, das alle Blicke auf sich zieht.  <\/p>\n<p data-start=\"521\" data-end=\"922\">Mit ihren <strong data-start=\"530\" data-end=\"555\">gro\u00dfz\u00fcgigen Abmessungen<\/strong> von <strong data-start=\"559\" data-end=\"575\">0,70 m x 2 m<\/strong> bietet jede Rolle eine ideale Fl\u00e4che, um sowohl kleine Kostbarkeiten als auch gr\u00f6\u00dfere Geschenke zu verpacken. Da sie im <strong data-start=\"712\" data-end=\"724\">4er-Set<\/strong> verkauft werden, haben Sie einen praktischen Vorrat, egal ob Sie ein <strong data-start=\"792\" data-end=\"829\">Privatmann sind, der sich f\u00fcr das Verpacken begeistert,<\/strong> oder ein <strong data-start=\"836\" data-end=\"853\">Profi<\/strong>, der ein zuverl\u00e4ssiges Produkt f\u00fcr seine Festtagsvorbereitungen sucht. <\/p>\n<p data-start=\"924\" data-end=\"1239\">Auch ihr <strong data-start=\"937\" data-end=\"958\">Papier<\/strong> l\u00e4sst sich leicht falten und ist rei\u00dffest, sodass Sie im Handumdrehen eine saubere und ordentliche Verpackung erhalten. F\u00fcr ein noch spektakul\u00e4reres Ergebnis kombinieren Sie sie mit einem goldenen Satinband oder selbst gestalteten Etiketten. <\/p>\n<p data-start=\"1241\" data-end=\"1603\">Wenn Sie sich f\u00fcr diese <strong data-start=\"1259\" data-end=\"1295\">gold\/schwarzen Geschenkpapierrollen<\/strong> entscheiden, kombinieren Sie <strong data-start=\"1311\" data-end=\"1324\">Praktikabilit\u00e4t<\/strong>, <strong data-start=\"1326\" data-end=\"1340\">\u00c4sthetik<\/strong> und <strong data-start=\"1344\" data-end=\"1358\">Effizienz<\/strong>. Sie eignen sich ideal f\u00fcr <strong data-start=\"1428\" data-end=\"1441\">Boutiquen<\/strong>, <strong data-start=\"1447\" data-end=\"1470\">Einzelhandelsgesch\u00e4fte<\/strong> oder <strong data-start=\"1478\" data-end=\"1499\">kreative Ateliers<\/strong>, passen sich jeder festlichen Atmosph\u00e4re an und garantieren bei jeder Verwendung ein professionelles Aussehen. <\/p>\n<p><!--more--><\/p>\n<h4 style=\"text-align: left;\">Vorteile :<\/h4>\n<ul style=\"text-align: left;\">\n<li><strong data-start=\"1829\" data-end=\"1847\">Elegantes Design<\/strong>: Raffinierter Kontrast zwischen<strong data-start=\"1876\" data-end=\"1891\">leuchtendem Gold<\/strong> und <strong data-start=\"1898\" data-end=\"1914\">tiefem Schwarz.<\/strong><\/li>\n<li><strong data-start=\"1920\" data-end=\"1938\">Gro\u00dfe Fl\u00e4che<\/strong>: <strong data-start=\"1952\" data-end=\"1966\">0,70 x 2 m<\/strong> Rolle, praktisch f\u00fcr verschiedene Formate.<\/li>\n<li><strong data-start=\"2006\" data-end=\"2028\">Strapazierf\u00e4hige Qualit\u00e4t<\/strong>: dickes Papier, das sich leicht falten l\u00e4sst und rei\u00dffest ist.<\/li>\n<li><strong data-start=\"2083\" data-end=\"2101\">Sparset<\/strong>: Wird in <strong data-start=\"2114\" data-end=\"2128\">4 Rollen<\/strong> verkauft und ist ideal f\u00fcr Privatpersonen und Profis.<\/li>\n<\/ul>\n<\/div>\n<\/div>\n<\/div>\n<\/div>\n<\/div>\n<\/div>\n<\/div>\n<\/div>\n<\/div>\n<\/div>\n<\/div>\n<\/div>\n<p>&nbsp;<\/p>\n<\/div>\n<\/div>\n<\/div>\n<\/div>\n<\/div>\n<\/div>\n<\/div>\n<\/div>\n<\/div>\n<\/div>\n<\/div>\n<p><!--more--><\/p>\n<h4>Weitere Informationen :<\/h4>\n<ul style=\"box-sizing: inherit; font-family: Roboto, sans-serif;\">\n<li><strong>Verpackung<\/strong>: Packung mit 4 St\u00fcck<\/li>\n<li><span style=\"font-weight: bold;\">Ma\u00dfe <\/span>: 0,70 x 2 m<\/li>\n<li><strong>Farbe<\/strong>: Gold \/ Schwarz<\/li>\n<\/ul>\n<p>&nbsp;<\/p>\n<\/div>\n<\/div>\n<p><!--more--><\/p>\n<div style=\"font-family: Roboto, sans-serif;\">\n<div style=\"font-family: Roboto, sans-serif;\">\n<div style=\"box-sizing: inherit; font-family: Roboto, sans-serif;\">\n<div style=\"box-sizing: inherit; font-family: Roboto, sans-serif;\">\n<div style=\"box-sizing: inherit; font-family: Roboto, sans-serif;\">\n<div style=\"box-sizing: inherit; font-family: Roboto, sans-serif;\">\n<div style=\"box-sizing: inherit; font-family: Roboto, sans-serif;\">\n<div style=\"box-sizing: inherit; font-family: Roboto, sans-serif;\">\n<p>Diese Geschenkpapierrollen sind auch in einer anderen Farbe erh\u00e4ltlich: <span style=\"color: #d12727;\"><a style=\"color: #d12727;\" href=\"https:\/\/www.csj-emballages.com\/produit\/rouleau-papier-cadeaux-chic-0-70-x-2-m\/\">CHIC2M<\/a><\/span><\/p>\n<p><!--more--><\/p>\n<p><a href=\"\/?product_cat=papier-cadeaux-2\">Sehen Sie sich den Rest unseres Sortiments an Geschenkpapier an<\/a><\/p>\n<\/div>\n<\/div>\n<\/div>\n<\/div>\n<\/div>\n<\/div>\n<\/div>\n<\/div>\n","protected":false},"excerpt":{"rendered":"<p>Rolle Geschenkpapier Beschreibung unserer Geschenkpapierrolle 0.70 x 2 m pro 4 St\u00fcck<\/p>\n","protected":false},"featured_media":243910,"template":"","meta":{"_acf_changed":false},"product_brand":[],"product_cat":[1137,1487,2894],"product_tag":[],"class_list":{"0":"post-22084","1":"product","2":"type-product","3":"status-publish","4":"has-post-thumbnail","6":"product_cat-lebensmittelverpackungen","7":"product_cat-boutique-und-geschaft","8":"product_cat-geschenkpapier","10":"first","11":"outofstock","12":"taxable","13":"shipping-taxable","14":"purchasable","15":"product-type-simple"},"acf":[],"yoast_head":"<!-- This site is optimized with the Yoast SEO Premium plugin v26.6 (Yoast SEO v26.6) - https:\/\/yoast.com\/wordpress\/plugins\/seo\/ -->\n<title>Geschenkpapierrolle 0.70 x 2 m pro 4<\/title>\n<meta name=\"description\" content=\"Machen Sie Ihre Geschenke einzigartig mit diesen 0,70 x 2 m (4er-Pack) gold\/schwarzen Geschenkpapierrollen: schick, strapazierf\u00e4hig und perfekt f\u00fcr jeden Anlass.\" \/>\n<meta name=\"robots\" content=\"index, follow, max-snippet:-1, max-image-preview:large, max-video-preview:-1\" \/>\n<link rel=\"canonical\" href=\"https:\/\/www.csj-emballages.com\/de\/produit\/4-rollen-geschenkpapier-070-x-2-m\/\" \/>\n<meta property=\"og:locale\" content=\"de_DE\" \/>\n<meta property=\"og:type\" content=\"article\" \/>\n<meta property=\"og:title\" content=\"Rolle Geschenkpapier 0.70 x 2 m pro 4\" \/>\n<meta property=\"og:description\" content=\"Machen Sie Ihre Geschenke einzigartig mit diesen 0,70 x 2 m (4er-Pack) gold\/schwarzen Geschenkpapierrollen: schick, strapazierf\u00e4hig und perfekt f\u00fcr jeden Anlass.\" \/>\n<meta property=\"og:url\" content=\"https:\/\/www.csj-emballages.com\/de\/produit\/4-rollen-geschenkpapier-070-x-2-m\/\" \/>\n<meta property=\"og:site_name\" content=\"CSJ Emballages\" \/>\n<meta property=\"article:publisher\" content=\"https:\/\/www.facebook.com\/csjemballages\" \/>\n<meta property=\"article:modified_time\" content=\"2026-03-12T15:30:00+00:00\" \/>\n<meta property=\"og:image\" content=\"https:\/\/www.csj-emballages.com\/wp-content\/uploads\/2024\/03\/NB2M.webp\" \/>\n\t<meta property=\"og:image:width\" content=\"800\" \/>\n\t<meta property=\"og:image:height\" content=\"800\" \/>\n\t<meta property=\"og:image:type\" content=\"image\/webp\" \/>\n<meta name=\"twitter:card\" content=\"summary_large_image\" \/>\n<meta name=\"twitter:label1\" content=\"Gesch\u00e4tzte Lesezeit\" \/>\n\t<meta name=\"twitter:data1\" content=\"2 Minuten\" \/>\n<script type=\"application\/ld+json\" class=\"yoast-schema-graph\">{\"@context\":\"https:\/\/schema.org\",\"@graph\":[{\"@type\":\"WebPage\",\"@id\":\"https:\/\/www.csj-emballages.com\/de\/produit\/4-rollen-geschenkpapier-070-x-2-m\/\",\"url\":\"https:\/\/www.csj-emballages.com\/de\/produit\/4-rollen-geschenkpapier-070-x-2-m\/\",\"name\":\"Geschenkpapierrolle 0.70 x 2 m pro 4\",\"isPartOf\":{\"@id\":\"https:\/\/www.csj-emballages.com\/de\/#website\"},\"primaryImageOfPage\":{\"@id\":\"https:\/\/www.csj-emballages.com\/de\/produit\/4-rollen-geschenkpapier-070-x-2-m\/#primaryimage\"},\"image\":{\"@id\":\"https:\/\/www.csj-emballages.com\/de\/produit\/4-rollen-geschenkpapier-070-x-2-m\/#primaryimage\"},\"thumbnailUrl\":\"https:\/\/www.csj-emballages.com\/wp-content\/uploads\/2024\/03\/NB2M.webp\",\"datePublished\":\"2024-03-01T15:51:41+00:00\",\"dateModified\":\"2026-03-12T15:30:00+00:00\",\"description\":\"Machen Sie Ihre Geschenke einzigartig mit diesen 0,70 x 2 m (4er-Pack) gold\/schwarzen Geschenkpapierrollen: schick, strapazierf\u00e4hig und perfekt f\u00fcr jeden Anlass.\",\"breadcrumb\":{\"@id\":\"https:\/\/www.csj-emballages.com\/de\/produit\/4-rollen-geschenkpapier-070-x-2-m\/#breadcrumb\"},\"inLanguage\":\"de\",\"potentialAction\":[{\"@type\":\"ReadAction\",\"target\":[\"https:\/\/www.csj-emballages.com\/de\/produit\/4-rollen-geschenkpapier-070-x-2-m\/\"]}]},{\"@type\":\"ImageObject\",\"inLanguage\":\"de\",\"@id\":\"https:\/\/www.csj-emballages.com\/de\/produit\/4-rollen-geschenkpapier-070-x-2-m\/#primaryimage\",\"url\":\"https:\/\/www.csj-emballages.com\/wp-content\/uploads\/2024\/03\/NB2M.webp\",\"contentUrl\":\"https:\/\/www.csj-emballages.com\/wp-content\/uploads\/2024\/03\/NB2M.webp\",\"width\":800,\"height\":800,\"caption\":\"Rouleau papier cadeau\"},{\"@type\":\"BreadcrumbList\",\"@id\":\"https:\/\/www.csj-emballages.com\/de\/produit\/4-rollen-geschenkpapier-070-x-2-m\/#breadcrumb\",\"itemListElement\":[{\"@type\":\"ListItem\",\"position\":1,\"name\":\"Accueil\",\"item\":\"https:\/\/www.csj-emballages.com\/de\/universum-lebensmittelverpackungen\/\"},{\"@type\":\"ListItem\",\"position\":2,\"name\":\"Shop\",\"item\":\"https:\/\/www.csj-emballages.com\/shop\/\"},{\"@type\":\"ListItem\",\"position\":3,\"name\":\"Rolle Geschenkpapier 0.70 x 2 m pro 4\"}]},{\"@type\":\"WebSite\",\"@id\":\"https:\/\/www.csj-emballages.com\/de\/#website\",\"url\":\"https:\/\/www.csj-emballages.com\/de\/\",\"name\":\"CSJ Emballages\",\"description\":\"\",\"publisher\":{\"@id\":\"https:\/\/www.csj-emballages.com\/de\/#organization\"},\"potentialAction\":[{\"@type\":\"SearchAction\",\"target\":{\"@type\":\"EntryPoint\",\"urlTemplate\":\"https:\/\/www.csj-emballages.com\/de\/?s={search_term_string}\"},\"query-input\":{\"@type\":\"PropertyValueSpecification\",\"valueRequired\":true,\"valueName\":\"search_term_string\"}}],\"inLanguage\":\"de\"},{\"@type\":\"Organization\",\"@id\":\"https:\/\/www.csj-emballages.com\/de\/#Organization\/\",\"name\":\"CSJ Emballages\",\"url\":\"https:\/\/www.csj-emballages.com\/de\/\",\"logo\":{\"@type\":\"ImageObject\",\"inLanguage\":\"de\",\"@id\":\"https:\/\/www.csj-emballages.com\/de\/#\/schema\/logo\/image\/\",\"url\":\"https:\/\/www.csj-emballages.com\/wp-content\/uploads\/2023\/10\/logo_csj.webp\",\"contentUrl\":\"https:\/\/www.csj-emballages.com\/wp-content\/uploads\/2023\/10\/logo_csj.webp\",\"width\":250,\"height\":95,\"caption\":\"CSJ Emballages\"},\"image\":{\"@id\":\"https:\/\/www.csj-emballages.com\/de\/#\/schema\/logo\/image\/\"},\"sameAs\":[\"https:\/\/www.facebook.com\/csjemballages\"],\"address\":{\"@type\":\"PostalAddress\",\"streetAddress\":\"ZI La Lechere\",\"addressLocality\":\"Patornay\",\"postalCode\":\"39130\",\"addressCountry\":\"FR\"},\"contactPoint\":[{\"@type\":\"ContactPoint\",\"contactType\":\"Service client\",\"telephone\":\"0384254272\",\"email\":\"contact@csj-emballages.com\"}]}]}<\/script>\n<!-- \/ Yoast SEO Premium plugin. -->","yoast_head_json":{"title":"Geschenkpapierrolle 0.70 x 2 m pro 4","description":"Machen Sie Ihre Geschenke einzigartig mit diesen 0,70 x 2 m (4er-Pack) gold\/schwarzen Geschenkpapierrollen: schick, strapazierf\u00e4hig und perfekt f\u00fcr jeden Anlass.","robots":{"index":"index","follow":"follow","max-snippet":"max-snippet:-1","max-image-preview":"max-image-preview:large","max-video-preview":"max-video-preview:-1"},"canonical":"https:\/\/www.csj-emballages.com\/de\/produit\/4-rollen-geschenkpapier-070-x-2-m\/","og_locale":"de_DE","og_type":"article","og_title":"Rolle Geschenkpapier 0.70 x 2 m pro 4","og_description":"Machen Sie Ihre Geschenke einzigartig mit diesen 0,70 x 2 m (4er-Pack) gold\/schwarzen Geschenkpapierrollen: schick, strapazierf\u00e4hig und perfekt f\u00fcr jeden Anlass.","og_url":"https:\/\/www.csj-emballages.com\/de\/produit\/4-rollen-geschenkpapier-070-x-2-m\/","og_site_name":"CSJ Emballages","article_publisher":"https:\/\/www.facebook.com\/csjemballages","article_modified_time":"2026-03-12T15:30:00+00:00","og_image":[{"width":800,"height":800,"url":"https:\/\/www.csj-emballages.com\/wp-content\/uploads\/2024\/03\/NB2M.webp","type":"image\/webp"}],"twitter_card":"summary_large_image","twitter_misc":{"Gesch\u00e4tzte Lesezeit":"2 Minuten"},"schema":{"@context":"https:\/\/schema.org","@graph":[{"@type":"WebPage","@id":"https:\/\/www.csj-emballages.com\/de\/produit\/4-rollen-geschenkpapier-070-x-2-m\/","url":"https:\/\/www.csj-emballages.com\/de\/produit\/4-rollen-geschenkpapier-070-x-2-m\/","name":"Geschenkpapierrolle 0.70 x 2 m pro 4","isPartOf":{"@id":"https:\/\/www.csj-emballages.com\/de\/#website"},"primaryImageOfPage":{"@id":"https:\/\/www.csj-emballages.com\/de\/produit\/4-rollen-geschenkpapier-070-x-2-m\/#primaryimage"},"image":{"@id":"https:\/\/www.csj-emballages.com\/de\/produit\/4-rollen-geschenkpapier-070-x-2-m\/#primaryimage"},"thumbnailUrl":"https:\/\/www.csj-emballages.com\/wp-content\/uploads\/2024\/03\/NB2M.webp","datePublished":"2024-03-01T15:51:41+00:00","dateModified":"2026-03-12T15:30:00+00:00","description":"Machen Sie Ihre Geschenke einzigartig mit diesen 0,70 x 2 m (4er-Pack) gold\/schwarzen Geschenkpapierrollen: schick, strapazierf\u00e4hig und perfekt f\u00fcr jeden Anlass.","breadcrumb":{"@id":"https:\/\/www.csj-emballages.com\/de\/produit\/4-rollen-geschenkpapier-070-x-2-m\/#breadcrumb"},"inLanguage":"de","potentialAction":[{"@type":"ReadAction","target":["https:\/\/www.csj-emballages.com\/de\/produit\/4-rollen-geschenkpapier-070-x-2-m\/"]}]},{"@type":"ImageObject","inLanguage":"de","@id":"https:\/\/www.csj-emballages.com\/de\/produit\/4-rollen-geschenkpapier-070-x-2-m\/#primaryimage","url":"https:\/\/www.csj-emballages.com\/wp-content\/uploads\/2024\/03\/NB2M.webp","contentUrl":"https:\/\/www.csj-emballages.com\/wp-content\/uploads\/2024\/03\/NB2M.webp","width":800,"height":800,"caption":"Rouleau papier cadeau"},{"@type":"BreadcrumbList","@id":"https:\/\/www.csj-emballages.com\/de\/produit\/4-rollen-geschenkpapier-070-x-2-m\/#breadcrumb","itemListElement":[{"@type":"ListItem","position":1,"name":"Accueil","item":"https:\/\/www.csj-emballages.com\/de\/universum-lebensmittelverpackungen\/"},{"@type":"ListItem","position":2,"name":"Shop","item":"https:\/\/www.csj-emballages.com\/shop\/"},{"@type":"ListItem","position":3,"name":"Rolle Geschenkpapier 0.70 x 2 m pro 4"}]},{"@type":"WebSite","@id":"https:\/\/www.csj-emballages.com\/de\/#website","url":"https:\/\/www.csj-emballages.com\/de\/","name":"CSJ Emballages","description":"","publisher":{"@id":"https:\/\/www.csj-emballages.com\/de\/#organization"},"potentialAction":[{"@type":"SearchAction","target":{"@type":"EntryPoint","urlTemplate":"https:\/\/www.csj-emballages.com\/de\/?s={search_term_string}"},"query-input":{"@type":"PropertyValueSpecification","valueRequired":true,"valueName":"search_term_string"}}],"inLanguage":"de"},{"@type":"Organization","@id":"https:\/\/www.csj-emballages.com\/de\/#Organization\/","name":"CSJ Emballages","url":"https:\/\/www.csj-emballages.com\/de\/","logo":{"@type":"ImageObject","inLanguage":"de","@id":"https:\/\/www.csj-emballages.com\/de\/#\/schema\/logo\/image\/","url":"https:\/\/www.csj-emballages.com\/wp-content\/uploads\/2023\/10\/logo_csj.webp","contentUrl":"https:\/\/www.csj-emballages.com\/wp-content\/uploads\/2023\/10\/logo_csj.webp","width":250,"height":95,"caption":"CSJ Emballages"},"image":{"@id":"https:\/\/www.csj-emballages.com\/de\/#\/schema\/logo\/image\/"},"sameAs":["https:\/\/www.facebook.com\/csjemballages"],"address":{"@type":"PostalAddress","streetAddress":"ZI La Lechere","addressLocality":"Patornay","postalCode":"39130","addressCountry":"FR"},"contactPoint":[{"@type":"ContactPoint","contactType":"Service client","telephone":"0384254272","email":"contact@csj-emballages.com"}]}]}},"df_price":4.4,"df_sale_price":"","df_regular_price":4.4,"df_image_link":"https:\/\/www.csj-emballages.com\/wp-content\/uploads\/2024\/03\/NB2M-300x300.webp","tiered_pricing_type":"fixed","tiered_pricing_fixed_rules":[],"tiered_pricing_percentage_rules":[],"tiered_pricing_minimum":1,"tiered_pricing_roles_data":[],"_links":{"self":[{"href":"https:\/\/www.csj-emballages.com\/de\/wp-json\/wp\/v2\/product\/22084","targetHints":{"allow":["GET"]}}],"collection":[{"href":"https:\/\/www.csj-emballages.com\/de\/wp-json\/wp\/v2\/product"}],"about":[{"href":"https:\/\/www.csj-emballages.com\/de\/wp-json\/wp\/v2\/types\/product"}],"wp:featuredmedia":[{"embeddable":true,"href":"https:\/\/www.csj-emballages.com\/de\/wp-json\/wp\/v2\/media\/243910"}],"wp:attachment":[{"href":"https:\/\/www.csj-emballages.com\/de\/wp-json\/wp\/v2\/media?parent=22084"}],"wp:term":[{"taxonomy":"product_brand","embeddable":true,"href":"https:\/\/www.csj-emballages.com\/de\/wp-json\/wp\/v2\/product_brand?post=22084"},{"taxonomy":"product_cat","embeddable":true,"href":"https:\/\/www.csj-emballages.com\/de\/wp-json\/wp\/v2\/product_cat?post=22084"},{"taxonomy":"product_tag","embeddable":true,"href":"https:\/\/www.csj-emballages.com\/de\/wp-json\/wp\/v2\/product_tag?post=22084"}],"curies":[{"name":"wp","href":"https:\/\/api.w.org\/{rel}","templated":true}]}}