{"id":22077,"date":"2024-03-01T16:51:42","date_gmt":"2024-03-01T15:51:42","guid":{"rendered":"https:\/\/u15jnbdpoq.preview.infomaniak.website\/produit\/kokosnussbesen-29-cm\/"},"modified":"2026-04-14T02:18:09","modified_gmt":"2026-04-14T00:18:09","slug":"kokosnussbesen-29-cm","status":"publish","type":"product","link":"https:\/\/www.csj-emballages.com\/de\/produit\/kokosnussbesen-29-cm\/","title":{"rendered":"Kokosnussbesen 29 cm"},"content":{"rendered":"<h2>Kokosbesenaufsatz<\/h2>\n<hr>\n<h3>Entdecken Sie unseren Kokosbesenaufsatz 29 cm<\/h3>\n<p><!--more--><\/p>\n<p data-start=\"213\" data-end=\"613\">Der <strong>Kokosbesenaufsatz<\/strong> <strong data-start=\"235\" data-end=\"244\">29 cm<\/strong> ist ein einfaches, aber unverzichtbares Werkzeug, das man instinktiv zur Hand nimmt, wenn es um effektive Reinigung geht. Mit seinen <strong>nat\u00fcrlichen Kokosfasern<\/strong> sorgt er f\u00fcr ein gleichm\u00e4\u00dfiges und pr\u00e4zises Kehren, selbst auf etwas rauen B\u00f6den. Er nimmt <strong>Staub, Schmutz und kleine Ablagerungen<\/strong> leicht auf, ohne sie zu verteilen, was die Reinigung schneller und angenehmer macht.  <\/p>\n<p data-start=\"615\" data-end=\"982\">Dank seiner <strong>Breite von 29 cm<\/strong> bietet dieser Aufsatz eine gute Balance zwischen Handlichkeit und Effizienz. Er gelangt leicht in enge Bereiche und deckt gleichzeitig eine ausreichende Fl\u00e4che ab, um unn\u00f6tige Wiederholungen zu vermeiden. Ob in einem Lager, einer Werkstatt, auf einer Terrasse, in einer Garage oder in Au\u00dfenbereichen \u2013 er passt sich problemlos dem t\u00e4glichen Gebrauch an.  <\/p>\n<p data-start=\"984\" data-end=\"1360\">Seine robuste Struktur erm\u00f6glicht es ihm, auch in anspruchsvollen Umgebungen regelm\u00e4\u00dfigem Gebrauch standzuhalten. Die <strong>Kokosfasern<\/strong> behalten ihre Form \u00fcber die Zeit und bewahren eine gute Steifigkeit, ideal, um Schmutz zu l\u00f6sen, ohne den Boden zu besch\u00e4digen. Zudem erm\u00f6glicht sein Standardgewinde eine einfache Kombination mit einem kompatiblen Stiel f\u00fcr eine komfortable Handhabung.  <\/p>\n<p data-start=\"1362\" data-end=\"1694\">Mit der Wahl dieses <strong>Kokosbesenaufsatzes<\/strong> entscheiden Sie sich f\u00fcr ein einfaches, langlebiges und effektives Werkzeug ohne unn\u00f6tigen Schnickschnack. Er tut genau das, was man von ihm erwartet: sauber kehren, ohne unn\u00f6tigen Aufwand. Eine sichere Wahl f\u00fcr Profis und Privatpersonen, die zuverl\u00e4ssiges, einfach zu bedienendes und langlebiges Material w\u00fcnschen.  <\/p>\n<p data-start=\"1362\" data-end=\"1694\">\n<p data-start=\"1570\" data-end=\"1680\"><!--more--><\/p>\n<h4 data-start=\"1570\" data-end=\"1680\">Vorteile :<\/h4>\n<ul>\n<li data-start=\"123\" data-end=\"177\"><strong>Nat\u00fcrliche Kokosfasern<\/strong> f\u00fcr effektives Kehren.<\/li>\n<li data-start=\"180\" data-end=\"223\">Gute Aufnahme von Staub und Schmutz.<\/li>\n<li data-start=\"226\" data-end=\"277\"><strong>Breite von 29 cm<\/strong> ideal f\u00fcr pr\u00e4zise Reinigung.<\/li>\n<li data-start=\"280\" data-end=\"323\">Robust und widerstandsf\u00e4hig im t\u00e4glichen Gebrauch.<\/li>\n<li data-start=\"326\" data-end=\"371\">Geeignet f\u00fcr Innen- und Au\u00dfenb\u00f6den.<\/li>\n<li data-start=\"374\" data-end=\"426\">Kompatibel mit Stielen mit Standardgewinde.<\/li>\n<\/ul>\n<p>&nbsp;<\/p>\n<p><!--more--><\/p>\n<h4>Weitere Informationen :<\/h4>\n<ul>\n<li><strong>Verpackung<\/strong>: Einzeln<\/li>\n<li><strong>L\u00e4nge<\/strong>: 29 cm<\/li>\n<li><strong>Material<\/strong>: Holz \/ Kokosfaser<\/li>\n<\/ul>\n<p>&nbsp;<\/p>\n<p><!--more--><\/p>\n<p>Hier finden Sie unsere Kokos-Handfeger aus Holz: <span style=\"color: #d12727;\"><a style=\"color: #d12727;\" href=\"https:\/\/www.csj-emballages.com\/de\/produit\/kokosnuss-besen-aus-holz\/\">46142<\/a><\/span><\/p>\n<p>&nbsp;<\/p>\n<p><!--more--><\/p>\n<p><a href=\"\/?product_cat=balai-brosse-plumeau\">Sehen Sie sich den Rest unseres Sortiments an Besen \/ B\u00fcrsten \/ Staubwedeln an<\/a><\/p>\n","protected":false},"excerpt":{"rendered":"<p>Kokosbesenaufsatz Entdecken Sie unseren Kokosbesenaufsatz 29 cm<\/p>\n","protected":false},"featured_media":7675,"template":"","meta":{"_acf_changed":false},"product_brand":[],"product_cat":[1218,1449,1845,1846],"product_tag":[],"class_list":{"0":"post-22077","1":"product","2":"type-product","3":"status-publish","4":"has-post-thumbnail","6":"product_cat-hygiene-und-pflege","7":"product_cat-bursten-und-besen","8":"product_cat-besen-burste-staubwedel","9":"product_cat-besen-kehrblech-staubwedel","11":"first","12":"instock","13":"taxable","14":"shipping-taxable","15":"purchasable","16":"product-type-simple"},"acf":[],"yoast_head":"<!-- This site is optimized with the Yoast SEO Premium plugin v26.6 (Yoast SEO v26.6) - https:\/\/yoast.com\/wordpress\/plugins\/seo\/ -->\n<title>Kokosbesenaufsatz 29 cm<\/title>\n<meta name=\"description\" content=\"Kokosbesenaufsatz 29 cm aus Naturfasern. Effizient und widerstandsf\u00e4hig, ideal f\u00fcr die t\u00e4gliche Reinigung von Innen- und Au\u00dfenb\u00f6den.\" \/>\n<meta name=\"robots\" content=\"index, follow, max-snippet:-1, max-image-preview:large, max-video-preview:-1\" \/>\n<link rel=\"canonical\" href=\"https:\/\/www.csj-emballages.com\/de\/produit\/kokosnussbesen-29-cm\/\" \/>\n<meta property=\"og:locale\" content=\"de_DE\" \/>\n<meta property=\"og:type\" content=\"article\" \/>\n<meta property=\"og:title\" content=\"Kokosnussbesen 29 cm\" \/>\n<meta property=\"og:description\" content=\"Kokosbesenaufsatz 29 cm aus Naturfasern. Effizient und widerstandsf\u00e4hig, ideal f\u00fcr die t\u00e4gliche Reinigung von Innen- und Au\u00dfenb\u00f6den.\" \/>\n<meta property=\"og:url\" content=\"https:\/\/www.csj-emballages.com\/de\/produit\/kokosnussbesen-29-cm\/\" \/>\n<meta property=\"og:site_name\" content=\"CSJ Emballages\" \/>\n<meta property=\"article:publisher\" content=\"https:\/\/www.facebook.com\/csjemballages\" \/>\n<meta property=\"article:modified_time\" content=\"2026-04-14T00:18:09+00:00\" \/>\n<meta property=\"og:image\" content=\"https:\/\/www.csj-emballages.com\/wp-content\/uploads\/2024\/03\/balai-coco-zoom-jpg.webp\" \/>\n\t<meta property=\"og:image:width\" content=\"700\" \/>\n\t<meta property=\"og:image:height\" content=\"700\" \/>\n\t<meta property=\"og:image:type\" content=\"image\/jpeg\" \/>\n<meta name=\"twitter:card\" content=\"summary_large_image\" \/>\n<meta name=\"twitter:label1\" content=\"Gesch\u00e4tzte Lesezeit\" \/>\n\t<meta name=\"twitter:data1\" content=\"2 Minuten\" \/>\n<script type=\"application\/ld+json\" class=\"yoast-schema-graph\">{\"@context\":\"https:\/\/schema.org\",\"@graph\":[{\"@type\":\"WebPage\",\"@id\":\"https:\/\/www.csj-emballages.com\/de\/produit\/kokosnussbesen-29-cm\/\",\"url\":\"https:\/\/www.csj-emballages.com\/de\/produit\/kokosnussbesen-29-cm\/\",\"name\":\"Kokosbesenaufsatz 29 cm\",\"isPartOf\":{\"@id\":\"https:\/\/www.csj-emballages.com\/de\/#website\"},\"primaryImageOfPage\":{\"@id\":\"https:\/\/www.csj-emballages.com\/de\/produit\/kokosnussbesen-29-cm\/#primaryimage\"},\"image\":{\"@id\":\"https:\/\/www.csj-emballages.com\/de\/produit\/kokosnussbesen-29-cm\/#primaryimage\"},\"thumbnailUrl\":\"https:\/\/www.csj-emballages.com\/wp-content\/uploads\/2024\/03\/balai-coco-zoom-jpg.webp\",\"datePublished\":\"2024-03-01T15:51:42+00:00\",\"dateModified\":\"2026-04-14T00:18:09+00:00\",\"description\":\"Kokosbesenaufsatz 29 cm aus Naturfasern. Effizient und widerstandsf\u00e4hig, ideal f\u00fcr die t\u00e4gliche Reinigung von Innen- und Au\u00dfenb\u00f6den.\",\"breadcrumb\":{\"@id\":\"https:\/\/www.csj-emballages.com\/de\/produit\/kokosnussbesen-29-cm\/#breadcrumb\"},\"inLanguage\":\"de\",\"potentialAction\":[{\"@type\":\"ReadAction\",\"target\":[\"https:\/\/www.csj-emballages.com\/de\/produit\/kokosnussbesen-29-cm\/\"]}]},{\"@type\":\"ImageObject\",\"inLanguage\":\"de\",\"@id\":\"https:\/\/www.csj-emballages.com\/de\/produit\/kokosnussbesen-29-cm\/#primaryimage\",\"url\":\"https:\/\/www.csj-emballages.com\/wp-content\/uploads\/2024\/03\/balai-coco-zoom-jpg.webp\",\"contentUrl\":\"https:\/\/www.csj-emballages.com\/wp-content\/uploads\/2024\/03\/balai-coco-zoom-jpg.webp\",\"width\":700,\"height\":700},{\"@type\":\"BreadcrumbList\",\"@id\":\"https:\/\/www.csj-emballages.com\/de\/produit\/kokosnussbesen-29-cm\/#breadcrumb\",\"itemListElement\":[{\"@type\":\"ListItem\",\"position\":1,\"name\":\"Accueil\",\"item\":\"https:\/\/www.csj-emballages.com\/de\/universum-lebensmittelverpackungen\/\"},{\"@type\":\"ListItem\",\"position\":2,\"name\":\"Shop\",\"item\":\"https:\/\/www.csj-emballages.com\/shop\/\"},{\"@type\":\"ListItem\",\"position\":3,\"name\":\"Kokosnussbesen 29 cm\"}]},{\"@type\":\"WebSite\",\"@id\":\"https:\/\/www.csj-emballages.com\/de\/#website\",\"url\":\"https:\/\/www.csj-emballages.com\/de\/\",\"name\":\"CSJ Emballages\",\"description\":\"\",\"publisher\":{\"@id\":\"https:\/\/www.csj-emballages.com\/de\/#organization\"},\"potentialAction\":[{\"@type\":\"SearchAction\",\"target\":{\"@type\":\"EntryPoint\",\"urlTemplate\":\"https:\/\/www.csj-emballages.com\/de\/?s={search_term_string}\"},\"query-input\":{\"@type\":\"PropertyValueSpecification\",\"valueRequired\":true,\"valueName\":\"search_term_string\"}}],\"inLanguage\":\"de\"},{\"@type\":\"Organization\",\"@id\":\"https:\/\/www.csj-emballages.com\/de\/#Organization\/\",\"name\":\"CSJ Emballages\",\"url\":\"https:\/\/www.csj-emballages.com\/de\/\",\"logo\":{\"@type\":\"ImageObject\",\"inLanguage\":\"de\",\"@id\":\"https:\/\/www.csj-emballages.com\/de\/#\/schema\/logo\/image\/\",\"url\":\"https:\/\/www.csj-emballages.com\/wp-content\/uploads\/2023\/10\/logo_csj.webp\",\"contentUrl\":\"https:\/\/www.csj-emballages.com\/wp-content\/uploads\/2023\/10\/logo_csj.webp\",\"width\":250,\"height\":95,\"caption\":\"CSJ Emballages\"},\"image\":{\"@id\":\"https:\/\/www.csj-emballages.com\/de\/#\/schema\/logo\/image\/\"},\"sameAs\":[\"https:\/\/www.facebook.com\/csjemballages\"],\"address\":{\"@type\":\"PostalAddress\",\"streetAddress\":\"ZI La Lechere\",\"addressLocality\":\"Patornay\",\"postalCode\":\"39130\",\"addressCountry\":\"FR\"},\"contactPoint\":[{\"@type\":\"ContactPoint\",\"contactType\":\"Service client\",\"telephone\":\"0384254272\",\"email\":\"contact@csj-emballages.com\"}]}]}<\/script>\n<!-- \/ Yoast SEO Premium plugin. -->","yoast_head_json":{"title":"Kokosbesenaufsatz 29 cm","description":"Kokosbesenaufsatz 29 cm aus Naturfasern. Effizient und widerstandsf\u00e4hig, ideal f\u00fcr die t\u00e4gliche Reinigung von Innen- und Au\u00dfenb\u00f6den.","robots":{"index":"index","follow":"follow","max-snippet":"max-snippet:-1","max-image-preview":"max-image-preview:large","max-video-preview":"max-video-preview:-1"},"canonical":"https:\/\/www.csj-emballages.com\/de\/produit\/kokosnussbesen-29-cm\/","og_locale":"de_DE","og_type":"article","og_title":"Kokosnussbesen 29 cm","og_description":"Kokosbesenaufsatz 29 cm aus Naturfasern. Effizient und widerstandsf\u00e4hig, ideal f\u00fcr die t\u00e4gliche Reinigung von Innen- und Au\u00dfenb\u00f6den.","og_url":"https:\/\/www.csj-emballages.com\/de\/produit\/kokosnussbesen-29-cm\/","og_site_name":"CSJ Emballages","article_publisher":"https:\/\/www.facebook.com\/csjemballages","article_modified_time":"2026-04-14T00:18:09+00:00","og_image":[{"width":700,"height":700,"url":"https:\/\/www.csj-emballages.com\/wp-content\/uploads\/2024\/03\/balai-coco-zoom-jpg.webp","type":"image\/jpeg"}],"twitter_card":"summary_large_image","twitter_misc":{"Gesch\u00e4tzte Lesezeit":"2 Minuten"},"schema":{"@context":"https:\/\/schema.org","@graph":[{"@type":"WebPage","@id":"https:\/\/www.csj-emballages.com\/de\/produit\/kokosnussbesen-29-cm\/","url":"https:\/\/www.csj-emballages.com\/de\/produit\/kokosnussbesen-29-cm\/","name":"Kokosbesenaufsatz 29 cm","isPartOf":{"@id":"https:\/\/www.csj-emballages.com\/de\/#website"},"primaryImageOfPage":{"@id":"https:\/\/www.csj-emballages.com\/de\/produit\/kokosnussbesen-29-cm\/#primaryimage"},"image":{"@id":"https:\/\/www.csj-emballages.com\/de\/produit\/kokosnussbesen-29-cm\/#primaryimage"},"thumbnailUrl":"https:\/\/www.csj-emballages.com\/wp-content\/uploads\/2024\/03\/balai-coco-zoom-jpg.webp","datePublished":"2024-03-01T15:51:42+00:00","dateModified":"2026-04-14T00:18:09+00:00","description":"Kokosbesenaufsatz 29 cm aus Naturfasern. Effizient und widerstandsf\u00e4hig, ideal f\u00fcr die t\u00e4gliche Reinigung von Innen- und Au\u00dfenb\u00f6den.","breadcrumb":{"@id":"https:\/\/www.csj-emballages.com\/de\/produit\/kokosnussbesen-29-cm\/#breadcrumb"},"inLanguage":"de","potentialAction":[{"@type":"ReadAction","target":["https:\/\/www.csj-emballages.com\/de\/produit\/kokosnussbesen-29-cm\/"]}]},{"@type":"ImageObject","inLanguage":"de","@id":"https:\/\/www.csj-emballages.com\/de\/produit\/kokosnussbesen-29-cm\/#primaryimage","url":"https:\/\/www.csj-emballages.com\/wp-content\/uploads\/2024\/03\/balai-coco-zoom-jpg.webp","contentUrl":"https:\/\/www.csj-emballages.com\/wp-content\/uploads\/2024\/03\/balai-coco-zoom-jpg.webp","width":700,"height":700},{"@type":"BreadcrumbList","@id":"https:\/\/www.csj-emballages.com\/de\/produit\/kokosnussbesen-29-cm\/#breadcrumb","itemListElement":[{"@type":"ListItem","position":1,"name":"Accueil","item":"https:\/\/www.csj-emballages.com\/de\/universum-lebensmittelverpackungen\/"},{"@type":"ListItem","position":2,"name":"Shop","item":"https:\/\/www.csj-emballages.com\/shop\/"},{"@type":"ListItem","position":3,"name":"Kokosnussbesen 29 cm"}]},{"@type":"WebSite","@id":"https:\/\/www.csj-emballages.com\/de\/#website","url":"https:\/\/www.csj-emballages.com\/de\/","name":"CSJ Emballages","description":"","publisher":{"@id":"https:\/\/www.csj-emballages.com\/de\/#organization"},"potentialAction":[{"@type":"SearchAction","target":{"@type":"EntryPoint","urlTemplate":"https:\/\/www.csj-emballages.com\/de\/?s={search_term_string}"},"query-input":{"@type":"PropertyValueSpecification","valueRequired":true,"valueName":"search_term_string"}}],"inLanguage":"de"},{"@type":"Organization","@id":"https:\/\/www.csj-emballages.com\/de\/#Organization\/","name":"CSJ Emballages","url":"https:\/\/www.csj-emballages.com\/de\/","logo":{"@type":"ImageObject","inLanguage":"de","@id":"https:\/\/www.csj-emballages.com\/de\/#\/schema\/logo\/image\/","url":"https:\/\/www.csj-emballages.com\/wp-content\/uploads\/2023\/10\/logo_csj.webp","contentUrl":"https:\/\/www.csj-emballages.com\/wp-content\/uploads\/2023\/10\/logo_csj.webp","width":250,"height":95,"caption":"CSJ Emballages"},"image":{"@id":"https:\/\/www.csj-emballages.com\/de\/#\/schema\/logo\/image\/"},"sameAs":["https:\/\/www.facebook.com\/csjemballages"],"address":{"@type":"PostalAddress","streetAddress":"ZI La Lechere","addressLocality":"Patornay","postalCode":"39130","addressCountry":"FR"},"contactPoint":[{"@type":"ContactPoint","contactType":"Service client","telephone":"0384254272","email":"contact@csj-emballages.com"}]}]}},"df_price":2.77,"df_sale_price":"","df_regular_price":2.77,"df_image_link":"https:\/\/www.csj-emballages.com\/wp-content\/uploads\/2024\/03\/balai-coco-zoom-300x300.webp","tiered_pricing_type":"fixed","tiered_pricing_fixed_rules":[],"tiered_pricing_percentage_rules":[],"tiered_pricing_minimum":1,"tiered_pricing_roles_data":[],"_links":{"self":[{"href":"https:\/\/www.csj-emballages.com\/de\/wp-json\/wp\/v2\/product\/22077","targetHints":{"allow":["GET"]}}],"collection":[{"href":"https:\/\/www.csj-emballages.com\/de\/wp-json\/wp\/v2\/product"}],"about":[{"href":"https:\/\/www.csj-emballages.com\/de\/wp-json\/wp\/v2\/types\/product"}],"wp:featuredmedia":[{"embeddable":true,"href":"https:\/\/www.csj-emballages.com\/de\/wp-json\/wp\/v2\/media\/7675"}],"wp:attachment":[{"href":"https:\/\/www.csj-emballages.com\/de\/wp-json\/wp\/v2\/media?parent=22077"}],"wp:term":[{"taxonomy":"product_brand","embeddable":true,"href":"https:\/\/www.csj-emballages.com\/de\/wp-json\/wp\/v2\/product_brand?post=22077"},{"taxonomy":"product_cat","embeddable":true,"href":"https:\/\/www.csj-emballages.com\/de\/wp-json\/wp\/v2\/product_cat?post=22077"},{"taxonomy":"product_tag","embeddable":true,"href":"https:\/\/www.csj-emballages.com\/de\/wp-json\/wp\/v2\/product_tag?post=22077"}],"curies":[{"name":"wp","href":"https:\/\/api.w.org\/{rel}","templated":true}]}}