{"id":22065,"date":"2024-03-01T16:51:43","date_gmt":"2024-03-01T15:51:43","guid":{"rendered":"https:\/\/u15jnbdpoq.preview.infomaniak.website\/produit\/100-einweg-kuchenformen-aus-aluminium-600-ml\/"},"modified":"2026-04-10T02:14:14","modified_gmt":"2026-04-10T00:14:14","slug":"100-einweg-kuchenformen-aus-aluminium-600-ml","status":"publish","type":"product","link":"https:\/\/www.csj-emballages.com\/de\/produit\/100-einweg-kuchenformen-aus-aluminium-600-ml\/","title":{"rendered":"Aluminium Cakeform 600 ml pro 100"},"content":{"rendered":"<h2>Kuchenform<\/h2>\n<hr>\n<h3>Beschreibung von unserer Aluminium Cakeform 600 ml pro 100<\/h3>\n<p><!--more--><\/p>\n<p data-start=\"28\" data-end=\"413\">Die <strong data-start=\"31\" data-end=\"68\">Aluminium-Kuchenform 600 ml<\/strong> ist ein Muss f\u00fcr <strong data-start=\"99\" data-end=\"157\">B\u00e4ckereien, Caterer, Restaurants und Privatpersonen<\/strong>, die ihre Kuchen, Brote und andere s\u00fc\u00dfe oder herzhafte Zubereitungen ganz einfach zubereiten und backen m\u00f6chten. Dank seines Aluminiummaterials bietet er eine hervorragende W\u00e4rmeleitung und sorgt daf\u00fcr, dass Ihre Rezepte gleichm\u00e4\u00dfig und homogen gebacken werden. In der Tat wurde diese <strong>Aluminiumform<\/strong> so konzipiert, dass sie widerstandsf\u00e4hig und praktisch ist. Sie ist ideal f\u00fcr die Zubereitung von Speisen zum Mitnehmen, f\u00fcr Veranstaltungen oder f\u00fcr den professionellen Gebrauch in gro\u00dfen Mengen. Ebenso eignet sich ihr <strong>600-ml-Format<\/strong> perfekt f\u00fcr gro\u00dfe Portionen und erm\u00f6glicht eine sorgf\u00e4ltige Pr\u00e4sentation der Gerichte.   <\/p>\n<p data-start=\"722\" data-end=\"970\">Denn ihr robustes Design h\u00e4lt die Form der Zubereitungen gut fest, w\u00e4hrend sie gleichzeitig leicht und einfach zu handhaben ist. Zusammenfassend l\u00e4sst sich sagen, dass diese <strong>Kuchenform<\/strong> <strong data-start=\"838\" data-end=\"858\">recycelbar<\/strong> ist, was eine praktische und umweltfreundliche L\u00f6sung f\u00fcr das Backen und den Transport Ihrer kulinarischen Kreationen bietet. <\/p>\n<p><!--more--><\/p>\n<p><strong>Ihre Vorteile :<\/strong><\/p>\n<ul>\n<li data-start=\"990\" data-end=\"1077\"><strong data-start=\"992\" data-end=\"1012\">Gleichm\u00e4\u00dfiges Garen<\/strong>: Hervorragende W\u00e4rmeleitung f\u00fcr optimale Ergebnisse.<\/li>\n<li data-start=\"1078\" data-end=\"1155\"><strong data-start=\"1080\" data-end=\"1099\">Gro\u00dfz\u00fcgiges Format<\/strong>: 600 ml Fassungsverm\u00f6gen, ideal f\u00fcr Kuchen und Brote.<\/li>\n<li data-start=\"1156\" data-end=\"1240\"><strong data-start=\"1158\" data-end=\"1183\">Praktisch und widerstandsf\u00e4hig<\/strong>: Beh\u00e4lt die Form der Zubereitungen bei, ohne sich zu verformen.<\/li>\n<li data-start=\"1241\" data-end=\"1325\"><strong data-start=\"1243\" data-end=\"1268\">Einweg und recycelbar<\/strong>: Einfach zu verwenden und umweltfreundlich.<\/li>\n<li data-start=\"1326\" data-end=\"1401\"><strong data-start=\"1328\" data-end=\"1348\">Vielseitige Verwendung<\/strong>: Diese Kuchenform eignet sich sowohl f\u00fcr den professionellen als auch f\u00fcr den privaten Gebrauch.<\/li>\n<\/ul>\n<p>&nbsp;<\/p>\n<p><!--more--><\/p>\n<h4>Weitere Informationen :<\/h4>\n<ul>\n<li><strong>Verpackung<\/strong>: Packung mit 100 St\u00fcck<\/li>\n<li><strong>Innenma\u00dfe<\/strong>: 175 x 62 mm<\/li>\n<li><strong>Au\u00dfenma\u00dfe<\/strong>: 206 x 86 mm<\/li>\n<li><strong>H\u00f6he<\/strong>: 51 mm<\/li>\n<li><strong>Volumen<\/strong>: 600 ml<\/li>\n<li><strong>Material<\/strong>: Aluminium<\/li>\n<li><b>Gebrauchstemperatur <\/b>: -40\u00b0C \/ +350\u00b0C<\/li>\n<\/ul>\n<p>&nbsp;<\/p>\n<p><!--more--><\/p>\n<p>Dieses Produkt ist in verschiedenen Gr\u00f6\u00dfen erh\u00e4ltlich : <span style=\"color: #d12727;\"><a style=\"color: #d12727;\" href=\"https:\/\/www.csj-emballages.com\/es\/produit\/100-moldes-desechables-de-aluminio-para-tartas-595-ml\/\">595 ml<\/a> <span style=\"color: #000000;\">\/ <\/span><a style=\"color: #d12727;\" href=\"https:\/\/www.csj-emballages.com\/pt-pt\/produit\/100-formas-de-aluminio-descartaveis-para-bolos-de-1050-ml\/\">1050 ml<\/a> <span style=\"color: #000000;\">\/ <\/span><a style=\"color: #d12727;\" href=\"https:\/\/www.csj-emballages.com\/produit\/50-moules-a-cake-jetables-aluminium-1640-ml\/\">1640 ml<\/a> <\/span>\/ <span style=\"color: #d12727;\"><a style=\"color: #d12727;\" href=\"https:\/\/www.csj-emballages.com\/pt-pt\/produit\/50-formas-de-aluminio-descartaveis-para-bolos-de-2270-ml\/\">2270 ml<\/a><\/span><\/p>\n<p>&nbsp;<\/p>\n<p><!--more--><\/p>\n<p><a href=\"https:\/\/www.csj-emballages.com\/de\/categorie-produit\/lebensmittelverpackungen\/metzgerei-und-feinkostgeschaft\/schalen-dosen-und-glaser\/aluminiumschalen-schalen-formen-tabletts-becher-auflaufformen-tortenschalen\/kuchenformen\/\">Sehen Sie sich den Rest unseres Sortiments an Cakeforms an<\/a><\/p>\n","protected":false},"excerpt":{"rendered":"<p>Kuchenform Beschreibung von unserer Aluminium Cakeform 600 ml pro 100<\/p>\n","protected":false},"featured_media":228058,"template":"","meta":{"_acf_changed":false},"product_brand":[],"product_cat":[1137,1170,1997,2882],"product_tag":[],"class_list":{"0":"post-22065","1":"product","2":"type-product","3":"status-publish","4":"has-post-thumbnail","6":"product_cat-lebensmittelverpackungen","7":"product_cat-metzgerei-und-feinkostgeschaft","8":"product_cat-aluminiumschalen-schalen-formen-tabletts-becher-auflaufformen-tortenschalen","9":"product_cat-kuchenformen","11":"first","12":"instock","13":"taxable","14":"shipping-taxable","15":"purchasable","16":"product-type-simple"},"acf":[],"yoast_head":"<!-- This site is optimized with the Yoast SEO Premium plugin v26.6 (Yoast SEO v26.6) - https:\/\/yoast.com\/wordpress\/plugins\/seo\/ -->\n<title>Cakeform Aluminium 600 ml pro 100<\/title>\n<meta name=\"description\" content=\"Aluminium-Kuchenform 600 ml pro 100. Ideal f\u00fcr gleichm\u00e4\u00dfiges Kochen und sicheren Transport. Praktisch, recycelbar und strapazierf\u00e4hig.\" \/>\n<meta name=\"robots\" content=\"index, follow, max-snippet:-1, max-image-preview:large, max-video-preview:-1\" \/>\n<link rel=\"canonical\" href=\"https:\/\/www.csj-emballages.com\/de\/produit\/100-einweg-kuchenformen-aus-aluminium-600-ml\/\" \/>\n<meta property=\"og:locale\" content=\"de_DE\" \/>\n<meta property=\"og:type\" content=\"article\" \/>\n<meta property=\"og:title\" content=\"Aluminium Cakeform 600 ml pro 100\" \/>\n<meta property=\"og:description\" content=\"Aluminium-Kuchenform 600 ml pro 100. Ideal f\u00fcr gleichm\u00e4\u00dfiges Kochen und sicheren Transport. Praktisch, recycelbar und strapazierf\u00e4hig.\" \/>\n<meta property=\"og:url\" content=\"https:\/\/www.csj-emballages.com\/de\/produit\/100-einweg-kuchenformen-aus-aluminium-600-ml\/\" \/>\n<meta property=\"og:site_name\" content=\"CSJ Emballages\" \/>\n<meta property=\"article:publisher\" content=\"https:\/\/www.facebook.com\/csjemballages\" \/>\n<meta property=\"article:modified_time\" content=\"2026-04-10T00:14:14+00:00\" \/>\n<meta property=\"og:image\" content=\"https:\/\/www.csj-emballages.com\/wp-content\/uploads\/2024\/03\/MO-600-X-53.webp\" \/>\n\t<meta property=\"og:image:width\" content=\"800\" \/>\n\t<meta property=\"og:image:height\" content=\"800\" \/>\n\t<meta property=\"og:image:type\" content=\"image\/webp\" \/>\n<meta name=\"twitter:card\" content=\"summary_large_image\" \/>\n<meta name=\"twitter:label1\" content=\"Gesch\u00e4tzte Lesezeit\" \/>\n\t<meta name=\"twitter:data1\" content=\"1\u00a0Minute\" \/>\n<script type=\"application\/ld+json\" class=\"yoast-schema-graph\">{\"@context\":\"https:\/\/schema.org\",\"@graph\":[{\"@type\":\"WebPage\",\"@id\":\"https:\/\/www.csj-emballages.com\/de\/produit\/100-einweg-kuchenformen-aus-aluminium-600-ml\/\",\"url\":\"https:\/\/www.csj-emballages.com\/de\/produit\/100-einweg-kuchenformen-aus-aluminium-600-ml\/\",\"name\":\"Cakeform Aluminium 600 ml pro 100\",\"isPartOf\":{\"@id\":\"https:\/\/www.csj-emballages.com\/de\/#website\"},\"primaryImageOfPage\":{\"@id\":\"https:\/\/www.csj-emballages.com\/de\/produit\/100-einweg-kuchenformen-aus-aluminium-600-ml\/#primaryimage\"},\"image\":{\"@id\":\"https:\/\/www.csj-emballages.com\/de\/produit\/100-einweg-kuchenformen-aus-aluminium-600-ml\/#primaryimage\"},\"thumbnailUrl\":\"https:\/\/www.csj-emballages.com\/wp-content\/uploads\/2024\/03\/MO-600-X-53.webp\",\"datePublished\":\"2024-03-01T15:51:43+00:00\",\"dateModified\":\"2026-04-10T00:14:14+00:00\",\"description\":\"Aluminium-Kuchenform 600 ml pro 100. Ideal f\u00fcr gleichm\u00e4\u00dfiges Kochen und sicheren Transport. Praktisch, recycelbar und strapazierf\u00e4hig.\",\"breadcrumb\":{\"@id\":\"https:\/\/www.csj-emballages.com\/de\/produit\/100-einweg-kuchenformen-aus-aluminium-600-ml\/#breadcrumb\"},\"inLanguage\":\"de\",\"potentialAction\":[{\"@type\":\"ReadAction\",\"target\":[\"https:\/\/www.csj-emballages.com\/de\/produit\/100-einweg-kuchenformen-aus-aluminium-600-ml\/\"]}]},{\"@type\":\"ImageObject\",\"inLanguage\":\"de\",\"@id\":\"https:\/\/www.csj-emballages.com\/de\/produit\/100-einweg-kuchenformen-aus-aluminium-600-ml\/#primaryimage\",\"url\":\"https:\/\/www.csj-emballages.com\/wp-content\/uploads\/2024\/03\/MO-600-X-53.webp\",\"contentUrl\":\"https:\/\/www.csj-emballages.com\/wp-content\/uploads\/2024\/03\/MO-600-X-53.webp\",\"width\":800,\"height\":800,\"caption\":\"Moule \u00e0 cake\"},{\"@type\":\"BreadcrumbList\",\"@id\":\"https:\/\/www.csj-emballages.com\/de\/produit\/100-einweg-kuchenformen-aus-aluminium-600-ml\/#breadcrumb\",\"itemListElement\":[{\"@type\":\"ListItem\",\"position\":1,\"name\":\"Accueil\",\"item\":\"https:\/\/www.csj-emballages.com\/de\/universum-lebensmittelverpackungen\/\"},{\"@type\":\"ListItem\",\"position\":2,\"name\":\"Shop\",\"item\":\"https:\/\/www.csj-emballages.com\/shop\/\"},{\"@type\":\"ListItem\",\"position\":3,\"name\":\"Aluminium Cakeform 600 ml pro 100\"}]},{\"@type\":\"WebSite\",\"@id\":\"https:\/\/www.csj-emballages.com\/de\/#website\",\"url\":\"https:\/\/www.csj-emballages.com\/de\/\",\"name\":\"CSJ Emballages\",\"description\":\"\",\"publisher\":{\"@id\":\"https:\/\/www.csj-emballages.com\/de\/#organization\"},\"potentialAction\":[{\"@type\":\"SearchAction\",\"target\":{\"@type\":\"EntryPoint\",\"urlTemplate\":\"https:\/\/www.csj-emballages.com\/de\/?s={search_term_string}\"},\"query-input\":{\"@type\":\"PropertyValueSpecification\",\"valueRequired\":true,\"valueName\":\"search_term_string\"}}],\"inLanguage\":\"de\"},{\"@type\":\"Organization\",\"@id\":\"https:\/\/www.csj-emballages.com\/de\/#Organization\/\",\"name\":\"CSJ Emballages\",\"url\":\"https:\/\/www.csj-emballages.com\/de\/\",\"logo\":{\"@type\":\"ImageObject\",\"inLanguage\":\"de\",\"@id\":\"https:\/\/www.csj-emballages.com\/de\/#\/schema\/logo\/image\/\",\"url\":\"https:\/\/www.csj-emballages.com\/wp-content\/uploads\/2023\/10\/logo_csj.webp\",\"contentUrl\":\"https:\/\/www.csj-emballages.com\/wp-content\/uploads\/2023\/10\/logo_csj.webp\",\"width\":250,\"height\":95,\"caption\":\"CSJ Emballages\"},\"image\":{\"@id\":\"https:\/\/www.csj-emballages.com\/de\/#\/schema\/logo\/image\/\"},\"sameAs\":[\"https:\/\/www.facebook.com\/csjemballages\"],\"address\":{\"@type\":\"PostalAddress\",\"streetAddress\":\"ZI La Lechere\",\"addressLocality\":\"Patornay\",\"postalCode\":\"39130\",\"addressCountry\":\"FR\"},\"contactPoint\":[{\"@type\":\"ContactPoint\",\"contactType\":\"Service client\",\"telephone\":\"0384254272\",\"email\":\"contact@csj-emballages.com\"}]}]}<\/script>\n<!-- \/ Yoast SEO Premium plugin. -->","yoast_head_json":{"title":"Cakeform Aluminium 600 ml pro 100","description":"Aluminium-Kuchenform 600 ml pro 100. Ideal f\u00fcr gleichm\u00e4\u00dfiges Kochen und sicheren Transport. Praktisch, recycelbar und strapazierf\u00e4hig.","robots":{"index":"index","follow":"follow","max-snippet":"max-snippet:-1","max-image-preview":"max-image-preview:large","max-video-preview":"max-video-preview:-1"},"canonical":"https:\/\/www.csj-emballages.com\/de\/produit\/100-einweg-kuchenformen-aus-aluminium-600-ml\/","og_locale":"de_DE","og_type":"article","og_title":"Aluminium Cakeform 600 ml pro 100","og_description":"Aluminium-Kuchenform 600 ml pro 100. Ideal f\u00fcr gleichm\u00e4\u00dfiges Kochen und sicheren Transport. Praktisch, recycelbar und strapazierf\u00e4hig.","og_url":"https:\/\/www.csj-emballages.com\/de\/produit\/100-einweg-kuchenformen-aus-aluminium-600-ml\/","og_site_name":"CSJ Emballages","article_publisher":"https:\/\/www.facebook.com\/csjemballages","article_modified_time":"2026-04-10T00:14:14+00:00","og_image":[{"width":800,"height":800,"url":"https:\/\/www.csj-emballages.com\/wp-content\/uploads\/2024\/03\/MO-600-X-53.webp","type":"image\/webp"}],"twitter_card":"summary_large_image","twitter_misc":{"Gesch\u00e4tzte Lesezeit":"1\u00a0Minute"},"schema":{"@context":"https:\/\/schema.org","@graph":[{"@type":"WebPage","@id":"https:\/\/www.csj-emballages.com\/de\/produit\/100-einweg-kuchenformen-aus-aluminium-600-ml\/","url":"https:\/\/www.csj-emballages.com\/de\/produit\/100-einweg-kuchenformen-aus-aluminium-600-ml\/","name":"Cakeform Aluminium 600 ml pro 100","isPartOf":{"@id":"https:\/\/www.csj-emballages.com\/de\/#website"},"primaryImageOfPage":{"@id":"https:\/\/www.csj-emballages.com\/de\/produit\/100-einweg-kuchenformen-aus-aluminium-600-ml\/#primaryimage"},"image":{"@id":"https:\/\/www.csj-emballages.com\/de\/produit\/100-einweg-kuchenformen-aus-aluminium-600-ml\/#primaryimage"},"thumbnailUrl":"https:\/\/www.csj-emballages.com\/wp-content\/uploads\/2024\/03\/MO-600-X-53.webp","datePublished":"2024-03-01T15:51:43+00:00","dateModified":"2026-04-10T00:14:14+00:00","description":"Aluminium-Kuchenform 600 ml pro 100. Ideal f\u00fcr gleichm\u00e4\u00dfiges Kochen und sicheren Transport. Praktisch, recycelbar und strapazierf\u00e4hig.","breadcrumb":{"@id":"https:\/\/www.csj-emballages.com\/de\/produit\/100-einweg-kuchenformen-aus-aluminium-600-ml\/#breadcrumb"},"inLanguage":"de","potentialAction":[{"@type":"ReadAction","target":["https:\/\/www.csj-emballages.com\/de\/produit\/100-einweg-kuchenformen-aus-aluminium-600-ml\/"]}]},{"@type":"ImageObject","inLanguage":"de","@id":"https:\/\/www.csj-emballages.com\/de\/produit\/100-einweg-kuchenformen-aus-aluminium-600-ml\/#primaryimage","url":"https:\/\/www.csj-emballages.com\/wp-content\/uploads\/2024\/03\/MO-600-X-53.webp","contentUrl":"https:\/\/www.csj-emballages.com\/wp-content\/uploads\/2024\/03\/MO-600-X-53.webp","width":800,"height":800,"caption":"Moule \u00e0 cake"},{"@type":"BreadcrumbList","@id":"https:\/\/www.csj-emballages.com\/de\/produit\/100-einweg-kuchenformen-aus-aluminium-600-ml\/#breadcrumb","itemListElement":[{"@type":"ListItem","position":1,"name":"Accueil","item":"https:\/\/www.csj-emballages.com\/de\/universum-lebensmittelverpackungen\/"},{"@type":"ListItem","position":2,"name":"Shop","item":"https:\/\/www.csj-emballages.com\/shop\/"},{"@type":"ListItem","position":3,"name":"Aluminium Cakeform 600 ml pro 100"}]},{"@type":"WebSite","@id":"https:\/\/www.csj-emballages.com\/de\/#website","url":"https:\/\/www.csj-emballages.com\/de\/","name":"CSJ Emballages","description":"","publisher":{"@id":"https:\/\/www.csj-emballages.com\/de\/#organization"},"potentialAction":[{"@type":"SearchAction","target":{"@type":"EntryPoint","urlTemplate":"https:\/\/www.csj-emballages.com\/de\/?s={search_term_string}"},"query-input":{"@type":"PropertyValueSpecification","valueRequired":true,"valueName":"search_term_string"}}],"inLanguage":"de"},{"@type":"Organization","@id":"https:\/\/www.csj-emballages.com\/de\/#Organization\/","name":"CSJ Emballages","url":"https:\/\/www.csj-emballages.com\/de\/","logo":{"@type":"ImageObject","inLanguage":"de","@id":"https:\/\/www.csj-emballages.com\/de\/#\/schema\/logo\/image\/","url":"https:\/\/www.csj-emballages.com\/wp-content\/uploads\/2023\/10\/logo_csj.webp","contentUrl":"https:\/\/www.csj-emballages.com\/wp-content\/uploads\/2023\/10\/logo_csj.webp","width":250,"height":95,"caption":"CSJ Emballages"},"image":{"@id":"https:\/\/www.csj-emballages.com\/de\/#\/schema\/logo\/image\/"},"sameAs":["https:\/\/www.facebook.com\/csjemballages"],"address":{"@type":"PostalAddress","streetAddress":"ZI La Lechere","addressLocality":"Patornay","postalCode":"39130","addressCountry":"FR"},"contactPoint":[{"@type":"ContactPoint","contactType":"Service client","telephone":"0384254272","email":"contact@csj-emballages.com"}]}]}},"df_price":13.16,"df_sale_price":"","df_regular_price":13.16,"df_image_link":"https:\/\/www.csj-emballages.com\/wp-content\/uploads\/2024\/03\/MO-600-X-53-300x300.webp","tiered_pricing_type":"fixed","tiered_pricing_fixed_rules":[],"tiered_pricing_percentage_rules":[],"tiered_pricing_minimum":1,"tiered_pricing_roles_data":[],"_links":{"self":[{"href":"https:\/\/www.csj-emballages.com\/de\/wp-json\/wp\/v2\/product\/22065","targetHints":{"allow":["GET"]}}],"collection":[{"href":"https:\/\/www.csj-emballages.com\/de\/wp-json\/wp\/v2\/product"}],"about":[{"href":"https:\/\/www.csj-emballages.com\/de\/wp-json\/wp\/v2\/types\/product"}],"wp:featuredmedia":[{"embeddable":true,"href":"https:\/\/www.csj-emballages.com\/de\/wp-json\/wp\/v2\/media\/228058"}],"wp:attachment":[{"href":"https:\/\/www.csj-emballages.com\/de\/wp-json\/wp\/v2\/media?parent=22065"}],"wp:term":[{"taxonomy":"product_brand","embeddable":true,"href":"https:\/\/www.csj-emballages.com\/de\/wp-json\/wp\/v2\/product_brand?post=22065"},{"taxonomy":"product_cat","embeddable":true,"href":"https:\/\/www.csj-emballages.com\/de\/wp-json\/wp\/v2\/product_cat?post=22065"},{"taxonomy":"product_tag","embeddable":true,"href":"https:\/\/www.csj-emballages.com\/de\/wp-json\/wp\/v2\/product_tag?post=22065"}],"curies":[{"name":"wp","href":"https:\/\/api.w.org\/{rel}","templated":true}]}}