{"id":22060,"date":"2024-03-01T16:51:42","date_gmt":"2024-03-01T15:51:42","guid":{"rendered":"https:\/\/u15jnbdpoq.preview.infomaniak.website\/produit\/bogen-tissue-papier-druck-33x40cm-10-kg\/"},"modified":"2026-04-10T02:14:15","modified_gmt":"2026-04-10T00:14:15","slug":"bogen-tissue-papier-druck-33x40cm-10-kg","status":"publish","type":"product","link":"https:\/\/www.csj-emballages.com\/de\/produit\/bogen-tissue-papier-druck-33x40cm-10-kg\/","title":{"rendered":"Bogen Tissue-Papier Druck 33x40cm 10 kg"},"content":{"rendered":"<h2>Blatt Musselinpapier<\/h2>\n<hr>\n<h3>Beschreibung von unserem Blatt Musselinpapier Druck 33 x 40 cm 10 kg<\/h3>\n<p><!--more--><\/p>\n<p data-start=\"231\" data-end=\"453\">Suchen Sie nach einer <strong data-start=\"268\" data-end=\"279\">eleganten<\/strong>, <strong data-start=\"281\" data-end=\"295\">vielseitigen<\/strong> und <strong data-start=\"299\" data-end=\"311\">praktischen<\/strong> Verpackung f\u00fcr Ihre Lebensmittelzubereitungen? Unsere <strong data-start=\"353\" data-end=\"407\">bedruckten Tissue-B\u00f6gen 33 x 40 cm<\/strong> in der <strong>10-kg-Packung<\/strong> sind die ideale L\u00f6sung. <\/p>\n<p data-start=\"455\" data-end=\"912\">Denn <strong>Musselinpapier<\/strong> ist f\u00fcr seine <strong data-start=\"506\" data-end=\"518\">Leichtigkeit<\/strong> und <strong data-start=\"525\" data-end=\"536\">Feinheit<\/strong> bekannt, wodurch es Ihre Produkte sch\u00fctzen und gleichzeitig eine gepflegte Pr\u00e4sentation bieten kann. Dank seines Formats von <strong data-start=\"642\" data-end=\"656\">33 x 40 cm<\/strong> passt es sich leicht an verschiedene Arten von Lebensmitteln an: Sandwiches, Geb\u00e4ck, K\u00e4se, Wurstwaren oder auch Gerichte zum Mitnehmen. Au\u00dferdem verleiht der Aufdruck einen <strong data-start=\"832\" data-end=\"851\">professionellen<\/strong> und <strong data-start=\"855\" data-end=\"869\">attraktiven<\/strong> Touch, der Ihr Markenimage hervorhebt.  <\/p>\n<p data-start=\"914\" data-end=\"1305\">Aber das ist noch nicht alles. <strong>Musselinpapier<\/strong> zeichnet sich auch durch seine <strong data-start=\"989\" data-end=\"1004\">Vielseitigkeit<\/strong> aus. Es kann sowohl zum Einwickeln als auch zum Trennen von Speisen verwendet werden und verhindert so, dass die Lebensmittel aneinander kleben bleiben. Seine weiche und widerstandsf\u00e4hige Textur macht es zu einem unverzichtbaren Verb\u00fcndeten im Alltag von <strong data-start=\"1225\" data-end=\"1241\">B\u00e4ckereien<\/strong>, <strong data-start=\"1243\" data-end=\"1253\">Snacks<\/strong>, <strong data-start=\"1255\" data-end=\"1278\">Schnellrestaurants<\/strong> oder auch <strong data-start=\"1289\" data-end=\"1302\">Cateringunternehmen<\/strong>.   <\/p>\n<p data-start=\"1307\" data-end=\"1606\">Wenn Sie sich f\u00fcr diese <strong data-start=\"1344\" data-end=\"1353\">10-kg-Packung<\/strong> entscheiden, entscheiden Sie sich f\u00fcr einen gro\u00dfz\u00fcgigen Vorrat, der Ihnen Zeit spart und Ihre Nachbestellungen reduziert. Dies ist nicht nur eine kosteng\u00fcnstige, sondern auch eine praktische L\u00f6sung, da Sie das f\u00fcr Ihren Bedarf ben\u00f6tigte Papier immer griffbereit haben. <\/p>\n<p data-start=\"1608\" data-end=\"1835\">Zusammenfassend l\u00e4sst sich sagen, dass dieses <strong data-start=\"1622\" data-end=\"1651\">bedruckte Musselinpapier<\/strong> <strong data-start=\"1670\" data-end=\"1684\">\u00c4sthetik<\/strong>, <strong data-start=\"1686\" data-end=\"1699\">Zweckm\u00e4\u00dfigkeit<\/strong> und <strong data-start=\"1703\" data-end=\"1717\">Effizienz<\/strong> miteinander verbindet. Ein Muss f\u00fcr alle, die ihren Kunden Verpackungen anbieten m\u00f6chten, die genauso hochwertig sind wie ihre Produkte. <\/p>\n<p data-start=\"1608\" data-end=\"1835\">\n<p data-start=\"1506\" data-end=\"1740\"><!--more--><\/p>\n<h4 data-start=\"1506\" data-end=\"1740\">Vorteile :<\/h4>\n<ul>\n<li data-start=\"1506\" data-end=\"1740\">Format <strong data-start=\"2072\" data-end=\"2086\">33 x 40 cm<\/strong> geeignet f\u00fcr viele Zwecke im Lebensmittelbereich.<\/li>\n<li data-start=\"1506\" data-end=\"1740\"><strong data-start=\"2139\" data-end=\"2166\">Leichtes, d\u00fcnnes und festes<\/strong> Papier <strong data-start=\"2139\" data-end=\"2166\">.<\/strong><\/li>\n<li data-start=\"1506\" data-end=\"1740\">Bringt ein <strong data-start=\"2196\" data-end=\"2226\">professionelles und gepflegtes<\/strong> Auftreten mit sich <strong data-start=\"2196\" data-end=\"2226\">.<\/strong><\/li>\n<li data-start=\"1506\" data-end=\"1740\">Sparsame Verpackung in <strong data-start=\"2261\" data-end=\"2270\">10 kg.<\/strong><\/li>\n<li data-start=\"1506\" data-end=\"1740\">Ideal f\u00fcr B\u00e4ckereien, Imbisse, Catering und Schnellrestaurants.<\/li>\n<\/ul>\n<p>&nbsp;<\/p>\n<p><!--more--><\/p>\n<h4>Weitere Informationen :<\/h4>\n<ul>\n<li><strong>Verpackung<\/strong>: 10kg-Karton<\/li>\n<li><strong>Material<\/strong>: Papier<\/li>\n<li><strong>Ma\u00dfe<\/strong>: <span style=\"caret-color: #212529; background-color: #ffffff;\">33 x 40 cm<\/span><\/li>\n<li><strong>Farbe<\/strong>: Wei\u00df \/ Gelb<\/li>\n<\/ul>\n<p>&nbsp;<\/p>\n<p><!--more--><\/p>\n<p><a href=\"https:\/\/www.csj-emballages.com\/de\/categorie-produit\/lebensmittelverpackungen\/backerei-und-konditorei\/sacke-beutel-und-papier\/tissue-papiere\/\">Sehen Sie sich den Rest unseres Sortiments an Tissue-Papieren an<\/a><\/p>\n","protected":false},"excerpt":{"rendered":"<p>Blatt Musselinpapier Beschreibung von unserem Blatt Musselinpapier Druck 33 x 40 cm 10 kg<\/p>\n","protected":false},"featured_media":6783,"template":"","meta":{"_acf_changed":false},"product_brand":[],"product_cat":[1171,3967,2887],"product_tag":[],"class_list":{"0":"post-22060","1":"product","2":"type-product","3":"status-publish","4":"has-post-thumbnail","6":"product_cat-backerei-und-konditorei","7":"product_cat-sacke-beutel-und-papier","8":"product_cat-tissue-papiere","10":"first","11":"instock","12":"taxable","13":"shipping-taxable","14":"purchasable","15":"product-type-simple"},"acf":[],"yoast_head":"<!-- This site is optimized with the Yoast SEO Premium plugin v26.6 (Yoast SEO v26.6) - https:\/\/yoast.com\/wordpress\/plugins\/seo\/ -->\n<title>Papierbogen Mousseline Druck 33 x 40 cm 10 kg<\/title>\n<meta name=\"description\" content=\"Bedruckte Musselinpapierb\u00f6gen 33x40 cm - 10 kg. Praktisch, elegant und vielseitig einsetzbar, um Ihre Lebensmittel stilvoll zu verpacken und zu sch\u00fctzen.\" \/>\n<meta name=\"robots\" content=\"index, follow, max-snippet:-1, max-image-preview:large, max-video-preview:-1\" \/>\n<link rel=\"canonical\" href=\"https:\/\/www.csj-emballages.com\/de\/produit\/bogen-tissue-papier-druck-33x40cm-10-kg\/\" \/>\n<meta property=\"og:locale\" content=\"de_DE\" \/>\n<meta property=\"og:type\" content=\"article\" \/>\n<meta property=\"og:title\" content=\"Bogen Tissue-Papier Druck 33x40cm 10 kg\" \/>\n<meta property=\"og:description\" content=\"Bedruckte Musselinpapierb\u00f6gen 33x40 cm - 10 kg. Praktisch, elegant und vielseitig einsetzbar, um Ihre Lebensmittel stilvoll zu verpacken und zu sch\u00fctzen.\" \/>\n<meta property=\"og:url\" content=\"https:\/\/www.csj-emballages.com\/de\/produit\/bogen-tissue-papier-druck-33x40cm-10-kg\/\" \/>\n<meta property=\"og:site_name\" content=\"CSJ Emballages\" \/>\n<meta property=\"article:publisher\" content=\"https:\/\/www.facebook.com\/csjemballages\" \/>\n<meta property=\"article:modified_time\" content=\"2026-04-10T00:14:15+00:00\" \/>\n<meta property=\"og:image\" content=\"https:\/\/www.csj-emballages.com\/wp-content\/uploads\/2024\/03\/mousseline-avec-decor-37x60-cm-x-1-firplast-014967003-product-zoom-zoom-jpg.webp\" \/>\n\t<meta property=\"og:image:width\" content=\"640\" \/>\n\t<meta property=\"og:image:height\" content=\"480\" \/>\n\t<meta property=\"og:image:type\" content=\"image\/jpeg\" \/>\n<meta name=\"twitter:card\" content=\"summary_large_image\" \/>\n<meta name=\"twitter:label1\" content=\"Gesch\u00e4tzte Lesezeit\" \/>\n\t<meta name=\"twitter:data1\" content=\"2 Minuten\" \/>\n<script type=\"application\/ld+json\" class=\"yoast-schema-graph\">{\"@context\":\"https:\/\/schema.org\",\"@graph\":[{\"@type\":\"WebPage\",\"@id\":\"https:\/\/www.csj-emballages.com\/de\/produit\/bogen-tissue-papier-druck-33x40cm-10-kg\/\",\"url\":\"https:\/\/www.csj-emballages.com\/de\/produit\/bogen-tissue-papier-druck-33x40cm-10-kg\/\",\"name\":\"Papierbogen Mousseline Druck 33 x 40 cm 10 kg\",\"isPartOf\":{\"@id\":\"https:\/\/www.csj-emballages.com\/de\/#website\"},\"primaryImageOfPage\":{\"@id\":\"https:\/\/www.csj-emballages.com\/de\/produit\/bogen-tissue-papier-druck-33x40cm-10-kg\/#primaryimage\"},\"image\":{\"@id\":\"https:\/\/www.csj-emballages.com\/de\/produit\/bogen-tissue-papier-druck-33x40cm-10-kg\/#primaryimage\"},\"thumbnailUrl\":\"https:\/\/www.csj-emballages.com\/wp-content\/uploads\/2024\/03\/mousseline-avec-decor-37x60-cm-x-1-firplast-014967003-product-zoom-zoom-jpg.webp\",\"datePublished\":\"2024-03-01T15:51:42+00:00\",\"dateModified\":\"2026-04-10T00:14:15+00:00\",\"description\":\"Bedruckte Musselinpapierb\u00f6gen 33x40 cm - 10 kg. Praktisch, elegant und vielseitig einsetzbar, um Ihre Lebensmittel stilvoll zu verpacken und zu sch\u00fctzen.\",\"breadcrumb\":{\"@id\":\"https:\/\/www.csj-emballages.com\/de\/produit\/bogen-tissue-papier-druck-33x40cm-10-kg\/#breadcrumb\"},\"inLanguage\":\"de\",\"potentialAction\":[{\"@type\":\"ReadAction\",\"target\":[\"https:\/\/www.csj-emballages.com\/de\/produit\/bogen-tissue-papier-druck-33x40cm-10-kg\/\"]}]},{\"@type\":\"ImageObject\",\"inLanguage\":\"de\",\"@id\":\"https:\/\/www.csj-emballages.com\/de\/produit\/bogen-tissue-papier-druck-33x40cm-10-kg\/#primaryimage\",\"url\":\"https:\/\/www.csj-emballages.com\/wp-content\/uploads\/2024\/03\/mousseline-avec-decor-37x60-cm-x-1-firplast-014967003-product-zoom-zoom-jpg.webp\",\"contentUrl\":\"https:\/\/www.csj-emballages.com\/wp-content\/uploads\/2024\/03\/mousseline-avec-decor-37x60-cm-x-1-firplast-014967003-product-zoom-zoom-jpg.webp\",\"width\":640,\"height\":480,\"caption\":\"Feuille de papier mousseline\u00a0\"},{\"@type\":\"BreadcrumbList\",\"@id\":\"https:\/\/www.csj-emballages.com\/de\/produit\/bogen-tissue-papier-druck-33x40cm-10-kg\/#breadcrumb\",\"itemListElement\":[{\"@type\":\"ListItem\",\"position\":1,\"name\":\"Accueil\",\"item\":\"https:\/\/www.csj-emballages.com\/de\/universum-lebensmittelverpackungen\/\"},{\"@type\":\"ListItem\",\"position\":2,\"name\":\"Shop\",\"item\":\"https:\/\/www.csj-emballages.com\/shop\/\"},{\"@type\":\"ListItem\",\"position\":3,\"name\":\"Bogen Tissue-Papier Druck 33x40cm 10 kg\"}]},{\"@type\":\"WebSite\",\"@id\":\"https:\/\/www.csj-emballages.com\/de\/#website\",\"url\":\"https:\/\/www.csj-emballages.com\/de\/\",\"name\":\"CSJ Emballages\",\"description\":\"\",\"publisher\":{\"@id\":\"https:\/\/www.csj-emballages.com\/de\/#organization\"},\"potentialAction\":[{\"@type\":\"SearchAction\",\"target\":{\"@type\":\"EntryPoint\",\"urlTemplate\":\"https:\/\/www.csj-emballages.com\/de\/?s={search_term_string}\"},\"query-input\":{\"@type\":\"PropertyValueSpecification\",\"valueRequired\":true,\"valueName\":\"search_term_string\"}}],\"inLanguage\":\"de\"},{\"@type\":\"Organization\",\"@id\":\"https:\/\/www.csj-emballages.com\/de\/#Organization\/\",\"name\":\"CSJ Emballages\",\"url\":\"https:\/\/www.csj-emballages.com\/de\/\",\"logo\":{\"@type\":\"ImageObject\",\"inLanguage\":\"de\",\"@id\":\"https:\/\/www.csj-emballages.com\/de\/#\/schema\/logo\/image\/\",\"url\":\"https:\/\/www.csj-emballages.com\/wp-content\/uploads\/2023\/10\/logo_csj.webp\",\"contentUrl\":\"https:\/\/www.csj-emballages.com\/wp-content\/uploads\/2023\/10\/logo_csj.webp\",\"width\":250,\"height\":95,\"caption\":\"CSJ Emballages\"},\"image\":{\"@id\":\"https:\/\/www.csj-emballages.com\/de\/#\/schema\/logo\/image\/\"},\"sameAs\":[\"https:\/\/www.facebook.com\/csjemballages\"],\"address\":{\"@type\":\"PostalAddress\",\"streetAddress\":\"ZI La Lechere\",\"addressLocality\":\"Patornay\",\"postalCode\":\"39130\",\"addressCountry\":\"FR\"},\"contactPoint\":[{\"@type\":\"ContactPoint\",\"contactType\":\"Service client\",\"telephone\":\"0384254272\",\"email\":\"contact@csj-emballages.com\"}]}]}<\/script>\n<!-- \/ Yoast SEO Premium plugin. -->","yoast_head_json":{"title":"Papierbogen Mousseline Druck 33 x 40 cm 10 kg","description":"Bedruckte Musselinpapierb\u00f6gen 33x40 cm - 10 kg. Praktisch, elegant und vielseitig einsetzbar, um Ihre Lebensmittel stilvoll zu verpacken und zu sch\u00fctzen.","robots":{"index":"index","follow":"follow","max-snippet":"max-snippet:-1","max-image-preview":"max-image-preview:large","max-video-preview":"max-video-preview:-1"},"canonical":"https:\/\/www.csj-emballages.com\/de\/produit\/bogen-tissue-papier-druck-33x40cm-10-kg\/","og_locale":"de_DE","og_type":"article","og_title":"Bogen Tissue-Papier Druck 33x40cm 10 kg","og_description":"Bedruckte Musselinpapierb\u00f6gen 33x40 cm - 10 kg. Praktisch, elegant und vielseitig einsetzbar, um Ihre Lebensmittel stilvoll zu verpacken und zu sch\u00fctzen.","og_url":"https:\/\/www.csj-emballages.com\/de\/produit\/bogen-tissue-papier-druck-33x40cm-10-kg\/","og_site_name":"CSJ Emballages","article_publisher":"https:\/\/www.facebook.com\/csjemballages","article_modified_time":"2026-04-10T00:14:15+00:00","og_image":[{"width":640,"height":480,"url":"https:\/\/www.csj-emballages.com\/wp-content\/uploads\/2024\/03\/mousseline-avec-decor-37x60-cm-x-1-firplast-014967003-product-zoom-zoom-jpg.webp","type":"image\/jpeg"}],"twitter_card":"summary_large_image","twitter_misc":{"Gesch\u00e4tzte Lesezeit":"2 Minuten"},"schema":{"@context":"https:\/\/schema.org","@graph":[{"@type":"WebPage","@id":"https:\/\/www.csj-emballages.com\/de\/produit\/bogen-tissue-papier-druck-33x40cm-10-kg\/","url":"https:\/\/www.csj-emballages.com\/de\/produit\/bogen-tissue-papier-druck-33x40cm-10-kg\/","name":"Papierbogen Mousseline Druck 33 x 40 cm 10 kg","isPartOf":{"@id":"https:\/\/www.csj-emballages.com\/de\/#website"},"primaryImageOfPage":{"@id":"https:\/\/www.csj-emballages.com\/de\/produit\/bogen-tissue-papier-druck-33x40cm-10-kg\/#primaryimage"},"image":{"@id":"https:\/\/www.csj-emballages.com\/de\/produit\/bogen-tissue-papier-druck-33x40cm-10-kg\/#primaryimage"},"thumbnailUrl":"https:\/\/www.csj-emballages.com\/wp-content\/uploads\/2024\/03\/mousseline-avec-decor-37x60-cm-x-1-firplast-014967003-product-zoom-zoom-jpg.webp","datePublished":"2024-03-01T15:51:42+00:00","dateModified":"2026-04-10T00:14:15+00:00","description":"Bedruckte Musselinpapierb\u00f6gen 33x40 cm - 10 kg. Praktisch, elegant und vielseitig einsetzbar, um Ihre Lebensmittel stilvoll zu verpacken und zu sch\u00fctzen.","breadcrumb":{"@id":"https:\/\/www.csj-emballages.com\/de\/produit\/bogen-tissue-papier-druck-33x40cm-10-kg\/#breadcrumb"},"inLanguage":"de","potentialAction":[{"@type":"ReadAction","target":["https:\/\/www.csj-emballages.com\/de\/produit\/bogen-tissue-papier-druck-33x40cm-10-kg\/"]}]},{"@type":"ImageObject","inLanguage":"de","@id":"https:\/\/www.csj-emballages.com\/de\/produit\/bogen-tissue-papier-druck-33x40cm-10-kg\/#primaryimage","url":"https:\/\/www.csj-emballages.com\/wp-content\/uploads\/2024\/03\/mousseline-avec-decor-37x60-cm-x-1-firplast-014967003-product-zoom-zoom-jpg.webp","contentUrl":"https:\/\/www.csj-emballages.com\/wp-content\/uploads\/2024\/03\/mousseline-avec-decor-37x60-cm-x-1-firplast-014967003-product-zoom-zoom-jpg.webp","width":640,"height":480,"caption":"Feuille de papier mousseline\u00a0"},{"@type":"BreadcrumbList","@id":"https:\/\/www.csj-emballages.com\/de\/produit\/bogen-tissue-papier-druck-33x40cm-10-kg\/#breadcrumb","itemListElement":[{"@type":"ListItem","position":1,"name":"Accueil","item":"https:\/\/www.csj-emballages.com\/de\/universum-lebensmittelverpackungen\/"},{"@type":"ListItem","position":2,"name":"Shop","item":"https:\/\/www.csj-emballages.com\/shop\/"},{"@type":"ListItem","position":3,"name":"Bogen Tissue-Papier Druck 33x40cm 10 kg"}]},{"@type":"WebSite","@id":"https:\/\/www.csj-emballages.com\/de\/#website","url":"https:\/\/www.csj-emballages.com\/de\/","name":"CSJ Emballages","description":"","publisher":{"@id":"https:\/\/www.csj-emballages.com\/de\/#organization"},"potentialAction":[{"@type":"SearchAction","target":{"@type":"EntryPoint","urlTemplate":"https:\/\/www.csj-emballages.com\/de\/?s={search_term_string}"},"query-input":{"@type":"PropertyValueSpecification","valueRequired":true,"valueName":"search_term_string"}}],"inLanguage":"de"},{"@type":"Organization","@id":"https:\/\/www.csj-emballages.com\/de\/#Organization\/","name":"CSJ Emballages","url":"https:\/\/www.csj-emballages.com\/de\/","logo":{"@type":"ImageObject","inLanguage":"de","@id":"https:\/\/www.csj-emballages.com\/de\/#\/schema\/logo\/image\/","url":"https:\/\/www.csj-emballages.com\/wp-content\/uploads\/2023\/10\/logo_csj.webp","contentUrl":"https:\/\/www.csj-emballages.com\/wp-content\/uploads\/2023\/10\/logo_csj.webp","width":250,"height":95,"caption":"CSJ Emballages"},"image":{"@id":"https:\/\/www.csj-emballages.com\/de\/#\/schema\/logo\/image\/"},"sameAs":["https:\/\/www.facebook.com\/csjemballages"],"address":{"@type":"PostalAddress","streetAddress":"ZI La Lechere","addressLocality":"Patornay","postalCode":"39130","addressCountry":"FR"},"contactPoint":[{"@type":"ContactPoint","contactType":"Service client","telephone":"0384254272","email":"contact@csj-emballages.com"}]}]}},"df_price":42,"df_sale_price":"","df_regular_price":42,"df_image_link":"https:\/\/www.csj-emballages.com\/wp-content\/uploads\/2024\/03\/mousseline-avec-decor-37x60-cm-x-1-firplast-014967003-product-zoom-zoom-300x225.webp","tiered_pricing_type":"fixed","tiered_pricing_fixed_rules":[],"tiered_pricing_percentage_rules":[],"tiered_pricing_minimum":1,"tiered_pricing_roles_data":[],"_links":{"self":[{"href":"https:\/\/www.csj-emballages.com\/de\/wp-json\/wp\/v2\/product\/22060","targetHints":{"allow":["GET"]}}],"collection":[{"href":"https:\/\/www.csj-emballages.com\/de\/wp-json\/wp\/v2\/product"}],"about":[{"href":"https:\/\/www.csj-emballages.com\/de\/wp-json\/wp\/v2\/types\/product"}],"wp:featuredmedia":[{"embeddable":true,"href":"https:\/\/www.csj-emballages.com\/de\/wp-json\/wp\/v2\/media\/6783"}],"wp:attachment":[{"href":"https:\/\/www.csj-emballages.com\/de\/wp-json\/wp\/v2\/media?parent=22060"}],"wp:term":[{"taxonomy":"product_brand","embeddable":true,"href":"https:\/\/www.csj-emballages.com\/de\/wp-json\/wp\/v2\/product_brand?post=22060"},{"taxonomy":"product_cat","embeddable":true,"href":"https:\/\/www.csj-emballages.com\/de\/wp-json\/wp\/v2\/product_cat?post=22060"},{"taxonomy":"product_tag","embeddable":true,"href":"https:\/\/www.csj-emballages.com\/de\/wp-json\/wp\/v2\/product_tag?post=22060"}],"curies":[{"name":"wp","href":"https:\/\/api.w.org\/{rel}","templated":true}]}}