{"id":22053,"date":"2024-03-01T16:51:45","date_gmt":"2024-03-01T15:51:45","guid":{"rendered":"https:\/\/u15jnbdpoq.preview.infomaniak.website\/produit\/50-mini-kristallglasgabeln-aus-kunststoff\/"},"modified":"2026-04-29T12:01:27","modified_gmt":"2026-04-29T10:01:27","slug":"50-mini-kristallglasgabeln-aus-kunststoff","status":"publish","type":"product","link":"https:\/\/www.csj-emballages.com\/de\/produit\/50-mini-kristallglasgabeln-aus-kunststoff\/","title":{"rendered":"Mini Kristall Plastikgabel f\u00fcr Gl\u00e4ser pro 50"},"content":{"rendered":"<h2 class=\"p1 ai-optimize-26\"><span class=\"s1\">Mini<\/span> Plastikgabel<\/h2>\n<div style=\"font-family: Roboto, sans-serif;\">\n<div style=\"font-family: Roboto, sans-serif;\">\n<div style=\"font-family: Roboto, sans-serif;\">\n<div style=\"font-family: Roboto, sans-serif;\">\n<div style=\"font-family: Roboto, sans-serif;\">\n<div style=\"font-family: Roboto, sans-serif;\">\n<hr>\n<h3 class=\"ai-optimize-27\">Beschreibung unserer<span class=\"s1\">Mini-Kristall-Kunststoff-Gabel<\/span> f\u00fcr Gl\u00e4ser pro 50 St\u00fcck<\/h3>\n<p><!--more--><\/p>\n<\/div>\n<\/div>\n<\/div>\n<\/div>\n<\/div>\n<\/div>\n<p class=\"ai-optimize-38 ai-optimize-introduction\" data-start=\"281\" data-end=\"606\">Diese <strong>Mini-Plastikgabeln aus Kristallglas<\/strong> eignen sich perfekt f\u00fcr alle Ihre Empf\u00e4nge und sind ein Muss f\u00fcr Buffets, Cocktails, Aperitifs oder Desserts. Ihr kleines, elegantes und transparentes Format macht sie zum idealen Verb\u00fcndeten f\u00fcr <strong data-start=\"511\" data-end=\"541\">s\u00fc\u00dfe oder salzige Gl<\/strong>\u00e4ser. Sie werten die Zubereitungen auf, ohne die Pr\u00e4sentation zu verdecken. Die <strong>Gabeln<\/strong> sind aus <strong>festem Kunststoff<\/strong> gefertigt und verbinden <strong data-start=\"681\" data-end=\"712\">\u00c4sthetik mit Praktikabilit\u00e4t<\/strong>. Sie liegen trotz ihrer geringen Gr\u00f6\u00dfe gut in der Hand und verbiegen sich bei der Benutzung nicht. Sie eignen sich sowohl f\u00fcr professionelle Veranstaltungen (Caterer, Restaurants, Konditoreien, Eventveranstalter) als auch f\u00fcr private Anl\u00e4sse wie Geburtstage, Hochzeiten oder ein Festessen mit Freunden.    <\/p>\n<p class=\"ai-optimize-39\" data-start=\"1044\" data-end=\"1305\">Sie sehen nicht nur schlicht und raffiniert aus, sondern sind auch <strong data-start=\"1094\" data-end=\"1106\">wiederverwendbar<\/strong>, was das Servieren und Reinigen nach der Veranstaltung erheblich vereinfacht. Sie werden im Set von <strong>50<\/strong> St\u00fcck geliefert und erm\u00f6glichen es Ihnen, eine gro\u00dfz\u00fcgige Anzahl von H\u00e4ppchen zu planen und gleichzeitig ein <strong data-start=\"1285\" data-end=\"1304\">\u00fcberschaubares Budget<\/strong> einzuhalten. <\/p>\n<p class=\"ai-optimize-40\" data-start=\"1307\" data-end=\"1511\">Sie sind ideal f\u00fcr alle individuellen Pr\u00e4sentationen und verleihen Ihren Kreationen einen Hauch von <strong data-start=\"1388\" data-end=\"1403\">Raffinesse<\/strong>, ohne Kompromisse bei der Praktikabilit\u00e4t einzugehen. So sparen Sie Zeit, ohne auf Eleganz verzichten zu m\u00fcssen! <\/p>\n<p data-start=\"1307\" data-end=\"1511\">\n<p><!--more--><\/p>\n<div style=\"font-family: Roboto, sans-serif;\">\n<div style=\"font-family: Roboto, sans-serif;\">\n<div style=\"font-family: Roboto, sans-serif;\">\n<div style=\"font-family: Roboto, sans-serif;\">\n<div style=\"font-family: Roboto, sans-serif;\">\n<div style=\"font-family: Roboto, sans-serif;\">\n<p class=\"ai-optimize-30\"><strong>Ihre Vorteile :<\/strong><\/p>\n<ul>\n<li class=\"ai-optimize-31\">Praktisches Miniformat f\u00fcr Verrinen, Mignardises und Verkostungen.<\/li>\n<li class=\"ai-optimize-32\">Transparente, kristall\u00e4hnliche \u00c4sthetik f\u00fcr ein elegantes Erscheinungsbild.<\/li>\n<li class=\"ai-optimize-33\">Hochwertiges <strong>Hartplastik<\/strong>: verbiegt sich nicht, angenehm zu verwenden.<\/li>\n<li class=\"ai-optimize-34\"><strong>Einweg<\/strong>: spart Zeit und ist praktisch f\u00fcr den Service.<\/li>\n<\/ul>\n<\/div>\n<div style=\"font-family: Roboto, sans-serif;\">\n<p>&nbsp;<\/p>\n<\/div>\n<\/div>\n<\/div>\n<\/div>\n<\/div>\n<\/div>\n<p><!--more--><\/p>\n<h4 class=\"ai-optimize-33\">Weitere Informationen :<\/h4>\n<ul>\n<li class=\"ai-optimize-34\"><strong>Verpackung<\/strong>: Packung mit 50 St\u00fcck<\/li>\n<li class=\"ai-optimize-35\"><strong>L\u00e4nge<\/strong>: 95 mm<\/li>\n<li class=\"ai-optimize-36\"><strong>Material<\/strong>: Kunststoff<\/li>\n<\/ul>\n<p>&nbsp;<\/p>\n<p><!--more--><\/p>\n<p class=\"ai-optimize-35\">Finden Sie auch unseren Mini-Kristalll\u00f6ffel f\u00fcr Verrine : <span style=\"color: #d12727;\"><a style=\"color: #d12727;\" href=\"https:\/\/www.csj-emballages.com\/produit\/mini-cuillere-cristal-a-verrines-en-plastique\/\">MINICV<\/a><\/span><\/p>\n<p>&nbsp;<\/p>\n<p><!--more--><\/p>\n<p class=\"ai-optimize-41\"><a href=\"https:\/\/www.csj-emballages.com\/de\/categorie-produit\/lebensmittelverpackungen\/metzgerei-und-feinkostgeschaft\/schalen-topfe-glaser\/glaser\/loffel-gabeln\/\">Sehen Sie sich den Rest unseres Sortiments an Mini-L\u00f6ffeln \/ Gabeln an<\/a><\/p>\n","protected":false},"excerpt":{"rendered":"<p>Mini Plastikgabel Beschreibung unsererMini-Kristall-Kunststoff-Gabel f\u00fcr Gl\u00e4ser pro 50 St\u00fcck<\/p>\n","protected":false},"featured_media":237579,"template":"","meta":{"_acf_changed":false},"product_brand":[],"product_cat":[1170,1279,1281,2880],"product_tag":[],"class_list":{"0":"post-22053","1":"product","2":"type-product","3":"status-publish","4":"has-post-thumbnail","6":"product_cat-metzgerei-und-feinkostgeschaft","7":"product_cat-schalen-topfe-glaser","8":"product_cat-glaser","9":"product_cat-loffel-gabeln","11":"first","12":"instock","13":"taxable","14":"shipping-taxable","15":"purchasable","16":"product-type-simple"},"acf":[],"yoast_head":"<!-- This site is optimized with the Yoast SEO Premium plugin v26.6 (Yoast SEO v26.6) - https:\/\/yoast.com\/wordpress\/plugins\/seo\/ -->\n<title>Mini Glasgabel aus Kunststoff Kristall pro 50<\/title>\n<meta name=\"description\" content=\"Mini-Plastikgabel aus Kristall, 50 St\u00fcck. Perfekt f\u00fcr Ihre Verrinen, Cocktails und Buffets. Elegant, praktisch und zum Wegwerfen, ideal f\u00fcr Caterer.\" \/>\n<meta name=\"robots\" content=\"index, follow, max-snippet:-1, max-image-preview:large, max-video-preview:-1\" \/>\n<link rel=\"canonical\" href=\"https:\/\/www.csj-emballages.com\/de\/produit\/50-mini-kristallglasgabeln-aus-kunststoff\/\" \/>\n<meta property=\"og:locale\" content=\"de_DE\" \/>\n<meta property=\"og:type\" content=\"article\" \/>\n<meta property=\"og:title\" content=\"Mini Kristall Plastikgabel f\u00fcr Gl\u00e4ser pro 50\" \/>\n<meta property=\"og:description\" content=\"Mini-Plastikgabel aus Kristall, 50 St\u00fcck. Perfekt f\u00fcr Ihre Verrinen, Cocktails und Buffets. Elegant, praktisch und zum Wegwerfen, ideal f\u00fcr Caterer.\" \/>\n<meta property=\"og:url\" content=\"https:\/\/www.csj-emballages.com\/de\/produit\/50-mini-kristallglasgabeln-aus-kunststoff\/\" \/>\n<meta property=\"og:site_name\" content=\"CSJ Emballages\" \/>\n<meta property=\"article:publisher\" content=\"https:\/\/www.facebook.com\/csjemballages\" \/>\n<meta property=\"article:modified_time\" content=\"2026-04-29T10:01:27+00:00\" \/>\n<meta property=\"og:image\" content=\"https:\/\/www.csj-emballages.com\/wp-content\/uploads\/2024\/03\/Mini-fourchette-plastique.webp\" \/>\n\t<meta property=\"og:image:width\" content=\"800\" \/>\n\t<meta property=\"og:image:height\" content=\"800\" \/>\n\t<meta property=\"og:image:type\" content=\"image\/webp\" \/>\n<meta name=\"twitter:card\" content=\"summary_large_image\" \/>\n<meta name=\"twitter:label1\" content=\"Gesch\u00e4tzte Lesezeit\" \/>\n\t<meta name=\"twitter:data1\" content=\"1\u00a0Minute\" \/>\n<script type=\"application\/ld+json\" class=\"yoast-schema-graph\">{\"@context\":\"https:\/\/schema.org\",\"@graph\":[{\"@type\":\"WebPage\",\"@id\":\"https:\/\/www.csj-emballages.com\/de\/produit\/50-mini-kristallglasgabeln-aus-kunststoff\/\",\"url\":\"https:\/\/www.csj-emballages.com\/de\/produit\/50-mini-kristallglasgabeln-aus-kunststoff\/\",\"name\":\"Mini Glasgabel aus Kunststoff Kristall pro 50\",\"isPartOf\":{\"@id\":\"https:\/\/www.csj-emballages.com\/de\/#website\"},\"primaryImageOfPage\":{\"@id\":\"https:\/\/www.csj-emballages.com\/de\/produit\/50-mini-kristallglasgabeln-aus-kunststoff\/#primaryimage\"},\"image\":{\"@id\":\"https:\/\/www.csj-emballages.com\/de\/produit\/50-mini-kristallglasgabeln-aus-kunststoff\/#primaryimage\"},\"thumbnailUrl\":\"https:\/\/www.csj-emballages.com\/wp-content\/uploads\/2024\/03\/Mini-fourchette-plastique.webp\",\"datePublished\":\"2024-03-01T15:51:45+00:00\",\"dateModified\":\"2026-04-29T10:01:27+00:00\",\"description\":\"Mini-Plastikgabel aus Kristall, 50 St\u00fcck. Perfekt f\u00fcr Ihre Verrinen, Cocktails und Buffets. Elegant, praktisch und zum Wegwerfen, ideal f\u00fcr Caterer.\",\"breadcrumb\":{\"@id\":\"https:\/\/www.csj-emballages.com\/de\/produit\/50-mini-kristallglasgabeln-aus-kunststoff\/#breadcrumb\"},\"inLanguage\":\"de\",\"potentialAction\":[{\"@type\":\"ReadAction\",\"target\":[\"https:\/\/www.csj-emballages.com\/de\/produit\/50-mini-kristallglasgabeln-aus-kunststoff\/\"]}]},{\"@type\":\"ImageObject\",\"inLanguage\":\"de\",\"@id\":\"https:\/\/www.csj-emballages.com\/de\/produit\/50-mini-kristallglasgabeln-aus-kunststoff\/#primaryimage\",\"url\":\"https:\/\/www.csj-emballages.com\/wp-content\/uploads\/2024\/03\/Mini-fourchette-plastique.webp\",\"contentUrl\":\"https:\/\/www.csj-emballages.com\/wp-content\/uploads\/2024\/03\/Mini-fourchette-plastique.webp\",\"width\":800,\"height\":800,\"caption\":\"Mini fourchette plastique\"},{\"@type\":\"BreadcrumbList\",\"@id\":\"https:\/\/www.csj-emballages.com\/de\/produit\/50-mini-kristallglasgabeln-aus-kunststoff\/#breadcrumb\",\"itemListElement\":[{\"@type\":\"ListItem\",\"position\":1,\"name\":\"Accueil\",\"item\":\"https:\/\/www.csj-emballages.com\/de\/universum-lebensmittelverpackungen\/\"},{\"@type\":\"ListItem\",\"position\":2,\"name\":\"Shop\",\"item\":\"https:\/\/www.csj-emballages.com\/shop\/\"},{\"@type\":\"ListItem\",\"position\":3,\"name\":\"Mini Kristall Plastikgabel f\u00fcr Gl\u00e4ser pro 50\"}]},{\"@type\":\"WebSite\",\"@id\":\"https:\/\/www.csj-emballages.com\/de\/#website\",\"url\":\"https:\/\/www.csj-emballages.com\/de\/\",\"name\":\"CSJ Emballages\",\"description\":\"\",\"publisher\":{\"@id\":\"https:\/\/www.csj-emballages.com\/de\/#organization\"},\"potentialAction\":[{\"@type\":\"SearchAction\",\"target\":{\"@type\":\"EntryPoint\",\"urlTemplate\":\"https:\/\/www.csj-emballages.com\/de\/?s={search_term_string}\"},\"query-input\":{\"@type\":\"PropertyValueSpecification\",\"valueRequired\":true,\"valueName\":\"search_term_string\"}}],\"inLanguage\":\"de\"},{\"@type\":\"Organization\",\"@id\":\"https:\/\/www.csj-emballages.com\/de\/#Organization\/\",\"name\":\"CSJ Emballages\",\"url\":\"https:\/\/www.csj-emballages.com\/de\/\",\"logo\":{\"@type\":\"ImageObject\",\"inLanguage\":\"de\",\"@id\":\"https:\/\/www.csj-emballages.com\/de\/#\/schema\/logo\/image\/\",\"url\":\"https:\/\/www.csj-emballages.com\/wp-content\/uploads\/2023\/10\/logo_csj.webp\",\"contentUrl\":\"https:\/\/www.csj-emballages.com\/wp-content\/uploads\/2023\/10\/logo_csj.webp\",\"width\":250,\"height\":95,\"caption\":\"CSJ Emballages\"},\"image\":{\"@id\":\"https:\/\/www.csj-emballages.com\/de\/#\/schema\/logo\/image\/\"},\"sameAs\":[\"https:\/\/www.facebook.com\/csjemballages\"],\"address\":{\"@type\":\"PostalAddress\",\"streetAddress\":\"ZI La Lechere\",\"addressLocality\":\"Patornay\",\"postalCode\":\"39130\",\"addressCountry\":\"FR\"},\"contactPoint\":[{\"@type\":\"ContactPoint\",\"contactType\":\"Service client\",\"telephone\":\"0384254272\",\"email\":\"contact@csj-emballages.com\"}]}]}<\/script>\n<!-- \/ Yoast SEO Premium plugin. -->","yoast_head_json":{"title":"Mini Glasgabel aus Kunststoff Kristall pro 50","description":"Mini-Plastikgabel aus Kristall, 50 St\u00fcck. Perfekt f\u00fcr Ihre Verrinen, Cocktails und Buffets. Elegant, praktisch und zum Wegwerfen, ideal f\u00fcr Caterer.","robots":{"index":"index","follow":"follow","max-snippet":"max-snippet:-1","max-image-preview":"max-image-preview:large","max-video-preview":"max-video-preview:-1"},"canonical":"https:\/\/www.csj-emballages.com\/de\/produit\/50-mini-kristallglasgabeln-aus-kunststoff\/","og_locale":"de_DE","og_type":"article","og_title":"Mini Kristall Plastikgabel f\u00fcr Gl\u00e4ser pro 50","og_description":"Mini-Plastikgabel aus Kristall, 50 St\u00fcck. Perfekt f\u00fcr Ihre Verrinen, Cocktails und Buffets. Elegant, praktisch und zum Wegwerfen, ideal f\u00fcr Caterer.","og_url":"https:\/\/www.csj-emballages.com\/de\/produit\/50-mini-kristallglasgabeln-aus-kunststoff\/","og_site_name":"CSJ Emballages","article_publisher":"https:\/\/www.facebook.com\/csjemballages","article_modified_time":"2026-04-29T10:01:27+00:00","og_image":[{"width":800,"height":800,"url":"https:\/\/www.csj-emballages.com\/wp-content\/uploads\/2024\/03\/Mini-fourchette-plastique.webp","type":"image\/webp"}],"twitter_card":"summary_large_image","twitter_misc":{"Gesch\u00e4tzte Lesezeit":"1\u00a0Minute"},"schema":{"@context":"https:\/\/schema.org","@graph":[{"@type":"WebPage","@id":"https:\/\/www.csj-emballages.com\/de\/produit\/50-mini-kristallglasgabeln-aus-kunststoff\/","url":"https:\/\/www.csj-emballages.com\/de\/produit\/50-mini-kristallglasgabeln-aus-kunststoff\/","name":"Mini Glasgabel aus Kunststoff Kristall pro 50","isPartOf":{"@id":"https:\/\/www.csj-emballages.com\/de\/#website"},"primaryImageOfPage":{"@id":"https:\/\/www.csj-emballages.com\/de\/produit\/50-mini-kristallglasgabeln-aus-kunststoff\/#primaryimage"},"image":{"@id":"https:\/\/www.csj-emballages.com\/de\/produit\/50-mini-kristallglasgabeln-aus-kunststoff\/#primaryimage"},"thumbnailUrl":"https:\/\/www.csj-emballages.com\/wp-content\/uploads\/2024\/03\/Mini-fourchette-plastique.webp","datePublished":"2024-03-01T15:51:45+00:00","dateModified":"2026-04-29T10:01:27+00:00","description":"Mini-Plastikgabel aus Kristall, 50 St\u00fcck. Perfekt f\u00fcr Ihre Verrinen, Cocktails und Buffets. Elegant, praktisch und zum Wegwerfen, ideal f\u00fcr Caterer.","breadcrumb":{"@id":"https:\/\/www.csj-emballages.com\/de\/produit\/50-mini-kristallglasgabeln-aus-kunststoff\/#breadcrumb"},"inLanguage":"de","potentialAction":[{"@type":"ReadAction","target":["https:\/\/www.csj-emballages.com\/de\/produit\/50-mini-kristallglasgabeln-aus-kunststoff\/"]}]},{"@type":"ImageObject","inLanguage":"de","@id":"https:\/\/www.csj-emballages.com\/de\/produit\/50-mini-kristallglasgabeln-aus-kunststoff\/#primaryimage","url":"https:\/\/www.csj-emballages.com\/wp-content\/uploads\/2024\/03\/Mini-fourchette-plastique.webp","contentUrl":"https:\/\/www.csj-emballages.com\/wp-content\/uploads\/2024\/03\/Mini-fourchette-plastique.webp","width":800,"height":800,"caption":"Mini fourchette plastique"},{"@type":"BreadcrumbList","@id":"https:\/\/www.csj-emballages.com\/de\/produit\/50-mini-kristallglasgabeln-aus-kunststoff\/#breadcrumb","itemListElement":[{"@type":"ListItem","position":1,"name":"Accueil","item":"https:\/\/www.csj-emballages.com\/de\/universum-lebensmittelverpackungen\/"},{"@type":"ListItem","position":2,"name":"Shop","item":"https:\/\/www.csj-emballages.com\/shop\/"},{"@type":"ListItem","position":3,"name":"Mini Kristall Plastikgabel f\u00fcr Gl\u00e4ser pro 50"}]},{"@type":"WebSite","@id":"https:\/\/www.csj-emballages.com\/de\/#website","url":"https:\/\/www.csj-emballages.com\/de\/","name":"CSJ Emballages","description":"","publisher":{"@id":"https:\/\/www.csj-emballages.com\/de\/#organization"},"potentialAction":[{"@type":"SearchAction","target":{"@type":"EntryPoint","urlTemplate":"https:\/\/www.csj-emballages.com\/de\/?s={search_term_string}"},"query-input":{"@type":"PropertyValueSpecification","valueRequired":true,"valueName":"search_term_string"}}],"inLanguage":"de"},{"@type":"Organization","@id":"https:\/\/www.csj-emballages.com\/de\/#Organization\/","name":"CSJ Emballages","url":"https:\/\/www.csj-emballages.com\/de\/","logo":{"@type":"ImageObject","inLanguage":"de","@id":"https:\/\/www.csj-emballages.com\/de\/#\/schema\/logo\/image\/","url":"https:\/\/www.csj-emballages.com\/wp-content\/uploads\/2023\/10\/logo_csj.webp","contentUrl":"https:\/\/www.csj-emballages.com\/wp-content\/uploads\/2023\/10\/logo_csj.webp","width":250,"height":95,"caption":"CSJ Emballages"},"image":{"@id":"https:\/\/www.csj-emballages.com\/de\/#\/schema\/logo\/image\/"},"sameAs":["https:\/\/www.facebook.com\/csjemballages"],"address":{"@type":"PostalAddress","streetAddress":"ZI La Lechere","addressLocality":"Patornay","postalCode":"39130","addressCountry":"FR"},"contactPoint":[{"@type":"ContactPoint","contactType":"Service client","telephone":"0384254272","email":"contact@csj-emballages.com"}]}]}},"df_price":1.57,"df_sale_price":"","df_regular_price":1.57,"df_image_link":"https:\/\/www.csj-emballages.com\/wp-content\/uploads\/2024\/03\/Mini-fourchette-plastique-300x300.webp","tiered_pricing_type":"fixed","tiered_pricing_fixed_rules":[],"tiered_pricing_percentage_rules":[],"tiered_pricing_minimum":1,"tiered_pricing_roles_data":[],"_links":{"self":[{"href":"https:\/\/www.csj-emballages.com\/de\/wp-json\/wp\/v2\/product\/22053","targetHints":{"allow":["GET"]}}],"collection":[{"href":"https:\/\/www.csj-emballages.com\/de\/wp-json\/wp\/v2\/product"}],"about":[{"href":"https:\/\/www.csj-emballages.com\/de\/wp-json\/wp\/v2\/types\/product"}],"wp:featuredmedia":[{"embeddable":true,"href":"https:\/\/www.csj-emballages.com\/de\/wp-json\/wp\/v2\/media\/237579"}],"wp:attachment":[{"href":"https:\/\/www.csj-emballages.com\/de\/wp-json\/wp\/v2\/media?parent=22053"}],"wp:term":[{"taxonomy":"product_brand","embeddable":true,"href":"https:\/\/www.csj-emballages.com\/de\/wp-json\/wp\/v2\/product_brand?post=22053"},{"taxonomy":"product_cat","embeddable":true,"href":"https:\/\/www.csj-emballages.com\/de\/wp-json\/wp\/v2\/product_cat?post=22053"},{"taxonomy":"product_tag","embeddable":true,"href":"https:\/\/www.csj-emballages.com\/de\/wp-json\/wp\/v2\/product_tag?post=22053"}],"curies":[{"name":"wp","href":"https:\/\/api.w.org\/{rel}","templated":true}]}}