{"id":22037,"date":"2024-03-01T16:51:47","date_gmt":"2024-03-01T15:51:47","guid":{"rendered":"https:\/\/u15jnbdpoq.preview.infomaniak.website\/produit\/150-muffinbehaelter-sortiert-tulpe-fettdichtes-papier-50-x-100-mm\/"},"modified":"2026-03-18T02:14:36","modified_gmt":"2026-03-18T01:14:36","slug":"150-muffinbehaelter-sortiert-tulpe-fettdichtes-papier-50-x-100-mm","status":"publish","type":"product","link":"https:\/\/www.csj-emballages.com\/de\/produit\/150-muffinbehaelter-sortiert-tulpe-fettdichtes-papier-50-x-100-mm\/","title":{"rendered":"Muffinbox Tulpe fettdichtes Papier 17,5 x 17,5cm pro 150"},"content":{"rendered":"<h2>Muffin-Kiste<\/h2>\n<hr>\n<h3>Beschreibung von unserem Muffinbeh\u00e4lter Tulpe fettdichtes Papier 50 x 100 mm pro 150<\/h3>\n<p><!--more--><\/p>\n<p data-start=\"0\" data-end=\"496\">Verleihen Sie Ihren Kreationen einen Hauch von <strong data-start=\"53\" data-end=\"64\">Farbe<\/strong> und<strong data-start=\"70\" data-end=\"82\">Eleganz<\/strong> mit der <strong data-start=\"107\" data-end=\"179\">Muffinkiste Tulpe aus fettdichtem Papier 50 x 100 mm x 150.<\/strong> Diese <g id=\"gid_5\">Kisten<\/g> sind ideal, um Ihre <g id=\"gid_3\">Cupcakes<\/g>, <g id=\"gid_4\">Muffins<\/g> oder andere S\u00fc\u00dfigkeiten zu verfeinern und zeichnen sich durch ihr raffiniertes Design und ihre professionelle Qualit\u00e4t aus. Dank ihres <strong data-start=\"360\" data-end=\"381\">50 g\/m\u00b2 Back<\/strong>papiers sorgen sie f\u00fcr ein gleichm\u00e4\u00dfiges Backen und eine makellose Pr\u00e4sentation, selbst bei den leckersten Rezepten.  <\/p>\n<p data-start=\"498\" data-end=\"981\">Sie sind f\u00fcr Temperaturen von <strong data-start=\"523\" data-end=\"542\">-40 \u00b0C bis 220 \u00b0C<\/strong> ausgelegt und k\u00f6nnen problemlos vom <strong data-start=\"572\" data-end=\"587\">Gefrierschrank<\/strong> in den <strong data-start=\"591\" data-end=\"599\">Backofen<\/strong> geschoben werden, sodass Sie sie <strong data-start=\"624\" data-end=\"639\">vielseitig<\/strong> einsetzen k\u00f6nnen. Das <strong data-start=\"655\" data-end=\"678\">fettabweisende Papier<\/strong> garantiert ein einfaches Herausl\u00f6sen aus der Form und vor allem eine Oberfl\u00e4che ohne \u00d6l- oder Butterflecken, wodurch die \u00c4sthetik Ihrer Zubereitungen erhalten bleibt. Au\u00dferdem verleihen sie mit ihrer <strong data-start=\"826\" data-end=\"842\">Tulpenform<\/strong> einen festlichen und professionellen Look, der sich perfekt f\u00fcr ein Buffet, eine B\u00e4ckereivitrine oder eine besondere Veranstaltung eignet.  <\/p>\n<p data-start=\"983\" data-end=\"1437\">Jede ge\u00f6ffnete <strong>Kiste<\/strong> misst <strong data-start=\"1017\" data-end=\"1035\">17,5 x 17,5 cm,<\/strong> hat einen Durchmesser von <strong data-start=\"1059\" data-end=\"1067\">5 cm<\/strong> und eine H\u00f6he von <strong data-start=\"1108\" data-end=\"1127\">6,5 cm bis 9,5 cm<\/strong>. Diese gro\u00dfz\u00fcgige Gr\u00f6\u00dfe eignet sich ideal f\u00fcr Einzelportionen und l\u00e4sst gen\u00fcgend Platz f\u00fcr luftige und leckere Zubereitungen. Au\u00dferdem ist das Dekor mit <strong data-start=\"1297\" data-end=\"1312\">wei\u00dfen Punkten<\/strong> auf <strong>farbigem Hintergrund<\/strong><strong>(Rosa, Hellblau, Kiwi und Orange<\/strong>) ein echter Blickfang und hebt Ihre s\u00fc\u00dfen oder herzhaften Kreationen hervor.  <\/p>\n<p data-start=\"1439\" data-end=\"1742\">Sie sind zu <strong data-start=\"1457\" data-end=\"1471\">150 St\u00fcck<\/strong> verpackt und eignen sich perfekt f\u00fcr <strong data-start=\"1503\" data-end=\"1517\">Konditoren<\/strong>, <strong data-start=\"1519\" data-end=\"1532\">Caterer<\/strong> oder leidenschaftliche Hobbyk\u00f6che. Kurz gesagt: Mit diesen Tulpenkisten wird jeder Muffin zu einem kleinen Meisterwerk, das zuerst die Augen und dann den Gaumen verf\u00fchrt. <\/p>\n<p data-start=\"1439\" data-end=\"1742\">\n<p><!--more--><\/p>\n<p><strong>Vorteile :<\/strong><\/p>\n<ul>\n<li><strong data-start=\"1958\" data-end=\"1981\">Fettdichtes Papier<\/strong>: sauberes Backen und leichtes Herausl\u00f6sen aus der Form.<\/li>\n<li><strong data-start=\"2024\" data-end=\"2048\">Temperaturbest\u00e4ndigkeit<\/strong> von -40 \u00b0C bis 220 \u00b0C.<\/li>\n<li><strong data-start=\"2073\" data-end=\"2097\">Farbenfrohes Tulpendesign<\/strong>, das Ihre Kreationen hervorhebt.<\/li>\n<li>Ideales Format f\u00fcr individuelle <strong data-start=\"2153\" data-end=\"2165\">Cupcakes<\/strong> und <strong data-start=\"2169\" data-end=\"2180\">Muffins<\/strong>.<\/li>\n<li>Praktisches Paket mit <strong data-start=\"2217\" data-end=\"2231\">150 Teilen<\/strong> f\u00fcr Profis oder Amateure.<\/li>\n<\/ul>\n<p>&nbsp;<\/p>\n<p><!--more--><\/p>\n<h4>Weitere Informationen :<\/h4>\n<ul>\n<li><strong>Verpackung<\/strong>: Packung mit 150 St\u00fcck<\/li>\n<li><b>Durchmesser <\/b>: 5 cm<\/li>\n<li><strong>Grammatur<\/strong>: 50 gr \/ m\u00b2<\/li>\n<li><strong>H\u00f6he<\/strong>: 6,5 \/ 9,5 cm<\/li>\n<li><strong>Farbe<\/strong>: Rosa \/ Hellblau \/ Kiwi \/ Orange<\/li>\n<li><strong>Material<\/strong>: Fettdichtes Papier<\/li>\n<li><strong>Nutzungstemperatur<\/strong>: -40 \u00b0C \/ 220 \u00b0C<\/li>\n<\/ul>\n<p>&nbsp;<\/p>\n<p><!--more--><\/p>\n<p>Diese Muffinbeh\u00e4lter sind auch in braun erh\u00e4ltlich: <span style=\"color: #d12727\"><a style=\"color: #d12727\" href=\"https:\/\/www.csj-emballages.com\/produit\/200-caissettes-a-muffin-marron-ingraissable-15-x-15-cm\/\">MF150M<\/a><\/span><\/p>\n<p>&nbsp;<\/p>\n<p><!--more--><\/p>\n<p><a href=\"https:\/\/www.csj-emballages.com\/de\/categorie-produit\/lebensmittelverpackungen\/backerei-und-konditorei\/kisten-de\/tulpenkisten\/\">Sehen Sie sich den Rest unseres Sortiments an Muffinbeh\u00e4ltern an<\/a><\/p>\n","protected":false},"excerpt":{"rendered":"<p>Muffin-Kiste Beschreibung von unserem Muffinbeh\u00e4lter Tulpe fettdichtes Papier 50 x 100 mm pro 150<\/p>\n","protected":false},"featured_media":244359,"template":"","meta":{"_acf_changed":false},"product_brand":[],"product_cat":[1171,2874],"product_tag":[],"class_list":{"0":"post-22037","1":"product","2":"type-product","3":"status-publish","4":"has-post-thumbnail","6":"product_cat-backerei-und-konditorei","7":"product_cat-tulpenkisten","9":"first","10":"instock","11":"sale","12":"taxable","13":"shipping-taxable","14":"purchasable","15":"product-type-simple"},"acf":[],"yoast_head":"<!-- This site is optimized with the Yoast SEO Premium plugin v26.6 (Yoast SEO v26.6) - https:\/\/yoast.com\/wordpress\/plugins\/seo\/ -->\n<title>Muffinbeh\u00e4lter Tulpe Papier fettdicht 50 x 100 mm pro 150<\/title>\n<meta name=\"description\" content=\"Tulpenf\u00f6rmige Muffinbox 50 x 100 mm pro 150, fettdichtes Papier mit einer Best\u00e4ndigkeit von -40 \u00b0C bis 220 \u00b0C, farbenfroher Stil f\u00fcr Muffins und Cupcakes.\" \/>\n<meta name=\"robots\" content=\"index, follow, max-snippet:-1, max-image-preview:large, max-video-preview:-1\" \/>\n<link rel=\"canonical\" href=\"https:\/\/www.csj-emballages.com\/de\/produit\/150-muffinbehaelter-sortiert-tulpe-fettdichtes-papier-50-x-100-mm\/\" \/>\n<meta property=\"og:locale\" content=\"de_DE\" \/>\n<meta property=\"og:type\" content=\"article\" \/>\n<meta property=\"og:title\" content=\"Muffinbox Tulpe fettdichtes Papier 17,5 x 17,5cm pro 150\" \/>\n<meta property=\"og:description\" content=\"Tulpenf\u00f6rmige Muffinbox 50 x 100 mm pro 150, fettdichtes Papier mit einer Best\u00e4ndigkeit von -40 \u00b0C bis 220 \u00b0C, farbenfroher Stil f\u00fcr Muffins und Cupcakes.\" \/>\n<meta property=\"og:url\" content=\"https:\/\/www.csj-emballages.com\/de\/produit\/150-muffinbehaelter-sortiert-tulpe-fettdichtes-papier-50-x-100-mm\/\" \/>\n<meta property=\"og:site_name\" content=\"CSJ Emballages\" \/>\n<meta property=\"article:publisher\" content=\"https:\/\/www.facebook.com\/csjemballages\" \/>\n<meta property=\"article:modified_time\" content=\"2026-03-18T01:14:36+00:00\" \/>\n<meta property=\"og:image\" content=\"https:\/\/www.csj-emballages.com\/wp-content\/uploads\/2024\/03\/MF175.webp\" \/>\n\t<meta property=\"og:image:width\" content=\"800\" \/>\n\t<meta property=\"og:image:height\" content=\"800\" \/>\n\t<meta property=\"og:image:type\" content=\"image\/webp\" \/>\n<meta name=\"twitter:card\" content=\"summary_large_image\" \/>\n<meta name=\"twitter:label1\" content=\"Gesch\u00e4tzte Lesezeit\" \/>\n\t<meta name=\"twitter:data1\" content=\"2 Minuten\" \/>\n<script type=\"application\/ld+json\" class=\"yoast-schema-graph\">{\"@context\":\"https:\/\/schema.org\",\"@graph\":[{\"@type\":\"WebPage\",\"@id\":\"https:\/\/www.csj-emballages.com\/de\/produit\/150-muffinbehaelter-sortiert-tulpe-fettdichtes-papier-50-x-100-mm\/\",\"url\":\"https:\/\/www.csj-emballages.com\/de\/produit\/150-muffinbehaelter-sortiert-tulpe-fettdichtes-papier-50-x-100-mm\/\",\"name\":\"Muffinbeh\u00e4lter Tulpe Papier fettdicht 50 x 100 mm pro 150\",\"isPartOf\":{\"@id\":\"https:\/\/www.csj-emballages.com\/de\/#website\"},\"primaryImageOfPage\":{\"@id\":\"https:\/\/www.csj-emballages.com\/de\/produit\/150-muffinbehaelter-sortiert-tulpe-fettdichtes-papier-50-x-100-mm\/#primaryimage\"},\"image\":{\"@id\":\"https:\/\/www.csj-emballages.com\/de\/produit\/150-muffinbehaelter-sortiert-tulpe-fettdichtes-papier-50-x-100-mm\/#primaryimage\"},\"thumbnailUrl\":\"https:\/\/www.csj-emballages.com\/wp-content\/uploads\/2024\/03\/MF175.webp\",\"datePublished\":\"2024-03-01T15:51:47+00:00\",\"dateModified\":\"2026-03-18T01:14:36+00:00\",\"description\":\"Tulpenf\u00f6rmige Muffinbox 50 x 100 mm pro 150, fettdichtes Papier mit einer Best\u00e4ndigkeit von -40 \u00b0C bis 220 \u00b0C, farbenfroher Stil f\u00fcr Muffins und Cupcakes.\",\"breadcrumb\":{\"@id\":\"https:\/\/www.csj-emballages.com\/de\/produit\/150-muffinbehaelter-sortiert-tulpe-fettdichtes-papier-50-x-100-mm\/#breadcrumb\"},\"inLanguage\":\"de\",\"potentialAction\":[{\"@type\":\"ReadAction\",\"target\":[\"https:\/\/www.csj-emballages.com\/de\/produit\/150-muffinbehaelter-sortiert-tulpe-fettdichtes-papier-50-x-100-mm\/\"]}]},{\"@type\":\"ImageObject\",\"inLanguage\":\"de\",\"@id\":\"https:\/\/www.csj-emballages.com\/de\/produit\/150-muffinbehaelter-sortiert-tulpe-fettdichtes-papier-50-x-100-mm\/#primaryimage\",\"url\":\"https:\/\/www.csj-emballages.com\/wp-content\/uploads\/2024\/03\/MF175.webp\",\"contentUrl\":\"https:\/\/www.csj-emballages.com\/wp-content\/uploads\/2024\/03\/MF175.webp\",\"width\":800,\"height\":800,\"caption\":\"Caissette \u00e0 muffin\"},{\"@type\":\"BreadcrumbList\",\"@id\":\"https:\/\/www.csj-emballages.com\/de\/produit\/150-muffinbehaelter-sortiert-tulpe-fettdichtes-papier-50-x-100-mm\/#breadcrumb\",\"itemListElement\":[{\"@type\":\"ListItem\",\"position\":1,\"name\":\"Accueil\",\"item\":\"https:\/\/www.csj-emballages.com\/de\/universum-lebensmittelverpackungen\/\"},{\"@type\":\"ListItem\",\"position\":2,\"name\":\"Shop\",\"item\":\"https:\/\/www.csj-emballages.com\/shop\/\"},{\"@type\":\"ListItem\",\"position\":3,\"name\":\"Muffinbox Tulpe fettdichtes Papier 17,5 x 17,5cm pro 150\"}]},{\"@type\":\"WebSite\",\"@id\":\"https:\/\/www.csj-emballages.com\/de\/#website\",\"url\":\"https:\/\/www.csj-emballages.com\/de\/\",\"name\":\"CSJ Emballages\",\"description\":\"\",\"publisher\":{\"@id\":\"https:\/\/www.csj-emballages.com\/de\/#organization\"},\"potentialAction\":[{\"@type\":\"SearchAction\",\"target\":{\"@type\":\"EntryPoint\",\"urlTemplate\":\"https:\/\/www.csj-emballages.com\/de\/?s={search_term_string}\"},\"query-input\":{\"@type\":\"PropertyValueSpecification\",\"valueRequired\":true,\"valueName\":\"search_term_string\"}}],\"inLanguage\":\"de\"},{\"@type\":\"Organization\",\"@id\":\"https:\/\/www.csj-emballages.com\/de\/#Organization\/\",\"name\":\"CSJ Emballages\",\"url\":\"https:\/\/www.csj-emballages.com\/de\/\",\"logo\":{\"@type\":\"ImageObject\",\"inLanguage\":\"de\",\"@id\":\"https:\/\/www.csj-emballages.com\/de\/#\/schema\/logo\/image\/\",\"url\":\"https:\/\/www.csj-emballages.com\/wp-content\/uploads\/2023\/10\/logo_csj.webp\",\"contentUrl\":\"https:\/\/www.csj-emballages.com\/wp-content\/uploads\/2023\/10\/logo_csj.webp\",\"width\":250,\"height\":95,\"caption\":\"CSJ Emballages\"},\"image\":{\"@id\":\"https:\/\/www.csj-emballages.com\/de\/#\/schema\/logo\/image\/\"},\"sameAs\":[\"https:\/\/www.facebook.com\/csjemballages\"],\"address\":{\"@type\":\"PostalAddress\",\"streetAddress\":\"ZI La Lechere\",\"addressLocality\":\"Patornay\",\"postalCode\":\"39130\",\"addressCountry\":\"FR\"},\"contactPoint\":[{\"@type\":\"ContactPoint\",\"contactType\":\"Service client\",\"telephone\":\"0384254272\",\"email\":\"contact@csj-emballages.com\"}]}]}<\/script>\n<!-- \/ Yoast SEO Premium plugin. -->","yoast_head_json":{"title":"Muffinbeh\u00e4lter Tulpe Papier fettdicht 50 x 100 mm pro 150","description":"Tulpenf\u00f6rmige Muffinbox 50 x 100 mm pro 150, fettdichtes Papier mit einer Best\u00e4ndigkeit von -40 \u00b0C bis 220 \u00b0C, farbenfroher Stil f\u00fcr Muffins und Cupcakes.","robots":{"index":"index","follow":"follow","max-snippet":"max-snippet:-1","max-image-preview":"max-image-preview:large","max-video-preview":"max-video-preview:-1"},"canonical":"https:\/\/www.csj-emballages.com\/de\/produit\/150-muffinbehaelter-sortiert-tulpe-fettdichtes-papier-50-x-100-mm\/","og_locale":"de_DE","og_type":"article","og_title":"Muffinbox Tulpe fettdichtes Papier 17,5 x 17,5cm pro 150","og_description":"Tulpenf\u00f6rmige Muffinbox 50 x 100 mm pro 150, fettdichtes Papier mit einer Best\u00e4ndigkeit von -40 \u00b0C bis 220 \u00b0C, farbenfroher Stil f\u00fcr Muffins und Cupcakes.","og_url":"https:\/\/www.csj-emballages.com\/de\/produit\/150-muffinbehaelter-sortiert-tulpe-fettdichtes-papier-50-x-100-mm\/","og_site_name":"CSJ Emballages","article_publisher":"https:\/\/www.facebook.com\/csjemballages","article_modified_time":"2026-03-18T01:14:36+00:00","og_image":[{"width":800,"height":800,"url":"https:\/\/www.csj-emballages.com\/wp-content\/uploads\/2024\/03\/MF175.webp","type":"image\/webp"}],"twitter_card":"summary_large_image","twitter_misc":{"Gesch\u00e4tzte Lesezeit":"2 Minuten"},"schema":{"@context":"https:\/\/schema.org","@graph":[{"@type":"WebPage","@id":"https:\/\/www.csj-emballages.com\/de\/produit\/150-muffinbehaelter-sortiert-tulpe-fettdichtes-papier-50-x-100-mm\/","url":"https:\/\/www.csj-emballages.com\/de\/produit\/150-muffinbehaelter-sortiert-tulpe-fettdichtes-papier-50-x-100-mm\/","name":"Muffinbeh\u00e4lter Tulpe Papier fettdicht 50 x 100 mm pro 150","isPartOf":{"@id":"https:\/\/www.csj-emballages.com\/de\/#website"},"primaryImageOfPage":{"@id":"https:\/\/www.csj-emballages.com\/de\/produit\/150-muffinbehaelter-sortiert-tulpe-fettdichtes-papier-50-x-100-mm\/#primaryimage"},"image":{"@id":"https:\/\/www.csj-emballages.com\/de\/produit\/150-muffinbehaelter-sortiert-tulpe-fettdichtes-papier-50-x-100-mm\/#primaryimage"},"thumbnailUrl":"https:\/\/www.csj-emballages.com\/wp-content\/uploads\/2024\/03\/MF175.webp","datePublished":"2024-03-01T15:51:47+00:00","dateModified":"2026-03-18T01:14:36+00:00","description":"Tulpenf\u00f6rmige Muffinbox 50 x 100 mm pro 150, fettdichtes Papier mit einer Best\u00e4ndigkeit von -40 \u00b0C bis 220 \u00b0C, farbenfroher Stil f\u00fcr Muffins und Cupcakes.","breadcrumb":{"@id":"https:\/\/www.csj-emballages.com\/de\/produit\/150-muffinbehaelter-sortiert-tulpe-fettdichtes-papier-50-x-100-mm\/#breadcrumb"},"inLanguage":"de","potentialAction":[{"@type":"ReadAction","target":["https:\/\/www.csj-emballages.com\/de\/produit\/150-muffinbehaelter-sortiert-tulpe-fettdichtes-papier-50-x-100-mm\/"]}]},{"@type":"ImageObject","inLanguage":"de","@id":"https:\/\/www.csj-emballages.com\/de\/produit\/150-muffinbehaelter-sortiert-tulpe-fettdichtes-papier-50-x-100-mm\/#primaryimage","url":"https:\/\/www.csj-emballages.com\/wp-content\/uploads\/2024\/03\/MF175.webp","contentUrl":"https:\/\/www.csj-emballages.com\/wp-content\/uploads\/2024\/03\/MF175.webp","width":800,"height":800,"caption":"Caissette \u00e0 muffin"},{"@type":"BreadcrumbList","@id":"https:\/\/www.csj-emballages.com\/de\/produit\/150-muffinbehaelter-sortiert-tulpe-fettdichtes-papier-50-x-100-mm\/#breadcrumb","itemListElement":[{"@type":"ListItem","position":1,"name":"Accueil","item":"https:\/\/www.csj-emballages.com\/de\/universum-lebensmittelverpackungen\/"},{"@type":"ListItem","position":2,"name":"Shop","item":"https:\/\/www.csj-emballages.com\/shop\/"},{"@type":"ListItem","position":3,"name":"Muffinbox Tulpe fettdichtes Papier 17,5 x 17,5cm pro 150"}]},{"@type":"WebSite","@id":"https:\/\/www.csj-emballages.com\/de\/#website","url":"https:\/\/www.csj-emballages.com\/de\/","name":"CSJ Emballages","description":"","publisher":{"@id":"https:\/\/www.csj-emballages.com\/de\/#organization"},"potentialAction":[{"@type":"SearchAction","target":{"@type":"EntryPoint","urlTemplate":"https:\/\/www.csj-emballages.com\/de\/?s={search_term_string}"},"query-input":{"@type":"PropertyValueSpecification","valueRequired":true,"valueName":"search_term_string"}}],"inLanguage":"de"},{"@type":"Organization","@id":"https:\/\/www.csj-emballages.com\/de\/#Organization\/","name":"CSJ Emballages","url":"https:\/\/www.csj-emballages.com\/de\/","logo":{"@type":"ImageObject","inLanguage":"de","@id":"https:\/\/www.csj-emballages.com\/de\/#\/schema\/logo\/image\/","url":"https:\/\/www.csj-emballages.com\/wp-content\/uploads\/2023\/10\/logo_csj.webp","contentUrl":"https:\/\/www.csj-emballages.com\/wp-content\/uploads\/2023\/10\/logo_csj.webp","width":250,"height":95,"caption":"CSJ Emballages"},"image":{"@id":"https:\/\/www.csj-emballages.com\/de\/#\/schema\/logo\/image\/"},"sameAs":["https:\/\/www.facebook.com\/csjemballages"],"address":{"@type":"PostalAddress","streetAddress":"ZI La Lechere","addressLocality":"Patornay","postalCode":"39130","addressCountry":"FR"},"contactPoint":[{"@type":"ContactPoint","contactType":"Service client","telephone":"0384254272","email":"contact@csj-emballages.com"}]}]}},"df_price":7.73,"df_sale_price":7.73,"df_regular_price":8.58,"df_image_link":"https:\/\/www.csj-emballages.com\/wp-content\/uploads\/2024\/03\/MF175-300x300.webp","tiered_pricing_type":"fixed","tiered_pricing_fixed_rules":[],"tiered_pricing_percentage_rules":[],"tiered_pricing_minimum":1,"tiered_pricing_roles_data":[],"_links":{"self":[{"href":"https:\/\/www.csj-emballages.com\/de\/wp-json\/wp\/v2\/product\/22037","targetHints":{"allow":["GET"]}}],"collection":[{"href":"https:\/\/www.csj-emballages.com\/de\/wp-json\/wp\/v2\/product"}],"about":[{"href":"https:\/\/www.csj-emballages.com\/de\/wp-json\/wp\/v2\/types\/product"}],"wp:featuredmedia":[{"embeddable":true,"href":"https:\/\/www.csj-emballages.com\/de\/wp-json\/wp\/v2\/media\/244359"}],"wp:attachment":[{"href":"https:\/\/www.csj-emballages.com\/de\/wp-json\/wp\/v2\/media?parent=22037"}],"wp:term":[{"taxonomy":"product_brand","embeddable":true,"href":"https:\/\/www.csj-emballages.com\/de\/wp-json\/wp\/v2\/product_brand?post=22037"},{"taxonomy":"product_cat","embeddable":true,"href":"https:\/\/www.csj-emballages.com\/de\/wp-json\/wp\/v2\/product_cat?post=22037"},{"taxonomy":"product_tag","embeddable":true,"href":"https:\/\/www.csj-emballages.com\/de\/wp-json\/wp\/v2\/product_tag?post=22037"}],"curies":[{"name":"wp","href":"https:\/\/api.w.org\/{rel}","templated":true}]}}