{"id":22035,"date":"2024-03-01T16:51:44","date_gmt":"2024-03-01T15:51:44","guid":{"rendered":"https:\/\/u15jnbdpoq.preview.infomaniak.website\/produit\/1-minipalette-aus-holz-30-x-20-x-2-cm\/"},"modified":"2026-05-01T02:13:31","modified_gmt":"2026-05-01T00:13:31","slug":"1-minipalette-aus-holz-30-x-20-x-2-cm","status":"publish","type":"product","link":"https:\/\/www.csj-emballages.com\/de\/produit\/1-minipalette-aus-holz-30-x-20-x-2-cm\/","title":{"rendered":"Mini Holzpalette 30 x 20 x 2 cm"},"content":{"rendered":"<h2>Mini-Palette<\/h2>\n<hr>\n<h3>Beschreibung unserer Mini Holzpalette 30 x 20 x 2 cm<\/h3>\n<p><!--more--><\/p>\n<p data-start=\"0\" data-end=\"477\">Die <strong data-start=\"34\" data-end=\"73\">Minipalette aus Holz 30 x 20 x 2 cm<\/strong> ist eine ideale L\u00f6sung f\u00fcr die Pr\u00e4sentation von <strong>kleinen Leckereien<\/strong>. Sie ist von Industriepaletten inspiriert und verleiht Ihren Inszenierungen einen rustikalen und originellen Touch. Sie eignet sich perfekt f\u00fcr <strong data-start=\"276\" data-end=\"333\" data-is-only-node=\"\">Caterer, Restaurants, H\u00e4ndler und Privatpersonen und<\/strong> kann als dekorative Unterlage, Serviertablett oder Display f\u00fcr Lebensmittel, Kosmetika oder handwerkliche Produkte verwendet werden.  <\/p>\n<p><!--more--><\/p>\n<div style=\"font-family: Roboto, sans-serif;\">\n<div style=\"font-family: Roboto, sans-serif;\">\n<div style=\"font-family: Roboto, sans-serif;\">\n<div style=\"font-family: Roboto, sans-serif;\">\n<div style=\"font-family: Roboto, sans-serif;\">\n<div style=\"font-family: Roboto, sans-serif;\">\n<p style=\"text-align: left;\"><strong>Ihre Vorteile :<\/strong><\/p>\n<ul style=\"text-align: left;\">\n<li data-start=\"497\" data-end=\"569\"><strong data-start=\"499\" data-end=\"521\">Robust und langlebig<\/strong>: Diese Mini-Holzpalette ist aus stabilem Holz gefertigt und f\u00fcr den wiederholten Gebrauch geeignet.<\/li>\n<li data-start=\"570\" data-end=\"689\"><strong data-start=\"572\" data-end=\"587\">Vielseitig<\/strong> einsetzbar : Ideal f\u00fcr die Pr\u00e4sentation von Produkten, die Gestaltung von Schaufenstern oder den Service in der Gastronomie.<\/li>\n<li data-start=\"690\" data-end=\"762\"><strong data-start=\"692\" data-end=\"716\">Nat\u00fcrliche \u00c4sthetik<\/strong>: Sorgt f\u00fcr ein authentisches und elegantes Aussehen.<\/li>\n<li data-start=\"763\" data-end=\"839\"><strong data-start=\"765\" data-end=\"779\">Umweltfreundlich<\/strong>: Hergestellt aus Holz, einem nat\u00fcrlichen und wiederverwertbaren Material.<\/li>\n<li data-start=\"840\" data-end=\"928\"><strong data-start=\"842\" data-end=\"865\">Pflegeleicht<\/strong>: Schnelle Reinigung mit einem trockenen oder leicht feuchten Tuch.<\/li>\n<\/ul>\n<\/div>\n<div style=\"font-family: Roboto, sans-serif;\"><\/div>\n<\/div>\n<\/div>\n<\/div>\n<\/div>\n<\/div>\n<p><!--more--><\/p>\n<div style=\"font-family: Roboto, sans-serif;\">\n<div style=\"font-family: Roboto, sans-serif;\">\n<div style=\"font-family: Roboto, sans-serif;\">\n<h4>Weitere Informationen :<\/h4>\n<ul>\n<li><strong>Verpackung<\/strong>: Einzeln<\/li>\n<li><strong>Ma\u00dfe<\/strong>: 30 x 20 x 2 cm<\/li>\n<li><strong>Material<\/strong>: Holz<\/li>\n<li><strong>Farbe<\/strong>: Beige<\/li>\n<\/ul>\n<p>&nbsp;<\/p>\n<\/div>\n<\/div>\n<\/div>\n<div style=\"font-family: Roboto, sans-serif;\">\n<div style=\"font-family: Roboto, sans-serif;\">\n<div style=\"font-family: Roboto, sans-serif;\">\n<p><!--more--><\/p>\n<p><a href=\"https:\/\/www.csj-emballages.com\/de\/categorie-produit\/lebensmittelverpackungen\/metzgerei-und-feinkostgeschaft\/tabletts\/mignardises-platten-verrines\/\">Sehen Sie sich den Rest unseres Sortiments an Signature Dishes an<\/a><\/p>\n<\/div>\n<\/div>\n<\/div>\n","protected":false},"excerpt":{"rendered":"<p>Mini-Palette Beschreibung unserer Mini Holzpalette 30 x 20 x 2 cm<\/p>\n","protected":false},"featured_media":227356,"template":"","meta":{"_acf_changed":false},"product_brand":[],"product_cat":[1170,2881,1279],"product_tag":[],"class_list":{"0":"post-22035","1":"product","2":"type-product","3":"status-publish","4":"has-post-thumbnail","6":"product_cat-metzgerei-und-feinkostgeschaft","7":"product_cat-mignardises-platten-verrines","8":"product_cat-schalen-topfe-glaser","10":"first","11":"outofstock","12":"taxable","13":"shipping-taxable","14":"purchasable","15":"product-type-simple"},"acf":[],"yoast_head":"<!-- This site is optimized with the Yoast SEO Premium plugin v26.6 (Yoast SEO v26.6) - https:\/\/yoast.com\/wordpress\/plugins\/seo\/ -->\n<title>Mini Holzpalette f\u00fcr Pr\u00e4sentationen 300 x 200 x 20 mm<\/title>\n<meta name=\"description\" content=\"Entdecke unsere Mini-Holzpalette 30 x 20 x 2 cm, die perfekt ist, um deine Produkte stilvoll zu pr\u00e4sentieren und zu transportieren. Robust, vielseitig und umweltfreundlich!\" \/>\n<meta name=\"robots\" content=\"index, follow, max-snippet:-1, max-image-preview:large, max-video-preview:-1\" \/>\n<link rel=\"canonical\" href=\"https:\/\/www.csj-emballages.com\/de\/produit\/1-minipalette-aus-holz-30-x-20-x-2-cm\/\" \/>\n<meta property=\"og:locale\" content=\"de_DE\" \/>\n<meta property=\"og:type\" content=\"article\" \/>\n<meta property=\"og:title\" content=\"Mini Holzpalette 30 x 20 x 2 cm\" \/>\n<meta property=\"og:description\" content=\"Entdecke unsere Mini-Holzpalette 30 x 20 x 2 cm, die perfekt ist, um deine Produkte stilvoll zu pr\u00e4sentieren und zu transportieren. Robust, vielseitig und umweltfreundlich!\" \/>\n<meta property=\"og:url\" content=\"https:\/\/www.csj-emballages.com\/de\/produit\/1-minipalette-aus-holz-30-x-20-x-2-cm\/\" \/>\n<meta property=\"og:site_name\" content=\"CSJ Emballages\" \/>\n<meta property=\"article:publisher\" content=\"https:\/\/www.facebook.com\/csjemballages\" \/>\n<meta property=\"article:modified_time\" content=\"2026-05-01T00:13:31+00:00\" \/>\n<meta property=\"og:image\" content=\"https:\/\/www.csj-emballages.com\/wp-content\/uploads\/2024\/03\/mini-palette.webp\" \/>\n\t<meta property=\"og:image:width\" content=\"800\" \/>\n\t<meta property=\"og:image:height\" content=\"800\" \/>\n\t<meta property=\"og:image:type\" content=\"image\/webp\" \/>\n<meta name=\"twitter:card\" content=\"summary_large_image\" \/>\n<meta name=\"twitter:label1\" content=\"Gesch\u00e4tzte Lesezeit\" \/>\n\t<meta name=\"twitter:data1\" content=\"1\u00a0Minute\" \/>\n<script type=\"application\/ld+json\" class=\"yoast-schema-graph\">{\"@context\":\"https:\/\/schema.org\",\"@graph\":[{\"@type\":\"WebPage\",\"@id\":\"https:\/\/www.csj-emballages.com\/de\/produit\/1-minipalette-aus-holz-30-x-20-x-2-cm\/\",\"url\":\"https:\/\/www.csj-emballages.com\/de\/produit\/1-minipalette-aus-holz-30-x-20-x-2-cm\/\",\"name\":\"Mini Holzpalette f\u00fcr Pr\u00e4sentationen 300 x 200 x 20 mm\",\"isPartOf\":{\"@id\":\"https:\/\/www.csj-emballages.com\/de\/#website\"},\"primaryImageOfPage\":{\"@id\":\"https:\/\/www.csj-emballages.com\/de\/produit\/1-minipalette-aus-holz-30-x-20-x-2-cm\/#primaryimage\"},\"image\":{\"@id\":\"https:\/\/www.csj-emballages.com\/de\/produit\/1-minipalette-aus-holz-30-x-20-x-2-cm\/#primaryimage\"},\"thumbnailUrl\":\"https:\/\/www.csj-emballages.com\/wp-content\/uploads\/2024\/03\/mini-palette.webp\",\"datePublished\":\"2024-03-01T15:51:44+00:00\",\"dateModified\":\"2026-05-01T00:13:31+00:00\",\"description\":\"Entdecke unsere Mini-Holzpalette 30 x 20 x 2 cm, die perfekt ist, um deine Produkte stilvoll zu pr\u00e4sentieren und zu transportieren. Robust, vielseitig und umweltfreundlich!\",\"breadcrumb\":{\"@id\":\"https:\/\/www.csj-emballages.com\/de\/produit\/1-minipalette-aus-holz-30-x-20-x-2-cm\/#breadcrumb\"},\"inLanguage\":\"de\",\"potentialAction\":[{\"@type\":\"ReadAction\",\"target\":[\"https:\/\/www.csj-emballages.com\/de\/produit\/1-minipalette-aus-holz-30-x-20-x-2-cm\/\"]}]},{\"@type\":\"ImageObject\",\"inLanguage\":\"de\",\"@id\":\"https:\/\/www.csj-emballages.com\/de\/produit\/1-minipalette-aus-holz-30-x-20-x-2-cm\/#primaryimage\",\"url\":\"https:\/\/www.csj-emballages.com\/wp-content\/uploads\/2024\/03\/mini-palette.webp\",\"contentUrl\":\"https:\/\/www.csj-emballages.com\/wp-content\/uploads\/2024\/03\/mini-palette.webp\",\"width\":800,\"height\":800,\"caption\":\"mini palette\"},{\"@type\":\"BreadcrumbList\",\"@id\":\"https:\/\/www.csj-emballages.com\/de\/produit\/1-minipalette-aus-holz-30-x-20-x-2-cm\/#breadcrumb\",\"itemListElement\":[{\"@type\":\"ListItem\",\"position\":1,\"name\":\"Accueil\",\"item\":\"https:\/\/www.csj-emballages.com\/de\/universum-lebensmittelverpackungen\/\"},{\"@type\":\"ListItem\",\"position\":2,\"name\":\"Shop\",\"item\":\"https:\/\/www.csj-emballages.com\/shop\/\"},{\"@type\":\"ListItem\",\"position\":3,\"name\":\"Mini Holzpalette 30 x 20 x 2 cm\"}]},{\"@type\":\"WebSite\",\"@id\":\"https:\/\/www.csj-emballages.com\/de\/#website\",\"url\":\"https:\/\/www.csj-emballages.com\/de\/\",\"name\":\"CSJ Emballages\",\"description\":\"\",\"publisher\":{\"@id\":\"https:\/\/www.csj-emballages.com\/de\/#organization\"},\"potentialAction\":[{\"@type\":\"SearchAction\",\"target\":{\"@type\":\"EntryPoint\",\"urlTemplate\":\"https:\/\/www.csj-emballages.com\/de\/?s={search_term_string}\"},\"query-input\":{\"@type\":\"PropertyValueSpecification\",\"valueRequired\":true,\"valueName\":\"search_term_string\"}}],\"inLanguage\":\"de\"},{\"@type\":\"Organization\",\"@id\":\"https:\/\/www.csj-emballages.com\/de\/#Organization\/\",\"name\":\"CSJ Emballages\",\"url\":\"https:\/\/www.csj-emballages.com\/de\/\",\"logo\":{\"@type\":\"ImageObject\",\"inLanguage\":\"de\",\"@id\":\"https:\/\/www.csj-emballages.com\/de\/#\/schema\/logo\/image\/\",\"url\":\"https:\/\/www.csj-emballages.com\/wp-content\/uploads\/2023\/10\/logo_csj.webp\",\"contentUrl\":\"https:\/\/www.csj-emballages.com\/wp-content\/uploads\/2023\/10\/logo_csj.webp\",\"width\":250,\"height\":95,\"caption\":\"CSJ Emballages\"},\"image\":{\"@id\":\"https:\/\/www.csj-emballages.com\/de\/#\/schema\/logo\/image\/\"},\"sameAs\":[\"https:\/\/www.facebook.com\/csjemballages\"],\"address\":{\"@type\":\"PostalAddress\",\"streetAddress\":\"ZI La Lechere\",\"addressLocality\":\"Patornay\",\"postalCode\":\"39130\",\"addressCountry\":\"FR\"},\"contactPoint\":[{\"@type\":\"ContactPoint\",\"contactType\":\"Service client\",\"telephone\":\"0384254272\",\"email\":\"contact@csj-emballages.com\"}]}]}<\/script>\n<!-- \/ Yoast SEO Premium plugin. -->","yoast_head_json":{"title":"Mini Holzpalette f\u00fcr Pr\u00e4sentationen 300 x 200 x 20 mm","description":"Entdecke unsere Mini-Holzpalette 30 x 20 x 2 cm, die perfekt ist, um deine Produkte stilvoll zu pr\u00e4sentieren und zu transportieren. Robust, vielseitig und umweltfreundlich!","robots":{"index":"index","follow":"follow","max-snippet":"max-snippet:-1","max-image-preview":"max-image-preview:large","max-video-preview":"max-video-preview:-1"},"canonical":"https:\/\/www.csj-emballages.com\/de\/produit\/1-minipalette-aus-holz-30-x-20-x-2-cm\/","og_locale":"de_DE","og_type":"article","og_title":"Mini Holzpalette 30 x 20 x 2 cm","og_description":"Entdecke unsere Mini-Holzpalette 30 x 20 x 2 cm, die perfekt ist, um deine Produkte stilvoll zu pr\u00e4sentieren und zu transportieren. Robust, vielseitig und umweltfreundlich!","og_url":"https:\/\/www.csj-emballages.com\/de\/produit\/1-minipalette-aus-holz-30-x-20-x-2-cm\/","og_site_name":"CSJ Emballages","article_publisher":"https:\/\/www.facebook.com\/csjemballages","article_modified_time":"2026-05-01T00:13:31+00:00","og_image":[{"width":800,"height":800,"url":"https:\/\/www.csj-emballages.com\/wp-content\/uploads\/2024\/03\/mini-palette.webp","type":"image\/webp"}],"twitter_card":"summary_large_image","twitter_misc":{"Gesch\u00e4tzte Lesezeit":"1\u00a0Minute"},"schema":{"@context":"https:\/\/schema.org","@graph":[{"@type":"WebPage","@id":"https:\/\/www.csj-emballages.com\/de\/produit\/1-minipalette-aus-holz-30-x-20-x-2-cm\/","url":"https:\/\/www.csj-emballages.com\/de\/produit\/1-minipalette-aus-holz-30-x-20-x-2-cm\/","name":"Mini Holzpalette f\u00fcr Pr\u00e4sentationen 300 x 200 x 20 mm","isPartOf":{"@id":"https:\/\/www.csj-emballages.com\/de\/#website"},"primaryImageOfPage":{"@id":"https:\/\/www.csj-emballages.com\/de\/produit\/1-minipalette-aus-holz-30-x-20-x-2-cm\/#primaryimage"},"image":{"@id":"https:\/\/www.csj-emballages.com\/de\/produit\/1-minipalette-aus-holz-30-x-20-x-2-cm\/#primaryimage"},"thumbnailUrl":"https:\/\/www.csj-emballages.com\/wp-content\/uploads\/2024\/03\/mini-palette.webp","datePublished":"2024-03-01T15:51:44+00:00","dateModified":"2026-05-01T00:13:31+00:00","description":"Entdecke unsere Mini-Holzpalette 30 x 20 x 2 cm, die perfekt ist, um deine Produkte stilvoll zu pr\u00e4sentieren und zu transportieren. Robust, vielseitig und umweltfreundlich!","breadcrumb":{"@id":"https:\/\/www.csj-emballages.com\/de\/produit\/1-minipalette-aus-holz-30-x-20-x-2-cm\/#breadcrumb"},"inLanguage":"de","potentialAction":[{"@type":"ReadAction","target":["https:\/\/www.csj-emballages.com\/de\/produit\/1-minipalette-aus-holz-30-x-20-x-2-cm\/"]}]},{"@type":"ImageObject","inLanguage":"de","@id":"https:\/\/www.csj-emballages.com\/de\/produit\/1-minipalette-aus-holz-30-x-20-x-2-cm\/#primaryimage","url":"https:\/\/www.csj-emballages.com\/wp-content\/uploads\/2024\/03\/mini-palette.webp","contentUrl":"https:\/\/www.csj-emballages.com\/wp-content\/uploads\/2024\/03\/mini-palette.webp","width":800,"height":800,"caption":"mini palette"},{"@type":"BreadcrumbList","@id":"https:\/\/www.csj-emballages.com\/de\/produit\/1-minipalette-aus-holz-30-x-20-x-2-cm\/#breadcrumb","itemListElement":[{"@type":"ListItem","position":1,"name":"Accueil","item":"https:\/\/www.csj-emballages.com\/de\/universum-lebensmittelverpackungen\/"},{"@type":"ListItem","position":2,"name":"Shop","item":"https:\/\/www.csj-emballages.com\/shop\/"},{"@type":"ListItem","position":3,"name":"Mini Holzpalette 30 x 20 x 2 cm"}]},{"@type":"WebSite","@id":"https:\/\/www.csj-emballages.com\/de\/#website","url":"https:\/\/www.csj-emballages.com\/de\/","name":"CSJ Emballages","description":"","publisher":{"@id":"https:\/\/www.csj-emballages.com\/de\/#organization"},"potentialAction":[{"@type":"SearchAction","target":{"@type":"EntryPoint","urlTemplate":"https:\/\/www.csj-emballages.com\/de\/?s={search_term_string}"},"query-input":{"@type":"PropertyValueSpecification","valueRequired":true,"valueName":"search_term_string"}}],"inLanguage":"de"},{"@type":"Organization","@id":"https:\/\/www.csj-emballages.com\/de\/#Organization\/","name":"CSJ Emballages","url":"https:\/\/www.csj-emballages.com\/de\/","logo":{"@type":"ImageObject","inLanguage":"de","@id":"https:\/\/www.csj-emballages.com\/de\/#\/schema\/logo\/image\/","url":"https:\/\/www.csj-emballages.com\/wp-content\/uploads\/2023\/10\/logo_csj.webp","contentUrl":"https:\/\/www.csj-emballages.com\/wp-content\/uploads\/2023\/10\/logo_csj.webp","width":250,"height":95,"caption":"CSJ Emballages"},"image":{"@id":"https:\/\/www.csj-emballages.com\/de\/#\/schema\/logo\/image\/"},"sameAs":["https:\/\/www.facebook.com\/csjemballages"],"address":{"@type":"PostalAddress","streetAddress":"ZI La Lechere","addressLocality":"Patornay","postalCode":"39130","addressCountry":"FR"},"contactPoint":[{"@type":"ContactPoint","contactType":"Service client","telephone":"0384254272","email":"contact@csj-emballages.com"}]}]}},"df_price":4.58,"df_sale_price":"","df_regular_price":4.58,"df_image_link":"https:\/\/www.csj-emballages.com\/wp-content\/uploads\/2024\/03\/mini-palette-300x300.webp","tiered_pricing_type":"fixed","tiered_pricing_fixed_rules":[],"tiered_pricing_percentage_rules":[],"tiered_pricing_minimum":1,"tiered_pricing_roles_data":[],"_links":{"self":[{"href":"https:\/\/www.csj-emballages.com\/de\/wp-json\/wp\/v2\/product\/22035","targetHints":{"allow":["GET"]}}],"collection":[{"href":"https:\/\/www.csj-emballages.com\/de\/wp-json\/wp\/v2\/product"}],"about":[{"href":"https:\/\/www.csj-emballages.com\/de\/wp-json\/wp\/v2\/types\/product"}],"wp:featuredmedia":[{"embeddable":true,"href":"https:\/\/www.csj-emballages.com\/de\/wp-json\/wp\/v2\/media\/227356"}],"wp:attachment":[{"href":"https:\/\/www.csj-emballages.com\/de\/wp-json\/wp\/v2\/media?parent=22035"}],"wp:term":[{"taxonomy":"product_brand","embeddable":true,"href":"https:\/\/www.csj-emballages.com\/de\/wp-json\/wp\/v2\/product_brand?post=22035"},{"taxonomy":"product_cat","embeddable":true,"href":"https:\/\/www.csj-emballages.com\/de\/wp-json\/wp\/v2\/product_cat?post=22035"},{"taxonomy":"product_tag","embeddable":true,"href":"https:\/\/www.csj-emballages.com\/de\/wp-json\/wp\/v2\/product_tag?post=22035"}],"curies":[{"name":"wp","href":"https:\/\/api.w.org\/{rel}","templated":true}]}}