{"id":22032,"date":"2024-03-01T16:51:47","date_gmt":"2024-03-01T15:51:47","guid":{"rendered":"https:\/\/u15jnbdpoq.preview.infomaniak.website\/produit\/50-mini-kristall-loeffel-fuer-plastikglaeser\/"},"modified":"2026-05-06T17:01:31","modified_gmt":"2026-05-06T15:01:31","slug":"50-mini-kristall-loeffel-fuer-plastikglaeser","status":"publish","type":"product","link":"https:\/\/www.csj-emballages.com\/de\/produit\/50-mini-kristall-loeffel-fuer-plastikglaeser\/","title":{"rendered":"Mini-L\u00f6ffel aus Kunststoff Kristallglas f\u00fcr Verrine pro 50"},"content":{"rendered":"<h2 class=\"p1 ai-optimize-26\"><span class=\"s1\">Mini-Kunststoffl\u00f6ffel<\/span> <\/h2>\n<div style=\"font-family: Roboto, sans-serif;\">\n<div style=\"font-family: Roboto, sans-serif;\">\n<div style=\"font-family: Roboto, sans-serif;\">\n<div style=\"font-family: Roboto, sans-serif;\">\n<div style=\"font-family: Roboto, sans-serif;\">\n<div style=\"font-family: Roboto, sans-serif;\">\n<hr>\n<h3 class=\"ai-optimize-27\">Beschreibung von unserem<span class=\"s1\">Mini<\/span> Kristall Plastik L\u00f6ffel f\u00fcr Verrine pro 50<\/h3>\n<p><!--more--><\/p>\n<\/div>\n<\/div>\n<\/div>\n<\/div>\n<\/div>\n<\/div>\n<p class=\"ai-optimize-38 ai-optimize-introduction\" data-start=\"281\" data-end=\"606\">Diese <strong>Mini-L\u00f6ffel aus Kristallplastik<\/strong> eignen sich perfekt f\u00fcr alle Ihre Empf\u00e4nge und sind ein Muss, um Buffets, Cocktails, Aperitifs oder Desserts zu verfeinern. Ihr kleines, elegantes und transparentes Format macht sie zum idealen Begleiter f\u00fcr <strong data-start=\"511\" data-end=\"541\">s\u00fc\u00dfe oder salzige Gl<\/strong>\u00e4ser, da sie die Zubereitung aufwerten, ohne die Pr\u00e4sentation zu verdecken. Diese <strong>L\u00f6ffel<\/strong> aus <strong>festem Kunststoff<\/strong> vereinen <strong data-start=\"681\" data-end=\"712\">\u00c4sthetik und Praktikabilit\u00e4t<\/strong>. Sie liegen trotz ihrer geringen Gr\u00f6\u00dfe gut in der Hand und verbiegen sich bei der Benutzung nicht. Sie eignen sich sowohl f\u00fcr professionelle Veranstaltungen (Catering, Restaurants, Konditoreien, Eventveranstalter) als auch f\u00fcr pers\u00f6nliche Anl\u00e4sse wie Geburtstage, Hochzeiten oder ein Festessen mit Freunden.    <\/p>\n<p class=\"ai-optimize-39\" data-start=\"1044\" data-end=\"1305\">Sie sehen nicht nur schlicht und raffiniert aus, sondern sind auch <strong data-start=\"1094\" data-end=\"1106\">Einwegartikel<\/strong>, was das Servieren und Reinigen nach der Veranstaltung erheblich erleichtert. Sie werden im Set von <strong>50<\/strong> St\u00fcck geliefert und erm\u00f6glichen es Ihnen, eine gro\u00dfz\u00fcgige Anzahl von H\u00e4ppchen zu planen und gleichzeitig ein <strong data-start=\"1285\" data-end=\"1304\">\u00fcberschaubares Budget<\/strong> einzuhalten. <\/p>\n<p class=\"ai-optimize-40\" data-start=\"1307\" data-end=\"1511\">Sie sind ideal f\u00fcr alle individuellen Pr\u00e4sentationen und verleihen Ihren Kreationen einen Hauch von <strong data-start=\"1388\" data-end=\"1403\">Raffinesse<\/strong>, ohne Kompromisse bei der Praktikabilit\u00e4t einzugehen. So sparen Sie Zeit, ohne auf Eleganz verzichten zu m\u00fcssen! <\/p>\n<p data-start=\"1307\" data-end=\"1511\">\n<p><!--more--><\/p>\n<div style=\"font-family: Roboto, sans-serif;\">\n<div style=\"font-family: Roboto, sans-serif;\">\n<div style=\"font-family: Roboto, sans-serif;\">\n<div style=\"font-family: Roboto, sans-serif;\">\n<div style=\"font-family: Roboto, sans-serif;\">\n<div style=\"font-family: Roboto, sans-serif;\">\n<p class=\"ai-optimize-30\"><strong>Ihre Vorteile :<\/strong><\/p>\n<ul>\n<li class=\"ai-optimize-31\">Praktisches Miniformat f\u00fcr Verrinen, Mignardises und Verkostungen.<\/li>\n<li class=\"ai-optimize-32\">Transparente, kristall\u00e4hnliche \u00c4sthetik f\u00fcr ein elegantes Erscheinungsbild.<\/li>\n<li class=\"ai-optimize-33\">Hochwertiges <strong>Hartplastik<\/strong>: verbiegt sich nicht, angenehm zu verwenden.<\/li>\n<li class=\"ai-optimize-34\"><strong>Einweg<\/strong>: spart Zeit und ist praktisch f\u00fcr den Service.<\/li>\n<\/ul>\n<p>&nbsp;<\/p>\n<\/div>\n<\/div>\n<\/div>\n<\/div>\n<\/div>\n<\/div>\n<p><!--more--><\/p>\n<p class=\"ai-optimize-35\">Finden Sie auch unsere Mini-Kristallgabel f\u00fcr Gl\u00e4ser: <span style=\"color: #d12727;\"><a style=\"color: #d12727;\" href=\"https:\/\/www.csj-emballages.com\/es\/produit\/50-mini-tenedores-de-cristal-de-plastico-para-verrines\/\">MINIFOUR<\/a><\/span><\/p>\n<p>&nbsp;<\/p>\n<p><!--more--><\/p>\n<p class=\"ai-optimize-41\"><a href=\"https:\/\/www.csj-emballages.com\/de\/categorie-produit\/lebensmittelverpackungen\/metzgerei-und-feinkostgeschaft\/schalen-topfe-glaser\/glaser\/loffel-gabeln\/\">Sehen Sie sich den Rest unseres Sortiments an Mini-L\u00f6ffeln \/ Gabeln an<\/a><\/p>\n","protected":false},"excerpt":{"rendered":"<p>Mini-Kunststoffl\u00f6ffel Beschreibung von unseremMini Kristall Plastik L\u00f6ffel f\u00fcr Verrine pro 50<\/p>\n","protected":false},"featured_media":237556,"template":"","meta":{"_acf_changed":false},"product_brand":[],"product_cat":[1170,1279,1281,2880],"product_tag":[],"class_list":{"0":"post-22032","1":"product","2":"type-product","3":"status-publish","4":"has-post-thumbnail","6":"product_cat-metzgerei-und-feinkostgeschaft","7":"product_cat-schalen-topfe-glaser","8":"product_cat-glaser","9":"product_cat-loffel-gabeln","11":"first","12":"instock","13":"taxable","14":"shipping-taxable","15":"purchasable","16":"product-type-simple"},"acf":[],"yoast_head":"<!-- This site is optimized with the Yoast SEO Premium plugin v26.6 (Yoast SEO v26.6) - https:\/\/yoast.com\/wordpress\/plugins\/seo\/ -->\n<title>Mini L\u00f6ffel Plastik Cristal zu Verrine pro 50<\/title>\n<meta name=\"description\" content=\"Mini L\u00f6ffel aus Kristallplastik, 50 St\u00fcck, perfekt f\u00fcr Ihre Gl\u00e4ser, Cocktails und Buffets. Elegant, praktisch und zum Wegwerfen, ideal f\u00fcr Caterer.\" \/>\n<meta name=\"robots\" content=\"index, follow, max-snippet:-1, max-image-preview:large, max-video-preview:-1\" \/>\n<link rel=\"canonical\" href=\"https:\/\/www.csj-emballages.com\/de\/produit\/50-mini-kristall-loeffel-fuer-plastikglaeser\/\" \/>\n<meta property=\"og:locale\" content=\"de_DE\" \/>\n<meta property=\"og:type\" content=\"article\" \/>\n<meta property=\"og:title\" content=\"Mini-L\u00f6ffel aus Kunststoff Kristallglas f\u00fcr Verrine pro 50\" \/>\n<meta property=\"og:description\" content=\"Mini L\u00f6ffel aus Kristallplastik, 50 St\u00fcck, perfekt f\u00fcr Ihre Gl\u00e4ser, Cocktails und Buffets. Elegant, praktisch und zum Wegwerfen, ideal f\u00fcr Caterer.\" \/>\n<meta property=\"og:url\" content=\"https:\/\/www.csj-emballages.com\/de\/produit\/50-mini-kristall-loeffel-fuer-plastikglaeser\/\" \/>\n<meta property=\"og:site_name\" content=\"CSJ Emballages\" \/>\n<meta property=\"article:publisher\" content=\"https:\/\/www.facebook.com\/csjemballages\" \/>\n<meta property=\"article:modified_time\" content=\"2026-05-06T15:01:31+00:00\" \/>\n<meta property=\"og:image\" content=\"https:\/\/www.csj-emballages.com\/wp-content\/uploads\/2024\/03\/MINICV.webp\" \/>\n\t<meta property=\"og:image:width\" content=\"800\" \/>\n\t<meta property=\"og:image:height\" content=\"800\" \/>\n\t<meta property=\"og:image:type\" content=\"image\/webp\" \/>\n<meta name=\"twitter:card\" content=\"summary_large_image\" \/>\n<meta name=\"twitter:label1\" content=\"Gesch\u00e4tzte Lesezeit\" \/>\n\t<meta name=\"twitter:data1\" content=\"1\u00a0Minute\" \/>\n<script type=\"application\/ld+json\" class=\"yoast-schema-graph\">{\"@context\":\"https:\/\/schema.org\",\"@graph\":[{\"@type\":\"WebPage\",\"@id\":\"https:\/\/www.csj-emballages.com\/de\/produit\/50-mini-kristall-loeffel-fuer-plastikglaeser\/\",\"url\":\"https:\/\/www.csj-emballages.com\/de\/produit\/50-mini-kristall-loeffel-fuer-plastikglaeser\/\",\"name\":\"Mini L\u00f6ffel Plastik Cristal zu Verrine pro 50\",\"isPartOf\":{\"@id\":\"https:\/\/www.csj-emballages.com\/de\/#website\"},\"primaryImageOfPage\":{\"@id\":\"https:\/\/www.csj-emballages.com\/de\/produit\/50-mini-kristall-loeffel-fuer-plastikglaeser\/#primaryimage\"},\"image\":{\"@id\":\"https:\/\/www.csj-emballages.com\/de\/produit\/50-mini-kristall-loeffel-fuer-plastikglaeser\/#primaryimage\"},\"thumbnailUrl\":\"https:\/\/www.csj-emballages.com\/wp-content\/uploads\/2024\/03\/MINICV.webp\",\"datePublished\":\"2024-03-01T15:51:47+00:00\",\"dateModified\":\"2026-05-06T15:01:31+00:00\",\"description\":\"Mini L\u00f6ffel aus Kristallplastik, 50 St\u00fcck, perfekt f\u00fcr Ihre Gl\u00e4ser, Cocktails und Buffets. Elegant, praktisch und zum Wegwerfen, ideal f\u00fcr Caterer.\",\"breadcrumb\":{\"@id\":\"https:\/\/www.csj-emballages.com\/de\/produit\/50-mini-kristall-loeffel-fuer-plastikglaeser\/#breadcrumb\"},\"inLanguage\":\"de\",\"potentialAction\":[{\"@type\":\"ReadAction\",\"target\":[\"https:\/\/www.csj-emballages.com\/de\/produit\/50-mini-kristall-loeffel-fuer-plastikglaeser\/\"]}]},{\"@type\":\"ImageObject\",\"inLanguage\":\"de\",\"@id\":\"https:\/\/www.csj-emballages.com\/de\/produit\/50-mini-kristall-loeffel-fuer-plastikglaeser\/#primaryimage\",\"url\":\"https:\/\/www.csj-emballages.com\/wp-content\/uploads\/2024\/03\/MINICV.webp\",\"contentUrl\":\"https:\/\/www.csj-emballages.com\/wp-content\/uploads\/2024\/03\/MINICV.webp\",\"width\":800,\"height\":800,\"caption\":\"Mini cuill\u00e8re plastique\"},{\"@type\":\"BreadcrumbList\",\"@id\":\"https:\/\/www.csj-emballages.com\/de\/produit\/50-mini-kristall-loeffel-fuer-plastikglaeser\/#breadcrumb\",\"itemListElement\":[{\"@type\":\"ListItem\",\"position\":1,\"name\":\"Accueil\",\"item\":\"https:\/\/www.csj-emballages.com\/de\/universum-lebensmittelverpackungen\/\"},{\"@type\":\"ListItem\",\"position\":2,\"name\":\"Shop\",\"item\":\"https:\/\/www.csj-emballages.com\/shop\/\"},{\"@type\":\"ListItem\",\"position\":3,\"name\":\"Mini-L\u00f6ffel aus Kunststoff Kristallglas f\u00fcr Verrine pro 50\"}]},{\"@type\":\"WebSite\",\"@id\":\"https:\/\/www.csj-emballages.com\/de\/#website\",\"url\":\"https:\/\/www.csj-emballages.com\/de\/\",\"name\":\"CSJ Emballages\",\"description\":\"\",\"publisher\":{\"@id\":\"https:\/\/www.csj-emballages.com\/de\/#organization\"},\"potentialAction\":[{\"@type\":\"SearchAction\",\"target\":{\"@type\":\"EntryPoint\",\"urlTemplate\":\"https:\/\/www.csj-emballages.com\/de\/?s={search_term_string}\"},\"query-input\":{\"@type\":\"PropertyValueSpecification\",\"valueRequired\":true,\"valueName\":\"search_term_string\"}}],\"inLanguage\":\"de\"},{\"@type\":\"Organization\",\"@id\":\"https:\/\/www.csj-emballages.com\/de\/#Organization\/\",\"name\":\"CSJ Emballages\",\"url\":\"https:\/\/www.csj-emballages.com\/de\/\",\"logo\":{\"@type\":\"ImageObject\",\"inLanguage\":\"de\",\"@id\":\"https:\/\/www.csj-emballages.com\/de\/#\/schema\/logo\/image\/\",\"url\":\"https:\/\/www.csj-emballages.com\/wp-content\/uploads\/2023\/10\/logo_csj.webp\",\"contentUrl\":\"https:\/\/www.csj-emballages.com\/wp-content\/uploads\/2023\/10\/logo_csj.webp\",\"width\":250,\"height\":95,\"caption\":\"CSJ Emballages\"},\"image\":{\"@id\":\"https:\/\/www.csj-emballages.com\/de\/#\/schema\/logo\/image\/\"},\"sameAs\":[\"https:\/\/www.facebook.com\/csjemballages\"],\"address\":{\"@type\":\"PostalAddress\",\"streetAddress\":\"ZI La Lechere\",\"addressLocality\":\"Patornay\",\"postalCode\":\"39130\",\"addressCountry\":\"FR\"},\"contactPoint\":[{\"@type\":\"ContactPoint\",\"contactType\":\"Service client\",\"telephone\":\"0384254272\",\"email\":\"contact@csj-emballages.com\"}]}]}<\/script>\n<!-- \/ Yoast SEO Premium plugin. -->","yoast_head_json":{"title":"Mini L\u00f6ffel Plastik Cristal zu Verrine pro 50","description":"Mini L\u00f6ffel aus Kristallplastik, 50 St\u00fcck, perfekt f\u00fcr Ihre Gl\u00e4ser, Cocktails und Buffets. Elegant, praktisch und zum Wegwerfen, ideal f\u00fcr Caterer.","robots":{"index":"index","follow":"follow","max-snippet":"max-snippet:-1","max-image-preview":"max-image-preview:large","max-video-preview":"max-video-preview:-1"},"canonical":"https:\/\/www.csj-emballages.com\/de\/produit\/50-mini-kristall-loeffel-fuer-plastikglaeser\/","og_locale":"de_DE","og_type":"article","og_title":"Mini-L\u00f6ffel aus Kunststoff Kristallglas f\u00fcr Verrine pro 50","og_description":"Mini L\u00f6ffel aus Kristallplastik, 50 St\u00fcck, perfekt f\u00fcr Ihre Gl\u00e4ser, Cocktails und Buffets. Elegant, praktisch und zum Wegwerfen, ideal f\u00fcr Caterer.","og_url":"https:\/\/www.csj-emballages.com\/de\/produit\/50-mini-kristall-loeffel-fuer-plastikglaeser\/","og_site_name":"CSJ Emballages","article_publisher":"https:\/\/www.facebook.com\/csjemballages","article_modified_time":"2026-05-06T15:01:31+00:00","og_image":[{"width":800,"height":800,"url":"https:\/\/www.csj-emballages.com\/wp-content\/uploads\/2024\/03\/MINICV.webp","type":"image\/webp"}],"twitter_card":"summary_large_image","twitter_misc":{"Gesch\u00e4tzte Lesezeit":"1\u00a0Minute"},"schema":{"@context":"https:\/\/schema.org","@graph":[{"@type":"WebPage","@id":"https:\/\/www.csj-emballages.com\/de\/produit\/50-mini-kristall-loeffel-fuer-plastikglaeser\/","url":"https:\/\/www.csj-emballages.com\/de\/produit\/50-mini-kristall-loeffel-fuer-plastikglaeser\/","name":"Mini L\u00f6ffel Plastik Cristal zu Verrine pro 50","isPartOf":{"@id":"https:\/\/www.csj-emballages.com\/de\/#website"},"primaryImageOfPage":{"@id":"https:\/\/www.csj-emballages.com\/de\/produit\/50-mini-kristall-loeffel-fuer-plastikglaeser\/#primaryimage"},"image":{"@id":"https:\/\/www.csj-emballages.com\/de\/produit\/50-mini-kristall-loeffel-fuer-plastikglaeser\/#primaryimage"},"thumbnailUrl":"https:\/\/www.csj-emballages.com\/wp-content\/uploads\/2024\/03\/MINICV.webp","datePublished":"2024-03-01T15:51:47+00:00","dateModified":"2026-05-06T15:01:31+00:00","description":"Mini L\u00f6ffel aus Kristallplastik, 50 St\u00fcck, perfekt f\u00fcr Ihre Gl\u00e4ser, Cocktails und Buffets. Elegant, praktisch und zum Wegwerfen, ideal f\u00fcr Caterer.","breadcrumb":{"@id":"https:\/\/www.csj-emballages.com\/de\/produit\/50-mini-kristall-loeffel-fuer-plastikglaeser\/#breadcrumb"},"inLanguage":"de","potentialAction":[{"@type":"ReadAction","target":["https:\/\/www.csj-emballages.com\/de\/produit\/50-mini-kristall-loeffel-fuer-plastikglaeser\/"]}]},{"@type":"ImageObject","inLanguage":"de","@id":"https:\/\/www.csj-emballages.com\/de\/produit\/50-mini-kristall-loeffel-fuer-plastikglaeser\/#primaryimage","url":"https:\/\/www.csj-emballages.com\/wp-content\/uploads\/2024\/03\/MINICV.webp","contentUrl":"https:\/\/www.csj-emballages.com\/wp-content\/uploads\/2024\/03\/MINICV.webp","width":800,"height":800,"caption":"Mini cuill\u00e8re plastique"},{"@type":"BreadcrumbList","@id":"https:\/\/www.csj-emballages.com\/de\/produit\/50-mini-kristall-loeffel-fuer-plastikglaeser\/#breadcrumb","itemListElement":[{"@type":"ListItem","position":1,"name":"Accueil","item":"https:\/\/www.csj-emballages.com\/de\/universum-lebensmittelverpackungen\/"},{"@type":"ListItem","position":2,"name":"Shop","item":"https:\/\/www.csj-emballages.com\/shop\/"},{"@type":"ListItem","position":3,"name":"Mini-L\u00f6ffel aus Kunststoff Kristallglas f\u00fcr Verrine pro 50"}]},{"@type":"WebSite","@id":"https:\/\/www.csj-emballages.com\/de\/#website","url":"https:\/\/www.csj-emballages.com\/de\/","name":"CSJ Emballages","description":"","publisher":{"@id":"https:\/\/www.csj-emballages.com\/de\/#organization"},"potentialAction":[{"@type":"SearchAction","target":{"@type":"EntryPoint","urlTemplate":"https:\/\/www.csj-emballages.com\/de\/?s={search_term_string}"},"query-input":{"@type":"PropertyValueSpecification","valueRequired":true,"valueName":"search_term_string"}}],"inLanguage":"de"},{"@type":"Organization","@id":"https:\/\/www.csj-emballages.com\/de\/#Organization\/","name":"CSJ Emballages","url":"https:\/\/www.csj-emballages.com\/de\/","logo":{"@type":"ImageObject","inLanguage":"de","@id":"https:\/\/www.csj-emballages.com\/de\/#\/schema\/logo\/image\/","url":"https:\/\/www.csj-emballages.com\/wp-content\/uploads\/2023\/10\/logo_csj.webp","contentUrl":"https:\/\/www.csj-emballages.com\/wp-content\/uploads\/2023\/10\/logo_csj.webp","width":250,"height":95,"caption":"CSJ Emballages"},"image":{"@id":"https:\/\/www.csj-emballages.com\/de\/#\/schema\/logo\/image\/"},"sameAs":["https:\/\/www.facebook.com\/csjemballages"],"address":{"@type":"PostalAddress","streetAddress":"ZI La Lechere","addressLocality":"Patornay","postalCode":"39130","addressCountry":"FR"},"contactPoint":[{"@type":"ContactPoint","contactType":"Service client","telephone":"0384254272","email":"contact@csj-emballages.com"}]}]}},"df_price":1.86,"df_sale_price":"","df_regular_price":1.86,"df_image_link":"https:\/\/www.csj-emballages.com\/wp-content\/uploads\/2024\/03\/MINICV-300x300.webp","tiered_pricing_type":"fixed","tiered_pricing_fixed_rules":[],"tiered_pricing_percentage_rules":[],"tiered_pricing_minimum":1,"tiered_pricing_roles_data":[],"_links":{"self":[{"href":"https:\/\/www.csj-emballages.com\/de\/wp-json\/wp\/v2\/product\/22032","targetHints":{"allow":["GET"]}}],"collection":[{"href":"https:\/\/www.csj-emballages.com\/de\/wp-json\/wp\/v2\/product"}],"about":[{"href":"https:\/\/www.csj-emballages.com\/de\/wp-json\/wp\/v2\/types\/product"}],"wp:featuredmedia":[{"embeddable":true,"href":"https:\/\/www.csj-emballages.com\/de\/wp-json\/wp\/v2\/media\/237556"}],"wp:attachment":[{"href":"https:\/\/www.csj-emballages.com\/de\/wp-json\/wp\/v2\/media?parent=22032"}],"wp:term":[{"taxonomy":"product_brand","embeddable":true,"href":"https:\/\/www.csj-emballages.com\/de\/wp-json\/wp\/v2\/product_brand?post=22032"},{"taxonomy":"product_cat","embeddable":true,"href":"https:\/\/www.csj-emballages.com\/de\/wp-json\/wp\/v2\/product_cat?post=22032"},{"taxonomy":"product_tag","embeddable":true,"href":"https:\/\/www.csj-emballages.com\/de\/wp-json\/wp\/v2\/product_tag?post=22032"}],"curies":[{"name":"wp","href":"https:\/\/api.w.org\/{rel}","templated":true}]}}