{"id":22015,"date":"2024-03-01T16:51:48","date_gmt":"2024-03-01T15:51:48","guid":{"rendered":"https:\/\/u15jnbdpoq.preview.infomaniak.website\/produit\/1-weisse-maske-typ-modell-kn95\/"},"modified":"2026-03-25T02:14:38","modified_gmt":"2026-03-25T01:14:38","slug":"1-weisse-maske-typ-modell-kn95","status":"publish","type":"product","link":"https:\/\/www.csj-emballages.com\/de\/produit\/1-weisse-maske-typ-modell-kn95\/","title":{"rendered":"FFP2-Filtermaske, wei\u00df, muschelf\u00f6rmig, ohne Ventil, NR D &#8211; Einheitsgr\u00f6\u00dfe"},"content":{"rendered":"<h2 class=\"p1\">OP-Maske<\/h2>\n<hr>\n<h3>Entdecken Sie unsere blaue 3-lagige OP-Maske, hochfilternd, mit Gummib\u00e4ndern, im 50er-Pack.<\/h3>\n<p><!--more--><\/p>\n<p data-start=\"235\" data-end=\"546\">Diese <strong data-start=\"238\" data-end=\"270\">muschelf\u00f6rmige FFP2-Filtermaske<\/strong> ist darauf ausgelegt, einen <strong>hohen Schutzgrad<\/strong> zu bieten und dabei angenehm zu tragen zu sein. Ihre starre, muschelf\u00f6rmige Struktur sorgt daf\u00fcr, dass die Maske gut sitzt, ohne das Gesicht zu zerdr\u00fccken. Das Ergebnis: Die Atmung bleibt angenehmer, selbst bei l\u00e4ngerem Tragen.  <\/p>\n<p data-start=\"548\" data-end=\"911\">Dank ihrer <strong data-start=\"559\" data-end=\"585\">leistungsstarken Filtration<\/strong> begrenzt diese Maske effektiv das Einatmen von Feinstaubpartikeln. Das Fehlen eines Ventils gew\u00e4hrleistet beidseitigen Schutz, wodurch sie sich ideal f\u00fcr Umgebungen eignet, in denen kollektive Sicherheit unerl\u00e4sslich ist. Ihre schlichte und diskrete wei\u00dfe Farbe f\u00fcgt sich problemlos in alle beruflichen Kontexte ein.  <\/p>\n<p data-start=\"913\" data-end=\"1265\">Die <strong data-start=\"916\" data-end=\"933\">Einheitsgr\u00f6\u00dfe<\/strong> passt sich dank zuverl\u00e4ssigem Halt und guter Ergonomie der <strong>Mehrheit der Gesichter<\/strong> an. Die Maske sitzt korrekt, ohne \u00fcberm\u00e4\u00dfigen Druck auszu\u00fcben, was den Komfort \u00fcber Stunden hinweg verbessert. Zudem weist ihr <strong data-start=\"1154\" data-end=\"1162\">NR D<\/strong>-Design darauf hin, dass sie f\u00fcr den einmaligen Gebrauch bestimmt ist und auch in staubiger Umgebung verstopfungsresistent ist.  <\/p>\n<p data-start=\"1267\" data-end=\"1548\">Dieses Modell eignet sich sowohl f\u00fcr Fachleute als auch f\u00fcr Privatpersonen, die erh\u00f6hten Schutz ben\u00f6tigen: <strong>medizinische und industrielle Bereiche, Baustellen, \u00f6ffentliche Einrichtungen oder stark frequentierte Umgebungen<\/strong>. Sie l\u00e4sst sich leicht anlegen und bleibt w\u00e4hrend der gesamten Nutzungsdauer stabil. <\/p>\n<p data-start=\"1550\" data-end=\"1752\">Zusammenfassend kombiniert diese <strong>muschelf\u00f6rmige FFP2-Maske ohne Ventil<\/strong> hohen Schutz, Komfort und Einfachheit. Sie ist eine zuverl\u00e4ssige L\u00f6sung, um sich effektiv zu sch\u00fctzen, ohne Kompromisse bei Komfort oder Atmungsaktivit\u00e4t einzugehen. <\/p>\n<p data-start=\"1550\" data-end=\"1752\">\n<p data-start=\"1568\" data-end=\"1745\"><!--more--><\/p>\n<h4 data-start=\"1568\" data-end=\"1745\">Vorteile :<\/h4>\n<ul>\n<li data-start=\"1780\" data-end=\"1813\"><strong>FFP2-Maske<\/strong> mit hoher Filterleistung.<\/li>\n<li data-start=\"1816\" data-end=\"1856\">Muschelform f\u00fcr besseren Halt.<\/li>\n<li data-start=\"1859\" data-end=\"1901\"><strong>Ohne Ventil<\/strong> f\u00fcr umfassenden Schutz.<\/li>\n<li data-start=\"1904\" data-end=\"1936\">Verstopfungsresistent (<strong>NR D<\/strong>).<\/li>\n<li data-start=\"1939\" data-end=\"1973\">Einheitsgr\u00f6\u00dfe, leicht anzupassen.<\/li>\n<li data-start=\"1976\" data-end=\"2014\">Komfortabel auch bei l\u00e4ngerem Tragen.<\/li>\n<\/ul>\n<p>&nbsp;<\/p>\n<p><!--more--><\/p>\n<h4>Weitere Informationen :<\/h4>\n<ul>\n<li><strong>Verpackung<\/strong>: Einzeln<\/li>\n<li><strong>Abmessungen<\/strong>: 139 x 127 x 54 mm<\/li>\n<li><strong>Material<\/strong>: Polypropylen<\/li>\n<\/ul>\n<p>&nbsp;<\/p>\n<p><!--more--><\/p>\n<p>Hier finden Sie unsere blaue OP-Maske: <span style=\"color: #d12727;\"><a style=\"color: #d12727;\" href=\"https:\/\/www.csj-emballages.com\/produit\/50-masques-chirurgical-bleu-3-plis-de-chirurgie-haute-filtration-a-elastiques\/?_gl=1*otih6i*_up*MQ..*_ga*MTc1MDkwOTk4Ny4xNzY5Njk1NTI5*_ga_YNVJLRSSZT*czE3Njk2OTU1MjgkbzEkZzAkdDE3Njk2OTU4NzEkajUzJGwwJGg3NjE0ODY1Njg.\">MASQ2<\/a><\/span><\/p>\n<p>&nbsp;<\/p>\n<p><!--more--><\/p>\n<p><a href=\"https:\/\/www.csj-emballages.com\/categorie-produit\/hygiene-et-entretiens\/equipements-individuels\/masques\/?_gl=1*v3bgse*_up*MQ..*_ga*MTk4MDE3NTE0Ny4xNzY5NjkzMzEz*_ga_YNVJLRSSZT*czE3Njk2OTMzMTIkbzEkZzAkdDE3Njk2OTMzNjYkajYkbDAkaDE3Nzc1ODQ4ODQ.\">Entdecken Sie unser gesamtes Maskensortiment<\/a><\/p>\n<p>&nbsp;<\/p>\n","protected":false},"excerpt":{"rendered":"<p>OP-Maske Entdecken Sie unsere blaue 3-lagige OP-Maske, hochfilternd, mit Gummib\u00e4ndern, im 50er-Pack.<\/p>\n","protected":false},"featured_media":262793,"template":"","meta":{"_acf_changed":false},"product_brand":[],"product_cat":[1137,1218,2348,2865,10273],"product_tag":[],"class_list":{"0":"post-22015","1":"product","2":"type-product","3":"status-publish","4":"has-post-thumbnail","6":"product_cat-lebensmittelverpackungen","7":"product_cat-hygiene-und-pflege","8":"product_cat-individuelle-ausstattung","9":"product_cat-masken","10":"product_cat-lagerbestand","12":"first","13":"instock","14":"sale","15":"taxable","16":"shipping-taxable","17":"purchasable","18":"product-type-simple"},"acf":[],"yoast_head":"<!-- This site is optimized with the Yoast SEO Premium plugin v26.6 (Yoast SEO v26.6) - https:\/\/yoast.com\/wordpress\/plugins\/seo\/ -->\n<title>FFP2-Filtermaske, wei\u00df, muschelf\u00f6rmig, ohne Ventil - Einheitsgr\u00f6\u00dfe<\/title>\n<meta name=\"description\" content=\"FFP2-Maske, wei\u00df, muschelf\u00f6rmig, ohne Ventil, NR D. Hohe Filterleistung, Einheitsgr\u00f6\u00dfe und bequemer Halt f\u00fcr erh\u00f6hten Schutz im Alltag.\" \/>\n<meta name=\"robots\" content=\"index, follow, max-snippet:-1, max-image-preview:large, max-video-preview:-1\" \/>\n<link rel=\"canonical\" href=\"https:\/\/www.csj-emballages.com\/de\/produit\/1-weisse-maske-typ-modell-kn95\/\" \/>\n<meta property=\"og:locale\" content=\"de_DE\" \/>\n<meta property=\"og:type\" content=\"article\" \/>\n<meta property=\"og:title\" content=\"FFP2-Filtermaske, wei\u00df, muschelf\u00f6rmig, ohne Ventil, NR D - Einheitsgr\u00f6\u00dfe\" \/>\n<meta property=\"og:description\" content=\"FFP2-Maske, wei\u00df, muschelf\u00f6rmig, ohne Ventil, NR D. Hohe Filterleistung, Einheitsgr\u00f6\u00dfe und bequemer Halt f\u00fcr erh\u00f6hten Schutz im Alltag.\" \/>\n<meta property=\"og:url\" content=\"https:\/\/www.csj-emballages.com\/de\/produit\/1-weisse-maske-typ-modell-kn95\/\" \/>\n<meta property=\"og:site_name\" content=\"CSJ Emballages\" \/>\n<meta property=\"article:publisher\" content=\"https:\/\/www.facebook.com\/csjemballages\" \/>\n<meta property=\"article:modified_time\" content=\"2026-03-25T01:14:38+00:00\" \/>\n<meta property=\"og:image\" content=\"https:\/\/www.csj-emballages.com\/wp-content\/uploads\/2024\/03\/masque-FFP2.webp\" \/>\n\t<meta property=\"og:image:width\" content=\"800\" \/>\n\t<meta property=\"og:image:height\" content=\"800\" \/>\n\t<meta property=\"og:image:type\" content=\"image\/webp\" \/>\n<meta name=\"twitter:card\" content=\"summary_large_image\" \/>\n<meta name=\"twitter:label1\" content=\"Gesch\u00e4tzte Lesezeit\" \/>\n\t<meta name=\"twitter:data1\" content=\"2 Minuten\" \/>\n<script type=\"application\/ld+json\" class=\"yoast-schema-graph\">{\"@context\":\"https:\/\/schema.org\",\"@graph\":[{\"@type\":\"WebPage\",\"@id\":\"https:\/\/www.csj-emballages.com\/de\/produit\/1-weisse-maske-typ-modell-kn95\/\",\"url\":\"https:\/\/www.csj-emballages.com\/de\/produit\/1-weisse-maske-typ-modell-kn95\/\",\"name\":\"FFP2-Filtermaske, wei\u00df, muschelf\u00f6rmig, ohne Ventil - Einheitsgr\u00f6\u00dfe\",\"isPartOf\":{\"@id\":\"https:\/\/www.csj-emballages.com\/de\/#website\"},\"primaryImageOfPage\":{\"@id\":\"https:\/\/www.csj-emballages.com\/de\/produit\/1-weisse-maske-typ-modell-kn95\/#primaryimage\"},\"image\":{\"@id\":\"https:\/\/www.csj-emballages.com\/de\/produit\/1-weisse-maske-typ-modell-kn95\/#primaryimage\"},\"thumbnailUrl\":\"https:\/\/www.csj-emballages.com\/wp-content\/uploads\/2024\/03\/masque-FFP2.webp\",\"datePublished\":\"2024-03-01T15:51:48+00:00\",\"dateModified\":\"2026-03-25T01:14:38+00:00\",\"description\":\"FFP2-Maske, wei\u00df, muschelf\u00f6rmig, ohne Ventil, NR D. Hohe Filterleistung, Einheitsgr\u00f6\u00dfe und bequemer Halt f\u00fcr erh\u00f6hten Schutz im Alltag.\",\"breadcrumb\":{\"@id\":\"https:\/\/www.csj-emballages.com\/de\/produit\/1-weisse-maske-typ-modell-kn95\/#breadcrumb\"},\"inLanguage\":\"de\",\"potentialAction\":[{\"@type\":\"ReadAction\",\"target\":[\"https:\/\/www.csj-emballages.com\/de\/produit\/1-weisse-maske-typ-modell-kn95\/\"]}]},{\"@type\":\"ImageObject\",\"inLanguage\":\"de\",\"@id\":\"https:\/\/www.csj-emballages.com\/de\/produit\/1-weisse-maske-typ-modell-kn95\/#primaryimage\",\"url\":\"https:\/\/www.csj-emballages.com\/wp-content\/uploads\/2024\/03\/masque-FFP2.webp\",\"contentUrl\":\"https:\/\/www.csj-emballages.com\/wp-content\/uploads\/2024\/03\/masque-FFP2.webp\",\"width\":800,\"height\":800,\"caption\":\"Masque FFP2\"},{\"@type\":\"BreadcrumbList\",\"@id\":\"https:\/\/www.csj-emballages.com\/de\/produit\/1-weisse-maske-typ-modell-kn95\/#breadcrumb\",\"itemListElement\":[{\"@type\":\"ListItem\",\"position\":1,\"name\":\"Accueil\",\"item\":\"https:\/\/www.csj-emballages.com\/de\/universum-lebensmittelverpackungen\/\"},{\"@type\":\"ListItem\",\"position\":2,\"name\":\"Shop\",\"item\":\"https:\/\/www.csj-emballages.com\/shop\/\"},{\"@type\":\"ListItem\",\"position\":3,\"name\":\"FFP2-Filtermaske, wei\u00df, muschelf\u00f6rmig, ohne Ventil, NR D &#8211; Einheitsgr\u00f6\u00dfe\"}]},{\"@type\":\"WebSite\",\"@id\":\"https:\/\/www.csj-emballages.com\/de\/#website\",\"url\":\"https:\/\/www.csj-emballages.com\/de\/\",\"name\":\"CSJ Emballages\",\"description\":\"\",\"publisher\":{\"@id\":\"https:\/\/www.csj-emballages.com\/de\/#organization\"},\"potentialAction\":[{\"@type\":\"SearchAction\",\"target\":{\"@type\":\"EntryPoint\",\"urlTemplate\":\"https:\/\/www.csj-emballages.com\/de\/?s={search_term_string}\"},\"query-input\":{\"@type\":\"PropertyValueSpecification\",\"valueRequired\":true,\"valueName\":\"search_term_string\"}}],\"inLanguage\":\"de\"},{\"@type\":\"Organization\",\"@id\":\"https:\/\/www.csj-emballages.com\/de\/#Organization\/\",\"name\":\"CSJ Emballages\",\"url\":\"https:\/\/www.csj-emballages.com\/de\/\",\"logo\":{\"@type\":\"ImageObject\",\"inLanguage\":\"de\",\"@id\":\"https:\/\/www.csj-emballages.com\/de\/#\/schema\/logo\/image\/\",\"url\":\"https:\/\/www.csj-emballages.com\/wp-content\/uploads\/2023\/10\/logo_csj.webp\",\"contentUrl\":\"https:\/\/www.csj-emballages.com\/wp-content\/uploads\/2023\/10\/logo_csj.webp\",\"width\":250,\"height\":95,\"caption\":\"CSJ Emballages\"},\"image\":{\"@id\":\"https:\/\/www.csj-emballages.com\/de\/#\/schema\/logo\/image\/\"},\"sameAs\":[\"https:\/\/www.facebook.com\/csjemballages\"],\"address\":{\"@type\":\"PostalAddress\",\"streetAddress\":\"ZI La Lechere\",\"addressLocality\":\"Patornay\",\"postalCode\":\"39130\",\"addressCountry\":\"FR\"},\"contactPoint\":[{\"@type\":\"ContactPoint\",\"contactType\":\"Service client\",\"telephone\":\"0384254272\",\"email\":\"contact@csj-emballages.com\"}]}]}<\/script>\n<!-- \/ Yoast SEO Premium plugin. -->","yoast_head_json":{"title":"FFP2-Filtermaske, wei\u00df, muschelf\u00f6rmig, ohne Ventil - Einheitsgr\u00f6\u00dfe","description":"FFP2-Maske, wei\u00df, muschelf\u00f6rmig, ohne Ventil, NR D. Hohe Filterleistung, Einheitsgr\u00f6\u00dfe und bequemer Halt f\u00fcr erh\u00f6hten Schutz im Alltag.","robots":{"index":"index","follow":"follow","max-snippet":"max-snippet:-1","max-image-preview":"max-image-preview:large","max-video-preview":"max-video-preview:-1"},"canonical":"https:\/\/www.csj-emballages.com\/de\/produit\/1-weisse-maske-typ-modell-kn95\/","og_locale":"de_DE","og_type":"article","og_title":"FFP2-Filtermaske, wei\u00df, muschelf\u00f6rmig, ohne Ventil, NR D - Einheitsgr\u00f6\u00dfe","og_description":"FFP2-Maske, wei\u00df, muschelf\u00f6rmig, ohne Ventil, NR D. Hohe Filterleistung, Einheitsgr\u00f6\u00dfe und bequemer Halt f\u00fcr erh\u00f6hten Schutz im Alltag.","og_url":"https:\/\/www.csj-emballages.com\/de\/produit\/1-weisse-maske-typ-modell-kn95\/","og_site_name":"CSJ Emballages","article_publisher":"https:\/\/www.facebook.com\/csjemballages","article_modified_time":"2026-03-25T01:14:38+00:00","og_image":[{"width":800,"height":800,"url":"https:\/\/www.csj-emballages.com\/wp-content\/uploads\/2024\/03\/masque-FFP2.webp","type":"image\/webp"}],"twitter_card":"summary_large_image","twitter_misc":{"Gesch\u00e4tzte Lesezeit":"2 Minuten"},"schema":{"@context":"https:\/\/schema.org","@graph":[{"@type":"WebPage","@id":"https:\/\/www.csj-emballages.com\/de\/produit\/1-weisse-maske-typ-modell-kn95\/","url":"https:\/\/www.csj-emballages.com\/de\/produit\/1-weisse-maske-typ-modell-kn95\/","name":"FFP2-Filtermaske, wei\u00df, muschelf\u00f6rmig, ohne Ventil - Einheitsgr\u00f6\u00dfe","isPartOf":{"@id":"https:\/\/www.csj-emballages.com\/de\/#website"},"primaryImageOfPage":{"@id":"https:\/\/www.csj-emballages.com\/de\/produit\/1-weisse-maske-typ-modell-kn95\/#primaryimage"},"image":{"@id":"https:\/\/www.csj-emballages.com\/de\/produit\/1-weisse-maske-typ-modell-kn95\/#primaryimage"},"thumbnailUrl":"https:\/\/www.csj-emballages.com\/wp-content\/uploads\/2024\/03\/masque-FFP2.webp","datePublished":"2024-03-01T15:51:48+00:00","dateModified":"2026-03-25T01:14:38+00:00","description":"FFP2-Maske, wei\u00df, muschelf\u00f6rmig, ohne Ventil, NR D. Hohe Filterleistung, Einheitsgr\u00f6\u00dfe und bequemer Halt f\u00fcr erh\u00f6hten Schutz im Alltag.","breadcrumb":{"@id":"https:\/\/www.csj-emballages.com\/de\/produit\/1-weisse-maske-typ-modell-kn95\/#breadcrumb"},"inLanguage":"de","potentialAction":[{"@type":"ReadAction","target":["https:\/\/www.csj-emballages.com\/de\/produit\/1-weisse-maske-typ-modell-kn95\/"]}]},{"@type":"ImageObject","inLanguage":"de","@id":"https:\/\/www.csj-emballages.com\/de\/produit\/1-weisse-maske-typ-modell-kn95\/#primaryimage","url":"https:\/\/www.csj-emballages.com\/wp-content\/uploads\/2024\/03\/masque-FFP2.webp","contentUrl":"https:\/\/www.csj-emballages.com\/wp-content\/uploads\/2024\/03\/masque-FFP2.webp","width":800,"height":800,"caption":"Masque FFP2"},{"@type":"BreadcrumbList","@id":"https:\/\/www.csj-emballages.com\/de\/produit\/1-weisse-maske-typ-modell-kn95\/#breadcrumb","itemListElement":[{"@type":"ListItem","position":1,"name":"Accueil","item":"https:\/\/www.csj-emballages.com\/de\/universum-lebensmittelverpackungen\/"},{"@type":"ListItem","position":2,"name":"Shop","item":"https:\/\/www.csj-emballages.com\/shop\/"},{"@type":"ListItem","position":3,"name":"FFP2-Filtermaske, wei\u00df, muschelf\u00f6rmig, ohne Ventil, NR D &#8211; Einheitsgr\u00f6\u00dfe"}]},{"@type":"WebSite","@id":"https:\/\/www.csj-emballages.com\/de\/#website","url":"https:\/\/www.csj-emballages.com\/de\/","name":"CSJ Emballages","description":"","publisher":{"@id":"https:\/\/www.csj-emballages.com\/de\/#organization"},"potentialAction":[{"@type":"SearchAction","target":{"@type":"EntryPoint","urlTemplate":"https:\/\/www.csj-emballages.com\/de\/?s={search_term_string}"},"query-input":{"@type":"PropertyValueSpecification","valueRequired":true,"valueName":"search_term_string"}}],"inLanguage":"de"},{"@type":"Organization","@id":"https:\/\/www.csj-emballages.com\/de\/#Organization\/","name":"CSJ Emballages","url":"https:\/\/www.csj-emballages.com\/de\/","logo":{"@type":"ImageObject","inLanguage":"de","@id":"https:\/\/www.csj-emballages.com\/de\/#\/schema\/logo\/image\/","url":"https:\/\/www.csj-emballages.com\/wp-content\/uploads\/2023\/10\/logo_csj.webp","contentUrl":"https:\/\/www.csj-emballages.com\/wp-content\/uploads\/2023\/10\/logo_csj.webp","width":250,"height":95,"caption":"CSJ Emballages"},"image":{"@id":"https:\/\/www.csj-emballages.com\/de\/#\/schema\/logo\/image\/"},"sameAs":["https:\/\/www.facebook.com\/csjemballages"],"address":{"@type":"PostalAddress","streetAddress":"ZI La Lechere","addressLocality":"Patornay","postalCode":"39130","addressCountry":"FR"},"contactPoint":[{"@type":"ContactPoint","contactType":"Service client","telephone":"0384254272","email":"contact@csj-emballages.com"}]}]}},"df_price":0.93,"df_sale_price":0.93,"df_regular_price":1.16,"df_image_link":"https:\/\/www.csj-emballages.com\/wp-content\/uploads\/2024\/03\/masque-FFP2-300x300.webp","tiered_pricing_type":"fixed","tiered_pricing_fixed_rules":[],"tiered_pricing_percentage_rules":[],"tiered_pricing_minimum":1,"tiered_pricing_roles_data":[],"_links":{"self":[{"href":"https:\/\/www.csj-emballages.com\/de\/wp-json\/wp\/v2\/product\/22015","targetHints":{"allow":["GET"]}}],"collection":[{"href":"https:\/\/www.csj-emballages.com\/de\/wp-json\/wp\/v2\/product"}],"about":[{"href":"https:\/\/www.csj-emballages.com\/de\/wp-json\/wp\/v2\/types\/product"}],"wp:featuredmedia":[{"embeddable":true,"href":"https:\/\/www.csj-emballages.com\/de\/wp-json\/wp\/v2\/media\/262793"}],"wp:attachment":[{"href":"https:\/\/www.csj-emballages.com\/de\/wp-json\/wp\/v2\/media?parent=22015"}],"wp:term":[{"taxonomy":"product_brand","embeddable":true,"href":"https:\/\/www.csj-emballages.com\/de\/wp-json\/wp\/v2\/product_brand?post=22015"},{"taxonomy":"product_cat","embeddable":true,"href":"https:\/\/www.csj-emballages.com\/de\/wp-json\/wp\/v2\/product_cat?post=22015"},{"taxonomy":"product_tag","embeddable":true,"href":"https:\/\/www.csj-emballages.com\/de\/wp-json\/wp\/v2\/product_tag?post=22015"}],"curies":[{"name":"wp","href":"https:\/\/api.w.org\/{rel}","templated":true}]}}