{"id":22013,"date":"2024-03-01T16:51:48","date_gmt":"2024-03-01T15:51:48","guid":{"rendered":"https:\/\/u15jnbdpoq.preview.infomaniak.website\/produit\/250-gelee-schinkenhornformen-aus-kunststoff\/"},"modified":"2026-03-28T02:13:54","modified_gmt":"2026-03-28T01:13:54","slug":"250-gelee-schinkenhornformen-aus-kunststoff","status":"publish","type":"product","link":"https:\/\/www.csj-emballages.com\/de\/produit\/250-gelee-schinkenhornformen-aus-kunststoff\/","title":{"rendered":"Aspikform Schinkenhorn Kunststoff pro 250"},"content":{"rendered":"<h2>Aspikform<\/h2>\n<hr>\n<h3>Beschreibung unserer Aspikform Schinkenh\u00f6rnchen aus Kunststoff pro 250 St\u00fcck<\/h3>\n<p><!--more--><\/p>\n<div class=\"flex max-w-full flex-col flex-grow\">\n<div class=\"min-h-8 text-message flex w-full flex-col items-end gap-2 whitespace-normal break-words text-start [.text-message+&amp;]:mt-5\" dir=\"auto\" data-message-author-role=\"assistant\" data-message-id=\"266ca6f3-5e07-4948-bd20-80ac5e6da4a5\" data-message-model-slug=\"gpt-4o\">\n<div class=\"flex w-full flex-col gap-1 empty:hidden first:pt-[3px]\">\n<div class=\"markdown prose w-full break-words dark:prose-invert dark\">\n<p data-start=\"211\" data-end=\"619\">Die <strong>Aspik-Schinkenr\u00f6llchen-Form<\/strong> aus <strong>Kunststoff<\/strong> ist speziell f\u00fcr die Zubereitung und ansprechende Pr\u00e4sentation kalter Speisen wie <strong>Aspik, Schinkenr\u00f6llchen, Catering-Vorspeisen oder individuelle H\u00e4ppchen<\/strong> konzipiert. Ihre <strong>konische Form<\/strong> erm\u00f6glicht elegante und gleichm\u00e4\u00dfige Pr\u00e4sentationen, ideal zur Aufwertung von Speisen in der Vitrine, bei Buffets oder professionellen Veranstaltungen. <\/p>\n<p data-start=\"621\" data-end=\"1085\">Gefertigt aus lebensmittelechtem Hartplastik, gew\u00e4hrleistet diese Form einen sicheren Halt der Zubereitungen w\u00e4hrend des <strong>Bef\u00fcllens, K\u00fchlens und Entformens<\/strong>. Ihre <strong>Transparenz hebt die Zutaten<\/strong> und Schichten des Rezepts hervor und sorgt f\u00fcr ein <strong>attraktives, professionelles Erscheinungsbild<\/strong>. Sie wird besonders von <strong>Caterern, Metzgern, Gastronomen und Eventplanern<\/strong> gesch\u00e4tzt, die eine praktische und \u00e4sthetische L\u00f6sung suchen.  <\/p>\n<p data-start=\"1087\" data-end=\"1368\">Das <strong>H\u00f6rnchenformat<\/strong> ist perfekt f\u00fcr Zubereitungen mit <strong>Schinken, Frischk\u00e4se, Mousse, Gem\u00fcse oder Gelee<\/strong> geeignet und erm\u00f6glicht eine pr\u00e4zise und homogene Dosierung. Diese einfach zu handhabende <strong>Form<\/strong> vereinfacht die K\u00fcchenarbeit und garantiert ein gleichm\u00e4\u00dfiges Ergebnis, auch bei Serienproduktion. <\/p>\n<p data-start=\"1370\" data-end=\"1628\">Verpackt im <strong>250er-Pack<\/strong> ist die <strong>Aspik-Schinkenr\u00f6llchen-Form<\/strong> ideal f\u00fcr den intensiven professionellen Einsatz. Sie erm\u00f6glicht eine erhebliche Zeitersparnis und gew\u00e4hrleistet eine saubere und hygienische Pr\u00e4sentation, die den Anforderungen der Lebensmittelbranche entspricht. <\/p>\n<p data-start=\"1370\" data-end=\"1628\">\n<\/div>\n<\/div>\n<\/div>\n<\/div>\n<p><!--more--><\/p>\n<h4>Vorteile :<\/h4>\n<ul>\n<li>Der glatte Kunststoff erm\u00f6glicht ein m\u00fcheloses und bruchfreies Entnehmen der Zubereitungen, was eine makellose Pr\u00e4sentation garantiert.<\/li>\n<li>Jede Form bietet identische Abmessungen, perfekt f\u00fcr eine professionelle und harmonische Pr\u00e4sentation.<\/li>\n<li>H\u00e4lt kalten oder temperierten Zubereitungen stand, ohne sich zu verformen.<\/li>\n<li>Dank der Packung mit 250 St\u00fcck ideal f\u00fcr gro\u00dfe Produktionen oder Veranstaltungen.<\/li>\n<li>Aspik oder andere Zubereitungen bleiben dank der Robustheit der Formen intakt.<\/li>\n<\/ul>\n<p>&nbsp;<\/p>\n<p><!--more--><\/p>\n<h4>Weitere Informationen :<\/h4>\n<ul>\n<li><strong>Verpackung<\/strong>: Packung mit 250<\/li>\n<li><strong>Abmessungen<\/strong>: 67 x 83 ( \u00d8 x H in mm)<\/li>\n<li><strong>Material<\/strong>: Polyethylen-Terephthalat (PET)<\/li>\n<li><strong>Nutzung<\/strong>: Kalt<\/li>\n<li><strong>Format<\/strong>: Cornet \/ Glatt<\/li>\n<li><strong>Betriebstemperatur<\/strong>: -40\u00b0C\/+70\u00b0C<\/li>\n<\/ul>\n<p>&nbsp;<\/p>\n<p><!--more--><\/p>\n<p>Das Produkt ist in verschiedenen Formaten erh\u00e4ltlich: <span style=\"color: #d12727;\"><a style=\"color: #d12727;\" href=\"https:\/\/www.csj-emballages.com\/de\/produit\/150-ovale-aspikformen-70-ml\/\">Oval<\/a><\/span> \/ <span style=\"color: #d12727;\"><a style=\"color: #d12727;\" href=\"https:\/\/www.csj-emballages.com\/de\/produit\/250-medaillon-aspikformen-70-ml\/\">Medaillon<\/a><\/span> \/ <span style=\"color: #d12727;\"><a style=\"color: #d12727;\" href=\"https:\/\/www.csj-emballages.com\/de\/produit\/100-gelee-nadelformen-aus-kunststoff\/\">Nadel<\/a><\/span><\/p>\n<p>&nbsp;<\/p>\n<p><!--more--><\/p>\n<p><a href=\"https:\/\/www.csj-emballages.com\/de\/categorie-produit\/lebensmittelverpackungen\/metzgerei-und-feinkostgeschaft\/schalen-dosen-und-glaser\/schalen-dosen-glaser-fur-lebensmittel\/aspikformen\/\">Sehen Sie sich den Rest unseres Sortiments an Aspikformen an.<\/a><\/p>\n","protected":false},"excerpt":{"rendered":"<p>Aspikform Beschreibung unserer Aspikform Schinkenh\u00f6rnchen aus Kunststoff pro 250 St\u00fcck<\/p>\n","protected":false},"featured_media":220983,"template":"","meta":{"_acf_changed":false},"product_brand":[],"product_cat":[1137,1170,1513,2857],"product_tag":[],"class_list":{"0":"post-22013","1":"product","2":"type-product","3":"status-publish","4":"has-post-thumbnail","6":"product_cat-lebensmittelverpackungen","7":"product_cat-metzgerei-und-feinkostgeschaft","8":"product_cat-schalen-dosen-glaser-fur-lebensmittel","9":"product_cat-aspikformen","11":"first","12":"instock","13":"taxable","14":"shipping-taxable","15":"purchasable","16":"product-type-simple"},"acf":[],"yoast_head":"<!-- This site is optimized with the Yoast SEO Premium plugin v26.6 (Yoast SEO v26.6) - https:\/\/yoast.com\/wordpress\/plugins\/seo\/ -->\n<title>Aspik Cornet Schinken Form Kunststoff pro 250<\/title>\n<meta name=\"description\" content=\"Aspik-Schinkenr\u00f6llchen-Form aus Kunststoff, 250er-Pack \u2013 Ideal f\u00fcr Gastronomie und Privatkunden. Gleichm\u00e4\u00dfige Portionen, leichtes Entformen, hygienisch und praktisch.\" \/>\n<meta name=\"robots\" content=\"index, follow, max-snippet:-1, max-image-preview:large, max-video-preview:-1\" \/>\n<link rel=\"canonical\" href=\"https:\/\/www.csj-emballages.com\/de\/produit\/250-gelee-schinkenhornformen-aus-kunststoff\/\" \/>\n<meta property=\"og:locale\" content=\"de_DE\" \/>\n<meta property=\"og:type\" content=\"article\" \/>\n<meta property=\"og:title\" content=\"Aspikform Schinkenhorn Kunststoff pro 250\" \/>\n<meta property=\"og:description\" content=\"Aspik-Schinkenr\u00f6llchen-Form aus Kunststoff, 250er-Pack \u2013 Ideal f\u00fcr Gastronomie und Privatkunden. Gleichm\u00e4\u00dfige Portionen, leichtes Entformen, hygienisch und praktisch.\" \/>\n<meta property=\"og:url\" content=\"https:\/\/www.csj-emballages.com\/de\/produit\/250-gelee-schinkenhornformen-aus-kunststoff\/\" \/>\n<meta property=\"og:site_name\" content=\"CSJ Emballages\" \/>\n<meta property=\"article:publisher\" content=\"https:\/\/www.facebook.com\/csjemballages\" \/>\n<meta property=\"article:modified_time\" content=\"2026-03-28T01:13:54+00:00\" \/>\n<meta property=\"og:image\" content=\"https:\/\/www.csj-emballages.com\/wp-content\/uploads\/2024\/03\/cornet-jambon.webp\" \/>\n\t<meta property=\"og:image:width\" content=\"800\" \/>\n\t<meta property=\"og:image:height\" content=\"800\" \/>\n\t<meta property=\"og:image:type\" content=\"image\/webp\" \/>\n<meta name=\"twitter:card\" content=\"summary_large_image\" \/>\n<meta name=\"twitter:label1\" content=\"Gesch\u00e4tzte Lesezeit\" \/>\n\t<meta name=\"twitter:data1\" content=\"2 Minuten\" \/>\n<script type=\"application\/ld+json\" class=\"yoast-schema-graph\">{\"@context\":\"https:\/\/schema.org\",\"@graph\":[{\"@type\":\"WebPage\",\"@id\":\"https:\/\/www.csj-emballages.com\/de\/produit\/250-gelee-schinkenhornformen-aus-kunststoff\/\",\"url\":\"https:\/\/www.csj-emballages.com\/de\/produit\/250-gelee-schinkenhornformen-aus-kunststoff\/\",\"name\":\"Aspik Cornet Schinken Form Kunststoff pro 250\",\"isPartOf\":{\"@id\":\"https:\/\/www.csj-emballages.com\/de\/#website\"},\"primaryImageOfPage\":{\"@id\":\"https:\/\/www.csj-emballages.com\/de\/produit\/250-gelee-schinkenhornformen-aus-kunststoff\/#primaryimage\"},\"image\":{\"@id\":\"https:\/\/www.csj-emballages.com\/de\/produit\/250-gelee-schinkenhornformen-aus-kunststoff\/#primaryimage\"},\"thumbnailUrl\":\"https:\/\/www.csj-emballages.com\/wp-content\/uploads\/2024\/03\/cornet-jambon.webp\",\"datePublished\":\"2024-03-01T15:51:48+00:00\",\"dateModified\":\"2026-03-28T01:13:54+00:00\",\"description\":\"Aspik-Schinkenr\u00f6llchen-Form aus Kunststoff, 250er-Pack \u2013 Ideal f\u00fcr Gastronomie und Privatkunden. Gleichm\u00e4\u00dfige Portionen, leichtes Entformen, hygienisch und praktisch.\",\"breadcrumb\":{\"@id\":\"https:\/\/www.csj-emballages.com\/de\/produit\/250-gelee-schinkenhornformen-aus-kunststoff\/#breadcrumb\"},\"inLanguage\":\"de\",\"potentialAction\":[{\"@type\":\"ReadAction\",\"target\":[\"https:\/\/www.csj-emballages.com\/de\/produit\/250-gelee-schinkenhornformen-aus-kunststoff\/\"]}]},{\"@type\":\"ImageObject\",\"inLanguage\":\"de\",\"@id\":\"https:\/\/www.csj-emballages.com\/de\/produit\/250-gelee-schinkenhornformen-aus-kunststoff\/#primaryimage\",\"url\":\"https:\/\/www.csj-emballages.com\/wp-content\/uploads\/2024\/03\/cornet-jambon.webp\",\"contentUrl\":\"https:\/\/www.csj-emballages.com\/wp-content\/uploads\/2024\/03\/cornet-jambon.webp\",\"width\":800,\"height\":800,\"caption\":\"Moule \u00e0 aspic\"},{\"@type\":\"BreadcrumbList\",\"@id\":\"https:\/\/www.csj-emballages.com\/de\/produit\/250-gelee-schinkenhornformen-aus-kunststoff\/#breadcrumb\",\"itemListElement\":[{\"@type\":\"ListItem\",\"position\":1,\"name\":\"Accueil\",\"item\":\"https:\/\/www.csj-emballages.com\/de\/universum-lebensmittelverpackungen\/\"},{\"@type\":\"ListItem\",\"position\":2,\"name\":\"Shop\",\"item\":\"https:\/\/www.csj-emballages.com\/shop\/\"},{\"@type\":\"ListItem\",\"position\":3,\"name\":\"Aspikform Schinkenhorn Kunststoff pro 250\"}]},{\"@type\":\"WebSite\",\"@id\":\"https:\/\/www.csj-emballages.com\/de\/#website\",\"url\":\"https:\/\/www.csj-emballages.com\/de\/\",\"name\":\"CSJ Emballages\",\"description\":\"\",\"publisher\":{\"@id\":\"https:\/\/www.csj-emballages.com\/de\/#organization\"},\"potentialAction\":[{\"@type\":\"SearchAction\",\"target\":{\"@type\":\"EntryPoint\",\"urlTemplate\":\"https:\/\/www.csj-emballages.com\/de\/?s={search_term_string}\"},\"query-input\":{\"@type\":\"PropertyValueSpecification\",\"valueRequired\":true,\"valueName\":\"search_term_string\"}}],\"inLanguage\":\"de\"},{\"@type\":\"Organization\",\"@id\":\"https:\/\/www.csj-emballages.com\/de\/#Organization\/\",\"name\":\"CSJ Emballages\",\"url\":\"https:\/\/www.csj-emballages.com\/de\/\",\"logo\":{\"@type\":\"ImageObject\",\"inLanguage\":\"de\",\"@id\":\"https:\/\/www.csj-emballages.com\/de\/#\/schema\/logo\/image\/\",\"url\":\"https:\/\/www.csj-emballages.com\/wp-content\/uploads\/2023\/10\/logo_csj.webp\",\"contentUrl\":\"https:\/\/www.csj-emballages.com\/wp-content\/uploads\/2023\/10\/logo_csj.webp\",\"width\":250,\"height\":95,\"caption\":\"CSJ Emballages\"},\"image\":{\"@id\":\"https:\/\/www.csj-emballages.com\/de\/#\/schema\/logo\/image\/\"},\"sameAs\":[\"https:\/\/www.facebook.com\/csjemballages\"],\"address\":{\"@type\":\"PostalAddress\",\"streetAddress\":\"ZI La Lechere\",\"addressLocality\":\"Patornay\",\"postalCode\":\"39130\",\"addressCountry\":\"FR\"},\"contactPoint\":[{\"@type\":\"ContactPoint\",\"contactType\":\"Service client\",\"telephone\":\"0384254272\",\"email\":\"contact@csj-emballages.com\"}]}]}<\/script>\n<!-- \/ Yoast SEO Premium plugin. -->","yoast_head_json":{"title":"Aspik Cornet Schinken Form Kunststoff pro 250","description":"Aspik-Schinkenr\u00f6llchen-Form aus Kunststoff, 250er-Pack \u2013 Ideal f\u00fcr Gastronomie und Privatkunden. Gleichm\u00e4\u00dfige Portionen, leichtes Entformen, hygienisch und praktisch.","robots":{"index":"index","follow":"follow","max-snippet":"max-snippet:-1","max-image-preview":"max-image-preview:large","max-video-preview":"max-video-preview:-1"},"canonical":"https:\/\/www.csj-emballages.com\/de\/produit\/250-gelee-schinkenhornformen-aus-kunststoff\/","og_locale":"de_DE","og_type":"article","og_title":"Aspikform Schinkenhorn Kunststoff pro 250","og_description":"Aspik-Schinkenr\u00f6llchen-Form aus Kunststoff, 250er-Pack \u2013 Ideal f\u00fcr Gastronomie und Privatkunden. Gleichm\u00e4\u00dfige Portionen, leichtes Entformen, hygienisch und praktisch.","og_url":"https:\/\/www.csj-emballages.com\/de\/produit\/250-gelee-schinkenhornformen-aus-kunststoff\/","og_site_name":"CSJ Emballages","article_publisher":"https:\/\/www.facebook.com\/csjemballages","article_modified_time":"2026-03-28T01:13:54+00:00","og_image":[{"width":800,"height":800,"url":"https:\/\/www.csj-emballages.com\/wp-content\/uploads\/2024\/03\/cornet-jambon.webp","type":"image\/webp"}],"twitter_card":"summary_large_image","twitter_misc":{"Gesch\u00e4tzte Lesezeit":"2 Minuten"},"schema":{"@context":"https:\/\/schema.org","@graph":[{"@type":"WebPage","@id":"https:\/\/www.csj-emballages.com\/de\/produit\/250-gelee-schinkenhornformen-aus-kunststoff\/","url":"https:\/\/www.csj-emballages.com\/de\/produit\/250-gelee-schinkenhornformen-aus-kunststoff\/","name":"Aspik Cornet Schinken Form Kunststoff pro 250","isPartOf":{"@id":"https:\/\/www.csj-emballages.com\/de\/#website"},"primaryImageOfPage":{"@id":"https:\/\/www.csj-emballages.com\/de\/produit\/250-gelee-schinkenhornformen-aus-kunststoff\/#primaryimage"},"image":{"@id":"https:\/\/www.csj-emballages.com\/de\/produit\/250-gelee-schinkenhornformen-aus-kunststoff\/#primaryimage"},"thumbnailUrl":"https:\/\/www.csj-emballages.com\/wp-content\/uploads\/2024\/03\/cornet-jambon.webp","datePublished":"2024-03-01T15:51:48+00:00","dateModified":"2026-03-28T01:13:54+00:00","description":"Aspik-Schinkenr\u00f6llchen-Form aus Kunststoff, 250er-Pack \u2013 Ideal f\u00fcr Gastronomie und Privatkunden. Gleichm\u00e4\u00dfige Portionen, leichtes Entformen, hygienisch und praktisch.","breadcrumb":{"@id":"https:\/\/www.csj-emballages.com\/de\/produit\/250-gelee-schinkenhornformen-aus-kunststoff\/#breadcrumb"},"inLanguage":"de","potentialAction":[{"@type":"ReadAction","target":["https:\/\/www.csj-emballages.com\/de\/produit\/250-gelee-schinkenhornformen-aus-kunststoff\/"]}]},{"@type":"ImageObject","inLanguage":"de","@id":"https:\/\/www.csj-emballages.com\/de\/produit\/250-gelee-schinkenhornformen-aus-kunststoff\/#primaryimage","url":"https:\/\/www.csj-emballages.com\/wp-content\/uploads\/2024\/03\/cornet-jambon.webp","contentUrl":"https:\/\/www.csj-emballages.com\/wp-content\/uploads\/2024\/03\/cornet-jambon.webp","width":800,"height":800,"caption":"Moule \u00e0 aspic"},{"@type":"BreadcrumbList","@id":"https:\/\/www.csj-emballages.com\/de\/produit\/250-gelee-schinkenhornformen-aus-kunststoff\/#breadcrumb","itemListElement":[{"@type":"ListItem","position":1,"name":"Accueil","item":"https:\/\/www.csj-emballages.com\/de\/universum-lebensmittelverpackungen\/"},{"@type":"ListItem","position":2,"name":"Shop","item":"https:\/\/www.csj-emballages.com\/shop\/"},{"@type":"ListItem","position":3,"name":"Aspikform Schinkenhorn Kunststoff pro 250"}]},{"@type":"WebSite","@id":"https:\/\/www.csj-emballages.com\/de\/#website","url":"https:\/\/www.csj-emballages.com\/de\/","name":"CSJ Emballages","description":"","publisher":{"@id":"https:\/\/www.csj-emballages.com\/de\/#organization"},"potentialAction":[{"@type":"SearchAction","target":{"@type":"EntryPoint","urlTemplate":"https:\/\/www.csj-emballages.com\/de\/?s={search_term_string}"},"query-input":{"@type":"PropertyValueSpecification","valueRequired":true,"valueName":"search_term_string"}}],"inLanguage":"de"},{"@type":"Organization","@id":"https:\/\/www.csj-emballages.com\/de\/#Organization\/","name":"CSJ Emballages","url":"https:\/\/www.csj-emballages.com\/de\/","logo":{"@type":"ImageObject","inLanguage":"de","@id":"https:\/\/www.csj-emballages.com\/de\/#\/schema\/logo\/image\/","url":"https:\/\/www.csj-emballages.com\/wp-content\/uploads\/2023\/10\/logo_csj.webp","contentUrl":"https:\/\/www.csj-emballages.com\/wp-content\/uploads\/2023\/10\/logo_csj.webp","width":250,"height":95,"caption":"CSJ Emballages"},"image":{"@id":"https:\/\/www.csj-emballages.com\/de\/#\/schema\/logo\/image\/"},"sameAs":["https:\/\/www.facebook.com\/csjemballages"],"address":{"@type":"PostalAddress","streetAddress":"ZI La Lechere","addressLocality":"Patornay","postalCode":"39130","addressCountry":"FR"},"contactPoint":[{"@type":"ContactPoint","contactType":"Service client","telephone":"0384254272","email":"contact@csj-emballages.com"}]}]}},"df_price":28.63,"df_sale_price":"","df_regular_price":28.63,"df_image_link":"https:\/\/www.csj-emballages.com\/wp-content\/uploads\/2024\/03\/cornet-jambon-300x300.webp","tiered_pricing_type":"fixed","tiered_pricing_fixed_rules":[],"tiered_pricing_percentage_rules":[],"tiered_pricing_minimum":1,"tiered_pricing_roles_data":[],"_links":{"self":[{"href":"https:\/\/www.csj-emballages.com\/de\/wp-json\/wp\/v2\/product\/22013","targetHints":{"allow":["GET"]}}],"collection":[{"href":"https:\/\/www.csj-emballages.com\/de\/wp-json\/wp\/v2\/product"}],"about":[{"href":"https:\/\/www.csj-emballages.com\/de\/wp-json\/wp\/v2\/types\/product"}],"wp:featuredmedia":[{"embeddable":true,"href":"https:\/\/www.csj-emballages.com\/de\/wp-json\/wp\/v2\/media\/220983"}],"wp:attachment":[{"href":"https:\/\/www.csj-emballages.com\/de\/wp-json\/wp\/v2\/media?parent=22013"}],"wp:term":[{"taxonomy":"product_brand","embeddable":true,"href":"https:\/\/www.csj-emballages.com\/de\/wp-json\/wp\/v2\/product_brand?post=22013"},{"taxonomy":"product_cat","embeddable":true,"href":"https:\/\/www.csj-emballages.com\/de\/wp-json\/wp\/v2\/product_cat?post=22013"},{"taxonomy":"product_tag","embeddable":true,"href":"https:\/\/www.csj-emballages.com\/de\/wp-json\/wp\/v2\/product_tag?post=22013"}],"curies":[{"name":"wp","href":"https:\/\/api.w.org\/{rel}","templated":true}]}}