{"id":22008,"date":"2024-03-01T16:51:44","date_gmt":"2024-03-01T15:51:44","guid":{"rendered":"https:\/\/u15jnbdpoq.preview.infomaniak.website\/produit\/50-backformen-aus-papier-167-ml\/"},"modified":"2026-04-25T02:13:56","modified_gmt":"2026-04-25T00:13:56","slug":"50-backformen-aus-papier-167-ml","status":"publish","type":"product","link":"https:\/\/www.csj-emballages.com\/de\/produit\/50-backformen-aus-papier-167-ml\/","title":{"rendered":"Backform Papier 167 ml pro 50"},"content":{"rendered":"<h2 class=\"p1\">Backform<\/h2>\n<hr>\n<h3>Beschreibung unserer Backform Papier 167 ml pro 50<\/h3>\n<p><!--more--><\/p>\n<p class=\"\" data-start=\"28\" data-end=\"414\">Entdecken Sie unsere <strong data-start=\"44\" data-end=\"81\">Backform aus Papier mit einem Fassungsverm\u00f6gen von 167 ml<\/strong>, die f\u00fcr B\u00e4cker, Konditoren, Caterer und Hobbyk\u00f6che unverzichtbar ist. Diese Backform wurde entwickelt, um hohen Temperaturen standzuhalten, und erm\u00f6glicht ein gleichm\u00e4\u00dfiges Backen Ihrer s\u00fc\u00dfen und herzhaften Zubereitungen. Ihr Material aus <strong>lebensmittelechtem Pergamentpapier<\/strong> ist kompostierbar und biologisch abbaubar. Dank ihrer robusten Konstruktion beh\u00e4lt diese <strong>Papierbackform<\/strong> auch bei leichten oder fl\u00fcssigen Teigen ihre Form. Sie eignet sich ideal zum Backen von Mini-Cakes, Financiers, Fondants und anderen S\u00fc\u00dfigkeiten.    <\/p>\n<p class=\"\" data-start=\"713\" data-end=\"1010\">Perfekt f\u00fcr den professionellen oder h\u00e4uslichen Gebrauch, spart es Ihnen Zeit und Effizienz, da das Schmieren und Reinigen der traditionellen Formen entf\u00e4llt. Praktisch und wirtschaftlich, wird es in <strong>Sets von 50 St\u00fcck<\/strong> verkauft, um den Bed\u00fcrfnissen von kleinen und gro\u00dfen Produktionen gerecht zu werden. <\/p>\n<p>&nbsp;<\/p>\n<p><!--more--><\/p>\n<h4>Ihre Vorteile :<\/h4>\n<ul style=\"margin-top: 0;margin-bottom: 0\">\n<li><strong data-start=\"1203\" data-end=\"1240\">Hochtemperaturbest\u00e4ndig<\/strong> f\u00fcr optimales Kochen.<\/li>\n<li><strong data-start=\"1272\" data-end=\"1288\">Antihaftbeschichtet<\/strong>: l\u00e4sst sich ohne Zugabe von Fett leicht aus der Form l\u00f6sen.<\/li>\n<li><strong data-start=\"1342\" data-end=\"1365\">Praktisch und recycelbar<\/strong>: Diese Backform ist umweltfreundlich.<\/li>\n<li><strong data-start=\"1403\" data-end=\"1417\">Vielseitig<\/strong>: f\u00fcr s\u00fc\u00dfe und herzhafte Rezepte geeignet.<\/li>\n<li><strong data-start=\"1463\" data-end=\"1485\">Wird in Packungen zu 50 St\u00fcck verkauft<\/strong>, um den Bed\u00fcrfnissen von Berufst\u00e4tigen und Privatpersonen gerecht zu werden.<\/li>\n<\/ul>\n<p>&nbsp;<\/p>\n<p><!--more--><\/p>\n<h4>Weitere Informationen :<\/h4>\n<ul style=\"margin-top: 0;margin-bottom: 0\">\n<li><strong>Verpackung<\/strong>: Packung mit 50 St\u00fcck<\/li>\n<li><strong>Innenma\u00dfe <\/strong>: 80 x 40 (L x B in mm)<\/li>\n<li><strong>Au\u00dfenma\u00dfe<\/strong>: 110 x 65 (L x B in mm)<\/li>\n<li><strong>H\u00f6he<\/strong>: 45 mm<\/li>\n<li><strong>Volumen<\/strong>: 167 ml<\/li>\n<li><strong>Farbe<\/strong>: Braun<\/li>\n<li><strong>Material<\/strong>: Backpapier<\/li>\n<li><strong>Gebrauchstemperatur<\/strong>: -40\u00b0C \/ +220\u00b0C<\/li>\n<\/ul>\n<p>&nbsp;<\/p>\n<p><!--more--><\/p>\n<p>Dieses Produkt ist in verschiedenen Gr\u00f6\u00dfen und Formen erh\u00e4ltlich : <span style=\"color: #d12727\"><a style=\"color: #d12727\" href=\"https:\/\/www.csj-emballages.com\/es\/produit\/50-moldes-de-papel-para-hornear-105-ml\/\">Schaufel<\/a><\/span> \/ <span style=\"color: #d12727\"><a style=\"color: #d12727\" href=\"https:\/\/www.csj-emballages.com\/es\/produit\/50-moldes-de-papel-para-hornear-de-109-mm\/\">Tartelette<\/a><\/span> \/ <span style=\"color: #d12727\"><a style=\"color: #d12727\" href=\"https:\/\/www.csj-emballages.com\/es\/produit\/25-moldes-de-papel-para-hornear-247-mm\/\">Tarte<\/a><\/span> \/ <span style=\"color: #d12727\"><a style=\"color: #d12727\" href=\"https:\/\/www.csj-emballages.com\/produit\/25-moules-cuisson-papier-550-ml\/\">Kuchen 550 ml<\/a><\/span> \/ <span style=\"color: #d12727\"><a style=\"color: #d12727\" href=\"https:\/\/www.csj-emballages.com\/produit\/25-moules-cuisson-papier-1033-ml\/\">Kuchen 1033 ml<\/a><\/span><\/p>\n<p>&nbsp;<\/p>\n<p><!--more--><\/p>\n<p><a href=\"\/?product_cat=moules-cuissons\">Sehen Sie sich den Rest unseres Sortiments an Papierbackformen an<\/a><\/p>\n","protected":false},"excerpt":{"rendered":"<p>Backform Beschreibung unserer Backform Papier 167 ml pro 50<\/p>\n","protected":false},"featured_media":229485,"template":"","meta":{"_acf_changed":false},"product_brand":[],"product_cat":[1137,1171,2747],"product_tag":[],"class_list":{"0":"post-22008","1":"product","2":"type-product","3":"status-publish","4":"has-post-thumbnail","6":"product_cat-lebensmittelverpackungen","7":"product_cat-backerei-und-konditorei","8":"product_cat-gebackene-muscheln","10":"first","11":"instock","12":"taxable","13":"shipping-taxable","14":"purchasable","15":"product-type-simple"},"acf":[],"yoast_head":"<!-- This site is optimized with the Yoast SEO Premium plugin v26.6 (Yoast SEO v26.6) - https:\/\/yoast.com\/wordpress\/plugins\/seo\/ -->\n<title>Backform Papier 167 ml pro 50<\/title>\n<meta name=\"description\" content=\"Backform aus Papier 167 ml, ideal f\u00fcr Geb\u00e4ck und herzhafte Zubereitungen. Sie ist hitzebest\u00e4ndig, antihaftbeschichtet und wird in Packungen zu 50 St\u00fcck verkauft.\" \/>\n<meta name=\"robots\" content=\"index, follow, max-snippet:-1, max-image-preview:large, max-video-preview:-1\" \/>\n<link rel=\"canonical\" href=\"https:\/\/www.csj-emballages.com\/de\/produit\/50-backformen-aus-papier-167-ml\/\" \/>\n<meta property=\"og:locale\" content=\"de_DE\" \/>\n<meta property=\"og:type\" content=\"article\" \/>\n<meta property=\"og:title\" content=\"Backform Papier 167 ml pro 50\" \/>\n<meta property=\"og:description\" content=\"Backform aus Papier 167 ml, ideal f\u00fcr Geb\u00e4ck und herzhafte Zubereitungen. Sie ist hitzebest\u00e4ndig, antihaftbeschichtet und wird in Packungen zu 50 St\u00fcck verkauft.\" \/>\n<meta property=\"og:url\" content=\"https:\/\/www.csj-emballages.com\/de\/produit\/50-backformen-aus-papier-167-ml\/\" \/>\n<meta property=\"og:site_name\" content=\"CSJ Emballages\" \/>\n<meta property=\"article:publisher\" content=\"https:\/\/www.facebook.com\/csjemballages\" \/>\n<meta property=\"article:modified_time\" content=\"2026-04-25T00:13:56+00:00\" \/>\n<meta property=\"og:image\" content=\"https:\/\/www.csj-emballages.com\/wp-content\/uploads\/2024\/03\/MO140P-1.webp\" \/>\n\t<meta property=\"og:image:width\" content=\"800\" \/>\n\t<meta property=\"og:image:height\" content=\"800\" \/>\n\t<meta property=\"og:image:type\" content=\"image\/webp\" \/>\n<meta name=\"twitter:card\" content=\"summary_large_image\" \/>\n<meta name=\"twitter:label1\" content=\"Gesch\u00e4tzte Lesezeit\" \/>\n\t<meta name=\"twitter:data1\" content=\"1\u00a0Minute\" \/>\n<script type=\"application\/ld+json\" class=\"yoast-schema-graph\">{\"@context\":\"https:\/\/schema.org\",\"@graph\":[{\"@type\":\"WebPage\",\"@id\":\"https:\/\/www.csj-emballages.com\/de\/produit\/50-backformen-aus-papier-167-ml\/\",\"url\":\"https:\/\/www.csj-emballages.com\/de\/produit\/50-backformen-aus-papier-167-ml\/\",\"name\":\"Backform Papier 167 ml pro 50\",\"isPartOf\":{\"@id\":\"https:\/\/www.csj-emballages.com\/de\/#website\"},\"primaryImageOfPage\":{\"@id\":\"https:\/\/www.csj-emballages.com\/de\/produit\/50-backformen-aus-papier-167-ml\/#primaryimage\"},\"image\":{\"@id\":\"https:\/\/www.csj-emballages.com\/de\/produit\/50-backformen-aus-papier-167-ml\/#primaryimage\"},\"thumbnailUrl\":\"https:\/\/www.csj-emballages.com\/wp-content\/uploads\/2024\/03\/MO140P-1.webp\",\"datePublished\":\"2024-03-01T15:51:44+00:00\",\"dateModified\":\"2026-04-25T00:13:56+00:00\",\"description\":\"Backform aus Papier 167 ml, ideal f\u00fcr Geb\u00e4ck und herzhafte Zubereitungen. Sie ist hitzebest\u00e4ndig, antihaftbeschichtet und wird in Packungen zu 50 St\u00fcck verkauft.\",\"breadcrumb\":{\"@id\":\"https:\/\/www.csj-emballages.com\/de\/produit\/50-backformen-aus-papier-167-ml\/#breadcrumb\"},\"inLanguage\":\"de\",\"potentialAction\":[{\"@type\":\"ReadAction\",\"target\":[\"https:\/\/www.csj-emballages.com\/de\/produit\/50-backformen-aus-papier-167-ml\/\"]}]},{\"@type\":\"ImageObject\",\"inLanguage\":\"de\",\"@id\":\"https:\/\/www.csj-emballages.com\/de\/produit\/50-backformen-aus-papier-167-ml\/#primaryimage\",\"url\":\"https:\/\/www.csj-emballages.com\/wp-content\/uploads\/2024\/03\/MO140P-1.webp\",\"contentUrl\":\"https:\/\/www.csj-emballages.com\/wp-content\/uploads\/2024\/03\/MO140P-1.webp\",\"width\":800,\"height\":800,\"caption\":\"Moule cuisson\"},{\"@type\":\"BreadcrumbList\",\"@id\":\"https:\/\/www.csj-emballages.com\/de\/produit\/50-backformen-aus-papier-167-ml\/#breadcrumb\",\"itemListElement\":[{\"@type\":\"ListItem\",\"position\":1,\"name\":\"Accueil\",\"item\":\"https:\/\/www.csj-emballages.com\/de\/universum-lebensmittelverpackungen\/\"},{\"@type\":\"ListItem\",\"position\":2,\"name\":\"Shop\",\"item\":\"https:\/\/www.csj-emballages.com\/shop\/\"},{\"@type\":\"ListItem\",\"position\":3,\"name\":\"Backform Papier 167 ml pro 50\"}]},{\"@type\":\"WebSite\",\"@id\":\"https:\/\/www.csj-emballages.com\/de\/#website\",\"url\":\"https:\/\/www.csj-emballages.com\/de\/\",\"name\":\"CSJ Emballages\",\"description\":\"\",\"publisher\":{\"@id\":\"https:\/\/www.csj-emballages.com\/de\/#organization\"},\"potentialAction\":[{\"@type\":\"SearchAction\",\"target\":{\"@type\":\"EntryPoint\",\"urlTemplate\":\"https:\/\/www.csj-emballages.com\/de\/?s={search_term_string}\"},\"query-input\":{\"@type\":\"PropertyValueSpecification\",\"valueRequired\":true,\"valueName\":\"search_term_string\"}}],\"inLanguage\":\"de\"},{\"@type\":\"Organization\",\"@id\":\"https:\/\/www.csj-emballages.com\/de\/#Organization\/\",\"name\":\"CSJ Emballages\",\"url\":\"https:\/\/www.csj-emballages.com\/de\/\",\"logo\":{\"@type\":\"ImageObject\",\"inLanguage\":\"de\",\"@id\":\"https:\/\/www.csj-emballages.com\/de\/#\/schema\/logo\/image\/\",\"url\":\"https:\/\/www.csj-emballages.com\/wp-content\/uploads\/2023\/10\/logo_csj.webp\",\"contentUrl\":\"https:\/\/www.csj-emballages.com\/wp-content\/uploads\/2023\/10\/logo_csj.webp\",\"width\":250,\"height\":95,\"caption\":\"CSJ Emballages\"},\"image\":{\"@id\":\"https:\/\/www.csj-emballages.com\/de\/#\/schema\/logo\/image\/\"},\"sameAs\":[\"https:\/\/www.facebook.com\/csjemballages\"],\"address\":{\"@type\":\"PostalAddress\",\"streetAddress\":\"ZI La Lechere\",\"addressLocality\":\"Patornay\",\"postalCode\":\"39130\",\"addressCountry\":\"FR\"},\"contactPoint\":[{\"@type\":\"ContactPoint\",\"contactType\":\"Service client\",\"telephone\":\"0384254272\",\"email\":\"contact@csj-emballages.com\"}]}]}<\/script>\n<!-- \/ Yoast SEO Premium plugin. -->","yoast_head_json":{"title":"Backform Papier 167 ml pro 50","description":"Backform aus Papier 167 ml, ideal f\u00fcr Geb\u00e4ck und herzhafte Zubereitungen. Sie ist hitzebest\u00e4ndig, antihaftbeschichtet und wird in Packungen zu 50 St\u00fcck verkauft.","robots":{"index":"index","follow":"follow","max-snippet":"max-snippet:-1","max-image-preview":"max-image-preview:large","max-video-preview":"max-video-preview:-1"},"canonical":"https:\/\/www.csj-emballages.com\/de\/produit\/50-backformen-aus-papier-167-ml\/","og_locale":"de_DE","og_type":"article","og_title":"Backform Papier 167 ml pro 50","og_description":"Backform aus Papier 167 ml, ideal f\u00fcr Geb\u00e4ck und herzhafte Zubereitungen. Sie ist hitzebest\u00e4ndig, antihaftbeschichtet und wird in Packungen zu 50 St\u00fcck verkauft.","og_url":"https:\/\/www.csj-emballages.com\/de\/produit\/50-backformen-aus-papier-167-ml\/","og_site_name":"CSJ Emballages","article_publisher":"https:\/\/www.facebook.com\/csjemballages","article_modified_time":"2026-04-25T00:13:56+00:00","og_image":[{"width":800,"height":800,"url":"https:\/\/www.csj-emballages.com\/wp-content\/uploads\/2024\/03\/MO140P-1.webp","type":"image\/webp"}],"twitter_card":"summary_large_image","twitter_misc":{"Gesch\u00e4tzte Lesezeit":"1\u00a0Minute"},"schema":{"@context":"https:\/\/schema.org","@graph":[{"@type":"WebPage","@id":"https:\/\/www.csj-emballages.com\/de\/produit\/50-backformen-aus-papier-167-ml\/","url":"https:\/\/www.csj-emballages.com\/de\/produit\/50-backformen-aus-papier-167-ml\/","name":"Backform Papier 167 ml pro 50","isPartOf":{"@id":"https:\/\/www.csj-emballages.com\/de\/#website"},"primaryImageOfPage":{"@id":"https:\/\/www.csj-emballages.com\/de\/produit\/50-backformen-aus-papier-167-ml\/#primaryimage"},"image":{"@id":"https:\/\/www.csj-emballages.com\/de\/produit\/50-backformen-aus-papier-167-ml\/#primaryimage"},"thumbnailUrl":"https:\/\/www.csj-emballages.com\/wp-content\/uploads\/2024\/03\/MO140P-1.webp","datePublished":"2024-03-01T15:51:44+00:00","dateModified":"2026-04-25T00:13:56+00:00","description":"Backform aus Papier 167 ml, ideal f\u00fcr Geb\u00e4ck und herzhafte Zubereitungen. Sie ist hitzebest\u00e4ndig, antihaftbeschichtet und wird in Packungen zu 50 St\u00fcck verkauft.","breadcrumb":{"@id":"https:\/\/www.csj-emballages.com\/de\/produit\/50-backformen-aus-papier-167-ml\/#breadcrumb"},"inLanguage":"de","potentialAction":[{"@type":"ReadAction","target":["https:\/\/www.csj-emballages.com\/de\/produit\/50-backformen-aus-papier-167-ml\/"]}]},{"@type":"ImageObject","inLanguage":"de","@id":"https:\/\/www.csj-emballages.com\/de\/produit\/50-backformen-aus-papier-167-ml\/#primaryimage","url":"https:\/\/www.csj-emballages.com\/wp-content\/uploads\/2024\/03\/MO140P-1.webp","contentUrl":"https:\/\/www.csj-emballages.com\/wp-content\/uploads\/2024\/03\/MO140P-1.webp","width":800,"height":800,"caption":"Moule cuisson"},{"@type":"BreadcrumbList","@id":"https:\/\/www.csj-emballages.com\/de\/produit\/50-backformen-aus-papier-167-ml\/#breadcrumb","itemListElement":[{"@type":"ListItem","position":1,"name":"Accueil","item":"https:\/\/www.csj-emballages.com\/de\/universum-lebensmittelverpackungen\/"},{"@type":"ListItem","position":2,"name":"Shop","item":"https:\/\/www.csj-emballages.com\/shop\/"},{"@type":"ListItem","position":3,"name":"Backform Papier 167 ml pro 50"}]},{"@type":"WebSite","@id":"https:\/\/www.csj-emballages.com\/de\/#website","url":"https:\/\/www.csj-emballages.com\/de\/","name":"CSJ Emballages","description":"","publisher":{"@id":"https:\/\/www.csj-emballages.com\/de\/#organization"},"potentialAction":[{"@type":"SearchAction","target":{"@type":"EntryPoint","urlTemplate":"https:\/\/www.csj-emballages.com\/de\/?s={search_term_string}"},"query-input":{"@type":"PropertyValueSpecification","valueRequired":true,"valueName":"search_term_string"}}],"inLanguage":"de"},{"@type":"Organization","@id":"https:\/\/www.csj-emballages.com\/de\/#Organization\/","name":"CSJ Emballages","url":"https:\/\/www.csj-emballages.com\/de\/","logo":{"@type":"ImageObject","inLanguage":"de","@id":"https:\/\/www.csj-emballages.com\/de\/#\/schema\/logo\/image\/","url":"https:\/\/www.csj-emballages.com\/wp-content\/uploads\/2023\/10\/logo_csj.webp","contentUrl":"https:\/\/www.csj-emballages.com\/wp-content\/uploads\/2023\/10\/logo_csj.webp","width":250,"height":95,"caption":"CSJ Emballages"},"image":{"@id":"https:\/\/www.csj-emballages.com\/de\/#\/schema\/logo\/image\/"},"sameAs":["https:\/\/www.facebook.com\/csjemballages"],"address":{"@type":"PostalAddress","streetAddress":"ZI La Lechere","addressLocality":"Patornay","postalCode":"39130","addressCountry":"FR"},"contactPoint":[{"@type":"ContactPoint","contactType":"Service client","telephone":"0384254272","email":"contact@csj-emballages.com"}]}]}},"df_price":11.44,"df_sale_price":"","df_regular_price":11.44,"df_image_link":"https:\/\/www.csj-emballages.com\/wp-content\/uploads\/2024\/03\/MO140P-1-300x300.webp","tiered_pricing_type":"fixed","tiered_pricing_fixed_rules":[],"tiered_pricing_percentage_rules":[],"tiered_pricing_minimum":1,"tiered_pricing_roles_data":[],"_links":{"self":[{"href":"https:\/\/www.csj-emballages.com\/de\/wp-json\/wp\/v2\/product\/22008","targetHints":{"allow":["GET"]}}],"collection":[{"href":"https:\/\/www.csj-emballages.com\/de\/wp-json\/wp\/v2\/product"}],"about":[{"href":"https:\/\/www.csj-emballages.com\/de\/wp-json\/wp\/v2\/types\/product"}],"wp:featuredmedia":[{"embeddable":true,"href":"https:\/\/www.csj-emballages.com\/de\/wp-json\/wp\/v2\/media\/229485"}],"wp:attachment":[{"href":"https:\/\/www.csj-emballages.com\/de\/wp-json\/wp\/v2\/media?parent=22008"}],"wp:term":[{"taxonomy":"product_brand","embeddable":true,"href":"https:\/\/www.csj-emballages.com\/de\/wp-json\/wp\/v2\/product_brand?post=22008"},{"taxonomy":"product_cat","embeddable":true,"href":"https:\/\/www.csj-emballages.com\/de\/wp-json\/wp\/v2\/product_cat?post=22008"},{"taxonomy":"product_tag","embeddable":true,"href":"https:\/\/www.csj-emballages.com\/de\/wp-json\/wp\/v2\/product_tag?post=22008"}],"curies":[{"name":"wp","href":"https:\/\/api.w.org\/{rel}","templated":true}]}}