{"id":22003,"date":"2024-03-01T16:51:48","date_gmt":"2024-03-01T15:51:48","guid":{"rendered":"https:\/\/u15jnbdpoq.preview.infomaniak.website\/produit\/natuerlicher-stiel-130-m-mit-schraube\/"},"modified":"2026-04-29T02:15:51","modified_gmt":"2026-04-29T00:15:51","slug":"natuerlicher-stiel-130-m-mit-schraube","status":"publish","type":"product","link":"https:\/\/www.csj-emballages.com\/de\/produit\/natuerlicher-stiel-130-m-mit-schraube\/","title":{"rendered":"Besenstiel aus Holz, 1,30 m, mit Schraubgewinde"},"content":{"rendered":"<h2>Besenstiel aus Holz<\/h2>\n<hr>\n<h3>Entdecken Sie unseren Besenstiel aus Holz, 1,30 m, mit Schraubgewinde.<\/h3>\n<p><!--more--><\/p>\n<p data-start=\"268\" data-end=\"633\">Wenn man einen <strong>zuverl\u00e4ssigen Stiel<\/strong> sucht, m\u00f6chte man vor allem, dass er seine Aufgabe lange und ohne b\u00f6se \u00dcberraschungen erf\u00fcllt. Dieser <strong>Besenstiel aus Holz<\/strong> von <strong data-start=\"405\" data-end=\"415\">1,30 m<\/strong> erf\u00fcllt genau diese Erwartung. Seine <strong>L\u00e4nge<\/strong> bietet einen komfortablen Griff, was ein Arbeiten ohne unn\u00f6tiges B\u00fccken erm\u00f6glicht, sei es f\u00fcr den Haushalt, die Pflege oder die Reinigung gro\u00dfer Fl\u00e4chen.  <\/p>\n<p data-start=\"635\" data-end=\"1014\">Hergestellt aus <strong>Naturholz<\/strong>, verleiht er ein solides und angenehmes Gef\u00fchl bei der Nutzung. Im Gegensatz zu zu leichten oder hohlen Stielen liegt dieser gut und stabil in der Hand. Man sp\u00fcrt sofort, dass er f\u00fcr eine lange Lebensdauer konzipiert ist. Zudem erm\u00f6glicht sein <strong data-start=\"869\" data-end=\"892\">Standard-Schraubgewinde<\/strong> eine einfache Anpassung an zahlreiche Besen, B\u00fcrsten oder Abzieher. Einfach aufschrauben, und schon ist er einsatzbereit.    <\/p>\n<p data-start=\"1016\" data-end=\"1270\">Am Ende <strong>sch\u00fctzt die schwarze Endkappe das Holz<\/strong> und verbessert die Haltbarkeit. Dies verhindert vorzeitigen Verschlei\u00df, insbesondere bei h\u00e4ufigem Gebrauch. Ob f\u00fcr den professionellen oder h\u00e4uslichen Gebrauch, dieser Stiel passt sich problemlos Ihrem Alltag an.  <\/p>\n<p data-start=\"1272\" data-end=\"1502\">Dar\u00fcber hinaus konzentriert sich sein <strong>einfaches und nat\u00fcrliches Design<\/strong> auf das Wesentliche. Keine unn\u00f6tigen Schn\u00f6rkel, nur ein effizienter, praktischer und robuster Stiel. Er findet leicht seinen Platz in einem Wartungsraum, einer Garage oder einem Abstellschrank.  <\/p>\n<p data-start=\"1504\" data-end=\"1678\">Zusammenfassend kombiniert dieser <strong>Besenstiel aus Holz<\/strong> Komfort, Stabilit\u00e4t und Kompatibilit\u00e4t. Er ist ein grundlegendes, aber unverzichtbares Zubeh\u00f6r, auf das man sich Tag f\u00fcr Tag wirklich verlassen kann. <\/p>\n<p data-start=\"1504\" data-end=\"1678\">\n<p data-start=\"1504\" data-end=\"1678\"><!--more--><\/p>\n<h4 data-start=\"1504\" data-end=\"1678\">Vorteile :<\/h4>\n<ul>\n<li data-start=\"1707\" data-end=\"1739\">Komfortable L\u00e4nge von <strong>1,30 m<\/strong>.<\/li>\n<li data-start=\"1742\" data-end=\"1783\"><strong>Naturholz<\/strong>, stabil und angenehm in der Hand.<\/li>\n<li data-start=\"1786\" data-end=\"1841\">Schraubsystem, kompatibel mit zahlreichen Zubeh\u00f6rteilen.<\/li>\n<li data-start=\"1844\" data-end=\"1896\">Schutzkappe f\u00fcr eine bessere Haltbarkeit.<\/li>\n<li data-start=\"1899\" data-end=\"1959\">Sowohl f\u00fcr Privatpersonen als auch f\u00fcr Profis geeignet.<\/li>\n<\/ul>\n<p>&nbsp;<\/p>\n<p><!--more--><\/p>\n<h4>Weitere Informationen :<\/h4>\n<ul>\n<li><strong>Verpackung<\/strong>: Einzeln<\/li>\n<li><strong>L\u00e4nge<\/strong>: 1,30 m<\/li>\n<li><strong>Material<\/strong>: Holz \/ Kunststoff<\/li>\n<\/ul>\n<p>&nbsp;<\/p>\n<p><!--more--><\/p>\n<p><a href=\"https:\/\/www.csj-emballages.com\/de\/categorie-produit\/hygiene-und-pflege\/bursten-und-besen\/besenstiel\/\">Sehen Sie sich den Rest unseres Besenstiel-Sortiments an<\/a><\/p>\n","protected":false},"excerpt":{"rendered":"<p>Besenstiel aus Holz Entdecken Sie unseren Besenstiel aus Holz, 1,30 m, mit Schraubgewinde.<\/p>\n","protected":false},"featured_media":261867,"template":"","meta":{"_acf_changed":false},"product_brand":[],"product_cat":[1218,1449,2867],"product_tag":[],"class_list":{"0":"post-22003","1":"product","2":"type-product","3":"status-publish","4":"has-post-thumbnail","6":"product_cat-hygiene-und-pflege","7":"product_cat-bursten-und-besen","8":"product_cat-besenstiel","9":"product_shipping_class-verboten-in-staffeln","11":"first","12":"instock","13":"taxable","14":"shipping-taxable","15":"purchasable","16":"product-type-simple"},"acf":[],"yoast_head":"<!-- This site is optimized with the Yoast SEO Premium plugin v26.6 (Yoast SEO v26.6) - https:\/\/yoast.com\/wordpress\/plugins\/seo\/ -->\n<title>Besenstiel aus Holz, 1,30 m, mit Schraubgewinde<\/title>\n<meta name=\"description\" content=\"Besenstiel aus Holz, 1,30 m, mit Schraubgewinde, stabil und komfortabel. Kompatibel mit vielen Besen, ideal f\u00fcr den t\u00e4glichen oder professionellen Gebrauch.\" \/>\n<meta name=\"robots\" content=\"index, follow, max-snippet:-1, max-image-preview:large, max-video-preview:-1\" \/>\n<link rel=\"canonical\" href=\"https:\/\/www.csj-emballages.com\/de\/produit\/natuerlicher-stiel-130-m-mit-schraube\/\" \/>\n<meta property=\"og:locale\" content=\"de_DE\" \/>\n<meta property=\"og:type\" content=\"article\" \/>\n<meta property=\"og:title\" content=\"Besenstiel aus Holz, 1,30 m, mit Schraubgewinde\" \/>\n<meta property=\"og:description\" content=\"Besenstiel aus Holz, 1,30 m, mit Schraubgewinde, stabil und komfortabel. Kompatibel mit vielen Besen, ideal f\u00fcr den t\u00e4glichen oder professionellen Gebrauch.\" \/>\n<meta property=\"og:url\" content=\"https:\/\/www.csj-emballages.com\/de\/produit\/natuerlicher-stiel-130-m-mit-schraube\/\" \/>\n<meta property=\"og:site_name\" content=\"CSJ Emballages\" \/>\n<meta property=\"article:publisher\" content=\"https:\/\/www.facebook.com\/csjemballages\" \/>\n<meta property=\"article:modified_time\" content=\"2026-04-29T00:15:51+00:00\" \/>\n<meta property=\"og:image\" content=\"https:\/\/www.csj-emballages.com\/wp-content\/uploads\/2024\/03\/Manche-a-balai-en-bois.webp\" \/>\n\t<meta property=\"og:image:width\" content=\"799\" \/>\n\t<meta property=\"og:image:height\" content=\"800\" \/>\n\t<meta property=\"og:image:type\" content=\"image\/webp\" \/>\n<meta name=\"twitter:card\" content=\"summary_large_image\" \/>\n<meta name=\"twitter:label1\" content=\"Gesch\u00e4tzte Lesezeit\" \/>\n\t<meta name=\"twitter:data1\" content=\"2 Minuten\" \/>\n<script type=\"application\/ld+json\" class=\"yoast-schema-graph\">{\"@context\":\"https:\/\/schema.org\",\"@graph\":[{\"@type\":\"WebPage\",\"@id\":\"https:\/\/www.csj-emballages.com\/de\/produit\/natuerlicher-stiel-130-m-mit-schraube\/\",\"url\":\"https:\/\/www.csj-emballages.com\/de\/produit\/natuerlicher-stiel-130-m-mit-schraube\/\",\"name\":\"Besenstiel aus Holz, 1,30 m, mit Schraubgewinde\",\"isPartOf\":{\"@id\":\"https:\/\/www.csj-emballages.com\/de\/#website\"},\"primaryImageOfPage\":{\"@id\":\"https:\/\/www.csj-emballages.com\/de\/produit\/natuerlicher-stiel-130-m-mit-schraube\/#primaryimage\"},\"image\":{\"@id\":\"https:\/\/www.csj-emballages.com\/de\/produit\/natuerlicher-stiel-130-m-mit-schraube\/#primaryimage\"},\"thumbnailUrl\":\"https:\/\/www.csj-emballages.com\/wp-content\/uploads\/2024\/03\/Manche-a-balai-en-bois.webp\",\"datePublished\":\"2024-03-01T15:51:48+00:00\",\"dateModified\":\"2026-04-29T00:15:51+00:00\",\"description\":\"Besenstiel aus Holz, 1,30 m, mit Schraubgewinde, stabil und komfortabel. Kompatibel mit vielen Besen, ideal f\u00fcr den t\u00e4glichen oder professionellen Gebrauch.\",\"breadcrumb\":{\"@id\":\"https:\/\/www.csj-emballages.com\/de\/produit\/natuerlicher-stiel-130-m-mit-schraube\/#breadcrumb\"},\"inLanguage\":\"de\",\"potentialAction\":[{\"@type\":\"ReadAction\",\"target\":[\"https:\/\/www.csj-emballages.com\/de\/produit\/natuerlicher-stiel-130-m-mit-schraube\/\"]}]},{\"@type\":\"ImageObject\",\"inLanguage\":\"de\",\"@id\":\"https:\/\/www.csj-emballages.com\/de\/produit\/natuerlicher-stiel-130-m-mit-schraube\/#primaryimage\",\"url\":\"https:\/\/www.csj-emballages.com\/wp-content\/uploads\/2024\/03\/Manche-a-balai-en-bois.webp\",\"contentUrl\":\"https:\/\/www.csj-emballages.com\/wp-content\/uploads\/2024\/03\/Manche-a-balai-en-bois.webp\",\"width\":799,\"height\":800,\"caption\":\"Manche \u00e0 balai en bois\"},{\"@type\":\"BreadcrumbList\",\"@id\":\"https:\/\/www.csj-emballages.com\/de\/produit\/natuerlicher-stiel-130-m-mit-schraube\/#breadcrumb\",\"itemListElement\":[{\"@type\":\"ListItem\",\"position\":1,\"name\":\"Accueil\",\"item\":\"https:\/\/www.csj-emballages.com\/de\/universum-lebensmittelverpackungen\/\"},{\"@type\":\"ListItem\",\"position\":2,\"name\":\"Shop\",\"item\":\"https:\/\/www.csj-emballages.com\/shop\/\"},{\"@type\":\"ListItem\",\"position\":3,\"name\":\"Besenstiel aus Holz, 1,30 m, mit Schraubgewinde\"}]},{\"@type\":\"WebSite\",\"@id\":\"https:\/\/www.csj-emballages.com\/de\/#website\",\"url\":\"https:\/\/www.csj-emballages.com\/de\/\",\"name\":\"CSJ Emballages\",\"description\":\"\",\"publisher\":{\"@id\":\"https:\/\/www.csj-emballages.com\/de\/#organization\"},\"potentialAction\":[{\"@type\":\"SearchAction\",\"target\":{\"@type\":\"EntryPoint\",\"urlTemplate\":\"https:\/\/www.csj-emballages.com\/de\/?s={search_term_string}\"},\"query-input\":{\"@type\":\"PropertyValueSpecification\",\"valueRequired\":true,\"valueName\":\"search_term_string\"}}],\"inLanguage\":\"de\"},{\"@type\":\"Organization\",\"@id\":\"https:\/\/www.csj-emballages.com\/de\/#Organization\/\",\"name\":\"CSJ Emballages\",\"url\":\"https:\/\/www.csj-emballages.com\/de\/\",\"logo\":{\"@type\":\"ImageObject\",\"inLanguage\":\"de\",\"@id\":\"https:\/\/www.csj-emballages.com\/de\/#\/schema\/logo\/image\/\",\"url\":\"https:\/\/www.csj-emballages.com\/wp-content\/uploads\/2023\/10\/logo_csj.webp\",\"contentUrl\":\"https:\/\/www.csj-emballages.com\/wp-content\/uploads\/2023\/10\/logo_csj.webp\",\"width\":250,\"height\":95,\"caption\":\"CSJ Emballages\"},\"image\":{\"@id\":\"https:\/\/www.csj-emballages.com\/de\/#\/schema\/logo\/image\/\"},\"sameAs\":[\"https:\/\/www.facebook.com\/csjemballages\"],\"address\":{\"@type\":\"PostalAddress\",\"streetAddress\":\"ZI La Lechere\",\"addressLocality\":\"Patornay\",\"postalCode\":\"39130\",\"addressCountry\":\"FR\"},\"contactPoint\":[{\"@type\":\"ContactPoint\",\"contactType\":\"Service client\",\"telephone\":\"0384254272\",\"email\":\"contact@csj-emballages.com\"}]}]}<\/script>\n<!-- \/ Yoast SEO Premium plugin. -->","yoast_head_json":{"title":"Besenstiel aus Holz, 1,30 m, mit Schraubgewinde","description":"Besenstiel aus Holz, 1,30 m, mit Schraubgewinde, stabil und komfortabel. Kompatibel mit vielen Besen, ideal f\u00fcr den t\u00e4glichen oder professionellen Gebrauch.","robots":{"index":"index","follow":"follow","max-snippet":"max-snippet:-1","max-image-preview":"max-image-preview:large","max-video-preview":"max-video-preview:-1"},"canonical":"https:\/\/www.csj-emballages.com\/de\/produit\/natuerlicher-stiel-130-m-mit-schraube\/","og_locale":"de_DE","og_type":"article","og_title":"Besenstiel aus Holz, 1,30 m, mit Schraubgewinde","og_description":"Besenstiel aus Holz, 1,30 m, mit Schraubgewinde, stabil und komfortabel. Kompatibel mit vielen Besen, ideal f\u00fcr den t\u00e4glichen oder professionellen Gebrauch.","og_url":"https:\/\/www.csj-emballages.com\/de\/produit\/natuerlicher-stiel-130-m-mit-schraube\/","og_site_name":"CSJ Emballages","article_publisher":"https:\/\/www.facebook.com\/csjemballages","article_modified_time":"2026-04-29T00:15:51+00:00","og_image":[{"width":799,"height":800,"url":"https:\/\/www.csj-emballages.com\/wp-content\/uploads\/2024\/03\/Manche-a-balai-en-bois.webp","type":"image\/webp"}],"twitter_card":"summary_large_image","twitter_misc":{"Gesch\u00e4tzte Lesezeit":"2 Minuten"},"schema":{"@context":"https:\/\/schema.org","@graph":[{"@type":"WebPage","@id":"https:\/\/www.csj-emballages.com\/de\/produit\/natuerlicher-stiel-130-m-mit-schraube\/","url":"https:\/\/www.csj-emballages.com\/de\/produit\/natuerlicher-stiel-130-m-mit-schraube\/","name":"Besenstiel aus Holz, 1,30 m, mit Schraubgewinde","isPartOf":{"@id":"https:\/\/www.csj-emballages.com\/de\/#website"},"primaryImageOfPage":{"@id":"https:\/\/www.csj-emballages.com\/de\/produit\/natuerlicher-stiel-130-m-mit-schraube\/#primaryimage"},"image":{"@id":"https:\/\/www.csj-emballages.com\/de\/produit\/natuerlicher-stiel-130-m-mit-schraube\/#primaryimage"},"thumbnailUrl":"https:\/\/www.csj-emballages.com\/wp-content\/uploads\/2024\/03\/Manche-a-balai-en-bois.webp","datePublished":"2024-03-01T15:51:48+00:00","dateModified":"2026-04-29T00:15:51+00:00","description":"Besenstiel aus Holz, 1,30 m, mit Schraubgewinde, stabil und komfortabel. Kompatibel mit vielen Besen, ideal f\u00fcr den t\u00e4glichen oder professionellen Gebrauch.","breadcrumb":{"@id":"https:\/\/www.csj-emballages.com\/de\/produit\/natuerlicher-stiel-130-m-mit-schraube\/#breadcrumb"},"inLanguage":"de","potentialAction":[{"@type":"ReadAction","target":["https:\/\/www.csj-emballages.com\/de\/produit\/natuerlicher-stiel-130-m-mit-schraube\/"]}]},{"@type":"ImageObject","inLanguage":"de","@id":"https:\/\/www.csj-emballages.com\/de\/produit\/natuerlicher-stiel-130-m-mit-schraube\/#primaryimage","url":"https:\/\/www.csj-emballages.com\/wp-content\/uploads\/2024\/03\/Manche-a-balai-en-bois.webp","contentUrl":"https:\/\/www.csj-emballages.com\/wp-content\/uploads\/2024\/03\/Manche-a-balai-en-bois.webp","width":799,"height":800,"caption":"Manche \u00e0 balai en bois"},{"@type":"BreadcrumbList","@id":"https:\/\/www.csj-emballages.com\/de\/produit\/natuerlicher-stiel-130-m-mit-schraube\/#breadcrumb","itemListElement":[{"@type":"ListItem","position":1,"name":"Accueil","item":"https:\/\/www.csj-emballages.com\/de\/universum-lebensmittelverpackungen\/"},{"@type":"ListItem","position":2,"name":"Shop","item":"https:\/\/www.csj-emballages.com\/shop\/"},{"@type":"ListItem","position":3,"name":"Besenstiel aus Holz, 1,30 m, mit Schraubgewinde"}]},{"@type":"WebSite","@id":"https:\/\/www.csj-emballages.com\/de\/#website","url":"https:\/\/www.csj-emballages.com\/de\/","name":"CSJ Emballages","description":"","publisher":{"@id":"https:\/\/www.csj-emballages.com\/de\/#organization"},"potentialAction":[{"@type":"SearchAction","target":{"@type":"EntryPoint","urlTemplate":"https:\/\/www.csj-emballages.com\/de\/?s={search_term_string}"},"query-input":{"@type":"PropertyValueSpecification","valueRequired":true,"valueName":"search_term_string"}}],"inLanguage":"de"},{"@type":"Organization","@id":"https:\/\/www.csj-emballages.com\/de\/#Organization\/","name":"CSJ Emballages","url":"https:\/\/www.csj-emballages.com\/de\/","logo":{"@type":"ImageObject","inLanguage":"de","@id":"https:\/\/www.csj-emballages.com\/de\/#\/schema\/logo\/image\/","url":"https:\/\/www.csj-emballages.com\/wp-content\/uploads\/2023\/10\/logo_csj.webp","contentUrl":"https:\/\/www.csj-emballages.com\/wp-content\/uploads\/2023\/10\/logo_csj.webp","width":250,"height":95,"caption":"CSJ Emballages"},"image":{"@id":"https:\/\/www.csj-emballages.com\/de\/#\/schema\/logo\/image\/"},"sameAs":["https:\/\/www.facebook.com\/csjemballages"],"address":{"@type":"PostalAddress","streetAddress":"ZI La Lechere","addressLocality":"Patornay","postalCode":"39130","addressCountry":"FR"},"contactPoint":[{"@type":"ContactPoint","contactType":"Service client","telephone":"0384254272","email":"contact@csj-emballages.com"}]}]}},"df_price":3.12,"df_sale_price":"","df_regular_price":3.12,"df_image_link":"https:\/\/www.csj-emballages.com\/wp-content\/uploads\/2024\/03\/Manche-a-balai-en-bois-300x300.webp","tiered_pricing_type":"fixed","tiered_pricing_fixed_rules":[],"tiered_pricing_percentage_rules":[],"tiered_pricing_minimum":1,"tiered_pricing_roles_data":[],"_links":{"self":[{"href":"https:\/\/www.csj-emballages.com\/de\/wp-json\/wp\/v2\/product\/22003","targetHints":{"allow":["GET"]}}],"collection":[{"href":"https:\/\/www.csj-emballages.com\/de\/wp-json\/wp\/v2\/product"}],"about":[{"href":"https:\/\/www.csj-emballages.com\/de\/wp-json\/wp\/v2\/types\/product"}],"wp:featuredmedia":[{"embeddable":true,"href":"https:\/\/www.csj-emballages.com\/de\/wp-json\/wp\/v2\/media\/261867"}],"wp:attachment":[{"href":"https:\/\/www.csj-emballages.com\/de\/wp-json\/wp\/v2\/media?parent=22003"}],"wp:term":[{"taxonomy":"product_brand","embeddable":true,"href":"https:\/\/www.csj-emballages.com\/de\/wp-json\/wp\/v2\/product_brand?post=22003"},{"taxonomy":"product_cat","embeddable":true,"href":"https:\/\/www.csj-emballages.com\/de\/wp-json\/wp\/v2\/product_cat?post=22003"},{"taxonomy":"product_tag","embeddable":true,"href":"https:\/\/www.csj-emballages.com\/de\/wp-json\/wp\/v2\/product_tag?post=22003"}],"curies":[{"name":"wp","href":"https:\/\/api.w.org\/{rel}","templated":true}]}}