{"id":22002,"date":"2024-03-01T16:51:50","date_gmt":"2024-03-01T15:51:50","guid":{"rendered":"https:\/\/u15jnbdpoq.preview.infomaniak.website\/produit\/alu-stiel-140-m-durchmesser-23-mm-mit-loch\/"},"modified":"2026-04-30T11:00:31","modified_gmt":"2026-04-30T09:00:31","slug":"alu-stiel-140-m-durchmesser-23-mm-mit-loch","status":"publish","type":"product","link":"https:\/\/www.csj-emballages.com\/de\/produit\/alu-stiel-140-m-durchmesser-23-mm-mit-loch\/","title":{"rendered":"Aluminium-Besenstiel 1,40 m Durchmesser 23 mm mit Loch"},"content":{"rendered":"<h2 class=\"p1\">Besenstiel<\/h2>\n<hr>\n<h3>Entdecken Sie unseren Aluminium-Besenstiel 1,40 m Durchmesser 23 mm mit Loch<\/h3>\n<p><!--more--><\/p>\n<p data-start=\"246\" data-end=\"667\">Man denkt nicht immer daran, aber ein guter <strong>Besenstiel<\/strong> ver\u00e4ndert die Arbeitsweise wirklich. Dieses Modell aus <strong data-start=\"353\" data-end=\"376\">Aluminium von 1,40 m<\/strong>, mit einem <strong data-start=\"386\" data-end=\"407\">Durchmesser von 23 mm<\/strong>, wurde entwickelt, um eine <strong>komfortable<\/strong> <strong>Handhabung<\/strong> und ein echtes Gef\u00fchl von Leichtigkeit zu bieten. Schon bei den ersten Anwendungen sp\u00fcrt man den Unterschied: Der Stiel liegt gut in der Hand, erm\u00fcdet die Arme nicht und erm\u00f6glicht l\u00e4ngeres Reinigen ohne Beschwerden.  <\/p>\n<p data-start=\"669\" data-end=\"1042\">Dank seiner <strong>Aluminiumstruktur<\/strong> ist er sehr widerstandsf\u00e4hig gegen Feuchtigkeit, St\u00f6\u00dfe und t\u00e4glichen Verschlei\u00df. Ob f\u00fcr den privaten oder professionellen Gebrauch, er bleibt \u00fcber die Zeit gerade, stabil und zuverl\u00e4ssig. Dar\u00fcber hinaus erm\u00f6glicht seine <strong>L\u00e4nge von 1,40 m<\/strong> ein Arbeiten ohne B\u00fccken, was den R\u00fccken entlastet und den Komfort verbessert, besonders bei wiederholten Reinigungsarbeiten.  <\/p>\n<p data-start=\"1044\" data-end=\"1391\">Zudem macht sein <strong data-start=\"1062\" data-end=\"1092\">Standarddurchmesser von 23 mm<\/strong> es kompatibel mit den meisten <strong>Besen, Wischmopps und Halterungen auf dem Markt<\/strong>. Das Endst\u00fcck mit <strong data-start=\"1186\" data-end=\"1202\">integriertem Loch<\/strong> erleichtert das Aufh\u00e4ngen nach Gebrauch, was praktisch ist, um den Stauraum sauber und organisiert zu halten. Jedes Detail ist darauf ausgelegt, den Alltag zu vereinfachen und Zeit zu sparen.<\/p>\n<p data-start=\"1393\" data-end=\"1646\">Zusammenfassend l\u00e4sst sich sagen, dass dieser <strong>Besenstiel<\/strong> keine unn\u00f6tigen Versprechungen macht: Er erledigt seine Arbeit einfach gut. Robust, leicht und praktisch, passt er sich allen Umgebungen an, von K\u00fcchen \u00fcber Gesch\u00e4ftsr\u00e4ume bis hin zu Lagern oder B\u00fcros. <\/p>\n<p data-start=\"1393\" data-end=\"1646\"><!--more--><\/p>\n<h4 data-start=\"1393\" data-end=\"1646\">Vorteile :<\/h4>\n<ul>\n<li data-start=\"1674\" data-end=\"1704\">Leichtes und widerstandsf\u00e4higes <strong>Aluminium<\/strong>.<\/li>\n<li data-start=\"1707\" data-end=\"1739\">Komfortable L\u00e4nge von <strong>1,40 m<\/strong>.<\/li>\n<li data-start=\"1742\" data-end=\"1801\"><strong>Standarddurchmesser<\/strong>, kompatibel mit vielen Zubeh\u00f6rteilen.<\/li>\n<li data-start=\"1804\" data-end=\"1850\">Praktisches Aufh\u00e4ngeloch zur Aufbewahrung.<\/li>\n<li data-start=\"1853\" data-end=\"1896\">Ideal f\u00fcr intensiven oder t\u00e4glichen Gebrauch.<\/li>\n<\/ul>\n<p>&nbsp;<\/p>\n<p><!--more--><\/p>\n<h4>Weitere Informationen :<\/h4>\n<ul>\n<li><strong>Verpackung<\/strong>: Einzeln<\/li>\n<li><strong>Durchmesser<\/strong>: 23 mm<\/li>\n<li><strong>L\u00e4nge<\/strong>: 1,40 m<\/li>\n<li><strong>Material<\/strong>: Aluminium \/ Kunststoff<\/li>\n<\/ul>\n<p>&nbsp;<\/p>\n<p><!--more--><\/p>\n<p>Dieser Aluminium-Besenstiel mit Loch ist auch mit Schraubgewinde erh\u00e4ltlich: <span style=\"color: #d12727;\"><a style=\"color: #d12727;\" href=\"https:\/\/www.csj-emballages.com\/es\/produit\/asa-de-aluminio-atornillable-francesa-azul-140-cm\/\">MANCHALUVIS<\/a><\/span><\/p>\n<p>&nbsp;<\/p>\n<p><!--more--><\/p>\n<p><a href=\"https:\/\/www.csj-emballages.com\/de\/categorie-produit\/hygiene-und-pflege\/bursten-und-besen\/besenstiel\/\">Sehen Sie sich den Rest unseres Besenstiel-Sortiments an<\/a><\/p>\n","protected":false},"excerpt":{"rendered":"<p>Besenstiel Entdecken Sie unseren Aluminium-Besenstiel 1,40 m Durchmesser 23 mm mit Loch<\/p>\n","protected":false},"featured_media":261849,"template":"","meta":{"_acf_changed":false},"product_brand":[],"product_cat":[1218,1449,2867],"product_tag":[],"class_list":{"0":"post-22002","1":"product","2":"type-product","3":"status-publish","4":"has-post-thumbnail","6":"product_cat-hygiene-und-pflege","7":"product_cat-bursten-und-besen","8":"product_cat-besenstiel","9":"product_shipping_class-verboten-in-staffeln","11":"first","12":"instock","13":"taxable","14":"shipping-taxable","15":"purchasable","16":"product-type-simple"},"acf":[],"yoast_head":"<!-- This site is optimized with the Yoast SEO Premium plugin v26.6 (Yoast SEO v26.6) - https:\/\/yoast.com\/wordpress\/plugins\/seo\/ -->\n<title>Aluminium-Besenstiel 1,40 m Durchmesser 23 mm mit Loch<\/title>\n<meta name=\"description\" content=\"Aluminium-Besenstiel 1,40 m Durchmesser 23 mm mit Loch. Leicht, robust und kompatibel mit vielen Besen, ideal f\u00fcr den t\u00e4glichen Gebrauch.\" \/>\n<meta name=\"robots\" content=\"index, follow, max-snippet:-1, max-image-preview:large, max-video-preview:-1\" \/>\n<link rel=\"canonical\" href=\"https:\/\/www.csj-emballages.com\/de\/produit\/alu-stiel-140-m-durchmesser-23-mm-mit-loch\/\" \/>\n<meta property=\"og:locale\" content=\"de_DE\" \/>\n<meta property=\"og:type\" content=\"article\" \/>\n<meta property=\"og:title\" content=\"Aluminium-Besenstiel 1,40 m Durchmesser 23 mm mit Loch\" \/>\n<meta property=\"og:description\" content=\"Aluminium-Besenstiel 1,40 m Durchmesser 23 mm mit Loch. Leicht, robust und kompatibel mit vielen Besen, ideal f\u00fcr den t\u00e4glichen Gebrauch.\" \/>\n<meta property=\"og:url\" content=\"https:\/\/www.csj-emballages.com\/de\/produit\/alu-stiel-140-m-durchmesser-23-mm-mit-loch\/\" \/>\n<meta property=\"og:site_name\" content=\"CSJ Emballages\" \/>\n<meta property=\"article:publisher\" content=\"https:\/\/www.facebook.com\/csjemballages\" \/>\n<meta property=\"article:modified_time\" content=\"2026-04-30T09:00:31+00:00\" \/>\n<meta property=\"og:image\" content=\"https:\/\/www.csj-emballages.com\/wp-content\/uploads\/2024\/03\/Manche-a-balai-alu.webp\" \/>\n\t<meta property=\"og:image:width\" content=\"800\" \/>\n\t<meta property=\"og:image:height\" content=\"800\" \/>\n\t<meta property=\"og:image:type\" content=\"image\/webp\" \/>\n<meta name=\"twitter:card\" content=\"summary_large_image\" \/>\n<meta name=\"twitter:label1\" content=\"Gesch\u00e4tzte Lesezeit\" \/>\n\t<meta name=\"twitter:data1\" content=\"2 Minuten\" \/>\n<script type=\"application\/ld+json\" class=\"yoast-schema-graph\">{\"@context\":\"https:\/\/schema.org\",\"@graph\":[{\"@type\":\"WebPage\",\"@id\":\"https:\/\/www.csj-emballages.com\/de\/produit\/alu-stiel-140-m-durchmesser-23-mm-mit-loch\/\",\"url\":\"https:\/\/www.csj-emballages.com\/de\/produit\/alu-stiel-140-m-durchmesser-23-mm-mit-loch\/\",\"name\":\"Aluminium-Besenstiel 1,40 m Durchmesser 23 mm mit Loch\",\"isPartOf\":{\"@id\":\"https:\/\/www.csj-emballages.com\/de\/#website\"},\"primaryImageOfPage\":{\"@id\":\"https:\/\/www.csj-emballages.com\/de\/produit\/alu-stiel-140-m-durchmesser-23-mm-mit-loch\/#primaryimage\"},\"image\":{\"@id\":\"https:\/\/www.csj-emballages.com\/de\/produit\/alu-stiel-140-m-durchmesser-23-mm-mit-loch\/#primaryimage\"},\"thumbnailUrl\":\"https:\/\/www.csj-emballages.com\/wp-content\/uploads\/2024\/03\/Manche-a-balai-alu.webp\",\"datePublished\":\"2024-03-01T15:51:50+00:00\",\"dateModified\":\"2026-04-30T09:00:31+00:00\",\"description\":\"Aluminium-Besenstiel 1,40 m Durchmesser 23 mm mit Loch. Leicht, robust und kompatibel mit vielen Besen, ideal f\u00fcr den t\u00e4glichen Gebrauch.\",\"breadcrumb\":{\"@id\":\"https:\/\/www.csj-emballages.com\/de\/produit\/alu-stiel-140-m-durchmesser-23-mm-mit-loch\/#breadcrumb\"},\"inLanguage\":\"de\",\"potentialAction\":[{\"@type\":\"ReadAction\",\"target\":[\"https:\/\/www.csj-emballages.com\/de\/produit\/alu-stiel-140-m-durchmesser-23-mm-mit-loch\/\"]}]},{\"@type\":\"ImageObject\",\"inLanguage\":\"de\",\"@id\":\"https:\/\/www.csj-emballages.com\/de\/produit\/alu-stiel-140-m-durchmesser-23-mm-mit-loch\/#primaryimage\",\"url\":\"https:\/\/www.csj-emballages.com\/wp-content\/uploads\/2024\/03\/Manche-a-balai-alu.webp\",\"contentUrl\":\"https:\/\/www.csj-emballages.com\/wp-content\/uploads\/2024\/03\/Manche-a-balai-alu.webp\",\"width\":800,\"height\":800,\"caption\":\"Manche \u00e0 balai alu\"},{\"@type\":\"BreadcrumbList\",\"@id\":\"https:\/\/www.csj-emballages.com\/de\/produit\/alu-stiel-140-m-durchmesser-23-mm-mit-loch\/#breadcrumb\",\"itemListElement\":[{\"@type\":\"ListItem\",\"position\":1,\"name\":\"Accueil\",\"item\":\"https:\/\/www.csj-emballages.com\/de\/universum-lebensmittelverpackungen\/\"},{\"@type\":\"ListItem\",\"position\":2,\"name\":\"Shop\",\"item\":\"https:\/\/www.csj-emballages.com\/shop\/\"},{\"@type\":\"ListItem\",\"position\":3,\"name\":\"Aluminium-Besenstiel 1,40 m Durchmesser 23 mm mit Loch\"}]},{\"@type\":\"WebSite\",\"@id\":\"https:\/\/www.csj-emballages.com\/de\/#website\",\"url\":\"https:\/\/www.csj-emballages.com\/de\/\",\"name\":\"CSJ Emballages\",\"description\":\"\",\"publisher\":{\"@id\":\"https:\/\/www.csj-emballages.com\/de\/#organization\"},\"potentialAction\":[{\"@type\":\"SearchAction\",\"target\":{\"@type\":\"EntryPoint\",\"urlTemplate\":\"https:\/\/www.csj-emballages.com\/de\/?s={search_term_string}\"},\"query-input\":{\"@type\":\"PropertyValueSpecification\",\"valueRequired\":true,\"valueName\":\"search_term_string\"}}],\"inLanguage\":\"de\"},{\"@type\":\"Organization\",\"@id\":\"https:\/\/www.csj-emballages.com\/de\/#Organization\/\",\"name\":\"CSJ Emballages\",\"url\":\"https:\/\/www.csj-emballages.com\/de\/\",\"logo\":{\"@type\":\"ImageObject\",\"inLanguage\":\"de\",\"@id\":\"https:\/\/www.csj-emballages.com\/de\/#\/schema\/logo\/image\/\",\"url\":\"https:\/\/www.csj-emballages.com\/wp-content\/uploads\/2023\/10\/logo_csj.webp\",\"contentUrl\":\"https:\/\/www.csj-emballages.com\/wp-content\/uploads\/2023\/10\/logo_csj.webp\",\"width\":250,\"height\":95,\"caption\":\"CSJ Emballages\"},\"image\":{\"@id\":\"https:\/\/www.csj-emballages.com\/de\/#\/schema\/logo\/image\/\"},\"sameAs\":[\"https:\/\/www.facebook.com\/csjemballages\"],\"address\":{\"@type\":\"PostalAddress\",\"streetAddress\":\"ZI La Lechere\",\"addressLocality\":\"Patornay\",\"postalCode\":\"39130\",\"addressCountry\":\"FR\"},\"contactPoint\":[{\"@type\":\"ContactPoint\",\"contactType\":\"Service client\",\"telephone\":\"0384254272\",\"email\":\"contact@csj-emballages.com\"}]}]}<\/script>\n<!-- \/ Yoast SEO Premium plugin. -->","yoast_head_json":{"title":"Aluminium-Besenstiel 1,40 m Durchmesser 23 mm mit Loch","description":"Aluminium-Besenstiel 1,40 m Durchmesser 23 mm mit Loch. Leicht, robust und kompatibel mit vielen Besen, ideal f\u00fcr den t\u00e4glichen Gebrauch.","robots":{"index":"index","follow":"follow","max-snippet":"max-snippet:-1","max-image-preview":"max-image-preview:large","max-video-preview":"max-video-preview:-1"},"canonical":"https:\/\/www.csj-emballages.com\/de\/produit\/alu-stiel-140-m-durchmesser-23-mm-mit-loch\/","og_locale":"de_DE","og_type":"article","og_title":"Aluminium-Besenstiel 1,40 m Durchmesser 23 mm mit Loch","og_description":"Aluminium-Besenstiel 1,40 m Durchmesser 23 mm mit Loch. Leicht, robust und kompatibel mit vielen Besen, ideal f\u00fcr den t\u00e4glichen Gebrauch.","og_url":"https:\/\/www.csj-emballages.com\/de\/produit\/alu-stiel-140-m-durchmesser-23-mm-mit-loch\/","og_site_name":"CSJ Emballages","article_publisher":"https:\/\/www.facebook.com\/csjemballages","article_modified_time":"2026-04-30T09:00:31+00:00","og_image":[{"width":800,"height":800,"url":"https:\/\/www.csj-emballages.com\/wp-content\/uploads\/2024\/03\/Manche-a-balai-alu.webp","type":"image\/webp"}],"twitter_card":"summary_large_image","twitter_misc":{"Gesch\u00e4tzte Lesezeit":"2 Minuten"},"schema":{"@context":"https:\/\/schema.org","@graph":[{"@type":"WebPage","@id":"https:\/\/www.csj-emballages.com\/de\/produit\/alu-stiel-140-m-durchmesser-23-mm-mit-loch\/","url":"https:\/\/www.csj-emballages.com\/de\/produit\/alu-stiel-140-m-durchmesser-23-mm-mit-loch\/","name":"Aluminium-Besenstiel 1,40 m Durchmesser 23 mm mit Loch","isPartOf":{"@id":"https:\/\/www.csj-emballages.com\/de\/#website"},"primaryImageOfPage":{"@id":"https:\/\/www.csj-emballages.com\/de\/produit\/alu-stiel-140-m-durchmesser-23-mm-mit-loch\/#primaryimage"},"image":{"@id":"https:\/\/www.csj-emballages.com\/de\/produit\/alu-stiel-140-m-durchmesser-23-mm-mit-loch\/#primaryimage"},"thumbnailUrl":"https:\/\/www.csj-emballages.com\/wp-content\/uploads\/2024\/03\/Manche-a-balai-alu.webp","datePublished":"2024-03-01T15:51:50+00:00","dateModified":"2026-04-30T09:00:31+00:00","description":"Aluminium-Besenstiel 1,40 m Durchmesser 23 mm mit Loch. Leicht, robust und kompatibel mit vielen Besen, ideal f\u00fcr den t\u00e4glichen Gebrauch.","breadcrumb":{"@id":"https:\/\/www.csj-emballages.com\/de\/produit\/alu-stiel-140-m-durchmesser-23-mm-mit-loch\/#breadcrumb"},"inLanguage":"de","potentialAction":[{"@type":"ReadAction","target":["https:\/\/www.csj-emballages.com\/de\/produit\/alu-stiel-140-m-durchmesser-23-mm-mit-loch\/"]}]},{"@type":"ImageObject","inLanguage":"de","@id":"https:\/\/www.csj-emballages.com\/de\/produit\/alu-stiel-140-m-durchmesser-23-mm-mit-loch\/#primaryimage","url":"https:\/\/www.csj-emballages.com\/wp-content\/uploads\/2024\/03\/Manche-a-balai-alu.webp","contentUrl":"https:\/\/www.csj-emballages.com\/wp-content\/uploads\/2024\/03\/Manche-a-balai-alu.webp","width":800,"height":800,"caption":"Manche \u00e0 balai alu"},{"@type":"BreadcrumbList","@id":"https:\/\/www.csj-emballages.com\/de\/produit\/alu-stiel-140-m-durchmesser-23-mm-mit-loch\/#breadcrumb","itemListElement":[{"@type":"ListItem","position":1,"name":"Accueil","item":"https:\/\/www.csj-emballages.com\/de\/universum-lebensmittelverpackungen\/"},{"@type":"ListItem","position":2,"name":"Shop","item":"https:\/\/www.csj-emballages.com\/shop\/"},{"@type":"ListItem","position":3,"name":"Aluminium-Besenstiel 1,40 m Durchmesser 23 mm mit Loch"}]},{"@type":"WebSite","@id":"https:\/\/www.csj-emballages.com\/de\/#website","url":"https:\/\/www.csj-emballages.com\/de\/","name":"CSJ Emballages","description":"","publisher":{"@id":"https:\/\/www.csj-emballages.com\/de\/#organization"},"potentialAction":[{"@type":"SearchAction","target":{"@type":"EntryPoint","urlTemplate":"https:\/\/www.csj-emballages.com\/de\/?s={search_term_string}"},"query-input":{"@type":"PropertyValueSpecification","valueRequired":true,"valueName":"search_term_string"}}],"inLanguage":"de"},{"@type":"Organization","@id":"https:\/\/www.csj-emballages.com\/de\/#Organization\/","name":"CSJ Emballages","url":"https:\/\/www.csj-emballages.com\/de\/","logo":{"@type":"ImageObject","inLanguage":"de","@id":"https:\/\/www.csj-emballages.com\/de\/#\/schema\/logo\/image\/","url":"https:\/\/www.csj-emballages.com\/wp-content\/uploads\/2023\/10\/logo_csj.webp","contentUrl":"https:\/\/www.csj-emballages.com\/wp-content\/uploads\/2023\/10\/logo_csj.webp","width":250,"height":95,"caption":"CSJ Emballages"},"image":{"@id":"https:\/\/www.csj-emballages.com\/de\/#\/schema\/logo\/image\/"},"sameAs":["https:\/\/www.facebook.com\/csjemballages"],"address":{"@type":"PostalAddress","streetAddress":"ZI La Lechere","addressLocality":"Patornay","postalCode":"39130","addressCountry":"FR"},"contactPoint":[{"@type":"ContactPoint","contactType":"Service client","telephone":"0384254272","email":"contact@csj-emballages.com"}]}]}},"df_price":3.56,"df_sale_price":"","df_regular_price":3.56,"df_image_link":"https:\/\/www.csj-emballages.com\/wp-content\/uploads\/2024\/03\/Manche-a-balai-alu-300x300.webp","tiered_pricing_type":"fixed","tiered_pricing_fixed_rules":[],"tiered_pricing_percentage_rules":[],"tiered_pricing_minimum":1,"tiered_pricing_roles_data":[],"_links":{"self":[{"href":"https:\/\/www.csj-emballages.com\/de\/wp-json\/wp\/v2\/product\/22002","targetHints":{"allow":["GET"]}}],"collection":[{"href":"https:\/\/www.csj-emballages.com\/de\/wp-json\/wp\/v2\/product"}],"about":[{"href":"https:\/\/www.csj-emballages.com\/de\/wp-json\/wp\/v2\/types\/product"}],"wp:featuredmedia":[{"embeddable":true,"href":"https:\/\/www.csj-emballages.com\/de\/wp-json\/wp\/v2\/media\/261849"}],"wp:attachment":[{"href":"https:\/\/www.csj-emballages.com\/de\/wp-json\/wp\/v2\/media?parent=22002"}],"wp:term":[{"taxonomy":"product_brand","embeddable":true,"href":"https:\/\/www.csj-emballages.com\/de\/wp-json\/wp\/v2\/product_brand?post=22002"},{"taxonomy":"product_cat","embeddable":true,"href":"https:\/\/www.csj-emballages.com\/de\/wp-json\/wp\/v2\/product_cat?post=22002"},{"taxonomy":"product_tag","embeddable":true,"href":"https:\/\/www.csj-emballages.com\/de\/wp-json\/wp\/v2\/product_tag?post=22002"}],"curies":[{"name":"wp","href":"https:\/\/api.w.org\/{rel}","templated":true}]}}