{"id":21989,"date":"2024-03-01T16:51:49","date_gmt":"2024-03-01T15:51:49","guid":{"rendered":"https:\/\/u15jnbdpoq.preview.infomaniak.website\/produit\/aluminiumstiel-mit-schrauben-blau-franzoesisch-140-cm\/"},"modified":"2026-05-01T02:13:28","modified_gmt":"2026-05-01T00:13:28","slug":"aluminiumstiel-mit-schrauben-blau-franzoesisch-140-cm","status":"publish","type":"product","link":"https:\/\/www.csj-emballages.com\/de\/produit\/aluminiumstiel-mit-schrauben-blau-franzoesisch-140-cm\/","title":{"rendered":"Blauer Alu-Besenstiel mit franz\u00f6sischem Schraubgewinde, 140 cm"},"content":{"rendered":"<h2>Besenstiel<\/h2>\n<hr>\n<h3>Entdecken Sie unseren blauen Alu-Besenstiel mit franz\u00f6sischem Schraubgewinde, 140 cm<\/h3>\n<p><!--more--><\/p>\n<p data-start=\"270\" data-end=\"647\">Optisch schlicht, aber im Gebrauch \u00e4u\u00dferst effektiv, wurde dieser <strong data-start=\"328\" data-end=\"369\">140 cm lange Aluminium-Besenstiel<\/strong> entwickelt, um die Reinigung Tag f\u00fcr Tag komfortabler und zuverl\u00e4ssiger zu gestalten. Schon beim ersten Anfassen sp\u00fcrt man den Unterschied: Der <strong>blaue, rutschfeste Griff<\/strong> sorgt f\u00fcr guten Halt, selbst bei feuchten H\u00e4nden. Das Ergebnis: eine sicherere und angenehmere Handhabung.  <\/p>\n<p data-start=\"649\" data-end=\"1063\">Dank seiner Aluminiumstruktur bleibt der Stiel leicht und bietet gleichzeitig eine ausgezeichnete Widerstandsf\u00e4higkeit. Er verbiegt sich nicht, rostet nicht und h\u00e4lt intensivem Gebrauch sehr gut stand. Er ist somit ein zuverl\u00e4ssiger Partner sowohl f\u00fcr Reinigungsfachkr\u00e4fte als auch f\u00fcr den regelm\u00e4\u00dfigen Hausgebrauch. Zudem erm\u00f6glicht seine L\u00e4nge von <strong data-start=\"970\" data-end=\"980\">140 cm<\/strong> ein aufrechtes Arbeiten, was unn\u00f6tige Anstrengungen reduziert und den R\u00fccken entlastet.   <\/p>\n<p data-start=\"1065\" data-end=\"1369\">Ein weiterer Pluspunkt: sein <strong data-start=\"1088\" data-end=\"1111\">franz\u00f6sisches Schraubgewinde<\/strong>. Es passt problemlos auf die meisten <strong>Standardbesen, Wischmopps und Zubeh\u00f6rteile<\/strong> auf dem Markt. Einfach aufschrauben, und schon ist es einsatzbereit, ohne Spiel oder Instabilit\u00e4t. Diese Kompatibilit\u00e4t vermeidet unangenehme \u00dcberraschungen und erm\u00f6glicht den Austausch eines Stiels, ohne das gesamte Equipment wechseln zu m\u00fcssen.   <\/p>\n<p data-start=\"1371\" data-end=\"1608\">Zudem verleiht die <strong>blaue Farbe<\/strong> einen modernen Touch und erm\u00f6glicht es, den Stiel in einem Putzraum schnell zu finden. Die kleine integrierte \u00d6se am Ende erleichtert die Aufbewahrung durch Aufh\u00e4ngen und sorgt f\u00fcr mehr Ordnung. <\/p>\n<p data-start=\"1610\" data-end=\"1781\">Zusammenfassend kombiniert dieser <strong>Besenstiel<\/strong> Robustheit, Komfort und Praktikabilit\u00e4t. Er versucht nicht, zu viel zu sein, aber er tut genau das, was man von ihm erwartet, und das sehr gut. <\/p>\n<p data-start=\"1610\" data-end=\"1781\"><!--more--><\/p>\n<h4 data-start=\"1610\" data-end=\"1781\">Vorteile :<\/h4>\n<ul>\n<li data-start=\"1809\" data-end=\"1839\">Leichtes und widerstandsf\u00e4higes Aluminium.<\/li>\n<li data-start=\"1842\" data-end=\"1877\">Komfortabler, rutschfester Griff.<\/li>\n<li data-start=\"1880\" data-end=\"1907\">Ideale L\u00e4nge von <strong>140 cm.<\/strong><\/li>\n<li data-start=\"1910\" data-end=\"1951\">Standardkompatibles franz\u00f6sisches Schraubgewinde.<\/li>\n<li data-start=\"1954\" data-end=\"1983\">H\u00e4lt intensivem Gebrauch stand.<\/li>\n<li data-start=\"1986\" data-end=\"2020\">Einfache Aufbewahrung dank \u00d6se.<\/li>\n<\/ul>\n<p>&nbsp;<\/p>\n<p><!--more--><\/p>\n<h4>Weitere Informationen :<\/h4>\n<ul>\n<li><strong>Verpackung<\/strong>: Einzeln<\/li>\n<li><strong>L\u00e4nge<\/strong>: 1,40 m<\/li>\n<li><strong>Durchmesser<\/strong>: 23,5 mm<\/li>\n<li><strong>Material<\/strong> : Kunststoff \/ Aluminium<\/li>\n<\/ul>\n<p>&nbsp;<\/p>\n<p><!--more--><\/p>\n<p>Dieser Aluminium-Besenstiel mit Schraubgewinde ist auch mit Loch erh\u00e4ltlich: <span style=\"color: #d12727;\"><a style=\"color: #d12727;\" href=\"https:\/\/www.csj-emballages.com\/es\/produit\/asa-de-aluminio-de-140-m-de-diametro-23-mm-con-orificio\/\">MANCHALU140TROU<\/a><\/span><\/p>\n<p>&nbsp;<\/p>\n<p><!--more--><\/p>\n<p><a href=\"https:\/\/www.csj-emballages.com\/de\/categorie-produit\/hygiene-und-pflege\/bursten-und-besen\/besenstiel\/\">Sehen Sie sich den Rest unseres Besenstiel-Sortiments an<\/a><\/p>\n","protected":false},"excerpt":{"rendered":"<p>Besenstiel Entdecken Sie unseren blauen Alu-Besenstiel mit franz\u00f6sischem Schraubgewinde, 140 cm<\/p>\n","protected":false},"featured_media":261855,"template":"","meta":{"_acf_changed":false},"product_brand":[],"product_cat":[1218,1449,2867],"product_tag":[],"class_list":{"0":"post-21989","1":"product","2":"type-product","3":"status-publish","4":"has-post-thumbnail","6":"product_cat-hygiene-und-pflege","7":"product_cat-bursten-und-besen","8":"product_cat-besenstiel","9":"product_shipping_class-verboten-in-staffeln","11":"first","12":"instock","13":"taxable","14":"shipping-taxable","15":"purchasable","16":"product-type-simple"},"acf":[],"yoast_head":"<!-- This site is optimized with the Yoast SEO Premium plugin v26.6 (Yoast SEO v26.6) - https:\/\/yoast.com\/wordpress\/plugins\/seo\/ -->\n<title>Blauer Alu-Besenstiel mit franz\u00f6sischem Schraubgewinde, 140 cm<\/title>\n<meta name=\"description\" content=\"Aluminium-Besenstiel 140 cm mit franz\u00f6sischem Schraubgewinde und blauem, rutschfestem Griff. Leicht, robust und kompatibel mit Standardbesen.\" \/>\n<meta name=\"robots\" content=\"index, follow, max-snippet:-1, max-image-preview:large, max-video-preview:-1\" \/>\n<link rel=\"canonical\" href=\"https:\/\/www.csj-emballages.com\/de\/produit\/aluminiumstiel-mit-schrauben-blau-franzoesisch-140-cm\/\" \/>\n<meta property=\"og:locale\" content=\"de_DE\" \/>\n<meta property=\"og:type\" content=\"article\" \/>\n<meta property=\"og:title\" content=\"Blauer Alu-Besenstiel mit franz\u00f6sischem Schraubgewinde, 140 cm\" \/>\n<meta property=\"og:description\" content=\"Aluminium-Besenstiel 140 cm mit franz\u00f6sischem Schraubgewinde und blauem, rutschfestem Griff. Leicht, robust und kompatibel mit Standardbesen.\" \/>\n<meta property=\"og:url\" content=\"https:\/\/www.csj-emballages.com\/de\/produit\/aluminiumstiel-mit-schrauben-blau-franzoesisch-140-cm\/\" \/>\n<meta property=\"og:site_name\" content=\"CSJ Emballages\" \/>\n<meta property=\"article:publisher\" content=\"https:\/\/www.facebook.com\/csjemballages\" \/>\n<meta property=\"article:modified_time\" content=\"2026-05-01T00:13:28+00:00\" \/>\n<meta property=\"og:image\" content=\"https:\/\/www.csj-emballages.com\/wp-content\/uploads\/2024\/03\/Manche-a-balai-alu-a-vis.webp\" \/>\n\t<meta property=\"og:image:width\" content=\"800\" \/>\n\t<meta property=\"og:image:height\" content=\"800\" \/>\n\t<meta property=\"og:image:type\" content=\"image\/webp\" \/>\n<meta name=\"twitter:card\" content=\"summary_large_image\" \/>\n<meta name=\"twitter:label1\" content=\"Gesch\u00e4tzte Lesezeit\" \/>\n\t<meta name=\"twitter:data1\" content=\"2 Minuten\" \/>\n<script type=\"application\/ld+json\" class=\"yoast-schema-graph\">{\"@context\":\"https:\/\/schema.org\",\"@graph\":[{\"@type\":\"WebPage\",\"@id\":\"https:\/\/www.csj-emballages.com\/de\/produit\/aluminiumstiel-mit-schrauben-blau-franzoesisch-140-cm\/\",\"url\":\"https:\/\/www.csj-emballages.com\/de\/produit\/aluminiumstiel-mit-schrauben-blau-franzoesisch-140-cm\/\",\"name\":\"Blauer Alu-Besenstiel mit franz\u00f6sischem Schraubgewinde, 140 cm\",\"isPartOf\":{\"@id\":\"https:\/\/www.csj-emballages.com\/de\/#website\"},\"primaryImageOfPage\":{\"@id\":\"https:\/\/www.csj-emballages.com\/de\/produit\/aluminiumstiel-mit-schrauben-blau-franzoesisch-140-cm\/#primaryimage\"},\"image\":{\"@id\":\"https:\/\/www.csj-emballages.com\/de\/produit\/aluminiumstiel-mit-schrauben-blau-franzoesisch-140-cm\/#primaryimage\"},\"thumbnailUrl\":\"https:\/\/www.csj-emballages.com\/wp-content\/uploads\/2024\/03\/Manche-a-balai-alu-a-vis.webp\",\"datePublished\":\"2024-03-01T15:51:49+00:00\",\"dateModified\":\"2026-05-01T00:13:28+00:00\",\"description\":\"Aluminium-Besenstiel 140 cm mit franz\u00f6sischem Schraubgewinde und blauem, rutschfestem Griff. Leicht, robust und kompatibel mit Standardbesen.\",\"breadcrumb\":{\"@id\":\"https:\/\/www.csj-emballages.com\/de\/produit\/aluminiumstiel-mit-schrauben-blau-franzoesisch-140-cm\/#breadcrumb\"},\"inLanguage\":\"de\",\"potentialAction\":[{\"@type\":\"ReadAction\",\"target\":[\"https:\/\/www.csj-emballages.com\/de\/produit\/aluminiumstiel-mit-schrauben-blau-franzoesisch-140-cm\/\"]}]},{\"@type\":\"ImageObject\",\"inLanguage\":\"de\",\"@id\":\"https:\/\/www.csj-emballages.com\/de\/produit\/aluminiumstiel-mit-schrauben-blau-franzoesisch-140-cm\/#primaryimage\",\"url\":\"https:\/\/www.csj-emballages.com\/wp-content\/uploads\/2024\/03\/Manche-a-balai-alu-a-vis.webp\",\"contentUrl\":\"https:\/\/www.csj-emballages.com\/wp-content\/uploads\/2024\/03\/Manche-a-balai-alu-a-vis.webp\",\"width\":800,\"height\":800,\"caption\":\"Manche \u00e0 balai alu\"},{\"@type\":\"BreadcrumbList\",\"@id\":\"https:\/\/www.csj-emballages.com\/de\/produit\/aluminiumstiel-mit-schrauben-blau-franzoesisch-140-cm\/#breadcrumb\",\"itemListElement\":[{\"@type\":\"ListItem\",\"position\":1,\"name\":\"Accueil\",\"item\":\"https:\/\/www.csj-emballages.com\/de\/universum-lebensmittelverpackungen\/\"},{\"@type\":\"ListItem\",\"position\":2,\"name\":\"Shop\",\"item\":\"https:\/\/www.csj-emballages.com\/shop\/\"},{\"@type\":\"ListItem\",\"position\":3,\"name\":\"Blauer Alu-Besenstiel mit franz\u00f6sischem Schraubgewinde, 140 cm\"}]},{\"@type\":\"WebSite\",\"@id\":\"https:\/\/www.csj-emballages.com\/de\/#website\",\"url\":\"https:\/\/www.csj-emballages.com\/de\/\",\"name\":\"CSJ Emballages\",\"description\":\"\",\"publisher\":{\"@id\":\"https:\/\/www.csj-emballages.com\/de\/#organization\"},\"potentialAction\":[{\"@type\":\"SearchAction\",\"target\":{\"@type\":\"EntryPoint\",\"urlTemplate\":\"https:\/\/www.csj-emballages.com\/de\/?s={search_term_string}\"},\"query-input\":{\"@type\":\"PropertyValueSpecification\",\"valueRequired\":true,\"valueName\":\"search_term_string\"}}],\"inLanguage\":\"de\"},{\"@type\":\"Organization\",\"@id\":\"https:\/\/www.csj-emballages.com\/de\/#Organization\/\",\"name\":\"CSJ Emballages\",\"url\":\"https:\/\/www.csj-emballages.com\/de\/\",\"logo\":{\"@type\":\"ImageObject\",\"inLanguage\":\"de\",\"@id\":\"https:\/\/www.csj-emballages.com\/de\/#\/schema\/logo\/image\/\",\"url\":\"https:\/\/www.csj-emballages.com\/wp-content\/uploads\/2023\/10\/logo_csj.webp\",\"contentUrl\":\"https:\/\/www.csj-emballages.com\/wp-content\/uploads\/2023\/10\/logo_csj.webp\",\"width\":250,\"height\":95,\"caption\":\"CSJ Emballages\"},\"image\":{\"@id\":\"https:\/\/www.csj-emballages.com\/de\/#\/schema\/logo\/image\/\"},\"sameAs\":[\"https:\/\/www.facebook.com\/csjemballages\"],\"address\":{\"@type\":\"PostalAddress\",\"streetAddress\":\"ZI La Lechere\",\"addressLocality\":\"Patornay\",\"postalCode\":\"39130\",\"addressCountry\":\"FR\"},\"contactPoint\":[{\"@type\":\"ContactPoint\",\"contactType\":\"Service client\",\"telephone\":\"0384254272\",\"email\":\"contact@csj-emballages.com\"}]}]}<\/script>\n<!-- \/ Yoast SEO Premium plugin. -->","yoast_head_json":{"title":"Blauer Alu-Besenstiel mit franz\u00f6sischem Schraubgewinde, 140 cm","description":"Aluminium-Besenstiel 140 cm mit franz\u00f6sischem Schraubgewinde und blauem, rutschfestem Griff. Leicht, robust und kompatibel mit Standardbesen.","robots":{"index":"index","follow":"follow","max-snippet":"max-snippet:-1","max-image-preview":"max-image-preview:large","max-video-preview":"max-video-preview:-1"},"canonical":"https:\/\/www.csj-emballages.com\/de\/produit\/aluminiumstiel-mit-schrauben-blau-franzoesisch-140-cm\/","og_locale":"de_DE","og_type":"article","og_title":"Blauer Alu-Besenstiel mit franz\u00f6sischem Schraubgewinde, 140 cm","og_description":"Aluminium-Besenstiel 140 cm mit franz\u00f6sischem Schraubgewinde und blauem, rutschfestem Griff. Leicht, robust und kompatibel mit Standardbesen.","og_url":"https:\/\/www.csj-emballages.com\/de\/produit\/aluminiumstiel-mit-schrauben-blau-franzoesisch-140-cm\/","og_site_name":"CSJ Emballages","article_publisher":"https:\/\/www.facebook.com\/csjemballages","article_modified_time":"2026-05-01T00:13:28+00:00","og_image":[{"width":800,"height":800,"url":"https:\/\/www.csj-emballages.com\/wp-content\/uploads\/2024\/03\/Manche-a-balai-alu-a-vis.webp","type":"image\/webp"}],"twitter_card":"summary_large_image","twitter_misc":{"Gesch\u00e4tzte Lesezeit":"2 Minuten"},"schema":{"@context":"https:\/\/schema.org","@graph":[{"@type":"WebPage","@id":"https:\/\/www.csj-emballages.com\/de\/produit\/aluminiumstiel-mit-schrauben-blau-franzoesisch-140-cm\/","url":"https:\/\/www.csj-emballages.com\/de\/produit\/aluminiumstiel-mit-schrauben-blau-franzoesisch-140-cm\/","name":"Blauer Alu-Besenstiel mit franz\u00f6sischem Schraubgewinde, 140 cm","isPartOf":{"@id":"https:\/\/www.csj-emballages.com\/de\/#website"},"primaryImageOfPage":{"@id":"https:\/\/www.csj-emballages.com\/de\/produit\/aluminiumstiel-mit-schrauben-blau-franzoesisch-140-cm\/#primaryimage"},"image":{"@id":"https:\/\/www.csj-emballages.com\/de\/produit\/aluminiumstiel-mit-schrauben-blau-franzoesisch-140-cm\/#primaryimage"},"thumbnailUrl":"https:\/\/www.csj-emballages.com\/wp-content\/uploads\/2024\/03\/Manche-a-balai-alu-a-vis.webp","datePublished":"2024-03-01T15:51:49+00:00","dateModified":"2026-05-01T00:13:28+00:00","description":"Aluminium-Besenstiel 140 cm mit franz\u00f6sischem Schraubgewinde und blauem, rutschfestem Griff. Leicht, robust und kompatibel mit Standardbesen.","breadcrumb":{"@id":"https:\/\/www.csj-emballages.com\/de\/produit\/aluminiumstiel-mit-schrauben-blau-franzoesisch-140-cm\/#breadcrumb"},"inLanguage":"de","potentialAction":[{"@type":"ReadAction","target":["https:\/\/www.csj-emballages.com\/de\/produit\/aluminiumstiel-mit-schrauben-blau-franzoesisch-140-cm\/"]}]},{"@type":"ImageObject","inLanguage":"de","@id":"https:\/\/www.csj-emballages.com\/de\/produit\/aluminiumstiel-mit-schrauben-blau-franzoesisch-140-cm\/#primaryimage","url":"https:\/\/www.csj-emballages.com\/wp-content\/uploads\/2024\/03\/Manche-a-balai-alu-a-vis.webp","contentUrl":"https:\/\/www.csj-emballages.com\/wp-content\/uploads\/2024\/03\/Manche-a-balai-alu-a-vis.webp","width":800,"height":800,"caption":"Manche \u00e0 balai alu"},{"@type":"BreadcrumbList","@id":"https:\/\/www.csj-emballages.com\/de\/produit\/aluminiumstiel-mit-schrauben-blau-franzoesisch-140-cm\/#breadcrumb","itemListElement":[{"@type":"ListItem","position":1,"name":"Accueil","item":"https:\/\/www.csj-emballages.com\/de\/universum-lebensmittelverpackungen\/"},{"@type":"ListItem","position":2,"name":"Shop","item":"https:\/\/www.csj-emballages.com\/shop\/"},{"@type":"ListItem","position":3,"name":"Blauer Alu-Besenstiel mit franz\u00f6sischem Schraubgewinde, 140 cm"}]},{"@type":"WebSite","@id":"https:\/\/www.csj-emballages.com\/de\/#website","url":"https:\/\/www.csj-emballages.com\/de\/","name":"CSJ Emballages","description":"","publisher":{"@id":"https:\/\/www.csj-emballages.com\/de\/#organization"},"potentialAction":[{"@type":"SearchAction","target":{"@type":"EntryPoint","urlTemplate":"https:\/\/www.csj-emballages.com\/de\/?s={search_term_string}"},"query-input":{"@type":"PropertyValueSpecification","valueRequired":true,"valueName":"search_term_string"}}],"inLanguage":"de"},{"@type":"Organization","@id":"https:\/\/www.csj-emballages.com\/de\/#Organization\/","name":"CSJ Emballages","url":"https:\/\/www.csj-emballages.com\/de\/","logo":{"@type":"ImageObject","inLanguage":"de","@id":"https:\/\/www.csj-emballages.com\/de\/#\/schema\/logo\/image\/","url":"https:\/\/www.csj-emballages.com\/wp-content\/uploads\/2023\/10\/logo_csj.webp","contentUrl":"https:\/\/www.csj-emballages.com\/wp-content\/uploads\/2023\/10\/logo_csj.webp","width":250,"height":95,"caption":"CSJ Emballages"},"image":{"@id":"https:\/\/www.csj-emballages.com\/de\/#\/schema\/logo\/image\/"},"sameAs":["https:\/\/www.facebook.com\/csjemballages"],"address":{"@type":"PostalAddress","streetAddress":"ZI La Lechere","addressLocality":"Patornay","postalCode":"39130","addressCountry":"FR"},"contactPoint":[{"@type":"ContactPoint","contactType":"Service client","telephone":"0384254272","email":"contact@csj-emballages.com"}]}]}},"df_price":5.63,"df_sale_price":"","df_regular_price":5.63,"df_image_link":"https:\/\/www.csj-emballages.com\/wp-content\/uploads\/2024\/03\/Manche-a-balai-alu-a-vis-300x300.webp","tiered_pricing_type":"fixed","tiered_pricing_fixed_rules":[],"tiered_pricing_percentage_rules":[],"tiered_pricing_minimum":1,"tiered_pricing_roles_data":[],"_links":{"self":[{"href":"https:\/\/www.csj-emballages.com\/de\/wp-json\/wp\/v2\/product\/21989","targetHints":{"allow":["GET"]}}],"collection":[{"href":"https:\/\/www.csj-emballages.com\/de\/wp-json\/wp\/v2\/product"}],"about":[{"href":"https:\/\/www.csj-emballages.com\/de\/wp-json\/wp\/v2\/types\/product"}],"wp:featuredmedia":[{"embeddable":true,"href":"https:\/\/www.csj-emballages.com\/de\/wp-json\/wp\/v2\/media\/261855"}],"wp:attachment":[{"href":"https:\/\/www.csj-emballages.com\/de\/wp-json\/wp\/v2\/media?parent=21989"}],"wp:term":[{"taxonomy":"product_brand","embeddable":true,"href":"https:\/\/www.csj-emballages.com\/de\/wp-json\/wp\/v2\/product_brand?post=21989"},{"taxonomy":"product_cat","embeddable":true,"href":"https:\/\/www.csj-emballages.com\/de\/wp-json\/wp\/v2\/product_cat?post=21989"},{"taxonomy":"product_tag","embeddable":true,"href":"https:\/\/www.csj-emballages.com\/de\/wp-json\/wp\/v2\/product_tag?post=21989"}],"curies":[{"name":"wp","href":"https:\/\/api.w.org\/{rel}","templated":true}]}}