{"id":21984,"date":"2024-03-01T16:51:48","date_gmt":"2024-03-01T15:51:48","guid":{"rendered":"https:\/\/u15jnbdpoq.preview.infomaniak.website\/produit\/50-blaue-3-lagige-chirurgische-masken-mit-hoher-filtration-und-gummibaendern\/"},"modified":"2026-05-01T02:13:29","modified_gmt":"2026-05-01T00:13:29","slug":"50-blaue-3-lagige-chirurgische-masken-mit-hoher-filtration-und-gummibaendern","status":"publish","type":"product","link":"https:\/\/www.csj-emballages.com\/de\/produit\/50-blaue-3-lagige-chirurgische-masken-mit-hoher-filtration-und-gummibaendern\/","title":{"rendered":"Blaue 3-lagige OP-Maske, hochfilternd, mit Gummib\u00e4ndern, 50er-Pack"},"content":{"rendered":"<h2 class=\"p1\">OP-Maske<\/h2>\n<hr>\n<h3>Entdecken Sie unsere blaue 3-lagige OP-Maske, hochfilternd, mit Gummib\u00e4ndern, im 50er-Pack.<\/h3>\n<p><!--more--><\/p>\n<p data-start=\"216\" data-end=\"583\">Diese <strong data-start=\"219\" data-end=\"255\">blaue 3-lagige OP-Maske<\/strong> bietet effektiven Schutz und hohen Tragekomfort im Alltag. Ihre <strong data-start=\"364\" data-end=\"396\">hohe Filterkapazit\u00e4t<\/strong> reduziert die Partikel\u00fcbertragung, w\u00e4hrend Sie normal atmen k\u00f6nnen. Sie schafft die ideale Balance aus Sicherheit und Komfort, besonders bei l\u00e4ngerem Tragen.  <\/p>\n<p data-start=\"585\" data-end=\"965\">Ihre <strong data-start=\"601\" data-end=\"615\">dreifache Faltung<\/strong> erm\u00f6glicht eine optimale Anpassung an das Gesicht. Die <strong>OP-Maske<\/strong> schmiegt sich gut an die Konturen von Nase und Mund an, was das Eindringen von Luft an den Seiten reduziert. Zudem sorgen ihre <strong data-start=\"778\" data-end=\"800\">weichen Gummib\u00e4nder<\/strong> f\u00fcr zuverl\u00e4ssigen Halt, ohne die Ohren zu dr\u00fccken. Einmal angelegt, vergisst man sie fast \u2013 ein entscheidender Vorteil im Berufsalltag.   <\/p>\n<p data-start=\"967\" data-end=\"1344\">Dar\u00fcber hinaus vermittelt ihre <strong>klassische blaue Farbe<\/strong> sofort ein sauberes und professionelles Bild. Sie eignet sich f\u00fcr medizinische Bereiche, Hygiene, Gastronomie, Gemeinschaftseinrichtungen sowie f\u00fcr den t\u00e4glichen Gebrauch, der erh\u00f6hten Schutz erfordert. Leicht anzulegen und abzunehmen, erm\u00f6glicht sie die Einhaltung von Schutzma\u00dfnahmen ohne Zeitverlust.  <\/p>\n<p data-start=\"1346\" data-end=\"1617\">Verkauft <strong data-start=\"1352\" data-end=\"1369\">im 50er-Pack<\/strong>, ist diese Maske ideal, um den regelm\u00e4\u00dfigen Bedarf effizient zu decken. Sie ist leicht zu lagern und stets einsatzbereit. Ob f\u00fcr den einmaligen oder wiederholten Gebrauch, sie integriert sich nahtlos in Ihre Arbeitsabl\u00e4ufe.  <\/p>\n<p data-start=\"1619\" data-end=\"1795\">Zusammenfassend kombiniert diese <strong>OP-Maske<\/strong> Einfachheit, Effizienz und Komfort. Sie sch\u00fctzt, ohne einzuschr\u00e4nken, und erf\u00fcllt die aktuellen Anforderungen an Hygiene und Pr\u00e4vention. <\/p>\n<p data-start=\"1568\" data-end=\"1745\"><!--more--><\/p>\n<h4 data-start=\"1568\" data-end=\"1745\">Vorteile :<\/h4>\n<ul>\n<li data-start=\"1823\" data-end=\"1853\">OP-Maske mit <strong>3 Lagen<\/strong>.<\/li>\n<li data-start=\"1856\" data-end=\"1875\">Hohe Filtration.<\/li>\n<li data-start=\"1878\" data-end=\"1904\"><strong>Bequeme Gummib\u00e4nder<\/strong>.<\/li>\n<li data-start=\"1907\" data-end=\"1935\">Guter Halt im Gesicht.<\/li>\n<li data-start=\"1938\" data-end=\"1972\">F\u00fcr den professionellen Einsatz geeignet.<\/li>\n<li data-start=\"1975\" data-end=\"2002\">Praktischer <strong>50er-Pack Masken<\/strong>.<\/li>\n<\/ul>\n<p>&nbsp;<\/p>\n<p><!--more--><\/p>\n<h4>Weitere Informationen :<\/h4>\n<ul>\n<li><strong>Verpackung<\/strong>: Packung mit 50 St\u00fcck<\/li>\n<li><strong>Anzahl der Lagen<\/strong>: 3<\/li>\n<li><strong>Abmessungen<\/strong>: 95 x 175 mm<\/li>\n<li><strong>Material<\/strong>: Polypropylen-Vliesstoff<\/li>\n<\/ul>\n<p>&nbsp;<\/p>\n<p><!--more--><\/p>\n<p>Hier finden Sie unsere wei\u00dfe, schalenf\u00f6rmige Filter-Halbmaske: <span style=\"color: #d12727;\"><a style=\"color: #d12727;\" href=\"https:\/\/www.csj-emballages.com\/produit\/1-masque-blanc-type-modele-kn95\/?_gl=1*1om9m9x*_up*MQ..*_ga*MTk4MDE3NTE0Ny4xNzY5NjkzMzEz*_ga_YNVJLRSSZT*czE3Njk2OTMzMTIkbzEkZzAkdDE3Njk2OTQwMzkkajYwJGwwJGgxNzc3NTg0ODg0\"><span style=\"color: #d12727;\">MASQFFP2<\/span><\/a><\/span><\/p>\n<p>&nbsp;<\/p>\n<p><!--more--><\/p>\n<p><a href=\"https:\/\/www.csj-emballages.com\/categorie-produit\/hygiene-et-entretiens\/equipements-individuels\/masques\/?_gl=1*v3bgse*_up*MQ..*_ga*MTk4MDE3NTE0Ny4xNzY5NjkzMzEz*_ga_YNVJLRSSZT*czE3Njk2OTMzMTIkbzEkZzAkdDE3Njk2OTMzNjYkajYkbDAkaDE3Nzc1ODQ4ODQ.\">Entdecken Sie unser gesamtes Maskensortiment<\/a><\/p>\n<p>&nbsp;<\/p>\n","protected":false},"excerpt":{"rendered":"<p>OP-Maske Entdecken Sie unsere blaue 3-lagige OP-Maske, hochfilternd, mit Gummib\u00e4ndern, im 50er-Pack.<\/p>\n","protected":false},"featured_media":262787,"template":"","meta":{"_acf_changed":false},"product_brand":[],"product_cat":[1218,2348,2865],"product_tag":[],"class_list":{"0":"post-21984","1":"product","2":"type-product","3":"status-publish","4":"has-post-thumbnail","6":"product_cat-hygiene-und-pflege","7":"product_cat-individuelle-ausstattung","8":"product_cat-masken","10":"first","11":"outofstock","12":"taxable","13":"shipping-taxable","14":"purchasable","15":"product-type-simple"},"acf":[],"yoast_head":"<!-- This site is optimized with the Yoast SEO Premium plugin v26.6 (Yoast SEO v26.6) - https:\/\/yoast.com\/wordpress\/plugins\/seo\/ -->\n<title>Blaue 3-lagige OP-Maske, Hochfilternd, mit Gummib\u00e4ndern, 50er-Pack<\/title>\n<meta name=\"description\" content=\"Blaue 3-lagige OP-Maske mit hoher Filtration und bequemen Gummib\u00e4ndern. Im 50er-Pack, ideal f\u00fcr Hygiene und t\u00e4glichen Schutz.\" \/>\n<meta name=\"robots\" content=\"index, follow, max-snippet:-1, max-image-preview:large, max-video-preview:-1\" \/>\n<link rel=\"canonical\" href=\"https:\/\/www.csj-emballages.com\/de\/produit\/50-blaue-3-lagige-chirurgische-masken-mit-hoher-filtration-und-gummibaendern\/\" \/>\n<meta property=\"og:locale\" content=\"de_DE\" \/>\n<meta property=\"og:type\" content=\"article\" \/>\n<meta property=\"og:title\" content=\"Blaue 3-lagige OP-Maske, hochfilternd, mit Gummib\u00e4ndern, 50er-Pack\" \/>\n<meta property=\"og:description\" content=\"Blaue 3-lagige OP-Maske mit hoher Filtration und bequemen Gummib\u00e4ndern. Im 50er-Pack, ideal f\u00fcr Hygiene und t\u00e4glichen Schutz.\" \/>\n<meta property=\"og:url\" content=\"https:\/\/www.csj-emballages.com\/de\/produit\/50-blaue-3-lagige-chirurgische-masken-mit-hoher-filtration-und-gummibaendern\/\" \/>\n<meta property=\"og:site_name\" content=\"CSJ Emballages\" \/>\n<meta property=\"article:publisher\" content=\"https:\/\/www.facebook.com\/csjemballages\" \/>\n<meta property=\"article:modified_time\" content=\"2026-05-01T00:13:29+00:00\" \/>\n<meta property=\"og:image\" content=\"https:\/\/www.csj-emballages.com\/wp-content\/uploads\/2024\/03\/masque-chirurgical.webp\" \/>\n\t<meta property=\"og:image:width\" content=\"800\" \/>\n\t<meta property=\"og:image:height\" content=\"800\" \/>\n\t<meta property=\"og:image:type\" content=\"image\/webp\" \/>\n<meta name=\"twitter:card\" content=\"summary_large_image\" \/>\n<meta name=\"twitter:label1\" content=\"Gesch\u00e4tzte Lesezeit\" \/>\n\t<meta name=\"twitter:data1\" content=\"1\u00a0Minute\" \/>\n<script type=\"application\/ld+json\" class=\"yoast-schema-graph\">{\"@context\":\"https:\/\/schema.org\",\"@graph\":[{\"@type\":\"WebPage\",\"@id\":\"https:\/\/www.csj-emballages.com\/de\/produit\/50-blaue-3-lagige-chirurgische-masken-mit-hoher-filtration-und-gummibaendern\/\",\"url\":\"https:\/\/www.csj-emballages.com\/de\/produit\/50-blaue-3-lagige-chirurgische-masken-mit-hoher-filtration-und-gummibaendern\/\",\"name\":\"Blaue 3-lagige OP-Maske, Hochfilternd, mit Gummib\u00e4ndern, 50er-Pack\",\"isPartOf\":{\"@id\":\"https:\/\/www.csj-emballages.com\/de\/#website\"},\"primaryImageOfPage\":{\"@id\":\"https:\/\/www.csj-emballages.com\/de\/produit\/50-blaue-3-lagige-chirurgische-masken-mit-hoher-filtration-und-gummibaendern\/#primaryimage\"},\"image\":{\"@id\":\"https:\/\/www.csj-emballages.com\/de\/produit\/50-blaue-3-lagige-chirurgische-masken-mit-hoher-filtration-und-gummibaendern\/#primaryimage\"},\"thumbnailUrl\":\"https:\/\/www.csj-emballages.com\/wp-content\/uploads\/2024\/03\/masque-chirurgical.webp\",\"datePublished\":\"2024-03-01T15:51:48+00:00\",\"dateModified\":\"2026-05-01T00:13:29+00:00\",\"description\":\"Blaue 3-lagige OP-Maske mit hoher Filtration und bequemen Gummib\u00e4ndern. Im 50er-Pack, ideal f\u00fcr Hygiene und t\u00e4glichen Schutz.\",\"breadcrumb\":{\"@id\":\"https:\/\/www.csj-emballages.com\/de\/produit\/50-blaue-3-lagige-chirurgische-masken-mit-hoher-filtration-und-gummibaendern\/#breadcrumb\"},\"inLanguage\":\"de\",\"potentialAction\":[{\"@type\":\"ReadAction\",\"target\":[\"https:\/\/www.csj-emballages.com\/de\/produit\/50-blaue-3-lagige-chirurgische-masken-mit-hoher-filtration-und-gummibaendern\/\"]}]},{\"@type\":\"ImageObject\",\"inLanguage\":\"de\",\"@id\":\"https:\/\/www.csj-emballages.com\/de\/produit\/50-blaue-3-lagige-chirurgische-masken-mit-hoher-filtration-und-gummibaendern\/#primaryimage\",\"url\":\"https:\/\/www.csj-emballages.com\/wp-content\/uploads\/2024\/03\/masque-chirurgical.webp\",\"contentUrl\":\"https:\/\/www.csj-emballages.com\/wp-content\/uploads\/2024\/03\/masque-chirurgical.webp\",\"width\":800,\"height\":800,\"caption\":\"Masque chirurgical\"},{\"@type\":\"BreadcrumbList\",\"@id\":\"https:\/\/www.csj-emballages.com\/de\/produit\/50-blaue-3-lagige-chirurgische-masken-mit-hoher-filtration-und-gummibaendern\/#breadcrumb\",\"itemListElement\":[{\"@type\":\"ListItem\",\"position\":1,\"name\":\"Accueil\",\"item\":\"https:\/\/www.csj-emballages.com\/de\/universum-lebensmittelverpackungen\/\"},{\"@type\":\"ListItem\",\"position\":2,\"name\":\"Shop\",\"item\":\"https:\/\/www.csj-emballages.com\/shop\/\"},{\"@type\":\"ListItem\",\"position\":3,\"name\":\"Blaue 3-lagige OP-Maske, hochfilternd, mit Gummib\u00e4ndern, 50er-Pack\"}]},{\"@type\":\"WebSite\",\"@id\":\"https:\/\/www.csj-emballages.com\/de\/#website\",\"url\":\"https:\/\/www.csj-emballages.com\/de\/\",\"name\":\"CSJ Emballages\",\"description\":\"\",\"publisher\":{\"@id\":\"https:\/\/www.csj-emballages.com\/de\/#organization\"},\"potentialAction\":[{\"@type\":\"SearchAction\",\"target\":{\"@type\":\"EntryPoint\",\"urlTemplate\":\"https:\/\/www.csj-emballages.com\/de\/?s={search_term_string}\"},\"query-input\":{\"@type\":\"PropertyValueSpecification\",\"valueRequired\":true,\"valueName\":\"search_term_string\"}}],\"inLanguage\":\"de\"},{\"@type\":\"Organization\",\"@id\":\"https:\/\/www.csj-emballages.com\/de\/#Organization\/\",\"name\":\"CSJ Emballages\",\"url\":\"https:\/\/www.csj-emballages.com\/de\/\",\"logo\":{\"@type\":\"ImageObject\",\"inLanguage\":\"de\",\"@id\":\"https:\/\/www.csj-emballages.com\/de\/#\/schema\/logo\/image\/\",\"url\":\"https:\/\/www.csj-emballages.com\/wp-content\/uploads\/2023\/10\/logo_csj.webp\",\"contentUrl\":\"https:\/\/www.csj-emballages.com\/wp-content\/uploads\/2023\/10\/logo_csj.webp\",\"width\":250,\"height\":95,\"caption\":\"CSJ Emballages\"},\"image\":{\"@id\":\"https:\/\/www.csj-emballages.com\/de\/#\/schema\/logo\/image\/\"},\"sameAs\":[\"https:\/\/www.facebook.com\/csjemballages\"],\"address\":{\"@type\":\"PostalAddress\",\"streetAddress\":\"ZI La Lechere\",\"addressLocality\":\"Patornay\",\"postalCode\":\"39130\",\"addressCountry\":\"FR\"},\"contactPoint\":[{\"@type\":\"ContactPoint\",\"contactType\":\"Service client\",\"telephone\":\"0384254272\",\"email\":\"contact@csj-emballages.com\"}]}]}<\/script>\n<!-- \/ Yoast SEO Premium plugin. -->","yoast_head_json":{"title":"Blaue 3-lagige OP-Maske, Hochfilternd, mit Gummib\u00e4ndern, 50er-Pack","description":"Blaue 3-lagige OP-Maske mit hoher Filtration und bequemen Gummib\u00e4ndern. Im 50er-Pack, ideal f\u00fcr Hygiene und t\u00e4glichen Schutz.","robots":{"index":"index","follow":"follow","max-snippet":"max-snippet:-1","max-image-preview":"max-image-preview:large","max-video-preview":"max-video-preview:-1"},"canonical":"https:\/\/www.csj-emballages.com\/de\/produit\/50-blaue-3-lagige-chirurgische-masken-mit-hoher-filtration-und-gummibaendern\/","og_locale":"de_DE","og_type":"article","og_title":"Blaue 3-lagige OP-Maske, hochfilternd, mit Gummib\u00e4ndern, 50er-Pack","og_description":"Blaue 3-lagige OP-Maske mit hoher Filtration und bequemen Gummib\u00e4ndern. Im 50er-Pack, ideal f\u00fcr Hygiene und t\u00e4glichen Schutz.","og_url":"https:\/\/www.csj-emballages.com\/de\/produit\/50-blaue-3-lagige-chirurgische-masken-mit-hoher-filtration-und-gummibaendern\/","og_site_name":"CSJ Emballages","article_publisher":"https:\/\/www.facebook.com\/csjemballages","article_modified_time":"2026-05-01T00:13:29+00:00","og_image":[{"width":800,"height":800,"url":"https:\/\/www.csj-emballages.com\/wp-content\/uploads\/2024\/03\/masque-chirurgical.webp","type":"image\/webp"}],"twitter_card":"summary_large_image","twitter_misc":{"Gesch\u00e4tzte Lesezeit":"1\u00a0Minute"},"schema":{"@context":"https:\/\/schema.org","@graph":[{"@type":"WebPage","@id":"https:\/\/www.csj-emballages.com\/de\/produit\/50-blaue-3-lagige-chirurgische-masken-mit-hoher-filtration-und-gummibaendern\/","url":"https:\/\/www.csj-emballages.com\/de\/produit\/50-blaue-3-lagige-chirurgische-masken-mit-hoher-filtration-und-gummibaendern\/","name":"Blaue 3-lagige OP-Maske, Hochfilternd, mit Gummib\u00e4ndern, 50er-Pack","isPartOf":{"@id":"https:\/\/www.csj-emballages.com\/de\/#website"},"primaryImageOfPage":{"@id":"https:\/\/www.csj-emballages.com\/de\/produit\/50-blaue-3-lagige-chirurgische-masken-mit-hoher-filtration-und-gummibaendern\/#primaryimage"},"image":{"@id":"https:\/\/www.csj-emballages.com\/de\/produit\/50-blaue-3-lagige-chirurgische-masken-mit-hoher-filtration-und-gummibaendern\/#primaryimage"},"thumbnailUrl":"https:\/\/www.csj-emballages.com\/wp-content\/uploads\/2024\/03\/masque-chirurgical.webp","datePublished":"2024-03-01T15:51:48+00:00","dateModified":"2026-05-01T00:13:29+00:00","description":"Blaue 3-lagige OP-Maske mit hoher Filtration und bequemen Gummib\u00e4ndern. Im 50er-Pack, ideal f\u00fcr Hygiene und t\u00e4glichen Schutz.","breadcrumb":{"@id":"https:\/\/www.csj-emballages.com\/de\/produit\/50-blaue-3-lagige-chirurgische-masken-mit-hoher-filtration-und-gummibaendern\/#breadcrumb"},"inLanguage":"de","potentialAction":[{"@type":"ReadAction","target":["https:\/\/www.csj-emballages.com\/de\/produit\/50-blaue-3-lagige-chirurgische-masken-mit-hoher-filtration-und-gummibaendern\/"]}]},{"@type":"ImageObject","inLanguage":"de","@id":"https:\/\/www.csj-emballages.com\/de\/produit\/50-blaue-3-lagige-chirurgische-masken-mit-hoher-filtration-und-gummibaendern\/#primaryimage","url":"https:\/\/www.csj-emballages.com\/wp-content\/uploads\/2024\/03\/masque-chirurgical.webp","contentUrl":"https:\/\/www.csj-emballages.com\/wp-content\/uploads\/2024\/03\/masque-chirurgical.webp","width":800,"height":800,"caption":"Masque chirurgical"},{"@type":"BreadcrumbList","@id":"https:\/\/www.csj-emballages.com\/de\/produit\/50-blaue-3-lagige-chirurgische-masken-mit-hoher-filtration-und-gummibaendern\/#breadcrumb","itemListElement":[{"@type":"ListItem","position":1,"name":"Accueil","item":"https:\/\/www.csj-emballages.com\/de\/universum-lebensmittelverpackungen\/"},{"@type":"ListItem","position":2,"name":"Shop","item":"https:\/\/www.csj-emballages.com\/shop\/"},{"@type":"ListItem","position":3,"name":"Blaue 3-lagige OP-Maske, hochfilternd, mit Gummib\u00e4ndern, 50er-Pack"}]},{"@type":"WebSite","@id":"https:\/\/www.csj-emballages.com\/de\/#website","url":"https:\/\/www.csj-emballages.com\/de\/","name":"CSJ Emballages","description":"","publisher":{"@id":"https:\/\/www.csj-emballages.com\/de\/#organization"},"potentialAction":[{"@type":"SearchAction","target":{"@type":"EntryPoint","urlTemplate":"https:\/\/www.csj-emballages.com\/de\/?s={search_term_string}"},"query-input":{"@type":"PropertyValueSpecification","valueRequired":true,"valueName":"search_term_string"}}],"inLanguage":"de"},{"@type":"Organization","@id":"https:\/\/www.csj-emballages.com\/de\/#Organization\/","name":"CSJ Emballages","url":"https:\/\/www.csj-emballages.com\/de\/","logo":{"@type":"ImageObject","inLanguage":"de","@id":"https:\/\/www.csj-emballages.com\/de\/#\/schema\/logo\/image\/","url":"https:\/\/www.csj-emballages.com\/wp-content\/uploads\/2023\/10\/logo_csj.webp","contentUrl":"https:\/\/www.csj-emballages.com\/wp-content\/uploads\/2023\/10\/logo_csj.webp","width":250,"height":95,"caption":"CSJ Emballages"},"image":{"@id":"https:\/\/www.csj-emballages.com\/de\/#\/schema\/logo\/image\/"},"sameAs":["https:\/\/www.facebook.com\/csjemballages"],"address":{"@type":"PostalAddress","streetAddress":"ZI La Lechere","addressLocality":"Patornay","postalCode":"39130","addressCountry":"FR"},"contactPoint":[{"@type":"ContactPoint","contactType":"Service client","telephone":"0384254272","email":"contact@csj-emballages.com"}]}]}},"df_price":1.5,"df_sale_price":"","df_regular_price":1.5,"df_image_link":"https:\/\/www.csj-emballages.com\/wp-content\/uploads\/2024\/03\/masque-chirurgical-300x300.webp","tiered_pricing_type":"fixed","tiered_pricing_fixed_rules":[],"tiered_pricing_percentage_rules":[],"tiered_pricing_minimum":1,"tiered_pricing_roles_data":[],"_links":{"self":[{"href":"https:\/\/www.csj-emballages.com\/de\/wp-json\/wp\/v2\/product\/21984","targetHints":{"allow":["GET"]}}],"collection":[{"href":"https:\/\/www.csj-emballages.com\/de\/wp-json\/wp\/v2\/product"}],"about":[{"href":"https:\/\/www.csj-emballages.com\/de\/wp-json\/wp\/v2\/types\/product"}],"wp:featuredmedia":[{"embeddable":true,"href":"https:\/\/www.csj-emballages.com\/de\/wp-json\/wp\/v2\/media\/262787"}],"wp:attachment":[{"href":"https:\/\/www.csj-emballages.com\/de\/wp-json\/wp\/v2\/media?parent=21984"}],"wp:term":[{"taxonomy":"product_brand","embeddable":true,"href":"https:\/\/www.csj-emballages.com\/de\/wp-json\/wp\/v2\/product_brand?post=21984"},{"taxonomy":"product_cat","embeddable":true,"href":"https:\/\/www.csj-emballages.com\/de\/wp-json\/wp\/v2\/product_cat?post=21984"},{"taxonomy":"product_tag","embeddable":true,"href":"https:\/\/www.csj-emballages.com\/de\/wp-json\/wp\/v2\/product_tag?post=21984"}],"curies":[{"name":"wp","href":"https:\/\/api.w.org\/{rel}","templated":true}]}}