{"id":21980,"date":"2024-03-01T16:51:49","date_gmt":"2024-03-01T15:51:49","guid":{"rendered":"https:\/\/u15jnbdpoq.preview.infomaniak.website\/produit\/100-hdpe-manschetten-blau-einheitsgroesse\/"},"modified":"2026-03-12T16:29:12","modified_gmt":"2026-03-12T15:29:12","slug":"100-hdpe-manschetten-blau-einheitsgroesse","status":"publish","type":"product","link":"https:\/\/www.csj-emballages.com\/de\/produit\/100-hdpe-manschetten-blau-einheitsgroesse\/","title":{"rendered":"Blaue PE-Manschette, Einheitsgr\u00f6\u00dfe, 100 St\u00fcck"},"content":{"rendered":"<h2>Blaue Manschette<\/h2>\n<hr>\n<h3>Entdecken Sie unsere blaue PE-Manschette in Einheitsgr\u00f6\u00dfe im 100er-Pack<\/h3>\n<p><!--more--><\/p>\n<p data-start=\"252\" data-end=\"644\">In Umgebungen, in denen Hygiene unerl\u00e4sslich ist, wird diese <strong data-start=\"312\" data-end=\"352\">blaue Polyethylen (PE)-Manschette<\/strong> schnell zu einem unverzichtbaren Helfer im Alltag. Sie sch\u00fctzt die Unterarme effektiv vor Spritzern, Fl\u00fcssigkeiten und Verschmutzungen, wobei sie einfach anzulegen ist. Einmal angelegt, bedeckt sie den Arm gut und begrenzt den direkten Kontakt mit Oberfl\u00e4chen oder gehandhabten Produkten.  <\/p>\n<p data-start=\"646\" data-end=\"1005\">Dank ihrer <strong data-start=\"657\" data-end=\"674\">Einheitsgr\u00f6\u00dfe<\/strong> passt sie sich leicht allen K\u00f6rperformen an. Die Gummiz\u00fcge an den Enden sorgen f\u00fcr einen guten Halt, ohne einzuschn\u00fcren, was ein komfortables Arbeiten auch \u00fcber l\u00e4ngere Zeit erm\u00f6glicht. Zudem bietet ihr leichtes Material echte Bewegungsfreiheit, unerl\u00e4sslich in Berufen mit schnellen und wiederholten Bewegungen.  <\/p>\n<p data-start=\"1007\" data-end=\"1323\">Diese Manschette ist ideal f\u00fcr die Lebensmittelindustrie, Gastronomie, Reinigung, das Gesundheitswesen oder die Industrie. Sie st\u00e4rkt die Hygieneprotokolle und ist dabei praktisch und schnell einsetzbar. In wenigen Sekunden sind Sie gesch\u00fctzt, ohne Zeit zu verlieren.  <\/p>\n<p data-start=\"1325\" data-end=\"1560\"><strong data-start=\"1332\" data-end=\"1350\">Im 100er-Pack<\/strong> verkauft, erleichtert sie die Lagerverwaltung und erf\u00fcllt die Anforderungen des regelm\u00e4\u00dfigen Gebrauchs. Sie ist eine einfache, effektive und wirtschaftliche L\u00f6sung, um Tag f\u00fcr Tag ein sauberes und sicheres Arbeitsumfeld zu gew\u00e4hrleisten. <\/p>\n<p data-start=\"1562\" data-end=\"1717\">Zusammenfassend bietet diese blaue PE-Manschette gezielten, uneingeschr\u00e4nkten Schutz, um entspannter und unter Einhaltung der Hygieneregeln zu arbeiten.<\/p>\n<p data-start=\"1562\" data-end=\"1717\">\n<p data-start=\"1562\" data-end=\"1717\"><!--more--><\/p>\n<h4 data-start=\"1562\" data-end=\"1717\">Vorteile :<\/h4>\n<ul>\n<li data-start=\"1745\" data-end=\"1782\">Effektiver Unterarmschutz.<\/li>\n<li data-start=\"1785\" data-end=\"1820\">Leichtes und wasserdichtes PE-Material.<\/li>\n<li data-start=\"1823\" data-end=\"1867\">Einheitsgr\u00f6\u00dfe mit Haltegummis.<\/li>\n<li data-start=\"1870\" data-end=\"1899\">Einfach und schnell anzulegen.<\/li>\n<li data-start=\"1902\" data-end=\"1950\">F\u00fcr viele Berufsfelder geeignet.<\/li>\n<li data-start=\"1953\" data-end=\"1996\">Praktischer 100er-Pack f\u00fcr intensiven Gebrauch.<\/li>\n<\/ul>\n<p>&nbsp;<\/p>\n<p><!--more--><\/p>\n<h4>Weitere Informationen :<\/h4>\n<ul>\n<li><strong>Verpackung<\/strong>: Packung mit 100 St\u00fcck<\/li>\n<li><strong>Ma\u00dfe<\/strong>: Einheitsgr\u00f6\u00dfe (20 x 37 cm)<\/li>\n<li><strong>Farbe<\/strong>: Blau<\/li>\n<li><strong>Dicke<\/strong>: 15\u03bc<\/li>\n<li><strong>Material<\/strong>: PE<\/li>\n<\/ul>\n<p>&nbsp;<\/p>\n<p><!--more--><\/p>\n<p><a href=\"https:\/\/www.csj-emballages.com\/de\/categorie-produit\/hygiene-und-pflege\/individuelle-ausstattung\/\">Entdecken Sie den Rest unseres Sortiments an pers\u00f6nlicher Schutzausr\u00fcstung<\/a><\/p>\n","protected":false},"excerpt":{"rendered":"<p>Blaue Manschette Entdecken Sie unsere blaue PE-Manschette in Einheitsgr\u00f6\u00dfe im 100er-Pack<\/p>\n","protected":false},"featured_media":259890,"template":"","meta":{"_acf_changed":false},"product_brand":[],"product_cat":[1218,2348,2853],"product_tag":[],"class_list":{"0":"post-21980","1":"product","2":"type-product","3":"status-publish","4":"has-post-thumbnail","6":"product_cat-hygiene-und-pflege","7":"product_cat-individuelle-ausstattung","8":"product_cat-manschetten","10":"first","11":"instock","12":"taxable","13":"shipping-taxable","14":"purchasable","15":"product-type-simple"},"acf":[],"yoast_head":"<!-- This site is optimized with the Yoast SEO Premium plugin v26.6 (Yoast SEO v26.6) - https:\/\/yoast.com\/wordpress\/plugins\/seo\/ -->\n<title>Blaue PE-Manschette, Einheitsgr\u00f6\u00dfe, 100 St\u00fcck<\/title>\n<meta name=\"description\" content=\"Blaue PE-Manschette, Einheitsgr\u00f6\u00dfe, 100 St\u00fcck: sch\u00fctzt die Unterarme effektiv, leicht anzulegen, ideal f\u00fcr die Hygiene im Berufsalltag.\" \/>\n<meta name=\"robots\" content=\"index, follow, max-snippet:-1, max-image-preview:large, max-video-preview:-1\" \/>\n<link rel=\"canonical\" href=\"https:\/\/www.csj-emballages.com\/de\/produit\/100-hdpe-manschetten-blau-einheitsgroesse\/\" \/>\n<meta property=\"og:locale\" content=\"de_DE\" \/>\n<meta property=\"og:type\" content=\"article\" \/>\n<meta property=\"og:title\" content=\"Blaue PE-Manschette, Einheitsgr\u00f6\u00dfe, 100 St\u00fcck\" \/>\n<meta property=\"og:description\" content=\"Blaue PE-Manschette, Einheitsgr\u00f6\u00dfe, 100 St\u00fcck: sch\u00fctzt die Unterarme effektiv, leicht anzulegen, ideal f\u00fcr die Hygiene im Berufsalltag.\" \/>\n<meta property=\"og:url\" content=\"https:\/\/www.csj-emballages.com\/de\/produit\/100-hdpe-manschetten-blau-einheitsgroesse\/\" \/>\n<meta property=\"og:site_name\" content=\"CSJ Emballages\" \/>\n<meta property=\"article:publisher\" content=\"https:\/\/www.facebook.com\/csjemballages\" \/>\n<meta property=\"article:modified_time\" content=\"2026-03-12T15:29:12+00:00\" \/>\n<meta property=\"og:image\" content=\"https:\/\/www.csj-emballages.com\/wp-content\/uploads\/2024\/03\/0712830.webp\" \/>\n\t<meta property=\"og:image:width\" content=\"800\" \/>\n\t<meta property=\"og:image:height\" content=\"800\" \/>\n\t<meta property=\"og:image:type\" content=\"image\/webp\" \/>\n<meta name=\"twitter:card\" content=\"summary_large_image\" \/>\n<meta name=\"twitter:label1\" content=\"Gesch\u00e4tzte Lesezeit\" \/>\n\t<meta name=\"twitter:data1\" content=\"1\u00a0Minute\" \/>\n<script type=\"application\/ld+json\" class=\"yoast-schema-graph\">{\"@context\":\"https:\/\/schema.org\",\"@graph\":[{\"@type\":\"WebPage\",\"@id\":\"https:\/\/www.csj-emballages.com\/de\/produit\/100-hdpe-manschetten-blau-einheitsgroesse\/\",\"url\":\"https:\/\/www.csj-emballages.com\/de\/produit\/100-hdpe-manschetten-blau-einheitsgroesse\/\",\"name\":\"Blaue PE-Manschette, Einheitsgr\u00f6\u00dfe, 100 St\u00fcck\",\"isPartOf\":{\"@id\":\"https:\/\/www.csj-emballages.com\/de\/#website\"},\"primaryImageOfPage\":{\"@id\":\"https:\/\/www.csj-emballages.com\/de\/produit\/100-hdpe-manschetten-blau-einheitsgroesse\/#primaryimage\"},\"image\":{\"@id\":\"https:\/\/www.csj-emballages.com\/de\/produit\/100-hdpe-manschetten-blau-einheitsgroesse\/#primaryimage\"},\"thumbnailUrl\":\"https:\/\/www.csj-emballages.com\/wp-content\/uploads\/2024\/03\/0712830.webp\",\"datePublished\":\"2024-03-01T15:51:49+00:00\",\"dateModified\":\"2026-03-12T15:29:12+00:00\",\"description\":\"Blaue PE-Manschette, Einheitsgr\u00f6\u00dfe, 100 St\u00fcck: sch\u00fctzt die Unterarme effektiv, leicht anzulegen, ideal f\u00fcr die Hygiene im Berufsalltag.\",\"breadcrumb\":{\"@id\":\"https:\/\/www.csj-emballages.com\/de\/produit\/100-hdpe-manschetten-blau-einheitsgroesse\/#breadcrumb\"},\"inLanguage\":\"de\",\"potentialAction\":[{\"@type\":\"ReadAction\",\"target\":[\"https:\/\/www.csj-emballages.com\/de\/produit\/100-hdpe-manschetten-blau-einheitsgroesse\/\"]}]},{\"@type\":\"ImageObject\",\"inLanguage\":\"de\",\"@id\":\"https:\/\/www.csj-emballages.com\/de\/produit\/100-hdpe-manschetten-blau-einheitsgroesse\/#primaryimage\",\"url\":\"https:\/\/www.csj-emballages.com\/wp-content\/uploads\/2024\/03\/0712830.webp\",\"contentUrl\":\"https:\/\/www.csj-emballages.com\/wp-content\/uploads\/2024\/03\/0712830.webp\",\"width\":800,\"height\":800,\"caption\":\"Manchette bleu\"},{\"@type\":\"BreadcrumbList\",\"@id\":\"https:\/\/www.csj-emballages.com\/de\/produit\/100-hdpe-manschetten-blau-einheitsgroesse\/#breadcrumb\",\"itemListElement\":[{\"@type\":\"ListItem\",\"position\":1,\"name\":\"Accueil\",\"item\":\"https:\/\/www.csj-emballages.com\/de\/universum-lebensmittelverpackungen\/\"},{\"@type\":\"ListItem\",\"position\":2,\"name\":\"Shop\",\"item\":\"https:\/\/www.csj-emballages.com\/shop\/\"},{\"@type\":\"ListItem\",\"position\":3,\"name\":\"Blaue PE-Manschette, Einheitsgr\u00f6\u00dfe, 100 St\u00fcck\"}]},{\"@type\":\"WebSite\",\"@id\":\"https:\/\/www.csj-emballages.com\/de\/#website\",\"url\":\"https:\/\/www.csj-emballages.com\/de\/\",\"name\":\"CSJ Emballages\",\"description\":\"\",\"publisher\":{\"@id\":\"https:\/\/www.csj-emballages.com\/de\/#organization\"},\"potentialAction\":[{\"@type\":\"SearchAction\",\"target\":{\"@type\":\"EntryPoint\",\"urlTemplate\":\"https:\/\/www.csj-emballages.com\/de\/?s={search_term_string}\"},\"query-input\":{\"@type\":\"PropertyValueSpecification\",\"valueRequired\":true,\"valueName\":\"search_term_string\"}}],\"inLanguage\":\"de\"},{\"@type\":\"Organization\",\"@id\":\"https:\/\/www.csj-emballages.com\/de\/#Organization\/\",\"name\":\"CSJ Emballages\",\"url\":\"https:\/\/www.csj-emballages.com\/de\/\",\"logo\":{\"@type\":\"ImageObject\",\"inLanguage\":\"de\",\"@id\":\"https:\/\/www.csj-emballages.com\/de\/#\/schema\/logo\/image\/\",\"url\":\"https:\/\/www.csj-emballages.com\/wp-content\/uploads\/2023\/10\/logo_csj.webp\",\"contentUrl\":\"https:\/\/www.csj-emballages.com\/wp-content\/uploads\/2023\/10\/logo_csj.webp\",\"width\":250,\"height\":95,\"caption\":\"CSJ Emballages\"},\"image\":{\"@id\":\"https:\/\/www.csj-emballages.com\/de\/#\/schema\/logo\/image\/\"},\"sameAs\":[\"https:\/\/www.facebook.com\/csjemballages\"],\"address\":{\"@type\":\"PostalAddress\",\"streetAddress\":\"ZI La Lechere\",\"addressLocality\":\"Patornay\",\"postalCode\":\"39130\",\"addressCountry\":\"FR\"},\"contactPoint\":[{\"@type\":\"ContactPoint\",\"contactType\":\"Service client\",\"telephone\":\"0384254272\",\"email\":\"contact@csj-emballages.com\"}]}]}<\/script>\n<!-- \/ Yoast SEO Premium plugin. -->","yoast_head_json":{"title":"Blaue PE-Manschette, Einheitsgr\u00f6\u00dfe, 100 St\u00fcck","description":"Blaue PE-Manschette, Einheitsgr\u00f6\u00dfe, 100 St\u00fcck: sch\u00fctzt die Unterarme effektiv, leicht anzulegen, ideal f\u00fcr die Hygiene im Berufsalltag.","robots":{"index":"index","follow":"follow","max-snippet":"max-snippet:-1","max-image-preview":"max-image-preview:large","max-video-preview":"max-video-preview:-1"},"canonical":"https:\/\/www.csj-emballages.com\/de\/produit\/100-hdpe-manschetten-blau-einheitsgroesse\/","og_locale":"de_DE","og_type":"article","og_title":"Blaue PE-Manschette, Einheitsgr\u00f6\u00dfe, 100 St\u00fcck","og_description":"Blaue PE-Manschette, Einheitsgr\u00f6\u00dfe, 100 St\u00fcck: sch\u00fctzt die Unterarme effektiv, leicht anzulegen, ideal f\u00fcr die Hygiene im Berufsalltag.","og_url":"https:\/\/www.csj-emballages.com\/de\/produit\/100-hdpe-manschetten-blau-einheitsgroesse\/","og_site_name":"CSJ Emballages","article_publisher":"https:\/\/www.facebook.com\/csjemballages","article_modified_time":"2026-03-12T15:29:12+00:00","og_image":[{"width":800,"height":800,"url":"https:\/\/www.csj-emballages.com\/wp-content\/uploads\/2024\/03\/0712830.webp","type":"image\/webp"}],"twitter_card":"summary_large_image","twitter_misc":{"Gesch\u00e4tzte Lesezeit":"1\u00a0Minute"},"schema":{"@context":"https:\/\/schema.org","@graph":[{"@type":"WebPage","@id":"https:\/\/www.csj-emballages.com\/de\/produit\/100-hdpe-manschetten-blau-einheitsgroesse\/","url":"https:\/\/www.csj-emballages.com\/de\/produit\/100-hdpe-manschetten-blau-einheitsgroesse\/","name":"Blaue PE-Manschette, Einheitsgr\u00f6\u00dfe, 100 St\u00fcck","isPartOf":{"@id":"https:\/\/www.csj-emballages.com\/de\/#website"},"primaryImageOfPage":{"@id":"https:\/\/www.csj-emballages.com\/de\/produit\/100-hdpe-manschetten-blau-einheitsgroesse\/#primaryimage"},"image":{"@id":"https:\/\/www.csj-emballages.com\/de\/produit\/100-hdpe-manschetten-blau-einheitsgroesse\/#primaryimage"},"thumbnailUrl":"https:\/\/www.csj-emballages.com\/wp-content\/uploads\/2024\/03\/0712830.webp","datePublished":"2024-03-01T15:51:49+00:00","dateModified":"2026-03-12T15:29:12+00:00","description":"Blaue PE-Manschette, Einheitsgr\u00f6\u00dfe, 100 St\u00fcck: sch\u00fctzt die Unterarme effektiv, leicht anzulegen, ideal f\u00fcr die Hygiene im Berufsalltag.","breadcrumb":{"@id":"https:\/\/www.csj-emballages.com\/de\/produit\/100-hdpe-manschetten-blau-einheitsgroesse\/#breadcrumb"},"inLanguage":"de","potentialAction":[{"@type":"ReadAction","target":["https:\/\/www.csj-emballages.com\/de\/produit\/100-hdpe-manschetten-blau-einheitsgroesse\/"]}]},{"@type":"ImageObject","inLanguage":"de","@id":"https:\/\/www.csj-emballages.com\/de\/produit\/100-hdpe-manschetten-blau-einheitsgroesse\/#primaryimage","url":"https:\/\/www.csj-emballages.com\/wp-content\/uploads\/2024\/03\/0712830.webp","contentUrl":"https:\/\/www.csj-emballages.com\/wp-content\/uploads\/2024\/03\/0712830.webp","width":800,"height":800,"caption":"Manchette bleu"},{"@type":"BreadcrumbList","@id":"https:\/\/www.csj-emballages.com\/de\/produit\/100-hdpe-manschetten-blau-einheitsgroesse\/#breadcrumb","itemListElement":[{"@type":"ListItem","position":1,"name":"Accueil","item":"https:\/\/www.csj-emballages.com\/de\/universum-lebensmittelverpackungen\/"},{"@type":"ListItem","position":2,"name":"Shop","item":"https:\/\/www.csj-emballages.com\/shop\/"},{"@type":"ListItem","position":3,"name":"Blaue PE-Manschette, Einheitsgr\u00f6\u00dfe, 100 St\u00fcck"}]},{"@type":"WebSite","@id":"https:\/\/www.csj-emballages.com\/de\/#website","url":"https:\/\/www.csj-emballages.com\/de\/","name":"CSJ Emballages","description":"","publisher":{"@id":"https:\/\/www.csj-emballages.com\/de\/#organization"},"potentialAction":[{"@type":"SearchAction","target":{"@type":"EntryPoint","urlTemplate":"https:\/\/www.csj-emballages.com\/de\/?s={search_term_string}"},"query-input":{"@type":"PropertyValueSpecification","valueRequired":true,"valueName":"search_term_string"}}],"inLanguage":"de"},{"@type":"Organization","@id":"https:\/\/www.csj-emballages.com\/de\/#Organization\/","name":"CSJ Emballages","url":"https:\/\/www.csj-emballages.com\/de\/","logo":{"@type":"ImageObject","inLanguage":"de","@id":"https:\/\/www.csj-emballages.com\/de\/#\/schema\/logo\/image\/","url":"https:\/\/www.csj-emballages.com\/wp-content\/uploads\/2023\/10\/logo_csj.webp","contentUrl":"https:\/\/www.csj-emballages.com\/wp-content\/uploads\/2023\/10\/logo_csj.webp","width":250,"height":95,"caption":"CSJ Emballages"},"image":{"@id":"https:\/\/www.csj-emballages.com\/de\/#\/schema\/logo\/image\/"},"sameAs":["https:\/\/www.facebook.com\/csjemballages"],"address":{"@type":"PostalAddress","streetAddress":"ZI La Lechere","addressLocality":"Patornay","postalCode":"39130","addressCountry":"FR"},"contactPoint":[{"@type":"ContactPoint","contactType":"Service client","telephone":"0384254272","email":"contact@csj-emballages.com"}]}]}},"df_price":2.5,"df_sale_price":"","df_regular_price":2.5,"df_image_link":"https:\/\/www.csj-emballages.com\/wp-content\/uploads\/2024\/03\/0712830-300x300.webp","tiered_pricing_type":"fixed","tiered_pricing_fixed_rules":[],"tiered_pricing_percentage_rules":[],"tiered_pricing_minimum":1,"tiered_pricing_roles_data":[],"_links":{"self":[{"href":"https:\/\/www.csj-emballages.com\/de\/wp-json\/wp\/v2\/product\/21980","targetHints":{"allow":["GET"]}}],"collection":[{"href":"https:\/\/www.csj-emballages.com\/de\/wp-json\/wp\/v2\/product"}],"about":[{"href":"https:\/\/www.csj-emballages.com\/de\/wp-json\/wp\/v2\/types\/product"}],"wp:featuredmedia":[{"embeddable":true,"href":"https:\/\/www.csj-emballages.com\/de\/wp-json\/wp\/v2\/media\/259890"}],"wp:attachment":[{"href":"https:\/\/www.csj-emballages.com\/de\/wp-json\/wp\/v2\/media?parent=21980"}],"wp:term":[{"taxonomy":"product_brand","embeddable":true,"href":"https:\/\/www.csj-emballages.com\/de\/wp-json\/wp\/v2\/product_brand?post=21980"},{"taxonomy":"product_cat","embeddable":true,"href":"https:\/\/www.csj-emballages.com\/de\/wp-json\/wp\/v2\/product_cat?post=21980"},{"taxonomy":"product_tag","embeddable":true,"href":"https:\/\/www.csj-emballages.com\/de\/wp-json\/wp\/v2\/product_tag?post=21980"}],"curies":[{"name":"wp","href":"https:\/\/api.w.org\/{rel}","templated":true}]}}