{"id":21967,"date":"2024-03-01T16:51:50","date_gmt":"2024-03-01T15:51:50","guid":{"rendered":"https:\/\/u15jnbdpoq.preview.infomaniak.website\/produit\/100-gelee-nadelformen-aus-kunststoff\/"},"modified":"2026-04-18T02:15:15","modified_gmt":"2026-04-18T00:15:15","slug":"100-gelee-nadelformen-aus-kunststoff","status":"publish","type":"product","link":"https:\/\/www.csj-emballages.com\/de\/produit\/100-gelee-nadelformen-aus-kunststoff\/","title":{"rendered":"Form f\u00fcr Aspik Nadel Kunststoff pro 100"},"content":{"rendered":"<h2>Aspikform<\/h2>\n<hr>\n<h3>Beschreibung unserer Aspikform aus Plastik pro 100 St\u00fcck<\/h3>\n<p><!--more--><\/p>\n<div class=\"flex max-w-full flex-col flex-grow\">\n<div class=\"min-h-8 text-message flex w-full flex-col items-end gap-2 whitespace-normal break-words text-start [.text-message+&amp;]:mt-5\" dir=\"auto\" data-message-author-role=\"assistant\" data-message-id=\"266ca6f3-5e07-4948-bd20-80ac5e6da4a5\" data-message-model-slug=\"gpt-4o\">\n<div class=\"flex w-full flex-col gap-1 empty:hidden first:pt-[3px]\">\n<div class=\"markdown prose w-full break-words dark:prose-invert dark\">\n<p data-start=\"231\" data-end=\"532\">Die <strong>Aiguillette-Aspikform<\/strong> aus <strong>Kunststoff<\/strong> wurde speziell f\u00fcr die Zubereitung eleganter und strukturierter <strong>kalter Vorspeisen<\/strong> entwickelt. Ihre <strong>l\u00e4ngliche \u201eAiguillette\u201c-Form<\/strong> erm\u00f6glicht die Kreation <strong>raffinierter Aspiks<\/strong>, ideal f\u00fcr Catering-Pr\u00e4sentationen, K\u00fchlvitrinen oder <strong>Event-Buffets<\/strong>. <\/p>\n<p data-start=\"534\" data-end=\"948\">Gefertigt aus lebensmittelechtem <strong>Kunststoff<\/strong>, garantiert diese <strong>Form<\/strong> einen sicheren Halt der Zubereitungen w\u00e4hrend des Bef\u00fcllens und K\u00fchlens. Sie ist ideal f\u00fcr Rezepte mit <strong>Fleisch, Gefl\u00fcgel, Fisch oder Gem\u00fcse in Gelee<\/strong> und sorgt nach dem Entformen f\u00fcr ein sauberes und gleichm\u00e4\u00dfiges Ergebnis. Dank ihrer <strong>Transparenz<\/strong> erm\u00f6glicht sie eine visuelle Kontrolle der Bef\u00fcllung und Anordnung der Zutaten f\u00fcr ein optimal \u00e4sthetisches Ergebnis.  <\/p>\n<p data-start=\"950\" data-end=\"1207\">Ebenso sorgt die <strong>Aiguillette-Form<\/strong> f\u00fcr eine feine und gepflegte Pr\u00e4sentation, passend f\u00fcr Einzelportionen oder Tellerkompositionen. Sie hebt die verschiedenen Schichten und Farben hervor und gew\u00e4hrleistet gleichzeitig einen perfekten Halt der Struktur. <\/p>\n<p data-start=\"1209\" data-end=\"1533\">Diese <strong>Aspikform<\/strong>, die von Caterern und Gastronomieprofis sehr gesch\u00e4tzt wird, erleichtert die Serienproduktion. Zusammenfassend l\u00e4sst sich sagen, dass sie im <strong>100er-Pack<\/strong> eine praktische L\u00f6sung f\u00fcr Gro\u00dfk\u00fcchen oder einmalige Veranstaltungen darstellt. <\/p>\n<\/div>\n<\/div>\n<\/div>\n<\/div>\n<p><!--more--><\/p>\n<h4>Vorteile :<\/h4>\n<ul>\n<li data-start=\"1571\" data-end=\"1618\">Elegante und professionelle <strong>Aiguillette-Form<\/strong>.<\/li>\n<li data-start=\"1663\" data-end=\"1719\">Guter Halt beim Bef\u00fcllen und K\u00fchlen.<\/li>\n<li data-start=\"1722\" data-end=\"1750\">Einfaches und sauberes Entformen.<\/li>\n<li data-start=\"1753\" data-end=\"1814\">Ideal f\u00fcr <strong>Aspiks, kalte Vorspeisen und Geleezubereitungen<\/strong>.<\/li>\n<li data-start=\"1817\" data-end=\"1863\">Transparenz f\u00fcr optimale visuelle Kontrolle.<\/li>\n<li data-start=\"1902\" data-end=\"1943\">Praktische Verpackung mit <strong>100 Formen<\/strong>.<\/li>\n<\/ul>\n<p>&nbsp;<\/p>\n<p><!--more--><\/p>\n<h4>Weitere Informationen :<\/h4>\n<ul>\n<li><strong>Verpackung<\/strong>: Packung mit 100 St\u00fcck<\/li>\n<li><strong>Abmessungen<\/strong>: 155 x 49 x 33 ( L x B x H in mm)<\/li>\n<li><strong>Material<\/strong>: Polyethylen-Terephthalat (PET)<\/li>\n<li><strong>Nutzung<\/strong>: Kalt<\/li>\n<li><strong>Format<\/strong>: Aiguilette \/ Glatt<\/li>\n<li><strong>Betriebstemperatur<\/strong>: -40\u00b0C\/+70\u00b0C<\/li>\n<\/ul>\n<p>&nbsp;<\/p>\n<p><!--more--><\/p>\n<p>Das Produkt ist in verschiedenen Formaten erh\u00e4ltlich: <span style=\"color: #d12727;\"><a style=\"color: #d12727;\" href=\"https:\/\/www.csj-emballages.com\/es\/produit\/150-moldes-ovalados-para-aspic-70-ml\/\">Oval<\/a><\/span> \/ <span style=\"color: #d12727;\"><a style=\"color: #d12727;\" href=\"https:\/\/www.csj-emballages.com\/es\/produit\/250-moldes-de-aspic-medallon-70-ml\/\">Medaillon<\/a><\/span> \/ <span style=\"color: #d12727;\"><a style=\"color: #d12727;\" href=\"https:\/\/www.csj-emballages.com\/produit\/250-moules-plastiques-cornet-a-jambon-en-gelee\/\">Cornet<\/a><\/span><\/p>\n<p>&nbsp;<\/p>\n<p><!--more--><\/p>\n<p><a href=\"https:\/\/www.csj-emballages.com\/de\/categorie-produit\/lebensmittelverpackungen\/metzgerei-und-feinkostgeschaft\/schalen-dosen-und-glaser\/schalen-dosen-glaser-fur-lebensmittel\/aspikformen\/\">Sehen Sie sich den Rest unseres Sortiments an Aspikformen an.<\/a><\/p>\n","protected":false},"excerpt":{"rendered":"<p>Aspikform Beschreibung unserer Aspikform aus Plastik pro 100 St\u00fcck<\/p>\n","protected":false},"featured_media":220881,"template":"","meta":{"_acf_changed":false},"product_brand":[],"product_cat":[1137,1170,1513,2857],"product_tag":[],"class_list":{"0":"post-21967","1":"product","2":"type-product","3":"status-publish","4":"has-post-thumbnail","6":"product_cat-lebensmittelverpackungen","7":"product_cat-metzgerei-und-feinkostgeschaft","8":"product_cat-schalen-dosen-glaser-fur-lebensmittel","9":"product_cat-aspikformen","11":"first","12":"instock","13":"taxable","14":"shipping-taxable","15":"purchasable","16":"product-type-simple"},"acf":[],"yoast_head":"<!-- This site is optimized with the Yoast SEO Premium plugin v26.6 (Yoast SEO v26.6) - https:\/\/yoast.com\/wordpress\/plugins\/seo\/ -->\n<title>Form f\u00fcr Aspik Aiguilette Kunststoff pro 100<\/title>\n<meta name=\"description\" content=\"Aiguillette-Aspikform aus Kunststoff, 100 St\u00fcck \u2013 Ideal f\u00fcr Caterer und Privatpersonen. Gleichm\u00e4\u00dfige Portionen, leichtes Entformen, hygienisch und praktisch.\" \/>\n<meta name=\"robots\" content=\"index, follow, max-snippet:-1, max-image-preview:large, max-video-preview:-1\" \/>\n<link rel=\"canonical\" href=\"https:\/\/www.csj-emballages.com\/de\/produit\/100-gelee-nadelformen-aus-kunststoff\/\" \/>\n<meta property=\"og:locale\" content=\"de_DE\" \/>\n<meta property=\"og:type\" content=\"article\" \/>\n<meta property=\"og:title\" content=\"Form f\u00fcr Aspik Nadel Kunststoff pro 100\" \/>\n<meta property=\"og:description\" content=\"Aiguillette-Aspikform aus Kunststoff, 100 St\u00fcck \u2013 Ideal f\u00fcr Caterer und Privatpersonen. Gleichm\u00e4\u00dfige Portionen, leichtes Entformen, hygienisch und praktisch.\" \/>\n<meta property=\"og:url\" content=\"https:\/\/www.csj-emballages.com\/de\/produit\/100-gelee-nadelformen-aus-kunststoff\/\" \/>\n<meta property=\"og:site_name\" content=\"CSJ Emballages\" \/>\n<meta property=\"article:publisher\" content=\"https:\/\/www.facebook.com\/csjemballages\" \/>\n<meta property=\"article:modified_time\" content=\"2026-04-18T00:15:15+00:00\" \/>\n<meta property=\"og:image\" content=\"https:\/\/www.csj-emballages.com\/wp-content\/uploads\/2024\/03\/Moule-aspic-aiguillette.webp\" \/>\n\t<meta property=\"og:image:width\" content=\"800\" \/>\n\t<meta property=\"og:image:height\" content=\"800\" \/>\n\t<meta property=\"og:image:type\" content=\"image\/webp\" \/>\n<meta name=\"twitter:card\" content=\"summary_large_image\" \/>\n<meta name=\"twitter:label1\" content=\"Gesch\u00e4tzte Lesezeit\" \/>\n\t<meta name=\"twitter:data1\" content=\"1\u00a0Minute\" \/>\n<script type=\"application\/ld+json\" class=\"yoast-schema-graph\">{\"@context\":\"https:\/\/schema.org\",\"@graph\":[{\"@type\":\"WebPage\",\"@id\":\"https:\/\/www.csj-emballages.com\/de\/produit\/100-gelee-nadelformen-aus-kunststoff\/\",\"url\":\"https:\/\/www.csj-emballages.com\/de\/produit\/100-gelee-nadelformen-aus-kunststoff\/\",\"name\":\"Form f\u00fcr Aspik Aiguilette Kunststoff pro 100\",\"isPartOf\":{\"@id\":\"https:\/\/www.csj-emballages.com\/de\/#website\"},\"primaryImageOfPage\":{\"@id\":\"https:\/\/www.csj-emballages.com\/de\/produit\/100-gelee-nadelformen-aus-kunststoff\/#primaryimage\"},\"image\":{\"@id\":\"https:\/\/www.csj-emballages.com\/de\/produit\/100-gelee-nadelformen-aus-kunststoff\/#primaryimage\"},\"thumbnailUrl\":\"https:\/\/www.csj-emballages.com\/wp-content\/uploads\/2024\/03\/Moule-aspic-aiguillette.webp\",\"datePublished\":\"2024-03-01T15:51:50+00:00\",\"dateModified\":\"2026-04-18T00:15:15+00:00\",\"description\":\"Aiguillette-Aspikform aus Kunststoff, 100 St\u00fcck \u2013 Ideal f\u00fcr Caterer und Privatpersonen. Gleichm\u00e4\u00dfige Portionen, leichtes Entformen, hygienisch und praktisch.\",\"breadcrumb\":{\"@id\":\"https:\/\/www.csj-emballages.com\/de\/produit\/100-gelee-nadelformen-aus-kunststoff\/#breadcrumb\"},\"inLanguage\":\"de\",\"potentialAction\":[{\"@type\":\"ReadAction\",\"target\":[\"https:\/\/www.csj-emballages.com\/de\/produit\/100-gelee-nadelformen-aus-kunststoff\/\"]}]},{\"@type\":\"ImageObject\",\"inLanguage\":\"de\",\"@id\":\"https:\/\/www.csj-emballages.com\/de\/produit\/100-gelee-nadelformen-aus-kunststoff\/#primaryimage\",\"url\":\"https:\/\/www.csj-emballages.com\/wp-content\/uploads\/2024\/03\/Moule-aspic-aiguillette.webp\",\"contentUrl\":\"https:\/\/www.csj-emballages.com\/wp-content\/uploads\/2024\/03\/Moule-aspic-aiguillette.webp\",\"width\":800,\"height\":800,\"caption\":\"Moule \u00e0 aspic\"},{\"@type\":\"BreadcrumbList\",\"@id\":\"https:\/\/www.csj-emballages.com\/de\/produit\/100-gelee-nadelformen-aus-kunststoff\/#breadcrumb\",\"itemListElement\":[{\"@type\":\"ListItem\",\"position\":1,\"name\":\"Accueil\",\"item\":\"https:\/\/www.csj-emballages.com\/de\/universum-lebensmittelverpackungen\/\"},{\"@type\":\"ListItem\",\"position\":2,\"name\":\"Shop\",\"item\":\"https:\/\/www.csj-emballages.com\/shop\/\"},{\"@type\":\"ListItem\",\"position\":3,\"name\":\"Form f\u00fcr Aspik Nadel Kunststoff pro 100\"}]},{\"@type\":\"WebSite\",\"@id\":\"https:\/\/www.csj-emballages.com\/de\/#website\",\"url\":\"https:\/\/www.csj-emballages.com\/de\/\",\"name\":\"CSJ Emballages\",\"description\":\"\",\"publisher\":{\"@id\":\"https:\/\/www.csj-emballages.com\/de\/#organization\"},\"potentialAction\":[{\"@type\":\"SearchAction\",\"target\":{\"@type\":\"EntryPoint\",\"urlTemplate\":\"https:\/\/www.csj-emballages.com\/de\/?s={search_term_string}\"},\"query-input\":{\"@type\":\"PropertyValueSpecification\",\"valueRequired\":true,\"valueName\":\"search_term_string\"}}],\"inLanguage\":\"de\"},{\"@type\":\"Organization\",\"@id\":\"https:\/\/www.csj-emballages.com\/de\/#Organization\/\",\"name\":\"CSJ Emballages\",\"url\":\"https:\/\/www.csj-emballages.com\/de\/\",\"logo\":{\"@type\":\"ImageObject\",\"inLanguage\":\"de\",\"@id\":\"https:\/\/www.csj-emballages.com\/de\/#\/schema\/logo\/image\/\",\"url\":\"https:\/\/www.csj-emballages.com\/wp-content\/uploads\/2023\/10\/logo_csj.webp\",\"contentUrl\":\"https:\/\/www.csj-emballages.com\/wp-content\/uploads\/2023\/10\/logo_csj.webp\",\"width\":250,\"height\":95,\"caption\":\"CSJ Emballages\"},\"image\":{\"@id\":\"https:\/\/www.csj-emballages.com\/de\/#\/schema\/logo\/image\/\"},\"sameAs\":[\"https:\/\/www.facebook.com\/csjemballages\"],\"address\":{\"@type\":\"PostalAddress\",\"streetAddress\":\"ZI La Lechere\",\"addressLocality\":\"Patornay\",\"postalCode\":\"39130\",\"addressCountry\":\"FR\"},\"contactPoint\":[{\"@type\":\"ContactPoint\",\"contactType\":\"Service client\",\"telephone\":\"0384254272\",\"email\":\"contact@csj-emballages.com\"}]}]}<\/script>\n<!-- \/ Yoast SEO Premium plugin. -->","yoast_head_json":{"title":"Form f\u00fcr Aspik Aiguilette Kunststoff pro 100","description":"Aiguillette-Aspikform aus Kunststoff, 100 St\u00fcck \u2013 Ideal f\u00fcr Caterer und Privatpersonen. Gleichm\u00e4\u00dfige Portionen, leichtes Entformen, hygienisch und praktisch.","robots":{"index":"index","follow":"follow","max-snippet":"max-snippet:-1","max-image-preview":"max-image-preview:large","max-video-preview":"max-video-preview:-1"},"canonical":"https:\/\/www.csj-emballages.com\/de\/produit\/100-gelee-nadelformen-aus-kunststoff\/","og_locale":"de_DE","og_type":"article","og_title":"Form f\u00fcr Aspik Nadel Kunststoff pro 100","og_description":"Aiguillette-Aspikform aus Kunststoff, 100 St\u00fcck \u2013 Ideal f\u00fcr Caterer und Privatpersonen. Gleichm\u00e4\u00dfige Portionen, leichtes Entformen, hygienisch und praktisch.","og_url":"https:\/\/www.csj-emballages.com\/de\/produit\/100-gelee-nadelformen-aus-kunststoff\/","og_site_name":"CSJ Emballages","article_publisher":"https:\/\/www.facebook.com\/csjemballages","article_modified_time":"2026-04-18T00:15:15+00:00","og_image":[{"width":800,"height":800,"url":"https:\/\/www.csj-emballages.com\/wp-content\/uploads\/2024\/03\/Moule-aspic-aiguillette.webp","type":"image\/webp"}],"twitter_card":"summary_large_image","twitter_misc":{"Gesch\u00e4tzte Lesezeit":"1\u00a0Minute"},"schema":{"@context":"https:\/\/schema.org","@graph":[{"@type":"WebPage","@id":"https:\/\/www.csj-emballages.com\/de\/produit\/100-gelee-nadelformen-aus-kunststoff\/","url":"https:\/\/www.csj-emballages.com\/de\/produit\/100-gelee-nadelformen-aus-kunststoff\/","name":"Form f\u00fcr Aspik Aiguilette Kunststoff pro 100","isPartOf":{"@id":"https:\/\/www.csj-emballages.com\/de\/#website"},"primaryImageOfPage":{"@id":"https:\/\/www.csj-emballages.com\/de\/produit\/100-gelee-nadelformen-aus-kunststoff\/#primaryimage"},"image":{"@id":"https:\/\/www.csj-emballages.com\/de\/produit\/100-gelee-nadelformen-aus-kunststoff\/#primaryimage"},"thumbnailUrl":"https:\/\/www.csj-emballages.com\/wp-content\/uploads\/2024\/03\/Moule-aspic-aiguillette.webp","datePublished":"2024-03-01T15:51:50+00:00","dateModified":"2026-04-18T00:15:15+00:00","description":"Aiguillette-Aspikform aus Kunststoff, 100 St\u00fcck \u2013 Ideal f\u00fcr Caterer und Privatpersonen. Gleichm\u00e4\u00dfige Portionen, leichtes Entformen, hygienisch und praktisch.","breadcrumb":{"@id":"https:\/\/www.csj-emballages.com\/de\/produit\/100-gelee-nadelformen-aus-kunststoff\/#breadcrumb"},"inLanguage":"de","potentialAction":[{"@type":"ReadAction","target":["https:\/\/www.csj-emballages.com\/de\/produit\/100-gelee-nadelformen-aus-kunststoff\/"]}]},{"@type":"ImageObject","inLanguage":"de","@id":"https:\/\/www.csj-emballages.com\/de\/produit\/100-gelee-nadelformen-aus-kunststoff\/#primaryimage","url":"https:\/\/www.csj-emballages.com\/wp-content\/uploads\/2024\/03\/Moule-aspic-aiguillette.webp","contentUrl":"https:\/\/www.csj-emballages.com\/wp-content\/uploads\/2024\/03\/Moule-aspic-aiguillette.webp","width":800,"height":800,"caption":"Moule \u00e0 aspic"},{"@type":"BreadcrumbList","@id":"https:\/\/www.csj-emballages.com\/de\/produit\/100-gelee-nadelformen-aus-kunststoff\/#breadcrumb","itemListElement":[{"@type":"ListItem","position":1,"name":"Accueil","item":"https:\/\/www.csj-emballages.com\/de\/universum-lebensmittelverpackungen\/"},{"@type":"ListItem","position":2,"name":"Shop","item":"https:\/\/www.csj-emballages.com\/shop\/"},{"@type":"ListItem","position":3,"name":"Form f\u00fcr Aspik Nadel Kunststoff pro 100"}]},{"@type":"WebSite","@id":"https:\/\/www.csj-emballages.com\/de\/#website","url":"https:\/\/www.csj-emballages.com\/de\/","name":"CSJ Emballages","description":"","publisher":{"@id":"https:\/\/www.csj-emballages.com\/de\/#organization"},"potentialAction":[{"@type":"SearchAction","target":{"@type":"EntryPoint","urlTemplate":"https:\/\/www.csj-emballages.com\/de\/?s={search_term_string}"},"query-input":{"@type":"PropertyValueSpecification","valueRequired":true,"valueName":"search_term_string"}}],"inLanguage":"de"},{"@type":"Organization","@id":"https:\/\/www.csj-emballages.com\/de\/#Organization\/","name":"CSJ Emballages","url":"https:\/\/www.csj-emballages.com\/de\/","logo":{"@type":"ImageObject","inLanguage":"de","@id":"https:\/\/www.csj-emballages.com\/de\/#\/schema\/logo\/image\/","url":"https:\/\/www.csj-emballages.com\/wp-content\/uploads\/2023\/10\/logo_csj.webp","contentUrl":"https:\/\/www.csj-emballages.com\/wp-content\/uploads\/2023\/10\/logo_csj.webp","width":250,"height":95,"caption":"CSJ Emballages"},"image":{"@id":"https:\/\/www.csj-emballages.com\/de\/#\/schema\/logo\/image\/"},"sameAs":["https:\/\/www.facebook.com\/csjemballages"],"address":{"@type":"PostalAddress","streetAddress":"ZI La Lechere","addressLocality":"Patornay","postalCode":"39130","addressCountry":"FR"},"contactPoint":[{"@type":"ContactPoint","contactType":"Service client","telephone":"0384254272","email":"contact@csj-emballages.com"}]}]}},"df_price":10.8,"df_sale_price":"","df_regular_price":10.8,"df_image_link":"https:\/\/www.csj-emballages.com\/wp-content\/uploads\/2024\/03\/Moule-aspic-aiguillette-300x300.webp","tiered_pricing_type":"fixed","tiered_pricing_fixed_rules":[],"tiered_pricing_percentage_rules":[],"tiered_pricing_minimum":1,"tiered_pricing_roles_data":[],"_links":{"self":[{"href":"https:\/\/www.csj-emballages.com\/de\/wp-json\/wp\/v2\/product\/21967","targetHints":{"allow":["GET"]}}],"collection":[{"href":"https:\/\/www.csj-emballages.com\/de\/wp-json\/wp\/v2\/product"}],"about":[{"href":"https:\/\/www.csj-emballages.com\/de\/wp-json\/wp\/v2\/types\/product"}],"wp:featuredmedia":[{"embeddable":true,"href":"https:\/\/www.csj-emballages.com\/de\/wp-json\/wp\/v2\/media\/220881"}],"wp:attachment":[{"href":"https:\/\/www.csj-emballages.com\/de\/wp-json\/wp\/v2\/media?parent=21967"}],"wp:term":[{"taxonomy":"product_brand","embeddable":true,"href":"https:\/\/www.csj-emballages.com\/de\/wp-json\/wp\/v2\/product_brand?post=21967"},{"taxonomy":"product_cat","embeddable":true,"href":"https:\/\/www.csj-emballages.com\/de\/wp-json\/wp\/v2\/product_cat?post=21967"},{"taxonomy":"product_tag","embeddable":true,"href":"https:\/\/www.csj-emballages.com\/de\/wp-json\/wp\/v2\/product_tag?post=21967"}],"curies":[{"name":"wp","href":"https:\/\/api.w.org\/{rel}","templated":true}]}}