{"id":21961,"date":"2024-03-01T16:51:49","date_gmt":"2024-03-01T15:51:49","guid":{"rendered":"https:\/\/u15jnbdpoq.preview.infomaniak.website\/produit\/25-dosen-mit-deckel-2-faecher-mikrowelle-schwarz-900-ml\/"},"modified":"2024-07-12T10:17:00","modified_gmt":"2024-07-12T08:17:00","slug":"25-dosen-mit-deckel-2-faecher-mikrowelle-schwarz-900-ml","status":"publish","type":"product","link":"https:\/\/www.csj-emballages.com\/de\/produit\/25-dosen-mit-deckel-2-faecher-mikrowelle-schwarz-900-ml\/","title":{"rendered":"25 Dosen mit Deckel 2 F\u00e4cher Mikrowelle schwarz 900 ml"},"content":{"rendered":"<h2 style=\"font-family: Roboto, sans-serif\"><span style=\"text-indent: 0pt;font-weight: bold;text-decoration: underline\">Schwarze 900 ml Mikrowellen-Dosen mit 2 F\u00e4chern<\/span><\/h2>\n<p><span style=\"font-family: Roboto, sans-serif\"><\/span><\/p>\n<p style=\"margin: 0pt;font-family: Roboto, sans-serif\"><span style=\"font-weight: bold;text-decoration: underline\">\t\t\t\t<span>Beschreibung :<\/span><\/span><\/p>\n<p style=\"margin: 0pt;font-family: Roboto, sans-serif\"><span>&nbsp;<\/span><\/p>\n<h3 style=\"font-family: Roboto, sans-serif\"><span style=\"font-weight: bold\">Entdecken Sie unsere 900-ml-Mikrowellendosen f\u00fcr den warmen Gebrauch<\/span><\/h3>\n<p><span style=\"font-family: Roboto, sans-serif\"><\/span><\/p>\n<p style=\"margin: 0pt;font-family: Roboto, sans-serif\"><span>&nbsp;<\/span><\/p>\n<p style=\"margin: 0pt;font-family: Roboto, sans-serif\"><span>Die schwarzen MARMIPACK Feinkostdosen werden bevorzugt von Feinkosth\u00e4ndlern, aber auch von Take-away-Profis, Snacks und Restaurants verwendet.&nbsp;<\/span><\/p>\n<p style=\"margin: 0pt;font-family: Roboto, sans-serif\"><span>In den Catering-Boxen k\u00f6nnen Sie warme Speisen aufbewahren.<\/span><\/p>\n<p style=\"margin: 0pt;font-family: Roboto, sans-serif\"><span>&nbsp;<\/span><\/p>\n<p style=\"margin: 0pt;font-family: Roboto, sans-serif\"><span style=\"font-weight: bold\">Diese Boxen haben mehrere Vorteile:<\/span><\/p>\n<p style=\"margin: 0pt;font-family: Roboto, sans-serif\"><span>&nbsp;<\/span><\/p>\n<p style=\"margin: 0pt;font-family: Roboto, sans-serif\"><span>Sie erm\u00f6glichen einen sicheren Transport dank ihrer perfekten Abdichtung durch den Doppelringverschluss, aber auch ihrer Widerstandsf\u00e4higkeit, Benutzerfreundlichkeit, Qualit\u00e4t und einer breiten Palette von Schalen.<\/span><\/p>\n<p style=\"margin: 0pt;font-family: Roboto, sans-serif\"><span>Erh\u00e4ltlich unter&nbsp;<span style=\"font-weight: bold\">500 ml \/ 900 ml \/ 1000 ml \/ 900 ml 2 F\u00e4cher<\/span><\/span><\/p>\n<p style=\"margin: 0pt;font-family: Roboto, sans-serif\">  *<span> Mikrowellengeeignet <\/span>Sehen Sie sich den Rest unseres Sortiments an MARMIPACK Warmhalteboxen an.<\/p>\n<p style=\"margin: 0pt;font-family: Roboto, sans-serif\"><span>\t\t<\/span><\/p>\n<p style=\"margin: 0pt;font-family: Roboto, sans-serif\"><span>&nbsp;<\/span><\/p>\n<h3 style=\"font-family: Roboto, sans-serif\"><span style=\"font-weight: bold;text-decoration: underline\">Eigenschaften von Einweg-Mikrowellendosen :<\/span><\/h3>\n<p><span style=\"font-family: Roboto, sans-serif\"><\/span><\/p>\n<p style=\"margin: 0pt;font-family: Roboto, sans-serif\"><span>&nbsp;<\/span><\/p>\n<ul style=\"font-family: Roboto, sans-serif\">\n<li><span>Verkauft an Privatpersonen \/ Fachleute<\/span><\/li>\n<li><span style=\"font-style: italic;text-decoration: underline\">Betriebstemperatur: -20\u00b0C\/+120\u00b0C<\/span><\/li>\n<li><span><span style=\"font-weight: bold;text-decoration: underline\">Volumen<\/span>&nbsp;: 900 ml<\/span><\/li>\n<li><span><span style=\"font-weight: bold;text-decoration: underline\">Farbe<\/span>&nbsp;: Schwarz<\/span><\/li>\n<li><span><span style=\"font-weight: bold;text-decoration: underline\">Abmessungen<\/span>&nbsp;: 254 x 187 x 68 (L x B x H in mm)<\/span><\/li>\n<li><span><span style=\"font-weight: bold;text-decoration: underline\">Verpackung<\/span>&nbsp;: Packung mit 25 Schalen und Deckeln<\/span><\/li>\n<li><span><span style=\"font-weight: bold;text-decoration: underline\">Material<\/span>&nbsp;: Polypropylen<\/span><\/li>\n<\/ul>\n<p style=\"margin: 0pt;font-family: Roboto, sans-serif\"><span>&nbsp;<\/span><\/p>\n<h2 style=\"font-family: Roboto, sans-serif\"><span style=\"font-weight: bold\">Entscheiden Sie sich jetzt f\u00fcr Qualit\u00e4tsschalen von MARMIPACK!<\/span><\/h2>\n","protected":false},"excerpt":{"rendered":"<p>Schwarze 900 ml Mikrowellen-Dosen mit 2 F\u00e4chern Beschreibung : &nbsp; Entdecken Sie unsere 900-ml-Mikrowellendosen f\u00fcr den warmen Gebrauch &nbsp; Die schwarzen MARMIPACK Feinkostdosen werden bevorzugt von Feinkosth\u00e4ndlern, aber auch von Take-away-Profis, Snacks und Restaurants verwendet.&nbsp; In den Catering-Boxen k\u00f6nnen Sie warme Speisen aufbewahren. &nbsp; Diese Boxen haben mehrere Vorteile: &nbsp; Sie erm\u00f6glichen einen sicheren Transport [&hellip;]<\/p>\n","protected":false},"featured_media":7971,"template":"","meta":{"_acf_changed":false},"product_brand":[],"product_cat":[1170,1513,2854],"product_tag":[],"class_list":{"0":"post-21961","1":"product","2":"type-product","3":"status-publish","4":"has-post-thumbnail","6":"product_cat-metzgerei-und-feinkostgeschaft","7":"product_cat-schalen-dosen-glaser-fur-lebensmittel","8":"product_cat-schwarze-feinkostdosen-marmipack","10":"first","11":"instock","12":"taxable","13":"shipping-taxable","14":"purchasable","15":"product-type-simple"},"acf":[],"yoast_head":"<!-- This site is optimized with the Yoast SEO Premium plugin v26.6 (Yoast SEO v26.6) - https:\/\/yoast.com\/wordpress\/plugins\/seo\/ -->\n<title>25 Mikrowellendosen mit Deckel 2 Abteilungen 1000 ml \/ csj-emballages.com<\/title>\n<meta name=\"description\" content=\"Kaufen Sie Beutel Mikrowellenbox mit Deckel 1000ml 2 F\u00e4cher! Wir bieten Ihnen robuste, qualitativ hochwertige Mikrowellenboxen zu Discountpreisen an.\" \/>\n<meta name=\"robots\" content=\"index, follow, max-snippet:-1, max-image-preview:large, max-video-preview:-1\" \/>\n<link rel=\"canonical\" href=\"https:\/\/www.csj-emballages.com\/de\/produit\/25-dosen-mit-deckel-2-faecher-mikrowelle-schwarz-900-ml\/\" \/>\n<meta property=\"og:locale\" content=\"de_DE\" \/>\n<meta property=\"og:type\" content=\"article\" \/>\n<meta property=\"og:title\" content=\"25 Dosen mit Deckel 2 F\u00e4cher Mikrowelle schwarz 900 ml\" \/>\n<meta property=\"og:description\" content=\"Kaufen Sie Beutel Mikrowellenbox mit Deckel 1000ml 2 F\u00e4cher! Wir bieten Ihnen robuste, qualitativ hochwertige Mikrowellenboxen zu Discountpreisen an.\" \/>\n<meta property=\"og:url\" content=\"https:\/\/www.csj-emballages.com\/de\/produit\/25-dosen-mit-deckel-2-faecher-mikrowelle-schwarz-900-ml\/\" \/>\n<meta property=\"og:site_name\" content=\"CSJ Emballages\" \/>\n<meta property=\"article:publisher\" content=\"https:\/\/www.facebook.com\/csjemballages\" \/>\n<meta property=\"article:modified_time\" content=\"2024-07-12T08:17:00+00:00\" \/>\n<meta property=\"og:image\" content=\"https:\/\/www.csj-emballages.com\/wp-content\/uploads\/2024\/03\/marmipack-barquette-noir-plastique-2-compartiments-grossiste-emballages-csj--jpg.webp\" \/>\n\t<meta property=\"og:image:width\" content=\"500\" \/>\n\t<meta property=\"og:image:height\" content=\"500\" \/>\n\t<meta property=\"og:image:type\" content=\"image\/jpeg\" \/>\n<meta name=\"twitter:card\" content=\"summary_large_image\" \/>\n<meta name=\"twitter:label1\" content=\"Gesch\u00e4tzte Lesezeit\" \/>\n\t<meta name=\"twitter:data1\" content=\"1\u00a0Minute\" \/>\n<script type=\"application\/ld+json\" class=\"yoast-schema-graph\">{\"@context\":\"https:\/\/schema.org\",\"@graph\":[{\"@type\":\"WebPage\",\"@id\":\"https:\/\/www.csj-emballages.com\/de\/produit\/25-dosen-mit-deckel-2-faecher-mikrowelle-schwarz-900-ml\/\",\"url\":\"https:\/\/www.csj-emballages.com\/de\/produit\/25-dosen-mit-deckel-2-faecher-mikrowelle-schwarz-900-ml\/\",\"name\":\"25 Mikrowellendosen mit Deckel 2 Abteilungen 1000 ml \/ csj-emballages.com\",\"isPartOf\":{\"@id\":\"https:\/\/www.csj-emballages.com\/de\/#website\"},\"primaryImageOfPage\":{\"@id\":\"https:\/\/www.csj-emballages.com\/de\/produit\/25-dosen-mit-deckel-2-faecher-mikrowelle-schwarz-900-ml\/#primaryimage\"},\"image\":{\"@id\":\"https:\/\/www.csj-emballages.com\/de\/produit\/25-dosen-mit-deckel-2-faecher-mikrowelle-schwarz-900-ml\/#primaryimage\"},\"thumbnailUrl\":\"https:\/\/www.csj-emballages.com\/wp-content\/uploads\/2024\/03\/marmipack-barquette-noir-plastique-2-compartiments-grossiste-emballages-csj--jpg.webp\",\"datePublished\":\"2024-03-01T15:51:49+00:00\",\"dateModified\":\"2024-07-12T08:17:00+00:00\",\"description\":\"Kaufen Sie Beutel Mikrowellenbox mit Deckel 1000ml 2 F\u00e4cher! Wir bieten Ihnen robuste, qualitativ hochwertige Mikrowellenboxen zu Discountpreisen an.\",\"breadcrumb\":{\"@id\":\"https:\/\/www.csj-emballages.com\/de\/produit\/25-dosen-mit-deckel-2-faecher-mikrowelle-schwarz-900-ml\/#breadcrumb\"},\"inLanguage\":\"de\",\"potentialAction\":[{\"@type\":\"ReadAction\",\"target\":[\"https:\/\/www.csj-emballages.com\/de\/produit\/25-dosen-mit-deckel-2-faecher-mikrowelle-schwarz-900-ml\/\"]}]},{\"@type\":\"ImageObject\",\"inLanguage\":\"de\",\"@id\":\"https:\/\/www.csj-emballages.com\/de\/produit\/25-dosen-mit-deckel-2-faecher-mikrowelle-schwarz-900-ml\/#primaryimage\",\"url\":\"https:\/\/www.csj-emballages.com\/wp-content\/uploads\/2024\/03\/marmipack-barquette-noir-plastique-2-compartiments-grossiste-emballages-csj--jpg.webp\",\"contentUrl\":\"https:\/\/www.csj-emballages.com\/wp-content\/uploads\/2024\/03\/marmipack-barquette-noir-plastique-2-compartiments-grossiste-emballages-csj--jpg.webp\",\"width\":500,\"height\":500},{\"@type\":\"BreadcrumbList\",\"@id\":\"https:\/\/www.csj-emballages.com\/de\/produit\/25-dosen-mit-deckel-2-faecher-mikrowelle-schwarz-900-ml\/#breadcrumb\",\"itemListElement\":[{\"@type\":\"ListItem\",\"position\":1,\"name\":\"Accueil\",\"item\":\"https:\/\/www.csj-emballages.com\/de\/universum-lebensmittelverpackungen\/\"},{\"@type\":\"ListItem\",\"position\":2,\"name\":\"Shop\",\"item\":\"https:\/\/www.csj-emballages.com\/shop\/\"},{\"@type\":\"ListItem\",\"position\":3,\"name\":\"25 Dosen mit Deckel 2 F\u00e4cher Mikrowelle schwarz 900 ml\"}]},{\"@type\":\"WebSite\",\"@id\":\"https:\/\/www.csj-emballages.com\/de\/#website\",\"url\":\"https:\/\/www.csj-emballages.com\/de\/\",\"name\":\"CSJ Emballages\",\"description\":\"\",\"publisher\":{\"@id\":\"https:\/\/www.csj-emballages.com\/de\/#organization\"},\"potentialAction\":[{\"@type\":\"SearchAction\",\"target\":{\"@type\":\"EntryPoint\",\"urlTemplate\":\"https:\/\/www.csj-emballages.com\/de\/?s={search_term_string}\"},\"query-input\":{\"@type\":\"PropertyValueSpecification\",\"valueRequired\":true,\"valueName\":\"search_term_string\"}}],\"inLanguage\":\"de\"},{\"@type\":\"Organization\",\"@id\":\"https:\/\/www.csj-emballages.com\/de\/#Organization\/\",\"name\":\"CSJ Emballages\",\"url\":\"https:\/\/www.csj-emballages.com\/de\/\",\"logo\":{\"@type\":\"ImageObject\",\"inLanguage\":\"de\",\"@id\":\"https:\/\/www.csj-emballages.com\/de\/#\/schema\/logo\/image\/\",\"url\":\"https:\/\/www.csj-emballages.com\/wp-content\/uploads\/2023\/10\/logo_csj.webp\",\"contentUrl\":\"https:\/\/www.csj-emballages.com\/wp-content\/uploads\/2023\/10\/logo_csj.webp\",\"width\":250,\"height\":95,\"caption\":\"CSJ Emballages\"},\"image\":{\"@id\":\"https:\/\/www.csj-emballages.com\/de\/#\/schema\/logo\/image\/\"},\"sameAs\":[\"https:\/\/www.facebook.com\/csjemballages\"],\"address\":{\"@type\":\"PostalAddress\",\"streetAddress\":\"ZI La Lechere\",\"addressLocality\":\"Patornay\",\"postalCode\":\"39130\",\"addressCountry\":\"FR\"},\"contactPoint\":[{\"@type\":\"ContactPoint\",\"contactType\":\"Service client\",\"telephone\":\"0384254272\",\"email\":\"contact@csj-emballages.com\"}]}]}<\/script>\n<!-- \/ Yoast SEO Premium plugin. -->","yoast_head_json":{"title":"25 Mikrowellendosen mit Deckel 2 Abteilungen 1000 ml \/ csj-emballages.com","description":"Kaufen Sie Beutel Mikrowellenbox mit Deckel 1000ml 2 F\u00e4cher! Wir bieten Ihnen robuste, qualitativ hochwertige Mikrowellenboxen zu Discountpreisen an.","robots":{"index":"index","follow":"follow","max-snippet":"max-snippet:-1","max-image-preview":"max-image-preview:large","max-video-preview":"max-video-preview:-1"},"canonical":"https:\/\/www.csj-emballages.com\/de\/produit\/25-dosen-mit-deckel-2-faecher-mikrowelle-schwarz-900-ml\/","og_locale":"de_DE","og_type":"article","og_title":"25 Dosen mit Deckel 2 F\u00e4cher Mikrowelle schwarz 900 ml","og_description":"Kaufen Sie Beutel Mikrowellenbox mit Deckel 1000ml 2 F\u00e4cher! Wir bieten Ihnen robuste, qualitativ hochwertige Mikrowellenboxen zu Discountpreisen an.","og_url":"https:\/\/www.csj-emballages.com\/de\/produit\/25-dosen-mit-deckel-2-faecher-mikrowelle-schwarz-900-ml\/","og_site_name":"CSJ Emballages","article_publisher":"https:\/\/www.facebook.com\/csjemballages","article_modified_time":"2024-07-12T08:17:00+00:00","og_image":[{"width":500,"height":500,"url":"https:\/\/www.csj-emballages.com\/wp-content\/uploads\/2024\/03\/marmipack-barquette-noir-plastique-2-compartiments-grossiste-emballages-csj--jpg.webp","type":"image\/jpeg"}],"twitter_card":"summary_large_image","twitter_misc":{"Gesch\u00e4tzte Lesezeit":"1\u00a0Minute"},"schema":{"@context":"https:\/\/schema.org","@graph":[{"@type":"WebPage","@id":"https:\/\/www.csj-emballages.com\/de\/produit\/25-dosen-mit-deckel-2-faecher-mikrowelle-schwarz-900-ml\/","url":"https:\/\/www.csj-emballages.com\/de\/produit\/25-dosen-mit-deckel-2-faecher-mikrowelle-schwarz-900-ml\/","name":"25 Mikrowellendosen mit Deckel 2 Abteilungen 1000 ml \/ csj-emballages.com","isPartOf":{"@id":"https:\/\/www.csj-emballages.com\/de\/#website"},"primaryImageOfPage":{"@id":"https:\/\/www.csj-emballages.com\/de\/produit\/25-dosen-mit-deckel-2-faecher-mikrowelle-schwarz-900-ml\/#primaryimage"},"image":{"@id":"https:\/\/www.csj-emballages.com\/de\/produit\/25-dosen-mit-deckel-2-faecher-mikrowelle-schwarz-900-ml\/#primaryimage"},"thumbnailUrl":"https:\/\/www.csj-emballages.com\/wp-content\/uploads\/2024\/03\/marmipack-barquette-noir-plastique-2-compartiments-grossiste-emballages-csj--jpg.webp","datePublished":"2024-03-01T15:51:49+00:00","dateModified":"2024-07-12T08:17:00+00:00","description":"Kaufen Sie Beutel Mikrowellenbox mit Deckel 1000ml 2 F\u00e4cher! Wir bieten Ihnen robuste, qualitativ hochwertige Mikrowellenboxen zu Discountpreisen an.","breadcrumb":{"@id":"https:\/\/www.csj-emballages.com\/de\/produit\/25-dosen-mit-deckel-2-faecher-mikrowelle-schwarz-900-ml\/#breadcrumb"},"inLanguage":"de","potentialAction":[{"@type":"ReadAction","target":["https:\/\/www.csj-emballages.com\/de\/produit\/25-dosen-mit-deckel-2-faecher-mikrowelle-schwarz-900-ml\/"]}]},{"@type":"ImageObject","inLanguage":"de","@id":"https:\/\/www.csj-emballages.com\/de\/produit\/25-dosen-mit-deckel-2-faecher-mikrowelle-schwarz-900-ml\/#primaryimage","url":"https:\/\/www.csj-emballages.com\/wp-content\/uploads\/2024\/03\/marmipack-barquette-noir-plastique-2-compartiments-grossiste-emballages-csj--jpg.webp","contentUrl":"https:\/\/www.csj-emballages.com\/wp-content\/uploads\/2024\/03\/marmipack-barquette-noir-plastique-2-compartiments-grossiste-emballages-csj--jpg.webp","width":500,"height":500},{"@type":"BreadcrumbList","@id":"https:\/\/www.csj-emballages.com\/de\/produit\/25-dosen-mit-deckel-2-faecher-mikrowelle-schwarz-900-ml\/#breadcrumb","itemListElement":[{"@type":"ListItem","position":1,"name":"Accueil","item":"https:\/\/www.csj-emballages.com\/de\/universum-lebensmittelverpackungen\/"},{"@type":"ListItem","position":2,"name":"Shop","item":"https:\/\/www.csj-emballages.com\/shop\/"},{"@type":"ListItem","position":3,"name":"25 Dosen mit Deckel 2 F\u00e4cher Mikrowelle schwarz 900 ml"}]},{"@type":"WebSite","@id":"https:\/\/www.csj-emballages.com\/de\/#website","url":"https:\/\/www.csj-emballages.com\/de\/","name":"CSJ Emballages","description":"","publisher":{"@id":"https:\/\/www.csj-emballages.com\/de\/#organization"},"potentialAction":[{"@type":"SearchAction","target":{"@type":"EntryPoint","urlTemplate":"https:\/\/www.csj-emballages.com\/de\/?s={search_term_string}"},"query-input":{"@type":"PropertyValueSpecification","valueRequired":true,"valueName":"search_term_string"}}],"inLanguage":"de"},{"@type":"Organization","@id":"https:\/\/www.csj-emballages.com\/de\/#Organization\/","name":"CSJ Emballages","url":"https:\/\/www.csj-emballages.com\/de\/","logo":{"@type":"ImageObject","inLanguage":"de","@id":"https:\/\/www.csj-emballages.com\/de\/#\/schema\/logo\/image\/","url":"https:\/\/www.csj-emballages.com\/wp-content\/uploads\/2023\/10\/logo_csj.webp","contentUrl":"https:\/\/www.csj-emballages.com\/wp-content\/uploads\/2023\/10\/logo_csj.webp","width":250,"height":95,"caption":"CSJ Emballages"},"image":{"@id":"https:\/\/www.csj-emballages.com\/de\/#\/schema\/logo\/image\/"},"sameAs":["https:\/\/www.facebook.com\/csjemballages"],"address":{"@type":"PostalAddress","streetAddress":"ZI La Lechere","addressLocality":"Patornay","postalCode":"39130","addressCountry":"FR"},"contactPoint":[{"@type":"ContactPoint","contactType":"Service client","telephone":"0384254272","email":"contact@csj-emballages.com"}]}]}},"df_price":20.15,"df_sale_price":"","df_regular_price":20.15,"df_image_link":"https:\/\/www.csj-emballages.com\/wp-content\/uploads\/2024\/03\/marmipack-barquette-noir-plastique-2-compartiments-grossiste-emballages-csj--300x300.webp","tiered_pricing_type":"fixed","tiered_pricing_fixed_rules":[],"tiered_pricing_percentage_rules":[],"tiered_pricing_minimum":1,"tiered_pricing_roles_data":[],"_links":{"self":[{"href":"https:\/\/www.csj-emballages.com\/de\/wp-json\/wp\/v2\/product\/21961","targetHints":{"allow":["GET"]}}],"collection":[{"href":"https:\/\/www.csj-emballages.com\/de\/wp-json\/wp\/v2\/product"}],"about":[{"href":"https:\/\/www.csj-emballages.com\/de\/wp-json\/wp\/v2\/types\/product"}],"wp:featuredmedia":[{"embeddable":true,"href":"https:\/\/www.csj-emballages.com\/de\/wp-json\/wp\/v2\/media\/7971"}],"wp:attachment":[{"href":"https:\/\/www.csj-emballages.com\/de\/wp-json\/wp\/v2\/media?parent=21961"}],"wp:term":[{"taxonomy":"product_brand","embeddable":true,"href":"https:\/\/www.csj-emballages.com\/de\/wp-json\/wp\/v2\/product_brand?post=21961"},{"taxonomy":"product_cat","embeddable":true,"href":"https:\/\/www.csj-emballages.com\/de\/wp-json\/wp\/v2\/product_cat?post=21961"},{"taxonomy":"product_tag","embeddable":true,"href":"https:\/\/www.csj-emballages.com\/de\/wp-json\/wp\/v2\/product_tag?post=21961"}],"curies":[{"name":"wp","href":"https:\/\/api.w.org\/{rel}","templated":true}]}}