{"id":21947,"date":"2024-03-01T16:51:53","date_gmt":"2024-03-01T15:51:53","guid":{"rendered":"https:\/\/u15jnbdpoq.preview.infomaniak.website\/produit\/240-tabletts-aus-kraftkarton-18-x-18-cm\/"},"modified":"2026-05-13T02:15:35","modified_gmt":"2026-05-13T00:15:35","slug":"240-tabletts-aus-kraftkarton-18-x-18-cm","status":"publish","type":"product","link":"https:\/\/www.csj-emballages.com\/de\/produit\/240-tabletts-aus-kraftkarton-18-x-18-cm\/","title":{"rendered":"Tablett aus Kraftkarton 18 x 18 cm pro 240 St\u00fcck"},"content":{"rendered":"<h2>Pappschalen<\/h2>\n<hr>\n<h3>Entdecken Sie unser Tablett aus Kraftkarton 18 x 18 cm pro 240 St\u00fcck<\/h3>\n<p><!--more--><\/p>\n<p>Das <strong>Tray aus Kraftkarton 18 x 18 cm<\/strong> geh\u00f6rt zu unserem <strong>Luxipack-Sortiment<\/strong>, das f\u00fcr Zweckm\u00e4\u00dfigkeit und Einfachheit steht. Es wurde speziell f\u00fcr die Bed\u00fcrfnisse von Fachleuten entwickelt und garantiert einen perfekten Transport und eine perfekte Pr\u00e4sentation Ihrer Produkte. Ideal f\u00fcr Konditoreien, Caterer und andere Lebensmittelgesch\u00e4fte, ist diese <strong>Kartonschale<\/strong> eine zuverl\u00e4ssige und \u00e4sthetische L\u00f6sung.  <\/p>\n<p>Es wurde aus <strong>Kraftmaterial<\/strong> hergestellt, das f\u00fcr seine St\u00e4rke und Haltbarkeit bekannt ist. Das quadratische Format von <strong>18 x 18<\/strong><strong> cm<\/strong> bietet eine Kapazit\u00e4t, die f\u00fcr viele Zwecke geeignet ist. Dar\u00fcber hinaus ist es vollst\u00e4ndig recycelbar, was einen Beitrag zum Umweltschutz leistet. Wenn Sie sich f\u00fcr die <strong>Luxipack-Produktreihe<\/strong> entscheiden, entscheiden Sie sich f\u00fcr eine Premium-Qualit\u00e4t und reduzieren gleichzeitig Ihre Umweltbelastung.   <\/p>\n<p>Mit seiner nat\u00fcrlichen <strong>Kraftfarbe<\/strong> passt sich das <strong>Tablett Vision<\/strong> perfekt an alle Ihre Pr\u00e4sentationen an. Es hebt Ihre kulinarischen Kreationen hervor und bleibt dabei diskret und raffiniert. Dieses <strong>Kartontablett<\/strong> ist eine ideale Option, um Ihre Produkte zu pr\u00e4sentieren und gleichzeitig ein professionelles Image zu vermitteln. Die <strong>Luxipack-Serie<\/strong> wurde entwickelt, um die Erwartungen der anspruchsvollsten Kunden zu erf\u00fcllen.   <\/p>\n<p>&nbsp;<\/p>\n<p><!--more--><\/p>\n<h4>Un\u00fcbertroffene Vielseitigkeit<\/h4>\n<p>Das <strong>Tablett vision<\/strong> eignet sich f\u00fcr eine Vielzahl von Anwendungen, von der Pr\u00e4sentation von Kuchen bis hin zu Essensplatten. Mit seinem eleganten Design eignet es sich hervorragend f\u00fcr gesch\u00e4ftliche Veranstaltungen oder f\u00fcr den Verkauf zum Mitnehmen. Dieses <strong>Kartontablett<\/strong> ist stapelbar, so dass es leicht zu verstauen und zu transportieren ist. Die <strong>Luxipack-Reihe<\/strong> bietet Ihnen somit optimale Funktionalit\u00e4t f\u00fcr alle Ihre Aktivit\u00e4ten.   <\/p>\n<p>Diese <strong>Kartonschale<\/strong> wird in Packungen zu <strong>240<\/strong> St\u00fcck verkauft und bietet ein ausgezeichnetes Preis-Leistungs-Verh\u00e4ltnis. Diese Gro\u00dfpackung erm\u00f6glicht es Ihnen, Ihre Best\u00e4nde effizient zu verwalten und Ihren Bedarf vorauszusehen. Dieses <strong>Tray aus Kraftkarton<\/strong> vereint alle Vorteile eines professionellen Produkts: St\u00e4rke, \u00c4sthetik und Umweltfreundlichkeit. Wenn Sie sich f\u00fcr die <strong>Luxipack-Serie<\/strong> entscheiden, w\u00e4hlen Sie ein zuverl\u00e4ssiges, wirtschaftliches und elegantes Produkt. Mit dem <strong>Vision Tray<\/strong> bringen Sie Ihre Kreationen zur Geltung und bieten gleichzeitig einen tadellosen Service.    <\/p>\n<p>&nbsp;<\/p>\n<p><!--more--><\/p>\n<p><strong><span style=\"color: #ff0000;\">*Bitte beachten Sie, dass diese Tabletts einzeln verkauft werden, nicht mit den dazugeh\u00f6rigen Deckeln.<\/span><\/strong><\/p>\n<p>&nbsp;<\/p>\n<p><!--more--><\/p>\n<h4>Die Vorteile :<\/h4>\n<ul>\n<li><strong>Vielseitigkeit<\/strong>: Ideal f\u00fcr verschiedene Zwecke wie Backwaren, Feinkostgerichte oder Mahlzeitentafeln.<\/li>\n<li><strong>Praktisches Format<\/strong>: Die Abmessungen von <strong>18 x 18 cm<\/strong> erm\u00f6glichen eine optimale Pr\u00e4sentation verschiedener Produkte.<\/li>\n<li><strong>Robustheit<\/strong>: Hergestellt aus starkem <strong>Kraftkarton<\/strong>, h\u00e4lt es h\u00e4ufigen Belastungen und Handhabungen stand.<\/li>\n<li><strong>Recycelbar<\/strong>: Aus umweltfreundlichem Material hergestellt, ist es Teil eines umweltbewussten Ansatzes.<\/li>\n<\/ul>\n<p>&nbsp;<\/p>\n<p><!--more--><\/p>\n<h4>Weitere Informationen :<\/h4>\n<ul>\n<li><strong>Verpackung<\/strong>: Packung mit 240 St\u00fcck<\/li>\n<li><strong>Material<\/strong>: Karton<\/li>\n<li><strong>Abmessungen<\/strong>: 180 x 180 x 22 mm<\/li>\n<\/ul>\n<p>&nbsp;<\/p>\n<p><!--more--><\/p>\n<p>Hier finden Sie die Deckel, die mit diesem Produkt kompatibel sind: <span style=\"color: #d12727;\"><a style=\"color: #d12727;\" href=\"https:\/\/www.csj-emballages.com\/produit\/240-cloches-cristal-180-x-180-x-65-mm\/\">180 x 180 x 65 mm<\/a><\/span> \/ <span style=\"color: #d12727;\"><a style=\"color: #d12727;\" href=\"https:\/\/www.csj-emballages.com\/produit\/240-cloches-cristal-180-x-180-x-85-mm\/\">180 x 180 x 85 mm<\/a><\/span><\/p>\n","protected":false},"excerpt":{"rendered":"<p>Pappschalen Entdecken Sie unser Tablett aus Kraftkarton 18 x 18 cm pro 240 St\u00fcck<\/p>\n","protected":false},"featured_media":200784,"template":"","meta":{"_acf_changed":false},"product_brand":[],"product_cat":[1137,1170,1344,2569,1171,1134,1347,2577],"product_tag":[],"class_list":{"0":"post-21947","1":"product","2":"type-product","3":"status-publish","4":"has-post-thumbnail","6":"product_cat-lebensmittelverpackungen","7":"product_cat-metzgerei-und-feinkostgeschaft","8":"product_cat-tabletts","9":"product_cat-tabletts-mit-visionen","10":"product_cat-backerei-und-konditorei","11":"product_cat-restauration-de","12":"product_cat-tabletts-de","13":"product_cat-tabletts-mit-visionen-de","15":"first","16":"instock","17":"taxable","18":"shipping-taxable","19":"purchasable","20":"product-type-simple"},"acf":[],"yoast_head":"<!-- This site is optimized with the Yoast SEO Premium plugin v26.6 (Yoast SEO v26.6) - https:\/\/yoast.com\/wordpress\/plugins\/seo\/ -->\n<title>Tablett Kraftkarton - 18 x 18 cm<\/title>\n<meta name=\"description\" content=\"Entdecken Sie unser Tablett aus Kraftkarton mit den Ma\u00dfen: 18 x 18 cm aus der Luxipack-Reihe: \u00e4sthetisch, robust, vielseitig und umweltfreundlich.\" \/>\n<meta name=\"robots\" content=\"index, follow, max-snippet:-1, max-image-preview:large, max-video-preview:-1\" \/>\n<link rel=\"canonical\" href=\"https:\/\/www.csj-emballages.com\/de\/produit\/240-tabletts-aus-kraftkarton-18-x-18-cm\/\" \/>\n<meta property=\"og:locale\" content=\"de_DE\" \/>\n<meta property=\"og:type\" content=\"article\" \/>\n<meta property=\"og:title\" content=\"Tablett aus Kraftkarton 18 x 18 cm pro 240 St\u00fcck\" \/>\n<meta property=\"og:description\" content=\"Entdecken Sie unser Tablett aus Kraftkarton mit den Ma\u00dfen: 18 x 18 cm aus der Luxipack-Reihe: \u00e4sthetisch, robust, vielseitig und umweltfreundlich.\" \/>\n<meta property=\"og:url\" content=\"https:\/\/www.csj-emballages.com\/de\/produit\/240-tabletts-aus-kraftkarton-18-x-18-cm\/\" \/>\n<meta property=\"og:site_name\" content=\"CSJ Emballages\" \/>\n<meta property=\"article:publisher\" content=\"https:\/\/www.facebook.com\/csjemballages\" \/>\n<meta property=\"article:modified_time\" content=\"2026-05-13T00:15:35+00:00\" \/>\n<meta property=\"og:image\" content=\"https:\/\/www.csj-emballages.com\/wp-content\/uploads\/2024\/03\/Plateau-luxipack-P.webp\" \/>\n\t<meta property=\"og:image:width\" content=\"800\" \/>\n\t<meta property=\"og:image:height\" content=\"799\" \/>\n\t<meta property=\"og:image:type\" content=\"image\/webp\" \/>\n<meta name=\"twitter:card\" content=\"summary_large_image\" \/>\n<meta name=\"twitter:label1\" content=\"Gesch\u00e4tzte Lesezeit\" \/>\n\t<meta name=\"twitter:data1\" content=\"2 Minuten\" \/>\n<script type=\"application\/ld+json\" class=\"yoast-schema-graph\">{\"@context\":\"https:\/\/schema.org\",\"@graph\":[{\"@type\":\"WebPage\",\"@id\":\"https:\/\/www.csj-emballages.com\/de\/produit\/240-tabletts-aus-kraftkarton-18-x-18-cm\/\",\"url\":\"https:\/\/www.csj-emballages.com\/de\/produit\/240-tabletts-aus-kraftkarton-18-x-18-cm\/\",\"name\":\"Tablett Kraftkarton - 18 x 18 cm\",\"isPartOf\":{\"@id\":\"https:\/\/www.csj-emballages.com\/de\/#website\"},\"primaryImageOfPage\":{\"@id\":\"https:\/\/www.csj-emballages.com\/de\/produit\/240-tabletts-aus-kraftkarton-18-x-18-cm\/#primaryimage\"},\"image\":{\"@id\":\"https:\/\/www.csj-emballages.com\/de\/produit\/240-tabletts-aus-kraftkarton-18-x-18-cm\/#primaryimage\"},\"thumbnailUrl\":\"https:\/\/www.csj-emballages.com\/wp-content\/uploads\/2024\/03\/Plateau-luxipack-P.webp\",\"datePublished\":\"2024-03-01T15:51:53+00:00\",\"dateModified\":\"2026-05-13T00:15:35+00:00\",\"description\":\"Entdecken Sie unser Tablett aus Kraftkarton mit den Ma\u00dfen: 18 x 18 cm aus der Luxipack-Reihe: \u00e4sthetisch, robust, vielseitig und umweltfreundlich.\",\"breadcrumb\":{\"@id\":\"https:\/\/www.csj-emballages.com\/de\/produit\/240-tabletts-aus-kraftkarton-18-x-18-cm\/#breadcrumb\"},\"inLanguage\":\"de\",\"potentialAction\":[{\"@type\":\"ReadAction\",\"target\":[\"https:\/\/www.csj-emballages.com\/de\/produit\/240-tabletts-aus-kraftkarton-18-x-18-cm\/\"]}]},{\"@type\":\"ImageObject\",\"inLanguage\":\"de\",\"@id\":\"https:\/\/www.csj-emballages.com\/de\/produit\/240-tabletts-aus-kraftkarton-18-x-18-cm\/#primaryimage\",\"url\":\"https:\/\/www.csj-emballages.com\/wp-content\/uploads\/2024\/03\/Plateau-luxipack-P.webp\",\"contentUrl\":\"https:\/\/www.csj-emballages.com\/wp-content\/uploads\/2024\/03\/Plateau-luxipack-P.webp\",\"width\":800,\"height\":799,\"caption\":\"Plateau carton\"},{\"@type\":\"BreadcrumbList\",\"@id\":\"https:\/\/www.csj-emballages.com\/de\/produit\/240-tabletts-aus-kraftkarton-18-x-18-cm\/#breadcrumb\",\"itemListElement\":[{\"@type\":\"ListItem\",\"position\":1,\"name\":\"Accueil\",\"item\":\"https:\/\/www.csj-emballages.com\/de\/universum-lebensmittelverpackungen\/\"},{\"@type\":\"ListItem\",\"position\":2,\"name\":\"Shop\",\"item\":\"https:\/\/www.csj-emballages.com\/shop\/\"},{\"@type\":\"ListItem\",\"position\":3,\"name\":\"Tablett aus Kraftkarton 18 x 18 cm pro 240 St\u00fcck\"}]},{\"@type\":\"WebSite\",\"@id\":\"https:\/\/www.csj-emballages.com\/de\/#website\",\"url\":\"https:\/\/www.csj-emballages.com\/de\/\",\"name\":\"CSJ Emballages\",\"description\":\"\",\"publisher\":{\"@id\":\"https:\/\/www.csj-emballages.com\/de\/#organization\"},\"potentialAction\":[{\"@type\":\"SearchAction\",\"target\":{\"@type\":\"EntryPoint\",\"urlTemplate\":\"https:\/\/www.csj-emballages.com\/de\/?s={search_term_string}\"},\"query-input\":{\"@type\":\"PropertyValueSpecification\",\"valueRequired\":true,\"valueName\":\"search_term_string\"}}],\"inLanguage\":\"de\"},{\"@type\":\"Organization\",\"@id\":\"https:\/\/www.csj-emballages.com\/de\/#Organization\/\",\"name\":\"CSJ Emballages\",\"url\":\"https:\/\/www.csj-emballages.com\/de\/\",\"logo\":{\"@type\":\"ImageObject\",\"inLanguage\":\"de\",\"@id\":\"https:\/\/www.csj-emballages.com\/de\/#\/schema\/logo\/image\/\",\"url\":\"https:\/\/www.csj-emballages.com\/wp-content\/uploads\/2023\/10\/logo_csj.webp\",\"contentUrl\":\"https:\/\/www.csj-emballages.com\/wp-content\/uploads\/2023\/10\/logo_csj.webp\",\"width\":250,\"height\":95,\"caption\":\"CSJ Emballages\"},\"image\":{\"@id\":\"https:\/\/www.csj-emballages.com\/de\/#\/schema\/logo\/image\/\"},\"sameAs\":[\"https:\/\/www.facebook.com\/csjemballages\"],\"address\":{\"@type\":\"PostalAddress\",\"streetAddress\":\"ZI La Lechere\",\"addressLocality\":\"Patornay\",\"postalCode\":\"39130\",\"addressCountry\":\"FR\"},\"contactPoint\":[{\"@type\":\"ContactPoint\",\"contactType\":\"Service client\",\"telephone\":\"0384254272\",\"email\":\"contact@csj-emballages.com\"}]}]}<\/script>\n<!-- \/ Yoast SEO Premium plugin. -->","yoast_head_json":{"title":"Tablett Kraftkarton - 18 x 18 cm","description":"Entdecken Sie unser Tablett aus Kraftkarton mit den Ma\u00dfen: 18 x 18 cm aus der Luxipack-Reihe: \u00e4sthetisch, robust, vielseitig und umweltfreundlich.","robots":{"index":"index","follow":"follow","max-snippet":"max-snippet:-1","max-image-preview":"max-image-preview:large","max-video-preview":"max-video-preview:-1"},"canonical":"https:\/\/www.csj-emballages.com\/de\/produit\/240-tabletts-aus-kraftkarton-18-x-18-cm\/","og_locale":"de_DE","og_type":"article","og_title":"Tablett aus Kraftkarton 18 x 18 cm pro 240 St\u00fcck","og_description":"Entdecken Sie unser Tablett aus Kraftkarton mit den Ma\u00dfen: 18 x 18 cm aus der Luxipack-Reihe: \u00e4sthetisch, robust, vielseitig und umweltfreundlich.","og_url":"https:\/\/www.csj-emballages.com\/de\/produit\/240-tabletts-aus-kraftkarton-18-x-18-cm\/","og_site_name":"CSJ Emballages","article_publisher":"https:\/\/www.facebook.com\/csjemballages","article_modified_time":"2026-05-13T00:15:35+00:00","og_image":[{"width":800,"height":799,"url":"https:\/\/www.csj-emballages.com\/wp-content\/uploads\/2024\/03\/Plateau-luxipack-P.webp","type":"image\/webp"}],"twitter_card":"summary_large_image","twitter_misc":{"Gesch\u00e4tzte Lesezeit":"2 Minuten"},"schema":{"@context":"https:\/\/schema.org","@graph":[{"@type":"WebPage","@id":"https:\/\/www.csj-emballages.com\/de\/produit\/240-tabletts-aus-kraftkarton-18-x-18-cm\/","url":"https:\/\/www.csj-emballages.com\/de\/produit\/240-tabletts-aus-kraftkarton-18-x-18-cm\/","name":"Tablett Kraftkarton - 18 x 18 cm","isPartOf":{"@id":"https:\/\/www.csj-emballages.com\/de\/#website"},"primaryImageOfPage":{"@id":"https:\/\/www.csj-emballages.com\/de\/produit\/240-tabletts-aus-kraftkarton-18-x-18-cm\/#primaryimage"},"image":{"@id":"https:\/\/www.csj-emballages.com\/de\/produit\/240-tabletts-aus-kraftkarton-18-x-18-cm\/#primaryimage"},"thumbnailUrl":"https:\/\/www.csj-emballages.com\/wp-content\/uploads\/2024\/03\/Plateau-luxipack-P.webp","datePublished":"2024-03-01T15:51:53+00:00","dateModified":"2026-05-13T00:15:35+00:00","description":"Entdecken Sie unser Tablett aus Kraftkarton mit den Ma\u00dfen: 18 x 18 cm aus der Luxipack-Reihe: \u00e4sthetisch, robust, vielseitig und umweltfreundlich.","breadcrumb":{"@id":"https:\/\/www.csj-emballages.com\/de\/produit\/240-tabletts-aus-kraftkarton-18-x-18-cm\/#breadcrumb"},"inLanguage":"de","potentialAction":[{"@type":"ReadAction","target":["https:\/\/www.csj-emballages.com\/de\/produit\/240-tabletts-aus-kraftkarton-18-x-18-cm\/"]}]},{"@type":"ImageObject","inLanguage":"de","@id":"https:\/\/www.csj-emballages.com\/de\/produit\/240-tabletts-aus-kraftkarton-18-x-18-cm\/#primaryimage","url":"https:\/\/www.csj-emballages.com\/wp-content\/uploads\/2024\/03\/Plateau-luxipack-P.webp","contentUrl":"https:\/\/www.csj-emballages.com\/wp-content\/uploads\/2024\/03\/Plateau-luxipack-P.webp","width":800,"height":799,"caption":"Plateau carton"},{"@type":"BreadcrumbList","@id":"https:\/\/www.csj-emballages.com\/de\/produit\/240-tabletts-aus-kraftkarton-18-x-18-cm\/#breadcrumb","itemListElement":[{"@type":"ListItem","position":1,"name":"Accueil","item":"https:\/\/www.csj-emballages.com\/de\/universum-lebensmittelverpackungen\/"},{"@type":"ListItem","position":2,"name":"Shop","item":"https:\/\/www.csj-emballages.com\/shop\/"},{"@type":"ListItem","position":3,"name":"Tablett aus Kraftkarton 18 x 18 cm pro 240 St\u00fcck"}]},{"@type":"WebSite","@id":"https:\/\/www.csj-emballages.com\/de\/#website","url":"https:\/\/www.csj-emballages.com\/de\/","name":"CSJ Emballages","description":"","publisher":{"@id":"https:\/\/www.csj-emballages.com\/de\/#organization"},"potentialAction":[{"@type":"SearchAction","target":{"@type":"EntryPoint","urlTemplate":"https:\/\/www.csj-emballages.com\/de\/?s={search_term_string}"},"query-input":{"@type":"PropertyValueSpecification","valueRequired":true,"valueName":"search_term_string"}}],"inLanguage":"de"},{"@type":"Organization","@id":"https:\/\/www.csj-emballages.com\/de\/#Organization\/","name":"CSJ Emballages","url":"https:\/\/www.csj-emballages.com\/de\/","logo":{"@type":"ImageObject","inLanguage":"de","@id":"https:\/\/www.csj-emballages.com\/de\/#\/schema\/logo\/image\/","url":"https:\/\/www.csj-emballages.com\/wp-content\/uploads\/2023\/10\/logo_csj.webp","contentUrl":"https:\/\/www.csj-emballages.com\/wp-content\/uploads\/2023\/10\/logo_csj.webp","width":250,"height":95,"caption":"CSJ Emballages"},"image":{"@id":"https:\/\/www.csj-emballages.com\/de\/#\/schema\/logo\/image\/"},"sameAs":["https:\/\/www.facebook.com\/csjemballages"],"address":{"@type":"PostalAddress","streetAddress":"ZI La Lechere","addressLocality":"Patornay","postalCode":"39130","addressCountry":"FR"},"contactPoint":[{"@type":"ContactPoint","contactType":"Service client","telephone":"0384254272","email":"contact@csj-emballages.com"}]}]}},"df_price":130.06,"df_sale_price":"","df_regular_price":130.06,"df_image_link":"https:\/\/www.csj-emballages.com\/wp-content\/uploads\/2024\/03\/Plateau-luxipack-P-300x300.webp","tiered_pricing_type":"fixed","tiered_pricing_fixed_rules":[],"tiered_pricing_percentage_rules":[],"tiered_pricing_minimum":1,"tiered_pricing_roles_data":[],"_links":{"self":[{"href":"https:\/\/www.csj-emballages.com\/de\/wp-json\/wp\/v2\/product\/21947","targetHints":{"allow":["GET"]}}],"collection":[{"href":"https:\/\/www.csj-emballages.com\/de\/wp-json\/wp\/v2\/product"}],"about":[{"href":"https:\/\/www.csj-emballages.com\/de\/wp-json\/wp\/v2\/types\/product"}],"wp:featuredmedia":[{"embeddable":true,"href":"https:\/\/www.csj-emballages.com\/de\/wp-json\/wp\/v2\/media\/200784"}],"wp:attachment":[{"href":"https:\/\/www.csj-emballages.com\/de\/wp-json\/wp\/v2\/media?parent=21947"}],"wp:term":[{"taxonomy":"product_brand","embeddable":true,"href":"https:\/\/www.csj-emballages.com\/de\/wp-json\/wp\/v2\/product_brand?post=21947"},{"taxonomy":"product_cat","embeddable":true,"href":"https:\/\/www.csj-emballages.com\/de\/wp-json\/wp\/v2\/product_cat?post=21947"},{"taxonomy":"product_tag","embeddable":true,"href":"https:\/\/www.csj-emballages.com\/de\/wp-json\/wp\/v2\/product_tag?post=21947"}],"curies":[{"name":"wp","href":"https:\/\/api.w.org\/{rel}","templated":true}]}}