{"id":21946,"date":"2024-03-01T16:51:52","date_gmt":"2024-03-01T15:51:52","guid":{"rendered":"https:\/\/u15jnbdpoq.preview.infomaniak.website\/produit\/400-frischhaltedosen-mit-scharnierdeckel-aus-kunststoff-375-ml\/"},"modified":"2025-05-14T02:19:15","modified_gmt":"2025-05-14T00:19:15","slug":"400-frischhaltedosen-mit-scharnierdeckel-aus-kunststoff-375-ml","status":"publish","type":"product","link":"https:\/\/www.csj-emballages.com\/de\/produit\/400-frischhaltedosen-mit-scharnierdeckel-aus-kunststoff-375-ml\/","title":{"rendered":"400 Frischhaltedosen mit Scharnierdeckel aus Kunststoff 375 ml"},"content":{"rendered":"<p><h2 style=\"box-sizing: inherit;\"><span style=\"box-sizing: inherit; font-weight: bold; text-decoration: underline;  \">Frischhaltedosen f\u00fcr Feinschmecker mit St\u00fclpdeckel 375 ml<\/span><\/h2>\n<p><span style=\"font-family: Roboto, sans-serif; background-color: rgb(255, 255, 255);\"><\/span>\t<\/p>\n<div style=\"box-sizing: inherit; font-family: Roboto, sans-serif;\"><span style=\"box-sizing: inherit;  \">\t\t\t<\/span><\/p>\n<div style=\"box-sizing: inherit; font-family: Roboto, sans-serif;\"><span style=\"box-sizing: inherit; font-weight: bold;\">\t\t\t<span style=\"box-sizing: inherit; text-decoration: underline;\">Beschreibung :<\/span><\/span><\/p>\n<div style=\"box-sizing: inherit; font-family: Roboto, sans-serif;\"><span style=\"box-sizing: inherit;  \">\t\t\t<\/span><\/p>\n<div style=\"box-sizing: inherit; font-family: Roboto, sans-serif;\">\n<h3 style=\"box-sizing: inherit;\"><span style=\"box-sizing: inherit; font-weight: bold;\">Entdecken Sie unsere ergonomischen Frischhaltedosen f\u00fcr Feinkost in 375 ml<\/span><\/h3>\n<p><span style=\"box-sizing: inherit;  \">\t\t\t\t\t\t<\/span><\/p>\n<div style=\"box-sizing: inherit; font-family: Roboto, sans-serif;\"><span style=\"box-sizing: inherit; \">Die Feinkostbox&nbsp;<\/span><span style=\"box-sizing: inherit; font-size: 16px;\">Kristall<\/span><span style=\"box-sizing: inherit; \">&nbsp;wird haupts\u00e4chlich von Caterern, Schnellimbissen und Privatpersonen verwendet.<\/span><\/p>\n<div style=\"box-sizing: inherit; font-family: Roboto, sans-serif;\"><span style=\"box-sizing: inherit;  \">Die Schachtel mit dem anh\u00e4ngenden Deckel erm\u00f6glicht es Ihnen, Ihre Salate, Paella, Couscous oder andere kleine Fertiggerichte zu verpacken.<\/span><\/p>\n<div style=\"box-sizing: inherit; font-family: Roboto, sans-serif;\"><span style=\"box-sizing: inherit;  \">\t\t\t<\/span><\/p>\n<div style=\"box-sizing: inherit; font-family: Roboto, sans-serif;\"><span style=\"box-sizing: inherit;  \">Die Schachtel erm\u00f6glicht einen sicheren Transport, da sie durch den Ringverschluss perfekt abgedichtet ist.<\/span><\/p>\n<div style=\"box-sizing: inherit; font-family: Roboto, sans-serif;\"><span style=\"box-sizing: inherit;  \">Ergonomischer Frischhaltebeh\u00e4lter f\u00fcr Feinkost, beliebt f\u00fcr seine Eigenschaften wie St\u00e4rke, Qualit\u00e4t und Produktsicherheit, aber auch f\u00fcr seinen sehr attraktiven Preis.<\/span><\/p>\n<\/p>\n<p><span style=\"box-sizing: inherit;  \">\t\t<\/span><\/p>\n<p><span style=\"  font-style: italic; text-decoration: underline;\">Betriebstemperatur: -40\u00b0C\/+70\u00b0C<\/span><\/p>\n<p><span style=\" \">\t\t<\/span><\/p>\n<p><span style=\"  font-weight: bold; text-decoration: underline;\">Erh\u00e4ltlich auch in 125 ml, 250 ml, 375 ml, 500 ml, 750 ml, 1000 ml, 1500 ml, 2000 ml.<\/span><\/p>\n<p><span style=\" \">\t\t<\/span><\/p>\n<p><span style=\"  font-style: italic;\">Sehen Sie sich den Rest unseres Sortiments an Scharnierk\u00e4sten an.<\/span><\/p>\n<p><span style=\" \">\t\t<\/span><\/p>\n<p><span style=\" \">\t\t<\/span><\/p>\n<h3><span style=\"  font-weight: bold; text-decoration: underline;\">Eigenschaften der Schachteln mit Scharnierdeckel :<\/span><\/h3>\n<p><span style=\" \">\t\t<\/span><\/p>\n<ul>\n<li><span style=\" \"><span style=\"font-weight: bold; text-decoration: underline;\">Reihe<\/span>: MULTIPACK<\/span><\/li>\n<li><span style=\" \">Eingezogene Deckel<\/span><\/li>\n<li><span style=\" \"><span style=\"font-weight: bold; text-decoration: underline;\">Inhalt<\/span>: 375 ml<\/span><\/li>\n<li><span style=\" \"><span style=\"font-weight: bold; text-decoration: underline;\">Abmessungen<\/span>: 138 x 114 x 40 (L x B x H in mm)<\/span><\/li>\n<li><span style=\" \"><span style=\"font-weight: bold; text-decoration: underline;\">Verpackung<\/span>: Karton mit 400 Schachteln<\/span><\/li>\n<li><span style=\" \">In Schutzfolie verpackt, um eine bessere Lagerung und einen besseren Schutz zu gew\u00e4hrleisten.<\/span><\/li>\n<li><span style=\" \">Material: Polyethylen<\/span><\/li>\n<\/ul>\n<p><span style=\" \">&nbsp;<\/span><\/p>\n<p><span style=\" \">\t\t<\/span><\/p>\n<h2 style=\"font-weight: bold;\"><span style=\" \">Entscheiden Sie sich jetzt f\u00fcr&nbsp;<\/span><span style=\" font-size: 16px;\">Jetzt<\/span><span style=\" \">&nbsp;f\u00fcr MULTIPACK Frischhalteboxen!<\/span><\/h2>\n","protected":false},"excerpt":{"rendered":"<p>Frischhaltedosen f\u00fcr Feinschmecker mit St\u00fclpdeckel 375 ml Beschreibung : Entdecken Sie unsere ergonomischen Frischhaltedosen f\u00fcr Feinkost in 375 ml Die Feinkostbox&nbsp;Kristall&nbsp;wird haupts\u00e4chlich von Caterern, Schnellimbissen und Privatpersonen verwendet. Die Schachtel mit dem anh\u00e4ngenden Deckel erm\u00f6glicht es Ihnen, Ihre Salate, Paella, Couscous oder andere kleine Fertiggerichte zu verpacken. Die Schachtel erm\u00f6glicht einen sicheren Transport, da sie [&hellip;]<\/p>\n","protected":false},"featured_media":9355,"template":"","meta":{"_acf_changed":false},"product_brand":[],"product_cat":[1170,1513,2846],"product_tag":[],"class_list":{"0":"post-21946","1":"product","2":"type-product","3":"status-publish","4":"has-post-thumbnail","6":"product_cat-metzgerei-und-feinkostgeschaft","7":"product_cat-schalen-dosen-glaser-fur-lebensmittel","8":"product_cat-frische-schalen","10":"first","11":"outofstock","12":"taxable","13":"shipping-taxable","14":"purchasable","15":"product-type-simple"},"acf":[],"yoast_head":"<!-- This site is optimized with the Yoast SEO Premium plugin v26.6 (Yoast SEO v26.6) - https:\/\/yoast.com\/wordpress\/plugins\/seo\/ -->\n<title>400 Einweg-Frischhaltedosen aus Kunststoff mit kanadischen Deckeln 375 ml \/ csj-emballages.com<\/title>\n<meta name=\"description\" content=\"Kaufen Sie Einweg-Kaltboxen mit Deckel 37,5 cl, Abm. 138 x 114 x 40 mm Beutel mit 400 Boxen in Qualit\u00e4t, g\u00fcnstig und zum DISCOUNT-PREIS.\" \/>\n<meta name=\"robots\" content=\"index, follow, max-snippet:-1, max-image-preview:large, max-video-preview:-1\" \/>\n<link rel=\"canonical\" href=\"https:\/\/www.csj-emballages.com\/de\/produit\/400-frischhaltedosen-mit-scharnierdeckel-aus-kunststoff-375-ml\/\" \/>\n<meta property=\"og:locale\" content=\"de_DE\" \/>\n<meta property=\"og:type\" content=\"article\" \/>\n<meta property=\"og:title\" content=\"400 Frischhaltedosen mit Scharnierdeckel aus Kunststoff 375 ml\" \/>\n<meta property=\"og:description\" content=\"Kaufen Sie Einweg-Kaltboxen mit Deckel 37,5 cl, Abm. 138 x 114 x 40 mm Beutel mit 400 Boxen in Qualit\u00e4t, g\u00fcnstig und zum DISCOUNT-PREIS.\" \/>\n<meta property=\"og:url\" content=\"https:\/\/www.csj-emballages.com\/de\/produit\/400-frischhaltedosen-mit-scharnierdeckel-aus-kunststoff-375-ml\/\" \/>\n<meta property=\"og:site_name\" content=\"CSJ Emballages\" \/>\n<meta property=\"article:publisher\" content=\"https:\/\/www.facebook.com\/csjemballages\" \/>\n<meta property=\"article:modified_time\" content=\"2025-05-14T00:19:15+00:00\" \/>\n<meta property=\"og:image\" content=\"https:\/\/www.csj-emballages.com\/wp-content\/uploads\/2024\/03\/boite-plastique-multipack-gamme-transparent-grossiste-csj-emballages-traiteu-2-jpg.webp\" \/>\n\t<meta property=\"og:image:width\" content=\"500\" \/>\n\t<meta property=\"og:image:height\" content=\"500\" \/>\n\t<meta property=\"og:image:type\" content=\"image\/jpeg\" \/>\n<meta name=\"twitter:card\" content=\"summary_large_image\" \/>\n<meta name=\"twitter:label1\" content=\"Gesch\u00e4tzte Lesezeit\" \/>\n\t<meta name=\"twitter:data1\" content=\"1\u00a0Minute\" \/>\n<script type=\"application\/ld+json\" class=\"yoast-schema-graph\">{\"@context\":\"https:\/\/schema.org\",\"@graph\":[{\"@type\":\"WebPage\",\"@id\":\"https:\/\/www.csj-emballages.com\/de\/produit\/400-frischhaltedosen-mit-scharnierdeckel-aus-kunststoff-375-ml\/\",\"url\":\"https:\/\/www.csj-emballages.com\/de\/produit\/400-frischhaltedosen-mit-scharnierdeckel-aus-kunststoff-375-ml\/\",\"name\":\"400 Einweg-Frischhaltedosen aus Kunststoff mit kanadischen Deckeln 375 ml \/ csj-emballages.com\",\"isPartOf\":{\"@id\":\"https:\/\/www.csj-emballages.com\/de\/#website\"},\"primaryImageOfPage\":{\"@id\":\"https:\/\/www.csj-emballages.com\/de\/produit\/400-frischhaltedosen-mit-scharnierdeckel-aus-kunststoff-375-ml\/#primaryimage\"},\"image\":{\"@id\":\"https:\/\/www.csj-emballages.com\/de\/produit\/400-frischhaltedosen-mit-scharnierdeckel-aus-kunststoff-375-ml\/#primaryimage\"},\"thumbnailUrl\":\"https:\/\/www.csj-emballages.com\/wp-content\/uploads\/2024\/03\/boite-plastique-multipack-gamme-transparent-grossiste-csj-emballages-traiteu-2-jpg.webp\",\"datePublished\":\"2024-03-01T15:51:52+00:00\",\"dateModified\":\"2025-05-14T00:19:15+00:00\",\"description\":\"Kaufen Sie Einweg-Kaltboxen mit Deckel 37,5 cl, Abm. 138 x 114 x 40 mm Beutel mit 400 Boxen in Qualit\u00e4t, g\u00fcnstig und zum DISCOUNT-PREIS.\",\"breadcrumb\":{\"@id\":\"https:\/\/www.csj-emballages.com\/de\/produit\/400-frischhaltedosen-mit-scharnierdeckel-aus-kunststoff-375-ml\/#breadcrumb\"},\"inLanguage\":\"de\",\"potentialAction\":[{\"@type\":\"ReadAction\",\"target\":[\"https:\/\/www.csj-emballages.com\/de\/produit\/400-frischhaltedosen-mit-scharnierdeckel-aus-kunststoff-375-ml\/\"]}]},{\"@type\":\"ImageObject\",\"inLanguage\":\"de\",\"@id\":\"https:\/\/www.csj-emballages.com\/de\/produit\/400-frischhaltedosen-mit-scharnierdeckel-aus-kunststoff-375-ml\/#primaryimage\",\"url\":\"https:\/\/www.csj-emballages.com\/wp-content\/uploads\/2024\/03\/boite-plastique-multipack-gamme-transparent-grossiste-csj-emballages-traiteu-2-jpg.webp\",\"contentUrl\":\"https:\/\/www.csj-emballages.com\/wp-content\/uploads\/2024\/03\/boite-plastique-multipack-gamme-transparent-grossiste-csj-emballages-traiteu-2-jpg.webp\",\"width\":500,\"height\":500},{\"@type\":\"BreadcrumbList\",\"@id\":\"https:\/\/www.csj-emballages.com\/de\/produit\/400-frischhaltedosen-mit-scharnierdeckel-aus-kunststoff-375-ml\/#breadcrumb\",\"itemListElement\":[{\"@type\":\"ListItem\",\"position\":1,\"name\":\"Accueil\",\"item\":\"https:\/\/www.csj-emballages.com\/de\/universum-lebensmittelverpackungen\/\"},{\"@type\":\"ListItem\",\"position\":2,\"name\":\"Shop\",\"item\":\"https:\/\/www.csj-emballages.com\/shop\/\"},{\"@type\":\"ListItem\",\"position\":3,\"name\":\"400 Frischhaltedosen mit Scharnierdeckel aus Kunststoff 375 ml\"}]},{\"@type\":\"WebSite\",\"@id\":\"https:\/\/www.csj-emballages.com\/de\/#website\",\"url\":\"https:\/\/www.csj-emballages.com\/de\/\",\"name\":\"CSJ Emballages\",\"description\":\"\",\"publisher\":{\"@id\":\"https:\/\/www.csj-emballages.com\/de\/#organization\"},\"potentialAction\":[{\"@type\":\"SearchAction\",\"target\":{\"@type\":\"EntryPoint\",\"urlTemplate\":\"https:\/\/www.csj-emballages.com\/de\/?s={search_term_string}\"},\"query-input\":{\"@type\":\"PropertyValueSpecification\",\"valueRequired\":true,\"valueName\":\"search_term_string\"}}],\"inLanguage\":\"de\"},{\"@type\":\"Organization\",\"@id\":\"https:\/\/www.csj-emballages.com\/de\/#Organization\/\",\"name\":\"CSJ Emballages\",\"url\":\"https:\/\/www.csj-emballages.com\/de\/\",\"logo\":{\"@type\":\"ImageObject\",\"inLanguage\":\"de\",\"@id\":\"https:\/\/www.csj-emballages.com\/de\/#\/schema\/logo\/image\/\",\"url\":\"https:\/\/www.csj-emballages.com\/wp-content\/uploads\/2023\/10\/logo_csj.webp\",\"contentUrl\":\"https:\/\/www.csj-emballages.com\/wp-content\/uploads\/2023\/10\/logo_csj.webp\",\"width\":250,\"height\":95,\"caption\":\"CSJ Emballages\"},\"image\":{\"@id\":\"https:\/\/www.csj-emballages.com\/de\/#\/schema\/logo\/image\/\"},\"sameAs\":[\"https:\/\/www.facebook.com\/csjemballages\"],\"address\":{\"@type\":\"PostalAddress\",\"streetAddress\":\"ZI La Lechere\",\"addressLocality\":\"Patornay\",\"postalCode\":\"39130\",\"addressCountry\":\"FR\"},\"contactPoint\":[{\"@type\":\"ContactPoint\",\"contactType\":\"Service client\",\"telephone\":\"0384254272\",\"email\":\"contact@csj-emballages.com\"}]}]}<\/script>\n<!-- \/ Yoast SEO Premium plugin. -->","yoast_head_json":{"title":"400 Einweg-Frischhaltedosen aus Kunststoff mit kanadischen Deckeln 375 ml \/ csj-emballages.com","description":"Kaufen Sie Einweg-Kaltboxen mit Deckel 37,5 cl, Abm. 138 x 114 x 40 mm Beutel mit 400 Boxen in Qualit\u00e4t, g\u00fcnstig und zum DISCOUNT-PREIS.","robots":{"index":"index","follow":"follow","max-snippet":"max-snippet:-1","max-image-preview":"max-image-preview:large","max-video-preview":"max-video-preview:-1"},"canonical":"https:\/\/www.csj-emballages.com\/de\/produit\/400-frischhaltedosen-mit-scharnierdeckel-aus-kunststoff-375-ml\/","og_locale":"de_DE","og_type":"article","og_title":"400 Frischhaltedosen mit Scharnierdeckel aus Kunststoff 375 ml","og_description":"Kaufen Sie Einweg-Kaltboxen mit Deckel 37,5 cl, Abm. 138 x 114 x 40 mm Beutel mit 400 Boxen in Qualit\u00e4t, g\u00fcnstig und zum DISCOUNT-PREIS.","og_url":"https:\/\/www.csj-emballages.com\/de\/produit\/400-frischhaltedosen-mit-scharnierdeckel-aus-kunststoff-375-ml\/","og_site_name":"CSJ Emballages","article_publisher":"https:\/\/www.facebook.com\/csjemballages","article_modified_time":"2025-05-14T00:19:15+00:00","og_image":[{"width":500,"height":500,"url":"https:\/\/www.csj-emballages.com\/wp-content\/uploads\/2024\/03\/boite-plastique-multipack-gamme-transparent-grossiste-csj-emballages-traiteu-2-jpg.webp","type":"image\/jpeg"}],"twitter_card":"summary_large_image","twitter_misc":{"Gesch\u00e4tzte Lesezeit":"1\u00a0Minute"},"schema":{"@context":"https:\/\/schema.org","@graph":[{"@type":"WebPage","@id":"https:\/\/www.csj-emballages.com\/de\/produit\/400-frischhaltedosen-mit-scharnierdeckel-aus-kunststoff-375-ml\/","url":"https:\/\/www.csj-emballages.com\/de\/produit\/400-frischhaltedosen-mit-scharnierdeckel-aus-kunststoff-375-ml\/","name":"400 Einweg-Frischhaltedosen aus Kunststoff mit kanadischen Deckeln 375 ml \/ csj-emballages.com","isPartOf":{"@id":"https:\/\/www.csj-emballages.com\/de\/#website"},"primaryImageOfPage":{"@id":"https:\/\/www.csj-emballages.com\/de\/produit\/400-frischhaltedosen-mit-scharnierdeckel-aus-kunststoff-375-ml\/#primaryimage"},"image":{"@id":"https:\/\/www.csj-emballages.com\/de\/produit\/400-frischhaltedosen-mit-scharnierdeckel-aus-kunststoff-375-ml\/#primaryimage"},"thumbnailUrl":"https:\/\/www.csj-emballages.com\/wp-content\/uploads\/2024\/03\/boite-plastique-multipack-gamme-transparent-grossiste-csj-emballages-traiteu-2-jpg.webp","datePublished":"2024-03-01T15:51:52+00:00","dateModified":"2025-05-14T00:19:15+00:00","description":"Kaufen Sie Einweg-Kaltboxen mit Deckel 37,5 cl, Abm. 138 x 114 x 40 mm Beutel mit 400 Boxen in Qualit\u00e4t, g\u00fcnstig und zum DISCOUNT-PREIS.","breadcrumb":{"@id":"https:\/\/www.csj-emballages.com\/de\/produit\/400-frischhaltedosen-mit-scharnierdeckel-aus-kunststoff-375-ml\/#breadcrumb"},"inLanguage":"de","potentialAction":[{"@type":"ReadAction","target":["https:\/\/www.csj-emballages.com\/de\/produit\/400-frischhaltedosen-mit-scharnierdeckel-aus-kunststoff-375-ml\/"]}]},{"@type":"ImageObject","inLanguage":"de","@id":"https:\/\/www.csj-emballages.com\/de\/produit\/400-frischhaltedosen-mit-scharnierdeckel-aus-kunststoff-375-ml\/#primaryimage","url":"https:\/\/www.csj-emballages.com\/wp-content\/uploads\/2024\/03\/boite-plastique-multipack-gamme-transparent-grossiste-csj-emballages-traiteu-2-jpg.webp","contentUrl":"https:\/\/www.csj-emballages.com\/wp-content\/uploads\/2024\/03\/boite-plastique-multipack-gamme-transparent-grossiste-csj-emballages-traiteu-2-jpg.webp","width":500,"height":500},{"@type":"BreadcrumbList","@id":"https:\/\/www.csj-emballages.com\/de\/produit\/400-frischhaltedosen-mit-scharnierdeckel-aus-kunststoff-375-ml\/#breadcrumb","itemListElement":[{"@type":"ListItem","position":1,"name":"Accueil","item":"https:\/\/www.csj-emballages.com\/de\/universum-lebensmittelverpackungen\/"},{"@type":"ListItem","position":2,"name":"Shop","item":"https:\/\/www.csj-emballages.com\/shop\/"},{"@type":"ListItem","position":3,"name":"400 Frischhaltedosen mit Scharnierdeckel aus Kunststoff 375 ml"}]},{"@type":"WebSite","@id":"https:\/\/www.csj-emballages.com\/de\/#website","url":"https:\/\/www.csj-emballages.com\/de\/","name":"CSJ Emballages","description":"","publisher":{"@id":"https:\/\/www.csj-emballages.com\/de\/#organization"},"potentialAction":[{"@type":"SearchAction","target":{"@type":"EntryPoint","urlTemplate":"https:\/\/www.csj-emballages.com\/de\/?s={search_term_string}"},"query-input":{"@type":"PropertyValueSpecification","valueRequired":true,"valueName":"search_term_string"}}],"inLanguage":"de"},{"@type":"Organization","@id":"https:\/\/www.csj-emballages.com\/de\/#Organization\/","name":"CSJ Emballages","url":"https:\/\/www.csj-emballages.com\/de\/","logo":{"@type":"ImageObject","inLanguage":"de","@id":"https:\/\/www.csj-emballages.com\/de\/#\/schema\/logo\/image\/","url":"https:\/\/www.csj-emballages.com\/wp-content\/uploads\/2023\/10\/logo_csj.webp","contentUrl":"https:\/\/www.csj-emballages.com\/wp-content\/uploads\/2023\/10\/logo_csj.webp","width":250,"height":95,"caption":"CSJ Emballages"},"image":{"@id":"https:\/\/www.csj-emballages.com\/de\/#\/schema\/logo\/image\/"},"sameAs":["https:\/\/www.facebook.com\/csjemballages"],"address":{"@type":"PostalAddress","streetAddress":"ZI La Lechere","addressLocality":"Patornay","postalCode":"39130","addressCountry":"FR"},"contactPoint":[{"@type":"ContactPoint","contactType":"Service client","telephone":"0384254272","email":"contact@csj-emballages.com"}]}]}},"df_price":56.26,"df_sale_price":"","df_regular_price":56.26,"df_image_link":"https:\/\/www.csj-emballages.com\/wp-content\/uploads\/2024\/03\/boite-plastique-multipack-gamme-transparent-grossiste-csj-emballages-traiteu-2-300x300.webp","tiered_pricing_type":"fixed","tiered_pricing_fixed_rules":[],"tiered_pricing_percentage_rules":[],"tiered_pricing_minimum":1,"tiered_pricing_roles_data":[],"_links":{"self":[{"href":"https:\/\/www.csj-emballages.com\/de\/wp-json\/wp\/v2\/product\/21946","targetHints":{"allow":["GET"]}}],"collection":[{"href":"https:\/\/www.csj-emballages.com\/de\/wp-json\/wp\/v2\/product"}],"about":[{"href":"https:\/\/www.csj-emballages.com\/de\/wp-json\/wp\/v2\/types\/product"}],"wp:featuredmedia":[{"embeddable":true,"href":"https:\/\/www.csj-emballages.com\/de\/wp-json\/wp\/v2\/media\/9355"}],"wp:attachment":[{"href":"https:\/\/www.csj-emballages.com\/de\/wp-json\/wp\/v2\/media?parent=21946"}],"wp:term":[{"taxonomy":"product_brand","embeddable":true,"href":"https:\/\/www.csj-emballages.com\/de\/wp-json\/wp\/v2\/product_brand?post=21946"},{"taxonomy":"product_cat","embeddable":true,"href":"https:\/\/www.csj-emballages.com\/de\/wp-json\/wp\/v2\/product_cat?post=21946"},{"taxonomy":"product_tag","embeddable":true,"href":"https:\/\/www.csj-emballages.com\/de\/wp-json\/wp\/v2\/product_tag?post=21946"}],"curies":[{"name":"wp","href":"https:\/\/api.w.org\/{rel}","templated":true}]}}