{"id":21902,"date":"2024-03-01T16:51:54","date_gmt":"2024-03-01T15:51:54","guid":{"rendered":"https:\/\/u15jnbdpoq.preview.infomaniak.website\/produit\/spuelmittel-fuer-allzweckmaschinen-5-l\/"},"modified":"2026-04-24T02:14:40","modified_gmt":"2026-04-24T00:14:40","slug":"spuelmittel-fuer-allzweckmaschinen-5-l","status":"publish","type":"product","link":"https:\/\/www.csj-emballages.com\/de\/produit\/spuelmittel-fuer-allzweckmaschinen-5-l\/","title":{"rendered":"Sp\u00fclmittel f\u00fcr Allzweckmaschinen 5 L"},"content":{"rendered":"<h2>Klarsp\u00fcler f\u00fcr automatische Geschirrsp\u00fcler 5L<\/h2>\n<div style=\"font-family: Roboto, sans-serif;\">\n<div style=\"font-family: Roboto, sans-serif;\">\n<div style=\"font-family: Roboto, sans-serif;\">\n<div style=\"font-family: Roboto, sans-serif;\">\n<div style=\"font-family: Roboto, sans-serif;\">\n<div style=\"font-family: Roboto, sans-serif;\">\n<hr>\n<h3>Beschreibung des Produkts<\/h3>\n<p><!--more--><\/p>\n<p>Der Klarsp\u00fcler f\u00fcr automatische Geschirrsp\u00fcler ist ein Produkt, das speziell daf\u00fcr entwickelt wurde, den Sp\u00fclvorgang in der Maschine zu optimieren. Ihre Hauptwirkung besteht darin, Sp\u00fclmittelr\u00fcckst\u00e4nde zu neutralisieren und die Entfernung von Kalk- und Mineralspuren zu erleichtern. Im Gegensatz zu herk\u00f6mmlichen Produkten erzeugt diese Fl\u00fcssigkeit keinen \u00fcberm\u00e4\u00dfigen Schaum, was f\u00fcr einen reibungslosen Betrieb von gewerblichen und privaten Geschirrsp\u00fclmaschinen unerl\u00e4sslich ist.  <\/p>\n<p>Dank seiner sauren Zusammensetzung wirkt es, indem es die von Wasser und Reinigungsmitteln hinterlassenen R\u00fcckst\u00e4nde zersetzt und gleichzeitig f\u00fcr eine schnelle Trocknung sorgt. Diese Trocknung erfolgt gleichm\u00e4\u00dfig, wodurch die Gefahr von Streifen auf dem Geschirr verringert wird. <\/p>\n<p>&nbsp;<\/p>\n<\/div>\n<\/div>\n<\/div>\n<\/div>\n<\/div>\n<\/div>\n<p><!--more--><\/p>\n<h4>Gebrauchsanweisung :<\/h4>\n<p>Dosiere in der Maschine mit 0,2 bis 0,6 gr\/l. Sp\u00fclwasser. In seiner Zusammensetzung besitzt es keine Elemente, die das Injektionssystem, die Maschine oder die behandelten Oberfl\u00e4chen beeintr\u00e4chtigen k\u00f6nnten.<\/p>\n<h3><\/h3>\n<p><!--more--><\/p>\n<div style=\"font-family: Roboto, sans-serif;\">\n<div style=\"font-family: Roboto, sans-serif;\">\n<div style=\"font-family: Roboto, sans-serif;\">\n<div style=\"font-family: Roboto, sans-serif;\">\n<div style=\"font-family: Roboto, sans-serif;\">\n<div style=\"font-family: Roboto, sans-serif;\">\n<h4><strong>Seine Vorteile :<\/strong><\/h4>\n<ul>\n<li><strong>Schnell trocknend<\/strong>: Seine Zusammensetzung erm\u00f6glicht ein beschleunigtes Trocknen, wodurch die Wartezeit nach jedem Waschgang verk\u00fcrzt wird.<\/li>\n<li><strong>Streifenfreies Ergebnis<\/strong>: Entfernt effektiv Kalkr\u00fcckst\u00e4nde.<\/li>\n<li><strong>Kein Schaum<\/strong>: Im Gegensatz zu anderen Produkten wird kein Schaum produziert, was einen optimalen Betrieb gew\u00e4hrleistet.<\/li>\n<\/ul>\n<p>&nbsp;<\/p>\n<\/div>\n<\/div>\n<\/div>\n<\/div>\n<\/div>\n<\/div>\n<p><!--more--><\/p>\n<p><a href=\"\/?product_cat=lave-vaiselle\">Sehen Sie sich hier den Rest unserer Produktpalette f\u00fcr Geschirrsp\u00fcler an.<\/a><\/p>\n","protected":false},"excerpt":{"rendered":"<p>Klarsp\u00fcler f\u00fcr automatische Geschirrsp\u00fcler 5L Beschreibung des Produkts<\/p>\n","protected":false},"featured_media":99642,"template":"","meta":{"_acf_changed":false},"product_brand":[],"product_cat":[1218,1219,1220,1376],"product_tag":[],"class_list":{"0":"post-21902","1":"product","2":"type-product","3":"status-publish","4":"has-post-thumbnail","6":"product_cat-hygiene-und-pflege","7":"product_cat-pflegeprodukte","8":"product_cat-geschirrpflege","9":"product_cat-geschirrspuler","10":"product_shipping_class-verboten-in-staffeln","12":"first","13":"instock","14":"taxable","15":"shipping-taxable","16":"purchasable","17":"product-type-simple"},"acf":[],"yoast_head":"<!-- This site is optimized with the Yoast SEO Premium plugin v26.6 (Yoast SEO v26.6) - https:\/\/yoast.com\/wordpress\/plugins\/seo\/ -->\n<title>Klarsp\u00fcler f\u00fcr automatische Geschirrsp\u00fcler - Alle Wassertypen 5L<\/title>\n<meta name=\"description\" content=\"Fl\u00fcssiger Klarsp\u00fcler f\u00fcr automatische Geschirrsp\u00fclmaschinen. Schnell trocknend, schaumfrei, beseitigt Spuren. Mit allen Wassertypen kompatibel.\" \/>\n<meta name=\"robots\" content=\"index, follow, max-snippet:-1, max-image-preview:large, max-video-preview:-1\" \/>\n<link rel=\"canonical\" href=\"https:\/\/www.csj-emballages.com\/de\/produit\/spuelmittel-fuer-allzweckmaschinen-5-l\/\" \/>\n<meta property=\"og:locale\" content=\"de_DE\" \/>\n<meta property=\"og:type\" content=\"article\" \/>\n<meta property=\"og:title\" content=\"Sp\u00fclmittel f\u00fcr Allzweckmaschinen 5 L\" \/>\n<meta property=\"og:description\" content=\"Fl\u00fcssiger Klarsp\u00fcler f\u00fcr automatische Geschirrsp\u00fclmaschinen. Schnell trocknend, schaumfrei, beseitigt Spuren. Mit allen Wassertypen kompatibel.\" \/>\n<meta property=\"og:url\" content=\"https:\/\/www.csj-emballages.com\/de\/produit\/spuelmittel-fuer-allzweckmaschinen-5-l\/\" \/>\n<meta property=\"og:site_name\" content=\"CSJ Emballages\" \/>\n<meta property=\"article:publisher\" content=\"https:\/\/www.facebook.com\/csjemballages\" \/>\n<meta property=\"article:modified_time\" content=\"2026-04-24T00:14:40+00:00\" \/>\n<meta property=\"og:image\" content=\"https:\/\/www.csj-emballages.com\/wp-content\/uploads\/2024\/03\/3ddd233e-16aa-41a1-a2fa-e8886be5dd36-removebg-preview.png\" \/>\n\t<meta property=\"og:image:width\" content=\"500\" \/>\n\t<meta property=\"og:image:height\" content=\"500\" \/>\n\t<meta property=\"og:image:type\" content=\"image\/png\" \/>\n<meta name=\"twitter:card\" content=\"summary_large_image\" \/>\n<meta name=\"twitter:label1\" content=\"Gesch\u00e4tzte Lesezeit\" \/>\n\t<meta name=\"twitter:data1\" content=\"1\u00a0Minute\" \/>\n<script type=\"application\/ld+json\" class=\"yoast-schema-graph\">{\"@context\":\"https:\/\/schema.org\",\"@graph\":[{\"@type\":\"WebPage\",\"@id\":\"https:\/\/www.csj-emballages.com\/de\/produit\/spuelmittel-fuer-allzweckmaschinen-5-l\/\",\"url\":\"https:\/\/www.csj-emballages.com\/de\/produit\/spuelmittel-fuer-allzweckmaschinen-5-l\/\",\"name\":\"Klarsp\u00fcler f\u00fcr automatische Geschirrsp\u00fcler - Alle Wassertypen 5L\",\"isPartOf\":{\"@id\":\"https:\/\/www.csj-emballages.com\/de\/#website\"},\"primaryImageOfPage\":{\"@id\":\"https:\/\/www.csj-emballages.com\/de\/produit\/spuelmittel-fuer-allzweckmaschinen-5-l\/#primaryimage\"},\"image\":{\"@id\":\"https:\/\/www.csj-emballages.com\/de\/produit\/spuelmittel-fuer-allzweckmaschinen-5-l\/#primaryimage\"},\"thumbnailUrl\":\"https:\/\/www.csj-emballages.com\/wp-content\/uploads\/2024\/03\/3ddd233e-16aa-41a1-a2fa-e8886be5dd36-removebg-preview.png\",\"datePublished\":\"2024-03-01T15:51:54+00:00\",\"dateModified\":\"2026-04-24T00:14:40+00:00\",\"description\":\"Fl\u00fcssiger Klarsp\u00fcler f\u00fcr automatische Geschirrsp\u00fclmaschinen. Schnell trocknend, schaumfrei, beseitigt Spuren. Mit allen Wassertypen kompatibel.\",\"breadcrumb\":{\"@id\":\"https:\/\/www.csj-emballages.com\/de\/produit\/spuelmittel-fuer-allzweckmaschinen-5-l\/#breadcrumb\"},\"inLanguage\":\"de\",\"potentialAction\":[{\"@type\":\"ReadAction\",\"target\":[\"https:\/\/www.csj-emballages.com\/de\/produit\/spuelmittel-fuer-allzweckmaschinen-5-l\/\"]}]},{\"@type\":\"ImageObject\",\"inLanguage\":\"de\",\"@id\":\"https:\/\/www.csj-emballages.com\/de\/produit\/spuelmittel-fuer-allzweckmaschinen-5-l\/#primaryimage\",\"url\":\"https:\/\/www.csj-emballages.com\/wp-content\/uploads\/2024\/03\/3ddd233e-16aa-41a1-a2fa-e8886be5dd36-removebg-preview.png\",\"contentUrl\":\"https:\/\/www.csj-emballages.com\/wp-content\/uploads\/2024\/03\/3ddd233e-16aa-41a1-a2fa-e8886be5dd36-removebg-preview.png\",\"width\":500,\"height\":500,\"caption\":\"Liquide rin\u00e7age lave-vaisselle automatique\"},{\"@type\":\"BreadcrumbList\",\"@id\":\"https:\/\/www.csj-emballages.com\/de\/produit\/spuelmittel-fuer-allzweckmaschinen-5-l\/#breadcrumb\",\"itemListElement\":[{\"@type\":\"ListItem\",\"position\":1,\"name\":\"Accueil\",\"item\":\"https:\/\/www.csj-emballages.com\/de\/universum-lebensmittelverpackungen\/\"},{\"@type\":\"ListItem\",\"position\":2,\"name\":\"Shop\",\"item\":\"https:\/\/www.csj-emballages.com\/shop\/\"},{\"@type\":\"ListItem\",\"position\":3,\"name\":\"Sp\u00fclmittel f\u00fcr Allzweckmaschinen 5 L\"}]},{\"@type\":\"WebSite\",\"@id\":\"https:\/\/www.csj-emballages.com\/de\/#website\",\"url\":\"https:\/\/www.csj-emballages.com\/de\/\",\"name\":\"CSJ Emballages\",\"description\":\"\",\"publisher\":{\"@id\":\"https:\/\/www.csj-emballages.com\/de\/#organization\"},\"potentialAction\":[{\"@type\":\"SearchAction\",\"target\":{\"@type\":\"EntryPoint\",\"urlTemplate\":\"https:\/\/www.csj-emballages.com\/de\/?s={search_term_string}\"},\"query-input\":{\"@type\":\"PropertyValueSpecification\",\"valueRequired\":true,\"valueName\":\"search_term_string\"}}],\"inLanguage\":\"de\"},{\"@type\":\"Organization\",\"@id\":\"https:\/\/www.csj-emballages.com\/de\/#Organization\/\",\"name\":\"CSJ Emballages\",\"url\":\"https:\/\/www.csj-emballages.com\/de\/\",\"logo\":{\"@type\":\"ImageObject\",\"inLanguage\":\"de\",\"@id\":\"https:\/\/www.csj-emballages.com\/de\/#\/schema\/logo\/image\/\",\"url\":\"https:\/\/www.csj-emballages.com\/wp-content\/uploads\/2023\/10\/logo_csj.webp\",\"contentUrl\":\"https:\/\/www.csj-emballages.com\/wp-content\/uploads\/2023\/10\/logo_csj.webp\",\"width\":250,\"height\":95,\"caption\":\"CSJ Emballages\"},\"image\":{\"@id\":\"https:\/\/www.csj-emballages.com\/de\/#\/schema\/logo\/image\/\"},\"sameAs\":[\"https:\/\/www.facebook.com\/csjemballages\"],\"address\":{\"@type\":\"PostalAddress\",\"streetAddress\":\"ZI La Lechere\",\"addressLocality\":\"Patornay\",\"postalCode\":\"39130\",\"addressCountry\":\"FR\"},\"contactPoint\":[{\"@type\":\"ContactPoint\",\"contactType\":\"Service client\",\"telephone\":\"0384254272\",\"email\":\"contact@csj-emballages.com\"}]}]}<\/script>\n<!-- \/ Yoast SEO Premium plugin. -->","yoast_head_json":{"title":"Klarsp\u00fcler f\u00fcr automatische Geschirrsp\u00fcler - Alle Wassertypen 5L","description":"Fl\u00fcssiger Klarsp\u00fcler f\u00fcr automatische Geschirrsp\u00fclmaschinen. Schnell trocknend, schaumfrei, beseitigt Spuren. Mit allen Wassertypen kompatibel.","robots":{"index":"index","follow":"follow","max-snippet":"max-snippet:-1","max-image-preview":"max-image-preview:large","max-video-preview":"max-video-preview:-1"},"canonical":"https:\/\/www.csj-emballages.com\/de\/produit\/spuelmittel-fuer-allzweckmaschinen-5-l\/","og_locale":"de_DE","og_type":"article","og_title":"Sp\u00fclmittel f\u00fcr Allzweckmaschinen 5 L","og_description":"Fl\u00fcssiger Klarsp\u00fcler f\u00fcr automatische Geschirrsp\u00fclmaschinen. Schnell trocknend, schaumfrei, beseitigt Spuren. Mit allen Wassertypen kompatibel.","og_url":"https:\/\/www.csj-emballages.com\/de\/produit\/spuelmittel-fuer-allzweckmaschinen-5-l\/","og_site_name":"CSJ Emballages","article_publisher":"https:\/\/www.facebook.com\/csjemballages","article_modified_time":"2026-04-24T00:14:40+00:00","og_image":[{"width":500,"height":500,"url":"https:\/\/www.csj-emballages.com\/wp-content\/uploads\/2024\/03\/3ddd233e-16aa-41a1-a2fa-e8886be5dd36-removebg-preview.png","type":"image\/png"}],"twitter_card":"summary_large_image","twitter_misc":{"Gesch\u00e4tzte Lesezeit":"1\u00a0Minute"},"schema":{"@context":"https:\/\/schema.org","@graph":[{"@type":"WebPage","@id":"https:\/\/www.csj-emballages.com\/de\/produit\/spuelmittel-fuer-allzweckmaschinen-5-l\/","url":"https:\/\/www.csj-emballages.com\/de\/produit\/spuelmittel-fuer-allzweckmaschinen-5-l\/","name":"Klarsp\u00fcler f\u00fcr automatische Geschirrsp\u00fcler - Alle Wassertypen 5L","isPartOf":{"@id":"https:\/\/www.csj-emballages.com\/de\/#website"},"primaryImageOfPage":{"@id":"https:\/\/www.csj-emballages.com\/de\/produit\/spuelmittel-fuer-allzweckmaschinen-5-l\/#primaryimage"},"image":{"@id":"https:\/\/www.csj-emballages.com\/de\/produit\/spuelmittel-fuer-allzweckmaschinen-5-l\/#primaryimage"},"thumbnailUrl":"https:\/\/www.csj-emballages.com\/wp-content\/uploads\/2024\/03\/3ddd233e-16aa-41a1-a2fa-e8886be5dd36-removebg-preview.png","datePublished":"2024-03-01T15:51:54+00:00","dateModified":"2026-04-24T00:14:40+00:00","description":"Fl\u00fcssiger Klarsp\u00fcler f\u00fcr automatische Geschirrsp\u00fclmaschinen. Schnell trocknend, schaumfrei, beseitigt Spuren. Mit allen Wassertypen kompatibel.","breadcrumb":{"@id":"https:\/\/www.csj-emballages.com\/de\/produit\/spuelmittel-fuer-allzweckmaschinen-5-l\/#breadcrumb"},"inLanguage":"de","potentialAction":[{"@type":"ReadAction","target":["https:\/\/www.csj-emballages.com\/de\/produit\/spuelmittel-fuer-allzweckmaschinen-5-l\/"]}]},{"@type":"ImageObject","inLanguage":"de","@id":"https:\/\/www.csj-emballages.com\/de\/produit\/spuelmittel-fuer-allzweckmaschinen-5-l\/#primaryimage","url":"https:\/\/www.csj-emballages.com\/wp-content\/uploads\/2024\/03\/3ddd233e-16aa-41a1-a2fa-e8886be5dd36-removebg-preview.png","contentUrl":"https:\/\/www.csj-emballages.com\/wp-content\/uploads\/2024\/03\/3ddd233e-16aa-41a1-a2fa-e8886be5dd36-removebg-preview.png","width":500,"height":500,"caption":"Liquide rin\u00e7age lave-vaisselle automatique"},{"@type":"BreadcrumbList","@id":"https:\/\/www.csj-emballages.com\/de\/produit\/spuelmittel-fuer-allzweckmaschinen-5-l\/#breadcrumb","itemListElement":[{"@type":"ListItem","position":1,"name":"Accueil","item":"https:\/\/www.csj-emballages.com\/de\/universum-lebensmittelverpackungen\/"},{"@type":"ListItem","position":2,"name":"Shop","item":"https:\/\/www.csj-emballages.com\/shop\/"},{"@type":"ListItem","position":3,"name":"Sp\u00fclmittel f\u00fcr Allzweckmaschinen 5 L"}]},{"@type":"WebSite","@id":"https:\/\/www.csj-emballages.com\/de\/#website","url":"https:\/\/www.csj-emballages.com\/de\/","name":"CSJ Emballages","description":"","publisher":{"@id":"https:\/\/www.csj-emballages.com\/de\/#organization"},"potentialAction":[{"@type":"SearchAction","target":{"@type":"EntryPoint","urlTemplate":"https:\/\/www.csj-emballages.com\/de\/?s={search_term_string}"},"query-input":{"@type":"PropertyValueSpecification","valueRequired":true,"valueName":"search_term_string"}}],"inLanguage":"de"},{"@type":"Organization","@id":"https:\/\/www.csj-emballages.com\/de\/#Organization\/","name":"CSJ Emballages","url":"https:\/\/www.csj-emballages.com\/de\/","logo":{"@type":"ImageObject","inLanguage":"de","@id":"https:\/\/www.csj-emballages.com\/de\/#\/schema\/logo\/image\/","url":"https:\/\/www.csj-emballages.com\/wp-content\/uploads\/2023\/10\/logo_csj.webp","contentUrl":"https:\/\/www.csj-emballages.com\/wp-content\/uploads\/2023\/10\/logo_csj.webp","width":250,"height":95,"caption":"CSJ Emballages"},"image":{"@id":"https:\/\/www.csj-emballages.com\/de\/#\/schema\/logo\/image\/"},"sameAs":["https:\/\/www.facebook.com\/csjemballages"],"address":{"@type":"PostalAddress","streetAddress":"ZI La Lechere","addressLocality":"Patornay","postalCode":"39130","addressCountry":"FR"},"contactPoint":[{"@type":"ContactPoint","contactType":"Service client","telephone":"0384254272","email":"contact@csj-emballages.com"}]}]}},"df_price":15.95,"df_sale_price":"","df_regular_price":15.95,"df_image_link":"https:\/\/www.csj-emballages.com\/wp-content\/uploads\/2024\/03\/3ddd233e-16aa-41a1-a2fa-e8886be5dd36-removebg-preview-300x300.png","tiered_pricing_type":"fixed","tiered_pricing_fixed_rules":[],"tiered_pricing_percentage_rules":[],"tiered_pricing_minimum":1,"tiered_pricing_roles_data":[],"_links":{"self":[{"href":"https:\/\/www.csj-emballages.com\/de\/wp-json\/wp\/v2\/product\/21902","targetHints":{"allow":["GET"]}}],"collection":[{"href":"https:\/\/www.csj-emballages.com\/de\/wp-json\/wp\/v2\/product"}],"about":[{"href":"https:\/\/www.csj-emballages.com\/de\/wp-json\/wp\/v2\/types\/product"}],"wp:featuredmedia":[{"embeddable":true,"href":"https:\/\/www.csj-emballages.com\/de\/wp-json\/wp\/v2\/media\/99642"}],"wp:attachment":[{"href":"https:\/\/www.csj-emballages.com\/de\/wp-json\/wp\/v2\/media?parent=21902"}],"wp:term":[{"taxonomy":"product_brand","embeddable":true,"href":"https:\/\/www.csj-emballages.com\/de\/wp-json\/wp\/v2\/product_brand?post=21902"},{"taxonomy":"product_cat","embeddable":true,"href":"https:\/\/www.csj-emballages.com\/de\/wp-json\/wp\/v2\/product_cat?post=21902"},{"taxonomy":"product_tag","embeddable":true,"href":"https:\/\/www.csj-emballages.com\/de\/wp-json\/wp\/v2\/product_tag?post=21902"}],"curies":[{"name":"wp","href":"https:\/\/api.w.org\/{rel}","templated":true}]}}