{"id":21884,"date":"2024-03-01T16:51:55","date_gmt":"2024-03-01T15:51:55","guid":{"rendered":"https:\/\/u15jnbdpoq.preview.infomaniak.website\/produit\/2000-klemmbinder-gold\/"},"modified":"2026-04-22T02:13:20","modified_gmt":"2026-04-22T00:13:20","slug":"2000-klemmbinder-gold","status":"publish","type":"product","link":"https:\/\/www.csj-emballages.com\/de\/produit\/2000-klemmbinder-gold\/","title":{"rendered":"Metallischer Klemmbinder Gold pro 2000"},"content":{"rendered":"<h2 class=\"p1\">Klemmbinde<\/h2>\n<hr>\n<h3>Beschreibung von unserem Metall-Klemmband Gold durch 2000<\/h3>\n<p><!--more--><\/p>\n<p data-start=\"0\" data-end=\"453\">Verleihen Sie Ihren Verpackungen mit dem <strong data-start=\"110\" data-end=\"149\">goldenen Metallklemmband TWIST<\/strong> einen Hauch von <strong data-start=\"53\" data-end=\"64\">Raffinesse<\/strong> und <strong data-start=\"71\" data-end=\"84\">Praktikabilit\u00e4t<\/strong>. Dieses kleine Accessoire wurde entwickelt, um eine <strong data-start=\"173\" data-end=\"195\">hochwertige Befestigung zu<\/strong> bieten, und ist der ideale Verb\u00fcndete f\u00fcr Profis aus der Gastronomie, der S\u00fc\u00dfwarenindustrie oder der Veranstaltungsbranche. Dank des <strong data-start=\"325\" data-end=\"347\">integrierten Drahtes<\/strong> l\u00e4sst er sich mit einem Handgriff f\u00fcr einen <strong data-start=\"381\" data-end=\"404\">sicheren Verschluss<\/strong> verdrehen und ist dabei schnell und einfach zu handhaben.  <\/p>\n<p data-start=\"455\" data-end=\"919\">Ob zum Verschlie\u00dfen von <strong data-start=\"485\" data-end=\"519\">T\u00fcten mit knusprigen Keksen<\/strong>, <strong data-start=\"536\" data-end=\"555\">bunten Bonbont\u00fcten<\/strong> oder <strong data-start=\"577\" data-end=\"598\">Nougatverpackungen<\/strong>&#8211; dieses <strong>goldene Band<\/strong> vereint <strong data-start=\"621\" data-end=\"633\">Eleganz<\/strong> und <strong data-start=\"637\" data-end=\"650\">Zuverl\u00e4ssigkeit<\/strong>. Seine <strong data-start=\"664\" data-end=\"679\">gl\u00e4nzende Goldfarbe<\/strong> verleiht sofort eine festliche Note, die Ihre handgefertigten Kreationen oder hausgemachten Zubereitungen zur Geltung bringt. In wenigen Sekunden erhalten Sie eine professionelle Pr\u00e4sentation, die Ihre Kunden verf\u00fchrt und gleichzeitig Ihre Produkte sch\u00fctzt.  <\/p>\n<p data-start=\"921\" data-end=\"1256\">Dar\u00fcber hinaus zeichnet sich der <strong data-start=\"933\" data-end=\"947\">TWIST-Link<\/strong> durch seine <strong data-start=\"967\" data-end=\"982\">Vielseitigkeit<\/strong> aus. Er eignet sich f\u00fcr eine Vielzahl von Zwecken: Geschenkt\u00fcten, Lebensmittelverpackungen, Tischdekorationen oder Blumenarrangements. Seine <strong data-start=\"1112\" data-end=\"1125\">Flexibilit\u00e4t<\/strong> erm\u00f6glicht eine perfekte Passform, w\u00e4hrend seine <strong data-start=\"1170\" data-end=\"1184\">Festigkeit<\/strong> f\u00fcr einen einwandfreien Halt sorgt, auch beim Transport oder bei der Lagerung.  <\/p>\n<p data-start=\"1258\" data-end=\"1623\">Da er in einer <strong data-start=\"1283\" data-end=\"1307\">Packung mit 2000 St\u00fcck<\/strong> verkauft wird, erhalten Sie ein <strong data-start=\"1330\" data-end=\"1364\">hervorragendes Preis-Leistungs-Verh\u00e4ltnis<\/strong>, das ideal f\u00fcr Gesch\u00e4fte mit hohem Volumen oder Produktionsst\u00e4tten ist. Und neben seiner <strong data-start=\"1454\" data-end=\"1467\">Zweckm\u00e4\u00dfigkeit<\/strong> reduziert dieser <strong>goldene Metall-Klemmbinder<\/strong> auch die Verschwendung: Sie brauchen kein Klebeband oder komplizierte Knoten, ein einfacher <strong data-start=\"1572\" data-end=\"1581\">Twist<\/strong> gen\u00fcgt f\u00fcr ein sauberes und elegantes Ergebnis. <\/p>\n<p data-start=\"1625\" data-end=\"1898\">Zusammenfassend l\u00e4sst sich sagen, dass dieses <strong data-start=\"1639\" data-end=\"1672\">goldene Metall-Spannband<\/strong> <strong data-start=\"1679\" data-end=\"1693\">Effizienz<\/strong>, <strong data-start=\"1695\" data-end=\"1707\">Schnelligkeit<\/strong> und <strong data-start=\"1711\" data-end=\"1725\">\u00c4sthetik<\/strong> vereint. Er verwandelt jede Verpackung in einen echten Marketingvorteil und garantiert einen <strong data-start=\"1826\" data-end=\"1836\">zuverl\u00e4ssigen<\/strong> und <strong data-start=\"1840\" data-end=\"1850\">einfachen<\/strong> Verschluss f\u00fcr Ihre Lebensmittel oder dekorativen Produkte. <\/p>\n<p data-start=\"1367\" data-end=\"1669\"><!--more--><\/p>\n<h4 data-start=\"1367\" data-end=\"1669\">Vorteile :<\/h4>\n<ul>\n<li data-start=\"1367\" data-end=\"1669\"><strong data-start=\"2115\" data-end=\"2138\">Sicherer Verschluss<\/strong> durch verdrehbaren Draht.<\/li>\n<li data-start=\"1367\" data-end=\"1669\"><strong data-start=\"2174\" data-end=\"2197\">Raffinierte \u00c4sthetik<\/strong> mit der gl\u00e4nzenden Goldfarbe.<\/li>\n<li data-start=\"1367\" data-end=\"1669\"><strong data-start=\"2017\" data-end=\"2030\">Praktisch<\/strong>: 90 mm lang, leicht zu handhaben.<\/li>\n<li data-start=\"1367\" data-end=\"1669\"><strong data-start=\"2296\" data-end=\"2310\">Vielseitig<\/strong> einsetzbar: Kekse, S\u00fc\u00dfwaren, Geschenkt\u00fcten, Deko.<\/li>\n<\/ul>\n<p>&nbsp;<\/p>\n<p><!--more--><\/p>\n<h4>Weitere Informationen :<\/h4>\n<ul>\n<li><strong>Verpackung<\/strong>: Packung mit 2000<\/li>\n<li><strong>L\u00e4nge<\/strong>: 9 cm<\/li>\n<li><strong>Farbe<\/strong>: Gold<\/li>\n<li><strong>Material<\/strong>: Metall<\/li>\n<\/ul>\n<p>&nbsp;<\/p>\n<p><!--more--><\/p>\n<p>Dieser Link ist auch in 100er Packungen erh\u00e4ltlich : <span style=\"color: #d12727;\"><a style=\"color: #d12727;\" href=\"https:\/\/www.csj-emballages.com\/de\/produit\/100-links-metallic-gold-95-mm\/\">LIENMET<\/a><\/span><\/p>\n<p>&nbsp;<\/p>\n<p><!--more--><\/p>\n<p>Finden Sie ihn auch als Folie : <span style=\"color: #d12727;\"><a style=\"color: #d12727;\" href=\"https:\/\/www.csj-emballages.com\/produit\/2000-liens-de-serrage-transparents\/\">LIENSTRAN<\/a><\/span><\/p>\n<p>&nbsp;<\/p>\n<p><!--more--><\/p>\n<p><a href=\"https:\/\/www.csj-emballages.com\/de\/categorie-produit\/lebensmittelverpackungen\/backerei-und-konditorei\/sacke-beutel-und-papier\/beutel-fur-suswaren\/klemmbinder-de\/\">Sehen Sie sich den Rest unseres Sortiments an Kabelbindern an  <\/a><\/p>\n","protected":false},"excerpt":{"rendered":"<p>Klemmbinde Beschreibung von unserem Metall-Klemmband Gold durch 2000<\/p>\n","protected":false},"featured_media":243417,"template":"","meta":{"_acf_changed":false},"product_brand":[],"product_cat":[1137,1171,1794,2839,1678,2840,1487,1813,2841],"product_tag":[],"class_list":{"0":"post-21884","1":"product","2":"type-product","3":"status-publish","4":"has-post-thumbnail","6":"product_cat-lebensmittelverpackungen","7":"product_cat-backerei-und-konditorei","8":"product_cat-dekoratives-zubehor","9":"product_cat-klemmbinder","10":"product_cat-beutel-fur-suswaren","11":"product_cat-klemmbinder-de","12":"product_cat-boutique-und-geschaft","13":"product_cat-dekoratives-zubehor-de","14":"product_cat-klemmbinder-de-2","16":"first","17":"instock","18":"taxable","19":"shipping-taxable","20":"purchasable","21":"product-type-simple"},"acf":[],"yoast_head":"<!-- This site is optimized with the Yoast SEO Premium plugin v26.6 (Yoast SEO v26.6) - https:\/\/yoast.com\/wordpress\/plugins\/seo\/ -->\n<title>Metallische Klammern Gold pro 2000<\/title>\n<meta name=\"description\" content=\"TWIST Gold Metall-Klemmband: schneller, zuverl\u00e4ssiger und eleganter Verschluss f\u00fcr Lebensmittel- oder Geschenkt\u00fcten. Schachtel mit 2000 St\u00fcck.\" \/>\n<meta name=\"robots\" content=\"index, follow, max-snippet:-1, max-image-preview:large, max-video-preview:-1\" \/>\n<link rel=\"canonical\" href=\"https:\/\/www.csj-emballages.com\/de\/produit\/2000-klemmbinder-gold\/\" \/>\n<meta property=\"og:locale\" content=\"de_DE\" \/>\n<meta property=\"og:type\" content=\"article\" \/>\n<meta property=\"og:title\" content=\"Metallischer Klemmbinder Gold pro 2000\" \/>\n<meta property=\"og:description\" content=\"TWIST Gold Metall-Klemmband: schneller, zuverl\u00e4ssiger und eleganter Verschluss f\u00fcr Lebensmittel- oder Geschenkt\u00fcten. Schachtel mit 2000 St\u00fcck.\" \/>\n<meta property=\"og:url\" content=\"https:\/\/www.csj-emballages.com\/de\/produit\/2000-klemmbinder-gold\/\" \/>\n<meta property=\"og:site_name\" content=\"CSJ Emballages\" \/>\n<meta property=\"article:publisher\" content=\"https:\/\/www.facebook.com\/csjemballages\" \/>\n<meta property=\"article:modified_time\" content=\"2026-04-22T00:13:20+00:00\" \/>\n<meta property=\"og:image\" content=\"https:\/\/www.csj-emballages.com\/wp-content\/uploads\/2024\/03\/LIENSOR.webp\" \/>\n\t<meta property=\"og:image:width\" content=\"800\" \/>\n\t<meta property=\"og:image:height\" content=\"800\" \/>\n\t<meta property=\"og:image:type\" content=\"image\/webp\" \/>\n<meta name=\"twitter:card\" content=\"summary_large_image\" \/>\n<meta name=\"twitter:label1\" content=\"Gesch\u00e4tzte Lesezeit\" \/>\n\t<meta name=\"twitter:data1\" content=\"2 Minuten\" \/>\n<script type=\"application\/ld+json\" class=\"yoast-schema-graph\">{\"@context\":\"https:\/\/schema.org\",\"@graph\":[{\"@type\":\"WebPage\",\"@id\":\"https:\/\/www.csj-emballages.com\/de\/produit\/2000-klemmbinder-gold\/\",\"url\":\"https:\/\/www.csj-emballages.com\/de\/produit\/2000-klemmbinder-gold\/\",\"name\":\"Metallische Klammern Gold pro 2000\",\"isPartOf\":{\"@id\":\"https:\/\/www.csj-emballages.com\/de\/#website\"},\"primaryImageOfPage\":{\"@id\":\"https:\/\/www.csj-emballages.com\/de\/produit\/2000-klemmbinder-gold\/#primaryimage\"},\"image\":{\"@id\":\"https:\/\/www.csj-emballages.com\/de\/produit\/2000-klemmbinder-gold\/#primaryimage\"},\"thumbnailUrl\":\"https:\/\/www.csj-emballages.com\/wp-content\/uploads\/2024\/03\/LIENSOR.webp\",\"datePublished\":\"2024-03-01T15:51:55+00:00\",\"dateModified\":\"2026-04-22T00:13:20+00:00\",\"description\":\"TWIST Gold Metall-Klemmband: schneller, zuverl\u00e4ssiger und eleganter Verschluss f\u00fcr Lebensmittel- oder Geschenkt\u00fcten. Schachtel mit 2000 St\u00fcck.\",\"breadcrumb\":{\"@id\":\"https:\/\/www.csj-emballages.com\/de\/produit\/2000-klemmbinder-gold\/#breadcrumb\"},\"inLanguage\":\"de\",\"potentialAction\":[{\"@type\":\"ReadAction\",\"target\":[\"https:\/\/www.csj-emballages.com\/de\/produit\/2000-klemmbinder-gold\/\"]}]},{\"@type\":\"ImageObject\",\"inLanguage\":\"de\",\"@id\":\"https:\/\/www.csj-emballages.com\/de\/produit\/2000-klemmbinder-gold\/#primaryimage\",\"url\":\"https:\/\/www.csj-emballages.com\/wp-content\/uploads\/2024\/03\/LIENSOR.webp\",\"contentUrl\":\"https:\/\/www.csj-emballages.com\/wp-content\/uploads\/2024\/03\/LIENSOR.webp\",\"width\":800,\"height\":800,\"caption\":\"Lien de serrage\"},{\"@type\":\"BreadcrumbList\",\"@id\":\"https:\/\/www.csj-emballages.com\/de\/produit\/2000-klemmbinder-gold\/#breadcrumb\",\"itemListElement\":[{\"@type\":\"ListItem\",\"position\":1,\"name\":\"Accueil\",\"item\":\"https:\/\/www.csj-emballages.com\/de\/universum-lebensmittelverpackungen\/\"},{\"@type\":\"ListItem\",\"position\":2,\"name\":\"Shop\",\"item\":\"https:\/\/www.csj-emballages.com\/shop\/\"},{\"@type\":\"ListItem\",\"position\":3,\"name\":\"Metallischer Klemmbinder Gold pro 2000\"}]},{\"@type\":\"WebSite\",\"@id\":\"https:\/\/www.csj-emballages.com\/de\/#website\",\"url\":\"https:\/\/www.csj-emballages.com\/de\/\",\"name\":\"CSJ Emballages\",\"description\":\"\",\"publisher\":{\"@id\":\"https:\/\/www.csj-emballages.com\/de\/#organization\"},\"potentialAction\":[{\"@type\":\"SearchAction\",\"target\":{\"@type\":\"EntryPoint\",\"urlTemplate\":\"https:\/\/www.csj-emballages.com\/de\/?s={search_term_string}\"},\"query-input\":{\"@type\":\"PropertyValueSpecification\",\"valueRequired\":true,\"valueName\":\"search_term_string\"}}],\"inLanguage\":\"de\"},{\"@type\":\"Organization\",\"@id\":\"https:\/\/www.csj-emballages.com\/de\/#Organization\/\",\"name\":\"CSJ Emballages\",\"url\":\"https:\/\/www.csj-emballages.com\/de\/\",\"logo\":{\"@type\":\"ImageObject\",\"inLanguage\":\"de\",\"@id\":\"https:\/\/www.csj-emballages.com\/de\/#\/schema\/logo\/image\/\",\"url\":\"https:\/\/www.csj-emballages.com\/wp-content\/uploads\/2023\/10\/logo_csj.webp\",\"contentUrl\":\"https:\/\/www.csj-emballages.com\/wp-content\/uploads\/2023\/10\/logo_csj.webp\",\"width\":250,\"height\":95,\"caption\":\"CSJ Emballages\"},\"image\":{\"@id\":\"https:\/\/www.csj-emballages.com\/de\/#\/schema\/logo\/image\/\"},\"sameAs\":[\"https:\/\/www.facebook.com\/csjemballages\"],\"address\":{\"@type\":\"PostalAddress\",\"streetAddress\":\"ZI La Lechere\",\"addressLocality\":\"Patornay\",\"postalCode\":\"39130\",\"addressCountry\":\"FR\"},\"contactPoint\":[{\"@type\":\"ContactPoint\",\"contactType\":\"Service client\",\"telephone\":\"0384254272\",\"email\":\"contact@csj-emballages.com\"}]}]}<\/script>\n<!-- \/ Yoast SEO Premium plugin. -->","yoast_head_json":{"title":"Metallische Klammern Gold pro 2000","description":"TWIST Gold Metall-Klemmband: schneller, zuverl\u00e4ssiger und eleganter Verschluss f\u00fcr Lebensmittel- oder Geschenkt\u00fcten. Schachtel mit 2000 St\u00fcck.","robots":{"index":"index","follow":"follow","max-snippet":"max-snippet:-1","max-image-preview":"max-image-preview:large","max-video-preview":"max-video-preview:-1"},"canonical":"https:\/\/www.csj-emballages.com\/de\/produit\/2000-klemmbinder-gold\/","og_locale":"de_DE","og_type":"article","og_title":"Metallischer Klemmbinder Gold pro 2000","og_description":"TWIST Gold Metall-Klemmband: schneller, zuverl\u00e4ssiger und eleganter Verschluss f\u00fcr Lebensmittel- oder Geschenkt\u00fcten. Schachtel mit 2000 St\u00fcck.","og_url":"https:\/\/www.csj-emballages.com\/de\/produit\/2000-klemmbinder-gold\/","og_site_name":"CSJ Emballages","article_publisher":"https:\/\/www.facebook.com\/csjemballages","article_modified_time":"2026-04-22T00:13:20+00:00","og_image":[{"width":800,"height":800,"url":"https:\/\/www.csj-emballages.com\/wp-content\/uploads\/2024\/03\/LIENSOR.webp","type":"image\/webp"}],"twitter_card":"summary_large_image","twitter_misc":{"Gesch\u00e4tzte Lesezeit":"2 Minuten"},"schema":{"@context":"https:\/\/schema.org","@graph":[{"@type":"WebPage","@id":"https:\/\/www.csj-emballages.com\/de\/produit\/2000-klemmbinder-gold\/","url":"https:\/\/www.csj-emballages.com\/de\/produit\/2000-klemmbinder-gold\/","name":"Metallische Klammern Gold pro 2000","isPartOf":{"@id":"https:\/\/www.csj-emballages.com\/de\/#website"},"primaryImageOfPage":{"@id":"https:\/\/www.csj-emballages.com\/de\/produit\/2000-klemmbinder-gold\/#primaryimage"},"image":{"@id":"https:\/\/www.csj-emballages.com\/de\/produit\/2000-klemmbinder-gold\/#primaryimage"},"thumbnailUrl":"https:\/\/www.csj-emballages.com\/wp-content\/uploads\/2024\/03\/LIENSOR.webp","datePublished":"2024-03-01T15:51:55+00:00","dateModified":"2026-04-22T00:13:20+00:00","description":"TWIST Gold Metall-Klemmband: schneller, zuverl\u00e4ssiger und eleganter Verschluss f\u00fcr Lebensmittel- oder Geschenkt\u00fcten. Schachtel mit 2000 St\u00fcck.","breadcrumb":{"@id":"https:\/\/www.csj-emballages.com\/de\/produit\/2000-klemmbinder-gold\/#breadcrumb"},"inLanguage":"de","potentialAction":[{"@type":"ReadAction","target":["https:\/\/www.csj-emballages.com\/de\/produit\/2000-klemmbinder-gold\/"]}]},{"@type":"ImageObject","inLanguage":"de","@id":"https:\/\/www.csj-emballages.com\/de\/produit\/2000-klemmbinder-gold\/#primaryimage","url":"https:\/\/www.csj-emballages.com\/wp-content\/uploads\/2024\/03\/LIENSOR.webp","contentUrl":"https:\/\/www.csj-emballages.com\/wp-content\/uploads\/2024\/03\/LIENSOR.webp","width":800,"height":800,"caption":"Lien de serrage"},{"@type":"BreadcrumbList","@id":"https:\/\/www.csj-emballages.com\/de\/produit\/2000-klemmbinder-gold\/#breadcrumb","itemListElement":[{"@type":"ListItem","position":1,"name":"Accueil","item":"https:\/\/www.csj-emballages.com\/de\/universum-lebensmittelverpackungen\/"},{"@type":"ListItem","position":2,"name":"Shop","item":"https:\/\/www.csj-emballages.com\/shop\/"},{"@type":"ListItem","position":3,"name":"Metallischer Klemmbinder Gold pro 2000"}]},{"@type":"WebSite","@id":"https:\/\/www.csj-emballages.com\/de\/#website","url":"https:\/\/www.csj-emballages.com\/de\/","name":"CSJ Emballages","description":"","publisher":{"@id":"https:\/\/www.csj-emballages.com\/de\/#organization"},"potentialAction":[{"@type":"SearchAction","target":{"@type":"EntryPoint","urlTemplate":"https:\/\/www.csj-emballages.com\/de\/?s={search_term_string}"},"query-input":{"@type":"PropertyValueSpecification","valueRequired":true,"valueName":"search_term_string"}}],"inLanguage":"de"},{"@type":"Organization","@id":"https:\/\/www.csj-emballages.com\/de\/#Organization\/","name":"CSJ Emballages","url":"https:\/\/www.csj-emballages.com\/de\/","logo":{"@type":"ImageObject","inLanguage":"de","@id":"https:\/\/www.csj-emballages.com\/de\/#\/schema\/logo\/image\/","url":"https:\/\/www.csj-emballages.com\/wp-content\/uploads\/2023\/10\/logo_csj.webp","contentUrl":"https:\/\/www.csj-emballages.com\/wp-content\/uploads\/2023\/10\/logo_csj.webp","width":250,"height":95,"caption":"CSJ Emballages"},"image":{"@id":"https:\/\/www.csj-emballages.com\/de\/#\/schema\/logo\/image\/"},"sameAs":["https:\/\/www.facebook.com\/csjemballages"],"address":{"@type":"PostalAddress","streetAddress":"ZI La Lechere","addressLocality":"Patornay","postalCode":"39130","addressCountry":"FR"},"contactPoint":[{"@type":"ContactPoint","contactType":"Service client","telephone":"0384254272","email":"contact@csj-emballages.com"}]}]}},"df_price":8.24,"df_sale_price":"","df_regular_price":8.24,"df_image_link":"https:\/\/www.csj-emballages.com\/wp-content\/uploads\/2024\/03\/LIENSOR-300x300.webp","tiered_pricing_type":"fixed","tiered_pricing_fixed_rules":[],"tiered_pricing_percentage_rules":[],"tiered_pricing_minimum":1,"tiered_pricing_roles_data":[],"_links":{"self":[{"href":"https:\/\/www.csj-emballages.com\/de\/wp-json\/wp\/v2\/product\/21884","targetHints":{"allow":["GET"]}}],"collection":[{"href":"https:\/\/www.csj-emballages.com\/de\/wp-json\/wp\/v2\/product"}],"about":[{"href":"https:\/\/www.csj-emballages.com\/de\/wp-json\/wp\/v2\/types\/product"}],"wp:featuredmedia":[{"embeddable":true,"href":"https:\/\/www.csj-emballages.com\/de\/wp-json\/wp\/v2\/media\/243417"}],"wp:attachment":[{"href":"https:\/\/www.csj-emballages.com\/de\/wp-json\/wp\/v2\/media?parent=21884"}],"wp:term":[{"taxonomy":"product_brand","embeddable":true,"href":"https:\/\/www.csj-emballages.com\/de\/wp-json\/wp\/v2\/product_brand?post=21884"},{"taxonomy":"product_cat","embeddable":true,"href":"https:\/\/www.csj-emballages.com\/de\/wp-json\/wp\/v2\/product_cat?post=21884"},{"taxonomy":"product_tag","embeddable":true,"href":"https:\/\/www.csj-emballages.com\/de\/wp-json\/wp\/v2\/product_tag?post=21884"}],"curies":[{"name":"wp","href":"https:\/\/api.w.org\/{rel}","templated":true}]}}