{"id":21863,"date":"2024-03-01T16:51:55","date_gmt":"2024-03-01T15:51:55","guid":{"rendered":"https:\/\/u15jnbdpoq.preview.infomaniak.website\/produit\/glasreinigungsfluessigkeit-5-l\/"},"modified":"2026-04-28T02:16:24","modified_gmt":"2026-04-28T00:16:24","slug":"glasreinigungsfluessigkeit-5-l","status":"publish","type":"product","link":"https:\/\/www.csj-emballages.com\/de\/produit\/glasreinigungsfluessigkeit-5-l\/","title":{"rendered":"Fensterreinigungsfl\u00fcssigkeit 5 L"},"content":{"rendered":"<div style=\"color: #000000\">\n<div style=\"color: #000000\">\n<div style=\"color: #000000\">\n<div style=\"color: #000000\">\n<div style=\"color: #000000\">\n<div style=\"color: #000000\">\n<h2 class=\"p1 ai-optimize-26 ai-optimize-introduction\">Fensterreinigungsfl\u00fcssigkeit<\/h2>\n<hr>\n<h3 class=\"ai-optimize-27\">Beschreibung unserer Fensterreinigungsfl\u00fcssigkeit 5L<\/h3>\n<p><!--more--><\/p>\n<p class=\"ai-optimize-56 ai-optimize-introduction\" data-start=\"282\" data-end=\"719\">Diese <strong data-start=\"285\" data-end=\"329\">Fensterreinigungsfl\u00fcssigkeit im 5-Liter-Kanister<\/strong> ist die ideale L\u00f6sung f\u00fcr Gewerbetreibende oder Privatpersonen, die ein wirksames, wirtschaftliches und zuverl\u00e4ssiges Produkt f\u00fcr die Reinigung gro\u00dfer Glasfl\u00e4chen suchen. Ob Sie ein Restaurant leiten, f\u00fcr die Reinigung in einem Unternehmen verantwortlich sind oder einfach nur auf die Pflege Ihres Hauses achten, dieses Produkt garantiert Ihnen perfekt saubere Fenster <strong data-start=\"692\" data-end=\"718\">ohne Streifen und R\u00fcckst\u00e4nde<\/strong>. <\/p>\n<p class=\"ai-optimize-57\" data-start=\"721\" data-end=\"1072\">Seine leistungsstarke Formel erm\u00f6glicht eine <strong data-start=\"754\" data-end=\"774\">schnelle Reinigung<\/strong> aller nicht por\u00f6sen Oberfl\u00e4chen: Fensterscheiben, Spiegel, Schaufenster, Erker, Windschutzscheiben, Duschkabinen usw. Dank seiner <strong data-start=\"904\" data-end=\"927\">entfettenden Wirkung<\/strong> entfernt er wirksam Staub, Fingerabdr\u00fccke, Fettspritzer oder Verschmutzungen, und das alles <strong data-start=\"1041\" data-end=\"1071\">ohne \u00fcberm\u00e4\u00dfiges Reiben<\/strong>. <\/p>\n<p class=\"ai-optimize-58\" data-start=\"1074\" data-end=\"1439\">Das <strong>5L-Format<\/strong> ist perfekt f\u00fcr den regelm\u00e4\u00dfigen Gebrauch geeignet, mit der M\u00f6glichkeit, Ihre Spr\u00fch- oder Reinigungsmaschinen nachzuf\u00fcllen. Es ist au\u00dferdem kosteng\u00fcnstig, da es die Anschaffungskosten und die H\u00e4ufigkeit des Nachf\u00fcllens reduziert. Da es mit den meisten manuellen oder automatischen Spr\u00fchger\u00e4ten kompatibel ist, l\u00e4sst sich dieses Produkt leicht in Ihre Reinigungsroutine integrieren.  <\/p>\n<p class=\"ai-optimize-59\" data-start=\"1441\" data-end=\"1549\">Pur angewendet trocknet es schnell und streifenfrei und sorgt f\u00fcr ein <strong data-start=\"1506\" data-end=\"1548\">sauberes, professionelles und lang anhaltendes Ergebnis<\/strong>.<\/p>\n<p data-start=\"1441\" data-end=\"1549\">\n<p><!--more--><\/p>\n<h4 class=\"ai-optimize-33\">Seine Vorteile :<\/h4>\n<ul>\n<li class=\"ai-optimize-34\"><strong data-start=\"1580\" data-end=\"1605\">Streifenfreie Reinigung<\/strong> auch auf gro\u00dfen Fl\u00e4chen.<\/li>\n<li class=\"ai-optimize-35\"><strong data-start=\"1638\" data-end=\"1661\">Fettl\u00f6sekraft<\/strong>: Entfernt wirksam Schmutz.<\/li>\n<li class=\"ai-optimize-37\">Geeignet f\u00fcr alle Glas- und nicht por\u00f6sen Oberfl\u00e4chen.<\/li>\n<li class=\"ai-optimize-31\"><strong data-start=\"1850\" data-end=\"1874\">Sparformat 5L<\/strong>: ideal f\u00fcr Nachf\u00fcllungen und intensiven Gebrauch.<\/li>\n<li class=\"ai-optimize-60\"><strong data-start=\"2073\" data-end=\"2100\">Gebrauchsfertiges Produkt<\/strong>, das nicht verd\u00fcnnt werden muss.<\/li>\n<li class=\"ai-optimize-61\"><strong data-start=\"1702\" data-end=\"1720\">Schnell trocknend<\/strong>, kein Nachsp\u00fclen erforderlich.<\/li>\n<\/ul>\n<p>&nbsp;<\/p>\n<p><!--more--><\/p>\n<h4 class=\"ai-optimize-40\">Weitere Informationen :<\/h4>\n<\/div>\n<ul>\n<li class=\"ai-optimize-41\"><strong>Verpackung<\/strong>: Einzeln<\/li>\n<li class=\"ai-optimize-45\"><strong>Verwendung<\/strong>: Fensterreiniger<\/li>\n<li class=\"ai-optimize-44\"><strong>Volumen<\/strong>: 5 Liter<\/li>\n<\/ul>\n<p>&nbsp;<\/p>\n<\/div>\n<\/div>\n<\/div>\n<\/div>\n<\/div>\n<p><!--more--><\/p>\n<p class=\"ai-optimize-42\">Finden Sie auch unseren fl\u00fcssigen Glasreiniger in 5 L : <span style=\"color: #d12727\"><a style=\"color: #d12727\" href=\"https:\/\/www.csj-emballages.com\/es\/produit\/limpiacristales-en-spray-750-ml\/\">LVITP<\/a><\/span><\/p>\n<p>&nbsp;<\/p>\n<p><!--more--><\/p>\n<p class=\"ai-optimize-43\"><a href=\"https:\/\/www.csj-emballages.com\/de\/categorie-produit\/hygiene-und-pflege\/pflegeprodukte\/glas-wandpflege\/fensterpflege\/\">Sehen Sie sich den Rest unseres Sortiments an Glasreinigungsprodukten an<\/a><\/p>\n","protected":false},"excerpt":{"rendered":"<p>Fensterreinigungsfl\u00fcssigkeit Beschreibung unserer Fensterreinigungsfl\u00fcssigkeit 5L<\/p>\n","protected":false},"featured_media":235609,"template":"","meta":{"_acf_changed":false},"product_brand":[],"product_cat":[1218,1219,1901,2832],"product_tag":[],"class_list":{"0":"post-21863","1":"product","2":"type-product","3":"status-publish","4":"has-post-thumbnail","6":"product_cat-hygiene-und-pflege","7":"product_cat-pflegeprodukte","8":"product_cat-glas-wandpflege","9":"product_cat-fensterpflege","10":"product_shipping_class-verboten-in-staffeln","12":"first","13":"instock","14":"taxable","15":"shipping-taxable","16":"purchasable","17":"product-type-simple"},"acf":[],"yoast_head":"<!-- This site is optimized with the Yoast SEO Premium plugin v26.6 (Yoast SEO v26.6) - https:\/\/yoast.com\/wordpress\/plugins\/seo\/ -->\n<title>Fensterreinigungsfl\u00fcssigkeit 5L<\/title>\n<meta name=\"description\" content=\"Fensterreinigungsfl\u00fcssigkeit 5L: Reinigt Glas und nicht por\u00f6se Oberfl\u00e4chen streifenfrei. Ideal f\u00fcr den Gebrauch im Beruf oder zu Hause.\" \/>\n<meta name=\"robots\" content=\"index, follow, max-snippet:-1, max-image-preview:large, max-video-preview:-1\" \/>\n<link rel=\"canonical\" href=\"https:\/\/www.csj-emballages.com\/de\/produit\/glasreinigungsfluessigkeit-5-l\/\" \/>\n<meta property=\"og:locale\" content=\"de_DE\" \/>\n<meta property=\"og:type\" content=\"article\" \/>\n<meta property=\"og:title\" content=\"Fensterreinigungsfl\u00fcssigkeit 5 L\" \/>\n<meta property=\"og:description\" content=\"Fensterreinigungsfl\u00fcssigkeit 5L: Reinigt Glas und nicht por\u00f6se Oberfl\u00e4chen streifenfrei. Ideal f\u00fcr den Gebrauch im Beruf oder zu Hause.\" \/>\n<meta property=\"og:url\" content=\"https:\/\/www.csj-emballages.com\/de\/produit\/glasreinigungsfluessigkeit-5-l\/\" \/>\n<meta property=\"og:site_name\" content=\"CSJ Emballages\" \/>\n<meta property=\"article:publisher\" content=\"https:\/\/www.facebook.com\/csjemballages\" \/>\n<meta property=\"article:modified_time\" content=\"2026-04-28T00:16:24+00:00\" \/>\n<meta property=\"og:image\" content=\"https:\/\/www.csj-emballages.com\/wp-content\/uploads\/2024\/03\/LVIT.webp\" \/>\n\t<meta property=\"og:image:width\" content=\"800\" \/>\n\t<meta property=\"og:image:height\" content=\"800\" \/>\n\t<meta property=\"og:image:type\" content=\"image\/webp\" \/>\n<meta name=\"twitter:card\" content=\"summary_large_image\" \/>\n<meta name=\"twitter:label1\" content=\"Gesch\u00e4tzte Lesezeit\" \/>\n\t<meta name=\"twitter:data1\" content=\"1\u00a0Minute\" \/>\n<script type=\"application\/ld+json\" class=\"yoast-schema-graph\">{\"@context\":\"https:\/\/schema.org\",\"@graph\":[{\"@type\":\"WebPage\",\"@id\":\"https:\/\/www.csj-emballages.com\/de\/produit\/glasreinigungsfluessigkeit-5-l\/\",\"url\":\"https:\/\/www.csj-emballages.com\/de\/produit\/glasreinigungsfluessigkeit-5-l\/\",\"name\":\"Fensterreinigungsfl\u00fcssigkeit 5L\",\"isPartOf\":{\"@id\":\"https:\/\/www.csj-emballages.com\/de\/#website\"},\"primaryImageOfPage\":{\"@id\":\"https:\/\/www.csj-emballages.com\/de\/produit\/glasreinigungsfluessigkeit-5-l\/#primaryimage\"},\"image\":{\"@id\":\"https:\/\/www.csj-emballages.com\/de\/produit\/glasreinigungsfluessigkeit-5-l\/#primaryimage\"},\"thumbnailUrl\":\"https:\/\/www.csj-emballages.com\/wp-content\/uploads\/2024\/03\/LVIT.webp\",\"datePublished\":\"2024-03-01T15:51:55+00:00\",\"dateModified\":\"2026-04-28T00:16:24+00:00\",\"description\":\"Fensterreinigungsfl\u00fcssigkeit 5L: Reinigt Glas und nicht por\u00f6se Oberfl\u00e4chen streifenfrei. Ideal f\u00fcr den Gebrauch im Beruf oder zu Hause.\",\"breadcrumb\":{\"@id\":\"https:\/\/www.csj-emballages.com\/de\/produit\/glasreinigungsfluessigkeit-5-l\/#breadcrumb\"},\"inLanguage\":\"de\",\"potentialAction\":[{\"@type\":\"ReadAction\",\"target\":[\"https:\/\/www.csj-emballages.com\/de\/produit\/glasreinigungsfluessigkeit-5-l\/\"]}]},{\"@type\":\"ImageObject\",\"inLanguage\":\"de\",\"@id\":\"https:\/\/www.csj-emballages.com\/de\/produit\/glasreinigungsfluessigkeit-5-l\/#primaryimage\",\"url\":\"https:\/\/www.csj-emballages.com\/wp-content\/uploads\/2024\/03\/LVIT.webp\",\"contentUrl\":\"https:\/\/www.csj-emballages.com\/wp-content\/uploads\/2024\/03\/LVIT.webp\",\"width\":800,\"height\":800,\"caption\":\"Liquide lave vitres\"},{\"@type\":\"BreadcrumbList\",\"@id\":\"https:\/\/www.csj-emballages.com\/de\/produit\/glasreinigungsfluessigkeit-5-l\/#breadcrumb\",\"itemListElement\":[{\"@type\":\"ListItem\",\"position\":1,\"name\":\"Accueil\",\"item\":\"https:\/\/www.csj-emballages.com\/de\/universum-lebensmittelverpackungen\/\"},{\"@type\":\"ListItem\",\"position\":2,\"name\":\"Shop\",\"item\":\"https:\/\/www.csj-emballages.com\/shop\/\"},{\"@type\":\"ListItem\",\"position\":3,\"name\":\"Fensterreinigungsfl\u00fcssigkeit 5 L\"}]},{\"@type\":\"WebSite\",\"@id\":\"https:\/\/www.csj-emballages.com\/de\/#website\",\"url\":\"https:\/\/www.csj-emballages.com\/de\/\",\"name\":\"CSJ Emballages\",\"description\":\"\",\"publisher\":{\"@id\":\"https:\/\/www.csj-emballages.com\/de\/#organization\"},\"potentialAction\":[{\"@type\":\"SearchAction\",\"target\":{\"@type\":\"EntryPoint\",\"urlTemplate\":\"https:\/\/www.csj-emballages.com\/de\/?s={search_term_string}\"},\"query-input\":{\"@type\":\"PropertyValueSpecification\",\"valueRequired\":true,\"valueName\":\"search_term_string\"}}],\"inLanguage\":\"de\"},{\"@type\":\"Organization\",\"@id\":\"https:\/\/www.csj-emballages.com\/de\/#Organization\/\",\"name\":\"CSJ Emballages\",\"url\":\"https:\/\/www.csj-emballages.com\/de\/\",\"logo\":{\"@type\":\"ImageObject\",\"inLanguage\":\"de\",\"@id\":\"https:\/\/www.csj-emballages.com\/de\/#\/schema\/logo\/image\/\",\"url\":\"https:\/\/www.csj-emballages.com\/wp-content\/uploads\/2023\/10\/logo_csj.webp\",\"contentUrl\":\"https:\/\/www.csj-emballages.com\/wp-content\/uploads\/2023\/10\/logo_csj.webp\",\"width\":250,\"height\":95,\"caption\":\"CSJ Emballages\"},\"image\":{\"@id\":\"https:\/\/www.csj-emballages.com\/de\/#\/schema\/logo\/image\/\"},\"sameAs\":[\"https:\/\/www.facebook.com\/csjemballages\"],\"address\":{\"@type\":\"PostalAddress\",\"streetAddress\":\"ZI La Lechere\",\"addressLocality\":\"Patornay\",\"postalCode\":\"39130\",\"addressCountry\":\"FR\"},\"contactPoint\":[{\"@type\":\"ContactPoint\",\"contactType\":\"Service client\",\"telephone\":\"0384254272\",\"email\":\"contact@csj-emballages.com\"}]}]}<\/script>\n<!-- \/ Yoast SEO Premium plugin. -->","yoast_head_json":{"title":"Fensterreinigungsfl\u00fcssigkeit 5L","description":"Fensterreinigungsfl\u00fcssigkeit 5L: Reinigt Glas und nicht por\u00f6se Oberfl\u00e4chen streifenfrei. Ideal f\u00fcr den Gebrauch im Beruf oder zu Hause.","robots":{"index":"index","follow":"follow","max-snippet":"max-snippet:-1","max-image-preview":"max-image-preview:large","max-video-preview":"max-video-preview:-1"},"canonical":"https:\/\/www.csj-emballages.com\/de\/produit\/glasreinigungsfluessigkeit-5-l\/","og_locale":"de_DE","og_type":"article","og_title":"Fensterreinigungsfl\u00fcssigkeit 5 L","og_description":"Fensterreinigungsfl\u00fcssigkeit 5L: Reinigt Glas und nicht por\u00f6se Oberfl\u00e4chen streifenfrei. Ideal f\u00fcr den Gebrauch im Beruf oder zu Hause.","og_url":"https:\/\/www.csj-emballages.com\/de\/produit\/glasreinigungsfluessigkeit-5-l\/","og_site_name":"CSJ Emballages","article_publisher":"https:\/\/www.facebook.com\/csjemballages","article_modified_time":"2026-04-28T00:16:24+00:00","og_image":[{"width":800,"height":800,"url":"https:\/\/www.csj-emballages.com\/wp-content\/uploads\/2024\/03\/LVIT.webp","type":"image\/webp"}],"twitter_card":"summary_large_image","twitter_misc":{"Gesch\u00e4tzte Lesezeit":"1\u00a0Minute"},"schema":{"@context":"https:\/\/schema.org","@graph":[{"@type":"WebPage","@id":"https:\/\/www.csj-emballages.com\/de\/produit\/glasreinigungsfluessigkeit-5-l\/","url":"https:\/\/www.csj-emballages.com\/de\/produit\/glasreinigungsfluessigkeit-5-l\/","name":"Fensterreinigungsfl\u00fcssigkeit 5L","isPartOf":{"@id":"https:\/\/www.csj-emballages.com\/de\/#website"},"primaryImageOfPage":{"@id":"https:\/\/www.csj-emballages.com\/de\/produit\/glasreinigungsfluessigkeit-5-l\/#primaryimage"},"image":{"@id":"https:\/\/www.csj-emballages.com\/de\/produit\/glasreinigungsfluessigkeit-5-l\/#primaryimage"},"thumbnailUrl":"https:\/\/www.csj-emballages.com\/wp-content\/uploads\/2024\/03\/LVIT.webp","datePublished":"2024-03-01T15:51:55+00:00","dateModified":"2026-04-28T00:16:24+00:00","description":"Fensterreinigungsfl\u00fcssigkeit 5L: Reinigt Glas und nicht por\u00f6se Oberfl\u00e4chen streifenfrei. Ideal f\u00fcr den Gebrauch im Beruf oder zu Hause.","breadcrumb":{"@id":"https:\/\/www.csj-emballages.com\/de\/produit\/glasreinigungsfluessigkeit-5-l\/#breadcrumb"},"inLanguage":"de","potentialAction":[{"@type":"ReadAction","target":["https:\/\/www.csj-emballages.com\/de\/produit\/glasreinigungsfluessigkeit-5-l\/"]}]},{"@type":"ImageObject","inLanguage":"de","@id":"https:\/\/www.csj-emballages.com\/de\/produit\/glasreinigungsfluessigkeit-5-l\/#primaryimage","url":"https:\/\/www.csj-emballages.com\/wp-content\/uploads\/2024\/03\/LVIT.webp","contentUrl":"https:\/\/www.csj-emballages.com\/wp-content\/uploads\/2024\/03\/LVIT.webp","width":800,"height":800,"caption":"Liquide lave vitres"},{"@type":"BreadcrumbList","@id":"https:\/\/www.csj-emballages.com\/de\/produit\/glasreinigungsfluessigkeit-5-l\/#breadcrumb","itemListElement":[{"@type":"ListItem","position":1,"name":"Accueil","item":"https:\/\/www.csj-emballages.com\/de\/universum-lebensmittelverpackungen\/"},{"@type":"ListItem","position":2,"name":"Shop","item":"https:\/\/www.csj-emballages.com\/shop\/"},{"@type":"ListItem","position":3,"name":"Fensterreinigungsfl\u00fcssigkeit 5 L"}]},{"@type":"WebSite","@id":"https:\/\/www.csj-emballages.com\/de\/#website","url":"https:\/\/www.csj-emballages.com\/de\/","name":"CSJ Emballages","description":"","publisher":{"@id":"https:\/\/www.csj-emballages.com\/de\/#organization"},"potentialAction":[{"@type":"SearchAction","target":{"@type":"EntryPoint","urlTemplate":"https:\/\/www.csj-emballages.com\/de\/?s={search_term_string}"},"query-input":{"@type":"PropertyValueSpecification","valueRequired":true,"valueName":"search_term_string"}}],"inLanguage":"de"},{"@type":"Organization","@id":"https:\/\/www.csj-emballages.com\/de\/#Organization\/","name":"CSJ Emballages","url":"https:\/\/www.csj-emballages.com\/de\/","logo":{"@type":"ImageObject","inLanguage":"de","@id":"https:\/\/www.csj-emballages.com\/de\/#\/schema\/logo\/image\/","url":"https:\/\/www.csj-emballages.com\/wp-content\/uploads\/2023\/10\/logo_csj.webp","contentUrl":"https:\/\/www.csj-emballages.com\/wp-content\/uploads\/2023\/10\/logo_csj.webp","width":250,"height":95,"caption":"CSJ Emballages"},"image":{"@id":"https:\/\/www.csj-emballages.com\/de\/#\/schema\/logo\/image\/"},"sameAs":["https:\/\/www.facebook.com\/csjemballages"],"address":{"@type":"PostalAddress","streetAddress":"ZI La Lechere","addressLocality":"Patornay","postalCode":"39130","addressCountry":"FR"},"contactPoint":[{"@type":"ContactPoint","contactType":"Service client","telephone":"0384254272","email":"contact@csj-emballages.com"}]}]}},"df_price":7.22,"df_sale_price":"","df_regular_price":7.22,"df_image_link":"https:\/\/www.csj-emballages.com\/wp-content\/uploads\/2024\/03\/LVIT-300x300.webp","tiered_pricing_type":"fixed","tiered_pricing_fixed_rules":[],"tiered_pricing_percentage_rules":[],"tiered_pricing_minimum":1,"tiered_pricing_roles_data":[],"_links":{"self":[{"href":"https:\/\/www.csj-emballages.com\/de\/wp-json\/wp\/v2\/product\/21863","targetHints":{"allow":["GET"]}}],"collection":[{"href":"https:\/\/www.csj-emballages.com\/de\/wp-json\/wp\/v2\/product"}],"about":[{"href":"https:\/\/www.csj-emballages.com\/de\/wp-json\/wp\/v2\/types\/product"}],"wp:featuredmedia":[{"embeddable":true,"href":"https:\/\/www.csj-emballages.com\/de\/wp-json\/wp\/v2\/media\/235609"}],"wp:attachment":[{"href":"https:\/\/www.csj-emballages.com\/de\/wp-json\/wp\/v2\/media?parent=21863"}],"wp:term":[{"taxonomy":"product_brand","embeddable":true,"href":"https:\/\/www.csj-emballages.com\/de\/wp-json\/wp\/v2\/product_brand?post=21863"},{"taxonomy":"product_cat","embeddable":true,"href":"https:\/\/www.csj-emballages.com\/de\/wp-json\/wp\/v2\/product_cat?post=21863"},{"taxonomy":"product_tag","embeddable":true,"href":"https:\/\/www.csj-emballages.com\/de\/wp-json\/wp\/v2\/product_tag?post=21863"}],"curies":[{"name":"wp","href":"https:\/\/api.w.org\/{rel}","templated":true}]}}