{"id":21862,"date":"2024-03-01T16:51:55","date_gmt":"2024-03-01T15:51:55","guid":{"rendered":"https:\/\/u15jnbdpoq.preview.infomaniak.website\/produit\/5-gruene-mikrofasertuecher-40-x-40-cm\/"},"modified":"2026-05-13T02:15:33","modified_gmt":"2026-05-13T00:15:33","slug":"5-gruene-mikrofasertuecher-40-x-40-cm","status":"publish","type":"product","link":"https:\/\/www.csj-emballages.com\/de\/produit\/5-gruene-mikrofasertuecher-40-x-40-cm\/","title":{"rendered":"Mikrofasertuch gr\u00fcn 38 x 38 cm pro 5 St\u00fcck"},"content":{"rendered":"<div style=\"font-family: Roboto, sans-serif;\">\n<div style=\"font-family: Roboto, sans-serif;\">\n<div style=\"font-family: Roboto, sans-serif;\">\n<div style=\"font-family: Roboto, sans-serif;\">\n<div style=\"font-family: Roboto, sans-serif;\">\n<div style=\"font-family: Roboto, sans-serif;\">\n<div style=\"font-family: Roboto, sans-serif;\">\n<div style=\"font-family: Roboto, sans-serif;\">\n<div style=\"font-family: Roboto, sans-serif;\">\n<div style=\"font-family: Roboto, sans-serif;\">\n<div style=\"font-family: Roboto, sans-serif;\">\n<div style=\"font-family: Roboto, sans-serif;\">\n<div style=\"font-family: Roboto, sans-serif;\">\n<div class=\"flex flex-grow flex-col max-w-full\">\n<div class=\"min-h-[20px] text-message flex flex-col items-start whitespace-pre-wrap break-words [.text-message+&amp;]:mt-5 juice:w-full juice:items-end overflow-x-auto gap-2\" dir=\"auto\" data-message-author-role=\"assistant\" data-message-id=\"2034782e-88f9-44ef-b4dc-07dd7bf0115f\">\n<div class=\"flex w-full flex-col gap-1 juice:empty:hidden juice:first:pt-[3px]\">\n<div class=\"markdown prose w-full break-words dark:prose-invert light\">\n<div style=\"font-family: Roboto, sans-serif;\">\n<div style=\"font-family: Roboto, sans-serif;\">\n<div style=\"font-family: Roboto, sans-serif;\">\n<div style=\"font-family: Roboto, sans-serif;\">\n<div style=\"font-family: Roboto, sans-serif;\">\n<div style=\"font-family: Roboto, sans-serif;\">\n<h2>Mikrofasertuch<\/h2>\n<div style=\"font-family: Roboto, sans-serif;\">\n<div style=\"font-family: Roboto, sans-serif;\">\n<div style=\"font-family: Roboto, sans-serif;\">\n<div style=\"text-align: center;\">\n<div style=\"font-family: Roboto, sans-serif;\">\n<div style=\"font-family: Roboto, sans-serif;\">\n<div style=\"font-family: Roboto, sans-serif;\">\n<div style=\"font-family: Roboto, sans-serif;\">\n<div style=\"font-family: Roboto, sans-serif;\">\n<hr>\n<h3 style=\"font-family: Roboto, sans-serif; text-align: left;\">Beschreibung von unserem Mikrofasertuch gr\u00fcn 40 x 40 cm pro 5 St\u00fcck<!--more--><\/h3>\n<\/div>\n<\/div>\n<\/div>\n<\/div>\n<\/div>\n<\/div>\n<\/div>\n<\/div>\n<\/div>\n<\/div>\n<\/div>\n<\/div>\n<\/div>\n<\/div>\n<\/div>\n<\/div>\n<\/div>\n<\/div>\n<\/div>\n<\/div>\n<\/div>\n<\/div>\n<\/div>\n<\/div>\n<\/div>\n<\/div>\n<\/div>\n<\/div>\n<\/div>\n<\/div>\n<\/div>\n<\/div>\n<p data-start=\"188\" data-end=\"563\">Praktisch, angenehm und leicht zu finden: Dieses gr\u00fcne <strong>Mikrofasertuch<\/strong> <strong>38 x 38 cm<\/strong> bringt <strong>Farbe<\/strong> ins Spiel und ist dabei \u00e4u\u00dferst effektiv. Es reinigt, wischt und entstaubt m\u00fchelos im Alltag. Schon beim ersten Wischen nimmt es Schmutz auf und absorbiert Feuchtigkeit spurlos, selbst auf empfindlichen Oberfl\u00e4chen.  <\/p>\n<p data-start=\"565\" data-end=\"913\">Dank seines ausgewogenen Formats liegt es perfekt in der Hand und erm\u00f6glicht schnelles Arbeiten, sei es auf einer Arbeitsplatte, einem Tisch, einer Theke oder professionellem Equipment. Zudem reduziert seine <strong>Mikrofaserstruktur<\/strong> den Einsatz von Reinigungsmitteln: Ein einfaches feuchtes Wischen gen\u00fcgt oft, um ein sauberes und klares Ergebnis zu erzielen. <\/p>\n<p data-start=\"915\" data-end=\"1259\">Die <strong>gr\u00fcne Farbe<\/strong> ist nicht nur \u00e4sthetisch. Sie erleichtert auch die Reinigungsorganisation, insbesondere zur Unterscheidung von Bereichen oder Anwendungen, was im professionellen Umfeld sehr gesch\u00e4tzt wird. Ob in der K\u00fcche, Gastronomie, in Gemeinschaftseinrichtungen oder zu Hause \u2013 sie hilft, gute Hygiene-Gewohnheiten einfach beizubehalten.  <\/p>\n<p data-start=\"1261\" data-end=\"1551\">Ein weiterer wichtiger Punkt: seine Langlebigkeit. Dieses <strong>Tuch<\/strong> widersteht wiederholtem Waschen, w\u00e4hrend es seine Geschmeidigkeit und Effizienz beh\u00e4lt. Es fusselt nicht und bleibt Tag f\u00fcr Tag angenehm in der Anwendung. Und mit einem <strong data-start=\"1470\" data-end=\"1482\">5er-Set<\/strong> haben Sie immer genug, um eine saubere und praktische Rotation zu gew\u00e4hrleisten.   <\/p>\n<p data-start=\"1553\" data-end=\"1733\">Zusammenfassend kombiniert dieses <strong>gr\u00fcne Mikrofasertuch<\/strong> Effizienz, Anwendungskomfort und Organisation. Es ist ein einfaches, zuverl\u00e4ssiges und durchdachtes Werkzeug, das die t\u00e4gliche Reinigung erleichtert. <\/p>\n<div style=\"font-family: Roboto, sans-serif;\">\n<div style=\"font-family: Roboto, sans-serif;\">\n<div style=\"font-family: Roboto, sans-serif;\">\n<div style=\"font-family: Roboto, sans-serif;\">\n<div style=\"font-family: Roboto, sans-serif;\">\n<div style=\"font-family: Roboto, sans-serif;\">\n<div style=\"font-family: Roboto, sans-serif;\">\n<div style=\"font-family: Roboto, sans-serif;\">\n<div style=\"font-family: Roboto, sans-serif;\">\n<div style=\"font-family: Roboto, sans-serif;\">\n<div style=\"font-family: Roboto, sans-serif;\">\n<div style=\"font-family: Roboto, sans-serif;\">\n<div style=\"font-family: Roboto, sans-serif;\">\n<div class=\"flex flex-grow flex-col max-w-full\">\n<div class=\"min-h-[20px] text-message flex flex-col items-start whitespace-pre-wrap break-words [.text-message+&amp;]:mt-5 juice:w-full juice:items-end overflow-x-auto gap-2\" dir=\"auto\" data-message-author-role=\"assistant\" data-message-id=\"2034782e-88f9-44ef-b4dc-07dd7bf0115f\">\n<div class=\"flex w-full flex-col gap-1 juice:empty:hidden juice:first:pt-[3px]\">\n<div class=\"markdown prose w-full break-words dark:prose-invert light\">\n<div style=\"font-family: Roboto, sans-serif;\">\n<div style=\"font-family: Roboto, sans-serif;\">\n<div style=\"font-family: Roboto, sans-serif;\">\n<div style=\"font-family: Roboto, sans-serif;\">\n<div style=\"font-family: Roboto, sans-serif;\">\n<div style=\"font-family: Roboto, sans-serif;\">\n<p>&nbsp;<\/p>\n<\/div>\n<\/div>\n<\/div>\n<\/div>\n<\/div>\n<\/div>\n<\/div>\n<\/div>\n<\/div>\n<\/div>\n<\/div>\n<\/div>\n<\/div>\n<\/div>\n<\/div>\n<\/div>\n<\/div>\n<\/div>\n<\/div>\n<\/div>\n<\/div>\n<\/div>\n<\/div>\n<div style=\"font-family: Roboto, sans-serif;\">\n<div style=\"font-family: Roboto, sans-serif;\">\n<div style=\"font-family: Roboto, sans-serif;\">\n<div style=\"font-family: Roboto, sans-serif;\">\n<div style=\"font-family: Roboto, sans-serif;\">\n<div style=\"font-family: Roboto, sans-serif;\">\n<div style=\"font-family: Roboto, sans-serif;\">\n<div style=\"font-family: Roboto, sans-serif;\">\n<div style=\"font-family: Roboto, sans-serif;\">\n<div style=\"font-family: Roboto, sans-serif;\">\n<div style=\"font-family: Roboto, sans-serif;\">\n<div style=\"font-family: Roboto, sans-serif;\">\n<div style=\"font-family: Roboto, sans-serif;\">\n<div class=\"flex flex-grow flex-col max-w-full\">\n<div class=\"min-h-[20px] text-message flex flex-col items-start whitespace-pre-wrap break-words [.text-message+&amp;]:mt-5 juice:w-full juice:items-end overflow-x-auto gap-2\" dir=\"auto\" data-message-author-role=\"assistant\" data-message-id=\"2034782e-88f9-44ef-b4dc-07dd7bf0115f\">\n<div class=\"flex w-full flex-col gap-1 juice:empty:hidden juice:first:pt-[3px]\">\n<div class=\"markdown prose w-full break-words dark:prose-invert light\">\n<div style=\"font-family: Roboto, sans-serif;\">\n<div style=\"font-family: Roboto, sans-serif;\">\n<div style=\"font-family: Roboto, sans-serif;\">\n<div style=\"font-family: Roboto, sans-serif;\">\n<div style=\"font-family: Roboto, sans-serif;\">\n<div style=\"font-family: Roboto, sans-serif;\">\n<p><!--more--><\/p>\n<div style=\"font-family: Roboto, sans-serif;\">\n<div style=\"font-family: Roboto, sans-serif;\">\n<div class=\"flex flex-grow flex-col max-w-full\">\n<div class=\"min-h-[20px] text-message flex flex-col items-start whitespace-pre-wrap break-words [.text-message+&amp;]:mt-5 juice:w-full juice:items-end overflow-x-auto gap-2\" dir=\"auto\" data-message-author-role=\"assistant\" data-message-id=\"2034782e-88f9-44ef-b4dc-07dd7bf0115f\">\n<div class=\"flex w-full flex-col gap-1 juice:empty:hidden juice:first:pt-[3px]\">\n<div class=\"markdown prose w-full break-words dark:prose-invert light\">\n<div style=\"font-family: Roboto, sans-serif;\">\n<div style=\"font-family: Roboto, sans-serif;\">\n<div style=\"font-family: Roboto, sans-serif;\">\n<div style=\"font-family: Roboto, sans-serif;\">\n<div style=\"font-family: Roboto, sans-serif;\">\n<div style=\"font-family: Roboto, sans-serif;\">\n<h4 style=\"text-align: left;\"><strong>Vorteile :<\/strong><\/h4>\n<\/div>\n<\/div>\n<\/div>\n<\/div>\n<\/div>\n<\/div>\n<\/div>\n<\/div>\n<\/div>\n<\/div>\n<\/div>\n<\/div>\n<ul>\n<li data-start=\"1761\" data-end=\"1799\">Leistungsstarke und saugf\u00e4hige Mikrofaser.<\/li>\n<li data-start=\"1802\" data-end=\"1830\">Praktisches Format <strong>38 x 38 cm<\/strong>.<\/li>\n<li data-start=\"1833\" data-end=\"1881\">Gr\u00fcne Farbe zur besseren Reinigungsorganisation.<\/li>\n<li data-start=\"1884\" data-end=\"1912\">Trocken oder feucht verwendbar.<\/li>\n<li data-start=\"1915\" data-end=\"1947\">Best\u00e4ndig gegen wiederholtes Waschen.<\/li>\n<li data-start=\"1950\" data-end=\"1969\"><strong>5er-Set T\u00fccher.<\/strong><\/li>\n<\/ul>\n<\/div>\n<\/div>\n<\/div>\n<\/div>\n<\/div>\n<\/div>\n<\/div>\n<\/div>\n<\/div>\n<\/div>\n<\/div>\n<\/div>\n<p>&nbsp;<\/p>\n<\/div>\n<\/div>\n<\/div>\n<\/div>\n<\/div>\n<\/div>\n<\/div>\n<\/div>\n<\/div>\n<\/div>\n<\/div>\n<p><!--more--><\/p>\n<h4>Weitere Informationen :<\/h4>\n<ul style=\"font-family: Roboto, sans-serif;\">\n<li><strong>Verpackung<\/strong>: Packung mit 5 St\u00fcck<\/li>\n<li><strong>Sparsam: <\/strong>\u00dcber 300 Mal in der Maschine waschbar bei 60\u00b0C<\/li>\n<li><span style=\"font-weight: bold;\">Gr\u00f6\u00dfe<\/span>: 40 x 40 cm<\/li>\n<li><strong>Gewicht<\/strong>: 320 gr\/m\u00b2.<\/li>\n<li><span style=\"font-weight: bold;\">Material<\/span>: 80% Polyester \/ 20% Polyamid<\/li>\n<li><strong>Solide<\/strong>: Doppelte Overlock<\/li>\n<\/ul>\n<p>&nbsp;<\/p>\n<p><!--more--><\/p>\n<p>Dieses Produkt ist in mehreren Farben erh\u00e4ltlich: <span style=\"color: #d12727;\"><a style=\"color: #d12727;\" href=\"https:\/\/www.csj-emballages.com\/es\/produit\/5-panos-negros-de-microfibra-40-x-40-cm\/\"><span style=\"color: #d12727;\">Schwarz<\/span><\/a><\/span> \/ <span style=\"color: #d12727;\"><a style=\"color: #d12727;\" href=\"https:\/\/www.csj-emballages.com\/es\/produit\/5-panos-azules-de-microfibra-40-x-40-cm\/\">Blau<\/a> <\/span>\/ <span style=\"color: #d12727;\"><a style=\"color: #d12727;\" href=\"https:\/\/www.csj-emballages.com\/es\/produit\/5-panos-de-microfibra-amarillos-40-x-40-cm\/\">Gelb<\/a><\/span> \/ <span style=\"color: #d12727;\"><a style=\"color: #d12727;\" href=\"https:\/\/www.csj-emballages.com\/es\/produit\/5-panos-de-microfibra-rosa-40-x-40-cm\/\">Rosa<\/a><\/span><\/p>\n<p>&nbsp;<\/p>\n<p style=\"text-align: left;\"><!--more--><\/p>\n<p><a href=\"https:\/\/www.csj-emballages.com\/de\/categorie-produit\/hygiene-und-pflege\/wischtucher\/lavetten\/\">Sehen Sie sich den Rest unseres Sortiments an Wischt\u00fcchern an<\/a><\/p>\n","protected":false},"excerpt":{"rendered":"<p>Mikrofasertuch Beschreibung von unserem Mikrofasertuch gr\u00fcn 40 x 40 cm pro 5 St\u00fcck<\/p>\n","protected":false},"featured_media":178492,"template":"","meta":{"_acf_changed":false},"product_brand":[],"product_cat":[1218,1423,1431,1377,1434],"product_tag":[],"class_list":{"0":"post-21862","1":"product","2":"type-product","3":"status-publish","4":"has-post-thumbnail","6":"product_cat-hygiene-und-pflege","7":"product_cat-schwamme-spultucher-kuchentucher","8":"product_cat-lavetten-gazen","9":"product_cat-wischtucher","10":"product_cat-lavetten","12":"first","13":"instock","14":"taxable","15":"shipping-taxable","16":"purchasable","17":"product-type-simple"},"acf":[],"yoast_head":"<!-- This site is optimized with the Yoast SEO Premium plugin v26.6 (Yoast SEO v26.6) - https:\/\/yoast.com\/wordpress\/plugins\/seo\/ -->\n<title>Mikrofasertuch Gr\u00fcn - 40 x 40 cm<\/title>\n<meta name=\"description\" content=\"Entdecken Sie das gr\u00fcne Mikrofasertuch 40 x 40 cm im 5er-Pack: effizient, langlebig und vielseitig, f\u00fcr eine makellose Reinigung auf allen Oberfl\u00e4chen!\" \/>\n<meta name=\"robots\" content=\"index, follow, max-snippet:-1, max-image-preview:large, max-video-preview:-1\" \/>\n<link rel=\"canonical\" href=\"https:\/\/www.csj-emballages.com\/de\/produit\/5-gruene-mikrofasertuecher-40-x-40-cm\/\" \/>\n<meta property=\"og:locale\" content=\"de_DE\" \/>\n<meta property=\"og:type\" content=\"article\" \/>\n<meta property=\"og:title\" content=\"Mikrofasertuch gr\u00fcn 38 x 38 cm pro 5 St\u00fcck\" \/>\n<meta property=\"og:description\" content=\"Entdecken Sie das gr\u00fcne Mikrofasertuch 40 x 40 cm im 5er-Pack: effizient, langlebig und vielseitig, f\u00fcr eine makellose Reinigung auf allen Oberfl\u00e4chen!\" \/>\n<meta property=\"og:url\" content=\"https:\/\/www.csj-emballages.com\/de\/produit\/5-gruene-mikrofasertuecher-40-x-40-cm\/\" \/>\n<meta property=\"og:site_name\" content=\"CSJ Emballages\" \/>\n<meta property=\"article:publisher\" content=\"https:\/\/www.facebook.com\/csjemballages\" \/>\n<meta property=\"article:modified_time\" content=\"2026-05-13T00:15:33+00:00\" \/>\n<meta property=\"og:image\" content=\"https:\/\/www.csj-emballages.com\/wp-content\/uploads\/2024\/03\/lavette-microfibre-qualite-superieure-verte-320-gr-m.webp\" \/>\n\t<meta property=\"og:image:width\" content=\"803\" \/>\n\t<meta property=\"og:image:height\" content=\"803\" \/>\n\t<meta property=\"og:image:type\" content=\"image\/webp\" \/>\n<meta name=\"twitter:card\" content=\"summary_large_image\" \/>\n<meta name=\"twitter:label1\" content=\"Gesch\u00e4tzte Lesezeit\" \/>\n\t<meta name=\"twitter:data1\" content=\"2 Minuten\" \/>\n<script type=\"application\/ld+json\" class=\"yoast-schema-graph\">{\"@context\":\"https:\/\/schema.org\",\"@graph\":[{\"@type\":\"WebPage\",\"@id\":\"https:\/\/www.csj-emballages.com\/de\/produit\/5-gruene-mikrofasertuecher-40-x-40-cm\/\",\"url\":\"https:\/\/www.csj-emballages.com\/de\/produit\/5-gruene-mikrofasertuecher-40-x-40-cm\/\",\"name\":\"Mikrofasertuch Gr\u00fcn - 40 x 40 cm\",\"isPartOf\":{\"@id\":\"https:\/\/www.csj-emballages.com\/de\/#website\"},\"primaryImageOfPage\":{\"@id\":\"https:\/\/www.csj-emballages.com\/de\/produit\/5-gruene-mikrofasertuecher-40-x-40-cm\/#primaryimage\"},\"image\":{\"@id\":\"https:\/\/www.csj-emballages.com\/de\/produit\/5-gruene-mikrofasertuecher-40-x-40-cm\/#primaryimage\"},\"thumbnailUrl\":\"https:\/\/www.csj-emballages.com\/wp-content\/uploads\/2024\/03\/lavette-microfibre-qualite-superieure-verte-320-gr-m.webp\",\"datePublished\":\"2024-03-01T15:51:55+00:00\",\"dateModified\":\"2026-05-13T00:15:33+00:00\",\"description\":\"Entdecken Sie das gr\u00fcne Mikrofasertuch 40 x 40 cm im 5er-Pack: effizient, langlebig und vielseitig, f\u00fcr eine makellose Reinigung auf allen Oberfl\u00e4chen!\",\"breadcrumb\":{\"@id\":\"https:\/\/www.csj-emballages.com\/de\/produit\/5-gruene-mikrofasertuecher-40-x-40-cm\/#breadcrumb\"},\"inLanguage\":\"de\",\"potentialAction\":[{\"@type\":\"ReadAction\",\"target\":[\"https:\/\/www.csj-emballages.com\/de\/produit\/5-gruene-mikrofasertuecher-40-x-40-cm\/\"]}]},{\"@type\":\"ImageObject\",\"inLanguage\":\"de\",\"@id\":\"https:\/\/www.csj-emballages.com\/de\/produit\/5-gruene-mikrofasertuecher-40-x-40-cm\/#primaryimage\",\"url\":\"https:\/\/www.csj-emballages.com\/wp-content\/uploads\/2024\/03\/lavette-microfibre-qualite-superieure-verte-320-gr-m.webp\",\"contentUrl\":\"https:\/\/www.csj-emballages.com\/wp-content\/uploads\/2024\/03\/lavette-microfibre-qualite-superieure-verte-320-gr-m.webp\",\"width\":803,\"height\":803,\"caption\":\"Lavette microfibre\"},{\"@type\":\"BreadcrumbList\",\"@id\":\"https:\/\/www.csj-emballages.com\/de\/produit\/5-gruene-mikrofasertuecher-40-x-40-cm\/#breadcrumb\",\"itemListElement\":[{\"@type\":\"ListItem\",\"position\":1,\"name\":\"Accueil\",\"item\":\"https:\/\/www.csj-emballages.com\/de\/universum-lebensmittelverpackungen\/\"},{\"@type\":\"ListItem\",\"position\":2,\"name\":\"Shop\",\"item\":\"https:\/\/www.csj-emballages.com\/shop\/\"},{\"@type\":\"ListItem\",\"position\":3,\"name\":\"Mikrofasertuch gr\u00fcn 38 x 38 cm pro 5 St\u00fcck\"}]},{\"@type\":\"WebSite\",\"@id\":\"https:\/\/www.csj-emballages.com\/de\/#website\",\"url\":\"https:\/\/www.csj-emballages.com\/de\/\",\"name\":\"CSJ Emballages\",\"description\":\"\",\"publisher\":{\"@id\":\"https:\/\/www.csj-emballages.com\/de\/#organization\"},\"potentialAction\":[{\"@type\":\"SearchAction\",\"target\":{\"@type\":\"EntryPoint\",\"urlTemplate\":\"https:\/\/www.csj-emballages.com\/de\/?s={search_term_string}\"},\"query-input\":{\"@type\":\"PropertyValueSpecification\",\"valueRequired\":true,\"valueName\":\"search_term_string\"}}],\"inLanguage\":\"de\"},{\"@type\":\"Organization\",\"@id\":\"https:\/\/www.csj-emballages.com\/de\/#Organization\/\",\"name\":\"CSJ Emballages\",\"url\":\"https:\/\/www.csj-emballages.com\/de\/\",\"logo\":{\"@type\":\"ImageObject\",\"inLanguage\":\"de\",\"@id\":\"https:\/\/www.csj-emballages.com\/de\/#\/schema\/logo\/image\/\",\"url\":\"https:\/\/www.csj-emballages.com\/wp-content\/uploads\/2023\/10\/logo_csj.webp\",\"contentUrl\":\"https:\/\/www.csj-emballages.com\/wp-content\/uploads\/2023\/10\/logo_csj.webp\",\"width\":250,\"height\":95,\"caption\":\"CSJ Emballages\"},\"image\":{\"@id\":\"https:\/\/www.csj-emballages.com\/de\/#\/schema\/logo\/image\/\"},\"sameAs\":[\"https:\/\/www.facebook.com\/csjemballages\"],\"address\":{\"@type\":\"PostalAddress\",\"streetAddress\":\"ZI La Lechere\",\"addressLocality\":\"Patornay\",\"postalCode\":\"39130\",\"addressCountry\":\"FR\"},\"contactPoint\":[{\"@type\":\"ContactPoint\",\"contactType\":\"Service client\",\"telephone\":\"0384254272\",\"email\":\"contact@csj-emballages.com\"}]}]}<\/script>\n<!-- \/ Yoast SEO Premium plugin. -->","yoast_head_json":{"title":"Mikrofasertuch Gr\u00fcn - 40 x 40 cm","description":"Entdecken Sie das gr\u00fcne Mikrofasertuch 40 x 40 cm im 5er-Pack: effizient, langlebig und vielseitig, f\u00fcr eine makellose Reinigung auf allen Oberfl\u00e4chen!","robots":{"index":"index","follow":"follow","max-snippet":"max-snippet:-1","max-image-preview":"max-image-preview:large","max-video-preview":"max-video-preview:-1"},"canonical":"https:\/\/www.csj-emballages.com\/de\/produit\/5-gruene-mikrofasertuecher-40-x-40-cm\/","og_locale":"de_DE","og_type":"article","og_title":"Mikrofasertuch gr\u00fcn 38 x 38 cm pro 5 St\u00fcck","og_description":"Entdecken Sie das gr\u00fcne Mikrofasertuch 40 x 40 cm im 5er-Pack: effizient, langlebig und vielseitig, f\u00fcr eine makellose Reinigung auf allen Oberfl\u00e4chen!","og_url":"https:\/\/www.csj-emballages.com\/de\/produit\/5-gruene-mikrofasertuecher-40-x-40-cm\/","og_site_name":"CSJ Emballages","article_publisher":"https:\/\/www.facebook.com\/csjemballages","article_modified_time":"2026-05-13T00:15:33+00:00","og_image":[{"width":803,"height":803,"url":"https:\/\/www.csj-emballages.com\/wp-content\/uploads\/2024\/03\/lavette-microfibre-qualite-superieure-verte-320-gr-m.webp","type":"image\/webp"}],"twitter_card":"summary_large_image","twitter_misc":{"Gesch\u00e4tzte Lesezeit":"2 Minuten"},"schema":{"@context":"https:\/\/schema.org","@graph":[{"@type":"WebPage","@id":"https:\/\/www.csj-emballages.com\/de\/produit\/5-gruene-mikrofasertuecher-40-x-40-cm\/","url":"https:\/\/www.csj-emballages.com\/de\/produit\/5-gruene-mikrofasertuecher-40-x-40-cm\/","name":"Mikrofasertuch Gr\u00fcn - 40 x 40 cm","isPartOf":{"@id":"https:\/\/www.csj-emballages.com\/de\/#website"},"primaryImageOfPage":{"@id":"https:\/\/www.csj-emballages.com\/de\/produit\/5-gruene-mikrofasertuecher-40-x-40-cm\/#primaryimage"},"image":{"@id":"https:\/\/www.csj-emballages.com\/de\/produit\/5-gruene-mikrofasertuecher-40-x-40-cm\/#primaryimage"},"thumbnailUrl":"https:\/\/www.csj-emballages.com\/wp-content\/uploads\/2024\/03\/lavette-microfibre-qualite-superieure-verte-320-gr-m.webp","datePublished":"2024-03-01T15:51:55+00:00","dateModified":"2026-05-13T00:15:33+00:00","description":"Entdecken Sie das gr\u00fcne Mikrofasertuch 40 x 40 cm im 5er-Pack: effizient, langlebig und vielseitig, f\u00fcr eine makellose Reinigung auf allen Oberfl\u00e4chen!","breadcrumb":{"@id":"https:\/\/www.csj-emballages.com\/de\/produit\/5-gruene-mikrofasertuecher-40-x-40-cm\/#breadcrumb"},"inLanguage":"de","potentialAction":[{"@type":"ReadAction","target":["https:\/\/www.csj-emballages.com\/de\/produit\/5-gruene-mikrofasertuecher-40-x-40-cm\/"]}]},{"@type":"ImageObject","inLanguage":"de","@id":"https:\/\/www.csj-emballages.com\/de\/produit\/5-gruene-mikrofasertuecher-40-x-40-cm\/#primaryimage","url":"https:\/\/www.csj-emballages.com\/wp-content\/uploads\/2024\/03\/lavette-microfibre-qualite-superieure-verte-320-gr-m.webp","contentUrl":"https:\/\/www.csj-emballages.com\/wp-content\/uploads\/2024\/03\/lavette-microfibre-qualite-superieure-verte-320-gr-m.webp","width":803,"height":803,"caption":"Lavette microfibre"},{"@type":"BreadcrumbList","@id":"https:\/\/www.csj-emballages.com\/de\/produit\/5-gruene-mikrofasertuecher-40-x-40-cm\/#breadcrumb","itemListElement":[{"@type":"ListItem","position":1,"name":"Accueil","item":"https:\/\/www.csj-emballages.com\/de\/universum-lebensmittelverpackungen\/"},{"@type":"ListItem","position":2,"name":"Shop","item":"https:\/\/www.csj-emballages.com\/shop\/"},{"@type":"ListItem","position":3,"name":"Mikrofasertuch gr\u00fcn 38 x 38 cm pro 5 St\u00fcck"}]},{"@type":"WebSite","@id":"https:\/\/www.csj-emballages.com\/de\/#website","url":"https:\/\/www.csj-emballages.com\/de\/","name":"CSJ Emballages","description":"","publisher":{"@id":"https:\/\/www.csj-emballages.com\/de\/#organization"},"potentialAction":[{"@type":"SearchAction","target":{"@type":"EntryPoint","urlTemplate":"https:\/\/www.csj-emballages.com\/de\/?s={search_term_string}"},"query-input":{"@type":"PropertyValueSpecification","valueRequired":true,"valueName":"search_term_string"}}],"inLanguage":"de"},{"@type":"Organization","@id":"https:\/\/www.csj-emballages.com\/de\/#Organization\/","name":"CSJ Emballages","url":"https:\/\/www.csj-emballages.com\/de\/","logo":{"@type":"ImageObject","inLanguage":"de","@id":"https:\/\/www.csj-emballages.com\/de\/#\/schema\/logo\/image\/","url":"https:\/\/www.csj-emballages.com\/wp-content\/uploads\/2023\/10\/logo_csj.webp","contentUrl":"https:\/\/www.csj-emballages.com\/wp-content\/uploads\/2023\/10\/logo_csj.webp","width":250,"height":95,"caption":"CSJ Emballages"},"image":{"@id":"https:\/\/www.csj-emballages.com\/de\/#\/schema\/logo\/image\/"},"sameAs":["https:\/\/www.facebook.com\/csjemballages"],"address":{"@type":"PostalAddress","streetAddress":"ZI La Lechere","addressLocality":"Patornay","postalCode":"39130","addressCountry":"FR"},"contactPoint":[{"@type":"ContactPoint","contactType":"Service client","telephone":"0384254272","email":"contact@csj-emballages.com"}]}]}},"df_price":3.98,"df_sale_price":"","df_regular_price":3.98,"df_image_link":"https:\/\/www.csj-emballages.com\/wp-content\/uploads\/2024\/03\/lavette-microfibre-qualite-superieure-verte-320-gr-m-300x300.webp","tiered_pricing_type":"fixed","tiered_pricing_fixed_rules":[],"tiered_pricing_percentage_rules":[],"tiered_pricing_minimum":1,"tiered_pricing_roles_data":[],"_links":{"self":[{"href":"https:\/\/www.csj-emballages.com\/de\/wp-json\/wp\/v2\/product\/21862","targetHints":{"allow":["GET"]}}],"collection":[{"href":"https:\/\/www.csj-emballages.com\/de\/wp-json\/wp\/v2\/product"}],"about":[{"href":"https:\/\/www.csj-emballages.com\/de\/wp-json\/wp\/v2\/types\/product"}],"wp:featuredmedia":[{"embeddable":true,"href":"https:\/\/www.csj-emballages.com\/de\/wp-json\/wp\/v2\/media\/178492"}],"wp:attachment":[{"href":"https:\/\/www.csj-emballages.com\/de\/wp-json\/wp\/v2\/media?parent=21862"}],"wp:term":[{"taxonomy":"product_brand","embeddable":true,"href":"https:\/\/www.csj-emballages.com\/de\/wp-json\/wp\/v2\/product_brand?post=21862"},{"taxonomy":"product_cat","embeddable":true,"href":"https:\/\/www.csj-emballages.com\/de\/wp-json\/wp\/v2\/product_cat?post=21862"},{"taxonomy":"product_tag","embeddable":true,"href":"https:\/\/www.csj-emballages.com\/de\/wp-json\/wp\/v2\/product_tag?post=21862"}],"curies":[{"name":"wp","href":"https:\/\/api.w.org\/{rel}","templated":true}]}}