{"id":21852,"date":"2024-03-01T16:51:56","date_gmt":"2024-03-01T15:51:56","guid":{"rendered":"https:\/\/u15jnbdpoq.preview.infomaniak.website\/produit\/50-mikrowellen-deckel-fuer-kp816-bis-kp825\/"},"modified":"2026-04-28T02:16:15","modified_gmt":"2026-04-28T00:16:15","slug":"50-mikrowellen-deckel-fuer-kp816-bis-kp825","status":"publish","type":"product","link":"https:\/\/www.csj-emballages.com\/de\/produit\/50-mikrowellen-deckel-fuer-kp816-bis-kp825\/","title":{"rendered":"Mikrowellendeckel f\u00fcr KP818 bis KP822, 50 St\u00fcck"},"content":{"rendered":"<h2>Mikrowellengeeigneter Deckel<\/h2>\n<hr>\n<h3>Beschreibung unseres mikrowellengeeigneten Deckels f\u00fcr KP820 bis KP822 pro 50 St\u00fcck<\/h3>\n<p><!--more--><\/p>\n<p>Der <strong>mikrowellengeeignete Deckel<\/strong> f\u00fcr <strong>KP820 bis KP822<\/strong> ist ein wichtiges Zubeh\u00f6r, um die Sicherheit und Zweckm\u00e4\u00dfigkeit Ihrer Lebensmittelbeh\u00e4lter zu gew\u00e4hrleisten. Er ist so konzipiert, dass er perfekt auf die <strong>Schalen<\/strong> passt. <span style=\"color: #d12727\"><a style=\"color: #d12727\" href=\"https:\/\/www.csj-emballages.com\/produit\/50-barquettes-micro-ondes-couvercle-separe-jetables-en-plastique-1000-ml\/\">KP820<\/a><\/span> \u00e0 <span style=\"color: #d12727\"><a style=\"color: #d12727\" href=\"https:\/\/www.csj-emballages.com\/produit\/50-barquettes-micro-ondes-sans-couvercles-en-plastique-1500-ml\/\">KP822<\/a><\/span>Dieses Produkt bietet eine ideale L\u00f6sung f\u00fcr den einfachen Transport, die Aufbewahrung und das Aufw\u00e4rmen von Speisen. Der <strong>Kunststoffdeckel<\/strong> besteht aus PP und wurde speziell f\u00fcr die hohen Temperaturen in der <strong>Mikrowelle<\/strong> entwickelt. Sie k\u00f6nnen Ihre Speisen ohne Angst vor Verformungen aufw\u00e4rmen, was ihn zu einem unverzichtbaren Produkt f\u00fcr professionelle Gastronomen und anspruchsvolle Privatpersonen macht.   <\/p>\n<p>Dank seines transparenten Designs kann der <strong>mikrowellengeeignete Deckel<\/strong> Ihre Zubereitungen hervorheben und bietet gleichzeitig eine ausgezeichnete Sicht auf den Inhalt. Er garantiert auch eine perfekte Abdichtung, so dass der Geschmack und die Frische Ihrer Gerichte erhalten bleiben und ein Auslaufen verhindert wird. <\/p>\n<h3><\/h3>\n<p><!--more--><\/p>\n<h4><strong>Eine auf Ihre Bed\u00fcrfnisse zugeschnittene Verpackung<\/strong><\/h4>\n<p>Diese <strong>Mikrowellendeckel<\/strong> sind ideal f\u00fcr Restaurants, Cateringunternehmen oder f\u00fcr den Hausgebrauch und werden zu <strong>50<\/strong> St\u00fcck verpackt. Sie eignen sich perfekt f\u00fcr warme Gerichte, ob Suppen oder Fertiggerichte. Langlebig und praktisch, passt es perfekt zu einem verantwortungsvollen Ansatz und vereinfacht Ihre t\u00e4gliche Organisation.  <\/p>\n<p>Zusammenfassend l\u00e4sst sich sagen, dass der <strong>mikrowellengeeignete Deckel<\/strong> f\u00fcr <span style=\"color: #d12727\"><a style=\"color: #d12727\" href=\"https:\/\/www.csj-emballages.com\/produit\/50-barquettes-micro-ondes-couvercle-separe-jetables-en-plastique-1000-ml\/\">KP820<\/a><\/span> \u00e0 <span style=\"color: #d12727\"><a style=\"color: #d12727\" href=\"https:\/\/www.csj-emballages.com\/produit\/50-barquettes-micro-ondes-sans-couvercles-en-plastique-1500-ml\/\">KP822<\/a><\/span> ist eine zuverl\u00e4ssige, robuste und vielseitige L\u00f6sung. Ob f\u00fcr den professionellen oder privaten Gebrauch, dieses Produkt wird Ihre Erwartungen erf\u00fcllen und bietet einen optimalen Schutz f\u00fcr Ihre Mahlzeiten. Machen Sie es zu Ihrem Verb\u00fcndeten, damit Ihre Speisen immer gut gesch\u00fctzt sind.  <\/p>\n<p>&nbsp;<\/p>\n<p><!--more--><\/p>\n<p><strong><span style=\"color: #ff0000\">*Mikrowellengeeignet<\/span><\/strong><\/p>\n<p>&nbsp;<\/p>\n<p><!--more--><\/p>\n<h4>Weitere Informationen :<\/h4>\n<ul>\n<li><strong>Abmessungen<\/strong>: 186 x 140 x 5 (L x B x H in mm)<\/li>\n<li><strong>Verpackung<\/strong>: Beutel mit 50 St\u00fcck<\/li>\n<li><strong>Material<\/strong>: <span style=\"text-indent: 0pt\">PP<\/span><\/li>\n<li><strong>Betriebstemperatur<\/strong>: -20\u00b0C \/ +120\u00b0C<\/li>\n<\/ul>\n<p>&nbsp;<\/p>\n<p><!--more--><\/p>\n<p>Hier finden Sie die separat verkauften Schalen, die mit diesem Deckel kompatibel sind: <span style=\"color: #d12727\"><a style=\"color: #d12727\" href=\"https:\/\/www.csj-emballages.com\/produit\/50-barquettes-micro-ondes-couvercle-separe-jetables-en-plastique-1000-ml\/\">KP820<\/a> <span style=\"color: #000000\">\/<\/span> <a style=\"color: #d12727\" href=\"https:\/\/www.csj-emballages.com\/produit\/50-barquettes-micro-ondes-sans-couvercles-en-plastique-1500-ml\/\">KP822<\/a><\/span><\/p>\n<p>&nbsp;<\/p>\n<p><!--more--><\/p>\n<p><a href=\"https:\/\/www.csj-emballages.com\/categorie-produit\/emballages\/boucherie-traiteur-primeur\/barquettes-boites-et-pots\/barquettes-boites-pots-alimentaires\/barquettes-micro-ondes-avec-couvercles\/\"><em>Sehen Sie sich den Rest unseres Sortiments an Mikrowellenschalen mit Deckeln an<\/em><\/a><\/p>\n","protected":false},"excerpt":{"rendered":"<p>Mikrowellengeeigneter Deckel Beschreibung unseres mikrowellengeeigneten Deckels f\u00fcr KP820 bis KP822 pro 50 St\u00fcck<\/p>\n","protected":false},"featured_media":219615,"template":"","meta":{"_acf_changed":false},"product_brand":[],"product_cat":[1170,1513,2166],"product_tag":[],"class_list":{"0":"post-21852","1":"product","2":"type-product","3":"status-publish","4":"has-post-thumbnail","6":"product_cat-metzgerei-und-feinkostgeschaft","7":"product_cat-schalen-dosen-glaser-fur-lebensmittel","8":"product_cat-mikrowellenschalen-mit-deckel","10":"first","11":"instock","12":"taxable","13":"shipping-taxable","14":"purchasable","15":"product-type-simple"},"acf":[],"yoast_head":"<!-- This site is optimized with the Yoast SEO Premium plugin v26.6 (Yoast SEO v26.6) - https:\/\/yoast.com\/wordpress\/plugins\/seo\/ -->\n<title>Mikrowellengeeigneter Deckel f\u00fcr KP820 bis KP822<\/title>\n<meta name=\"description\" content=\"Entdecken Sie den mikrowellengeeigneten Deckel f\u00fcr KP820 bis KP822: praktisch, widerstandsf\u00e4hig und mikrowellengeeignet. Ideal zum Aufbewahren und Transportieren Ihrer Gerichte.\" \/>\n<meta name=\"robots\" content=\"index, follow, max-snippet:-1, max-image-preview:large, max-video-preview:-1\" \/>\n<link rel=\"canonical\" href=\"https:\/\/www.csj-emballages.com\/de\/produit\/50-mikrowellen-deckel-fuer-kp816-bis-kp825\/\" \/>\n<meta property=\"og:locale\" content=\"de_DE\" \/>\n<meta property=\"og:type\" content=\"article\" \/>\n<meta property=\"og:title\" content=\"Mikrowellendeckel f\u00fcr KP818 bis KP822, 50 St\u00fcck\" \/>\n<meta property=\"og:description\" content=\"Entdecken Sie den mikrowellengeeigneten Deckel f\u00fcr KP820 bis KP822: praktisch, widerstandsf\u00e4hig und mikrowellengeeignet. Ideal zum Aufbewahren und Transportieren Ihrer Gerichte.\" \/>\n<meta property=\"og:url\" content=\"https:\/\/www.csj-emballages.com\/de\/produit\/50-mikrowellen-deckel-fuer-kp816-bis-kp825\/\" \/>\n<meta property=\"og:site_name\" content=\"CSJ Emballages\" \/>\n<meta property=\"article:publisher\" content=\"https:\/\/www.facebook.com\/csjemballages\" \/>\n<meta property=\"article:modified_time\" content=\"2026-04-28T00:16:15+00:00\" \/>\n<meta property=\"og:image\" content=\"https:\/\/www.csj-emballages.com\/wp-content\/uploads\/2024\/03\/COUV-ECO-GM.webp\" \/>\n\t<meta property=\"og:image:width\" content=\"800\" \/>\n\t<meta property=\"og:image:height\" content=\"800\" \/>\n\t<meta property=\"og:image:type\" content=\"image\/webp\" \/>\n<meta name=\"twitter:card\" content=\"summary_large_image\" \/>\n<meta name=\"twitter:label1\" content=\"Gesch\u00e4tzte Lesezeit\" \/>\n\t<meta name=\"twitter:data1\" content=\"2 Minuten\" \/>\n<script type=\"application\/ld+json\" class=\"yoast-schema-graph\">{\"@context\":\"https:\/\/schema.org\",\"@graph\":[{\"@type\":\"WebPage\",\"@id\":\"https:\/\/www.csj-emballages.com\/de\/produit\/50-mikrowellen-deckel-fuer-kp816-bis-kp825\/\",\"url\":\"https:\/\/www.csj-emballages.com\/de\/produit\/50-mikrowellen-deckel-fuer-kp816-bis-kp825\/\",\"name\":\"Mikrowellengeeigneter Deckel f\u00fcr KP820 bis KP822\",\"isPartOf\":{\"@id\":\"https:\/\/www.csj-emballages.com\/de\/#website\"},\"primaryImageOfPage\":{\"@id\":\"https:\/\/www.csj-emballages.com\/de\/produit\/50-mikrowellen-deckel-fuer-kp816-bis-kp825\/#primaryimage\"},\"image\":{\"@id\":\"https:\/\/www.csj-emballages.com\/de\/produit\/50-mikrowellen-deckel-fuer-kp816-bis-kp825\/#primaryimage\"},\"thumbnailUrl\":\"https:\/\/www.csj-emballages.com\/wp-content\/uploads\/2024\/03\/COUV-ECO-GM.webp\",\"datePublished\":\"2024-03-01T15:51:56+00:00\",\"dateModified\":\"2026-04-28T00:16:15+00:00\",\"description\":\"Entdecken Sie den mikrowellengeeigneten Deckel f\u00fcr KP820 bis KP822: praktisch, widerstandsf\u00e4hig und mikrowellengeeignet. Ideal zum Aufbewahren und Transportieren Ihrer Gerichte.\",\"breadcrumb\":{\"@id\":\"https:\/\/www.csj-emballages.com\/de\/produit\/50-mikrowellen-deckel-fuer-kp816-bis-kp825\/#breadcrumb\"},\"inLanguage\":\"de\",\"potentialAction\":[{\"@type\":\"ReadAction\",\"target\":[\"https:\/\/www.csj-emballages.com\/de\/produit\/50-mikrowellen-deckel-fuer-kp816-bis-kp825\/\"]}]},{\"@type\":\"ImageObject\",\"inLanguage\":\"de\",\"@id\":\"https:\/\/www.csj-emballages.com\/de\/produit\/50-mikrowellen-deckel-fuer-kp816-bis-kp825\/#primaryimage\",\"url\":\"https:\/\/www.csj-emballages.com\/wp-content\/uploads\/2024\/03\/COUV-ECO-GM.webp\",\"contentUrl\":\"https:\/\/www.csj-emballages.com\/wp-content\/uploads\/2024\/03\/COUV-ECO-GM.webp\",\"width\":800,\"height\":800,\"caption\":\"Couvercle micro-ondable\"},{\"@type\":\"BreadcrumbList\",\"@id\":\"https:\/\/www.csj-emballages.com\/de\/produit\/50-mikrowellen-deckel-fuer-kp816-bis-kp825\/#breadcrumb\",\"itemListElement\":[{\"@type\":\"ListItem\",\"position\":1,\"name\":\"Accueil\",\"item\":\"https:\/\/www.csj-emballages.com\/de\/universum-lebensmittelverpackungen\/\"},{\"@type\":\"ListItem\",\"position\":2,\"name\":\"Shop\",\"item\":\"https:\/\/www.csj-emballages.com\/shop\/\"},{\"@type\":\"ListItem\",\"position\":3,\"name\":\"Mikrowellendeckel f\u00fcr KP818 bis KP822, 50 St\u00fcck\"}]},{\"@type\":\"WebSite\",\"@id\":\"https:\/\/www.csj-emballages.com\/de\/#website\",\"url\":\"https:\/\/www.csj-emballages.com\/de\/\",\"name\":\"CSJ Emballages\",\"description\":\"\",\"publisher\":{\"@id\":\"https:\/\/www.csj-emballages.com\/de\/#organization\"},\"potentialAction\":[{\"@type\":\"SearchAction\",\"target\":{\"@type\":\"EntryPoint\",\"urlTemplate\":\"https:\/\/www.csj-emballages.com\/de\/?s={search_term_string}\"},\"query-input\":{\"@type\":\"PropertyValueSpecification\",\"valueRequired\":true,\"valueName\":\"search_term_string\"}}],\"inLanguage\":\"de\"},{\"@type\":\"Organization\",\"@id\":\"https:\/\/www.csj-emballages.com\/de\/#Organization\/\",\"name\":\"CSJ Emballages\",\"url\":\"https:\/\/www.csj-emballages.com\/de\/\",\"logo\":{\"@type\":\"ImageObject\",\"inLanguage\":\"de\",\"@id\":\"https:\/\/www.csj-emballages.com\/de\/#\/schema\/logo\/image\/\",\"url\":\"https:\/\/www.csj-emballages.com\/wp-content\/uploads\/2023\/10\/logo_csj.webp\",\"contentUrl\":\"https:\/\/www.csj-emballages.com\/wp-content\/uploads\/2023\/10\/logo_csj.webp\",\"width\":250,\"height\":95,\"caption\":\"CSJ Emballages\"},\"image\":{\"@id\":\"https:\/\/www.csj-emballages.com\/de\/#\/schema\/logo\/image\/\"},\"sameAs\":[\"https:\/\/www.facebook.com\/csjemballages\"],\"address\":{\"@type\":\"PostalAddress\",\"streetAddress\":\"ZI La Lechere\",\"addressLocality\":\"Patornay\",\"postalCode\":\"39130\",\"addressCountry\":\"FR\"},\"contactPoint\":[{\"@type\":\"ContactPoint\",\"contactType\":\"Service client\",\"telephone\":\"0384254272\",\"email\":\"contact@csj-emballages.com\"}]}]}<\/script>\n<!-- \/ Yoast SEO Premium plugin. -->","yoast_head_json":{"title":"Mikrowellengeeigneter Deckel f\u00fcr KP820 bis KP822","description":"Entdecken Sie den mikrowellengeeigneten Deckel f\u00fcr KP820 bis KP822: praktisch, widerstandsf\u00e4hig und mikrowellengeeignet. Ideal zum Aufbewahren und Transportieren Ihrer Gerichte.","robots":{"index":"index","follow":"follow","max-snippet":"max-snippet:-1","max-image-preview":"max-image-preview:large","max-video-preview":"max-video-preview:-1"},"canonical":"https:\/\/www.csj-emballages.com\/de\/produit\/50-mikrowellen-deckel-fuer-kp816-bis-kp825\/","og_locale":"de_DE","og_type":"article","og_title":"Mikrowellendeckel f\u00fcr KP818 bis KP822, 50 St\u00fcck","og_description":"Entdecken Sie den mikrowellengeeigneten Deckel f\u00fcr KP820 bis KP822: praktisch, widerstandsf\u00e4hig und mikrowellengeeignet. Ideal zum Aufbewahren und Transportieren Ihrer Gerichte.","og_url":"https:\/\/www.csj-emballages.com\/de\/produit\/50-mikrowellen-deckel-fuer-kp816-bis-kp825\/","og_site_name":"CSJ Emballages","article_publisher":"https:\/\/www.facebook.com\/csjemballages","article_modified_time":"2026-04-28T00:16:15+00:00","og_image":[{"width":800,"height":800,"url":"https:\/\/www.csj-emballages.com\/wp-content\/uploads\/2024\/03\/COUV-ECO-GM.webp","type":"image\/webp"}],"twitter_card":"summary_large_image","twitter_misc":{"Gesch\u00e4tzte Lesezeit":"2 Minuten"},"schema":{"@context":"https:\/\/schema.org","@graph":[{"@type":"WebPage","@id":"https:\/\/www.csj-emballages.com\/de\/produit\/50-mikrowellen-deckel-fuer-kp816-bis-kp825\/","url":"https:\/\/www.csj-emballages.com\/de\/produit\/50-mikrowellen-deckel-fuer-kp816-bis-kp825\/","name":"Mikrowellengeeigneter Deckel f\u00fcr KP820 bis KP822","isPartOf":{"@id":"https:\/\/www.csj-emballages.com\/de\/#website"},"primaryImageOfPage":{"@id":"https:\/\/www.csj-emballages.com\/de\/produit\/50-mikrowellen-deckel-fuer-kp816-bis-kp825\/#primaryimage"},"image":{"@id":"https:\/\/www.csj-emballages.com\/de\/produit\/50-mikrowellen-deckel-fuer-kp816-bis-kp825\/#primaryimage"},"thumbnailUrl":"https:\/\/www.csj-emballages.com\/wp-content\/uploads\/2024\/03\/COUV-ECO-GM.webp","datePublished":"2024-03-01T15:51:56+00:00","dateModified":"2026-04-28T00:16:15+00:00","description":"Entdecken Sie den mikrowellengeeigneten Deckel f\u00fcr KP820 bis KP822: praktisch, widerstandsf\u00e4hig und mikrowellengeeignet. Ideal zum Aufbewahren und Transportieren Ihrer Gerichte.","breadcrumb":{"@id":"https:\/\/www.csj-emballages.com\/de\/produit\/50-mikrowellen-deckel-fuer-kp816-bis-kp825\/#breadcrumb"},"inLanguage":"de","potentialAction":[{"@type":"ReadAction","target":["https:\/\/www.csj-emballages.com\/de\/produit\/50-mikrowellen-deckel-fuer-kp816-bis-kp825\/"]}]},{"@type":"ImageObject","inLanguage":"de","@id":"https:\/\/www.csj-emballages.com\/de\/produit\/50-mikrowellen-deckel-fuer-kp816-bis-kp825\/#primaryimage","url":"https:\/\/www.csj-emballages.com\/wp-content\/uploads\/2024\/03\/COUV-ECO-GM.webp","contentUrl":"https:\/\/www.csj-emballages.com\/wp-content\/uploads\/2024\/03\/COUV-ECO-GM.webp","width":800,"height":800,"caption":"Couvercle micro-ondable"},{"@type":"BreadcrumbList","@id":"https:\/\/www.csj-emballages.com\/de\/produit\/50-mikrowellen-deckel-fuer-kp816-bis-kp825\/#breadcrumb","itemListElement":[{"@type":"ListItem","position":1,"name":"Accueil","item":"https:\/\/www.csj-emballages.com\/de\/universum-lebensmittelverpackungen\/"},{"@type":"ListItem","position":2,"name":"Shop","item":"https:\/\/www.csj-emballages.com\/shop\/"},{"@type":"ListItem","position":3,"name":"Mikrowellendeckel f\u00fcr KP818 bis KP822, 50 St\u00fcck"}]},{"@type":"WebSite","@id":"https:\/\/www.csj-emballages.com\/de\/#website","url":"https:\/\/www.csj-emballages.com\/de\/","name":"CSJ Emballages","description":"","publisher":{"@id":"https:\/\/www.csj-emballages.com\/de\/#organization"},"potentialAction":[{"@type":"SearchAction","target":{"@type":"EntryPoint","urlTemplate":"https:\/\/www.csj-emballages.com\/de\/?s={search_term_string}"},"query-input":{"@type":"PropertyValueSpecification","valueRequired":true,"valueName":"search_term_string"}}],"inLanguage":"de"},{"@type":"Organization","@id":"https:\/\/www.csj-emballages.com\/de\/#Organization\/","name":"CSJ Emballages","url":"https:\/\/www.csj-emballages.com\/de\/","logo":{"@type":"ImageObject","inLanguage":"de","@id":"https:\/\/www.csj-emballages.com\/de\/#\/schema\/logo\/image\/","url":"https:\/\/www.csj-emballages.com\/wp-content\/uploads\/2023\/10\/logo_csj.webp","contentUrl":"https:\/\/www.csj-emballages.com\/wp-content\/uploads\/2023\/10\/logo_csj.webp","width":250,"height":95,"caption":"CSJ Emballages"},"image":{"@id":"https:\/\/www.csj-emballages.com\/de\/#\/schema\/logo\/image\/"},"sameAs":["https:\/\/www.facebook.com\/csjemballages"],"address":{"@type":"PostalAddress","streetAddress":"ZI La Lechere","addressLocality":"Patornay","postalCode":"39130","addressCountry":"FR"},"contactPoint":[{"@type":"ContactPoint","contactType":"Service client","telephone":"0384254272","email":"contact@csj-emballages.com"}]}]}},"df_price":5.41,"df_sale_price":"","df_regular_price":5.41,"df_image_link":"https:\/\/www.csj-emballages.com\/wp-content\/uploads\/2024\/03\/COUV-ECO-GM-300x300.webp","tiered_pricing_type":"fixed","tiered_pricing_fixed_rules":[],"tiered_pricing_percentage_rules":[],"tiered_pricing_minimum":1,"tiered_pricing_roles_data":[],"_links":{"self":[{"href":"https:\/\/www.csj-emballages.com\/de\/wp-json\/wp\/v2\/product\/21852","targetHints":{"allow":["GET"]}}],"collection":[{"href":"https:\/\/www.csj-emballages.com\/de\/wp-json\/wp\/v2\/product"}],"about":[{"href":"https:\/\/www.csj-emballages.com\/de\/wp-json\/wp\/v2\/types\/product"}],"wp:featuredmedia":[{"embeddable":true,"href":"https:\/\/www.csj-emballages.com\/de\/wp-json\/wp\/v2\/media\/219615"}],"wp:attachment":[{"href":"https:\/\/www.csj-emballages.com\/de\/wp-json\/wp\/v2\/media?parent=21852"}],"wp:term":[{"taxonomy":"product_brand","embeddable":true,"href":"https:\/\/www.csj-emballages.com\/de\/wp-json\/wp\/v2\/product_brand?post=21852"},{"taxonomy":"product_cat","embeddable":true,"href":"https:\/\/www.csj-emballages.com\/de\/wp-json\/wp\/v2\/product_cat?post=21852"},{"taxonomy":"product_tag","embeddable":true,"href":"https:\/\/www.csj-emballages.com\/de\/wp-json\/wp\/v2\/product_tag?post=21852"}],"curies":[{"name":"wp","href":"https:\/\/api.w.org\/{rel}","templated":true}]}}