{"id":21847,"date":"2024-03-01T16:51:57","date_gmt":"2024-03-01T15:51:57","guid":{"rendered":"https:\/\/u15jnbdpoq.preview.infomaniak.website\/produit\/250-bestecksets-aus-holz-messer-gabeln-servietten-loeffel-salz-pfeffer\/"},"modified":"2026-05-16T17:00:29","modified_gmt":"2026-05-16T15:00:29","slug":"250-bestecksets-aus-holz-messer-gabeln-servietten-loeffel-salz-pfeffer","status":"publish","type":"product","link":"https:\/\/www.csj-emballages.com\/de\/produit\/250-bestecksets-aus-holz-messer-gabeln-servietten-loeffel-salz-pfeffer\/","title":{"rendered":"Set Holzbesteck Messer + Gabeln + Servietten + L\u00f6ffel + Salz + Pfeffer"},"content":{"rendered":"<h2>Besteckset Holz<\/h2>\n<hr>\n<h3>Entdecken Sie unser Besteckset aus Holz Messer + Gabeln + Servietten + L\u00f6ffel + Salz + Pfeffer pro 250<\/h3>\n<p><!--more--><\/p>\n<p data-start=\"229\" data-end=\"621\">Wenn Sie nach einer einfachen, sauberen und v\u00f6llig gebrauchsfertigen L\u00f6sung suchen, um Ihr Essen zum Mitnehmen zu begleiten, wird dieses <strong>Besteckset aus Holz<\/strong> schnell zu Ihrem besten Verb\u00fcndeten werden. Jedes Set enth\u00e4lt <strong data-start=\"427\" data-end=\"471\">Messer, Gabel, L\u00f6ffel, Serviette<\/strong> sowie eine kleine Portion <strong data-start=\"501\" data-end=\"521\">Salz und Pfeffer<\/strong>. Alles ist bereits zusammengestellt, verpackt und durchdacht, um Ihnen und Ihren G\u00e4sten das Servieren zu erleichtern.  <\/p>\n<p data-start=\"623\" data-end=\"897\">Dank dieses <strong>kompletten Formats<\/strong> m\u00fcssen Sie nicht mehr in mehrere Beh\u00e4lter greifen oder Sets manuell neu zusammenstellen: Sie sparen bei jeder Bestellung Zeit. Das ist die Art von Kleinigkeit, die das Leben w\u00e4hrend der Dreharbeiten oder bei Veranstaltungen, bei denen alles schnell gehen muss, ver\u00e4ndert. <\/p>\n<p data-start=\"899\" data-end=\"1306\">Ebenso wird das <strong>Besteck<\/strong> aus <strong>glattem Holz<\/strong> hergestellt, das sich angenehm im Mund anf\u00fchlt und stabil genug ist, um sowohl einen frischen Salat als auch ein kr\u00e4ftigeres warmes Gericht zu begleiten. Es bietet eine nat\u00fcrliche und viel wertvollere Alternative zu herk\u00f6mmlichem Einwegbesteck. Zusammen mit einer <strong>weichen Serviette<\/strong> und individuellen Gew\u00fcrzen bildet es ein sauberes, vollst\u00e4ndiges und f\u00fcr den Kunden beruhigendes Ensemble.  <\/p>\n<p data-start=\"1308\" data-end=\"1634\">Da das <strong>Kit<\/strong> <strong data-start=\"1331\" data-end=\"1342\">im 250er-Pack<\/strong> verkauft wird, verf\u00fcgen Sie \u00fcber einen komfortablen Vorrat f\u00fcr mehrere Tage ohne Nachschub. Dieses Format ist ideal f\u00fcr Restaurants, Food-Trucks, Caterer, Kantinen, Veranstaltungen und alle Betriebe, die eine praktische L\u00f6sung anbieten und dabei ihr nachhaltiges Image pflegen m\u00f6chten.<\/p>\n<p data-start=\"1636\" data-end=\"1834\">Kurz gesagt, dieses <strong>Besteckset aus Holz<\/strong> vereint alles, was Sie brauchen, in einem einzigen Handgriff: Zeitersparnis f\u00fcr Sie, echter Komfort f\u00fcr Ihre G\u00e4ste und eine gepflegte Pr\u00e4sentation, die das Erlebnis rund um Ihre Gerichte verst\u00e4rkt.<\/p>\n<p data-start=\"1636\" data-end=\"1834\"><!--more--><\/p>\n<h4>Vorteile :<\/h4>\n<ul>\n<li data-start=\"1862\" data-end=\"1897\"><strong>Komplettes Set<\/strong>, das sofort einsatzbereit ist.<\/li>\n<li data-start=\"1900\" data-end=\"1940\">Stabiles und angenehmes Holzbesteck.<\/li>\n<li data-start=\"1943\" data-end=\"1977\">Enth\u00e4lt <strong>Messer, Gabeln, L\u00f6ffel<\/strong>, <strong>Servietten<\/strong>, <strong>Salz und Pfeffer<\/strong>.<\/li>\n<li data-start=\"1980\" data-end=\"2007\">Zeitersparnis im Dienst.<\/li>\n<li data-start=\"2010\" data-end=\"2054\"><strong>250er-Set<\/strong> ideal f\u00fcr die professionelle Gastronomie.<\/li>\n<li data-start=\"2057\" data-end=\"2084\">Nat\u00fcrliches und modernes Bild.<\/li>\n<\/ul>\n<p>&nbsp;<\/p>\n<p><!--more--><\/p>\n<h4>Weitere Informationen :<\/h4>\n<ul>\n<li><strong>Verpackung<\/strong>: Packung mit 250 Kits<\/li>\n<li><b>Zusammensetzung <\/b>: Messer + Gabeln + L\u00f6ffel + Servietten + Salz + Pfeffer<\/li>\n<li><strong>Material<\/strong>: Holz<\/li>\n<\/ul>\n<p>&nbsp;<\/p>\n<p><!--more--><\/p>\n<p><a href=\"https:\/\/www.csj-emballages.com\/de\/categorie-produit\/lebensmittelverpackungen\/restauration-de\/teller-einwegbesteck-strohhalme\/besteck-sets\/bio-bestecksets\/\">Sehen Sie sich den Rest unseres Sortiments an Bestecksets aus Holz an.<\/a><\/p>\n","protected":false},"excerpt":{"rendered":"<p>Besteckset Holz Entdecken Sie unser Besteckset aus Holz Messer + Gabeln + Servietten + L\u00f6ffel + Salz + Pfeffer pro 250<\/p>\n","protected":false},"featured_media":256941,"template":"","meta":{"_acf_changed":false},"product_brand":[],"product_cat":[1137,1134,2812,2813,1146,2627],"product_tag":[],"class_list":{"0":"post-21847","1":"product","2":"type-product","3":"status-publish","4":"has-post-thumbnail","6":"product_cat-lebensmittelverpackungen","7":"product_cat-restauration-de","8":"product_cat-besteck-sets","9":"product_cat-bio-bestecksets","10":"product_cat-bio-sortiment","11":"product_cat-bio-besteck","13":"first","14":"instock","15":"taxable","16":"shipping-taxable","17":"purchasable","18":"product-type-simple"},"acf":[],"yoast_head":"<!-- This site is optimized with the Yoast SEO Premium plugin v26.6 (Yoast SEO v26.6) - https:\/\/yoast.com\/wordpress\/plugins\/seo\/ -->\n<title>Besteckset Holz - 6 Teile<\/title>\n<meta name=\"description\" content=\"Besteckset Holz 250 Sets: Messer, Gabel, L\u00f6ffel, Serviette, Salz und Pfeffer. Sofort einsatzbereit, praktisch, robust und perfekt f\u00fcr den Take-away-Verkauf.\" \/>\n<meta name=\"robots\" content=\"index, follow, max-snippet:-1, max-image-preview:large, max-video-preview:-1\" \/>\n<link rel=\"canonical\" href=\"https:\/\/www.csj-emballages.com\/de\/produit\/250-bestecksets-aus-holz-messer-gabeln-servietten-loeffel-salz-pfeffer\/\" \/>\n<meta property=\"og:locale\" content=\"de_DE\" \/>\n<meta property=\"og:type\" content=\"article\" \/>\n<meta property=\"og:title\" content=\"Set Holzbesteck Messer + Gabeln + Servietten + L\u00f6ffel + Salz + Pfeffer\" \/>\n<meta property=\"og:description\" content=\"Besteckset Holz 250 Sets: Messer, Gabel, L\u00f6ffel, Serviette, Salz und Pfeffer. Sofort einsatzbereit, praktisch, robust und perfekt f\u00fcr den Take-away-Verkauf.\" \/>\n<meta property=\"og:url\" content=\"https:\/\/www.csj-emballages.com\/de\/produit\/250-bestecksets-aus-holz-messer-gabeln-servietten-loeffel-salz-pfeffer\/\" \/>\n<meta property=\"og:site_name\" content=\"CSJ Emballages\" \/>\n<meta property=\"article:publisher\" content=\"https:\/\/www.facebook.com\/csjemballages\" \/>\n<meta property=\"article:modified_time\" content=\"2026-05-16T15:00:29+00:00\" \/>\n<meta property=\"og:image\" content=\"https:\/\/www.csj-emballages.com\/wp-content\/uploads\/2024\/03\/KIT61BOIS.webp\" \/>\n\t<meta property=\"og:image:width\" content=\"800\" \/>\n\t<meta property=\"og:image:height\" content=\"799\" \/>\n\t<meta property=\"og:image:type\" content=\"image\/webp\" \/>\n<meta name=\"twitter:card\" content=\"summary_large_image\" \/>\n<meta name=\"twitter:label1\" content=\"Gesch\u00e4tzte Lesezeit\" \/>\n\t<meta name=\"twitter:data1\" content=\"2 Minuten\" \/>\n<script type=\"application\/ld+json\" class=\"yoast-schema-graph\">{\"@context\":\"https:\/\/schema.org\",\"@graph\":[{\"@type\":\"WebPage\",\"@id\":\"https:\/\/www.csj-emballages.com\/de\/produit\/250-bestecksets-aus-holz-messer-gabeln-servietten-loeffel-salz-pfeffer\/\",\"url\":\"https:\/\/www.csj-emballages.com\/de\/produit\/250-bestecksets-aus-holz-messer-gabeln-servietten-loeffel-salz-pfeffer\/\",\"name\":\"Besteckset Holz - 6 Teile\",\"isPartOf\":{\"@id\":\"https:\/\/www.csj-emballages.com\/de\/#website\"},\"primaryImageOfPage\":{\"@id\":\"https:\/\/www.csj-emballages.com\/de\/produit\/250-bestecksets-aus-holz-messer-gabeln-servietten-loeffel-salz-pfeffer\/#primaryimage\"},\"image\":{\"@id\":\"https:\/\/www.csj-emballages.com\/de\/produit\/250-bestecksets-aus-holz-messer-gabeln-servietten-loeffel-salz-pfeffer\/#primaryimage\"},\"thumbnailUrl\":\"https:\/\/www.csj-emballages.com\/wp-content\/uploads\/2024\/03\/KIT61BOIS.webp\",\"datePublished\":\"2024-03-01T15:51:57+00:00\",\"dateModified\":\"2026-05-16T15:00:29+00:00\",\"description\":\"Besteckset Holz 250 Sets: Messer, Gabel, L\u00f6ffel, Serviette, Salz und Pfeffer. Sofort einsatzbereit, praktisch, robust und perfekt f\u00fcr den Take-away-Verkauf.\",\"breadcrumb\":{\"@id\":\"https:\/\/www.csj-emballages.com\/de\/produit\/250-bestecksets-aus-holz-messer-gabeln-servietten-loeffel-salz-pfeffer\/#breadcrumb\"},\"inLanguage\":\"de\",\"potentialAction\":[{\"@type\":\"ReadAction\",\"target\":[\"https:\/\/www.csj-emballages.com\/de\/produit\/250-bestecksets-aus-holz-messer-gabeln-servietten-loeffel-salz-pfeffer\/\"]}]},{\"@type\":\"ImageObject\",\"inLanguage\":\"de\",\"@id\":\"https:\/\/www.csj-emballages.com\/de\/produit\/250-bestecksets-aus-holz-messer-gabeln-servietten-loeffel-salz-pfeffer\/#primaryimage\",\"url\":\"https:\/\/www.csj-emballages.com\/wp-content\/uploads\/2024\/03\/KIT61BOIS.webp\",\"contentUrl\":\"https:\/\/www.csj-emballages.com\/wp-content\/uploads\/2024\/03\/KIT61BOIS.webp\",\"width\":800,\"height\":799,\"caption\":\"Kit couverts bois\"},{\"@type\":\"BreadcrumbList\",\"@id\":\"https:\/\/www.csj-emballages.com\/de\/produit\/250-bestecksets-aus-holz-messer-gabeln-servietten-loeffel-salz-pfeffer\/#breadcrumb\",\"itemListElement\":[{\"@type\":\"ListItem\",\"position\":1,\"name\":\"Accueil\",\"item\":\"https:\/\/www.csj-emballages.com\/de\/universum-lebensmittelverpackungen\/\"},{\"@type\":\"ListItem\",\"position\":2,\"name\":\"Shop\",\"item\":\"https:\/\/www.csj-emballages.com\/shop\/\"},{\"@type\":\"ListItem\",\"position\":3,\"name\":\"Set Holzbesteck Messer + Gabeln + Servietten + L\u00f6ffel + Salz + Pfeffer\"}]},{\"@type\":\"WebSite\",\"@id\":\"https:\/\/www.csj-emballages.com\/de\/#website\",\"url\":\"https:\/\/www.csj-emballages.com\/de\/\",\"name\":\"CSJ Emballages\",\"description\":\"\",\"publisher\":{\"@id\":\"https:\/\/www.csj-emballages.com\/de\/#organization\"},\"potentialAction\":[{\"@type\":\"SearchAction\",\"target\":{\"@type\":\"EntryPoint\",\"urlTemplate\":\"https:\/\/www.csj-emballages.com\/de\/?s={search_term_string}\"},\"query-input\":{\"@type\":\"PropertyValueSpecification\",\"valueRequired\":true,\"valueName\":\"search_term_string\"}}],\"inLanguage\":\"de\"},{\"@type\":\"Organization\",\"@id\":\"https:\/\/www.csj-emballages.com\/de\/#Organization\/\",\"name\":\"CSJ Emballages\",\"url\":\"https:\/\/www.csj-emballages.com\/de\/\",\"logo\":{\"@type\":\"ImageObject\",\"inLanguage\":\"de\",\"@id\":\"https:\/\/www.csj-emballages.com\/de\/#\/schema\/logo\/image\/\",\"url\":\"https:\/\/www.csj-emballages.com\/wp-content\/uploads\/2023\/10\/logo_csj.webp\",\"contentUrl\":\"https:\/\/www.csj-emballages.com\/wp-content\/uploads\/2023\/10\/logo_csj.webp\",\"width\":250,\"height\":95,\"caption\":\"CSJ Emballages\"},\"image\":{\"@id\":\"https:\/\/www.csj-emballages.com\/de\/#\/schema\/logo\/image\/\"},\"sameAs\":[\"https:\/\/www.facebook.com\/csjemballages\"],\"address\":{\"@type\":\"PostalAddress\",\"streetAddress\":\"ZI La Lechere\",\"addressLocality\":\"Patornay\",\"postalCode\":\"39130\",\"addressCountry\":\"FR\"},\"contactPoint\":[{\"@type\":\"ContactPoint\",\"contactType\":\"Service client\",\"telephone\":\"0384254272\",\"email\":\"contact@csj-emballages.com\"}]}]}<\/script>\n<!-- \/ Yoast SEO Premium plugin. -->","yoast_head_json":{"title":"Besteckset Holz - 6 Teile","description":"Besteckset Holz 250 Sets: Messer, Gabel, L\u00f6ffel, Serviette, Salz und Pfeffer. Sofort einsatzbereit, praktisch, robust und perfekt f\u00fcr den Take-away-Verkauf.","robots":{"index":"index","follow":"follow","max-snippet":"max-snippet:-1","max-image-preview":"max-image-preview:large","max-video-preview":"max-video-preview:-1"},"canonical":"https:\/\/www.csj-emballages.com\/de\/produit\/250-bestecksets-aus-holz-messer-gabeln-servietten-loeffel-salz-pfeffer\/","og_locale":"de_DE","og_type":"article","og_title":"Set Holzbesteck Messer + Gabeln + Servietten + L\u00f6ffel + Salz + Pfeffer","og_description":"Besteckset Holz 250 Sets: Messer, Gabel, L\u00f6ffel, Serviette, Salz und Pfeffer. Sofort einsatzbereit, praktisch, robust und perfekt f\u00fcr den Take-away-Verkauf.","og_url":"https:\/\/www.csj-emballages.com\/de\/produit\/250-bestecksets-aus-holz-messer-gabeln-servietten-loeffel-salz-pfeffer\/","og_site_name":"CSJ Emballages","article_publisher":"https:\/\/www.facebook.com\/csjemballages","article_modified_time":"2026-05-16T15:00:29+00:00","og_image":[{"width":800,"height":799,"url":"https:\/\/www.csj-emballages.com\/wp-content\/uploads\/2024\/03\/KIT61BOIS.webp","type":"image\/webp"}],"twitter_card":"summary_large_image","twitter_misc":{"Gesch\u00e4tzte Lesezeit":"2 Minuten"},"schema":{"@context":"https:\/\/schema.org","@graph":[{"@type":"WebPage","@id":"https:\/\/www.csj-emballages.com\/de\/produit\/250-bestecksets-aus-holz-messer-gabeln-servietten-loeffel-salz-pfeffer\/","url":"https:\/\/www.csj-emballages.com\/de\/produit\/250-bestecksets-aus-holz-messer-gabeln-servietten-loeffel-salz-pfeffer\/","name":"Besteckset Holz - 6 Teile","isPartOf":{"@id":"https:\/\/www.csj-emballages.com\/de\/#website"},"primaryImageOfPage":{"@id":"https:\/\/www.csj-emballages.com\/de\/produit\/250-bestecksets-aus-holz-messer-gabeln-servietten-loeffel-salz-pfeffer\/#primaryimage"},"image":{"@id":"https:\/\/www.csj-emballages.com\/de\/produit\/250-bestecksets-aus-holz-messer-gabeln-servietten-loeffel-salz-pfeffer\/#primaryimage"},"thumbnailUrl":"https:\/\/www.csj-emballages.com\/wp-content\/uploads\/2024\/03\/KIT61BOIS.webp","datePublished":"2024-03-01T15:51:57+00:00","dateModified":"2026-05-16T15:00:29+00:00","description":"Besteckset Holz 250 Sets: Messer, Gabel, L\u00f6ffel, Serviette, Salz und Pfeffer. Sofort einsatzbereit, praktisch, robust und perfekt f\u00fcr den Take-away-Verkauf.","breadcrumb":{"@id":"https:\/\/www.csj-emballages.com\/de\/produit\/250-bestecksets-aus-holz-messer-gabeln-servietten-loeffel-salz-pfeffer\/#breadcrumb"},"inLanguage":"de","potentialAction":[{"@type":"ReadAction","target":["https:\/\/www.csj-emballages.com\/de\/produit\/250-bestecksets-aus-holz-messer-gabeln-servietten-loeffel-salz-pfeffer\/"]}]},{"@type":"ImageObject","inLanguage":"de","@id":"https:\/\/www.csj-emballages.com\/de\/produit\/250-bestecksets-aus-holz-messer-gabeln-servietten-loeffel-salz-pfeffer\/#primaryimage","url":"https:\/\/www.csj-emballages.com\/wp-content\/uploads\/2024\/03\/KIT61BOIS.webp","contentUrl":"https:\/\/www.csj-emballages.com\/wp-content\/uploads\/2024\/03\/KIT61BOIS.webp","width":800,"height":799,"caption":"Kit couverts bois"},{"@type":"BreadcrumbList","@id":"https:\/\/www.csj-emballages.com\/de\/produit\/250-bestecksets-aus-holz-messer-gabeln-servietten-loeffel-salz-pfeffer\/#breadcrumb","itemListElement":[{"@type":"ListItem","position":1,"name":"Accueil","item":"https:\/\/www.csj-emballages.com\/de\/universum-lebensmittelverpackungen\/"},{"@type":"ListItem","position":2,"name":"Shop","item":"https:\/\/www.csj-emballages.com\/shop\/"},{"@type":"ListItem","position":3,"name":"Set Holzbesteck Messer + Gabeln + Servietten + L\u00f6ffel + Salz + Pfeffer"}]},{"@type":"WebSite","@id":"https:\/\/www.csj-emballages.com\/de\/#website","url":"https:\/\/www.csj-emballages.com\/de\/","name":"CSJ Emballages","description":"","publisher":{"@id":"https:\/\/www.csj-emballages.com\/de\/#organization"},"potentialAction":[{"@type":"SearchAction","target":{"@type":"EntryPoint","urlTemplate":"https:\/\/www.csj-emballages.com\/de\/?s={search_term_string}"},"query-input":{"@type":"PropertyValueSpecification","valueRequired":true,"valueName":"search_term_string"}}],"inLanguage":"de"},{"@type":"Organization","@id":"https:\/\/www.csj-emballages.com\/de\/#Organization\/","name":"CSJ Emballages","url":"https:\/\/www.csj-emballages.com\/de\/","logo":{"@type":"ImageObject","inLanguage":"de","@id":"https:\/\/www.csj-emballages.com\/de\/#\/schema\/logo\/image\/","url":"https:\/\/www.csj-emballages.com\/wp-content\/uploads\/2023\/10\/logo_csj.webp","contentUrl":"https:\/\/www.csj-emballages.com\/wp-content\/uploads\/2023\/10\/logo_csj.webp","width":250,"height":95,"caption":"CSJ Emballages"},"image":{"@id":"https:\/\/www.csj-emballages.com\/de\/#\/schema\/logo\/image\/"},"sameAs":["https:\/\/www.facebook.com\/csjemballages"],"address":{"@type":"PostalAddress","streetAddress":"ZI La Lechere","addressLocality":"Patornay","postalCode":"39130","addressCountry":"FR"},"contactPoint":[{"@type":"ContactPoint","contactType":"Service client","telephone":"0384254272","email":"contact@csj-emballages.com"}]}]}},"df_price":29.22,"df_sale_price":"","df_regular_price":29.22,"df_image_link":"https:\/\/www.csj-emballages.com\/wp-content\/uploads\/2024\/03\/KIT61BOIS-300x300.webp","tiered_pricing_type":"fixed","tiered_pricing_fixed_rules":[],"tiered_pricing_percentage_rules":[],"tiered_pricing_minimum":1,"tiered_pricing_roles_data":[],"_links":{"self":[{"href":"https:\/\/www.csj-emballages.com\/de\/wp-json\/wp\/v2\/product\/21847","targetHints":{"allow":["GET"]}}],"collection":[{"href":"https:\/\/www.csj-emballages.com\/de\/wp-json\/wp\/v2\/product"}],"about":[{"href":"https:\/\/www.csj-emballages.com\/de\/wp-json\/wp\/v2\/types\/product"}],"wp:featuredmedia":[{"embeddable":true,"href":"https:\/\/www.csj-emballages.com\/de\/wp-json\/wp\/v2\/media\/256941"}],"wp:attachment":[{"href":"https:\/\/www.csj-emballages.com\/de\/wp-json\/wp\/v2\/media?parent=21847"}],"wp:term":[{"taxonomy":"product_brand","embeddable":true,"href":"https:\/\/www.csj-emballages.com\/de\/wp-json\/wp\/v2\/product_brand?post=21847"},{"taxonomy":"product_cat","embeddable":true,"href":"https:\/\/www.csj-emballages.com\/de\/wp-json\/wp\/v2\/product_cat?post=21847"},{"taxonomy":"product_tag","embeddable":true,"href":"https:\/\/www.csj-emballages.com\/de\/wp-json\/wp\/v2\/product_tag?post=21847"}],"curies":[{"name":"wp","href":"https:\/\/api.w.org\/{rel}","templated":true}]}}