{"id":21841,"date":"2024-03-01T16:51:57","date_gmt":"2024-03-01T15:51:57","guid":{"rendered":"https:\/\/u15jnbdpoq.preview.infomaniak.website\/produit\/20-plancha-box-sets-45-5-x-19-x-5-cm\/"},"modified":"2026-04-28T02:16:14","modified_gmt":"2026-04-28T00:16:14","slug":"20-plancha-box-sets-45-5-x-19-x-5-cm","status":"publish","type":"product","link":"https:\/\/www.csj-emballages.com\/de\/produit\/20-plancha-box-sets-45-5-x-19-x-5-cm\/","title":{"rendered":"Kit Plancha Box 45.5 x 19 x 5 cm pro 20"},"content":{"rendered":"<div style=\"text-align: center;\">\n<h2 style=\"text-align: left;\">Plancha-Set<\/h2>\n<div style=\"text-align: center;\">\n<div style=\"text-align: left;\">\n<hr>\n<h3>Beschreibung unseres Kit Plancha Box 45.5 x 19 x 5 cm pro 20<!--more--><\/h3>\n<p>Die Kit Plancha Box ist eine innovative und originelle Verpackungsl\u00f6sung, denn sie wurde entwickelt, um Ihre Sortimente auf elegante und praktische Weise zur Geltung zu bringen. Dieses Set besteht aus einem Brett aus festem Karton und einer geschickt geformten Kartonschachtel, die sich der Form des Brettes mit seinem PE (Polyethylen)-Fenster anpasst. Denn das Ganze bietet ein ansprechendes Layout, das eine optimale Sichtbarkeit des Inhalts erm\u00f6glicht.<\/p>\n<p>Ebenso dient das robuste und langlebige Pappbrett als solide Basis, um Ihre Sortimente anzuordnen. Er ist ideal f\u00fcr die Pr\u00e4sentation verschiedener gastronomischer Produkte wie Wurst, K\u00e4se oder sogar Obst.<\/p>\n<p>Der Karton ist mit einem einfachen, aber effektiven Transportverschluss versehen. Durch strategische Ausschnitte bietet die Schachtel einen Einblick in den Inhalt und l\u00e4dt zum Entdecken und Probieren ein.<\/p>\n<p>Das Plancha Box Kit ist perfekt f\u00fcr besondere Anl\u00e4sse, Gourmetgeschenke oder einfach um Ihre t\u00e4glichen Pr\u00e4sentationen zu verfeinern. Geben Sie Ihren Produkten mit dieser einzigartigen Verpackung, die Zweckm\u00e4\u00dfigkeit, \u00c4sthetik und Innovation vereint, eine w\u00fcrdige Inszenierung ihrer Qualit\u00e4t.<\/p>\n<h4>Ihre Vorteile :<\/h4>\n<ul>\n<li><strong>Sichtbarkeit<\/strong>: Die strategischen Ausschnitte der Schachtel erm\u00f6glichen einen Blick auf den Inhalt und regen zum Probieren an. Dies zieht die Aufmerksamkeit auf sich und hebt die im Inneren pr\u00e4sentierten Produkte hervor.<\/li>\n<li><strong>Festigkeit<\/strong>: Das stabile Pappbrett sorgt f\u00fcr eine solide Grundlage f\u00fcr die Sortimente.<\/li>\n<li><strong>Vielseitigkeit<\/strong>: Die Kit Plancha Box ist ideal f\u00fcr verschiedene gastronomische Produkte wie Wurst, K\u00e4se oder Obst.<\/li>\n<li><strong>Innovation<\/strong>: Die Kit Plancha Box ist eine innovative Verpackungsl\u00f6sung, die sich von herk\u00f6mmlichen Verpackungen unterscheidet.<\/li>\n<\/ul>\n<p>&nbsp;<\/p>\n<p><span style=\"font-style: italic; text-decoration: underline;\">Brettchen aus Pappe :<\/span><\/p>\n<ul>\n<li><span style=\"font-weight: bold; text-decoration: underline;\">Breite<\/span>: 18 cm<\/li>\n<li><span style=\"font-weight: bold; text-decoration: underline;\">L\u00e4nge<\/span>: 28,5 cm + 17 cm (45,5 cm)<\/li>\n<li><span style=\"font-weight: bold; text-decoration: underline;\">Dicke<\/span>: 4 mm<\/li>\n<li><span style=\"font-weight: bold; text-decoration: underline;\">Material<\/span>: Karton mit Polyethylenfolie<\/li>\n<\/ul>\n<p>&nbsp;<\/p>\n<p><!--more--><\/p>\n<p><a href=\"https:\/\/u15jnbdpoq.preview.infomaniak.website\/categorie-produit\/emballages\/boucherie-traiteur-primeur\/barquettes-boites-et-pots\/boites-traiteurs-lunchs\/\">Sehen Sie sich den Rest unseres Sortiments an Catering- und Lunchboxen an.<\/a><\/p>\n<\/div>\n<\/div>\n<\/div>\n<p>&nbsp;<\/p>\n","protected":false},"excerpt":{"rendered":"<p>Plancha-Set Beschreibung unseres Kit Plancha Box 45.5 x 19 x 5 cm pro 20<\/p>\n","protected":false},"featured_media":177233,"template":"","meta":{"_acf_changed":false},"product_brand":[],"product_cat":[1137,1170,1169,1344,2826,1134,1347,2827],"product_tag":[],"class_list":{"0":"post-21841","1":"product","2":"type-product","3":"status-publish","4":"has-post-thumbnail","6":"product_cat-lebensmittelverpackungen","7":"product_cat-metzgerei-und-feinkostgeschaft","8":"product_cat-catering-lunchboxen","9":"product_cat-tabletts","10":"product_cat-catering-tabletts","11":"product_cat-restauration-de","12":"product_cat-tabletts-de","13":"product_cat-catering-tabletts-de","15":"first","16":"instock","17":"taxable","18":"shipping-taxable","19":"purchasable","20":"product-type-simple"},"acf":[],"yoast_head":"<!-- This site is optimized with the Yoast SEO Premium plugin v26.6 (Yoast SEO v26.6) - https:\/\/yoast.com\/wordpress\/plugins\/seo\/ -->\n<title>Kit Plancha Box - 45.5 x 19 x 5 cm<\/title>\n<meta name=\"description\" content=\"Entdecken Sie unser Kit Plancha Box f\u00fcr Aperitifs mit Wurstwaren oder K\u00e4se. Abmessungen: 455 x 190 x 50 mm. Entscheiden Sie sich f\u00fcr ein Paket mit dem Kit Box + Brett.\" \/>\n<meta name=\"robots\" content=\"index, follow, max-snippet:-1, max-image-preview:large, max-video-preview:-1\" \/>\n<link rel=\"canonical\" href=\"https:\/\/www.csj-emballages.com\/de\/produit\/20-plancha-box-sets-45-5-x-19-x-5-cm\/\" \/>\n<meta property=\"og:locale\" content=\"de_DE\" \/>\n<meta property=\"og:type\" content=\"article\" \/>\n<meta property=\"og:title\" content=\"Kit Plancha Box 45.5 x 19 x 5 cm pro 20\" \/>\n<meta property=\"og:description\" content=\"Entdecken Sie unser Kit Plancha Box f\u00fcr Aperitifs mit Wurstwaren oder K\u00e4se. Abmessungen: 455 x 190 x 50 mm. Entscheiden Sie sich f\u00fcr ein Paket mit dem Kit Box + Brett.\" \/>\n<meta property=\"og:url\" content=\"https:\/\/www.csj-emballages.com\/de\/produit\/20-plancha-box-sets-45-5-x-19-x-5-cm\/\" \/>\n<meta property=\"og:site_name\" content=\"CSJ Emballages\" \/>\n<meta property=\"article:publisher\" content=\"https:\/\/www.facebook.com\/csjemballages\" \/>\n<meta property=\"article:modified_time\" content=\"2026-04-28T00:16:14+00:00\" \/>\n<meta property=\"og:image\" content=\"https:\/\/www.csj-emballages.com\/wp-content\/uploads\/2024\/03\/kitplancha.webp\" \/>\n\t<meta property=\"og:image:width\" content=\"809\" \/>\n\t<meta property=\"og:image:height\" content=\"809\" \/>\n\t<meta property=\"og:image:type\" content=\"image\/webp\" \/>\n<meta name=\"twitter:card\" content=\"summary_large_image\" \/>\n<meta name=\"twitter:label1\" content=\"Gesch\u00e4tzte Lesezeit\" \/>\n\t<meta name=\"twitter:data1\" content=\"1\u00a0Minute\" \/>\n<script type=\"application\/ld+json\" class=\"yoast-schema-graph\">{\"@context\":\"https:\/\/schema.org\",\"@graph\":[{\"@type\":\"WebPage\",\"@id\":\"https:\/\/www.csj-emballages.com\/de\/produit\/20-plancha-box-sets-45-5-x-19-x-5-cm\/\",\"url\":\"https:\/\/www.csj-emballages.com\/de\/produit\/20-plancha-box-sets-45-5-x-19-x-5-cm\/\",\"name\":\"Kit Plancha Box - 45.5 x 19 x 5 cm\",\"isPartOf\":{\"@id\":\"https:\/\/www.csj-emballages.com\/de\/#website\"},\"primaryImageOfPage\":{\"@id\":\"https:\/\/www.csj-emballages.com\/de\/produit\/20-plancha-box-sets-45-5-x-19-x-5-cm\/#primaryimage\"},\"image\":{\"@id\":\"https:\/\/www.csj-emballages.com\/de\/produit\/20-plancha-box-sets-45-5-x-19-x-5-cm\/#primaryimage\"},\"thumbnailUrl\":\"https:\/\/www.csj-emballages.com\/wp-content\/uploads\/2024\/03\/kitplancha.webp\",\"datePublished\":\"2024-03-01T15:51:57+00:00\",\"dateModified\":\"2026-04-28T00:16:14+00:00\",\"description\":\"Entdecken Sie unser Kit Plancha Box f\u00fcr Aperitifs mit Wurstwaren oder K\u00e4se. Abmessungen: 455 x 190 x 50 mm. Entscheiden Sie sich f\u00fcr ein Paket mit dem Kit Box + Brett.\",\"breadcrumb\":{\"@id\":\"https:\/\/www.csj-emballages.com\/de\/produit\/20-plancha-box-sets-45-5-x-19-x-5-cm\/#breadcrumb\"},\"inLanguage\":\"de\",\"potentialAction\":[{\"@type\":\"ReadAction\",\"target\":[\"https:\/\/www.csj-emballages.com\/de\/produit\/20-plancha-box-sets-45-5-x-19-x-5-cm\/\"]}]},{\"@type\":\"ImageObject\",\"inLanguage\":\"de\",\"@id\":\"https:\/\/www.csj-emballages.com\/de\/produit\/20-plancha-box-sets-45-5-x-19-x-5-cm\/#primaryimage\",\"url\":\"https:\/\/www.csj-emballages.com\/wp-content\/uploads\/2024\/03\/kitplancha.webp\",\"contentUrl\":\"https:\/\/www.csj-emballages.com\/wp-content\/uploads\/2024\/03\/kitplancha.webp\",\"width\":809,\"height\":809,\"caption\":\"box 45.5 x 19 x 5 cm par 20\"},{\"@type\":\"BreadcrumbList\",\"@id\":\"https:\/\/www.csj-emballages.com\/de\/produit\/20-plancha-box-sets-45-5-x-19-x-5-cm\/#breadcrumb\",\"itemListElement\":[{\"@type\":\"ListItem\",\"position\":1,\"name\":\"Accueil\",\"item\":\"https:\/\/www.csj-emballages.com\/de\/universum-lebensmittelverpackungen\/\"},{\"@type\":\"ListItem\",\"position\":2,\"name\":\"Shop\",\"item\":\"https:\/\/www.csj-emballages.com\/shop\/\"},{\"@type\":\"ListItem\",\"position\":3,\"name\":\"Kit Plancha Box 45.5 x 19 x 5 cm pro 20\"}]},{\"@type\":\"WebSite\",\"@id\":\"https:\/\/www.csj-emballages.com\/de\/#website\",\"url\":\"https:\/\/www.csj-emballages.com\/de\/\",\"name\":\"CSJ Emballages\",\"description\":\"\",\"publisher\":{\"@id\":\"https:\/\/www.csj-emballages.com\/de\/#organization\"},\"potentialAction\":[{\"@type\":\"SearchAction\",\"target\":{\"@type\":\"EntryPoint\",\"urlTemplate\":\"https:\/\/www.csj-emballages.com\/de\/?s={search_term_string}\"},\"query-input\":{\"@type\":\"PropertyValueSpecification\",\"valueRequired\":true,\"valueName\":\"search_term_string\"}}],\"inLanguage\":\"de\"},{\"@type\":\"Organization\",\"@id\":\"https:\/\/www.csj-emballages.com\/de\/#Organization\/\",\"name\":\"CSJ Emballages\",\"url\":\"https:\/\/www.csj-emballages.com\/de\/\",\"logo\":{\"@type\":\"ImageObject\",\"inLanguage\":\"de\",\"@id\":\"https:\/\/www.csj-emballages.com\/de\/#\/schema\/logo\/image\/\",\"url\":\"https:\/\/www.csj-emballages.com\/wp-content\/uploads\/2023\/10\/logo_csj.webp\",\"contentUrl\":\"https:\/\/www.csj-emballages.com\/wp-content\/uploads\/2023\/10\/logo_csj.webp\",\"width\":250,\"height\":95,\"caption\":\"CSJ Emballages\"},\"image\":{\"@id\":\"https:\/\/www.csj-emballages.com\/de\/#\/schema\/logo\/image\/\"},\"sameAs\":[\"https:\/\/www.facebook.com\/csjemballages\"],\"address\":{\"@type\":\"PostalAddress\",\"streetAddress\":\"ZI La Lechere\",\"addressLocality\":\"Patornay\",\"postalCode\":\"39130\",\"addressCountry\":\"FR\"},\"contactPoint\":[{\"@type\":\"ContactPoint\",\"contactType\":\"Service client\",\"telephone\":\"0384254272\",\"email\":\"contact@csj-emballages.com\"}]}]}<\/script>\n<!-- \/ Yoast SEO Premium plugin. -->","yoast_head_json":{"title":"Kit Plancha Box - 45.5 x 19 x 5 cm","description":"Entdecken Sie unser Kit Plancha Box f\u00fcr Aperitifs mit Wurstwaren oder K\u00e4se. Abmessungen: 455 x 190 x 50 mm. Entscheiden Sie sich f\u00fcr ein Paket mit dem Kit Box + Brett.","robots":{"index":"index","follow":"follow","max-snippet":"max-snippet:-1","max-image-preview":"max-image-preview:large","max-video-preview":"max-video-preview:-1"},"canonical":"https:\/\/www.csj-emballages.com\/de\/produit\/20-plancha-box-sets-45-5-x-19-x-5-cm\/","og_locale":"de_DE","og_type":"article","og_title":"Kit Plancha Box 45.5 x 19 x 5 cm pro 20","og_description":"Entdecken Sie unser Kit Plancha Box f\u00fcr Aperitifs mit Wurstwaren oder K\u00e4se. Abmessungen: 455 x 190 x 50 mm. Entscheiden Sie sich f\u00fcr ein Paket mit dem Kit Box + Brett.","og_url":"https:\/\/www.csj-emballages.com\/de\/produit\/20-plancha-box-sets-45-5-x-19-x-5-cm\/","og_site_name":"CSJ Emballages","article_publisher":"https:\/\/www.facebook.com\/csjemballages","article_modified_time":"2026-04-28T00:16:14+00:00","og_image":[{"width":809,"height":809,"url":"https:\/\/www.csj-emballages.com\/wp-content\/uploads\/2024\/03\/kitplancha.webp","type":"image\/webp"}],"twitter_card":"summary_large_image","twitter_misc":{"Gesch\u00e4tzte Lesezeit":"1\u00a0Minute"},"schema":{"@context":"https:\/\/schema.org","@graph":[{"@type":"WebPage","@id":"https:\/\/www.csj-emballages.com\/de\/produit\/20-plancha-box-sets-45-5-x-19-x-5-cm\/","url":"https:\/\/www.csj-emballages.com\/de\/produit\/20-plancha-box-sets-45-5-x-19-x-5-cm\/","name":"Kit Plancha Box - 45.5 x 19 x 5 cm","isPartOf":{"@id":"https:\/\/www.csj-emballages.com\/de\/#website"},"primaryImageOfPage":{"@id":"https:\/\/www.csj-emballages.com\/de\/produit\/20-plancha-box-sets-45-5-x-19-x-5-cm\/#primaryimage"},"image":{"@id":"https:\/\/www.csj-emballages.com\/de\/produit\/20-plancha-box-sets-45-5-x-19-x-5-cm\/#primaryimage"},"thumbnailUrl":"https:\/\/www.csj-emballages.com\/wp-content\/uploads\/2024\/03\/kitplancha.webp","datePublished":"2024-03-01T15:51:57+00:00","dateModified":"2026-04-28T00:16:14+00:00","description":"Entdecken Sie unser Kit Plancha Box f\u00fcr Aperitifs mit Wurstwaren oder K\u00e4se. Abmessungen: 455 x 190 x 50 mm. Entscheiden Sie sich f\u00fcr ein Paket mit dem Kit Box + Brett.","breadcrumb":{"@id":"https:\/\/www.csj-emballages.com\/de\/produit\/20-plancha-box-sets-45-5-x-19-x-5-cm\/#breadcrumb"},"inLanguage":"de","potentialAction":[{"@type":"ReadAction","target":["https:\/\/www.csj-emballages.com\/de\/produit\/20-plancha-box-sets-45-5-x-19-x-5-cm\/"]}]},{"@type":"ImageObject","inLanguage":"de","@id":"https:\/\/www.csj-emballages.com\/de\/produit\/20-plancha-box-sets-45-5-x-19-x-5-cm\/#primaryimage","url":"https:\/\/www.csj-emballages.com\/wp-content\/uploads\/2024\/03\/kitplancha.webp","contentUrl":"https:\/\/www.csj-emballages.com\/wp-content\/uploads\/2024\/03\/kitplancha.webp","width":809,"height":809,"caption":"box 45.5 x 19 x 5 cm par 20"},{"@type":"BreadcrumbList","@id":"https:\/\/www.csj-emballages.com\/de\/produit\/20-plancha-box-sets-45-5-x-19-x-5-cm\/#breadcrumb","itemListElement":[{"@type":"ListItem","position":1,"name":"Accueil","item":"https:\/\/www.csj-emballages.com\/de\/universum-lebensmittelverpackungen\/"},{"@type":"ListItem","position":2,"name":"Shop","item":"https:\/\/www.csj-emballages.com\/shop\/"},{"@type":"ListItem","position":3,"name":"Kit Plancha Box 45.5 x 19 x 5 cm pro 20"}]},{"@type":"WebSite","@id":"https:\/\/www.csj-emballages.com\/de\/#website","url":"https:\/\/www.csj-emballages.com\/de\/","name":"CSJ Emballages","description":"","publisher":{"@id":"https:\/\/www.csj-emballages.com\/de\/#organization"},"potentialAction":[{"@type":"SearchAction","target":{"@type":"EntryPoint","urlTemplate":"https:\/\/www.csj-emballages.com\/de\/?s={search_term_string}"},"query-input":{"@type":"PropertyValueSpecification","valueRequired":true,"valueName":"search_term_string"}}],"inLanguage":"de"},{"@type":"Organization","@id":"https:\/\/www.csj-emballages.com\/de\/#Organization\/","name":"CSJ Emballages","url":"https:\/\/www.csj-emballages.com\/de\/","logo":{"@type":"ImageObject","inLanguage":"de","@id":"https:\/\/www.csj-emballages.com\/de\/#\/schema\/logo\/image\/","url":"https:\/\/www.csj-emballages.com\/wp-content\/uploads\/2023\/10\/logo_csj.webp","contentUrl":"https:\/\/www.csj-emballages.com\/wp-content\/uploads\/2023\/10\/logo_csj.webp","width":250,"height":95,"caption":"CSJ Emballages"},"image":{"@id":"https:\/\/www.csj-emballages.com\/de\/#\/schema\/logo\/image\/"},"sameAs":["https:\/\/www.facebook.com\/csjemballages"],"address":{"@type":"PostalAddress","streetAddress":"ZI La Lechere","addressLocality":"Patornay","postalCode":"39130","addressCountry":"FR"},"contactPoint":[{"@type":"ContactPoint","contactType":"Service client","telephone":"0384254272","email":"contact@csj-emballages.com"}]}]}},"df_price":54,"df_sale_price":"","df_regular_price":54,"df_image_link":"https:\/\/www.csj-emballages.com\/wp-content\/uploads\/2024\/03\/kitplancha-300x300.webp","tiered_pricing_type":"fixed","tiered_pricing_fixed_rules":[],"tiered_pricing_percentage_rules":[],"tiered_pricing_minimum":1,"tiered_pricing_roles_data":[],"_links":{"self":[{"href":"https:\/\/www.csj-emballages.com\/de\/wp-json\/wp\/v2\/product\/21841","targetHints":{"allow":["GET"]}}],"collection":[{"href":"https:\/\/www.csj-emballages.com\/de\/wp-json\/wp\/v2\/product"}],"about":[{"href":"https:\/\/www.csj-emballages.com\/de\/wp-json\/wp\/v2\/types\/product"}],"wp:featuredmedia":[{"embeddable":true,"href":"https:\/\/www.csj-emballages.com\/de\/wp-json\/wp\/v2\/media\/177233"}],"wp:attachment":[{"href":"https:\/\/www.csj-emballages.com\/de\/wp-json\/wp\/v2\/media?parent=21841"}],"wp:term":[{"taxonomy":"product_brand","embeddable":true,"href":"https:\/\/www.csj-emballages.com\/de\/wp-json\/wp\/v2\/product_brand?post=21841"},{"taxonomy":"product_cat","embeddable":true,"href":"https:\/\/www.csj-emballages.com\/de\/wp-json\/wp\/v2\/product_cat?post=21841"},{"taxonomy":"product_tag","embeddable":true,"href":"https:\/\/www.csj-emballages.com\/de\/wp-json\/wp\/v2\/product_tag?post=21841"}],"curies":[{"name":"wp","href":"https:\/\/api.w.org\/{rel}","templated":true}]}}