{"id":21840,"date":"2024-03-01T16:51:58","date_gmt":"2024-03-01T15:51:58","guid":{"rendered":"https:\/\/u15jnbdpoq.preview.infomaniak.website\/produit\/250-bestecksets-aus-holz-messer-gabeln-servietten-loeffel\/"},"modified":"2026-04-04T02:13:22","modified_gmt":"2026-04-04T00:13:22","slug":"250-bestecksets-aus-holz-messer-gabeln-servietten-loeffel","status":"publish","type":"product","link":"https:\/\/www.csj-emballages.com\/de\/produit\/250-bestecksets-aus-holz-messer-gabeln-servietten-loeffel\/","title":{"rendered":"Besteckset Holz Messer + Gabeln + Servietten + L\u00f6ffel pro 250"},"content":{"rendered":"<h2>Besteckset Holz<\/h2>\n<hr>\n<h3>Entdecken Sie unser Besteckset aus Holz Messer + Gabeln + Servietten + L\u00f6ffel pro 250<\/h3>\n<p><!--more--><\/p>\n<p data-start=\"267\" data-end=\"710\">Hier ist eine einfache und effektive L\u00f6sung, um eine wirklich saubere und angenehme Alternative f\u00fcr Ihre Mahlzeiten zum Mitnehmen anzubieten: das <strong>Besteckset aus Holz<\/strong> mit <strong>Serviette<\/strong>. Jedes Set enth\u00e4lt das Wichtigste: <strong>Messer, Gabel, L\u00f6ffel und Serviette <\/strong>in einem kompakten Format, das auf das Wesentliche beschr\u00e4nkt ist. Ein <strong>Besteckset<\/strong>, das man sch\u00e4tzt, weil es nicht mehrfach verpackt werden muss und \u00fcberall m\u00fchelos Platz findet.  <\/p>\n<p data-start=\"712\" data-end=\"1153\">Das verwendete <strong>Holz<\/strong> sorgt f\u00fcr ein nat\u00fcrliches und warmes Gef\u00fchl, das Plastik nie erreichen kann. Wir m\u00f6gen die leicht strukturierte Haptik, die Leichtigkeit und die Robustheit des Bestecks, das sich sowohl f\u00fcr eine kalte Platte als auch f\u00fcr ein deftiges Rezept eignet. Ob f\u00fcr einen Foodtruck, ein Catering-Unternehmen, einen Sandwich-Shop oder eine Vereinsveranstaltung, dieses Set vereinfacht Ihre Organisation eindeutig und bietet gleichzeitig eine gepflegte Pr\u00e4sentation.  <\/p>\n<p data-start=\"1155\" data-end=\"1444\">Mit der <strong data-start=\"1164\" data-end=\"1191\">250er-Packung<\/strong> haben Sie einen Vorrat, der f\u00fcr vielbesch\u00e4ftigte Abteilungen oder Zeiten mit gro\u00dfem Andrang bereitsteht. Es ist nicht mehr n\u00f6tig, die Sets einzeln vorzubereiten, denn alles ist bereits zusammengestellt, sauber und praktisch zu verteilen. Das spart Zeit, vor allem, wenn eine Bestellung nach der anderen eingeht.  <\/p>\n<p data-start=\"1446\" data-end=\"1739\">Dieses Set ist nicht nur funktional, sondern vermittelt auch ein verantwortungsvolleres Image. Holz ist eine Wahl, die Kunden anspricht, die f\u00fcr nachhaltige L\u00f6sungen und Bem\u00fchungen zur Abfallvermeidung empf\u00e4nglich sind. Sie gewinnen an Praktikabilit\u00e4t, und sie genie\u00dfen eine angenehme Mahlzeit mit einem Besteck, das angenehm zu benutzen ist.  <\/p>\n<p data-start=\"1741\" data-end=\"1872\">Kurz gesagt, dieses <strong>Besteckset aus Holz<\/strong> ist eine kleine Aufmerksamkeit, die einen gro\u00dfen Unterschied macht: praktisch, nat\u00fcrlich und sofort einsatzbereit.<\/p>\n<p data-start=\"1741\" data-end=\"1872\">\n<p data-start=\"1741\" data-end=\"1872\"><!--more--><\/p>\n<h4>Vorteile :<\/h4>\n<ul>\n<li data-start=\"1973\" data-end=\"2015\">Nat\u00fcrliches und angenehmes Gef\u00fchl in der Hand.<\/li>\n<li data-start=\"2018\" data-end=\"2058\">Festes, glattes und unbehandeltes Holz<\/li>\n<li data-start=\"2061\" data-end=\"2100\"><strong>Komplettes Set<\/strong>: Messer + Gabeln + L\u00f6ffel + Servietten.<\/li>\n<li data-start=\"2103\" data-end=\"2134\">Sparset mit <strong>250 St\u00fcck<\/strong>.<\/li>\n<li data-start=\"2137\" data-end=\"2199\">Perfekt f\u00fcr den Verkauf zum Mitnehmen, Veranstaltungen und Foodtrucks.<\/li>\n<li data-start=\"2202\" data-end=\"2240\">Authentischeres und verantwortungsvolleres Image<\/li>\n<\/ul>\n<p>&nbsp;<\/p>\n<p><!--more--><\/p>\n<h4>Weitere Informationen :<\/h4>\n<ul>\n<li><strong>Verpackung<\/strong>: Packung mit 250 Kits<\/li>\n<li><b>Zusammensetzung <\/b>: Messer + Gabeln + L\u00f6ffel + Servietten<\/li>\n<li><strong>Material<\/strong>: Holz<\/li>\n<\/ul>\n<p>&nbsp;<\/p>\n<p><!--more--><\/p>\n<p><a href=\"https:\/\/www.csj-emballages.com\/de\/categorie-produit\/lebensmittelverpackungen\/restauration-de\/teller-einwegbesteck-strohhalme\/besteck-sets\/bio-bestecksets\/\">Sehen Sie sich den Rest unseres Sortiments an Bestecksets aus Holz an.<\/a><\/p>\n","protected":false},"excerpt":{"rendered":"<p>Besteckset Holz Entdecken Sie unser Besteckset aus Holz Messer + Gabeln + Servietten + L\u00f6ffel pro 250<\/p>\n","protected":false},"featured_media":256871,"template":"","meta":{"_acf_changed":false},"product_brand":[],"product_cat":[1137,1134,2812,2813,1146,2627],"product_tag":[],"class_list":{"0":"post-21840","1":"product","2":"type-product","3":"status-publish","4":"has-post-thumbnail","6":"product_cat-lebensmittelverpackungen","7":"product_cat-restauration-de","8":"product_cat-besteck-sets","9":"product_cat-bio-bestecksets","10":"product_cat-bio-sortiment","11":"product_cat-bio-besteck","13":"first","14":"instock","15":"taxable","16":"shipping-taxable","17":"purchasable","18":"product-type-simple"},"acf":[],"yoast_head":"<!-- This site is optimized with the Yoast SEO Premium plugin v26.6 (Yoast SEO v26.6) - https:\/\/yoast.com\/wordpress\/plugins\/seo\/ -->\n<title>Besteckset Holz - Gabeln \/ Messer \/ L\u00f6ffel \/ Servietten<\/title>\n<meta name=\"description\" content=\"Entdecken Sie unser 4-teiliges Besteckset aus Holz: Gabeln, Messer, L\u00f6ffel und Servietten. Entscheiden Sie sich f\u00fcr einen Karton mit 250 St\u00fcck Bio-Besteck von Qualit\u00e9.\" \/>\n<meta name=\"robots\" content=\"index, follow, max-snippet:-1, max-image-preview:large, max-video-preview:-1\" \/>\n<link rel=\"canonical\" href=\"https:\/\/www.csj-emballages.com\/de\/produit\/250-bestecksets-aus-holz-messer-gabeln-servietten-loeffel\/\" \/>\n<meta property=\"og:locale\" content=\"de_DE\" \/>\n<meta property=\"og:type\" content=\"article\" \/>\n<meta property=\"og:title\" content=\"Besteckset Holz Messer + Gabeln + Servietten + L\u00f6ffel pro 250\" \/>\n<meta property=\"og:description\" content=\"Entdecken Sie unser 4-teiliges Besteckset aus Holz: Gabeln, Messer, L\u00f6ffel und Servietten. Entscheiden Sie sich f\u00fcr einen Karton mit 250 St\u00fcck Bio-Besteck von Qualit\u00e9.\" \/>\n<meta property=\"og:url\" content=\"https:\/\/www.csj-emballages.com\/de\/produit\/250-bestecksets-aus-holz-messer-gabeln-servietten-loeffel\/\" \/>\n<meta property=\"og:site_name\" content=\"CSJ Emballages\" \/>\n<meta property=\"article:publisher\" content=\"https:\/\/www.facebook.com\/csjemballages\" \/>\n<meta property=\"article:modified_time\" content=\"2026-04-04T00:13:22+00:00\" \/>\n<meta property=\"og:image\" content=\"https:\/\/www.csj-emballages.com\/wp-content\/uploads\/2024\/03\/KIT41BOIS.webp\" \/>\n\t<meta property=\"og:image:width\" content=\"800\" \/>\n\t<meta property=\"og:image:height\" content=\"800\" \/>\n\t<meta property=\"og:image:type\" content=\"image\/webp\" \/>\n<meta name=\"twitter:card\" content=\"summary_large_image\" \/>\n<meta name=\"twitter:label1\" content=\"Gesch\u00e4tzte Lesezeit\" \/>\n\t<meta name=\"twitter:data1\" content=\"2 Minuten\" \/>\n<script type=\"application\/ld+json\" class=\"yoast-schema-graph\">{\"@context\":\"https:\/\/schema.org\",\"@graph\":[{\"@type\":\"WebPage\",\"@id\":\"https:\/\/www.csj-emballages.com\/de\/produit\/250-bestecksets-aus-holz-messer-gabeln-servietten-loeffel\/\",\"url\":\"https:\/\/www.csj-emballages.com\/de\/produit\/250-bestecksets-aus-holz-messer-gabeln-servietten-loeffel\/\",\"name\":\"Besteckset Holz - Gabeln \/ Messer \/ L\u00f6ffel \/ Servietten\",\"isPartOf\":{\"@id\":\"https:\/\/www.csj-emballages.com\/de\/#website\"},\"primaryImageOfPage\":{\"@id\":\"https:\/\/www.csj-emballages.com\/de\/produit\/250-bestecksets-aus-holz-messer-gabeln-servietten-loeffel\/#primaryimage\"},\"image\":{\"@id\":\"https:\/\/www.csj-emballages.com\/de\/produit\/250-bestecksets-aus-holz-messer-gabeln-servietten-loeffel\/#primaryimage\"},\"thumbnailUrl\":\"https:\/\/www.csj-emballages.com\/wp-content\/uploads\/2024\/03\/KIT41BOIS.webp\",\"datePublished\":\"2024-03-01T15:51:58+00:00\",\"dateModified\":\"2026-04-04T00:13:22+00:00\",\"description\":\"Entdecken Sie unser 4-teiliges Besteckset aus Holz: Gabeln, Messer, L\u00f6ffel und Servietten. Entscheiden Sie sich f\u00fcr einen Karton mit 250 St\u00fcck Bio-Besteck von Qualit\u00e9.\",\"breadcrumb\":{\"@id\":\"https:\/\/www.csj-emballages.com\/de\/produit\/250-bestecksets-aus-holz-messer-gabeln-servietten-loeffel\/#breadcrumb\"},\"inLanguage\":\"de\",\"potentialAction\":[{\"@type\":\"ReadAction\",\"target\":[\"https:\/\/www.csj-emballages.com\/de\/produit\/250-bestecksets-aus-holz-messer-gabeln-servietten-loeffel\/\"]}]},{\"@type\":\"ImageObject\",\"inLanguage\":\"de\",\"@id\":\"https:\/\/www.csj-emballages.com\/de\/produit\/250-bestecksets-aus-holz-messer-gabeln-servietten-loeffel\/#primaryimage\",\"url\":\"https:\/\/www.csj-emballages.com\/wp-content\/uploads\/2024\/03\/KIT41BOIS.webp\",\"contentUrl\":\"https:\/\/www.csj-emballages.com\/wp-content\/uploads\/2024\/03\/KIT41BOIS.webp\",\"width\":800,\"height\":800,\"caption\":\"Kit couverts bois\"},{\"@type\":\"BreadcrumbList\",\"@id\":\"https:\/\/www.csj-emballages.com\/de\/produit\/250-bestecksets-aus-holz-messer-gabeln-servietten-loeffel\/#breadcrumb\",\"itemListElement\":[{\"@type\":\"ListItem\",\"position\":1,\"name\":\"Accueil\",\"item\":\"https:\/\/www.csj-emballages.com\/de\/universum-lebensmittelverpackungen\/\"},{\"@type\":\"ListItem\",\"position\":2,\"name\":\"Shop\",\"item\":\"https:\/\/www.csj-emballages.com\/shop\/\"},{\"@type\":\"ListItem\",\"position\":3,\"name\":\"Besteckset Holz Messer + Gabeln + Servietten + L\u00f6ffel pro 250\"}]},{\"@type\":\"WebSite\",\"@id\":\"https:\/\/www.csj-emballages.com\/de\/#website\",\"url\":\"https:\/\/www.csj-emballages.com\/de\/\",\"name\":\"CSJ Emballages\",\"description\":\"\",\"publisher\":{\"@id\":\"https:\/\/www.csj-emballages.com\/de\/#organization\"},\"potentialAction\":[{\"@type\":\"SearchAction\",\"target\":{\"@type\":\"EntryPoint\",\"urlTemplate\":\"https:\/\/www.csj-emballages.com\/de\/?s={search_term_string}\"},\"query-input\":{\"@type\":\"PropertyValueSpecification\",\"valueRequired\":true,\"valueName\":\"search_term_string\"}}],\"inLanguage\":\"de\"},{\"@type\":\"Organization\",\"@id\":\"https:\/\/www.csj-emballages.com\/de\/#Organization\/\",\"name\":\"CSJ Emballages\",\"url\":\"https:\/\/www.csj-emballages.com\/de\/\",\"logo\":{\"@type\":\"ImageObject\",\"inLanguage\":\"de\",\"@id\":\"https:\/\/www.csj-emballages.com\/de\/#\/schema\/logo\/image\/\",\"url\":\"https:\/\/www.csj-emballages.com\/wp-content\/uploads\/2023\/10\/logo_csj.webp\",\"contentUrl\":\"https:\/\/www.csj-emballages.com\/wp-content\/uploads\/2023\/10\/logo_csj.webp\",\"width\":250,\"height\":95,\"caption\":\"CSJ Emballages\"},\"image\":{\"@id\":\"https:\/\/www.csj-emballages.com\/de\/#\/schema\/logo\/image\/\"},\"sameAs\":[\"https:\/\/www.facebook.com\/csjemballages\"],\"address\":{\"@type\":\"PostalAddress\",\"streetAddress\":\"ZI La Lechere\",\"addressLocality\":\"Patornay\",\"postalCode\":\"39130\",\"addressCountry\":\"FR\"},\"contactPoint\":[{\"@type\":\"ContactPoint\",\"contactType\":\"Service client\",\"telephone\":\"0384254272\",\"email\":\"contact@csj-emballages.com\"}]}]}<\/script>\n<!-- \/ Yoast SEO Premium plugin. -->","yoast_head_json":{"title":"Besteckset Holz - Gabeln \/ Messer \/ L\u00f6ffel \/ Servietten","description":"Entdecken Sie unser 4-teiliges Besteckset aus Holz: Gabeln, Messer, L\u00f6ffel und Servietten. Entscheiden Sie sich f\u00fcr einen Karton mit 250 St\u00fcck Bio-Besteck von Qualit\u00e9.","robots":{"index":"index","follow":"follow","max-snippet":"max-snippet:-1","max-image-preview":"max-image-preview:large","max-video-preview":"max-video-preview:-1"},"canonical":"https:\/\/www.csj-emballages.com\/de\/produit\/250-bestecksets-aus-holz-messer-gabeln-servietten-loeffel\/","og_locale":"de_DE","og_type":"article","og_title":"Besteckset Holz Messer + Gabeln + Servietten + L\u00f6ffel pro 250","og_description":"Entdecken Sie unser 4-teiliges Besteckset aus Holz: Gabeln, Messer, L\u00f6ffel und Servietten. Entscheiden Sie sich f\u00fcr einen Karton mit 250 St\u00fcck Bio-Besteck von Qualit\u00e9.","og_url":"https:\/\/www.csj-emballages.com\/de\/produit\/250-bestecksets-aus-holz-messer-gabeln-servietten-loeffel\/","og_site_name":"CSJ Emballages","article_publisher":"https:\/\/www.facebook.com\/csjemballages","article_modified_time":"2026-04-04T00:13:22+00:00","og_image":[{"width":800,"height":800,"url":"https:\/\/www.csj-emballages.com\/wp-content\/uploads\/2024\/03\/KIT41BOIS.webp","type":"image\/webp"}],"twitter_card":"summary_large_image","twitter_misc":{"Gesch\u00e4tzte Lesezeit":"2 Minuten"},"schema":{"@context":"https:\/\/schema.org","@graph":[{"@type":"WebPage","@id":"https:\/\/www.csj-emballages.com\/de\/produit\/250-bestecksets-aus-holz-messer-gabeln-servietten-loeffel\/","url":"https:\/\/www.csj-emballages.com\/de\/produit\/250-bestecksets-aus-holz-messer-gabeln-servietten-loeffel\/","name":"Besteckset Holz - Gabeln \/ Messer \/ L\u00f6ffel \/ Servietten","isPartOf":{"@id":"https:\/\/www.csj-emballages.com\/de\/#website"},"primaryImageOfPage":{"@id":"https:\/\/www.csj-emballages.com\/de\/produit\/250-bestecksets-aus-holz-messer-gabeln-servietten-loeffel\/#primaryimage"},"image":{"@id":"https:\/\/www.csj-emballages.com\/de\/produit\/250-bestecksets-aus-holz-messer-gabeln-servietten-loeffel\/#primaryimage"},"thumbnailUrl":"https:\/\/www.csj-emballages.com\/wp-content\/uploads\/2024\/03\/KIT41BOIS.webp","datePublished":"2024-03-01T15:51:58+00:00","dateModified":"2026-04-04T00:13:22+00:00","description":"Entdecken Sie unser 4-teiliges Besteckset aus Holz: Gabeln, Messer, L\u00f6ffel und Servietten. Entscheiden Sie sich f\u00fcr einen Karton mit 250 St\u00fcck Bio-Besteck von Qualit\u00e9.","breadcrumb":{"@id":"https:\/\/www.csj-emballages.com\/de\/produit\/250-bestecksets-aus-holz-messer-gabeln-servietten-loeffel\/#breadcrumb"},"inLanguage":"de","potentialAction":[{"@type":"ReadAction","target":["https:\/\/www.csj-emballages.com\/de\/produit\/250-bestecksets-aus-holz-messer-gabeln-servietten-loeffel\/"]}]},{"@type":"ImageObject","inLanguage":"de","@id":"https:\/\/www.csj-emballages.com\/de\/produit\/250-bestecksets-aus-holz-messer-gabeln-servietten-loeffel\/#primaryimage","url":"https:\/\/www.csj-emballages.com\/wp-content\/uploads\/2024\/03\/KIT41BOIS.webp","contentUrl":"https:\/\/www.csj-emballages.com\/wp-content\/uploads\/2024\/03\/KIT41BOIS.webp","width":800,"height":800,"caption":"Kit couverts bois"},{"@type":"BreadcrumbList","@id":"https:\/\/www.csj-emballages.com\/de\/produit\/250-bestecksets-aus-holz-messer-gabeln-servietten-loeffel\/#breadcrumb","itemListElement":[{"@type":"ListItem","position":1,"name":"Accueil","item":"https:\/\/www.csj-emballages.com\/de\/universum-lebensmittelverpackungen\/"},{"@type":"ListItem","position":2,"name":"Shop","item":"https:\/\/www.csj-emballages.com\/shop\/"},{"@type":"ListItem","position":3,"name":"Besteckset Holz Messer + Gabeln + Servietten + L\u00f6ffel pro 250"}]},{"@type":"WebSite","@id":"https:\/\/www.csj-emballages.com\/de\/#website","url":"https:\/\/www.csj-emballages.com\/de\/","name":"CSJ Emballages","description":"","publisher":{"@id":"https:\/\/www.csj-emballages.com\/de\/#organization"},"potentialAction":[{"@type":"SearchAction","target":{"@type":"EntryPoint","urlTemplate":"https:\/\/www.csj-emballages.com\/de\/?s={search_term_string}"},"query-input":{"@type":"PropertyValueSpecification","valueRequired":true,"valueName":"search_term_string"}}],"inLanguage":"de"},{"@type":"Organization","@id":"https:\/\/www.csj-emballages.com\/de\/#Organization\/","name":"CSJ Emballages","url":"https:\/\/www.csj-emballages.com\/de\/","logo":{"@type":"ImageObject","inLanguage":"de","@id":"https:\/\/www.csj-emballages.com\/de\/#\/schema\/logo\/image\/","url":"https:\/\/www.csj-emballages.com\/wp-content\/uploads\/2023\/10\/logo_csj.webp","contentUrl":"https:\/\/www.csj-emballages.com\/wp-content\/uploads\/2023\/10\/logo_csj.webp","width":250,"height":95,"caption":"CSJ Emballages"},"image":{"@id":"https:\/\/www.csj-emballages.com\/de\/#\/schema\/logo\/image\/"},"sameAs":["https:\/\/www.facebook.com\/csjemballages"],"address":{"@type":"PostalAddress","streetAddress":"ZI La Lechere","addressLocality":"Patornay","postalCode":"39130","addressCountry":"FR"},"contactPoint":[{"@type":"ContactPoint","contactType":"Service client","telephone":"0384254272","email":"contact@csj-emballages.com"}]}]}},"df_price":23.52,"df_sale_price":"","df_regular_price":23.52,"df_image_link":"https:\/\/www.csj-emballages.com\/wp-content\/uploads\/2024\/03\/KIT41BOIS-300x300.webp","tiered_pricing_type":"fixed","tiered_pricing_fixed_rules":[],"tiered_pricing_percentage_rules":[],"tiered_pricing_minimum":1,"tiered_pricing_roles_data":[],"_links":{"self":[{"href":"https:\/\/www.csj-emballages.com\/de\/wp-json\/wp\/v2\/product\/21840","targetHints":{"allow":["GET"]}}],"collection":[{"href":"https:\/\/www.csj-emballages.com\/de\/wp-json\/wp\/v2\/product"}],"about":[{"href":"https:\/\/www.csj-emballages.com\/de\/wp-json\/wp\/v2\/types\/product"}],"wp:featuredmedia":[{"embeddable":true,"href":"https:\/\/www.csj-emballages.com\/de\/wp-json\/wp\/v2\/media\/256871"}],"wp:attachment":[{"href":"https:\/\/www.csj-emballages.com\/de\/wp-json\/wp\/v2\/media?parent=21840"}],"wp:term":[{"taxonomy":"product_brand","embeddable":true,"href":"https:\/\/www.csj-emballages.com\/de\/wp-json\/wp\/v2\/product_brand?post=21840"},{"taxonomy":"product_cat","embeddable":true,"href":"https:\/\/www.csj-emballages.com\/de\/wp-json\/wp\/v2\/product_cat?post=21840"},{"taxonomy":"product_tag","embeddable":true,"href":"https:\/\/www.csj-emballages.com\/de\/wp-json\/wp\/v2\/product_tag?post=21840"}],"curies":[{"name":"wp","href":"https:\/\/api.w.org\/{rel}","templated":true}]}}