{"id":21828,"date":"2024-03-01T16:51:58","date_gmt":"2024-03-01T15:51:58","guid":{"rendered":"https:\/\/u15jnbdpoq.preview.infomaniak.website\/produit\/250-wiederverwendbare-ps-bestecksets-messer-gabeln-servietten-loeffel\/"},"modified":"2026-04-30T02:14:11","modified_gmt":"2026-04-30T00:14:11","slug":"250-wiederverwendbare-ps-bestecksets-messer-gabeln-servietten-loeffel","status":"publish","type":"product","link":"https:\/\/www.csj-emballages.com\/de\/produit\/250-wiederverwendbare-ps-bestecksets-messer-gabeln-servietten-loeffel\/","title":{"rendered":"Wiederverwendbares Plastikbesteck-Set: Messer + Gabeln + Servietten + L\u00f6ffel"},"content":{"rendered":"<h2>Plastikbesteck-Set<\/h2>\n<hr>\n<h3>Entdecken Sie unser wiederverwendbares Besteckset aus Kunststoff Messer + Gabeln + Servietten + L\u00f6ffel pro 250<\/h3>\n<p><!--more--><\/p>\n<p data-start=\"332\" data-end=\"728\">Wenn Sie eine einfache L\u00f6sung suchen, um Ihr Essen zum Mitnehmen zu servieren und gleichzeitig einen sauberen und organisierten Service zu haben, wird Ihnen dieses <strong>wiederverwendbare Plastikbesteck-Set<\/strong> das Leben erleichtern. Denn jedes Set enth\u00e4lt <g id=\"gid_1\">ein Messer, eine Gabel, einen L\u00f6ffel und eine Serviette<\/g>, die mit einem Handgriff verteilt werden k\u00f6nnen. Es ist ein cleveres Set, das man einfach in eine Tasche, eine Essensbox oder ein Tablett stecken kann, ohne Zeit zu verlieren.  <\/p>\n<p data-start=\"730\" data-end=\"1224\">Auch <strong>wiederverwendbares Plastikbesteck<\/strong> ist eine echte Alternative zu den allzu zerbrechlichen Einwegmodellen. Sie liegen gut in der Hand, verbiegen sich nicht bei der geringsten Anstrengung und k\u00f6nnen bei Bedarf mehrmals verwendet werden. Au\u00dferdem sorgen sie f\u00fcr ein angenehmeres und zuverl\u00e4ssigeres Kundenerlebnis, ganz gleich, ob es sich um einen Foodtruck, eine Cafeteria, einen Lieferservice oder eine Veranstaltung handelt. Die integrierte <strong>Serviette<\/strong> macht das Ganze noch praktischer: Sie m\u00fcssen sich nicht umsehen, alles ist bereits geb\u00fcndelt.   <\/p>\n<p data-start=\"1226\" data-end=\"1569\">Dies erm\u00f6glicht Ihnen auch eine regelm\u00e4\u00dfige Pr\u00e4sentation: Jeder Gast erh\u00e4lt ein sauberes, vollst\u00e4ndiges und identisches Set, was das professionelle Image Ihres Lokals st\u00e4rkt.<\/p>\n<p data-start=\"1571\" data-end=\"1884\">Zusammenfassend l\u00e4sst sich sagen, dass sich dieses <strong>Besteckset<\/strong> vor allem durch seine einfache Handhabung auszeichnet. Im Klartext bedeutet das, dass es alle K\u00e4stchen f\u00fcr eine reibungslose Organisation und einen angenehmeren Service f\u00fcr Sie und Ihre Kunden abhakt. <\/p>\n<p data-start=\"1571\" data-end=\"1884\">\n<p data-start=\"1571\" data-end=\"1884\"><!--more--><\/p>\n<h4>Vorteile :<\/h4>\n<ul>\n<li data-start=\"1862\" data-end=\"1897\"><strong>Komplettes Set<\/strong>, das sofort einsatzbereit ist.<\/li>\n<li data-start=\"1900\" data-end=\"1940\">Stabiles und angenehmes Plastikbesteck.<\/li>\n<li data-start=\"1943\" data-end=\"1977\">Enth\u00e4lt <strong>Messer, Gabeln, L\u00f6ffel und Servietten<\/strong>.<\/li>\n<li data-start=\"1980\" data-end=\"2007\">Zeitersparnis im Dienst.<\/li>\n<li data-start=\"2010\" data-end=\"2054\"><strong>250er-Set<\/strong> ideal f\u00fcr die professionelle Gastronomie.<\/li>\n<li data-start=\"2057\" data-end=\"2084\">Nat\u00fcrliches und modernes Bild.<\/li>\n<\/ul>\n<p>&nbsp;<\/p>\n<p><!--more--><\/p>\n<h4>Weitere Informationen :<\/h4>\n<ul>\n<li><strong>Verpackung<\/strong>: Packung mit 250 Kits<\/li>\n<li><b>Zusammensetzung <\/b>: Messer + Gabeln + L\u00f6ffel + Servietten<\/li>\n<li><strong>Material<\/strong>: Kunststoff<\/li>\n<\/ul>\n<p>&nbsp;<\/p>\n<p><!--more--><\/p>\n<p><a href=\"https:\/\/www.csj-emballages.com\/de\/categorie-produit\/lebensmittelverpackungen\/restauration-de\/teller-einwegbesteck-strohhalme\/besteck-sets\/plastikbesteck-sets\/\">Entdecken Sie den Rest unseres Sortiments an Plastikbesteck-Sets<\/a><\/p>\n","protected":false},"excerpt":{"rendered":"<p>Plastikbesteck-Set Entdecken Sie unser wiederverwendbares Besteckset aus Kunststoff Messer + Gabeln + Servietten + L\u00f6ffel pro 250<\/p>\n","protected":false},"featured_media":256985,"template":"","meta":{"_acf_changed":false},"product_brand":[],"product_cat":[1134,2812,2822],"product_tag":[],"class_list":{"0":"post-21828","1":"product","2":"type-product","3":"status-publish","4":"has-post-thumbnail","6":"product_cat-restauration-de","7":"product_cat-besteck-sets","8":"product_cat-plastikbesteck-sets","10":"first","11":"instock","12":"taxable","13":"shipping-taxable","14":"purchasable","15":"product-type-simple"},"acf":[],"yoast_head":"<!-- This site is optimized with the Yoast SEO Premium plugin v26.6 (Yoast SEO v26.6) - https:\/\/yoast.com\/wordpress\/plugins\/seo\/ -->\n<title>Besteckset aus Plastik, wiederverwendbar - 4 St\u00fcck pro 250<\/title>\n<meta name=\"description\" content=\"Wiederverwendbares Besteckset mit Serviette, verkauft zu 250 St\u00fcck. Praktisch, robust und ideal f\u00fcr Mahlzeiten zum Mitnehmen oder f\u00fcr den Schnellservice.\" \/>\n<meta name=\"robots\" content=\"index, follow, max-snippet:-1, max-image-preview:large, max-video-preview:-1\" \/>\n<link rel=\"canonical\" href=\"https:\/\/www.csj-emballages.com\/de\/produit\/250-wiederverwendbare-ps-bestecksets-messer-gabeln-servietten-loeffel\/\" \/>\n<meta property=\"og:locale\" content=\"de_DE\" \/>\n<meta property=\"og:type\" content=\"article\" \/>\n<meta property=\"og:title\" content=\"Wiederverwendbares Plastikbesteck-Set: Messer + Gabeln + Servietten + L\u00f6ffel\" \/>\n<meta property=\"og:description\" content=\"Wiederverwendbares Besteckset mit Serviette, verkauft zu 250 St\u00fcck. Praktisch, robust und ideal f\u00fcr Mahlzeiten zum Mitnehmen oder f\u00fcr den Schnellservice.\" \/>\n<meta property=\"og:url\" content=\"https:\/\/www.csj-emballages.com\/de\/produit\/250-wiederverwendbare-ps-bestecksets-messer-gabeln-servietten-loeffel\/\" \/>\n<meta property=\"og:site_name\" content=\"CSJ Emballages\" \/>\n<meta property=\"article:publisher\" content=\"https:\/\/www.facebook.com\/csjemballages\" \/>\n<meta property=\"article:modified_time\" content=\"2026-04-30T00:14:11+00:00\" \/>\n<meta property=\"og:image\" content=\"https:\/\/www.csj-emballages.com\/wp-content\/uploads\/2024\/03\/KIT41RLUX.webp\" \/>\n\t<meta property=\"og:image:width\" content=\"800\" \/>\n\t<meta property=\"og:image:height\" content=\"800\" \/>\n\t<meta property=\"og:image:type\" content=\"image\/webp\" \/>\n<meta name=\"twitter:card\" content=\"summary_large_image\" \/>\n<meta name=\"twitter:label1\" content=\"Gesch\u00e4tzte Lesezeit\" \/>\n\t<meta name=\"twitter:data1\" content=\"1\u00a0Minute\" \/>\n<script type=\"application\/ld+json\" class=\"yoast-schema-graph\">{\"@context\":\"https:\/\/schema.org\",\"@graph\":[{\"@type\":\"WebPage\",\"@id\":\"https:\/\/www.csj-emballages.com\/de\/produit\/250-wiederverwendbare-ps-bestecksets-messer-gabeln-servietten-loeffel\/\",\"url\":\"https:\/\/www.csj-emballages.com\/de\/produit\/250-wiederverwendbare-ps-bestecksets-messer-gabeln-servietten-loeffel\/\",\"name\":\"Besteckset aus Plastik, wiederverwendbar - 4 St\u00fcck pro 250\",\"isPartOf\":{\"@id\":\"https:\/\/www.csj-emballages.com\/de\/#website\"},\"primaryImageOfPage\":{\"@id\":\"https:\/\/www.csj-emballages.com\/de\/produit\/250-wiederverwendbare-ps-bestecksets-messer-gabeln-servietten-loeffel\/#primaryimage\"},\"image\":{\"@id\":\"https:\/\/www.csj-emballages.com\/de\/produit\/250-wiederverwendbare-ps-bestecksets-messer-gabeln-servietten-loeffel\/#primaryimage\"},\"thumbnailUrl\":\"https:\/\/www.csj-emballages.com\/wp-content\/uploads\/2024\/03\/KIT41RLUX.webp\",\"datePublished\":\"2024-03-01T15:51:58+00:00\",\"dateModified\":\"2026-04-30T00:14:11+00:00\",\"description\":\"Wiederverwendbares Besteckset mit Serviette, verkauft zu 250 St\u00fcck. Praktisch, robust und ideal f\u00fcr Mahlzeiten zum Mitnehmen oder f\u00fcr den Schnellservice.\",\"breadcrumb\":{\"@id\":\"https:\/\/www.csj-emballages.com\/de\/produit\/250-wiederverwendbare-ps-bestecksets-messer-gabeln-servietten-loeffel\/#breadcrumb\"},\"inLanguage\":\"de\",\"potentialAction\":[{\"@type\":\"ReadAction\",\"target\":[\"https:\/\/www.csj-emballages.com\/de\/produit\/250-wiederverwendbare-ps-bestecksets-messer-gabeln-servietten-loeffel\/\"]}]},{\"@type\":\"ImageObject\",\"inLanguage\":\"de\",\"@id\":\"https:\/\/www.csj-emballages.com\/de\/produit\/250-wiederverwendbare-ps-bestecksets-messer-gabeln-servietten-loeffel\/#primaryimage\",\"url\":\"https:\/\/www.csj-emballages.com\/wp-content\/uploads\/2024\/03\/KIT41RLUX.webp\",\"contentUrl\":\"https:\/\/www.csj-emballages.com\/wp-content\/uploads\/2024\/03\/KIT41RLUX.webp\",\"width\":800,\"height\":800,\"caption\":\"Kit couverts plastique\"},{\"@type\":\"BreadcrumbList\",\"@id\":\"https:\/\/www.csj-emballages.com\/de\/produit\/250-wiederverwendbare-ps-bestecksets-messer-gabeln-servietten-loeffel\/#breadcrumb\",\"itemListElement\":[{\"@type\":\"ListItem\",\"position\":1,\"name\":\"Accueil\",\"item\":\"https:\/\/www.csj-emballages.com\/de\/universum-lebensmittelverpackungen\/\"},{\"@type\":\"ListItem\",\"position\":2,\"name\":\"Shop\",\"item\":\"https:\/\/www.csj-emballages.com\/shop\/\"},{\"@type\":\"ListItem\",\"position\":3,\"name\":\"Wiederverwendbares Plastikbesteck-Set: Messer + Gabeln + Servietten + L\u00f6ffel\"}]},{\"@type\":\"WebSite\",\"@id\":\"https:\/\/www.csj-emballages.com\/de\/#website\",\"url\":\"https:\/\/www.csj-emballages.com\/de\/\",\"name\":\"CSJ Emballages\",\"description\":\"\",\"publisher\":{\"@id\":\"https:\/\/www.csj-emballages.com\/de\/#organization\"},\"potentialAction\":[{\"@type\":\"SearchAction\",\"target\":{\"@type\":\"EntryPoint\",\"urlTemplate\":\"https:\/\/www.csj-emballages.com\/de\/?s={search_term_string}\"},\"query-input\":{\"@type\":\"PropertyValueSpecification\",\"valueRequired\":true,\"valueName\":\"search_term_string\"}}],\"inLanguage\":\"de\"},{\"@type\":\"Organization\",\"@id\":\"https:\/\/www.csj-emballages.com\/de\/#Organization\/\",\"name\":\"CSJ Emballages\",\"url\":\"https:\/\/www.csj-emballages.com\/de\/\",\"logo\":{\"@type\":\"ImageObject\",\"inLanguage\":\"de\",\"@id\":\"https:\/\/www.csj-emballages.com\/de\/#\/schema\/logo\/image\/\",\"url\":\"https:\/\/www.csj-emballages.com\/wp-content\/uploads\/2023\/10\/logo_csj.webp\",\"contentUrl\":\"https:\/\/www.csj-emballages.com\/wp-content\/uploads\/2023\/10\/logo_csj.webp\",\"width\":250,\"height\":95,\"caption\":\"CSJ Emballages\"},\"image\":{\"@id\":\"https:\/\/www.csj-emballages.com\/de\/#\/schema\/logo\/image\/\"},\"sameAs\":[\"https:\/\/www.facebook.com\/csjemballages\"],\"address\":{\"@type\":\"PostalAddress\",\"streetAddress\":\"ZI La Lechere\",\"addressLocality\":\"Patornay\",\"postalCode\":\"39130\",\"addressCountry\":\"FR\"},\"contactPoint\":[{\"@type\":\"ContactPoint\",\"contactType\":\"Service client\",\"telephone\":\"0384254272\",\"email\":\"contact@csj-emballages.com\"}]}]}<\/script>\n<!-- \/ Yoast SEO Premium plugin. -->","yoast_head_json":{"title":"Besteckset aus Plastik, wiederverwendbar - 4 St\u00fcck pro 250","description":"Wiederverwendbares Besteckset mit Serviette, verkauft zu 250 St\u00fcck. Praktisch, robust und ideal f\u00fcr Mahlzeiten zum Mitnehmen oder f\u00fcr den Schnellservice.","robots":{"index":"index","follow":"follow","max-snippet":"max-snippet:-1","max-image-preview":"max-image-preview:large","max-video-preview":"max-video-preview:-1"},"canonical":"https:\/\/www.csj-emballages.com\/de\/produit\/250-wiederverwendbare-ps-bestecksets-messer-gabeln-servietten-loeffel\/","og_locale":"de_DE","og_type":"article","og_title":"Wiederverwendbares Plastikbesteck-Set: Messer + Gabeln + Servietten + L\u00f6ffel","og_description":"Wiederverwendbares Besteckset mit Serviette, verkauft zu 250 St\u00fcck. Praktisch, robust und ideal f\u00fcr Mahlzeiten zum Mitnehmen oder f\u00fcr den Schnellservice.","og_url":"https:\/\/www.csj-emballages.com\/de\/produit\/250-wiederverwendbare-ps-bestecksets-messer-gabeln-servietten-loeffel\/","og_site_name":"CSJ Emballages","article_publisher":"https:\/\/www.facebook.com\/csjemballages","article_modified_time":"2026-04-30T00:14:11+00:00","og_image":[{"width":800,"height":800,"url":"https:\/\/www.csj-emballages.com\/wp-content\/uploads\/2024\/03\/KIT41RLUX.webp","type":"image\/webp"}],"twitter_card":"summary_large_image","twitter_misc":{"Gesch\u00e4tzte Lesezeit":"1\u00a0Minute"},"schema":{"@context":"https:\/\/schema.org","@graph":[{"@type":"WebPage","@id":"https:\/\/www.csj-emballages.com\/de\/produit\/250-wiederverwendbare-ps-bestecksets-messer-gabeln-servietten-loeffel\/","url":"https:\/\/www.csj-emballages.com\/de\/produit\/250-wiederverwendbare-ps-bestecksets-messer-gabeln-servietten-loeffel\/","name":"Besteckset aus Plastik, wiederverwendbar - 4 St\u00fcck pro 250","isPartOf":{"@id":"https:\/\/www.csj-emballages.com\/de\/#website"},"primaryImageOfPage":{"@id":"https:\/\/www.csj-emballages.com\/de\/produit\/250-wiederverwendbare-ps-bestecksets-messer-gabeln-servietten-loeffel\/#primaryimage"},"image":{"@id":"https:\/\/www.csj-emballages.com\/de\/produit\/250-wiederverwendbare-ps-bestecksets-messer-gabeln-servietten-loeffel\/#primaryimage"},"thumbnailUrl":"https:\/\/www.csj-emballages.com\/wp-content\/uploads\/2024\/03\/KIT41RLUX.webp","datePublished":"2024-03-01T15:51:58+00:00","dateModified":"2026-04-30T00:14:11+00:00","description":"Wiederverwendbares Besteckset mit Serviette, verkauft zu 250 St\u00fcck. Praktisch, robust und ideal f\u00fcr Mahlzeiten zum Mitnehmen oder f\u00fcr den Schnellservice.","breadcrumb":{"@id":"https:\/\/www.csj-emballages.com\/de\/produit\/250-wiederverwendbare-ps-bestecksets-messer-gabeln-servietten-loeffel\/#breadcrumb"},"inLanguage":"de","potentialAction":[{"@type":"ReadAction","target":["https:\/\/www.csj-emballages.com\/de\/produit\/250-wiederverwendbare-ps-bestecksets-messer-gabeln-servietten-loeffel\/"]}]},{"@type":"ImageObject","inLanguage":"de","@id":"https:\/\/www.csj-emballages.com\/de\/produit\/250-wiederverwendbare-ps-bestecksets-messer-gabeln-servietten-loeffel\/#primaryimage","url":"https:\/\/www.csj-emballages.com\/wp-content\/uploads\/2024\/03\/KIT41RLUX.webp","contentUrl":"https:\/\/www.csj-emballages.com\/wp-content\/uploads\/2024\/03\/KIT41RLUX.webp","width":800,"height":800,"caption":"Kit couverts plastique"},{"@type":"BreadcrumbList","@id":"https:\/\/www.csj-emballages.com\/de\/produit\/250-wiederverwendbare-ps-bestecksets-messer-gabeln-servietten-loeffel\/#breadcrumb","itemListElement":[{"@type":"ListItem","position":1,"name":"Accueil","item":"https:\/\/www.csj-emballages.com\/de\/universum-lebensmittelverpackungen\/"},{"@type":"ListItem","position":2,"name":"Shop","item":"https:\/\/www.csj-emballages.com\/shop\/"},{"@type":"ListItem","position":3,"name":"Wiederverwendbares Plastikbesteck-Set: Messer + Gabeln + Servietten + L\u00f6ffel"}]},{"@type":"WebSite","@id":"https:\/\/www.csj-emballages.com\/de\/#website","url":"https:\/\/www.csj-emballages.com\/de\/","name":"CSJ Emballages","description":"","publisher":{"@id":"https:\/\/www.csj-emballages.com\/de\/#organization"},"potentialAction":[{"@type":"SearchAction","target":{"@type":"EntryPoint","urlTemplate":"https:\/\/www.csj-emballages.com\/de\/?s={search_term_string}"},"query-input":{"@type":"PropertyValueSpecification","valueRequired":true,"valueName":"search_term_string"}}],"inLanguage":"de"},{"@type":"Organization","@id":"https:\/\/www.csj-emballages.com\/de\/#Organization\/","name":"CSJ Emballages","url":"https:\/\/www.csj-emballages.com\/de\/","logo":{"@type":"ImageObject","inLanguage":"de","@id":"https:\/\/www.csj-emballages.com\/de\/#\/schema\/logo\/image\/","url":"https:\/\/www.csj-emballages.com\/wp-content\/uploads\/2023\/10\/logo_csj.webp","contentUrl":"https:\/\/www.csj-emballages.com\/wp-content\/uploads\/2023\/10\/logo_csj.webp","width":250,"height":95,"caption":"CSJ Emballages"},"image":{"@id":"https:\/\/www.csj-emballages.com\/de\/#\/schema\/logo\/image\/"},"sameAs":["https:\/\/www.facebook.com\/csjemballages"],"address":{"@type":"PostalAddress","streetAddress":"ZI La Lechere","addressLocality":"Patornay","postalCode":"39130","addressCountry":"FR"},"contactPoint":[{"@type":"ContactPoint","contactType":"Service client","telephone":"0384254272","email":"contact@csj-emballages.com"}]}]}},"df_price":34.5,"df_sale_price":"","df_regular_price":34.5,"df_image_link":"https:\/\/www.csj-emballages.com\/wp-content\/uploads\/2024\/03\/KIT41RLUX-300x300.webp","tiered_pricing_type":"fixed","tiered_pricing_fixed_rules":[],"tiered_pricing_percentage_rules":[],"tiered_pricing_minimum":1,"tiered_pricing_roles_data":[],"_links":{"self":[{"href":"https:\/\/www.csj-emballages.com\/de\/wp-json\/wp\/v2\/product\/21828","targetHints":{"allow":["GET"]}}],"collection":[{"href":"https:\/\/www.csj-emballages.com\/de\/wp-json\/wp\/v2\/product"}],"about":[{"href":"https:\/\/www.csj-emballages.com\/de\/wp-json\/wp\/v2\/types\/product"}],"wp:featuredmedia":[{"embeddable":true,"href":"https:\/\/www.csj-emballages.com\/de\/wp-json\/wp\/v2\/media\/256985"}],"wp:attachment":[{"href":"https:\/\/www.csj-emballages.com\/de\/wp-json\/wp\/v2\/media?parent=21828"}],"wp:term":[{"taxonomy":"product_brand","embeddable":true,"href":"https:\/\/www.csj-emballages.com\/de\/wp-json\/wp\/v2\/product_brand?post=21828"},{"taxonomy":"product_cat","embeddable":true,"href":"https:\/\/www.csj-emballages.com\/de\/wp-json\/wp\/v2\/product_cat?post=21828"},{"taxonomy":"product_tag","embeddable":true,"href":"https:\/\/www.csj-emballages.com\/de\/wp-json\/wp\/v2\/product_tag?post=21828"}],"curies":[{"name":"wp","href":"https:\/\/api.w.org\/{rel}","templated":true}]}}