{"id":21814,"date":"2024-03-01T16:51:56","date_gmt":"2024-03-01T15:51:56","guid":{"rendered":"https:\/\/u15jnbdpoq.preview.infomaniak.website\/produit\/50-einweg-mikrowellenschalen-mit-separatem-deckel-aus-kunststoff-1000-ml\/"},"modified":"2026-04-03T02:17:30","modified_gmt":"2026-04-03T00:17:30","slug":"50-einweg-mikrowellenschalen-mit-separatem-deckel-aus-kunststoff-1000-ml","status":"publish","type":"product","link":"https:\/\/www.csj-emballages.com\/de\/produit\/50-einweg-mikrowellenschalen-mit-separatem-deckel-aus-kunststoff-1000-ml\/","title":{"rendered":"Mikrowellengeeignete Schale aus Kunststoff 1000 ml pro 50 St\u00fcck"},"content":{"rendered":"<h2>Mikrowellenf\u00e4hige Schale<\/h2>\n<hr>\n<h3>Beschreibung unserer mikrowellengeeigneten Schale aus Kunststoff 1000 ml pro 50 St\u00fcck<\/h3>\n<p><!--more--><\/p>\n<p>Die <strong>mikrowellengeeignete<\/strong> <strong>Kunststoffschale 1000 ml<\/strong> ohne Deckel von <strong>PRATIPACK<\/strong> ist ein vielseitiges Produkt, das in der Gastronomie, bei Caterern, Imbissen und sogar bei Privatpersonen weit verbreitet ist. Diese <strong>halbsteifen Schalen<\/strong> sind f\u00fcr die Aufnahme von warmen Speisen konzipiert. <\/p>\n<p>&nbsp;<\/p>\n<p><!--more--><\/p>\n<p><strong>Vorteile und Qualit\u00e4t von PRATIPACK Schalen<\/strong><\/p>\n<p>Die <strong>PRATIPACK-Schalen<\/strong> bieten viele praktische Vorteile. Sie bieten einen sicheren Transport, da sie mit einem Ringverschluss versehen sind und perfekt abdichten, um ein Auslaufen oder eine Kontamination zu verhindern. Das einfache \u00d6ffnen der Schalen durch den \u00fcberstehenden Kern erleichtert den Zugriff auf den Inhalt, selbst bei schnellem Transport.  <\/p>\n<p>Sie sind auch f\u00fcr ihre Festigkeit bekannt, die Lebensmittel w\u00e4hrend des Transports wirksam sch\u00fctzt und ihr Aussehen und ihre Frische bewahrt. Die Qualit\u00e4t der Herstellung dieser <strong>Schalen<\/strong> ist eine weitere St\u00e4rke und sie sind in einer breiten Palette von Gr\u00f6\u00dfen erh\u00e4ltlich, um sich an verschiedene Arten von Produkten anzupassen. Dar\u00fcber hinaus bieten die <strong>PRATIPACK-Schalen<\/strong> mit ihrem attraktiven Preis eine kosteng\u00fcnstige L\u00f6sung f\u00fcr professionelle Anwender und garantieren gleichzeitig eine hervorragende Qualit\u00e4t.  <\/p>\n<p>Zusammenfassend l\u00e4sst sich sagen, dass die <strong>mikrowellengeeigneten PRATIPACK-Schalen<\/strong> ideal f\u00fcr diejenigen sind, die ein zuverl\u00e4ssiges, praktisches und wirtschaftliches Produkt suchen. Sie erf\u00fcllen die Anforderungen von professionellen Gastronomen, Caterern und Privatpersonen und bieten gleichzeitig optimale Transportsicherheit und hohe Qualit\u00e4t. <\/p>\n<p>&nbsp;<\/p>\n<p><!--more--><\/p>\n<p><strong><span style=\"color: #ff0000;\">*Mikrowellengeeignet<\/span><\/strong><\/p>\n<p>&nbsp;<\/p>\n<p><!--more--><\/p>\n<h4>Weitere Informationen :<\/h4>\n<ul>\n<li><strong>Volumen<\/strong>: 1000 ml<\/li>\n<li><strong>Abmessungen<\/strong>: 180 x 133 x 62 (L x B x H in mm)<\/li>\n<li><strong>Verpackung<\/strong>: Beutel mit 50 St\u00fcck<\/li>\n<li><strong>Material<\/strong>: <span style=\"text-indent: 0pt;\">PP<\/span><\/li>\n<\/ul>\n<p>&nbsp;<\/p>\n<p><!--more--><\/p>\n<p>Hier finden Sie den separat erh\u00e4ltlichen Deckel, der zu dieser Schale passt: <span style=\"color: #d12727;\"><a style=\"color: #d12727;\" href=\"https:\/\/www.csj-emballages.com\/produit\/50-couvercles-micro-ondes-pour-kp816-a-kp825\/\">KP821<\/a><\/span><\/p>\n<p>&nbsp;<\/p>\n<p><!--more--><\/p>\n<p>Dieses Produkt gibt es auch in <span style=\"color: #d12727;\"><a style=\"color: #d12727;\" href=\"https:\/\/www.csj-emballages.com\/es\/produit\/50-bandejas-para-microondas-con-tapas-de-plastico-separadas-500-ml\/\">500 ml<\/a><\/span> \/ <span style=\"color: #d12727;\"><a style=\"color: #d12727;\" href=\"https:\/\/www.csj-emballages.com\/es\/produit\/50-bandejas-de-plastico-para-microondas-con-tapas-separadas-750-ml\/\">750 ml<\/a><\/span> \/<span style=\"color: #d12727;\"><a style=\"color: #d12727;\" href=\"https:\/\/www.csj-emballages.com\/produit\/50-barquettes-micro-ondes-sans-couvercles-en-plastique-1500-ml\/\">1500 ml<\/a><\/span><\/p>\n<p>&nbsp;<\/p>\n<p><!--more--><\/p>\n<p>&nbsp;<\/p>\n<p><a href=\"https:\/\/www.csj-emballages.com\/de\/categorie-produit\/lebensmittelverpackungen\/metzgerei-und-feinkostgeschaft\/schalen-dosen-und-glaser\/schalen-dosen-glaser-fur-lebensmittel\/mikrowellenschalen-mit-deckel\/\"><em>Sehen Sie sich den Rest unseres Sortiments an Mikrowellenschalen mit Deckel an.<\/em><\/a><\/p>\n","protected":false},"excerpt":{"rendered":"<p>Mikrowellenf\u00e4hige Schale Beschreibung unserer mikrowellengeeigneten Schale aus Kunststoff 1000 ml pro 50 St\u00fcck<\/p>\n","protected":false},"featured_media":219562,"template":"","meta":{"_acf_changed":false},"product_brand":[],"product_cat":[1170,1513,2166],"product_tag":[],"class_list":{"0":"post-21814","1":"product","2":"type-product","3":"status-publish","4":"has-post-thumbnail","6":"product_cat-metzgerei-und-feinkostgeschaft","7":"product_cat-schalen-dosen-glaser-fur-lebensmittel","8":"product_cat-mikrowellenschalen-mit-deckel","10":"first","11":"instock","12":"taxable","13":"shipping-taxable","14":"purchasable","15":"product-type-simple"},"acf":[],"yoast_head":"<!-- This site is optimized with the Yoast SEO Premium plugin v26.6 (Yoast SEO v26.6) - https:\/\/yoast.com\/wordpress\/plugins\/seo\/ -->\n<title>Schale Mikro-Ondable Kunststoff 1000 ml pro 50<\/title>\n<meta name=\"description\" content=\"Mikrowellenf\u00e4hige Schale: praktisch und widerstandsf\u00e4hig. Sie ist ideal f\u00fcr warme Gerichte und garantiert einen sicheren Transport mit perfekter Abdichtung.\" \/>\n<meta name=\"robots\" content=\"index, follow, max-snippet:-1, max-image-preview:large, max-video-preview:-1\" \/>\n<link rel=\"canonical\" href=\"https:\/\/www.csj-emballages.com\/de\/produit\/50-einweg-mikrowellenschalen-mit-separatem-deckel-aus-kunststoff-1000-ml\/\" \/>\n<meta property=\"og:locale\" content=\"de_DE\" \/>\n<meta property=\"og:type\" content=\"article\" \/>\n<meta property=\"og:title\" content=\"Mikrowellengeeignete Schale aus Kunststoff 1000 ml pro 50 St\u00fcck\" \/>\n<meta property=\"og:description\" content=\"Mikrowellenf\u00e4hige Schale: praktisch und widerstandsf\u00e4hig. Sie ist ideal f\u00fcr warme Gerichte und garantiert einen sicheren Transport mit perfekter Abdichtung.\" \/>\n<meta property=\"og:url\" content=\"https:\/\/www.csj-emballages.com\/de\/produit\/50-einweg-mikrowellenschalen-mit-separatem-deckel-aus-kunststoff-1000-ml\/\" \/>\n<meta property=\"og:site_name\" content=\"CSJ Emballages\" \/>\n<meta property=\"article:publisher\" content=\"https:\/\/www.facebook.com\/csjemballages\" \/>\n<meta property=\"article:modified_time\" content=\"2026-04-03T00:17:30+00:00\" \/>\n<meta property=\"og:image\" content=\"https:\/\/www.csj-emballages.com\/wp-content\/uploads\/2024\/03\/KP820.webp\" \/>\n\t<meta property=\"og:image:width\" content=\"800\" \/>\n\t<meta property=\"og:image:height\" content=\"799\" \/>\n\t<meta property=\"og:image:type\" content=\"image\/webp\" \/>\n<meta name=\"twitter:card\" content=\"summary_large_image\" \/>\n<meta name=\"twitter:label1\" content=\"Gesch\u00e4tzte Lesezeit\" \/>\n\t<meta name=\"twitter:data1\" content=\"1\u00a0Minute\" \/>\n<script type=\"application\/ld+json\" class=\"yoast-schema-graph\">{\"@context\":\"https:\/\/schema.org\",\"@graph\":[{\"@type\":\"WebPage\",\"@id\":\"https:\/\/www.csj-emballages.com\/de\/produit\/50-einweg-mikrowellenschalen-mit-separatem-deckel-aus-kunststoff-1000-ml\/\",\"url\":\"https:\/\/www.csj-emballages.com\/de\/produit\/50-einweg-mikrowellenschalen-mit-separatem-deckel-aus-kunststoff-1000-ml\/\",\"name\":\"Schale Mikro-Ondable Kunststoff 1000 ml pro 50\",\"isPartOf\":{\"@id\":\"https:\/\/www.csj-emballages.com\/de\/#website\"},\"primaryImageOfPage\":{\"@id\":\"https:\/\/www.csj-emballages.com\/de\/produit\/50-einweg-mikrowellenschalen-mit-separatem-deckel-aus-kunststoff-1000-ml\/#primaryimage\"},\"image\":{\"@id\":\"https:\/\/www.csj-emballages.com\/de\/produit\/50-einweg-mikrowellenschalen-mit-separatem-deckel-aus-kunststoff-1000-ml\/#primaryimage\"},\"thumbnailUrl\":\"https:\/\/www.csj-emballages.com\/wp-content\/uploads\/2024\/03\/KP820.webp\",\"datePublished\":\"2024-03-01T15:51:56+00:00\",\"dateModified\":\"2026-04-03T00:17:30+00:00\",\"description\":\"Mikrowellenf\u00e4hige Schale: praktisch und widerstandsf\u00e4hig. Sie ist ideal f\u00fcr warme Gerichte und garantiert einen sicheren Transport mit perfekter Abdichtung.\",\"breadcrumb\":{\"@id\":\"https:\/\/www.csj-emballages.com\/de\/produit\/50-einweg-mikrowellenschalen-mit-separatem-deckel-aus-kunststoff-1000-ml\/#breadcrumb\"},\"inLanguage\":\"de\",\"potentialAction\":[{\"@type\":\"ReadAction\",\"target\":[\"https:\/\/www.csj-emballages.com\/de\/produit\/50-einweg-mikrowellenschalen-mit-separatem-deckel-aus-kunststoff-1000-ml\/\"]}]},{\"@type\":\"ImageObject\",\"inLanguage\":\"de\",\"@id\":\"https:\/\/www.csj-emballages.com\/de\/produit\/50-einweg-mikrowellenschalen-mit-separatem-deckel-aus-kunststoff-1000-ml\/#primaryimage\",\"url\":\"https:\/\/www.csj-emballages.com\/wp-content\/uploads\/2024\/03\/KP820.webp\",\"contentUrl\":\"https:\/\/www.csj-emballages.com\/wp-content\/uploads\/2024\/03\/KP820.webp\",\"width\":800,\"height\":799,\"caption\":\"Barquette micro-ondable\"},{\"@type\":\"BreadcrumbList\",\"@id\":\"https:\/\/www.csj-emballages.com\/de\/produit\/50-einweg-mikrowellenschalen-mit-separatem-deckel-aus-kunststoff-1000-ml\/#breadcrumb\",\"itemListElement\":[{\"@type\":\"ListItem\",\"position\":1,\"name\":\"Accueil\",\"item\":\"https:\/\/www.csj-emballages.com\/de\/universum-lebensmittelverpackungen\/\"},{\"@type\":\"ListItem\",\"position\":2,\"name\":\"Shop\",\"item\":\"https:\/\/www.csj-emballages.com\/shop\/\"},{\"@type\":\"ListItem\",\"position\":3,\"name\":\"Mikrowellengeeignete Schale aus Kunststoff 1000 ml pro 50 St\u00fcck\"}]},{\"@type\":\"WebSite\",\"@id\":\"https:\/\/www.csj-emballages.com\/de\/#website\",\"url\":\"https:\/\/www.csj-emballages.com\/de\/\",\"name\":\"CSJ Emballages\",\"description\":\"\",\"publisher\":{\"@id\":\"https:\/\/www.csj-emballages.com\/de\/#organization\"},\"potentialAction\":[{\"@type\":\"SearchAction\",\"target\":{\"@type\":\"EntryPoint\",\"urlTemplate\":\"https:\/\/www.csj-emballages.com\/de\/?s={search_term_string}\"},\"query-input\":{\"@type\":\"PropertyValueSpecification\",\"valueRequired\":true,\"valueName\":\"search_term_string\"}}],\"inLanguage\":\"de\"},{\"@type\":\"Organization\",\"@id\":\"https:\/\/www.csj-emballages.com\/de\/#Organization\/\",\"name\":\"CSJ Emballages\",\"url\":\"https:\/\/www.csj-emballages.com\/de\/\",\"logo\":{\"@type\":\"ImageObject\",\"inLanguage\":\"de\",\"@id\":\"https:\/\/www.csj-emballages.com\/de\/#\/schema\/logo\/image\/\",\"url\":\"https:\/\/www.csj-emballages.com\/wp-content\/uploads\/2023\/10\/logo_csj.webp\",\"contentUrl\":\"https:\/\/www.csj-emballages.com\/wp-content\/uploads\/2023\/10\/logo_csj.webp\",\"width\":250,\"height\":95,\"caption\":\"CSJ Emballages\"},\"image\":{\"@id\":\"https:\/\/www.csj-emballages.com\/de\/#\/schema\/logo\/image\/\"},\"sameAs\":[\"https:\/\/www.facebook.com\/csjemballages\"],\"address\":{\"@type\":\"PostalAddress\",\"streetAddress\":\"ZI La Lechere\",\"addressLocality\":\"Patornay\",\"postalCode\":\"39130\",\"addressCountry\":\"FR\"},\"contactPoint\":[{\"@type\":\"ContactPoint\",\"contactType\":\"Service client\",\"telephone\":\"0384254272\",\"email\":\"contact@csj-emballages.com\"}]}]}<\/script>\n<!-- \/ Yoast SEO Premium plugin. -->","yoast_head_json":{"title":"Schale Mikro-Ondable Kunststoff 1000 ml pro 50","description":"Mikrowellenf\u00e4hige Schale: praktisch und widerstandsf\u00e4hig. Sie ist ideal f\u00fcr warme Gerichte und garantiert einen sicheren Transport mit perfekter Abdichtung.","robots":{"index":"index","follow":"follow","max-snippet":"max-snippet:-1","max-image-preview":"max-image-preview:large","max-video-preview":"max-video-preview:-1"},"canonical":"https:\/\/www.csj-emballages.com\/de\/produit\/50-einweg-mikrowellenschalen-mit-separatem-deckel-aus-kunststoff-1000-ml\/","og_locale":"de_DE","og_type":"article","og_title":"Mikrowellengeeignete Schale aus Kunststoff 1000 ml pro 50 St\u00fcck","og_description":"Mikrowellenf\u00e4hige Schale: praktisch und widerstandsf\u00e4hig. Sie ist ideal f\u00fcr warme Gerichte und garantiert einen sicheren Transport mit perfekter Abdichtung.","og_url":"https:\/\/www.csj-emballages.com\/de\/produit\/50-einweg-mikrowellenschalen-mit-separatem-deckel-aus-kunststoff-1000-ml\/","og_site_name":"CSJ Emballages","article_publisher":"https:\/\/www.facebook.com\/csjemballages","article_modified_time":"2026-04-03T00:17:30+00:00","og_image":[{"width":800,"height":799,"url":"https:\/\/www.csj-emballages.com\/wp-content\/uploads\/2024\/03\/KP820.webp","type":"image\/webp"}],"twitter_card":"summary_large_image","twitter_misc":{"Gesch\u00e4tzte Lesezeit":"1\u00a0Minute"},"schema":{"@context":"https:\/\/schema.org","@graph":[{"@type":"WebPage","@id":"https:\/\/www.csj-emballages.com\/de\/produit\/50-einweg-mikrowellenschalen-mit-separatem-deckel-aus-kunststoff-1000-ml\/","url":"https:\/\/www.csj-emballages.com\/de\/produit\/50-einweg-mikrowellenschalen-mit-separatem-deckel-aus-kunststoff-1000-ml\/","name":"Schale Mikro-Ondable Kunststoff 1000 ml pro 50","isPartOf":{"@id":"https:\/\/www.csj-emballages.com\/de\/#website"},"primaryImageOfPage":{"@id":"https:\/\/www.csj-emballages.com\/de\/produit\/50-einweg-mikrowellenschalen-mit-separatem-deckel-aus-kunststoff-1000-ml\/#primaryimage"},"image":{"@id":"https:\/\/www.csj-emballages.com\/de\/produit\/50-einweg-mikrowellenschalen-mit-separatem-deckel-aus-kunststoff-1000-ml\/#primaryimage"},"thumbnailUrl":"https:\/\/www.csj-emballages.com\/wp-content\/uploads\/2024\/03\/KP820.webp","datePublished":"2024-03-01T15:51:56+00:00","dateModified":"2026-04-03T00:17:30+00:00","description":"Mikrowellenf\u00e4hige Schale: praktisch und widerstandsf\u00e4hig. Sie ist ideal f\u00fcr warme Gerichte und garantiert einen sicheren Transport mit perfekter Abdichtung.","breadcrumb":{"@id":"https:\/\/www.csj-emballages.com\/de\/produit\/50-einweg-mikrowellenschalen-mit-separatem-deckel-aus-kunststoff-1000-ml\/#breadcrumb"},"inLanguage":"de","potentialAction":[{"@type":"ReadAction","target":["https:\/\/www.csj-emballages.com\/de\/produit\/50-einweg-mikrowellenschalen-mit-separatem-deckel-aus-kunststoff-1000-ml\/"]}]},{"@type":"ImageObject","inLanguage":"de","@id":"https:\/\/www.csj-emballages.com\/de\/produit\/50-einweg-mikrowellenschalen-mit-separatem-deckel-aus-kunststoff-1000-ml\/#primaryimage","url":"https:\/\/www.csj-emballages.com\/wp-content\/uploads\/2024\/03\/KP820.webp","contentUrl":"https:\/\/www.csj-emballages.com\/wp-content\/uploads\/2024\/03\/KP820.webp","width":800,"height":799,"caption":"Barquette micro-ondable"},{"@type":"BreadcrumbList","@id":"https:\/\/www.csj-emballages.com\/de\/produit\/50-einweg-mikrowellenschalen-mit-separatem-deckel-aus-kunststoff-1000-ml\/#breadcrumb","itemListElement":[{"@type":"ListItem","position":1,"name":"Accueil","item":"https:\/\/www.csj-emballages.com\/de\/universum-lebensmittelverpackungen\/"},{"@type":"ListItem","position":2,"name":"Shop","item":"https:\/\/www.csj-emballages.com\/shop\/"},{"@type":"ListItem","position":3,"name":"Mikrowellengeeignete Schale aus Kunststoff 1000 ml pro 50 St\u00fcck"}]},{"@type":"WebSite","@id":"https:\/\/www.csj-emballages.com\/de\/#website","url":"https:\/\/www.csj-emballages.com\/de\/","name":"CSJ Emballages","description":"","publisher":{"@id":"https:\/\/www.csj-emballages.com\/de\/#organization"},"potentialAction":[{"@type":"SearchAction","target":{"@type":"EntryPoint","urlTemplate":"https:\/\/www.csj-emballages.com\/de\/?s={search_term_string}"},"query-input":{"@type":"PropertyValueSpecification","valueRequired":true,"valueName":"search_term_string"}}],"inLanguage":"de"},{"@type":"Organization","@id":"https:\/\/www.csj-emballages.com\/de\/#Organization\/","name":"CSJ Emballages","url":"https:\/\/www.csj-emballages.com\/de\/","logo":{"@type":"ImageObject","inLanguage":"de","@id":"https:\/\/www.csj-emballages.com\/de\/#\/schema\/logo\/image\/","url":"https:\/\/www.csj-emballages.com\/wp-content\/uploads\/2023\/10\/logo_csj.webp","contentUrl":"https:\/\/www.csj-emballages.com\/wp-content\/uploads\/2023\/10\/logo_csj.webp","width":250,"height":95,"caption":"CSJ Emballages"},"image":{"@id":"https:\/\/www.csj-emballages.com\/de\/#\/schema\/logo\/image\/"},"sameAs":["https:\/\/www.facebook.com\/csjemballages"],"address":{"@type":"PostalAddress","streetAddress":"ZI La Lechere","addressLocality":"Patornay","postalCode":"39130","addressCountry":"FR"},"contactPoint":[{"@type":"ContactPoint","contactType":"Service client","telephone":"0384254272","email":"contact@csj-emballages.com"}]}]}},"df_price":9.07,"df_sale_price":"","df_regular_price":9.07,"df_image_link":"https:\/\/www.csj-emballages.com\/wp-content\/uploads\/2024\/03\/KP820-300x300.webp","tiered_pricing_type":"fixed","tiered_pricing_fixed_rules":[],"tiered_pricing_percentage_rules":[],"tiered_pricing_minimum":1,"tiered_pricing_roles_data":[],"_links":{"self":[{"href":"https:\/\/www.csj-emballages.com\/de\/wp-json\/wp\/v2\/product\/21814","targetHints":{"allow":["GET"]}}],"collection":[{"href":"https:\/\/www.csj-emballages.com\/de\/wp-json\/wp\/v2\/product"}],"about":[{"href":"https:\/\/www.csj-emballages.com\/de\/wp-json\/wp\/v2\/types\/product"}],"wp:featuredmedia":[{"embeddable":true,"href":"https:\/\/www.csj-emballages.com\/de\/wp-json\/wp\/v2\/media\/219562"}],"wp:attachment":[{"href":"https:\/\/www.csj-emballages.com\/de\/wp-json\/wp\/v2\/media?parent=21814"}],"wp:term":[{"taxonomy":"product_brand","embeddable":true,"href":"https:\/\/www.csj-emballages.com\/de\/wp-json\/wp\/v2\/product_brand?post=21814"},{"taxonomy":"product_cat","embeddable":true,"href":"https:\/\/www.csj-emballages.com\/de\/wp-json\/wp\/v2\/product_cat?post=21814"},{"taxonomy":"product_tag","embeddable":true,"href":"https:\/\/www.csj-emballages.com\/de\/wp-json\/wp\/v2\/product_tag?post=21814"}],"curies":[{"name":"wp","href":"https:\/\/api.w.org\/{rel}","templated":true}]}}