{"id":21810,"date":"2024-03-01T16:51:57","date_gmt":"2024-03-01T15:51:57","guid":{"rendered":"https:\/\/u15jnbdpoq.preview.infomaniak.website\/produit\/20-ml-dosierpumpen-set-fuer-5l-kanister\/"},"modified":"2026-04-17T02:14:17","modified_gmt":"2026-04-17T00:14:17","slug":"20-ml-dosierpumpen-set-fuer-5l-kanister","status":"publish","type":"product","link":"https:\/\/www.csj-emballages.com\/de\/produit\/20-ml-dosierpumpen-set-fuer-5l-kanister\/","title":{"rendered":"Pumpe Kanister 5L Handdosierer 20 ml"},"content":{"rendered":"<h2 class=\"p1\">Pumpe Kanister 5L<\/h2>\n<hr>\n<h3>Beschreibung unserer Kanisterpumpe 5L Manuelle Dosierpumpe 20 ml<span class=\"Apple-converted-space\"> <\/span><\/h3>\n<h3><!--more--><\/h3>\n<div class=\"flex max-w-full flex-col flex-grow\">\n<div class=\"min-h-8 text-message flex w-full flex-col items-end gap-2 whitespace-normal break-words text-start [.text-message+&amp;]:mt-5\" dir=\"auto\" data-message-author-role=\"assistant\" data-message-id=\"266ca6f3-5e07-4948-bd20-80ac5e6da4a5\" data-message-model-slug=\"gpt-4o\">\n<div class=\"flex w-full flex-col gap-1 empty:hidden first:pt-[3px]\">\n<div class=\"markdown prose w-full break-words dark:prose-invert dark\">\n<p data-start=\"245\" data-end=\"586\">Erleichtern Sie sich den t\u00e4glichen Umgang mit der <strong>5L Kanisterpumpe mit manueller Dosierung 20 ml,<\/strong> die speziell f\u00fcr <strong>5-Liter-Kanister<\/strong> entwickelt wurde. Praktisch, einfach und effizient gibt sie bei <strong>jedem Druck<\/strong> genau <strong>20 ml<\/strong> des Produkts ab, sodass Sie Ihre oft schweren und unhandlichen Kanister nicht mehr heben oder kippen m\u00fcssen. <\/p>\n<p data-start=\"588\" data-end=\"937\">Diese <strong>Handpumpe<\/strong> ist mit <strong>Kanistern mit 42-mm-Ring<\/strong> kompatibel. Sie l\u00e4sst sich leicht und m\u00fchelos anpassen und bleibt auch bei h\u00e4ufigem Gebrauch sicher an ihrem Platz. Sie ist ideal zum genauen Dosieren von Produkten wie Fl\u00fcssigseife, Creme, verd\u00fcnnten Reinigungsmitteln, Reinigungsl\u00f6sungen oder auch einigen nicht viskosen Lebensmitteln. <\/p>\n<p data-start=\"939\" data-end=\"1260\">Im professionellen Bereich &#8211; K\u00fcche, Labor, Werkstatt, Gemeinschaftseinrichtungen, Friseur- oder Sch\u00f6nheitssalon &#8211; wie auch zu Hause bringt diese <strong>Pumpe<\/strong> Zeitersparnis, Sauberkeit und vermeidet Verschwendung. Sie hilft auch dabei, die empfohlenen Dosierungen einzuhalten, insbesondere bei konzentrierten Produkten, die verd\u00fcnnt werden m\u00fcssen. <\/p>\n<p data-start=\"1262\" data-end=\"1466\">Das robuste und widerstandsf\u00e4hige Design garantiert eine dauerhafte Nutzung, auch in anspruchsvollen Umgebungen. Ein Druck gen\u00fcgt, um die richtige Dosis zu erhalten &#8211; m\u00fchelos, unbesch\u00e4digt und ohne sich schmutzig zu machen. <\/p>\n<p data-start=\"1468\" data-end=\"1580\">Schluss mit tropfenden Kanistern oder dem Hantieren mit zwei H\u00e4nden: Diese <strong>manuelle 5L-Kanisterpumpe<\/strong> macht Ihnen den Alltag leichter.<\/p>\n<h3><\/h3>\n<\/div>\n<\/div>\n<\/div>\n<\/div>\n<p><!--more--><\/p>\n<h4>Seine Vorteile :<\/h4>\n<ul>\n<li>Pr\u00e4zise Abgabe von 20 ml pro Druck.<\/li>\n<li>Kompatibel mit 5-L-Kanistern &#8211; Ring 42 mm.<\/li>\n<li>Vermeidet schwere oder schmutzige Handhabung.<\/li>\n<li>Reduziert Verluste und Verschwendung.<\/li>\n<li>Ideal f\u00fcr Hygiene- oder Reinigungsprodukte.<\/li>\n<\/ul>\n<p>&nbsp;<\/p>\n<p><!--more--><\/p>\n<h4>Weitere Informationen :<\/h4>\n<ul>\n<li><strong>Verpackung<\/strong>: Einzeln verkauft<\/li>\n<li><strong>Durchmesser des Ringes<\/strong>: 42 mm<\/li>\n<li><b>Farbe: <\/b>Wei\u00df<\/li>\n<li><strong>Material<\/strong>: Polypropylen<\/li>\n<li><strong>Kompatibilit\u00e4t<\/strong>: 5L Kanister<\/li>\n<\/ul>\n<p>&nbsp;<\/p>\n<p><!--more--><\/p>\n<p><a href=\"https:\/\/www.csj-emballages.com\/de\/categorie-produit\/hygiene-und-pflege\/zubehor\/\">Sehen Sie sich den Rest unseres Sortiments an Hygieneartikeln an.<\/a><\/p>\n","protected":false},"excerpt":{"rendered":"<p>Pumpe Kanister 5L Beschreibung unserer Kanisterpumpe 5L Manuelle Dosierpumpe 20 ml<\/p>\n","protected":false},"featured_media":238645,"template":"","meta":{"_acf_changed":false},"product_brand":[],"product_cat":[1218,1736],"product_tag":[],"class_list":{"0":"post-21810","1":"product","2":"type-product","3":"status-publish","4":"has-post-thumbnail","6":"product_cat-hygiene-und-pflege","7":"product_cat-zubehor","9":"first","10":"instock","11":"taxable","12":"shipping-taxable","13":"purchasable","14":"product-type-simple"},"acf":[],"yoast_head":"<!-- This site is optimized with the Yoast SEO Premium plugin v26.6 (Yoast SEO v26.6) - https:\/\/yoast.com\/wordpress\/plugins\/seo\/ -->\n<title>Manuelle Dosierpumpe 20 ml f\u00fcr 5L Kanister<\/title>\n<meta name=\"description\" content=\"Handdosierpumpe 20 ml f\u00fcr 5L Kanister - Praktisch und pr\u00e4zise, erm\u00f6glicht eine kontrollierte Dosierung ohne Verschwendung. Ideal f\u00fcr Pflegeprodukte.\" \/>\n<meta name=\"robots\" content=\"index, follow, max-snippet:-1, max-image-preview:large, max-video-preview:-1\" \/>\n<link rel=\"canonical\" href=\"https:\/\/www.csj-emballages.com\/de\/produit\/20-ml-dosierpumpen-set-fuer-5l-kanister\/\" \/>\n<meta property=\"og:locale\" content=\"de_DE\" \/>\n<meta property=\"og:type\" content=\"article\" \/>\n<meta property=\"og:title\" content=\"Pumpe Kanister 5L Handdosierer 20 ml\" \/>\n<meta property=\"og:description\" content=\"Handdosierpumpe 20 ml f\u00fcr 5L Kanister - Praktisch und pr\u00e4zise, erm\u00f6glicht eine kontrollierte Dosierung ohne Verschwendung. Ideal f\u00fcr Pflegeprodukte.\" \/>\n<meta property=\"og:url\" content=\"https:\/\/www.csj-emballages.com\/de\/produit\/20-ml-dosierpumpen-set-fuer-5l-kanister\/\" \/>\n<meta property=\"og:site_name\" content=\"CSJ Emballages\" \/>\n<meta property=\"article:publisher\" content=\"https:\/\/www.facebook.com\/csjemballages\" \/>\n<meta property=\"article:modified_time\" content=\"2026-04-17T00:14:17+00:00\" \/>\n<meta property=\"og:image\" content=\"https:\/\/www.csj-emballages.com\/wp-content\/uploads\/2024\/03\/KIT5L.webp\" \/>\n\t<meta property=\"og:image:width\" content=\"800\" \/>\n\t<meta property=\"og:image:height\" content=\"800\" \/>\n\t<meta property=\"og:image:type\" content=\"image\/webp\" \/>\n<meta name=\"twitter:card\" content=\"summary_large_image\" \/>\n<meta name=\"twitter:label1\" content=\"Gesch\u00e4tzte Lesezeit\" \/>\n\t<meta name=\"twitter:data1\" content=\"1\u00a0Minute\" \/>\n<script type=\"application\/ld+json\" class=\"yoast-schema-graph\">{\"@context\":\"https:\/\/schema.org\",\"@graph\":[{\"@type\":\"WebPage\",\"@id\":\"https:\/\/www.csj-emballages.com\/de\/produit\/20-ml-dosierpumpen-set-fuer-5l-kanister\/\",\"url\":\"https:\/\/www.csj-emballages.com\/de\/produit\/20-ml-dosierpumpen-set-fuer-5l-kanister\/\",\"name\":\"Manuelle Dosierpumpe 20 ml f\u00fcr 5L Kanister\",\"isPartOf\":{\"@id\":\"https:\/\/www.csj-emballages.com\/de\/#website\"},\"primaryImageOfPage\":{\"@id\":\"https:\/\/www.csj-emballages.com\/de\/produit\/20-ml-dosierpumpen-set-fuer-5l-kanister\/#primaryimage\"},\"image\":{\"@id\":\"https:\/\/www.csj-emballages.com\/de\/produit\/20-ml-dosierpumpen-set-fuer-5l-kanister\/#primaryimage\"},\"thumbnailUrl\":\"https:\/\/www.csj-emballages.com\/wp-content\/uploads\/2024\/03\/KIT5L.webp\",\"datePublished\":\"2024-03-01T15:51:57+00:00\",\"dateModified\":\"2026-04-17T00:14:17+00:00\",\"description\":\"Handdosierpumpe 20 ml f\u00fcr 5L Kanister - Praktisch und pr\u00e4zise, erm\u00f6glicht eine kontrollierte Dosierung ohne Verschwendung. Ideal f\u00fcr Pflegeprodukte.\",\"breadcrumb\":{\"@id\":\"https:\/\/www.csj-emballages.com\/de\/produit\/20-ml-dosierpumpen-set-fuer-5l-kanister\/#breadcrumb\"},\"inLanguage\":\"de\",\"potentialAction\":[{\"@type\":\"ReadAction\",\"target\":[\"https:\/\/www.csj-emballages.com\/de\/produit\/20-ml-dosierpumpen-set-fuer-5l-kanister\/\"]}]},{\"@type\":\"ImageObject\",\"inLanguage\":\"de\",\"@id\":\"https:\/\/www.csj-emballages.com\/de\/produit\/20-ml-dosierpumpen-set-fuer-5l-kanister\/#primaryimage\",\"url\":\"https:\/\/www.csj-emballages.com\/wp-content\/uploads\/2024\/03\/KIT5L.webp\",\"contentUrl\":\"https:\/\/www.csj-emballages.com\/wp-content\/uploads\/2024\/03\/KIT5L.webp\",\"width\":800,\"height\":800,\"caption\":\"Pompe bidon 5L\u00a0\"},{\"@type\":\"BreadcrumbList\",\"@id\":\"https:\/\/www.csj-emballages.com\/de\/produit\/20-ml-dosierpumpen-set-fuer-5l-kanister\/#breadcrumb\",\"itemListElement\":[{\"@type\":\"ListItem\",\"position\":1,\"name\":\"Accueil\",\"item\":\"https:\/\/www.csj-emballages.com\/de\/universum-lebensmittelverpackungen\/\"},{\"@type\":\"ListItem\",\"position\":2,\"name\":\"Shop\",\"item\":\"https:\/\/www.csj-emballages.com\/shop\/\"},{\"@type\":\"ListItem\",\"position\":3,\"name\":\"Pumpe Kanister 5L Handdosierer 20 ml\"}]},{\"@type\":\"WebSite\",\"@id\":\"https:\/\/www.csj-emballages.com\/de\/#website\",\"url\":\"https:\/\/www.csj-emballages.com\/de\/\",\"name\":\"CSJ Emballages\",\"description\":\"\",\"publisher\":{\"@id\":\"https:\/\/www.csj-emballages.com\/de\/#organization\"},\"potentialAction\":[{\"@type\":\"SearchAction\",\"target\":{\"@type\":\"EntryPoint\",\"urlTemplate\":\"https:\/\/www.csj-emballages.com\/de\/?s={search_term_string}\"},\"query-input\":{\"@type\":\"PropertyValueSpecification\",\"valueRequired\":true,\"valueName\":\"search_term_string\"}}],\"inLanguage\":\"de\"},{\"@type\":\"Organization\",\"@id\":\"https:\/\/www.csj-emballages.com\/de\/#Organization\/\",\"name\":\"CSJ Emballages\",\"url\":\"https:\/\/www.csj-emballages.com\/de\/\",\"logo\":{\"@type\":\"ImageObject\",\"inLanguage\":\"de\",\"@id\":\"https:\/\/www.csj-emballages.com\/de\/#\/schema\/logo\/image\/\",\"url\":\"https:\/\/www.csj-emballages.com\/wp-content\/uploads\/2023\/10\/logo_csj.webp\",\"contentUrl\":\"https:\/\/www.csj-emballages.com\/wp-content\/uploads\/2023\/10\/logo_csj.webp\",\"width\":250,\"height\":95,\"caption\":\"CSJ Emballages\"},\"image\":{\"@id\":\"https:\/\/www.csj-emballages.com\/de\/#\/schema\/logo\/image\/\"},\"sameAs\":[\"https:\/\/www.facebook.com\/csjemballages\"],\"address\":{\"@type\":\"PostalAddress\",\"streetAddress\":\"ZI La Lechere\",\"addressLocality\":\"Patornay\",\"postalCode\":\"39130\",\"addressCountry\":\"FR\"},\"contactPoint\":[{\"@type\":\"ContactPoint\",\"contactType\":\"Service client\",\"telephone\":\"0384254272\",\"email\":\"contact@csj-emballages.com\"}]}]}<\/script>\n<!-- \/ Yoast SEO Premium plugin. -->","yoast_head_json":{"title":"Manuelle Dosierpumpe 20 ml f\u00fcr 5L Kanister","description":"Handdosierpumpe 20 ml f\u00fcr 5L Kanister - Praktisch und pr\u00e4zise, erm\u00f6glicht eine kontrollierte Dosierung ohne Verschwendung. Ideal f\u00fcr Pflegeprodukte.","robots":{"index":"index","follow":"follow","max-snippet":"max-snippet:-1","max-image-preview":"max-image-preview:large","max-video-preview":"max-video-preview:-1"},"canonical":"https:\/\/www.csj-emballages.com\/de\/produit\/20-ml-dosierpumpen-set-fuer-5l-kanister\/","og_locale":"de_DE","og_type":"article","og_title":"Pumpe Kanister 5L Handdosierer 20 ml","og_description":"Handdosierpumpe 20 ml f\u00fcr 5L Kanister - Praktisch und pr\u00e4zise, erm\u00f6glicht eine kontrollierte Dosierung ohne Verschwendung. Ideal f\u00fcr Pflegeprodukte.","og_url":"https:\/\/www.csj-emballages.com\/de\/produit\/20-ml-dosierpumpen-set-fuer-5l-kanister\/","og_site_name":"CSJ Emballages","article_publisher":"https:\/\/www.facebook.com\/csjemballages","article_modified_time":"2026-04-17T00:14:17+00:00","og_image":[{"width":800,"height":800,"url":"https:\/\/www.csj-emballages.com\/wp-content\/uploads\/2024\/03\/KIT5L.webp","type":"image\/webp"}],"twitter_card":"summary_large_image","twitter_misc":{"Gesch\u00e4tzte Lesezeit":"1\u00a0Minute"},"schema":{"@context":"https:\/\/schema.org","@graph":[{"@type":"WebPage","@id":"https:\/\/www.csj-emballages.com\/de\/produit\/20-ml-dosierpumpen-set-fuer-5l-kanister\/","url":"https:\/\/www.csj-emballages.com\/de\/produit\/20-ml-dosierpumpen-set-fuer-5l-kanister\/","name":"Manuelle Dosierpumpe 20 ml f\u00fcr 5L Kanister","isPartOf":{"@id":"https:\/\/www.csj-emballages.com\/de\/#website"},"primaryImageOfPage":{"@id":"https:\/\/www.csj-emballages.com\/de\/produit\/20-ml-dosierpumpen-set-fuer-5l-kanister\/#primaryimage"},"image":{"@id":"https:\/\/www.csj-emballages.com\/de\/produit\/20-ml-dosierpumpen-set-fuer-5l-kanister\/#primaryimage"},"thumbnailUrl":"https:\/\/www.csj-emballages.com\/wp-content\/uploads\/2024\/03\/KIT5L.webp","datePublished":"2024-03-01T15:51:57+00:00","dateModified":"2026-04-17T00:14:17+00:00","description":"Handdosierpumpe 20 ml f\u00fcr 5L Kanister - Praktisch und pr\u00e4zise, erm\u00f6glicht eine kontrollierte Dosierung ohne Verschwendung. Ideal f\u00fcr Pflegeprodukte.","breadcrumb":{"@id":"https:\/\/www.csj-emballages.com\/de\/produit\/20-ml-dosierpumpen-set-fuer-5l-kanister\/#breadcrumb"},"inLanguage":"de","potentialAction":[{"@type":"ReadAction","target":["https:\/\/www.csj-emballages.com\/de\/produit\/20-ml-dosierpumpen-set-fuer-5l-kanister\/"]}]},{"@type":"ImageObject","inLanguage":"de","@id":"https:\/\/www.csj-emballages.com\/de\/produit\/20-ml-dosierpumpen-set-fuer-5l-kanister\/#primaryimage","url":"https:\/\/www.csj-emballages.com\/wp-content\/uploads\/2024\/03\/KIT5L.webp","contentUrl":"https:\/\/www.csj-emballages.com\/wp-content\/uploads\/2024\/03\/KIT5L.webp","width":800,"height":800,"caption":"Pompe bidon 5L\u00a0"},{"@type":"BreadcrumbList","@id":"https:\/\/www.csj-emballages.com\/de\/produit\/20-ml-dosierpumpen-set-fuer-5l-kanister\/#breadcrumb","itemListElement":[{"@type":"ListItem","position":1,"name":"Accueil","item":"https:\/\/www.csj-emballages.com\/de\/universum-lebensmittelverpackungen\/"},{"@type":"ListItem","position":2,"name":"Shop","item":"https:\/\/www.csj-emballages.com\/shop\/"},{"@type":"ListItem","position":3,"name":"Pumpe Kanister 5L Handdosierer 20 ml"}]},{"@type":"WebSite","@id":"https:\/\/www.csj-emballages.com\/de\/#website","url":"https:\/\/www.csj-emballages.com\/de\/","name":"CSJ Emballages","description":"","publisher":{"@id":"https:\/\/www.csj-emballages.com\/de\/#organization"},"potentialAction":[{"@type":"SearchAction","target":{"@type":"EntryPoint","urlTemplate":"https:\/\/www.csj-emballages.com\/de\/?s={search_term_string}"},"query-input":{"@type":"PropertyValueSpecification","valueRequired":true,"valueName":"search_term_string"}}],"inLanguage":"de"},{"@type":"Organization","@id":"https:\/\/www.csj-emballages.com\/de\/#Organization\/","name":"CSJ Emballages","url":"https:\/\/www.csj-emballages.com\/de\/","logo":{"@type":"ImageObject","inLanguage":"de","@id":"https:\/\/www.csj-emballages.com\/de\/#\/schema\/logo\/image\/","url":"https:\/\/www.csj-emballages.com\/wp-content\/uploads\/2023\/10\/logo_csj.webp","contentUrl":"https:\/\/www.csj-emballages.com\/wp-content\/uploads\/2023\/10\/logo_csj.webp","width":250,"height":95,"caption":"CSJ Emballages"},"image":{"@id":"https:\/\/www.csj-emballages.com\/de\/#\/schema\/logo\/image\/"},"sameAs":["https:\/\/www.facebook.com\/csjemballages"],"address":{"@type":"PostalAddress","streetAddress":"ZI La Lechere","addressLocality":"Patornay","postalCode":"39130","addressCountry":"FR"},"contactPoint":[{"@type":"ContactPoint","contactType":"Service client","telephone":"0384254272","email":"contact@csj-emballages.com"}]}]}},"df_price":5.89,"df_sale_price":"","df_regular_price":5.89,"df_image_link":"https:\/\/www.csj-emballages.com\/wp-content\/uploads\/2024\/03\/KIT5L-300x300.webp","tiered_pricing_type":"fixed","tiered_pricing_fixed_rules":[],"tiered_pricing_percentage_rules":[],"tiered_pricing_minimum":1,"tiered_pricing_roles_data":[],"_links":{"self":[{"href":"https:\/\/www.csj-emballages.com\/de\/wp-json\/wp\/v2\/product\/21810","targetHints":{"allow":["GET"]}}],"collection":[{"href":"https:\/\/www.csj-emballages.com\/de\/wp-json\/wp\/v2\/product"}],"about":[{"href":"https:\/\/www.csj-emballages.com\/de\/wp-json\/wp\/v2\/types\/product"}],"wp:featuredmedia":[{"embeddable":true,"href":"https:\/\/www.csj-emballages.com\/de\/wp-json\/wp\/v2\/media\/238645"}],"wp:attachment":[{"href":"https:\/\/www.csj-emballages.com\/de\/wp-json\/wp\/v2\/media?parent=21810"}],"wp:term":[{"taxonomy":"product_brand","embeddable":true,"href":"https:\/\/www.csj-emballages.com\/de\/wp-json\/wp\/v2\/product_brand?post=21810"},{"taxonomy":"product_cat","embeddable":true,"href":"https:\/\/www.csj-emballages.com\/de\/wp-json\/wp\/v2\/product_cat?post=21810"},{"taxonomy":"product_tag","embeddable":true,"href":"https:\/\/www.csj-emballages.com\/de\/wp-json\/wp\/v2\/product_tag?post=21810"}],"curies":[{"name":"wp","href":"https:\/\/api.w.org\/{rel}","templated":true}]}}