{"id":21782,"date":"2024-03-01T16:52:00","date_gmt":"2024-03-01T15:52:00","guid":{"rendered":"https:\/\/u15jnbdpoq.preview.infomaniak.website\/produit\/250-bestecksets-aus-holz-messer-gabeln\/"},"modified":"2026-04-17T02:14:12","modified_gmt":"2026-04-17T00:14:12","slug":"250-bestecksets-aus-holz-messer-gabeln","status":"publish","type":"product","link":"https:\/\/www.csj-emballages.com\/de\/produit\/250-bestecksets-aus-holz-messer-gabeln\/","title":{"rendered":"Besteckset Holz Messer + Gabeln pro 250"},"content":{"rendered":"<h2>Besteckset Holz<\/h2>\n<hr>\n<h3>Entdecken Sie unser Besteckset aus Holz Messer + Gabeln pro 250<\/h3>\n<p><!--more--><\/p>\n<p data-start=\"235\" data-end=\"704\">Wenn Sie eine einfache, elegante und wirklich praktische Alternative zu Plastikbesteck suchen, wird dieses <strong>Set<\/strong> aus <strong data-start=\"343\" data-end=\"378\">Messern und Gabeln aus Holz<\/strong> schnell zu einem Muss werden. Jedes Teil ist aus glattem, widerstandsf\u00e4higem Holz gefertigt, das ein echtes, nat\u00fcrliches Gef\u00fchl in der Hand vermittelt. Denn sobald man sie benutzt, sp\u00fcrt man sofort den Unterschied: Es verbiegt sich nicht, es bricht nicht und verleiht der Pr\u00e4sentation Ihrer Speisen eine viel w\u00e4rmere Note.  <\/p>\n<p data-start=\"706\" data-end=\"1099\">Dieses Set zu <strong data-start=\"717\" data-end=\"731\">250 St\u00fcck<\/strong> ist ideal f\u00fcr Schnelldienste, Foodtrucks, Veranstaltungen, Essen zum Mitnehmen oder sogar Buffets im Freien. Dank seiner sorgf\u00e4ltigen Verarbeitung passt dieses Besteck sowohl in eine Premium-Verpackung als auch in einen einfachen Kraftbeutel. Es eignet sich sowohl f\u00fcr Tagesgerichte als auch f\u00fcr k\u00f6stliche Desserts und ist somit eine vielseitige und kosteng\u00fcnstige Wahl.  <\/p>\n<p data-start=\"1101\" data-end=\"1482\">Auch die <strong>Holzoptik<\/strong> vermittelt sofort einen authentischeren Stil. Das ist ideal, wenn Sie ein moderneres, nat\u00fcrlicheres oder umweltbewussteres Image vermitteln m\u00f6chten, ohne Ihr gesamtes Verpackungssortiment austauschen zu m\u00fcssen. Und da dieses <strong>Besteck<\/strong> weder Lacke noch chemische Behandlungen enth\u00e4lt, erf\u00fcllt es problemlos die Erwartungen von Kunden, die anders konsumieren wollen.  <\/p>\n<p data-start=\"1484\" data-end=\"1741\">Mit dem <strong>Set Messer + Gabeln<\/strong> sparen Sie Zeit: ein Produkt, zwei unentbehrliche Helfer und ein Vorrat, der auch f\u00fcr die arbeitsintensivsten Dienste ausreicht. Sie servieren schnell, sauber und mit einem Material, das gut in der Hand liegt. <\/p>\n<p data-start=\"1743\" data-end=\"1945\">Zusammenfassend l\u00e4sst sich sagen, dass dieser <strong>Holzbausatz<\/strong> Einfachheit, Robustheit und nat\u00fcrliche \u00c4sthetik vereint &#8211; genau das, was Fachleute heute suchen, die eine praktische und verantwortungsbewusste L\u00f6sung anbieten m\u00f6chten.<\/p>\n<p data-start=\"1743\" data-end=\"1945\"><!--more--><\/p>\n<h4>Vorteile :<\/h4>\n<ul>\n<li data-start=\"1973\" data-end=\"2015\">Nat\u00fcrliches und angenehmes Gef\u00fchl in der Hand.<\/li>\n<li data-start=\"2018\" data-end=\"2058\">Festes, glattes und unbehandeltes Holz<\/li>\n<li data-start=\"2061\" data-end=\"2100\"><strong>Komplettes Set<\/strong>: Messer + Gabeln.<\/li>\n<li data-start=\"2103\" data-end=\"2134\">Sparset mit <strong>250 St\u00fcck<\/strong>.<\/li>\n<li data-start=\"2137\" data-end=\"2199\">Perfekt f\u00fcr den Verkauf zum Mitnehmen, Veranstaltungen und Foodtrucks.<\/li>\n<li data-start=\"2202\" data-end=\"2240\">Authentischeres und verantwortungsvolleres Image<\/li>\n<\/ul>\n<p>&nbsp;<\/p>\n<p><!--more--><\/p>\n<h4>Weitere Informationen :<\/h4>\n<ul>\n<li><strong>Verpackung<\/strong>: Packung mit 250 Kits<\/li>\n<li><b>Zusammensetzung <\/b>: Messer + Gabeln<\/li>\n<li><strong>Material<\/strong>: Holz<\/li>\n<\/ul>\n<p>&nbsp;<\/p>\n<p><!--more--><\/p>\n<p><a href=\"https:\/\/www.csj-emballages.com\/de\/categorie-produit\/lebensmittelverpackungen\/restauration-de\/teller-einwegbesteck-strohhalme\/besteck-sets\/bio-bestecksets\/\">Sehen Sie sich den Rest unseres Sortiments an Bestecksets aus Holz an.<\/a><\/p>\n","protected":false},"excerpt":{"rendered":"<p>Besteckset Holz Entdecken Sie unser Besteckset aus Holz Messer + Gabeln pro 250<\/p>\n","protected":false},"featured_media":256781,"template":"","meta":{"_acf_changed":false},"product_brand":[],"product_cat":[1137,1134,2812,2813,1146,2627],"product_tag":[],"class_list":{"0":"post-21782","1":"product","2":"type-product","3":"status-publish","4":"has-post-thumbnail","6":"product_cat-lebensmittelverpackungen","7":"product_cat-restauration-de","8":"product_cat-besteck-sets","9":"product_cat-bio-bestecksets","10":"product_cat-bio-sortiment","11":"product_cat-bio-besteck","13":"first","14":"instock","15":"taxable","16":"shipping-taxable","17":"purchasable","18":"product-type-simple"},"acf":[],"yoast_head":"<!-- This site is optimized with the Yoast SEO Premium plugin v26.6 (Yoast SEO v26.6) - https:\/\/yoast.com\/wordpress\/plugins\/seo\/ -->\n<title>Besteckset Holz Messer + Gabeln pro 250<\/title>\n<meta name=\"description\" content=\"Entdecken Sie unser 2-teiliges Besteckset aus Holz: Gabeln, Messer. Entscheiden Sie sich f\u00fcr einen Karton mit 250 Bestecksets aus Holz von Qualit\u00e9.\" \/>\n<meta name=\"robots\" content=\"index, follow, max-snippet:-1, max-image-preview:large, max-video-preview:-1\" \/>\n<link rel=\"canonical\" href=\"https:\/\/www.csj-emballages.com\/de\/produit\/250-bestecksets-aus-holz-messer-gabeln\/\" \/>\n<meta property=\"og:locale\" content=\"de_DE\" \/>\n<meta property=\"og:type\" content=\"article\" \/>\n<meta property=\"og:title\" content=\"Besteckset Holz Messer + Gabeln pro 250\" \/>\n<meta property=\"og:description\" content=\"Entdecken Sie unser 2-teiliges Besteckset aus Holz: Gabeln, Messer. Entscheiden Sie sich f\u00fcr einen Karton mit 250 Bestecksets aus Holz von Qualit\u00e9.\" \/>\n<meta property=\"og:url\" content=\"https:\/\/www.csj-emballages.com\/de\/produit\/250-bestecksets-aus-holz-messer-gabeln\/\" \/>\n<meta property=\"og:site_name\" content=\"CSJ Emballages\" \/>\n<meta property=\"article:publisher\" content=\"https:\/\/www.facebook.com\/csjemballages\" \/>\n<meta property=\"article:modified_time\" content=\"2026-04-17T00:14:12+00:00\" \/>\n<meta property=\"og:image\" content=\"https:\/\/www.csj-emballages.com\/wp-content\/uploads\/2024\/03\/KIT21BOIS.webp\" \/>\n\t<meta property=\"og:image:width\" content=\"800\" \/>\n\t<meta property=\"og:image:height\" content=\"800\" \/>\n\t<meta property=\"og:image:type\" content=\"image\/webp\" \/>\n<meta name=\"twitter:card\" content=\"summary_large_image\" \/>\n<meta name=\"twitter:label1\" content=\"Gesch\u00e4tzte Lesezeit\" \/>\n\t<meta name=\"twitter:data1\" content=\"2 Minuten\" \/>\n<script type=\"application\/ld+json\" class=\"yoast-schema-graph\">{\"@context\":\"https:\/\/schema.org\",\"@graph\":[{\"@type\":\"WebPage\",\"@id\":\"https:\/\/www.csj-emballages.com\/de\/produit\/250-bestecksets-aus-holz-messer-gabeln\/\",\"url\":\"https:\/\/www.csj-emballages.com\/de\/produit\/250-bestecksets-aus-holz-messer-gabeln\/\",\"name\":\"Besteckset Holz Messer + Gabeln pro 250\",\"isPartOf\":{\"@id\":\"https:\/\/www.csj-emballages.com\/de\/#website\"},\"primaryImageOfPage\":{\"@id\":\"https:\/\/www.csj-emballages.com\/de\/produit\/250-bestecksets-aus-holz-messer-gabeln\/#primaryimage\"},\"image\":{\"@id\":\"https:\/\/www.csj-emballages.com\/de\/produit\/250-bestecksets-aus-holz-messer-gabeln\/#primaryimage\"},\"thumbnailUrl\":\"https:\/\/www.csj-emballages.com\/wp-content\/uploads\/2024\/03\/KITBOIS21.webp\",\"datePublished\":\"2024-03-01T15:52:00+00:00\",\"dateModified\":\"2026-04-17T00:14:12+00:00\",\"description\":\"Entdecken Sie unser 2-teiliges Besteckset aus Holz: Gabeln, Messer. Entscheiden Sie sich f\u00fcr einen Karton mit 250 Bestecksets aus Holz von Qualit\u00e9.\",\"breadcrumb\":{\"@id\":\"https:\/\/www.csj-emballages.com\/de\/produit\/250-bestecksets-aus-holz-messer-gabeln\/#breadcrumb\"},\"inLanguage\":\"de\",\"potentialAction\":[{\"@type\":\"ReadAction\",\"target\":[\"https:\/\/www.csj-emballages.com\/de\/produit\/250-bestecksets-aus-holz-messer-gabeln\/\"]}]},{\"@type\":\"ImageObject\",\"inLanguage\":\"de\",\"@id\":\"https:\/\/www.csj-emballages.com\/de\/produit\/250-bestecksets-aus-holz-messer-gabeln\/#primaryimage\",\"url\":\"https:\/\/www.csj-emballages.com\/wp-content\/uploads\/2024\/03\/KITBOIS21.webp\",\"contentUrl\":\"https:\/\/www.csj-emballages.com\/wp-content\/uploads\/2024\/03\/KITBOIS21.webp\",\"width\":800,\"height\":800,\"caption\":\"Kit couverts bois\"},{\"@type\":\"BreadcrumbList\",\"@id\":\"https:\/\/www.csj-emballages.com\/de\/produit\/250-bestecksets-aus-holz-messer-gabeln\/#breadcrumb\",\"itemListElement\":[{\"@type\":\"ListItem\",\"position\":1,\"name\":\"Accueil\",\"item\":\"https:\/\/www.csj-emballages.com\/de\/universum-lebensmittelverpackungen\/\"},{\"@type\":\"ListItem\",\"position\":2,\"name\":\"Shop\",\"item\":\"https:\/\/www.csj-emballages.com\/shop\/\"},{\"@type\":\"ListItem\",\"position\":3,\"name\":\"Besteckset Holz Messer + Gabeln pro 250\"}]},{\"@type\":\"WebSite\",\"@id\":\"https:\/\/www.csj-emballages.com\/de\/#website\",\"url\":\"https:\/\/www.csj-emballages.com\/de\/\",\"name\":\"CSJ Emballages\",\"description\":\"\",\"publisher\":{\"@id\":\"https:\/\/www.csj-emballages.com\/de\/#organization\"},\"potentialAction\":[{\"@type\":\"SearchAction\",\"target\":{\"@type\":\"EntryPoint\",\"urlTemplate\":\"https:\/\/www.csj-emballages.com\/de\/?s={search_term_string}\"},\"query-input\":{\"@type\":\"PropertyValueSpecification\",\"valueRequired\":true,\"valueName\":\"search_term_string\"}}],\"inLanguage\":\"de\"},{\"@type\":\"Organization\",\"@id\":\"https:\/\/www.csj-emballages.com\/de\/#Organization\/\",\"name\":\"CSJ Emballages\",\"url\":\"https:\/\/www.csj-emballages.com\/de\/\",\"logo\":{\"@type\":\"ImageObject\",\"inLanguage\":\"de\",\"@id\":\"https:\/\/www.csj-emballages.com\/de\/#\/schema\/logo\/image\/\",\"url\":\"https:\/\/www.csj-emballages.com\/wp-content\/uploads\/2023\/10\/logo_csj.webp\",\"contentUrl\":\"https:\/\/www.csj-emballages.com\/wp-content\/uploads\/2023\/10\/logo_csj.webp\",\"width\":250,\"height\":95,\"caption\":\"CSJ Emballages\"},\"image\":{\"@id\":\"https:\/\/www.csj-emballages.com\/de\/#\/schema\/logo\/image\/\"},\"sameAs\":[\"https:\/\/www.facebook.com\/csjemballages\"],\"address\":{\"@type\":\"PostalAddress\",\"streetAddress\":\"ZI La Lechere\",\"addressLocality\":\"Patornay\",\"postalCode\":\"39130\",\"addressCountry\":\"FR\"},\"contactPoint\":[{\"@type\":\"ContactPoint\",\"contactType\":\"Service client\",\"telephone\":\"0384254272\",\"email\":\"contact@csj-emballages.com\"}]}]}<\/script>\n<!-- \/ Yoast SEO Premium plugin. -->","yoast_head_json":{"title":"Besteckset Holz Messer + Gabeln pro 250","description":"Entdecken Sie unser 2-teiliges Besteckset aus Holz: Gabeln, Messer. Entscheiden Sie sich f\u00fcr einen Karton mit 250 Bestecksets aus Holz von Qualit\u00e9.","robots":{"index":"index","follow":"follow","max-snippet":"max-snippet:-1","max-image-preview":"max-image-preview:large","max-video-preview":"max-video-preview:-1"},"canonical":"https:\/\/www.csj-emballages.com\/de\/produit\/250-bestecksets-aus-holz-messer-gabeln\/","og_locale":"de_DE","og_type":"article","og_title":"Besteckset Holz Messer + Gabeln pro 250","og_description":"Entdecken Sie unser 2-teiliges Besteckset aus Holz: Gabeln, Messer. Entscheiden Sie sich f\u00fcr einen Karton mit 250 Bestecksets aus Holz von Qualit\u00e9.","og_url":"https:\/\/www.csj-emballages.com\/de\/produit\/250-bestecksets-aus-holz-messer-gabeln\/","og_site_name":"CSJ Emballages","article_publisher":"https:\/\/www.facebook.com\/csjemballages","article_modified_time":"2026-04-17T00:14:12+00:00","og_image":[{"width":800,"height":800,"url":"https:\/\/www.csj-emballages.com\/wp-content\/uploads\/2024\/03\/KIT21BOIS.webp","type":"image\/webp"}],"twitter_card":"summary_large_image","twitter_misc":{"Gesch\u00e4tzte Lesezeit":"2 Minuten"},"schema":{"@context":"https:\/\/schema.org","@graph":[{"@type":"WebPage","@id":"https:\/\/www.csj-emballages.com\/de\/produit\/250-bestecksets-aus-holz-messer-gabeln\/","url":"https:\/\/www.csj-emballages.com\/de\/produit\/250-bestecksets-aus-holz-messer-gabeln\/","name":"Besteckset Holz Messer + Gabeln pro 250","isPartOf":{"@id":"https:\/\/www.csj-emballages.com\/de\/#website"},"primaryImageOfPage":{"@id":"https:\/\/www.csj-emballages.com\/de\/produit\/250-bestecksets-aus-holz-messer-gabeln\/#primaryimage"},"image":{"@id":"https:\/\/www.csj-emballages.com\/de\/produit\/250-bestecksets-aus-holz-messer-gabeln\/#primaryimage"},"thumbnailUrl":"https:\/\/www.csj-emballages.com\/wp-content\/uploads\/2024\/03\/KITBOIS21.webp","datePublished":"2024-03-01T15:52:00+00:00","dateModified":"2026-04-17T00:14:12+00:00","description":"Entdecken Sie unser 2-teiliges Besteckset aus Holz: Gabeln, Messer. Entscheiden Sie sich f\u00fcr einen Karton mit 250 Bestecksets aus Holz von Qualit\u00e9.","breadcrumb":{"@id":"https:\/\/www.csj-emballages.com\/de\/produit\/250-bestecksets-aus-holz-messer-gabeln\/#breadcrumb"},"inLanguage":"de","potentialAction":[{"@type":"ReadAction","target":["https:\/\/www.csj-emballages.com\/de\/produit\/250-bestecksets-aus-holz-messer-gabeln\/"]}]},{"@type":"ImageObject","inLanguage":"de","@id":"https:\/\/www.csj-emballages.com\/de\/produit\/250-bestecksets-aus-holz-messer-gabeln\/#primaryimage","url":"https:\/\/www.csj-emballages.com\/wp-content\/uploads\/2024\/03\/KITBOIS21.webp","contentUrl":"https:\/\/www.csj-emballages.com\/wp-content\/uploads\/2024\/03\/KITBOIS21.webp","width":800,"height":800,"caption":"Kit couverts bois"},{"@type":"BreadcrumbList","@id":"https:\/\/www.csj-emballages.com\/de\/produit\/250-bestecksets-aus-holz-messer-gabeln\/#breadcrumb","itemListElement":[{"@type":"ListItem","position":1,"name":"Accueil","item":"https:\/\/www.csj-emballages.com\/de\/universum-lebensmittelverpackungen\/"},{"@type":"ListItem","position":2,"name":"Shop","item":"https:\/\/www.csj-emballages.com\/shop\/"},{"@type":"ListItem","position":3,"name":"Besteckset Holz Messer + Gabeln pro 250"}]},{"@type":"WebSite","@id":"https:\/\/www.csj-emballages.com\/de\/#website","url":"https:\/\/www.csj-emballages.com\/de\/","name":"CSJ Emballages","description":"","publisher":{"@id":"https:\/\/www.csj-emballages.com\/de\/#organization"},"potentialAction":[{"@type":"SearchAction","target":{"@type":"EntryPoint","urlTemplate":"https:\/\/www.csj-emballages.com\/de\/?s={search_term_string}"},"query-input":{"@type":"PropertyValueSpecification","valueRequired":true,"valueName":"search_term_string"}}],"inLanguage":"de"},{"@type":"Organization","@id":"https:\/\/www.csj-emballages.com\/de\/#Organization\/","name":"CSJ Emballages","url":"https:\/\/www.csj-emballages.com\/de\/","logo":{"@type":"ImageObject","inLanguage":"de","@id":"https:\/\/www.csj-emballages.com\/de\/#\/schema\/logo\/image\/","url":"https:\/\/www.csj-emballages.com\/wp-content\/uploads\/2023\/10\/logo_csj.webp","contentUrl":"https:\/\/www.csj-emballages.com\/wp-content\/uploads\/2023\/10\/logo_csj.webp","width":250,"height":95,"caption":"CSJ Emballages"},"image":{"@id":"https:\/\/www.csj-emballages.com\/de\/#\/schema\/logo\/image\/"},"sameAs":["https:\/\/www.facebook.com\/csjemballages"],"address":{"@type":"PostalAddress","streetAddress":"ZI La Lechere","addressLocality":"Patornay","postalCode":"39130","addressCountry":"FR"},"contactPoint":[{"@type":"ContactPoint","contactType":"Service client","telephone":"0384254272","email":"contact@csj-emballages.com"}]}]}},"df_price":16.15,"df_sale_price":"","df_regular_price":16.15,"df_image_link":"https:\/\/www.csj-emballages.com\/wp-content\/uploads\/2024\/03\/KITBOIS21-300x300.webp","tiered_pricing_type":"fixed","tiered_pricing_fixed_rules":[],"tiered_pricing_percentage_rules":[],"tiered_pricing_minimum":1,"tiered_pricing_roles_data":[],"_links":{"self":[{"href":"https:\/\/www.csj-emballages.com\/de\/wp-json\/wp\/v2\/product\/21782","targetHints":{"allow":["GET"]}}],"collection":[{"href":"https:\/\/www.csj-emballages.com\/de\/wp-json\/wp\/v2\/product"}],"about":[{"href":"https:\/\/www.csj-emballages.com\/de\/wp-json\/wp\/v2\/types\/product"}],"wp:featuredmedia":[{"embeddable":true,"href":"https:\/\/www.csj-emballages.com\/de\/wp-json\/wp\/v2\/media\/256781"}],"wp:attachment":[{"href":"https:\/\/www.csj-emballages.com\/de\/wp-json\/wp\/v2\/media?parent=21782"}],"wp:term":[{"taxonomy":"product_brand","embeddable":true,"href":"https:\/\/www.csj-emballages.com\/de\/wp-json\/wp\/v2\/product_brand?post=21782"},{"taxonomy":"product_cat","embeddable":true,"href":"https:\/\/www.csj-emballages.com\/de\/wp-json\/wp\/v2\/product_cat?post=21782"},{"taxonomy":"product_tag","embeddable":true,"href":"https:\/\/www.csj-emballages.com\/de\/wp-json\/wp\/v2\/product_tag?post=21782"}],"curies":[{"name":"wp","href":"https:\/\/api.w.org\/{rel}","templated":true}]}}