{"id":21772,"date":"2024-03-01T16:52:01","date_gmt":"2024-03-01T15:52:01","guid":{"rendered":"https:\/\/u15jnbdpoq.preview.infomaniak.website\/produit\/250-weisse-krafttragetaschen-mit-gedrehten-griffen-20-x-10-x-29-cm\/"},"modified":"2026-05-01T02:13:23","modified_gmt":"2026-05-01T00:13:23","slug":"250-weisse-krafttragetaschen-mit-gedrehten-griffen-20-x-10-x-29-cm","status":"publish","type":"product","link":"https:\/\/www.csj-emballages.com\/de\/produit\/250-weisse-krafttragetaschen-mit-gedrehten-griffen-20-x-10-x-29-cm\/","title":{"rendered":"Wei\u00dfe Kartontasche mit gedrehten Griffen 20 x 10 x 29 cm pro 250 St\u00fcck"},"content":{"rendered":"<h2>Wei\u00dfe Kartontasche<\/h2>\n<hr>\n<h3><span style=\"box-sizing: inherit;\">  Beschreibung unserer Tasche aus wei\u00dfem Karton mit gedrehten Griffen 20 x 10 x 29 cm pro 250 St\u00fcck<\/span><\/h3>\n<p><!--more--><\/p>\n<div style=\"box-sizing: inherit; font-family: Roboto, sans-serif;\">\n<div style=\"box-sizing: inherit; font-family: Roboto, sans-serif;\">\n<div style=\"box-sizing: inherit; font-family: Roboto, sans-serif;\">\n<div style=\"box-sizing: inherit; font-family: Roboto, sans-serif;\">\n<div style=\"box-sizing: inherit; font-family: Roboto, sans-serif;\">\n<p data-start=\"295\" data-end=\"697\">Einfach, effizient und stets n\u00fctzlich ist diese <strong>wei\u00dfe Kartontasche<\/strong> mit <strong>gedrehten Griffen<\/strong> ein echtes Must-have f\u00fcr Profis. Mit ihrem Format von <g id=\"gid_2\">20 x 10 x 29 cm<\/g> passt sie sich leicht an zahlreiche Anwendungen an: Take-away, Boutiquen, Veranstaltungen, Lebensmittel- oder Non-Food-Handel. Sie erm\u00f6glicht den sicheren Transport von Produkten bei gleichzeitig sauberer und gepflegter Pr\u00e4sentation.  <\/p>\n<p data-start=\"699\" data-end=\"1076\">Ihr <strong>wei\u00dfes Design<\/strong> verleiht eine schlichte und moderne Note. Sie eignet sich sowohl f\u00fcr Gesch\u00e4fte, die das Wesentliche bevorzugen, als auch f\u00fcr jene, die ihre Verpackungen personalisieren m\u00f6chten. Ein <g id=\"gid_1\">Logo<\/g>, ein <g id=\"gid_2\">Stempel<\/g> oder ein <g id=\"gid_3\">Aufkleber<\/g> gen\u00fcgen, um diese Tasche in ein echtes Kommunikationsmittel zu verwandeln. So geht jeder Kunde mit einer praktischen Verpackung\u2026 und Ihrem Image in den H\u00e4nden.   <\/p>\n<p data-start=\"1078\" data-end=\"1417\">Die <strong>gedrehten Griffe<\/strong> bieten einen guten Halt und tragen das Gewicht des Inhalts problemlos. Man kann sie bequem und ohne Bedenken tragen, selbst wenn die Tasche gut gef\u00fcllt ist. Ebenso sorgt der stabile Karton f\u00fcr gute Formstabilit\u00e4t: Die Tasche bleibt stabil, verformt sich nicht leicht und sch\u00fctzt die Produkte im Inneren effektiv.  <\/p>\n<p data-start=\"1419\" data-end=\"1639\"><strong data-start=\"1425\" data-end=\"1443\">Im 250er-Pack<\/strong> erh\u00e4ltlich, ist diese <strong>wei\u00dfe Kartontasche<\/strong> ideal, um den t\u00e4glichen Bedarf zu decken, ohne sich um Nachschub k\u00fcmmern zu m\u00fcssen. Sie eignet sich perfekt f\u00fcr Gesch\u00e4fte mit hohem Umschlag, die eine zuverl\u00e4ssige, wirtschaftliche und vielseitige L\u00f6sung suchen. <\/p>\n<p data-start=\"1641\" data-end=\"1800\">Zusammenfassend ist diese <strong>wei\u00dfe Kartontasche<\/strong> eine sichere Wahl. Sie erf\u00fcllt ihren Zweck, sieht gut aus und passt sich allen Alltagssituationen an, ohne \u00fcberfl\u00fcssig zu sein. <\/p>\n<\/div>\n<p data-start=\"1641\" data-end=\"1800\">\n<p data-start=\"1641\" data-end=\"1800\"><!--more--><\/p>\n<\/div>\n<h4 data-start=\"1641\" data-end=\"1800\">Vorteile :<\/h4>\n<ul>\n<li data-start=\"1828\" data-end=\"1859\">Praktisches und vielseitiges Format.<\/li>\n<li data-start=\"1862\" data-end=\"1899\"><strong>Schlichtes wei\u00dfes Design<\/strong>, professionell.<\/li>\n<li data-start=\"1902\" data-end=\"1946\">Stabile und bequeme gedrehte Griffe.<\/li>\n<li data-start=\"1949\" data-end=\"1985\">Gute Formstabilit\u00e4t dank stabilem Karton.<\/li>\n<li data-start=\"1988\" data-end=\"2029\"><strong>250er-Pack<\/strong>, ideal f\u00fcr intensiven Gebrauch.<\/li>\n<\/ul>\n<div style=\"box-sizing: inherit; font-family: Roboto, sans-serif;\">\n<div style=\"box-sizing: inherit; font-family: Roboto, sans-serif;\">\n<div style=\"box-sizing: inherit; font-family: Roboto, sans-serif;\">\n<div style=\"box-sizing: inherit; font-family: Roboto, sans-serif;\">\n<div style=\"box-sizing: inherit; font-family: Roboto, sans-serif;\">\n<div style=\"box-sizing: inherit; font-family: Roboto, sans-serif;\">\n<div style=\"box-sizing: inherit; font-family: Roboto, sans-serif;\">\n<div style=\"box-sizing: inherit; font-family: Roboto, sans-serif;\">\n<div style=\"box-sizing: inherit; font-family: Roboto, sans-serif;\">\n<p>&nbsp;<\/p>\n<h3 style=\"font-family: Roboto, sans-serif; box-sizing: inherit;\"><!--more--><\/h3>\n<h4>Weitere Informationen :<\/h4>\n<div style=\"box-sizing: inherit; font-family: Roboto, sans-serif;\">\n<div style=\"box-sizing: inherit; font-family: Roboto, sans-serif;\">\n<ul style=\"box-sizing: inherit; font-family: Roboto, sans-serif;\">\n<li style=\"box-sizing: inherit;\"><strong>Abmessungen<\/strong><span style=\"box-sizing: inherit;\"> : 200 x 100 x 290 (L x B x H in mm)<\/span><\/li>\n<li style=\"box-sizing: inherit;\"><strong>Verpackung<\/strong><span style=\"box-sizing: inherit;\"> : Karton mit 250 Beuteln<\/span><\/li>\n<li><strong>Gewicht<\/strong>: 80 g\/m\u00b2<\/li>\n<li style=\"box-sizing: inherit;\"><strong>Material<\/strong><span style=\"box-sizing: inherit;\"> : Kraftpapier<\/span><\/li>\n<li style=\"box-sizing: inherit;\"><strong>Farbe<\/strong><span style=\"box-sizing: inherit;\"> Farbe : Wei\u00df<\/span><\/li>\n<\/ul>\n<\/div>\n<\/div>\n<p>&nbsp;<\/p>\n<\/div>\n<\/div>\n<\/div>\n<\/div>\n<\/div>\n<\/div>\n<\/div>\n<\/div>\n<\/div>\n<\/div>\n<\/div>\n<\/div>\n<p><!--more--><\/p>\n<p>Dieses Produkt ist in verschiedenen Farben erh\u00e4ltlich: <span style=\"color: #d12727;\"><a style=\"color: #d12727;\" href=\"https:\/\/www.csj-emballages.com\/produit\/250-sacs-cabas-kraft-noirs-a-poignees-torsadees-20-x-10-x-29-cm\/\">Schwarz<\/a><\/span> \/ <span style=\"color: #d12727;\"><a style=\"color: #d12727;\" href=\"https:\/\/www.csj-emballages.com\/produit\/250-sacs-cabas-kraft-rouges-a-poignees-torsadees-20-x-10-x-29-cm\/\">Rot<\/a><\/span> \/ <span style=\"color: #d12727;\"><a style=\"color: #d12727;\" href=\"https:\/\/www.csj-emballages.com\/produit\/250-sacs-cabas-kraft-a-poignees-torsadees-20-x-10-x-29-cm\/\">Kraft<\/a><\/span><\/p>\n<p>&nbsp;<\/p>\n<p><!--more--><\/p>\n<p><a href=\"https:\/\/www.csj-emballages.com\/de\/categorie-produit\/lebensmittelverpackungen\/restauration-de\/sacke-und-papier\/schultertaschen-krafts-de\/kraftsacke\/\">Entdecken Sie unser weiteres Sortiment an Kraftpapiertragetaschen<\/a><\/p>\n","protected":false},"excerpt":{"rendered":"<p>Wei\u00dfe Kartontasche Beschreibung unserer Tasche aus wei\u00dfem Karton mit gedrehten Griffen 20 x 10 x 29 cm pro 250 St\u00fcck<\/p>\n","protected":false},"featured_media":205751,"template":"","meta":{"_acf_changed":false},"product_brand":[],"product_cat":[1137,1134,3976,2800,9197,1487,1882,2807],"product_tag":[],"class_list":{"0":"post-21772","1":"product","2":"type-product","3":"status-publish","4":"has-post-thumbnail","6":"product_cat-lebensmittelverpackungen","7":"product_cat-restauration-de","8":"product_cat-sacke-und-papier","9":"product_cat-schultertaschen-krafts-de","10":"product_cat-kraftsacke","11":"product_cat-boutique-und-geschaft","12":"product_cat-schultertaschen-krafts","13":"product_cat-kraftsacke-mit-schnuren","15":"first","16":"instock","17":"taxable","18":"shipping-taxable","19":"purchasable","20":"product-type-simple"},"acf":[],"yoast_head":"<!-- This site is optimized with the Yoast SEO Premium plugin v26.6 (Yoast SEO v26.6) - https:\/\/yoast.com\/wordpress\/plugins\/seo\/ -->\n<title>Wei\u00dfe Kartontasche mit gedrehten Griffen 20 x 10 x 29 cm<\/title>\n<meta name=\"description\" content=\"Wei\u00dfe Kartontasche 20x10x29 cm mit gedrehten Griffen, im 250er-Pack erh\u00e4ltlich. Praktisch, robust und ideal f\u00fcr Gesch\u00e4fte und Take-away.\" \/>\n<meta name=\"robots\" content=\"index, follow, max-snippet:-1, max-image-preview:large, max-video-preview:-1\" \/>\n<link rel=\"canonical\" href=\"https:\/\/www.csj-emballages.com\/de\/produit\/250-weisse-krafttragetaschen-mit-gedrehten-griffen-20-x-10-x-29-cm\/\" \/>\n<meta property=\"og:locale\" content=\"de_DE\" \/>\n<meta property=\"og:type\" content=\"article\" \/>\n<meta property=\"og:title\" content=\"Wei\u00dfe Kartontasche mit gedrehten Griffen 20 x 10 x 29 cm pro 250 St\u00fcck\" \/>\n<meta property=\"og:description\" content=\"Wei\u00dfe Kartontasche 20x10x29 cm mit gedrehten Griffen, im 250er-Pack erh\u00e4ltlich. Praktisch, robust und ideal f\u00fcr Gesch\u00e4fte und Take-away.\" \/>\n<meta property=\"og:url\" content=\"https:\/\/www.csj-emballages.com\/de\/produit\/250-weisse-krafttragetaschen-mit-gedrehten-griffen-20-x-10-x-29-cm\/\" \/>\n<meta property=\"og:site_name\" content=\"CSJ Emballages\" \/>\n<meta property=\"article:publisher\" content=\"https:\/\/www.facebook.com\/csjemballages\" \/>\n<meta property=\"article:modified_time\" content=\"2026-05-01T00:13:23+00:00\" \/>\n<meta property=\"og:image\" content=\"https:\/\/www.csj-emballages.com\/wp-content\/uploads\/2024\/03\/KFF2029BL-png.webp\" \/>\n\t<meta property=\"og:image:width\" content=\"800\" \/>\n\t<meta property=\"og:image:height\" content=\"800\" \/>\n\t<meta property=\"og:image:type\" content=\"image\/png\" \/>\n<meta name=\"twitter:card\" content=\"summary_large_image\" \/>\n<meta name=\"twitter:label1\" content=\"Gesch\u00e4tzte Lesezeit\" \/>\n\t<meta name=\"twitter:data1\" content=\"2 Minuten\" \/>\n<script type=\"application\/ld+json\" class=\"yoast-schema-graph\">{\"@context\":\"https:\/\/schema.org\",\"@graph\":[{\"@type\":\"WebPage\",\"@id\":\"https:\/\/www.csj-emballages.com\/de\/produit\/250-weisse-krafttragetaschen-mit-gedrehten-griffen-20-x-10-x-29-cm\/\",\"url\":\"https:\/\/www.csj-emballages.com\/de\/produit\/250-weisse-krafttragetaschen-mit-gedrehten-griffen-20-x-10-x-29-cm\/\",\"name\":\"Wei\u00dfe Kartontasche mit gedrehten Griffen 20 x 10 x 29 cm\",\"isPartOf\":{\"@id\":\"https:\/\/www.csj-emballages.com\/de\/#website\"},\"primaryImageOfPage\":{\"@id\":\"https:\/\/www.csj-emballages.com\/de\/produit\/250-weisse-krafttragetaschen-mit-gedrehten-griffen-20-x-10-x-29-cm\/#primaryimage\"},\"image\":{\"@id\":\"https:\/\/www.csj-emballages.com\/de\/produit\/250-weisse-krafttragetaschen-mit-gedrehten-griffen-20-x-10-x-29-cm\/#primaryimage\"},\"thumbnailUrl\":\"https:\/\/www.csj-emballages.com\/wp-content\/uploads\/2024\/03\/KFF2029BL-png.webp\",\"datePublished\":\"2024-03-01T15:52:01+00:00\",\"dateModified\":\"2026-05-01T00:13:23+00:00\",\"description\":\"Wei\u00dfe Kartontasche 20x10x29 cm mit gedrehten Griffen, im 250er-Pack erh\u00e4ltlich. Praktisch, robust und ideal f\u00fcr Gesch\u00e4fte und Take-away.\",\"breadcrumb\":{\"@id\":\"https:\/\/www.csj-emballages.com\/de\/produit\/250-weisse-krafttragetaschen-mit-gedrehten-griffen-20-x-10-x-29-cm\/#breadcrumb\"},\"inLanguage\":\"de\",\"potentialAction\":[{\"@type\":\"ReadAction\",\"target\":[\"https:\/\/www.csj-emballages.com\/de\/produit\/250-weisse-krafttragetaschen-mit-gedrehten-griffen-20-x-10-x-29-cm\/\"]}]},{\"@type\":\"ImageObject\",\"inLanguage\":\"de\",\"@id\":\"https:\/\/www.csj-emballages.com\/de\/produit\/250-weisse-krafttragetaschen-mit-gedrehten-griffen-20-x-10-x-29-cm\/#primaryimage\",\"url\":\"https:\/\/www.csj-emballages.com\/wp-content\/uploads\/2024\/03\/KFF2029BL-png.webp\",\"contentUrl\":\"https:\/\/www.csj-emballages.com\/wp-content\/uploads\/2024\/03\/KFF2029BL-png.webp\",\"width\":800,\"height\":800,\"caption\":\"sac en carton\"},{\"@type\":\"BreadcrumbList\",\"@id\":\"https:\/\/www.csj-emballages.com\/de\/produit\/250-weisse-krafttragetaschen-mit-gedrehten-griffen-20-x-10-x-29-cm\/#breadcrumb\",\"itemListElement\":[{\"@type\":\"ListItem\",\"position\":1,\"name\":\"Accueil\",\"item\":\"https:\/\/www.csj-emballages.com\/de\/universum-lebensmittelverpackungen\/\"},{\"@type\":\"ListItem\",\"position\":2,\"name\":\"Shop\",\"item\":\"https:\/\/www.csj-emballages.com\/shop\/\"},{\"@type\":\"ListItem\",\"position\":3,\"name\":\"Wei\u00dfe Kartontasche mit gedrehten Griffen 20 x 10 x 29 cm pro 250 St\u00fcck\"}]},{\"@type\":\"WebSite\",\"@id\":\"https:\/\/www.csj-emballages.com\/de\/#website\",\"url\":\"https:\/\/www.csj-emballages.com\/de\/\",\"name\":\"CSJ Emballages\",\"description\":\"\",\"publisher\":{\"@id\":\"https:\/\/www.csj-emballages.com\/de\/#organization\"},\"potentialAction\":[{\"@type\":\"SearchAction\",\"target\":{\"@type\":\"EntryPoint\",\"urlTemplate\":\"https:\/\/www.csj-emballages.com\/de\/?s={search_term_string}\"},\"query-input\":{\"@type\":\"PropertyValueSpecification\",\"valueRequired\":true,\"valueName\":\"search_term_string\"}}],\"inLanguage\":\"de\"},{\"@type\":\"Organization\",\"@id\":\"https:\/\/www.csj-emballages.com\/de\/#Organization\/\",\"name\":\"CSJ Emballages\",\"url\":\"https:\/\/www.csj-emballages.com\/de\/\",\"logo\":{\"@type\":\"ImageObject\",\"inLanguage\":\"de\",\"@id\":\"https:\/\/www.csj-emballages.com\/de\/#\/schema\/logo\/image\/\",\"url\":\"https:\/\/www.csj-emballages.com\/wp-content\/uploads\/2023\/10\/logo_csj.webp\",\"contentUrl\":\"https:\/\/www.csj-emballages.com\/wp-content\/uploads\/2023\/10\/logo_csj.webp\",\"width\":250,\"height\":95,\"caption\":\"CSJ Emballages\"},\"image\":{\"@id\":\"https:\/\/www.csj-emballages.com\/de\/#\/schema\/logo\/image\/\"},\"sameAs\":[\"https:\/\/www.facebook.com\/csjemballages\"],\"address\":{\"@type\":\"PostalAddress\",\"streetAddress\":\"ZI La Lechere\",\"addressLocality\":\"Patornay\",\"postalCode\":\"39130\",\"addressCountry\":\"FR\"},\"contactPoint\":[{\"@type\":\"ContactPoint\",\"contactType\":\"Service client\",\"telephone\":\"0384254272\",\"email\":\"contact@csj-emballages.com\"}]}]}<\/script>\n<!-- \/ Yoast SEO Premium plugin. -->","yoast_head_json":{"title":"Wei\u00dfe Kartontasche mit gedrehten Griffen 20 x 10 x 29 cm","description":"Wei\u00dfe Kartontasche 20x10x29 cm mit gedrehten Griffen, im 250er-Pack erh\u00e4ltlich. Praktisch, robust und ideal f\u00fcr Gesch\u00e4fte und Take-away.","robots":{"index":"index","follow":"follow","max-snippet":"max-snippet:-1","max-image-preview":"max-image-preview:large","max-video-preview":"max-video-preview:-1"},"canonical":"https:\/\/www.csj-emballages.com\/de\/produit\/250-weisse-krafttragetaschen-mit-gedrehten-griffen-20-x-10-x-29-cm\/","og_locale":"de_DE","og_type":"article","og_title":"Wei\u00dfe Kartontasche mit gedrehten Griffen 20 x 10 x 29 cm pro 250 St\u00fcck","og_description":"Wei\u00dfe Kartontasche 20x10x29 cm mit gedrehten Griffen, im 250er-Pack erh\u00e4ltlich. Praktisch, robust und ideal f\u00fcr Gesch\u00e4fte und Take-away.","og_url":"https:\/\/www.csj-emballages.com\/de\/produit\/250-weisse-krafttragetaschen-mit-gedrehten-griffen-20-x-10-x-29-cm\/","og_site_name":"CSJ Emballages","article_publisher":"https:\/\/www.facebook.com\/csjemballages","article_modified_time":"2026-05-01T00:13:23+00:00","og_image":[{"width":800,"height":800,"url":"https:\/\/www.csj-emballages.com\/wp-content\/uploads\/2024\/03\/KFF2029BL-png.webp","type":"image\/png"}],"twitter_card":"summary_large_image","twitter_misc":{"Gesch\u00e4tzte Lesezeit":"2 Minuten"},"schema":{"@context":"https:\/\/schema.org","@graph":[{"@type":"WebPage","@id":"https:\/\/www.csj-emballages.com\/de\/produit\/250-weisse-krafttragetaschen-mit-gedrehten-griffen-20-x-10-x-29-cm\/","url":"https:\/\/www.csj-emballages.com\/de\/produit\/250-weisse-krafttragetaschen-mit-gedrehten-griffen-20-x-10-x-29-cm\/","name":"Wei\u00dfe Kartontasche mit gedrehten Griffen 20 x 10 x 29 cm","isPartOf":{"@id":"https:\/\/www.csj-emballages.com\/de\/#website"},"primaryImageOfPage":{"@id":"https:\/\/www.csj-emballages.com\/de\/produit\/250-weisse-krafttragetaschen-mit-gedrehten-griffen-20-x-10-x-29-cm\/#primaryimage"},"image":{"@id":"https:\/\/www.csj-emballages.com\/de\/produit\/250-weisse-krafttragetaschen-mit-gedrehten-griffen-20-x-10-x-29-cm\/#primaryimage"},"thumbnailUrl":"https:\/\/www.csj-emballages.com\/wp-content\/uploads\/2024\/03\/KFF2029BL-png.webp","datePublished":"2024-03-01T15:52:01+00:00","dateModified":"2026-05-01T00:13:23+00:00","description":"Wei\u00dfe Kartontasche 20x10x29 cm mit gedrehten Griffen, im 250er-Pack erh\u00e4ltlich. Praktisch, robust und ideal f\u00fcr Gesch\u00e4fte und Take-away.","breadcrumb":{"@id":"https:\/\/www.csj-emballages.com\/de\/produit\/250-weisse-krafttragetaschen-mit-gedrehten-griffen-20-x-10-x-29-cm\/#breadcrumb"},"inLanguage":"de","potentialAction":[{"@type":"ReadAction","target":["https:\/\/www.csj-emballages.com\/de\/produit\/250-weisse-krafttragetaschen-mit-gedrehten-griffen-20-x-10-x-29-cm\/"]}]},{"@type":"ImageObject","inLanguage":"de","@id":"https:\/\/www.csj-emballages.com\/de\/produit\/250-weisse-krafttragetaschen-mit-gedrehten-griffen-20-x-10-x-29-cm\/#primaryimage","url":"https:\/\/www.csj-emballages.com\/wp-content\/uploads\/2024\/03\/KFF2029BL-png.webp","contentUrl":"https:\/\/www.csj-emballages.com\/wp-content\/uploads\/2024\/03\/KFF2029BL-png.webp","width":800,"height":800,"caption":"sac en carton"},{"@type":"BreadcrumbList","@id":"https:\/\/www.csj-emballages.com\/de\/produit\/250-weisse-krafttragetaschen-mit-gedrehten-griffen-20-x-10-x-29-cm\/#breadcrumb","itemListElement":[{"@type":"ListItem","position":1,"name":"Accueil","item":"https:\/\/www.csj-emballages.com\/de\/universum-lebensmittelverpackungen\/"},{"@type":"ListItem","position":2,"name":"Shop","item":"https:\/\/www.csj-emballages.com\/shop\/"},{"@type":"ListItem","position":3,"name":"Wei\u00dfe Kartontasche mit gedrehten Griffen 20 x 10 x 29 cm pro 250 St\u00fcck"}]},{"@type":"WebSite","@id":"https:\/\/www.csj-emballages.com\/de\/#website","url":"https:\/\/www.csj-emballages.com\/de\/","name":"CSJ Emballages","description":"","publisher":{"@id":"https:\/\/www.csj-emballages.com\/de\/#organization"},"potentialAction":[{"@type":"SearchAction","target":{"@type":"EntryPoint","urlTemplate":"https:\/\/www.csj-emballages.com\/de\/?s={search_term_string}"},"query-input":{"@type":"PropertyValueSpecification","valueRequired":true,"valueName":"search_term_string"}}],"inLanguage":"de"},{"@type":"Organization","@id":"https:\/\/www.csj-emballages.com\/de\/#Organization\/","name":"CSJ Emballages","url":"https:\/\/www.csj-emballages.com\/de\/","logo":{"@type":"ImageObject","inLanguage":"de","@id":"https:\/\/www.csj-emballages.com\/de\/#\/schema\/logo\/image\/","url":"https:\/\/www.csj-emballages.com\/wp-content\/uploads\/2023\/10\/logo_csj.webp","contentUrl":"https:\/\/www.csj-emballages.com\/wp-content\/uploads\/2023\/10\/logo_csj.webp","width":250,"height":95,"caption":"CSJ Emballages"},"image":{"@id":"https:\/\/www.csj-emballages.com\/de\/#\/schema\/logo\/image\/"},"sameAs":["https:\/\/www.facebook.com\/csjemballages"],"address":{"@type":"PostalAddress","streetAddress":"ZI La Lechere","addressLocality":"Patornay","postalCode":"39130","addressCountry":"FR"},"contactPoint":[{"@type":"ContactPoint","contactType":"Service client","telephone":"0384254272","email":"contact@csj-emballages.com"}]}]}},"df_price":38.95,"df_sale_price":"","df_regular_price":38.95,"df_image_link":"https:\/\/www.csj-emballages.com\/wp-content\/uploads\/2024\/03\/KFF2029BL-300x300.webp","tiered_pricing_type":"fixed","tiered_pricing_fixed_rules":[],"tiered_pricing_percentage_rules":[],"tiered_pricing_minimum":1,"tiered_pricing_roles_data":[],"_links":{"self":[{"href":"https:\/\/www.csj-emballages.com\/de\/wp-json\/wp\/v2\/product\/21772","targetHints":{"allow":["GET"]}}],"collection":[{"href":"https:\/\/www.csj-emballages.com\/de\/wp-json\/wp\/v2\/product"}],"about":[{"href":"https:\/\/www.csj-emballages.com\/de\/wp-json\/wp\/v2\/types\/product"}],"wp:featuredmedia":[{"embeddable":true,"href":"https:\/\/www.csj-emballages.com\/de\/wp-json\/wp\/v2\/media\/205751"}],"wp:attachment":[{"href":"https:\/\/www.csj-emballages.com\/de\/wp-json\/wp\/v2\/media?parent=21772"}],"wp:term":[{"taxonomy":"product_brand","embeddable":true,"href":"https:\/\/www.csj-emballages.com\/de\/wp-json\/wp\/v2\/product_brand?post=21772"},{"taxonomy":"product_cat","embeddable":true,"href":"https:\/\/www.csj-emballages.com\/de\/wp-json\/wp\/v2\/product_cat?post=21772"},{"taxonomy":"product_tag","embeddable":true,"href":"https:\/\/www.csj-emballages.com\/de\/wp-json\/wp\/v2\/product_tag?post=21772"}],"curies":[{"name":"wp","href":"https:\/\/api.w.org\/{rel}","templated":true}]}}