{"id":21754,"date":"2024-03-01T16:52:03","date_gmt":"2024-03-01T15:52:03","guid":{"rendered":"https:\/\/u15jnbdpoq.preview.infomaniak.website\/produit\/500-sos-krafts-taschen-braun-20-x-15-x-40-cm\/"},"modified":"2026-03-13T02:13:00","modified_gmt":"2026-03-13T01:13:00","slug":"500-sos-krafts-taschen-braun-20-x-15-x-40-cm","status":"publish","type":"product","link":"https:\/\/www.csj-emballages.com\/de\/produit\/500-sos-krafts-taschen-braun-20-x-15-x-40-cm\/","title":{"rendered":"Braune Papiert\u00fcte 20 x 15 x 40 cm pro 500"},"content":{"rendered":"<h2 class=\"p1\">Papiert\u00fcte<\/h2>\n<hr>\n<h3>Beschreibung von Kraftpapiert\u00fcte braun 20 x 15 x 40 cm pro 500 St\u00fcck<\/h3>\n<p><!--more--><\/p>\n<p data-start=\"155\" data-end=\"524\">Entdecken Sie unsere <strong data-start=\"171\" data-end=\"199\">braune Papiert\u00fcte<\/strong> im Format <strong data-start=\"210\" data-end=\"229\">20 x 15 x 40 cm<\/strong>, ein Muss f\u00fcr alle, die in der <strong data-start=\"278\" data-end=\"294\">Gastronomie<\/strong>, in <strong data-start=\"300\" data-end=\"316\">B\u00e4ckereien<\/strong>, <strong data-start=\"322\" data-end=\"335\">Imbissbuden<\/strong> und im <strong data-start=\"342\" data-end=\"366\">Lebensmittelhandel<\/strong> t\u00e4tig sind. Diese Tasche ist <strong data-start=\"381\" data-end=\"394\">praktisch und<\/strong> <strong data-start=\"396\" data-end=\"410\">strapazierf\u00e4hig<\/strong>, um den t\u00e4glichen Bedarf zu decken und gleichzeitig Ihr umweltbewusstes Image aufzuwerten. <\/p>\n<p data-start=\"526\" data-end=\"1033\">Die aus <strong data-start=\"538\" data-end=\"571\">Kraftpapier<\/strong> hergestellte Tasche bietet eine <strong data-start=\"586\" data-end=\"609\">ausgezeichnete Festigkeit<\/strong>, ideal f\u00fcr den Transport von Mahlzeiten, Sandwiches, Geb\u00e4ck oder Obst, ohne Angst vor Rissen haben zu m\u00fcssen. Dank der <strong data-start=\"721\" data-end=\"741\">Seitenfalte<\/strong> und des <strong data-start=\"749\" data-end=\"762\">flachen Bodens<\/strong> steht die Tasche sicher aufrecht und erleichtert das Bef\u00fcllen und Pr\u00e4sentieren Ihrer Produkte. Dar\u00fcber hinaus vermittelt die <strong data-start=\"879\" data-end=\"902\">naturbraune Farbe<\/strong> ein authentisches und umweltfreundliches Image, das den heutigen Erwartungen umweltbewusster Verbraucher entspricht.  <\/p>\n<p data-start=\"1035\" data-end=\"1431\">Dieser Kraftsack ist zu <strong data-start=\"1052\" data-end=\"1089\">100 % recycelbar und biologisch abbaubar<\/strong>, was ihn zu einer umweltfreundlichen Verpackungsl\u00f6sung macht. Sie wird <strong data-start=\"1178\" data-end=\"1203\">in Packungen zu 500 St\u00fcck<\/strong> verpackt und ist somit ideal f\u00fcr Gesch\u00e4ftsleute, die einen dauerhaften und kosteng\u00fcnstigen Vorrat suchen. Au\u00dferdem eignet sich das vielseitige Format sowohl f\u00fcr den Verkauf zum Mitnehmen als auch f\u00fcr die Verpackung von handgefertigten Produkten oder kleinen Eink\u00e4ufen in Gesch\u00e4ften.  <\/p>\n<p data-start=\"1433\" data-end=\"1635\">Alles in allem vereint diese <strong data-start=\"1446\" data-end=\"1464\">braune Papiert\u00fcte<\/strong> <strong data-start=\"1473\" data-end=\"1487\">Robustheit<\/strong>, <strong data-start=\"1489\" data-end=\"1501\">\u00d6kologie<\/strong> und <strong data-start=\"1505\" data-end=\"1518\">Praktikabilit\u00e4t<\/strong>. Sie spiegelt das Image eines verantwortungsbewussten Handels wider, der auf die Qualit\u00e4t seiner Verpackungen und das Kundenerlebnis achtet. <\/p>\n<p data-start=\"1433\" data-end=\"1635\">\n<p data-start=\"1378\" data-end=\"1605\"><!--more--><\/p>\n<h4 data-start=\"1378\" data-end=\"1605\">Vorteile :<\/h4>\n<ul>\n<li data-start=\"1864\" data-end=\"1933\"><strong data-start=\"1867\" data-end=\"1895\">Umweltfreundlich und recycelbar<\/strong>: aus nat\u00fcrlichem Kraftpapier hergestellt.<\/li>\n<li data-start=\"1936\" data-end=\"2016\"><strong data-start=\"1939\" data-end=\"1964\">Widerstandsf\u00e4hig und praktisch<\/strong>: perfekt f\u00fcr Gerichte, Brote oder Eink\u00e4ufe zum Mitnehmen.<\/li>\n<li data-start=\"2019\" data-end=\"2095\"><strong data-start=\"2022\" data-end=\"2050\">Gro\u00dfes, funktionales Format<\/strong> mit flachem Boden zum einfachen Bef\u00fcllen.<\/li>\n<li data-start=\"2098\" data-end=\"2173\"><strong data-start=\"2101\" data-end=\"2131\">G\u00fcnstige Verpackung<\/strong>: wird in <strong data-start=\"2144\" data-end=\"2156\">500 S\u00e4cken<\/strong> f\u00fcr Profis verkauft.<\/li>\n<li data-start=\"2176\" data-end=\"2240\"><strong data-start=\"2178\" data-end=\"2202\">Nat\u00fcrliche \u00c4sthetik<\/strong>, die Ihr verantwortungsbewusstes Image aufwertet.<\/li>\n<\/ul>\n<p>&nbsp;<\/p>\n<p><!--more--><\/p>\n<h4>Weitere Informationen :<\/h4>\n<ul>\n<li><strong>Verpackung<\/strong>: Karton mit 250 St\u00fcck<\/li>\n<li><strong>Ma\u00dfe<\/strong>: 20 x 15 x 40 cm (L x B x H in cm)<\/li>\n<li><strong>Material<\/strong>: Papier<\/li>\n<li><strong>Farbe<\/strong>: Kraft<\/li>\n<\/ul>\n<p>&nbsp;<\/p>\n<p><!--more--><\/p>\n<p>Diese Papiert\u00fcte ist auch in der Farbe Wei\u00df erh\u00e4ltlich : <span style=\"color: #d12727;\"><a style=\"color: #d12727;\" href=\"https:\/\/www.csj-emballages.com\/pt-pt\/produit\/500-sacos-sos-kraft-brancos-18-x-11-x-35-cm-2\/\">KF1835SOSBL<\/a><\/span> (18 x 11 x 35 cm)<\/p>\n<p>&nbsp;<\/p>\n<p><!--more--><\/p>\n<p><a href=\"https:\/\/www.csj-emballages.com\/de\/categorie-produit\/lebensmittelverpackungen\/boutique-und-geschaft\/sacke-beutel\/schultertaschen-krafts\/einkaufstaschen-krafts\/\">Sehen Sie sich den Rest unseres Sortiments an Kraft-Tragetaschen an<\/a><\/p>\n","protected":false},"excerpt":{"rendered":"<p>Papiert\u00fcte Beschreibung von Kraftpapiert\u00fcte braun 20 x 15 x 40 cm pro 500 St\u00fcck<\/p>\n","protected":false},"featured_media":207175,"template":"","meta":{"_acf_changed":false},"product_brand":[],"product_cat":[1137,1134,3976,2800,9197,1487,1882,2798],"product_tag":[],"class_list":{"0":"post-21754","1":"product","2":"type-product","3":"status-publish","4":"has-post-thumbnail","6":"product_cat-lebensmittelverpackungen","7":"product_cat-restauration-de","8":"product_cat-sacke-und-papier","9":"product_cat-schultertaschen-krafts-de","10":"product_cat-kraftsacke","11":"product_cat-boutique-und-geschaft","12":"product_cat-schultertaschen-krafts","13":"product_cat-einkaufstaschen-krafts","15":"first","16":"instock","17":"taxable","18":"shipping-taxable","19":"purchasable","20":"product-type-simple"},"acf":[],"yoast_head":"<!-- This site is optimized with the Yoast SEO Premium plugin v26.6 (Yoast SEO v26.6) - https:\/\/yoast.com\/wordpress\/plugins\/seo\/ -->\n<title>Papiert\u00fcte Braun 20 x 15 x 40 cm pro 500<\/title>\n<meta name=\"description\" content=\"Entdecken Sie unsere braune Papiert\u00fcte 20 x 15 x 40 cm (Packung zu 500). Sie ist stabil, praktisch und recycelbar und eignet sich perfekt f\u00fcr Gesch\u00e4fte und Feinkostl\u00e4den.\" \/>\n<meta name=\"robots\" content=\"index, follow, max-snippet:-1, max-image-preview:large, max-video-preview:-1\" \/>\n<link rel=\"canonical\" href=\"https:\/\/www.csj-emballages.com\/de\/produit\/500-sos-krafts-taschen-braun-20-x-15-x-40-cm\/\" \/>\n<meta property=\"og:locale\" content=\"de_DE\" \/>\n<meta property=\"og:type\" content=\"article\" \/>\n<meta property=\"og:title\" content=\"Braune Papiert\u00fcte 20 x 15 x 40 cm pro 500\" \/>\n<meta property=\"og:description\" content=\"Entdecken Sie unsere braune Papiert\u00fcte 20 x 15 x 40 cm (Packung zu 500). Sie ist stabil, praktisch und recycelbar und eignet sich perfekt f\u00fcr Gesch\u00e4fte und Feinkostl\u00e4den.\" \/>\n<meta property=\"og:url\" content=\"https:\/\/www.csj-emballages.com\/de\/produit\/500-sos-krafts-taschen-braun-20-x-15-x-40-cm\/\" \/>\n<meta property=\"og:site_name\" content=\"CSJ Emballages\" \/>\n<meta property=\"article:publisher\" content=\"https:\/\/www.facebook.com\/csjemballages\" \/>\n<meta property=\"article:modified_time\" content=\"2026-03-13T01:13:00+00:00\" \/>\n<meta property=\"og:image\" content=\"https:\/\/www.csj-emballages.com\/wp-content\/uploads\/2024\/03\/KB201640.webp\" \/>\n\t<meta property=\"og:image:width\" content=\"800\" \/>\n\t<meta property=\"og:image:height\" content=\"800\" \/>\n\t<meta property=\"og:image:type\" content=\"image\/webp\" \/>\n<meta name=\"twitter:card\" content=\"summary_large_image\" \/>\n<meta name=\"twitter:label1\" content=\"Gesch\u00e4tzte Lesezeit\" \/>\n\t<meta name=\"twitter:data1\" content=\"2 Minuten\" \/>\n<script type=\"application\/ld+json\" class=\"yoast-schema-graph\">{\"@context\":\"https:\/\/schema.org\",\"@graph\":[{\"@type\":\"WebPage\",\"@id\":\"https:\/\/www.csj-emballages.com\/de\/produit\/500-sos-krafts-taschen-braun-20-x-15-x-40-cm\/\",\"url\":\"https:\/\/www.csj-emballages.com\/de\/produit\/500-sos-krafts-taschen-braun-20-x-15-x-40-cm\/\",\"name\":\"Papiert\u00fcte Braun 20 x 15 x 40 cm pro 500\",\"isPartOf\":{\"@id\":\"https:\/\/www.csj-emballages.com\/de\/#website\"},\"primaryImageOfPage\":{\"@id\":\"https:\/\/www.csj-emballages.com\/de\/produit\/500-sos-krafts-taschen-braun-20-x-15-x-40-cm\/#primaryimage\"},\"image\":{\"@id\":\"https:\/\/www.csj-emballages.com\/de\/produit\/500-sos-krafts-taschen-braun-20-x-15-x-40-cm\/#primaryimage\"},\"thumbnailUrl\":\"https:\/\/www.csj-emballages.com\/wp-content\/uploads\/2024\/03\/KB201640.webp\",\"datePublished\":\"2024-03-01T15:52:03+00:00\",\"dateModified\":\"2026-03-13T01:13:00+00:00\",\"description\":\"Entdecken Sie unsere braune Papiert\u00fcte 20 x 15 x 40 cm (Packung zu 500). Sie ist stabil, praktisch und recycelbar und eignet sich perfekt f\u00fcr Gesch\u00e4fte und Feinkostl\u00e4den.\",\"breadcrumb\":{\"@id\":\"https:\/\/www.csj-emballages.com\/de\/produit\/500-sos-krafts-taschen-braun-20-x-15-x-40-cm\/#breadcrumb\"},\"inLanguage\":\"de\",\"potentialAction\":[{\"@type\":\"ReadAction\",\"target\":[\"https:\/\/www.csj-emballages.com\/de\/produit\/500-sos-krafts-taschen-braun-20-x-15-x-40-cm\/\"]}]},{\"@type\":\"ImageObject\",\"inLanguage\":\"de\",\"@id\":\"https:\/\/www.csj-emballages.com\/de\/produit\/500-sos-krafts-taschen-braun-20-x-15-x-40-cm\/#primaryimage\",\"url\":\"https:\/\/www.csj-emballages.com\/wp-content\/uploads\/2024\/03\/KB201640.webp\",\"contentUrl\":\"https:\/\/www.csj-emballages.com\/wp-content\/uploads\/2024\/03\/KB201640.webp\",\"width\":800,\"height\":800,\"caption\":\"sac kraft\"},{\"@type\":\"BreadcrumbList\",\"@id\":\"https:\/\/www.csj-emballages.com\/de\/produit\/500-sos-krafts-taschen-braun-20-x-15-x-40-cm\/#breadcrumb\",\"itemListElement\":[{\"@type\":\"ListItem\",\"position\":1,\"name\":\"Accueil\",\"item\":\"https:\/\/www.csj-emballages.com\/de\/universum-lebensmittelverpackungen\/\"},{\"@type\":\"ListItem\",\"position\":2,\"name\":\"Shop\",\"item\":\"https:\/\/www.csj-emballages.com\/shop\/\"},{\"@type\":\"ListItem\",\"position\":3,\"name\":\"Braune Papiert\u00fcte 20 x 15 x 40 cm pro 500\"}]},{\"@type\":\"WebSite\",\"@id\":\"https:\/\/www.csj-emballages.com\/de\/#website\",\"url\":\"https:\/\/www.csj-emballages.com\/de\/\",\"name\":\"CSJ Emballages\",\"description\":\"\",\"publisher\":{\"@id\":\"https:\/\/www.csj-emballages.com\/de\/#organization\"},\"potentialAction\":[{\"@type\":\"SearchAction\",\"target\":{\"@type\":\"EntryPoint\",\"urlTemplate\":\"https:\/\/www.csj-emballages.com\/de\/?s={search_term_string}\"},\"query-input\":{\"@type\":\"PropertyValueSpecification\",\"valueRequired\":true,\"valueName\":\"search_term_string\"}}],\"inLanguage\":\"de\"},{\"@type\":\"Organization\",\"@id\":\"https:\/\/www.csj-emballages.com\/de\/#Organization\/\",\"name\":\"CSJ Emballages\",\"url\":\"https:\/\/www.csj-emballages.com\/de\/\",\"logo\":{\"@type\":\"ImageObject\",\"inLanguage\":\"de\",\"@id\":\"https:\/\/www.csj-emballages.com\/de\/#\/schema\/logo\/image\/\",\"url\":\"https:\/\/www.csj-emballages.com\/wp-content\/uploads\/2023\/10\/logo_csj.webp\",\"contentUrl\":\"https:\/\/www.csj-emballages.com\/wp-content\/uploads\/2023\/10\/logo_csj.webp\",\"width\":250,\"height\":95,\"caption\":\"CSJ Emballages\"},\"image\":{\"@id\":\"https:\/\/www.csj-emballages.com\/de\/#\/schema\/logo\/image\/\"},\"sameAs\":[\"https:\/\/www.facebook.com\/csjemballages\"],\"address\":{\"@type\":\"PostalAddress\",\"streetAddress\":\"ZI La Lechere\",\"addressLocality\":\"Patornay\",\"postalCode\":\"39130\",\"addressCountry\":\"FR\"},\"contactPoint\":[{\"@type\":\"ContactPoint\",\"contactType\":\"Service client\",\"telephone\":\"0384254272\",\"email\":\"contact@csj-emballages.com\"}]}]}<\/script>\n<!-- \/ Yoast SEO Premium plugin. -->","yoast_head_json":{"title":"Papiert\u00fcte Braun 20 x 15 x 40 cm pro 500","description":"Entdecken Sie unsere braune Papiert\u00fcte 20 x 15 x 40 cm (Packung zu 500). Sie ist stabil, praktisch und recycelbar und eignet sich perfekt f\u00fcr Gesch\u00e4fte und Feinkostl\u00e4den.","robots":{"index":"index","follow":"follow","max-snippet":"max-snippet:-1","max-image-preview":"max-image-preview:large","max-video-preview":"max-video-preview:-1"},"canonical":"https:\/\/www.csj-emballages.com\/de\/produit\/500-sos-krafts-taschen-braun-20-x-15-x-40-cm\/","og_locale":"de_DE","og_type":"article","og_title":"Braune Papiert\u00fcte 20 x 15 x 40 cm pro 500","og_description":"Entdecken Sie unsere braune Papiert\u00fcte 20 x 15 x 40 cm (Packung zu 500). Sie ist stabil, praktisch und recycelbar und eignet sich perfekt f\u00fcr Gesch\u00e4fte und Feinkostl\u00e4den.","og_url":"https:\/\/www.csj-emballages.com\/de\/produit\/500-sos-krafts-taschen-braun-20-x-15-x-40-cm\/","og_site_name":"CSJ Emballages","article_publisher":"https:\/\/www.facebook.com\/csjemballages","article_modified_time":"2026-03-13T01:13:00+00:00","og_image":[{"width":800,"height":800,"url":"https:\/\/www.csj-emballages.com\/wp-content\/uploads\/2024\/03\/KB201640.webp","type":"image\/webp"}],"twitter_card":"summary_large_image","twitter_misc":{"Gesch\u00e4tzte Lesezeit":"2 Minuten"},"schema":{"@context":"https:\/\/schema.org","@graph":[{"@type":"WebPage","@id":"https:\/\/www.csj-emballages.com\/de\/produit\/500-sos-krafts-taschen-braun-20-x-15-x-40-cm\/","url":"https:\/\/www.csj-emballages.com\/de\/produit\/500-sos-krafts-taschen-braun-20-x-15-x-40-cm\/","name":"Papiert\u00fcte Braun 20 x 15 x 40 cm pro 500","isPartOf":{"@id":"https:\/\/www.csj-emballages.com\/de\/#website"},"primaryImageOfPage":{"@id":"https:\/\/www.csj-emballages.com\/de\/produit\/500-sos-krafts-taschen-braun-20-x-15-x-40-cm\/#primaryimage"},"image":{"@id":"https:\/\/www.csj-emballages.com\/de\/produit\/500-sos-krafts-taschen-braun-20-x-15-x-40-cm\/#primaryimage"},"thumbnailUrl":"https:\/\/www.csj-emballages.com\/wp-content\/uploads\/2024\/03\/KB201640.webp","datePublished":"2024-03-01T15:52:03+00:00","dateModified":"2026-03-13T01:13:00+00:00","description":"Entdecken Sie unsere braune Papiert\u00fcte 20 x 15 x 40 cm (Packung zu 500). Sie ist stabil, praktisch und recycelbar und eignet sich perfekt f\u00fcr Gesch\u00e4fte und Feinkostl\u00e4den.","breadcrumb":{"@id":"https:\/\/www.csj-emballages.com\/de\/produit\/500-sos-krafts-taschen-braun-20-x-15-x-40-cm\/#breadcrumb"},"inLanguage":"de","potentialAction":[{"@type":"ReadAction","target":["https:\/\/www.csj-emballages.com\/de\/produit\/500-sos-krafts-taschen-braun-20-x-15-x-40-cm\/"]}]},{"@type":"ImageObject","inLanguage":"de","@id":"https:\/\/www.csj-emballages.com\/de\/produit\/500-sos-krafts-taschen-braun-20-x-15-x-40-cm\/#primaryimage","url":"https:\/\/www.csj-emballages.com\/wp-content\/uploads\/2024\/03\/KB201640.webp","contentUrl":"https:\/\/www.csj-emballages.com\/wp-content\/uploads\/2024\/03\/KB201640.webp","width":800,"height":800,"caption":"sac kraft"},{"@type":"BreadcrumbList","@id":"https:\/\/www.csj-emballages.com\/de\/produit\/500-sos-krafts-taschen-braun-20-x-15-x-40-cm\/#breadcrumb","itemListElement":[{"@type":"ListItem","position":1,"name":"Accueil","item":"https:\/\/www.csj-emballages.com\/de\/universum-lebensmittelverpackungen\/"},{"@type":"ListItem","position":2,"name":"Shop","item":"https:\/\/www.csj-emballages.com\/shop\/"},{"@type":"ListItem","position":3,"name":"Braune Papiert\u00fcte 20 x 15 x 40 cm pro 500"}]},{"@type":"WebSite","@id":"https:\/\/www.csj-emballages.com\/de\/#website","url":"https:\/\/www.csj-emballages.com\/de\/","name":"CSJ Emballages","description":"","publisher":{"@id":"https:\/\/www.csj-emballages.com\/de\/#organization"},"potentialAction":[{"@type":"SearchAction","target":{"@type":"EntryPoint","urlTemplate":"https:\/\/www.csj-emballages.com\/de\/?s={search_term_string}"},"query-input":{"@type":"PropertyValueSpecification","valueRequired":true,"valueName":"search_term_string"}}],"inLanguage":"de"},{"@type":"Organization","@id":"https:\/\/www.csj-emballages.com\/de\/#Organization\/","name":"CSJ Emballages","url":"https:\/\/www.csj-emballages.com\/de\/","logo":{"@type":"ImageObject","inLanguage":"de","@id":"https:\/\/www.csj-emballages.com\/de\/#\/schema\/logo\/image\/","url":"https:\/\/www.csj-emballages.com\/wp-content\/uploads\/2023\/10\/logo_csj.webp","contentUrl":"https:\/\/www.csj-emballages.com\/wp-content\/uploads\/2023\/10\/logo_csj.webp","width":250,"height":95,"caption":"CSJ Emballages"},"image":{"@id":"https:\/\/www.csj-emballages.com\/de\/#\/schema\/logo\/image\/"},"sameAs":["https:\/\/www.facebook.com\/csjemballages"],"address":{"@type":"PostalAddress","streetAddress":"ZI La Lechere","addressLocality":"Patornay","postalCode":"39130","addressCountry":"FR"},"contactPoint":[{"@type":"ContactPoint","contactType":"Service client","telephone":"0384254272","email":"contact@csj-emballages.com"}]}]}},"df_price":65.8,"df_sale_price":"","df_regular_price":65.8,"df_image_link":"https:\/\/www.csj-emballages.com\/wp-content\/uploads\/2024\/03\/KB201640-300x300.webp","tiered_pricing_type":"fixed","tiered_pricing_fixed_rules":[],"tiered_pricing_percentage_rules":[],"tiered_pricing_minimum":1,"tiered_pricing_roles_data":[],"_links":{"self":[{"href":"https:\/\/www.csj-emballages.com\/de\/wp-json\/wp\/v2\/product\/21754","targetHints":{"allow":["GET"]}}],"collection":[{"href":"https:\/\/www.csj-emballages.com\/de\/wp-json\/wp\/v2\/product"}],"about":[{"href":"https:\/\/www.csj-emballages.com\/de\/wp-json\/wp\/v2\/types\/product"}],"wp:featuredmedia":[{"embeddable":true,"href":"https:\/\/www.csj-emballages.com\/de\/wp-json\/wp\/v2\/media\/207175"}],"wp:attachment":[{"href":"https:\/\/www.csj-emballages.com\/de\/wp-json\/wp\/v2\/media?parent=21754"}],"wp:term":[{"taxonomy":"product_brand","embeddable":true,"href":"https:\/\/www.csj-emballages.com\/de\/wp-json\/wp\/v2\/product_brand?post=21754"},{"taxonomy":"product_cat","embeddable":true,"href":"https:\/\/www.csj-emballages.com\/de\/wp-json\/wp\/v2\/product_cat?post=21754"},{"taxonomy":"product_tag","embeddable":true,"href":"https:\/\/www.csj-emballages.com\/de\/wp-json\/wp\/v2\/product_tag?post=21754"}],"curies":[{"name":"wp","href":"https:\/\/api.w.org\/{rel}","templated":true}]}}